{"id":73962,"date":"2020-11-09T11:23:39","date_gmt":"2020-11-09T09:23:39","guid":{"rendered":"https:\/\/wowtea.eu\/be-fr\/?page_id=73962"},"modified":"2021-12-16T11:50:35","modified_gmt":"2021-12-16T09:50:35","slug":"blog","status":"publish","type":"page","link":"https:\/\/wowtea.eu\/be-fr\/blog\/","title":{"rendered":"Blog"},"content":{"rendered":"\t\t<div data-elementor-type=\"wp-page\" data-elementor-id=\"73962\" class=\"elementor elementor-73962\">\n\t\t\t\t\t\t<div class=\"elementor-inner\">\n\t\t\t\t<div class=\"elementor-section-wrap\">\n\t\t\t\t\t\t\t\t\t<section class=\"elementor-section elementor-top-section elementor-element elementor-element-f9f9295 elementor-section-boxed elementor-section-height-default elementor-section-height-default\" data-id=\"f9f9295\" data-element_type=\"section\">\n\t\t\t\t\t\t<div class=\"elementor-container elementor-column-gap-default\">\n\t\t\t\t\t\t\t<div class=\"elementor-row\">\n\t\t\t\t\t\t\t\t\t<\/div>\n\t\t\t\t\t<\/div>\n\t\t<\/section>\n\t\t\t\t<section class=\"elementor-section elementor-top-section elementor-element elementor-element-11ea8d4 elementor-section-height-min-height elementor-section-boxed elementor-section-height-default elementor-section-items-middle\" data-id=\"11ea8d4\" data-element_type=\"section\" data-settings=\"{&quot;background_background&quot;:&quot;classic&quot;}\">\n\t\t\t\t\t\t<div class=\"elementor-container elementor-column-gap-default\">\n\t\t\t\t\t\t\t<div class=\"elementor-row\">\n\t\t\t\t\t\t\t\t\t<\/div>\n\t\t\t\t\t<\/div>\n\t\t<\/section>\n\t\t\t\t<section class=\"elementor-section elementor-top-section elementor-element elementor-element-db3accb elementor-section-boxed elementor-section-height-default elementor-section-height-default\" data-id=\"db3accb\" data-element_type=\"section\">\n\t\t\t\t\t\t<div class=\"elementor-container elementor-column-gap-default\">\n\t\t\t\t\t\t\t<div class=\"elementor-row\">\n\t\t\t\t\t<div class=\"elementor-column elementor-col-50 elementor-top-column elementor-element elementor-element-f13b194 elementor-hidden-tablet elementor-hidden-phone\" data-id=\"f13b194\" data-element_type=\"column\">\n\t\t\t<div class=\"elementor-column-wrap elementor-element-populated\">\n\t\t\t\t\t\t\t<div class=\"elementor-widget-wrap\">\n\t\t\t\t\t\t<div class=\"elementor-element elementor-element-df509f8 elementor-widget elementor-widget-sidebar\" data-id=\"df509f8\" data-element_type=\"widget\" id=\"blog-sidebar\" data-widget_type=\"sidebar.default\">\n\t\t\t\t<div class=\"elementor-widget-container\">\n\t\t\t<aside id=\"categories-2\" class=\"widget widget_categories\"><h1 class=\"widget-title\">Cat\u00e9gories<\/h1>\n\t\t\t<ul>\n\t\t\t\t\t<li class=\"cat-item cat-item-30\"><a href=\"https:\/\/wowtea.eu\/be-fr\/category\/detox\/\">Get cleansed<\/a>\n<\/li>\n\t\t\t<\/ul>\n\n\t\t\t<\/aside><aside id=\"rpwe_widget-2\" class=\"widget rpwe_widget recent-posts-extended\"><style>.rpwe-block ul{\r\nlist-style: none !important;\r\nmargin-left:0 !important;\r\npadding-left: 0 !important;\r\n}\r\n\r\n.rpwe-block li{\r\nborder-bottom: 1px solid #eee;\r\nmargin-bottom: 10px;\r\npadding-bottom: 10px;\r\nlist-style-type: none;\r\ndisplay: inline-block;\r\n}\r\n\r\n.rpwe-block a{\r\ndisplay: inline !important;\r\ntext-decoration: none;\r\n}\r\n\r\n.rpwe-block h3{\r\nbackground: none !important;\r\npadding-right:5px;\r\nfont-weight: 400!important;\r\nfont-size: 12px !important;\r\nline-height: 1.5em;\r\n}\r\n\r\n.rpwe-thumb{\r\nborder: 1px solid #eee !important;\r\nbox-shadow: none !important;\r\nmargin: 2px 10px 2px 0;\r\npadding: 0px !important;\r\nmargin-left: 15px;\r\n}\r\n\r\n.rpwe-summary{\r\nfont-size: 12px;\r\n}\r\n\r\n.rpwe-time{\r\ncolor: #bbb;\r\nfont-size: 11px;\r\n}\r\n\r\n.rpwe-comment{\r\ncolor: #bbb;\r\nfont-size: 11px;\r\npadding-left: 5px;\r\n}\r\n\r\n.rpwe-alignleft{\r\ndisplay: inline;\r\nfloat: left;\r\n}\r\n\r\n.rpwe-alignright{\r\ndisplay: inline;\r\nfloat: right;\r\n}\r\n\r\n.rpwe-aligncenter{\r\ndisplay: block;\r\nmargin-left: auto;\r\nmargin-right: auto;\r\n}\r\n\r\n.rpwe-clearfix:before,\r\n.rpwe-clearfix:after{\r\ncontent: &quot;&quot;;\r\ndisplay: table !important;\r\n}\r\n\r\n.rpwe-clearfix:after{\r\nclear: both;\r\n}\r\n\r\n.rpwe-clearfix{\r\nzoom: 1;\r\n}\r\n.rpwe-ul {\r\ntext-align:right!important;\r\n}\r\n .rpwe-title a{\r\n    color: rgba(0,0,0,.9);\r\n    background: none !important;\r\n    padding-right: 5px;\r\n    font-weight: 400!important;\r\n    font-size: 12px !important;\r\n    line-height: 1.5em;\r\n}\r\n\r\n#rpwe_widget-2 .widget-title {\r\n    float: right!important;\r\n    font-weight: 400!important;\r\n    margin-bottom: 20px!important;\r\n    margin-top: 20px!important;\r\n}\r\n#categories-2 .widget-title{\r\n    \r\n    font-weight: 400!important;\r\n    margin-bottom: 5px!important;\r\n}\r\n#categories-2 {\r\n    float:right;\r\n}\r\n#categories-2 ul{\r\n    float:right;\r\n}<\/style><h1 class=\"widget-title\">Le plus recent<\/h1><div  class=\"rpwe-block\"><ul class=\"rpwe-ul\"><li class=\"rpwe-li rpwe-clearfix\"><a class=\"rpwe-img\" href=\"https:\/\/wowtea.eu\/be-fr\/detox-go-long-ou-go-short\/\" target=\"_self\"><img class=\"rpwe-alignright rpwe-thumb\" src=\"https:\/\/wowtea.eu\/be-fr\/files\/2021\/12\/articles-banners-blog-Deto-Go-Long-Or-Go-Short-fr-1-60x60.png\" alt=\"Detox &#8211; Go Long ou Go Short ?\" height=\"60\" width=\"60\" loading=\"lazy\" decoding=\"async\"><\/a><h3 class=\"rpwe-title\"><a href=\"https:\/\/wowtea.eu\/be-fr\/detox-go-long-ou-go-short\/\" target=\"_self\">Detox &#8211; Go Long ou Go Short ?<\/a><\/h3><\/li><li class=\"rpwe-li rpwe-clearfix\"><a class=\"rpwe-img\" href=\"https:\/\/wowtea.eu\/be-fr\/la-menthe-la-deesse-des-herbes\/\" target=\"_self\"><img class=\"rpwe-alignright rpwe-thumb\" src=\"https:\/\/wowtea.eu\/be-fr\/files\/2021\/11\/articles-banners-blog-MINT-2021-FR-60x60.jpg\" alt=\"La Menthe &#8211; La d\u00e9esse des herbes\" height=\"60\" width=\"60\" loading=\"lazy\" decoding=\"async\"><\/a><h3 class=\"rpwe-title\"><a href=\"https:\/\/wowtea.eu\/be-fr\/la-menthe-la-deesse-des-herbes\/\" target=\"_self\">La Menthe &#8211; La d\u00e9esse des herbes<\/a><\/h3><\/li><\/ul><\/div><!-- Generated by http:\/\/wordpress.org\/plugins\/recent-posts-widget-extended\/ --><\/aside>\t\t<\/div>\n\t\t\t\t<\/div>\n\t\t\t\t\t\t<\/div>\n\t\t\t\t\t<\/div>\n\t\t<\/div>\n\t\t\t\t<div class=\"elementor-column elementor-col-50 elementor-top-column elementor-element elementor-element-e8682d8\" data-id=\"e8682d8\" data-element_type=\"column\">\n\t\t\t<div class=\"elementor-column-wrap elementor-element-populated\">\n\t\t\t\t\t\t\t<div class=\"elementor-widget-wrap\">\n\t\t\t\t\t\t<div class=\"elementor-element elementor-element-3c33581 elementor-grid-1 elementor-posts--align-center elementor-posts__hover-none elementor-grid-tablet-2 elementor-grid-mobile-1 elementor-posts--thumbnail-top elementor-widget elementor-widget-posts\" data-id=\"3c33581\" data-element_type=\"widget\" data-settings=\"{&quot;cards_columns&quot;:&quot;1&quot;,&quot;cards_row_gap&quot;:{&quot;unit&quot;:&quot;px&quot;,&quot;size&quot;:0,&quot;sizes&quot;:[]},&quot;cards_columns_tablet&quot;:&quot;2&quot;,&quot;cards_columns_mobile&quot;:&quot;1&quot;,&quot;cards_row_gap_tablet&quot;:{&quot;unit&quot;:&quot;px&quot;,&quot;size&quot;:&quot;&quot;,&quot;sizes&quot;:[]},&quot;cards_row_gap_mobile&quot;:{&quot;unit&quot;:&quot;px&quot;,&quot;size&quot;:&quot;&quot;,&quot;sizes&quot;:[]}}\" data-widget_type=\"posts.cards\">\n\t\t\t\t<div class=\"elementor-widget-container\">\n\t\t\t\t\t<div class=\"elementor-posts-container elementor-posts elementor-posts--skin-cards elementor-grid\">\n\t\t\t\t<article class=\"elementor-post elementor-grid-item post-80714 post type-post status-publish format-standard has-post-thumbnail hentry category-detox\">\n\t\t\t<div class=\"elementor-post__card\">\n\t\t\t\t<a class=\"elementor-post__thumbnail__link\" href=\"https:\/\/wowtea.eu\/be-fr\/detox-go-long-ou-go-short\/\" ><div class=\"elementor-post__thumbnail\"><img width=\"1110\" height=\"623\" src=\"https:\/\/wowtea.eu\/be-fr\/files\/2021\/12\/articles-banners-blog-Deto-Go-Long-Or-Go-Short-fr-1.png\" class=\"attachment-1536x1536 size-1536x1536 wp-image-81003\" alt=\"\" loading=\"lazy\" srcset=\"https:\/\/wowtea.eu\/be-fr\/files\/2021\/12\/articles-banners-blog-Deto-Go-Long-Or-Go-Short-fr-1.png 1110w, https:\/\/wowtea.eu\/be-fr\/files\/2021\/12\/articles-banners-blog-Deto-Go-Long-Or-Go-Short-fr-1-300x168.png 300w, https:\/\/wowtea.eu\/be-fr\/files\/2021\/12\/articles-banners-blog-Deto-Go-Long-Or-Go-Short-fr-1-1024x575.png 1024w, https:\/\/wowtea.eu\/be-fr\/files\/2021\/12\/articles-banners-blog-Deto-Go-Long-Or-Go-Short-fr-1-768x431.png 768w, https:\/\/wowtea.eu\/be-fr\/files\/2021\/12\/articles-banners-blog-Deto-Go-Long-Or-Go-Short-fr-1-100x56.png 100w, https:\/\/wowtea.eu\/be-fr\/files\/2021\/12\/articles-banners-blog-Deto-Go-Long-Or-Go-Short-fr-1-600x337.png 600w\" sizes=\"(max-width: 1110px) 100vw, 1110px\" \/><\/div><\/a>\n\t\t\t\t<div class=\"elementor-post__badge\">Get cleansed<\/div>\n\t\t\t\t<div class=\"elementor-post__text\">\n\t\t\t\t<h3 class=\"elementor-post__title\">\n\t\t\t<a href=\"https:\/\/wowtea.eu\/be-fr\/detox-go-long-ou-go-short\/\" >\n\t\t\t\tDetox &#8211; Go Long ou Go Short ?\t\t\t<\/a>\n\t\t<\/h3>\n\t\t\t\t<div class=\"elementor-post__excerpt\">\n\t\t\t<p>De l\u2019alcalinisation et du rajeunissement au niveau cellulaire au m\u00e9tabolisme rapide et \u00e0 la transformation totale &#8211; la d\u00e9sintoxication peut faire des merveilles pour notre<\/p>\n\t\t<\/div>\n\t\t\n\t\t<a class=\"elementor-post__read-more\" href=\"https:\/\/wowtea.eu\/be-fr\/detox-go-long-ou-go-short\/\" aria-label=\"En savoir plus sur Detox &#8211; Go Long ou Go Short ?\" >\n\t\t\t<p class=\"readmorebutton\">Plus d'informations \u00bb<\/p>\t\t<\/a>\n\n\t\t\t\t<\/div>\n\t\t\t\t\t<\/div>\n\t\t<\/article>\n\t\t\t\t<article class=\"elementor-post elementor-grid-item post-80254 post type-post status-publish format-standard has-post-thumbnail hentry category-detox\">\n\t\t\t<div class=\"elementor-post__card\">\n\t\t\t\t<a class=\"elementor-post__thumbnail__link\" href=\"https:\/\/wowtea.eu\/be-fr\/la-menthe-la-deesse-des-herbes\/\" ><div class=\"elementor-post__thumbnail\"><img width=\"1110\" height=\"623\" src=\"https:\/\/wowtea.eu\/be-fr\/files\/2021\/11\/articles-banners-blog-MINT-2021-FR.jpg\" class=\"attachment-1536x1536 size-1536x1536 wp-image-80256\" alt=\"\" loading=\"lazy\" srcset=\"https:\/\/wowtea.eu\/be-fr\/files\/2021\/11\/articles-banners-blog-MINT-2021-FR.jpg 1110w, https:\/\/wowtea.eu\/be-fr\/files\/2021\/11\/articles-banners-blog-MINT-2021-FR-300x168.jpg 300w, https:\/\/wowtea.eu\/be-fr\/files\/2021\/11\/articles-banners-blog-MINT-2021-FR-1024x575.jpg 1024w, https:\/\/wowtea.eu\/be-fr\/files\/2021\/11\/articles-banners-blog-MINT-2021-FR-768x431.jpg 768w, https:\/\/wowtea.eu\/be-fr\/files\/2021\/11\/articles-banners-blog-MINT-2021-FR-100x56.jpg 100w, https:\/\/wowtea.eu\/be-fr\/files\/2021\/11\/articles-banners-blog-MINT-2021-FR-600x337.jpg 600w\" sizes=\"(max-width: 1110px) 100vw, 1110px\" \/><\/div><\/a>\n\t\t\t\t<div class=\"elementor-post__badge\">Get cleansed<\/div>\n\t\t\t\t<div class=\"elementor-post__text\">\n\t\t\t\t<h3 class=\"elementor-post__title\">\n\t\t\t<a href=\"https:\/\/wowtea.eu\/be-fr\/la-menthe-la-deesse-des-herbes\/\" >\n\t\t\t\tLa Menthe &#8211; La d\u00e9esse des herbes\t\t\t<\/a>\n\t\t<\/h3>\n\t\t\t\t<div class=\"elementor-post__excerpt\">\n\t\t\t<p>Utilis\u00e9e depuis des milliers d\u2019ann\u00e9es pour la beaut\u00e9, la sant\u00e9 et la silhouette mince. Connue depuis l\u2019Antiquit\u00e9 pour son pouvoir de renforcer la sant\u00e9, d\u2019embellir<\/p>\n\t\t<\/div>\n\t\t\n\t\t<a class=\"elementor-post__read-more\" href=\"https:\/\/wowtea.eu\/be-fr\/la-menthe-la-deesse-des-herbes\/\" aria-label=\"En savoir plus sur La Menthe &#8211; La d\u00e9esse des herbes\" >\n\t\t\t<p class=\"readmorebutton\">Plus d'informations \u00bb<\/p>\t\t<\/a>\n\n\t\t\t\t<\/div>\n\t\t\t\t\t<\/div>\n\t\t<\/article>\n\t\t\t\t<\/div>\n\t\t\n\t\t\t\t<\/div>\n\t\t\t\t<\/div>\n\t\t\t\t\t\t<\/div>\n\t\t\t\t\t<\/div>\n\t\t<\/div>\n\t\t\t\t\t\t\t\t<\/div>\n\t\t\t\t\t<\/div>\n\t\t<\/section>\n\t\t\t\t<section class=\"elementor-section elementor-top-section elementor-element elementor-element-b456e40 elementor-section-boxed elementor-section-height-default elementor-section-height-default\" data-id=\"b456e40\" data-element_type=\"section\">\n\t\t\t\t\t\t<div class=\"elementor-container elementor-column-gap-default\">\n\t\t\t\t\t\t\t<div class=\"elementor-row\">\n\t\t\t\t\t<div class=\"elementor-column elementor-col-100 elementor-top-column elementor-element elementor-element-a64cc93\" data-id=\"a64cc93\" data-element_type=\"column\">\n\t\t\t<div class=\"elementor-column-wrap\">\n\t\t\t\t\t\t\t<div class=\"elementor-widget-wrap\">\n\t\t\t\t\t\t\t\t<\/div>\n\t\t\t\t\t<\/div>\n\t\t<\/div>\n\t\t\t\t\t\t\t\t<\/div>\n\t\t\t\t\t<\/div>\n\t\t<\/section>\n\t\t\t\t<section class=\"elementor-section elementor-top-section elementor-element elementor-element-2cadf67 elementor-section-boxed elementor-section-height-default elementor-section-height-default\" data-id=\"2cadf67\" data-element_type=\"section\">\n\t\t\t\t\t\t<div class=\"elementor-container elementor-column-gap-default\">\n\t\t\t\t\t\t\t<div class=\"elementor-row\">\n\t\t\t\t\t<div class=\"elementor-column elementor-col-100 elementor-top-column elementor-element elementor-element-c502f29\" data-id=\"c502f29\" data-element_type=\"column\">\n\t\t\t<div class=\"elementor-column-wrap\">\n\t\t\t\t\t\t\t<div class=\"elementor-widget-wrap\">\n\t\t\t\t\t\t\t\t<\/div>\n\t\t\t\t\t<\/div>\n\t\t<\/div>\n\t\t\t\t\t\t\t\t<\/div>\n\t\t\t\t\t<\/div>\n\t\t<\/section>\n\t\t\t\t\t\t\t\t\t<\/div>\n\t\t\t<\/div>\n\t\t\t\t\t<\/div>\n\t\t","protected":false},"excerpt":{"rendered":"","protected":false},"author":24,"featured_media":0,"parent":0,"menu_order":0,"comment_status":"closed","ping_status":"closed","template":"","meta":{"inline_featured_image":false},"acf":[],"_links":{"self":[{"href":"https:\/\/wowtea.eu\/be-fr\/wp-json\/wp\/v2\/pages\/73962"}],"collection":[{"href":"https:\/\/wowtea.eu\/be-fr\/wp-json\/wp\/v2\/pages"}],"about":[{"href":"https:\/\/wowtea.eu\/be-fr\/wp-json\/wp\/v2\/types\/page"}],"author":[{"embeddable":true,"href":"https:\/\/wowtea.eu\/be-fr\/wp-json\/wp\/v2\/users\/24"}],"replies":[{"embeddable":true,"href":"https:\/\/wowtea.eu\/be-fr\/wp-json\/wp\/v2\/comments?post=73962"}],"version-history":[{"count":19,"href":"https:\/\/wowtea.eu\/be-fr\/wp-json\/wp\/v2\/pages\/73962\/revisions"}],"predecessor-version":[{"id":80640,"href":"https:\/\/wowtea.eu\/be-fr\/wp-json\/wp\/v2\/pages\/73962\/revisions\/80640"}],"wp:attachment":[{"href":"https:\/\/wowtea.eu\/be-fr\/wp-json\/wp\/v2\/media?parent=73962"}],"curies":[{"name":"wp","href":"https:\/\/api.w.org\/{rel}","templated":true}]}}