{"id":76635,"date":"2021-05-17T12:52:03","date_gmt":"2021-05-17T09:52:03","guid":{"rendered":"https:\/\/wowtea.eu\/be-fr\/?post_type=product&#038;p=76635"},"modified":"2023-11-30T09:59:05","modified_gmt":"2023-11-30T08:59:05","slug":"booty-goals-band-combo-copy","status":"publish","type":"product","link":"https:\/\/wowtea.eu\/be-fr\/product\/booty-goals-band-combo-copy\/","title":{"rendered":"BOOTY GOALS BAND COMBO"},"content":{"rendered":"\t\t<div data-elementor-type=\"product-post\" data-elementor-id=\"76635\" class=\"elementor elementor-76635\">\n\t\t\t\t\t\t<div class=\"elementor-inner\">\n\t\t\t\t<div class=\"elementor-section-wrap\">\n\t\t\t\t\t\t\t\t\t<section class=\"elementor-section elementor-top-section elementor-element elementor-element-09732ff elementor-section-full_width elementor-section-height-default elementor-section-height-default\" data-id=\"09732ff\" data-element_type=\"section\">\n\t\t\t\t\t\t<div class=\"elementor-container elementor-column-gap-no\">\n\t\t\t\t\t\t\t<div class=\"elementor-row\">\n\t\t\t\t\t<div class=\"elementor-column elementor-col-50 elementor-top-column elementor-element elementor-element-619dd47\" data-id=\"619dd47\" data-element_type=\"column\" data-settings=\"{&quot;background_background&quot;:&quot;classic&quot;}\">\n\t\t\t<div class=\"elementor-column-wrap\">\n\t\t\t\t\t\t\t<div class=\"elementor-widget-wrap\">\n\t\t\t\t\t\t\t\t<\/div>\n\t\t\t\t\t<\/div>\n\t\t<\/div>\n\t\t\t\t<div class=\"elementor-column elementor-col-50 elementor-top-column elementor-element elementor-element-5ad5066\" data-id=\"5ad5066\" data-element_type=\"column\" data-settings=\"{&quot;background_background&quot;:&quot;classic&quot;}\">\n\t\t\t<div class=\"elementor-column-wrap elementor-element-populated\">\n\t\t\t\t\t\t\t<div class=\"elementor-widget-wrap\">\n\t\t\t\t\t\t<div class=\"elementor-element elementor-element-6382c4b elementor-widget elementor-widget-heading\" data-id=\"6382c4b\" data-element_type=\"widget\" data-widget_type=\"heading.default\">\n\t\t\t\t<div class=\"elementor-widget-container\">\n\t\t\t<h2 class=\"elementor-heading-title elementor-size-default\">15 minutes par jour pour les r\u00e9sultats WOW. \n<\/h2>\t\t<\/div>\n\t\t\t\t<\/div>\n\t\t\t\t<div class=\"elementor-element elementor-element-d0b19dd elementor-widget elementor-widget-text-editor\" data-id=\"d0b19dd\" data-element_type=\"widget\" data-widget_type=\"text-editor.default\">\n\t\t\t\t<div class=\"elementor-widget-container\">\n\t\t\t\t\t\t\t\t<div class=\"elementor-text-editor elementor-clearfix\">\n\t\t\t\t<p>Seulement quelques minutes par jour l\u2019exercice avec votre booty goals bande peut avoir un effet incroyable sur vos fesses et cuisses ! Pour vous aider \u00e0 sculpter votre butin br\u00e9silien encore plus rapidement, nous vous enverrons un plan d\u2019entra\u00eenement gratuit de 21 jours avec les exercices ultimes que vous pouvez faire \u00e0 la maison &#8211; ou o\u00f9 vous voulez!<\/p><p>Les mat\u00e9riaux de haute qualit\u00e9 offrent un confort parfait pendant l\u2019exercice. Vous pouvez m\u00eame utiliser le Booty Goals Band avec des shorts &#8211; il ne glisse pas, pincer votre peau ou casser!<\/p>\t\t\t\t\t<\/div>\n\t\t\t\t\t\t<\/div>\n\t\t\t\t<\/div>\n\t\t\t\t\t\t<\/div>\n\t\t\t\t\t<\/div>\n\t\t<\/div>\n\t\t\t\t\t\t\t\t<\/div>\n\t\t\t\t\t<\/div>\n\t\t<\/section>\n\t\t\t\t<section class=\"elementor-section elementor-top-section elementor-element elementor-element-6fad33e elementor-section-full_width elementor-section-stretched elementor-section-height-default elementor-section-height-default\" data-id=\"6fad33e\" data-element_type=\"section\" data-settings=\"{&quot;stretch_section&quot;:&quot;section-stretched&quot;}\">\n\t\t\t\t\t\t<div class=\"elementor-container elementor-column-gap-no\">\n\t\t\t\t\t\t\t<div class=\"elementor-row\">\n\t\t\t\t\t<div class=\"elementor-column elementor-col-50 elementor-top-column elementor-element elementor-element-dc9ff93\" data-id=\"dc9ff93\" data-element_type=\"column\" data-settings=\"{&quot;background_background&quot;:&quot;classic&quot;}\">\n\t\t\t<div class=\"elementor-column-wrap elementor-element-populated\">\n\t\t\t\t\t\t\t<div class=\"elementor-widget-wrap\">\n\t\t\t\t\t\t<div class=\"elementor-element elementor-element-5d24c1d elementor-widget elementor-widget-heading\" data-id=\"5d24c1d\" data-element_type=\"widget\" data-widget_type=\"heading.default\">\n\t\t\t\t<div class=\"elementor-widget-container\">\n\t\t\t<h2 class=\"elementor-heading-title elementor-size-default\">Booty Goals Band est exactement ce dont vous (et vos fesses) ont besoin!\n<\/h2>\t\t<\/div>\n\t\t\t\t<\/div>\n\t\t\t\t<div class=\"elementor-element elementor-element-204cad4 elementor-widget elementor-widget-prod_info\" data-id=\"204cad4\" data-element_type=\"widget\" data-widget_type=\"prod_info.default\">\n\t\t\t\t<div class=\"elementor-widget-container\">\n\t\t\t\n               <ul class=\"info_list\">\n                           <li>\n                  <strong>Comfort maximum :<\/strong>\n                  <small>Mat\u00e9riaux haut de gamme qui permettent un exercice lisse et confortable<\/small>\n               <\/li>\n                           <li>\n                  <strong>Superbe qualit\u00e9:<\/strong>\n                  <small>Contrairement aux \u00e9lastiques, Booty Goals Band est tr\u00e8s durable et ne se casse pas pendant l\u2019utilisation<\/small>\n               <\/li>\n                           <li>\n                  <strong>Facile \u00e0 utiliser :<\/strong>\n                  <small>Utilisez-le \u00e0 la maison ou tout simplement l\u2019emmener avec vous et faire de l\u2019exercice n\u2019importe quand et n\u2019importe o\u00f9<\/small>\n               <\/li>\n                           <li>\n                  <strong>R\u00e9sultats visibles:<\/strong>\n                  <small>Vous pouvez observer l\u2019effet \u00e9tonnant sur vos fesses, cuisses et taille - pour seulement quelques minutes par jour<\/small>\n               <\/li>\n                     <\/ul>\n      \n\n   \t\t<\/div>\n\t\t\t\t<\/div>\n\t\t\t\t\t\t<\/div>\n\t\t\t\t\t<\/div>\n\t\t<\/div>\n\t\t\t\t<div class=\"elementor-column elementor-col-50 elementor-top-column elementor-element elementor-element-21a688b\" data-id=\"21a688b\" data-element_type=\"column\">\n\t\t\t<div class=\"elementor-column-wrap elementor-element-populated\">\n\t\t\t\t\t\t\t<div class=\"elementor-widget-wrap\">\n\t\t\t\t\t\t<div class=\"elementor-element elementor-element-1747fa2 elementor-widget elementor-widget-image\" data-id=\"1747fa2\" data-element_type=\"widget\" data-widget_type=\"image.default\">\n\t\t\t\t<div class=\"elementor-widget-container\">\n\t\t\t\t\t\t\t\t<div class=\"elementor-image\">\n\t\t\t\t\t\t\t\t\t\t\t\t<img src=\"https:\/\/wowtea.eu\/at\/files\/2021\/04\/BANDS_Features_web-combo.jpg\" title=\"\" alt=\"\" loading=\"lazy\" \/>\t\t\t\t\t\t\t\t\t\t\t\t\t\t<\/div>\n\t\t\t\t\t\t<\/div>\n\t\t\t\t<\/div>\n\t\t\t\t\t\t<\/div>\n\t\t\t\t\t<\/div>\n\t\t<\/div>\n\t\t\t\t\t\t\t\t<\/div>\n\t\t\t\t\t<\/div>\n\t\t<\/section>\n\t\t\t\t<section class=\"elementor-section elementor-top-section elementor-element elementor-element-bec1174 elementor-section-full_width elementor-section-stretched elementor-reverse-mobile elementor-section-height-default elementor-section-height-default\" data-id=\"bec1174\" data-element_type=\"section\" data-settings=\"{&quot;stretch_section&quot;:&quot;section-stretched&quot;}\">\n\t\t\t\t\t\t<div class=\"elementor-container elementor-column-gap-no\">\n\t\t\t\t\t\t\t<div class=\"elementor-row\">\n\t\t\t\t\t<div class=\"elementor-column elementor-col-50 elementor-top-column elementor-element elementor-element-610d2d8\" data-id=\"610d2d8\" data-element_type=\"column\">\n\t\t\t<div class=\"elementor-column-wrap elementor-element-populated\">\n\t\t\t\t\t\t\t<div class=\"elementor-widget-wrap\">\n\t\t\t\t\t\t<div class=\"elementor-element elementor-element-7c62514 elementor-hidden-desktop elementor-widget elementor-widget-image\" data-id=\"7c62514\" data-element_type=\"widget\" data-widget_type=\"image.default\">\n\t\t\t\t<div class=\"elementor-widget-container\">\n\t\t\t\t\t\t\t\t<div class=\"elementor-image\">\n\t\t\t\t\t\t\t\t\t\t\t\t<img width=\"460\" height=\"600\" src=\"https:\/\/wowtea.eu\/be-fr\/files\/2021\/05\/BANDS_21-plan-banner-mobile-1.jpg\" class=\"attachment-large size-large wp-image-76692\" alt=\"\" loading=\"lazy\" srcset=\"https:\/\/wowtea.eu\/be-fr\/files\/2021\/05\/BANDS_21-plan-banner-mobile-1.jpg 460w, https:\/\/wowtea.eu\/be-fr\/files\/2021\/05\/BANDS_21-plan-banner-mobile-1-230x300.jpg 230w\" sizes=\"(max-width: 460px) 100vw, 460px\" \/>\t\t\t\t\t\t\t\t\t\t\t\t\t\t<\/div>\n\t\t\t\t\t\t<\/div>\n\t\t\t\t<\/div>\n\t\t\t\t<div class=\"elementor-element elementor-element-fc9f63c elementor-hidden-tablet elementor-hidden-phone elementor-widget elementor-widget-image\" data-id=\"fc9f63c\" data-element_type=\"widget\" data-widget_type=\"image.default\">\n\t\t\t\t<div class=\"elementor-widget-container\">\n\t\t\t\t\t\t\t\t<div class=\"elementor-image\">\n\t\t\t\t\t\t\t\t\t\t\t\t<img width=\"980\" height=\"768\" src=\"https:\/\/wowtea.eu\/be-fr\/files\/2021\/05\/BANDS_21-plan-banner-desktop-1.jpg\" class=\"attachment-large size-large wp-image-76691\" alt=\"\" loading=\"lazy\" srcset=\"https:\/\/wowtea.eu\/be-fr\/files\/2021\/05\/BANDS_21-plan-banner-desktop-1.jpg 980w, https:\/\/wowtea.eu\/be-fr\/files\/2021\/05\/BANDS_21-plan-banner-desktop-1-300x235.jpg 300w, https:\/\/wowtea.eu\/be-fr\/files\/2021\/05\/BANDS_21-plan-banner-desktop-1-768x602.jpg 768w, https:\/\/wowtea.eu\/be-fr\/files\/2021\/05\/BANDS_21-plan-banner-desktop-1-600x470.jpg 600w\" sizes=\"(max-width: 980px) 100vw, 980px\" \/>\t\t\t\t\t\t\t\t\t\t\t\t\t\t<\/div>\n\t\t\t\t\t\t<\/div>\n\t\t\t\t<\/div>\n\t\t\t\t\t\t<\/div>\n\t\t\t\t\t<\/div>\n\t\t<\/div>\n\t\t\t\t<div class=\"elementor-column elementor-col-50 elementor-top-column elementor-element elementor-element-90a4ba2\" data-id=\"90a4ba2\" data-element_type=\"column\" data-settings=\"{&quot;background_background&quot;:&quot;classic&quot;}\">\n\t\t\t<div class=\"elementor-column-wrap elementor-element-populated\">\n\t\t\t\t\t\t\t<div class=\"elementor-widget-wrap\">\n\t\t\t\t\t\t<div class=\"elementor-element elementor-element-d56ad77 elementor-widget elementor-widget-heading\" data-id=\"d56ad77\" data-element_type=\"widget\" data-widget_type=\"heading.default\">\n\t\t\t\t<div class=\"elementor-widget-container\">\n\t\t\t<h2 class=\"elementor-heading-title elementor-size-default\">Plan d\u2019entra\u00eenement gratuit de 21 jours pour un butin juteux - Programme d\u2019exercice \u00e0 faire \u00e0 la maison<\/h2>\t\t<\/div>\n\t\t\t\t<\/div>\n\t\t\t\t<div class=\"elementor-element elementor-element-d99f853 elementor-widget elementor-widget-text-editor\" data-id=\"d99f853\" data-element_type=\"widget\" data-widget_type=\"text-editor.default\">\n\t\t\t\t<div class=\"elementor-widget-container\">\n\t\t\t\t\t\t\t\t<div class=\"elementor-text-editor elementor-clearfix\">\n\t\t\t\t<h4>E-BOOK<\/h4><p>Le plan d\u2019entra\u00eenement de 21 jours pour un butin juteux est un programme d\u2019exercice num\u00e9rique \u00e0 faire \u00e0 la maison (ou n\u2019importe o\u00f9 vous le souhaitez!) en utilisant le Booty Goals Band. Ce programme d\u2019exercice est sp\u00e9cialement con\u00e7u pour vous aider \u00e0 sculpter des fesses s\u00e9duisants, tonifier vos cuisses et fa\u00e7onner une belle taille &#8211; et tout cela ne prend que 15 minutes par jour pour des r\u00e9sultats visibles et \u00e9tonnants.<\/p>\t\t\t\t\t<\/div>\n\t\t\t\t\t\t<\/div>\n\t\t\t\t<\/div>\n\t\t\t\t\t\t<\/div>\n\t\t\t\t\t<\/div>\n\t\t<\/div>\n\t\t\t\t\t\t\t\t<\/div>\n\t\t\t\t\t<\/div>\n\t\t<\/section>\n\t\t\t\t<section class=\"elementor-section elementor-top-section elementor-element elementor-element-4f99a8d elementor-section-boxed elementor-section-height-default elementor-section-height-default\" data-id=\"4f99a8d\" data-element_type=\"section\">\n\t\t\t\t\t\t<div class=\"elementor-container elementor-column-gap-default\">\n\t\t\t\t\t\t\t<div class=\"elementor-row\">\n\t\t\t\t\t<div class=\"elementor-column elementor-col-100 elementor-top-column elementor-element elementor-element-4909521\" data-id=\"4909521\" data-element_type=\"column\">\n\t\t\t<div class=\"elementor-column-wrap elementor-element-populated\">\n\t\t\t\t\t\t\t<div class=\"elementor-widget-wrap\">\n\t\t\t\t\t\t<div class=\"elementor-element elementor-element-4bafac9 elementor-widget elementor-widget-custom_title\" data-id=\"4bafac9\" data-element_type=\"widget\" data-widget_type=\"custom_title.default\">\n\t\t\t\t<div class=\"elementor-widget-container\">\n\t\t\t      <!-- border_title center_border -->\n      \n               <div class=\"custom_title\"  >\n            <h2 class=\"title  \"><span>Lorsque vous commandez votre booty goals band set, vous obtenez GRATUITEMENT: \n<\/span> <\/h2>\n         <\/div>\n      \n\n   \t\t<\/div>\n\t\t\t\t<\/div>\n\t\t\t\t<div class=\"elementor-element elementor-element-c862f39 elementor-widget elementor-widget-image\" data-id=\"c862f39\" data-element_type=\"widget\" data-widget_type=\"image.default\">\n\t\t\t\t<div class=\"elementor-widget-container\">\n\t\t\t\t\t\t\t\t<div class=\"elementor-image\">\n\t\t\t\t\t\t\t\t\t\t\t\t<img src=\"https:\/\/wowtea.eu\/cz\/files\/2021\/01\/products_combo-2.jpg\" title=\"\" alt=\"\" loading=\"lazy\" \/>\t\t\t\t\t\t\t\t\t\t\t\t\t\t<\/div>\n\t\t\t\t\t\t<\/div>\n\t\t\t\t<\/div>\n\t\t\t\t<div class=\"elementor-element elementor-element-158e6f2 elementor-widget elementor-widget-text-editor\" data-id=\"158e6f2\" data-element_type=\"widget\" data-widget_type=\"text-editor.default\">\n\t\t\t\t<div class=\"elementor-widget-container\">\n\t\t\t\t\t\t\t\t<div class=\"elementor-text-editor elementor-clearfix\">\n\t\t\t\t<p><img loading=\"lazy\" class=\"alignnone size-full wp-image-7074\" src=\"https:\/\/bodygoalsclub.com\/wp-content\/uploads\/tik-che_20x20.png\" alt=\"\" width=\"20\" height=\"21\" \/> \u00c9tui chic pour vos bandes &#8211; utiliser dans le confort de votre maison ou apporter vos bandes n\u2019importe o\u00f9 avec vous et ne manquez pas une s\u00e9ance d\u2019entra\u00eenement!<\/p><p><img loading=\"lazy\" class=\"alignnone size-full wp-image-7074\" src=\"https:\/\/bodygoalsclub.com\/wp-content\/uploads\/tik-che_20x20.png\" alt=\"\" width=\"20\" height=\"21\" \/> Plan d\u2019entra\u00eenement gratuit de 21 jours pour un butin juteux &#8211; Programme d\u2019exercice \u00e0 faire \u00e0 la maison<\/p>\t\t\t\t\t<\/div>\n\t\t\t\t\t\t<\/div>\n\t\t\t\t<\/div>\n\t\t\t\t\t\t<\/div>\n\t\t\t\t\t<\/div>\n\t\t<\/div>\n\t\t\t\t\t\t\t\t<\/div>\n\t\t\t\t\t<\/div>\n\t\t<\/section>\n\t\t\t\t\t\t\t\t\t<\/div>\n\t\t\t<\/div>\n\t\t\t\t\t<\/div>\n\t\t","protected":false},"excerpt":{"rendered":"<h4 class=\"vc_custom_heading text-u vc_custom_1575298970833 text-u urus_vc_custom_5f7aec27ce380 vc_custom_1575298970833\" style=\"text-align: center;\">Booty Goals Band Combo<\/h4>\n<div class=\"vc_row wpb_row vc_inner vc_row-fluid\" style=\"text-align: center;\">\n<div class=\"wpb_column vc_column_container vc_col-sm-12\">\n<div class=\"vc_column-inner\">\n<div class=\"wpb_wrapper\">\n<div class=\"wpb_text_column wpb_content_element urus_vc_custom_5f7aec27ce3f9 \">\n<div class=\"wpb_wrapper\">\n<p><span class=\"face\">\u2661\u00a0<\/span><strong style=\"color: #b485b2;\">Booty Goals Band Lvl 1<\/strong><br \/>\n<span class=\"face\">\u2661\u00a0<\/span><strong style=\"color: #b485b2;\">Booty Goals Band Lvl 2<\/strong><\/p>\n<h4>Booty Goals Band est exactement ce dont vous (et vos fesses) ont besoin!<\/h4>\n<p><span class=\"face\">\u2661\u00a0<\/span><strong style=\"color: #4c4c4c;\">Sculpter des fesses \u00e0 la br\u00e9silienne<\/strong><br \/>\n<span class=\"face\">\u2661\u00a0<\/span><strong style=\"color: #4c4c4c;\">Formez vos cuisses magnifiquement<\/strong><br \/>\n<span class=\"face\">\u2661\u00a0<\/span><strong style=\"color: #4c4c4c;\">Obtenez des belles jambes et une silhouette sinueuse<\/strong><\/p>\n<\/div>\n<\/div>\n<\/div>\n<\/div>\n<\/div>\n<\/div>\n<h1 class=\"vc_custom_heading urus_vc_custom_5f7aec27ce471\" style=\"text-align: center; color: #c6558c; font-size: 22px;\">+ E-BOOK Plan d\u2019entra\u00eenement gratuit de 21 jours pour un butin juteux &#8211; Programme d\u2019exercice \u00e0 faire \u00e0 la maison<\/h1>\n<div class=\"vc_row wpb_row vc_inner vc_row-fluid\">\n<div class=\"wpb_column vc_column_container vc_col-sm-12\">\n<div class=\"vc_column-inner\">\n<div class=\"wpb_wrapper\">\n<div class=\"wpb_text_column wpb_content_element urus_vc_custom_5f7aec27ce4ad \">\n<div class=\"wpb_wrapper\">\n<p style=\"text-align: center;\"><span class=\"face\">*<\/span>Ce plan d\u2019entra\u00eenement sera envoy\u00e9 sous forme de fichier pdf \u00e0 votre e-mail apr\u00e8s avoir command\u00e9 votre set booty goals band!<\/p>\n<\/div>\n<\/div>\n<\/div>\n<\/div>\n<\/div>\n<\/div>\n","protected":false},"featured_media":84834,"comment_status":"open","ping_status":"closed","template":"","meta":{"inline_featured_image":false},"product_cat":[141],"product_tag":[],"acf":[],"variations_data":{"83712":{"id":83712,"name":"Booty Goals Band Combo","slug":"booty-goals-band-combo-3","date_created":{"date":"2022-11-08 15:24:26.000000","timezone_type":3,"timezone":"Europe\/Brussels"},"date_modified":{"date":"2023-11-30 09:59:05.000000","timezone_type":3,"timezone":"Europe\/Brussels"},"status":"publish","featured":false,"catalog_visibility":"visible","description":"","short_description":"","sku":"WOW-S-BL1BL2","price":"26.9","regular_price":"26.9","sale_price":"","date_on_sale_from":null,"date_on_sale_to":null,"total_sales":"0","tax_status":"taxable","tax_class":"parent","manage_stock":false,"stock_quantity":null,"stock_status":"instock","backorders":"no","low_stock_amount":"","sold_individually":false,"weight":"","length":"","width":"","height":"","upsell_ids":[],"cross_sell_ids":[],"parent_id":76635,"reviews_allowed":false,"purchase_note":"","attributes":{"pa_bands-upsells":"booty-goals-band-combo"},"default_attributes":[],"menu_order":1,"post_password":"","virtual":false,"downloadable":false,"category_ids":[],"tag_ids":[],"shipping_class_id":0,"downloads":[],"image_id":84834,"gallery_image_ids":[],"download_limit":-1,"download_expiry":-1,"rating_counts":[],"average_rating":0,"review_count":0,"attribute_summary":"bands-upsells: Booty Goals Band Combo","meta_data":[{"id":264520,"key":"_gtin","value":""},{"id":264521,"key":"_variable_text_field_1","value":""},{"id":264522,"key":"_variable_text_field_2","value":""},{"id":264523,"key":"_variable_text_field_3","value":""},{"id":264524,"key":"fstr-p-sub","value":""},{"id":264525,"key":"_sold_variation_individually","value":"no"},{"id":264526,"key":"_v_label_field","value":"regular_price"}],"price_html":"<span class=\"woocommerce-Price-amount amount\"><bdi><span class=\"woocommerce-Price-currencySymbol\">&euro;<\/span>26.90<\/bdi><\/span>","image":"<img width=\"300\" height=\"300\" src=\"https:\/\/wowtea.eu\/be-fr\/files\/2021\/05\/Product_600x600-booty_bands-300x300.jpg\" class=\"attachment-woocommerce_thumbnail size-woocommerce_thumbnail\" alt=\"\" loading=\"lazy\" srcset=\"https:\/\/wowtea.eu\/be-fr\/files\/2021\/05\/Product_600x600-booty_bands-300x300.jpg 300w, https:\/\/wowtea.eu\/be-fr\/files\/2021\/05\/Product_600x600-booty_bands-150x150.jpg 150w, https:\/\/wowtea.eu\/be-fr\/files\/2021\/05\/Product_600x600-booty_bands-100x100.jpg 100w, https:\/\/wowtea.eu\/be-fr\/files\/2021\/05\/Product_600x600-booty_bands-45x45.jpg 45w, https:\/\/wowtea.eu\/be-fr\/files\/2021\/05\/Product_600x600-booty_bands.jpg 600w\" sizes=\"(max-width: 300px) 100vw, 300px\" \/>","free_delivery":false},"83711":{"id":83711,"name":"2 Good Team + Booty band Combo","slug":"2-good-team-booty-band-combo-3","date_created":{"date":"2022-11-08 15:24:26.000000","timezone_type":3,"timezone":"Europe\/Brussels"},"date_modified":{"date":"2023-11-30 09:59:05.000000","timezone_type":3,"timezone":"Europe\/Brussels"},"status":"publish","featured":false,"catalog_visibility":"visible","description":"","short_description":"","sku":"WOW-P-SFSLFTBL1BL2","price":"81.7","regular_price":"81.7","sale_price":"","date_on_sale_from":null,"date_on_sale_to":null,"total_sales":"0","tax_status":"taxable","tax_class":"parent","manage_stock":false,"stock_quantity":null,"stock_status":"instock","backorders":"no","low_stock_amount":"","sold_individually":false,"weight":"","length":"","width":"","height":"","upsell_ids":[],"cross_sell_ids":[],"parent_id":76635,"reviews_allowed":false,"purchase_note":"","attributes":{"pa_bands-upsells":"2-good-team-booty-band-combo"},"default_attributes":[],"menu_order":2,"post_password":"","virtual":false,"downloadable":false,"category_ids":[],"tag_ids":[],"shipping_class_id":0,"downloads":[],"image_id":82803,"gallery_image_ids":[],"download_limit":-1,"download_expiry":-1,"rating_counts":[],"average_rating":0,"review_count":0,"attribute_summary":"bands-upsells: 2 Good Team + Booty band Combo","meta_data":[{"id":264508,"key":"_gtin","value":""},{"id":264509,"key":"_variable_text_field_1","value":""},{"id":264510,"key":"_variable_text_field_2","value":""},{"id":264511,"key":"_variable_text_field_3","value":""},{"id":264512,"key":"fstr-p-sub","value":""},{"id":264513,"key":"_sold_variation_individually","value":"no"},{"id":264514,"key":"_v_label_field","value":""}],"price_html":"<span class=\"woocommerce-Price-amount amount\"><bdi><span class=\"woocommerce-Price-currencySymbol\">&euro;<\/span>81.70<\/bdi><\/span>","image":"<img width=\"300\" height=\"300\" src=\"https:\/\/wowtea.eu\/be-fr\/files\/2022\/08\/2-good-team-booty-goals-bands-600x600-2-300x300.png\" class=\"attachment-woocommerce_thumbnail size-woocommerce_thumbnail\" alt=\"\" loading=\"lazy\" srcset=\"https:\/\/wowtea.eu\/be-fr\/files\/2022\/08\/2-good-team-booty-goals-bands-600x600-2-300x300.png 300w, https:\/\/wowtea.eu\/be-fr\/files\/2022\/08\/2-good-team-booty-goals-bands-600x600-2-150x150.png 150w, https:\/\/wowtea.eu\/be-fr\/files\/2022\/08\/2-good-team-booty-goals-bands-600x600-2-100x100.png 100w, https:\/\/wowtea.eu\/be-fr\/files\/2022\/08\/2-good-team-booty-goals-bands-600x600-2-45x45.png 45w, https:\/\/wowtea.eu\/be-fr\/files\/2022\/08\/2-good-team-booty-goals-bands-600x600-2.png 600w\" sizes=\"(max-width: 300px) 100vw, 300px\" \/>","free_delivery":"Livraison gratuite"},"83713":{"id":83713,"name":"Super Slim Me Program + Booty Goals Band Combo","slug":"super-slim-me-program-booty-goals-band-combo-3","date_created":{"date":"2022-11-08 15:24:26.000000","timezone_type":3,"timezone":"Europe\/Brussels"},"date_modified":{"date":"2023-11-30 09:59:04.000000","timezone_type":3,"timezone":"Europe\/Brussels"},"status":"publish","featured":false,"catalog_visibility":"visible","description":"","short_description":"","sku":"WOW-P-SFSLFTBTBBL1BL2","price":"110.3","regular_price":"110.3","sale_price":"","date_on_sale_from":null,"date_on_sale_to":null,"total_sales":"0","tax_status":"taxable","tax_class":"parent","manage_stock":false,"stock_quantity":null,"stock_status":"instock","backorders":"no","low_stock_amount":"","sold_individually":false,"weight":"","length":"","width":"","height":"","upsell_ids":[],"cross_sell_ids":[],"parent_id":76635,"reviews_allowed":false,"purchase_note":"","attributes":{"pa_bands-upsells":"super-slim-me-program-booty-goals-band-combo"},"default_attributes":[],"menu_order":3,"post_password":"","virtual":false,"downloadable":false,"category_ids":[],"tag_ids":[],"shipping_class_id":0,"downloads":[],"image_id":82804,"gallery_image_ids":[],"download_limit":-1,"download_expiry":-1,"rating_counts":[],"average_rating":0,"review_count":0,"attribute_summary":"bands-upsells: Super Slim Me Program + Booty Goals Band Combo","meta_data":[{"id":264532,"key":"_gtin","value":""},{"id":264533,"key":"_variable_text_field_1","value":""},{"id":264534,"key":"_variable_text_field_2","value":""},{"id":264535,"key":"_variable_text_field_3","value":""},{"id":264536,"key":"fstr-p-sub","value":""},{"id":264537,"key":"_sold_variation_individually","value":"no"},{"id":264538,"key":"_v_label_field","value":""}],"price_html":"<span class=\"woocommerce-Price-amount amount\"><bdi><span class=\"woocommerce-Price-currencySymbol\">&euro;<\/span>110.30<\/bdi><\/span>","image":"<img width=\"300\" height=\"300\" src=\"https:\/\/wowtea.eu\/be-fr\/files\/2022\/08\/Super-Slim-ME-booty-goals-bands-600x600-2-300x300.png\" class=\"attachment-woocommerce_thumbnail size-woocommerce_thumbnail\" alt=\"\" loading=\"lazy\" srcset=\"https:\/\/wowtea.eu\/be-fr\/files\/2022\/08\/Super-Slim-ME-booty-goals-bands-600x600-2-300x300.png 300w, https:\/\/wowtea.eu\/be-fr\/files\/2022\/08\/Super-Slim-ME-booty-goals-bands-600x600-2-150x150.png 150w, https:\/\/wowtea.eu\/be-fr\/files\/2022\/08\/Super-Slim-ME-booty-goals-bands-600x600-2-100x100.png 100w, https:\/\/wowtea.eu\/be-fr\/files\/2022\/08\/Super-Slim-ME-booty-goals-bands-600x600-2-45x45.png 45w, https:\/\/wowtea.eu\/be-fr\/files\/2022\/08\/Super-Slim-ME-booty-goals-bands-600x600-2.png 600w\" sizes=\"(max-width: 300px) 100vw, 300px\" \/>","free_delivery":"Livraison gratuite"}},"free_delivery":false,"currency_name":"&euro;","regular_price":"","sale_price":"","price":"26.9","image":"https:\/\/wowtea.eu\/be-fr\/files\/2021\/05\/Product_600x600-booty_bands.jpg","_links":{"self":[{"href":"https:\/\/wowtea.eu\/be-fr\/wp-json\/wp\/v2\/product\/76635"}],"collection":[{"href":"https:\/\/wowtea.eu\/be-fr\/wp-json\/wp\/v2\/product"}],"about":[{"href":"https:\/\/wowtea.eu\/be-fr\/wp-json\/wp\/v2\/types\/product"}],"replies":[{"embeddable":true,"href":"https:\/\/wowtea.eu\/be-fr\/wp-json\/wp\/v2\/comments?post=76635"}],"version-history":[{"count":6,"href":"https:\/\/wowtea.eu\/be-fr\/wp-json\/wp\/v2\/product\/76635\/revisions"}],"predecessor-version":[{"id":83740,"href":"https:\/\/wowtea.eu\/be-fr\/wp-json\/wp\/v2\/product\/76635\/revisions\/83740"}],"wp:featuredmedia":[{"embeddable":true,"href":"https:\/\/wowtea.eu\/be-fr\/wp-json\/wp\/v2\/media\/84834"}],"wp:attachment":[{"href":"https:\/\/wowtea.eu\/be-fr\/wp-json\/wp\/v2\/media?parent=76635"}],"wp:term":[{"taxonomy":"product_cat","embeddable":true,"href":"https:\/\/wowtea.eu\/be-fr\/wp-json\/wp\/v2\/product_cat?post=76635"},{"taxonomy":"product_tag","embeddable":true,"href":"https:\/\/wowtea.eu\/be-fr\/wp-json\/wp\/v2\/product_tag?post=76635"}],"curies":[{"name":"wp","href":"https:\/\/api.w.org\/{rel}","templated":true}]}}