{"id":103117,"date":"2021-08-16T08:48:51","date_gmt":"2021-08-16T06:48:51","guid":{"rendered":"https:\/\/wowtea.eu\/ch\/?page_id=103117"},"modified":"2025-12-23T12:32:49","modified_gmt":"2025-12-23T11:32:49","slug":"shipping-information","status":"publish","type":"page","link":"https:\/\/wowtea.eu\/ch\/shipping-information\/","title":{"rendered":"Lieferung"},"content":{"rendered":"\t\t<div data-elementor-type=\"wp-page\" data-elementor-id=\"103117\" class=\"elementor elementor-103117\">\n\t\t\t\t\t\t<div class=\"elementor-inner\">\n\t\t\t\t<div class=\"elementor-section-wrap\">\n\t\t\t\t\t\t\t\t\t<section class=\"elementor-section elementor-top-section elementor-element elementor-element-6ecbd6d elementor-section-boxed elementor-section-height-default elementor-section-height-default\" data-id=\"6ecbd6d\" data-element_type=\"section\">\n\t\t\t\t\t\t<div class=\"elementor-container elementor-column-gap-default\">\n\t\t\t\t\t\t\t<div class=\"elementor-row\">\n\t\t\t\t\t<div class=\"elementor-column elementor-col-100 elementor-top-column elementor-element elementor-element-539abda\" data-id=\"539abda\" data-element_type=\"column\">\n\t\t\t<div class=\"elementor-column-wrap elementor-element-populated\">\n\t\t\t\t\t\t\t<div class=\"elementor-widget-wrap\">\n\t\t\t\t\t\t<div class=\"elementor-element elementor-element-16d32f5 elementor-widget elementor-widget-heading\" data-id=\"16d32f5\" data-element_type=\"widget\" data-widget_type=\"heading.default\">\n\t\t\t\t<div class=\"elementor-widget-container\">\n\t\t\t<h2 class=\"elementor-heading-title elementor-size-default\">LIEFERUNG<\/h2>\t\t<\/div>\n\t\t\t\t<\/div>\n\t\t\t\t\t\t<\/div>\n\t\t\t\t\t<\/div>\n\t\t<\/div>\n\t\t\t\t\t\t\t\t<\/div>\n\t\t\t\t\t<\/div>\n\t\t<\/section>\n\t\t\t\t<section class=\"elementor-section elementor-top-section elementor-element elementor-element-77db726 elementor-section-boxed elementor-section-height-default elementor-section-height-default\" data-id=\"77db726\" data-element_type=\"section\">\n\t\t\t\t\t\t<div class=\"elementor-container elementor-column-gap-default\">\n\t\t\t\t\t\t\t<div class=\"elementor-row\">\n\t\t\t\t\t<div class=\"elementor-column elementor-col-100 elementor-top-column elementor-element elementor-element-efa559d\" data-id=\"efa559d\" data-element_type=\"column\">\n\t\t\t<div class=\"elementor-column-wrap elementor-element-populated\">\n\t\t\t\t\t\t\t<div class=\"elementor-widget-wrap\">\n\t\t\t\t\t\t<div class=\"elementor-element elementor-element-4c1435a elementor-widget elementor-widget-text-editor\" data-id=\"4c1435a\" data-element_type=\"widget\" data-widget_type=\"text-editor.default\">\n\t\t\t\t<div class=\"elementor-widget-container\">\n\t\t\t\t\t\t\t\t<div class=\"elementor-text-editor elementor-clearfix\">\n\t\t\t\t<p>55. Der Verk\u00e4ufer liefert die online bestellten Waren mit der Hilfe des Kurierunternehmens DPD, DHL.\u00a0<br \/>55.1 ATOP GmbH \u00fcbernimmt keine Verantwortung f\u00fcr Lieferungen mit geliefertem Status \u201d \u2018Zugestellt \u201d bei der<br \/>Kurierunternehmen und der Kunde hat diesbez\u00fcgliche Anspr\u00fcche. Bei so einem Fall muss der Kunde einen Antrag<br \/>ausf\u00fcllen,dass er die Bestellung nicht erhalten hat, und diese dem ATOP GmbH \u00fcbergeben,damit dieser eine Untersuchung<br \/>bei der Kurierfirma einleiten kann.<\/p><p>56. Der Verk\u00e4ufer liefert die Waren nur im Rahmen der Bundesrepublik Deutschland.<\/p><p>56.1. Da ATOP LLC ein Unternehmen mit Sitz inder EU ist und die Sendungen aus dem Gebietder EU verschickt werden, k\u00f6nnen<br \/>bei derLieferung an den Kunden au\u00dferhalb der EU,Zollgeb\u00fchren anfallen. Es liegt in derVerantwortung des Kunden, sich<br \/>\u00fcber diem\u00f6glichen Geb\u00fchren zu informieren, die vomZoll erhoben werden k\u00f6nnten.<\/p><p>57. Zusammen mit den verkauften Waren werden die erforderlichen Unterlagen und die Originalverpackung geliefert.<\/p><p>58.Die Waren werden im Rahmen von 4-6 Werktagen geliefert. Eine Ausnahme ist Punkt 47.<\/p><p>58.1. PRIORIT\u00c4TSVERSAND \u2013 Der Priorit\u00e4tsversandgarantiert, dass Ihre Bestellung mit Priorit\u00e4tvor den restlichen<br \/>Bestellungen bearbeitetund erf\u00fcllt wird. Solche Auftr\u00e4ge werdenauch im Falle eines Lagermangels vorrangigbearbeitet und<br \/>erf\u00fcllt. Diese Bestellungensind auch die ersten, die an die Kurierfirmazur Auslieferung weitergeleitet werden. ATOPLLC<br \/>kann nicht verantwortlich gemacht werden, wenn der Kurierdienst die Bestellungverz\u00f6gert.<\/p><p>59. Der Lieferbetrag betr\u00e4gt 6.50 CHF zzgl. MwSt.<\/p><p>60. Die Lieferung von Bestellungen von Waren, die mehr als 40 CHF betragen (mit Mehrwertsteuer), ist f\u00fcr den Kunden<br \/>kostenlos.<\/p><p>61. Die Einzelheiten zu den Lieferfristen der Waren sind orientierend und der Verk\u00e4ufer ist nicht verpflichtet, sie an<br \/>einem bestimmten Datum zu liefern. Der Kunde hat keinen Anspruch auf Entsch\u00e4digung bei versp\u00e4teter Lieferung.<\/p><p>62. Lieferungen erfolgen von Montag bis Freitag zwischen 09.00 und 18.00 Uhr, au\u00dfer an Feiertagen. Es kann eine Ausnahme<br \/>f\u00fcr Ortschaften mit einem speziellen Serviceplan geben.<\/p><p>63. Am Tag der Lieferung erh\u00e4lt der Kunde vom Kurier eine SMS und \/ oder E-Mail, dass eine Sendung zu empfangen ist.<br \/>Wenn der Kunde am festgelegten Tag und an dem festgelegten Ort nicht gefunden wird und auch keine andere Person statt<br \/>ihm die Sendung annimmt, hinterl\u00e4sst der Kurier eine Notiz, dass er die Adresse und die Kontaktdaten besucht hat. Die<br \/>Sendung wird postlagernd an das Kurierb\u00fcro zur\u00fcckgeschickt. Wenn der Kunde am n\u00e4chsten Tag den Verk\u00e4ufer oder das<br \/>Kurierunternehmen nicht kontaktiert, gilt die Bestellung als storniert.<\/p><p>64. Der Kunde hat die M\u00f6glichkeit, den Inhalt der Sendung zu \u00f6ffnen und zu \u00fcberpr\u00fcfen, bevor er dem Kurier bezahlt.<\/p><p>65. WOW Tea oder ein Vertreter des Kurierunternehmens benachrichtigt den Kunden telefonisch oder per E-Mail, wenn<br \/>unvorhergesehene Umst\u00e4nde eintreten, die die rechtzeitige Ausf\u00fchrung der Lieferung verhindern.<\/p><p>66. Der Kunde erkl\u00e4rt sich damit einverstanden, dass die Zertifizierung, dass die Waren erhalten wurden, von einer<br \/>Person durchgef\u00fchrt werden kann, f\u00fcr die unter den gegebenen Umst\u00e4nden der Schluss gezogen werden kann, dass er die<br \/>Informationen an den Kundenpartei weiterleiten wird.<\/p><p>67. Der Kunde soll die Ware zum Zeitpunkt der Lieferung und der Abgabe vom Verk\u00e4ufer oder vom Kurier zu untersuchen und<br \/>bei Unstimmigkeiten mit der Bestellung den Verk\u00e4ufer unverz\u00fcglich zu benachrichtigen.<\/p><p>68. Das Verlusts- oder Besch\u00e4digungrisiko der gekauften Waren \u00fcbernimmt der Kunde, sobald er oder eine von ihm benannter<br \/>dritte Person mit Ausnahme des von WOW Tea ausgew\u00e4hlten Kurierunternehmens, die Waren annimmt.<\/p>\t\t\t\t\t<\/div>\n\t\t\t\t\t\t<\/div>\n\t\t\t\t<\/div>\n\t\t\t\t\t\t<\/div>\n\t\t\t\t\t<\/div>\n\t\t<\/div>\n\t\t\t\t\t\t\t\t<\/div>\n\t\t\t\t\t<\/div>\n\t\t<\/section>\n\t\t\t\t\t\t\t\t\t<\/div>\n\t\t\t<\/div>\n\t\t\t\t\t<\/div>\n\t\t","protected":false},"excerpt":{"rendered":"<p>LIEFERUNG 55. Der Verk\u00e4ufer liefert die online bestellten Waren mit der Hilfe des Kurierunternehmens DPD, DHL.\u00a055.1 ATOP GmbH \u00fcbernimmt keine Verantwortung f\u00fcr Lieferungen mit geliefertem Status \u201d \u2018Zugestellt \u201d bei derKurierunternehmen und der Kunde hat diesbez\u00fcgliche Anspr\u00fcche. Bei so einem Fall muss der Kunde einen Antragausf\u00fcllen,dass er die Bestellung nicht erhalten hat, und diese dem ATOP GmbH \u00fcbergeben,damit dieser eine Untersuchungbei der Kurierfirma einleiten kann. 56. Der Verk\u00e4ufer liefert die Waren nur im Rahmen der Bundesrepublik Deutschland. 56.1. Da ATOP LLC ein Unternehmen mit Sitz inder EU ist und die Sendungen aus dem Gebietder EU verschickt werden, k\u00f6nnenbei derLieferung an [&hellip;]<\/p>\n","protected":false},"author":24,"featured_media":0,"parent":0,"menu_order":0,"comment_status":"closed","ping_status":"closed","template":"","meta":{"inline_featured_image":false},"acf":[],"_links":{"self":[{"href":"https:\/\/wowtea.eu\/ch\/wp-json\/wp\/v2\/pages\/103117"}],"collection":[{"href":"https:\/\/wowtea.eu\/ch\/wp-json\/wp\/v2\/pages"}],"about":[{"href":"https:\/\/wowtea.eu\/ch\/wp-json\/wp\/v2\/types\/page"}],"author":[{"embeddable":true,"href":"https:\/\/wowtea.eu\/ch\/wp-json\/wp\/v2\/users\/24"}],"replies":[{"embeddable":true,"href":"https:\/\/wowtea.eu\/ch\/wp-json\/wp\/v2\/comments?post=103117"}],"version-history":[{"count":16,"href":"https:\/\/wowtea.eu\/ch\/wp-json\/wp\/v2\/pages\/103117\/revisions"}],"predecessor-version":[{"id":263147,"href":"https:\/\/wowtea.eu\/ch\/wp-json\/wp\/v2\/pages\/103117\/revisions\/263147"}],"wp:attachment":[{"href":"https:\/\/wowtea.eu\/ch\/wp-json\/wp\/v2\/media?parent=103117"}],"curies":[{"name":"wp","href":"https:\/\/api.w.org\/{rel}","templated":true}]}}