{"id":88697,"date":"2021-01-20T10:43:26","date_gmt":"2021-01-20T08:43:26","guid":{"rendered":"https:\/\/wowtea.eu\/ch\/?page_id=88697"},"modified":"2024-05-16T12:33:23","modified_gmt":"2024-05-16T11:33:23","slug":"impressum","status":"publish","type":"page","link":"https:\/\/wowtea.eu\/ch\/impressum\/","title":{"rendered":"Impressum"},"content":{"rendered":"\t\t<div data-elementor-type=\"wp-page\" data-elementor-id=\"88697\" class=\"elementor elementor-88697\">\n\t\t\t\t\t\t<div class=\"elementor-inner\">\n\t\t\t\t<div class=\"elementor-section-wrap\">\n\t\t\t\t\t\t\t\t\t<section class=\"elementor-section elementor-top-section elementor-element elementor-element-cfb5c99 elementor-section-full_width elementor-section-height-default elementor-section-height-default\" data-id=\"cfb5c99\" data-element_type=\"section\">\n\t\t\t\t\t\t<div class=\"elementor-container elementor-column-gap-default\">\n\t\t\t\t\t\t\t<div class=\"elementor-row\">\n\t\t\t\t\t<div class=\"elementor-column elementor-col-100 elementor-top-column elementor-element elementor-element-cf69dc4\" data-id=\"cf69dc4\" data-element_type=\"column\">\n\t\t\t<div class=\"elementor-column-wrap elementor-element-populated\">\n\t\t\t\t\t\t\t<div class=\"elementor-widget-wrap\">\n\t\t\t\t\t\t<div class=\"elementor-element elementor-element-103c9e5 elementor-widget elementor-widget-custom_title\" data-id=\"103c9e5\" data-element_type=\"widget\" data-widget_type=\"custom_title.default\">\n\t\t\t\t<div class=\"elementor-widget-container\">\n\t\t\t      <!-- border_title center_border -->\n      \n               <div class=\"custom_title\"  >\n            <h2 class=\"title  \"><span>IMPRESSUM<\/span> <\/h2>\n         <\/div>\n      \n\n   \t\t<\/div>\n\t\t\t\t<\/div>\n\t\t\t\t\t\t<\/div>\n\t\t\t\t\t<\/div>\n\t\t<\/div>\n\t\t\t\t\t\t\t\t<\/div>\n\t\t\t\t\t<\/div>\n\t\t<\/section>\n\t\t\t\t<section class=\"elementor-section elementor-top-section elementor-element elementor-element-5b64b72 elementor-section-boxed elementor-section-height-default elementor-section-height-default\" data-id=\"5b64b72\" data-element_type=\"section\">\n\t\t\t\t\t\t<div class=\"elementor-container elementor-column-gap-default\">\n\t\t\t\t\t\t\t<div class=\"elementor-row\">\n\t\t\t\t\t<div class=\"elementor-column elementor-col-100 elementor-top-column elementor-element elementor-element-cbfb448\" data-id=\"cbfb448\" data-element_type=\"column\">\n\t\t\t<div class=\"elementor-column-wrap elementor-element-populated\">\n\t\t\t\t\t\t\t<div class=\"elementor-widget-wrap\">\n\t\t\t\t\t\t<div class=\"elementor-element elementor-element-5de25d9 elementor-widget elementor-widget-text-editor\" data-id=\"5de25d9\" data-element_type=\"widget\" data-widget_type=\"text-editor.default\">\n\t\t\t\t<div class=\"elementor-widget-container\">\n\t\t\t\t\t\t\t\t<div class=\"elementor-text-editor elementor-clearfix\">\n\t\t\t\t<h3><strong>www.wowtea.eu\/ch ist ein Onlineshop der:<\/strong><\/h3><h3>\u00a0<\/h3><h3><em><strong>ATOP OOD<br \/>79 Nikola Gabrovski Str., Fl. 1, Sofia 1700, Bulgaria <\/strong><\/em><\/h3><p>\u00a0<\/p><p><strong>Tel.:<\/strong>\u00a0+359 (0) 889 354 543<\/p><p><strong>E-Mail:<\/strong>\u00a0sales@wowtea.eu<\/p><p>Montag bis Freitag von 9:00 bis 18:00 Uhr<\/p><p><strong>UST-Ident-Nr.:<\/strong>\u00a0BG204725382<\/p><p><strong>Gesch\u00e4ftsf\u00fchrer:<\/strong>\u00a0Emil Tsvetanov<\/p><p>S\u00e4mtliche Daten, Texte und Bilder sind Eigentum der ATOP OOD. Die Verwendung zu gewerblichen Zwecken ist untersagt.<\/p><p>Online-Streitbeilegung gem\u00e4\u00df Art. 14 Abs. 1 ODR-VO: Die Europ\u00e4ische Kommission stellt eine Plattform zur Online-Streitbeilegung (OS-Plattform) bereit. Diese ist zu erreichen unter http:\/\/ec.europa.eu\/consumers\/odr. Wir sind nicht bereit oder verpflichtet, an Streitbeilegungsverfahren vor einer Verbraucherschlichtungsstelle teilzunehmen (\u00a7 36 Abs. 1 Nr. 1 VSBG).<\/p>\t\t\t\t\t<\/div>\n\t\t\t\t\t\t<\/div>\n\t\t\t\t<\/div>\n\t\t\t\t\t\t<\/div>\n\t\t\t\t\t<\/div>\n\t\t<\/div>\n\t\t\t\t\t\t\t\t<\/div>\n\t\t\t\t\t<\/div>\n\t\t<\/section>\n\t\t\t\t\t\t\t\t\t<\/div>\n\t\t\t<\/div>\n\t\t\t\t\t<\/div>\n\t\t","protected":false},"excerpt":{"rendered":"<p>IMPRESSUM www.wowtea.eu\/ch ist ein Onlineshop der: ATOP OOD 79 Nikola Gabrovski Str., Fl. 1, Sofia 1700, Bulgaria Tel.:\u00a0+359 (0) 889 354 543 E-Mail:\u00a0sales@wowtea.eu Montag bis Freitag von 9:00 bis 18:00 Uhr UST-Ident-Nr.:\u00a0BG204725382 Gesch\u00e4ftsf\u00fchrer:\u00a0Emil Tsvetanov S\u00e4mtliche Daten, Texte und Bilder sind Eigentum der ATOP OOD. Die Verwendung zu gewerblichen Zwecken ist untersagt. Online-Streitbeilegung gem\u00e4\u00df Art. 14 Abs. 1 ODR-VO: Die Europ\u00e4ische Kommission stellt eine Plattform zur Online-Streitbeilegung (OS-Plattform) bereit. Diese ist zu erreichen unter http:\/\/ec.europa.eu\/consumers\/odr. Wir sind nicht bereit oder verpflichtet, an Streitbeilegungsverfahren vor einer Verbraucherschlichtungsstelle teilzunehmen (\u00a7 36 Abs. 1 Nr. 1 VSBG).<\/p>\n","protected":false},"author":1,"featured_media":0,"parent":0,"menu_order":0,"comment_status":"closed","ping_status":"closed","template":"","meta":{"inline_featured_image":false},"acf":[],"_links":{"self":[{"href":"https:\/\/wowtea.eu\/ch\/wp-json\/wp\/v2\/pages\/88697"}],"collection":[{"href":"https:\/\/wowtea.eu\/ch\/wp-json\/wp\/v2\/pages"}],"about":[{"href":"https:\/\/wowtea.eu\/ch\/wp-json\/wp\/v2\/types\/page"}],"author":[{"embeddable":true,"href":"https:\/\/wowtea.eu\/ch\/wp-json\/wp\/v2\/users\/1"}],"replies":[{"embeddable":true,"href":"https:\/\/wowtea.eu\/ch\/wp-json\/wp\/v2\/comments?post=88697"}],"version-history":[{"count":11,"href":"https:\/\/wowtea.eu\/ch\/wp-json\/wp\/v2\/pages\/88697\/revisions"}],"predecessor-version":[{"id":214771,"href":"https:\/\/wowtea.eu\/ch\/wp-json\/wp\/v2\/pages\/88697\/revisions\/214771"}],"wp:attachment":[{"href":"https:\/\/wowtea.eu\/ch\/wp-json\/wp\/v2\/media?parent=88697"}],"curies":[{"name":"wp","href":"https:\/\/api.w.org\/{rel}","templated":true}]}}