{"id":88716,"date":"2021-01-20T10:06:27","date_gmt":"2021-01-20T09:06:27","guid":{"rendered":"https:\/\/wowtea.eu\/ch\/?post_type=product&#038;p=88716"},"modified":"2025-03-18T12:36:43","modified_gmt":"2025-03-18T11:36:43","slug":"booty-goals-band-combo","status":"publish","type":"product","link":"https:\/\/wowtea.eu\/ch\/product\/booty-goals-band-combo\/","title":{"rendered":"Booty Goals Band Combo"},"content":{"rendered":"\t\t<div data-elementor-type=\"product-post\" data-elementor-id=\"88716\" class=\"elementor elementor-88716\">\n\t\t\t\t\t\t<div class=\"elementor-inner\">\n\t\t\t\t<div class=\"elementor-section-wrap\">\n\t\t\t\t\t\t\t\t\t<section class=\"elementor-section elementor-top-section elementor-element elementor-element-fc85437 elementor-section-full_width elementor-section-height-default elementor-section-height-default\" data-id=\"fc85437\" data-element_type=\"section\">\n\t\t\t\t\t\t<div class=\"elementor-container elementor-column-gap-no\">\n\t\t\t\t\t\t\t<div class=\"elementor-row\">\n\t\t\t\t\t<div class=\"elementor-column elementor-col-50 elementor-top-column elementor-element elementor-element-3901afb\" data-id=\"3901afb\" data-element_type=\"column\" data-settings=\"{&quot;background_background&quot;:&quot;classic&quot;}\">\n\t\t\t<div class=\"elementor-column-wrap\">\n\t\t\t\t\t\t\t<div class=\"elementor-widget-wrap\">\n\t\t\t\t\t\t\t\t<\/div>\n\t\t\t\t\t<\/div>\n\t\t<\/div>\n\t\t\t\t<div class=\"elementor-column elementor-col-50 elementor-top-column elementor-element elementor-element-c832d81\" data-id=\"c832d81\" data-element_type=\"column\" data-settings=\"{&quot;background_background&quot;:&quot;classic&quot;}\">\n\t\t\t<div class=\"elementor-column-wrap elementor-element-populated\">\n\t\t\t\t\t\t\t<div class=\"elementor-widget-wrap\">\n\t\t\t\t\t\t<div class=\"elementor-element elementor-element-42906d6 elementor-widget elementor-widget-heading\" data-id=\"42906d6\" data-element_type=\"widget\" data-widget_type=\"heading.default\">\n\t\t\t\t<div class=\"elementor-widget-container\">\n\t\t\t<h2 class=\"elementor-heading-title elementor-size-default\">15 Minuten pro Tag f\u00fcr das WOW-Ergebnisse.<\/h2>\t\t<\/div>\n\t\t\t\t<\/div>\n\t\t\t\t<div class=\"elementor-element elementor-element-c368069 elementor-widget elementor-widget-text-editor\" data-id=\"c368069\" data-element_type=\"widget\" data-widget_type=\"text-editor.default\">\n\t\t\t\t<div class=\"elementor-widget-container\">\n\t\t\t\t\t\t\t\t<div class=\"elementor-text-editor elementor-clearfix\">\n\t\t\t\t<p>Nur ein paar Minuten am Tag mit Ihrem Po-Fitnessband trainieren, kann eine unglaubliche Wirkung auf Ihren Po und Ihre Oberschenkel haben! Um dir zu helfen, deinen brasilianischen Po noch schneller zu formen, senden wir dir einen kostenlosen 21-Tage-Trainingsplan mit den ultimativen \u00dcbungen, die du zu Hause machen kannst \u2013 oder wo immer du willst!<\/p><p>Die hochwertigen Materialien bieten perfekten Komfort w\u00e4hrend des Trainings. Du kannst das Po-Fitnessband sogar mit Shorts verwenden \u2013 es rutscht nicht, kneift nicht Ihre Haut und rei\u00dft nicht!<\/p>\t\t\t\t\t<\/div>\n\t\t\t\t\t\t<\/div>\n\t\t\t\t<\/div>\n\t\t\t\t\t\t<\/div>\n\t\t\t\t\t<\/div>\n\t\t<\/div>\n\t\t\t\t\t\t\t\t<\/div>\n\t\t\t\t\t<\/div>\n\t\t<\/section>\n\t\t\t\t<section class=\"elementor-section elementor-top-section elementor-element elementor-element-37406fc elementor-section-full_width elementor-section-height-default elementor-section-height-default\" data-id=\"37406fc\" data-element_type=\"section\">\n\t\t\t\t\t\t<div class=\"elementor-container elementor-column-gap-no\">\n\t\t\t\t\t\t\t<div class=\"elementor-row\">\n\t\t\t\t\t<div class=\"elementor-column elementor-col-50 elementor-top-column elementor-element elementor-element-c3f2d1c\" data-id=\"c3f2d1c\" data-element_type=\"column\" data-settings=\"{&quot;background_background&quot;:&quot;classic&quot;}\">\n\t\t\t<div class=\"elementor-column-wrap elementor-element-populated\">\n\t\t\t\t\t\t\t<div class=\"elementor-widget-wrap\">\n\t\t\t\t\t\t<div class=\"elementor-element elementor-element-6dc7293 elementor-widget elementor-widget-heading\" data-id=\"6dc7293\" data-element_type=\"widget\" data-widget_type=\"heading.default\">\n\t\t\t\t<div class=\"elementor-widget-container\">\n\t\t\t<h2 class=\"elementor-heading-title elementor-size-default\">Po-Fitnessband ist genau das, was du (und dein Po) brauchen!\n<\/h2>\t\t<\/div>\n\t\t\t\t<\/div>\n\t\t\t\t<div class=\"elementor-element elementor-element-6facc58 elementor-widget elementor-widget-prod_info\" data-id=\"6facc58\" data-element_type=\"widget\" data-widget_type=\"prod_info.default\">\n\t\t\t\t<div class=\"elementor-widget-container\">\n\t\t\t\n               <ul class=\"info_list\">\n                           <li>\n                  <strong>Maximaler Komfort:<\/strong>\n                  <small>Hochwertige Materialien, die ein reibungsloses und komfortables Training erm\u00f6glichen<\/small>\n               <\/li>\n                           <li>\n                  <strong>Hervorragende Qualit\u00e4t:<\/strong>\n                  <small>Im Gegensatz zu Gummib\u00e4ndern ist das Po-Fitnessband sehr langlebig und rei\u00dft w\u00e4hrend des Gebrauchs nicht.<\/small>\n               <\/li>\n                           <li>\n                  <strong> Einfach zu verwenden:<\/strong>\n                  <small>Verwende es zu Hause oder nehmen es einfach mit und trainieren jederzeit und wo du willst.<\/small>\n               <\/li>\n                           <li>\n                  <strong>Sichtbare Ergebnisse:<\/strong>\n                  <small>Du kannst den atemberaubenden Effekt sehen den es auf deinen Po, Oberschenkel und Taille hat \u2013 mit nur wenige Minuten am Tag<\/small>\n               <\/li>\n                     <\/ul>\n      \n\n   \t\t<\/div>\n\t\t\t\t<\/div>\n\t\t\t\t\t\t<\/div>\n\t\t\t\t\t<\/div>\n\t\t<\/div>\n\t\t\t\t<div class=\"elementor-column elementor-col-50 elementor-top-column elementor-element elementor-element-fbd015f\" data-id=\"fbd015f\" data-element_type=\"column\" data-settings=\"{&quot;background_background&quot;:&quot;classic&quot;}\">\n\t\t\t<div class=\"elementor-column-wrap\">\n\t\t\t\t\t\t\t<div class=\"elementor-widget-wrap\">\n\t\t\t\t\t\t\t\t<\/div>\n\t\t\t\t\t<\/div>\n\t\t<\/div>\n\t\t\t\t\t\t\t\t<\/div>\n\t\t\t\t\t<\/div>\n\t\t<\/section>\n\t\t\t\t<section class=\"elementor-section elementor-top-section elementor-element elementor-element-af1d556 elementor-section-full_width elementor-section-height-default elementor-section-height-default\" data-id=\"af1d556\" data-element_type=\"section\">\n\t\t\t\t\t\t<div class=\"elementor-container elementor-column-gap-no\">\n\t\t\t\t\t\t\t<div class=\"elementor-row\">\n\t\t\t\t\t<div class=\"elementor-column elementor-col-50 elementor-top-column elementor-element elementor-element-a85077c\" data-id=\"a85077c\" data-element_type=\"column\" data-settings=\"{&quot;background_background&quot;:&quot;classic&quot;}\">\n\t\t\t<div class=\"elementor-column-wrap\">\n\t\t\t\t\t\t\t<div class=\"elementor-widget-wrap\">\n\t\t\t\t\t\t\t\t<\/div>\n\t\t\t\t\t<\/div>\n\t\t<\/div>\n\t\t\t\t<div class=\"elementor-column elementor-col-50 elementor-top-column elementor-element elementor-element-bb91ad7\" data-id=\"bb91ad7\" data-element_type=\"column\" data-settings=\"{&quot;background_background&quot;:&quot;classic&quot;}\">\n\t\t\t<div class=\"elementor-column-wrap elementor-element-populated\">\n\t\t\t\t\t\t\t<div class=\"elementor-widget-wrap\">\n\t\t\t\t\t\t<div class=\"elementor-element elementor-element-8148e72 elementor-widget elementor-widget-heading\" data-id=\"8148e72\" data-element_type=\"widget\" data-widget_type=\"heading.default\">\n\t\t\t\t<div class=\"elementor-widget-container\">\n\t\t\t<h2 class=\"elementor-heading-title elementor-size-default\">\n21-denn\u00ed tr\u00e9ninkov\u00fd pl\u00e1n pro zadek k nakousnut\u00ed zdarma \u2013 DOM\u00c1C\u00cd cvi\u010debn\u00ed program<\/h2>\t\t<\/div>\n\t\t\t\t<\/div>\n\t\t\t\t<div class=\"elementor-element elementor-element-ccc237e elementor-widget elementor-widget-text-editor\" data-id=\"ccc237e\" data-element_type=\"widget\" data-widget_type=\"text-editor.default\">\n\t\t\t\t<div class=\"elementor-widget-container\">\n\t\t\t\t\t\t\t\t<div class=\"elementor-text-editor elementor-clearfix\">\n\t\t\t\t<h4>E-BOOK<\/h4><p>N\u00e1\u0161 \u201c21-denn\u00ed cvi\u010debn\u00ed pl\u00e1n pro zadek k nakousnut\u00ed\u201d je digit\u00e1ln\u00ed cvi\u010debn\u00ed program, kter\u00fd m\u016f\u017eete d\u011blat doma (nebo kdekoli chcete!) pomoc\u00ed Booty Goals Band. Tento cvi\u010debn\u00ed program je speci\u00e1ln\u011b navr\u017een tak, aby V\u00e1m pomohl vyformovat sv\u016fdn\u00fd zade\u010dek, t\u00f3novan\u00e9 nohy a k\u0159ivky \u2013 a to v\u0161e trv\u00e1 jen 15 minut denn\u011b. Pro dosa\u017een\u00ed viditeln\u00fdch a ohromuj\u00edc\u00edch v\u00fdsledk\u016f.seducente sedere, tonificare le cosce e modellare un bellissimo girovita \u2013 e ci vogliono solo 15 minuti al giorno per risultati visibili e sorprendenti.<\/p>\t\t\t\t\t<\/div>\n\t\t\t\t\t\t<\/div>\n\t\t\t\t<\/div>\n\t\t\t\t\t\t<\/div>\n\t\t\t\t\t<\/div>\n\t\t<\/div>\n\t\t\t\t\t\t\t\t<\/div>\n\t\t\t\t\t<\/div>\n\t\t<\/section>\n\t\t\t\t<section class=\"elementor-section elementor-top-section elementor-element elementor-element-f956974 elementor-section-boxed elementor-section-height-default elementor-section-height-default\" data-id=\"f956974\" data-element_type=\"section\">\n\t\t\t\t\t\t<div class=\"elementor-container elementor-column-gap-default\">\n\t\t\t\t\t\t\t<div class=\"elementor-row\">\n\t\t\t\t\t<div class=\"elementor-column elementor-col-100 elementor-top-column elementor-element elementor-element-086afac\" data-id=\"086afac\" data-element_type=\"column\">\n\t\t\t<div class=\"elementor-column-wrap elementor-element-populated\">\n\t\t\t\t\t\t\t<div class=\"elementor-widget-wrap\">\n\t\t\t\t\t\t<div class=\"elementor-element elementor-element-80a598e elementor-widget elementor-widget-custom_title\" data-id=\"80a598e\" data-element_type=\"widget\" data-widget_type=\"custom_title.default\">\n\t\t\t\t<div class=\"elementor-widget-container\">\n\t\t\t      <!-- border_title center_border -->\n      \n               <div class=\"custom_title\"  >\n            <h2 class=\"title  \"><span>Wenn du das Po-Fitnessband SET bestellst, bekommst du KOSTENLOS dazu:<\/span> <\/h2>\n         <\/div>\n      \n\n   \t\t<\/div>\n\t\t\t\t<\/div>\n\t\t\t\t<div class=\"elementor-element elementor-element-4322339 elementor-widget elementor-widget-image\" data-id=\"4322339\" data-element_type=\"widget\" data-widget_type=\"image.default\">\n\t\t\t\t<div class=\"elementor-widget-container\">\n\t\t\t\t\t\t\t\t<div class=\"elementor-image\">\n\t\t\t\t\t\t\t\t\t\t\t\t<img src=\"https:\/\/wowtea.eu\/cz\/files\/2021\/01\/products_combo-2.jpg\" title=\"|\" alt=\"|\" loading=\"lazy\">\t\t\t\t\t\t\t\t\t\t\t\t\t\t<\/div>\n\t\t\t\t\t\t<\/div>\n\t\t\t\t<\/div>\n\t\t\t\t<div class=\"elementor-element elementor-element-5227bd2 elementor-widget elementor-widget-text-editor\" data-id=\"5227bd2\" data-element_type=\"widget\" data-widget_type=\"text-editor.default\">\n\t\t\t\t<div class=\"elementor-widget-container\">\n\t\t\t\t\t\t\t\t<div class=\"elementor-text-editor elementor-clearfix\">\n\t\t\t\t<p><img loading=\"lazy\" class=\"alignnone size-full wp-image-7074\" src=\"https:\/\/bodygoalsclub.com\/wp-content\/uploads\/tik-che_20x20.png\" alt=\"|\" width=\"20\" height=\"21\" title=\"|\"> Nobles Etui f\u00fcr dein Po-Fitnessband \u2013 verwenden es bequem von zu Hause aus oder nehme es \u00fcberall hin mit und verpassen kein einziges Training!<\/p><p><img loading=\"lazy\" class=\"alignnone size-full wp-image-7074\" src=\"https:\/\/bodygoalsclub.com\/wp-content\/uploads\/tik-che_20x20.png\" alt=\"|\" width=\"20\" height=\"21\" title=\"|\"> Kostenloser 21-Tage-Trainingsplan f\u00fcr eine knackigen Po \u2013 \u00dcbungsprogramm f\u00fcr zu Hause<\/p>\t\t\t\t\t<\/div>\n\t\t\t\t\t\t<\/div>\n\t\t\t\t<\/div>\n\t\t\t\t\t\t<\/div>\n\t\t\t\t\t<\/div>\n\t\t<\/div>\n\t\t\t\t\t\t\t\t<\/div>\n\t\t\t\t\t<\/div>\n\t\t<\/section>\n\t\t\t\t\t\t\t\t\t<\/div>\n\t\t\t<\/div>\n\t\t\t\t\t<\/div>\n\t\t","protected":false},"excerpt":{"rendered":"<h4 class=\"vc_custom_heading text-u vc_custom_1575298970833 text-u urus_vc_custom_5f7aec27ce380 vc_custom_1575298970833\" style=\"text-align: center\">BANDA ELASTICA PER FITNESS<\/h4>\n<div class=\"vc_row wpb_row vc_inner vc_row-fluid\" style=\"text-align: center\">\n<div class=\"wpb_column vc_column_container vc_col-sm-12\">\n<div class=\"vc_column-inner\">\n<div class=\"wpb_wrapper\">\n<div class=\"wpb_text_column wpb_content_element urus_vc_custom_5f7aec27ce3f9 \">\n<div class=\"wpb_wrapper\">\n<p><span class=\"face\">\u2661\u00a0<\/span><strong style=\"color: #b485b2\">Booty Goals Band Lvl 1<\/strong><br \/>\n<span class=\"face\">\u2661\u00a0<\/span><strong style=\"color: #b485b2\">Booty Goals Band Lvl 2<\/strong><\/p>\n<h4>Il piu\u2019 efficiente Allenamento a CASA per Glutei di Marmo<\/h4>\n<p><span class=\"face\">\u2661\u00a0<\/span><strong style=\"color: #4c4c4c\">Scolpisci un sedere Brasiliano<\/strong><br \/>\n<span class=\"face\">\u2661\u00a0<\/span><strong style=\"color: #4c4c4c\">Modella le tue cosce<\/strong><br \/>\n<span class=\"face\">\u2661\u00a0<\/span><strong style=\"color: #4c4c4c\">Avrai gambe hot ed una figura tutta curve<\/strong><\/p>\n<\/div>\n<\/div>\n<\/div>\n<\/div>\n<\/div>\n<\/div>\n<h1 class=\"vc_custom_heading urus_vc_custom_5f7aec27ce471\" style=\"text-align: center;color: #c6558c;font-size: 22px\">+ E-BOOK Allenamento di 21 Giorni per \u0430vere Glutei di Marmo &#8211; Programma con Esercizi da eseguire A CASA<\/h1>\n<div class=\"vc_row wpb_row vc_inner vc_row-fluid\">\n<div class=\"wpb_column vc_column_container vc_col-sm-12\">\n<div class=\"vc_column-inner\">\n<div class=\"wpb_wrapper\">\n<div class=\"wpb_text_column wpb_content_element urus_vc_custom_5f7aec27ce4ad \">\n<div class=\"wpb_wrapper\">\n<p style=\"text-align: center\"><span class=\"face\">*<\/span>Questo Programma di Allenamento verr\u00e0 inviato come file pdf alla tua e-mail dopo aver ordinato il tuo Booty Goals Band Set!<\/p>\n<\/div>\n<\/div>\n<\/div>\n<\/div>\n<\/div>\n<\/div>\n","protected":false},"featured_media":88725,"comment_status":"closed","ping_status":"closed","template":"","meta":{"inline_featured_image":false},"product_cat":[15],"product_tag":[],"acf":[],"variations_data":[],"free_delivery":false,"currency_name":"&#67;&#72;&#70;","regular_price":"36","sale_price":"28.8","price":"28.8","image":"https:\/\/wowtea.eu\/ch\/files\/2021\/01\/Product-images-combo-600x600-1.png","_links":{"self":[{"href":"https:\/\/wowtea.eu\/ch\/wp-json\/wp\/v2\/product\/88716"}],"collection":[{"href":"https:\/\/wowtea.eu\/ch\/wp-json\/wp\/v2\/product"}],"about":[{"href":"https:\/\/wowtea.eu\/ch\/wp-json\/wp\/v2\/types\/product"}],"replies":[{"embeddable":true,"href":"https:\/\/wowtea.eu\/ch\/wp-json\/wp\/v2\/comments?post=88716"}],"version-history":[{"count":1,"href":"https:\/\/wowtea.eu\/ch\/wp-json\/wp\/v2\/product\/88716\/revisions"}],"predecessor-version":[{"id":141268,"href":"https:\/\/wowtea.eu\/ch\/wp-json\/wp\/v2\/product\/88716\/revisions\/141268"}],"wp:featuredmedia":[{"embeddable":true,"href":"https:\/\/wowtea.eu\/ch\/wp-json\/wp\/v2\/media\/88725"}],"wp:attachment":[{"href":"https:\/\/wowtea.eu\/ch\/wp-json\/wp\/v2\/media?parent=88716"}],"wp:term":[{"taxonomy":"product_cat","embeddable":true,"href":"https:\/\/wowtea.eu\/ch\/wp-json\/wp\/v2\/product_cat?post=88716"},{"taxonomy":"product_tag","embeddable":true,"href":"https:\/\/wowtea.eu\/ch\/wp-json\/wp\/v2\/product_tag?post=88716"}],"curies":[{"name":"wp","href":"https:\/\/api.w.org\/{rel}","templated":true}]}}