{"id":123705,"date":"2021-08-16T13:33:54","date_gmt":"2021-08-16T11:33:54","guid":{"rendered":"https:\/\/wowtea.eu\/cz\/?page_id=123705"},"modified":"2025-12-23T12:18:39","modified_gmt":"2025-12-23T11:18:39","slug":"doprava","status":"publish","type":"page","link":"https:\/\/wowtea.eu\/cz\/doprava\/","title":{"rendered":"Doprava"},"content":{"rendered":"\t\t<div data-elementor-type=\"wp-page\" data-elementor-id=\"123705\" class=\"elementor elementor-123705\">\n\t\t\t\t\t\t<div class=\"elementor-inner\">\n\t\t\t\t<div class=\"elementor-section-wrap\">\n\t\t\t\t\t\t\t\t\t<section class=\"elementor-section elementor-top-section elementor-element elementor-element-72ed887 elementor-section-boxed elementor-section-height-default elementor-section-height-default\" data-id=\"72ed887\" data-element_type=\"section\">\n\t\t\t\t\t\t<div class=\"elementor-container elementor-column-gap-default\">\n\t\t\t\t\t\t\t<div class=\"elementor-row\">\n\t\t\t\t\t<div class=\"elementor-column elementor-col-100 elementor-top-column elementor-element elementor-element-792d727\" data-id=\"792d727\" data-element_type=\"column\">\n\t\t\t<div class=\"elementor-column-wrap elementor-element-populated\">\n\t\t\t\t\t\t\t<div class=\"elementor-widget-wrap\">\n\t\t\t\t\t\t<div class=\"elementor-element elementor-element-c599471 elementor-widget elementor-widget-heading\" data-id=\"c599471\" data-element_type=\"widget\" data-widget_type=\"heading.default\">\n\t\t\t\t<div class=\"elementor-widget-container\">\n\t\t\t<h2 class=\"elementor-heading-title elementor-size-default\">Doprava<\/h2>\t\t<\/div>\n\t\t\t\t<\/div>\n\t\t\t\t\t\t<\/div>\n\t\t\t\t\t<\/div>\n\t\t<\/div>\n\t\t\t\t\t\t\t\t<\/div>\n\t\t\t\t\t<\/div>\n\t\t<\/section>\n\t\t\t\t<section class=\"elementor-section elementor-top-section elementor-element elementor-element-8ab413f elementor-section-boxed elementor-section-height-default elementor-section-height-default\" data-id=\"8ab413f\" data-element_type=\"section\">\n\t\t\t\t\t\t<div class=\"elementor-container elementor-column-gap-default\">\n\t\t\t\t\t\t\t<div class=\"elementor-row\">\n\t\t\t\t\t<div class=\"elementor-column elementor-col-100 elementor-top-column elementor-element elementor-element-34dc3c9\" data-id=\"34dc3c9\" data-element_type=\"column\">\n\t\t\t<div class=\"elementor-column-wrap elementor-element-populated\">\n\t\t\t\t\t\t\t<div class=\"elementor-widget-wrap\">\n\t\t\t\t\t\t<div class=\"elementor-element elementor-element-27ac0dc elementor-widget elementor-widget-text-editor\" data-id=\"27ac0dc\" data-element_type=\"widget\" data-widget_type=\"text-editor.default\">\n\t\t\t\t<div class=\"elementor-widget-container\">\n\t\t\t\t\t\t\t\t<div class=\"elementor-text-editor elementor-clearfix\">\n\t\t\t\t<p>69. Prod\u00e1vaj\u00edc\u00ed doru\u010duje zbo\u017e\u00ed objednan\u00e9 online prost\u0159ednictv\u00edm kur\u00fdrn\u00ed spole\u010dnosti \u201cPPL; CZ Post\u201d na adresu uvedenou z\u00e1kazn\u00edkem nebo na adresu uvedenou kur\u00fdrn\u00ed spole\u010dnost\u00ed.<\/p><p>69.1. ATOP ltd. Nen\u00ed odpov\u011bdn\u00e1, pokud u\u017e m\u00e1 objedn\u00e1vka status \u201cdoru\u010dena\u201d v syst\u00e9mu kur\u00fdrn\u00ed spole\u010dnosti a z\u00e1kazn\u00edk chce reklamovat objedn\u00e1vku. V takov\u00e9m p\u0159\u00edpad\u011b z\u00e1kazn\u00edk mus\u00ed vyplnit \u017e\u00e1dost o nedoru\u010den\u00e9 objedn\u00e1vce a p\u0159eposlat ji spole\u010dnosti ATOP ltd., aby spole\u010dnost mohla za\u010d\u00edt vy\u0161et\u0159ov\u00e1n\u00ed u kur\u00fdrn\u00ed spole\u010dnosti.<\/p><p>70. Prod\u00e1vaj\u00edc\u00ed prov\u00e1d\u00ed doru\u010dov\u00e1n\u00ed zbo\u017e\u00ed pouze na \u00fazem\u00ed \u010cesk\u00e9 republiky.<\/p><p>70.1. Jeliko\u017e ATOP LLC je spole\u010dnost se s\u00eddlem v EU a z\u00e1silky se odes\u00edlaj\u00ed z \u00fazem\u00ed EU, p\u0159i dod\u00e1n\u00ed kupuj\u00edc\u00edmu mimo EU m\u016f\u017ee b\u00fdt na z\u00e1silky uvaleno clo. Je kupuj\u00edc\u00edho odpov\u011bdnost\u00ed aby se informoval o mo\u017en\u00fdch celn\u00edch poplatc\u00edch, kter\u00e9 by mohly b\u00fdt ud\u011bleny na z\u00e1silku.<\/p><p>71. K prodan\u00e9mu zbo\u017e\u00ed jsou p\u0159ilo\u017eeny pot\u0159ebn\u00e9 dokumenty v origin\u00e1ln\u00edm balen\u00ed.<\/p><p>72. Doba doru\u010den\u00ed je 1 a\u017e 3 pracovn\u00ed dny. V\u00fdjimkou je bod 47.<\/p><p>72.1. P\u0158EDNOSTN\u00cd DORU\u010cEN\u00cd \u2013 P\u0159ednostn\u00ed doru\u010den\u00ed zaru\u010duje, \u017ee va\u0161e objedn\u00e1vka bude zpracov\u00e1na a spln\u011bna p\u0159ednostn\u011b p\u0159ed ostatn\u00edmi objedn\u00e1vkami. Takov\u00e9 objedn\u00e1vky budou tak\u00e9 zpracov\u00e1ny a spln\u011bny p\u0159ednostn\u011b v p\u0159\u00edpad\u011b nedostatku z\u00e1sob. Tyto objedn\u00e1vky jsou tak\u00e9 prvn\u00ed, kter\u00e9 se doru\u010d\u00ed do kur\u00fdrn\u00ed spole\u010dnosti na doru\u010den\u00ed. Spole\u010dnost ATOP LLC nebude zodpov\u011bdn\u00e1, jestli\u017ee se kur\u00fdrn\u00ed spole\u010dnost opozd\u00ed s objedn\u00e1vkou.<\/p><p>73. Cena dopravy je 118 K\u010d s DPH.<\/p><p>74. Doprava je zdarma pro objedn\u00e1vky nad 900 K\u010d (s DPH).<\/p><p>75. Podrobnosti t\u00fdkaj\u00edc\u00ed se dodac\u00edch podm\u00ednek zbo\u017e\u00ed jsou informativn\u00ed a prod\u00e1vaj\u00edc\u00ed nen\u00ed zav\u00e1z\u00e1n prov\u00e9st doru\u010den\u00ed v konkr\u00e9tn\u00ed den. Z\u00e1kazn\u00edk nem\u00e1 n\u00e1rok na n\u00e1hradu v p\u0159\u00edpad\u011b opo\u017ed\u011bn\u00e9ho doru\u010den\u00ed.<\/p><p>76. Doru\u010dov\u00e1n\u00ed prob\u00edh\u00e1 od pond\u011bl\u00ed do p\u00e1tku mezi 9.00 a 18.00 hod., s v\u00fdjimkou st\u00e1tn\u00edch sv\u00e1tk\u016f. V\u00fdjimkou mohou b\u00fdt osady se speci\u00e1ln\u00edm \u010dasov\u00fdm pl\u00e1nem slu\u017eeb.<\/p><p>77. V den doru\u010den\u00ed z\u00e1kazn\u00edk obdr\u017e\u00ed SMS a\/nebo e-mail od kur\u00fdra s informac\u00ed, \u017ee z\u00e1silka bude doru\u010dena. Pokud se z\u00e1kazn\u00edk nenach\u00e1z\u00ed na adrese v dohodnut\u00fd den a nem\u00e1 \u017e\u00e1dnou jinou osobu, kter\u00e1 by z\u00e1silku p\u0159ijala, kur\u00fdr zanech\u00e1 ozn\u00e1men\u00ed o z\u00e1silce, spolu s kontaktn\u00edmi \u00fadaji. Z\u00e1silka se vrac\u00ed do kur\u00fdrn\u00ed kancel\u00e1\u0159e, aby byla doru\u010dena na po\u017e\u00e1d\u00e1n\u00ed. Pokud z\u00e1kazn\u00edk nekontaktuje prod\u00e1vaj\u00edc\u00edho nebo kur\u00fdrn\u00ed spole\u010dnost n\u00e1sleduj\u00edc\u00ed den, objedn\u00e1vka se pova\u017euje za zru\u0161enou.<\/p><p>78. P\u0159ed platbou kur\u00fdrovi, z\u00e1kazn\u00edk m\u00e1 mo\u017enost otev\u0159\u00edt a zkontrolovat obsah z\u00e1silky.<\/p><p>79. \u201cWOW Tea\u201d nebo z\u00e1stupce kur\u00fdrn\u00ed spole\u010dnosti upozorn\u00ed z\u00e1kazn\u00edka telefonicky nebo e-mailem, pokud nep\u0159edv\u00eddan\u00e9 okolnosti br\u00e1n\u00ed v\u010dasn\u00e9 realizaci doru\u010den\u00ed.<\/p><p>80. Z\u00e1kazn\u00edk souhlas\u00ed s t\u00edm, \u017ee potvrzen\u00ed o p\u0159ijet\u00ed zbo\u017e\u00ed m\u016f\u017ee p\u0159edat t\u0159et\u00ed osoba smluvn\u00ed stran\u011b.<\/p><p>81. Z\u00e1kazn\u00edk je povinen zkontrolovat zbo\u017e\u00ed v okam\u017eiku doru\u010den\u00ed a jeho p\u0159ed\u00e1n\u00ed prod\u00e1vaj\u00edc\u00edm nebo kur\u00fdrem, a v p\u0159\u00edpad\u011b jak\u00e9koliv nesrovnalosti mus\u00ed o tom neprodlen\u011b informovat prod\u00e1vaj\u00edc\u00edho.<\/p><p>82. Riziko ztr\u00e1ty nebo po\u0161kozen\u00ed zakoupen\u00e9ho zbo\u017e\u00ed p\u0159ech\u00e1z\u00ed na z\u00e1kazn\u00edka v moment\u011b, kdy p\u0159evezme zbo\u017e\u00ed od t\u0159et\u00ed strany (kur\u00fdrn\u00ed spole\u010dnosti) nebo od \u201cWOW Tea\u201d.<\/p>\t\t\t\t\t<\/div>\n\t\t\t\t\t\t<\/div>\n\t\t\t\t<\/div>\n\t\t\t\t\t\t<\/div>\n\t\t\t\t\t<\/div>\n\t\t<\/div>\n\t\t\t\t\t\t\t\t<\/div>\n\t\t\t\t\t<\/div>\n\t\t<\/section>\n\t\t\t\t\t\t\t\t\t<\/div>\n\t\t\t<\/div>\n\t\t\t\t\t<\/div>\n\t\t","protected":false},"excerpt":{"rendered":"<p>Doprava 69. Prod\u00e1vaj\u00edc\u00ed doru\u010duje zbo\u017e\u00ed objednan\u00e9 online prost\u0159ednictv\u00edm kur\u00fdrn\u00ed spole\u010dnosti \u201cPPL; CZ Post\u201d na adresu uvedenou z\u00e1kazn\u00edkem nebo na adresu uvedenou kur\u00fdrn\u00ed spole\u010dnost\u00ed. 69.1. ATOP ltd. Nen\u00ed odpov\u011bdn\u00e1, pokud u\u017e m\u00e1 objedn\u00e1vka status \u201cdoru\u010dena\u201d v syst\u00e9mu kur\u00fdrn\u00ed spole\u010dnosti a z\u00e1kazn\u00edk chce reklamovat objedn\u00e1vku. V takov\u00e9m p\u0159\u00edpad\u011b z\u00e1kazn\u00edk mus\u00ed vyplnit \u017e\u00e1dost o nedoru\u010den\u00e9 objedn\u00e1vce a p\u0159eposlat ji spole\u010dnosti ATOP ltd., aby spole\u010dnost mohla za\u010d\u00edt vy\u0161et\u0159ov\u00e1n\u00ed u kur\u00fdrn\u00ed spole\u010dnosti. 70. Prod\u00e1vaj\u00edc\u00ed prov\u00e1d\u00ed doru\u010dov\u00e1n\u00ed zbo\u017e\u00ed pouze na \u00fazem\u00ed \u010cesk\u00e9 republiky. 70.1. Jeliko\u017e ATOP LLC je spole\u010dnost se s\u00eddlem v EU a z\u00e1silky se odes\u00edlaj\u00ed z \u00fazem\u00ed EU, p\u0159i dod\u00e1n\u00ed kupuj\u00edc\u00edmu mimo EU m\u016f\u017ee [&hellip;]<\/p>\n","protected":false},"author":24,"featured_media":0,"parent":0,"menu_order":0,"comment_status":"closed","ping_status":"closed","template":"","meta":{"inline_featured_image":false},"acf":[],"_links":{"self":[{"href":"https:\/\/wowtea.eu\/cz\/wp-json\/wp\/v2\/pages\/123705"}],"collection":[{"href":"https:\/\/wowtea.eu\/cz\/wp-json\/wp\/v2\/pages"}],"about":[{"href":"https:\/\/wowtea.eu\/cz\/wp-json\/wp\/v2\/types\/page"}],"author":[{"embeddable":true,"href":"https:\/\/wowtea.eu\/cz\/wp-json\/wp\/v2\/users\/24"}],"replies":[{"embeddable":true,"href":"https:\/\/wowtea.eu\/cz\/wp-json\/wp\/v2\/comments?post=123705"}],"version-history":[{"count":7,"href":"https:\/\/wowtea.eu\/cz\/wp-json\/wp\/v2\/pages\/123705\/revisions"}],"predecessor-version":[{"id":283981,"href":"https:\/\/wowtea.eu\/cz\/wp-json\/wp\/v2\/pages\/123705\/revisions\/283981"}],"wp:attachment":[{"href":"https:\/\/wowtea.eu\/cz\/wp-json\/wp\/v2\/media?parent=123705"}],"curies":[{"name":"wp","href":"https:\/\/api.w.org\/{rel}","templated":true}]}}