{"id":404,"date":"2020-07-07T16:02:04","date_gmt":"2020-07-07T14:02:04","guid":{"rendered":"https:\/\/wowtea.eu\/cz\/?page_id=404"},"modified":"2025-05-22T09:00:32","modified_gmt":"2025-05-22T07:00:32","slug":"about-us-old","status":"publish","type":"page","link":"https:\/\/wowtea.eu\/cz\/about-us-old\/","title":{"rendered":"About us"},"content":{"rendered":"\t\t<div data-elementor-type=\"wp-page\" data-elementor-id=\"404\" class=\"elementor elementor-404\">\n\t\t\t\t\t\t<div class=\"elementor-inner\">\n\t\t\t\t<div class=\"elementor-section-wrap\">\n\t\t\t\t\t\t\t\t\t<section class=\"elementor-section elementor-top-section elementor-element elementor-element-d6cf8f3 elementor-section-boxed elementor-section-height-default elementor-section-height-default\" data-id=\"d6cf8f3\" data-element_type=\"section\" data-settings=\"{&quot;background_background&quot;:&quot;classic&quot;}\">\n\t\t\t\t\t\t<div class=\"elementor-container elementor-column-gap-default\">\n\t\t\t\t\t\t\t<div class=\"elementor-row\">\n\t\t\t\t\t<div class=\"elementor-column elementor-col-100 elementor-top-column elementor-element elementor-element-dc62397\" data-id=\"dc62397\" data-element_type=\"column\">\n\t\t\t<div class=\"elementor-column-wrap elementor-element-populated\">\n\t\t\t\t\t\t\t<div class=\"elementor-widget-wrap\">\n\t\t\t\t\t\t<div class=\"elementor-element elementor-element-52fb684 elementor-widget elementor-widget-image\" data-id=\"52fb684\" data-element_type=\"widget\" data-widget_type=\"image.default\">\n\t\t\t\t<div class=\"elementor-widget-container\">\n\t\t\t\t\t\t\t\t<div class=\"elementor-image\">\n\t\t\t\t\t\t\t\t\t\t\t\t<img width=\"768\" height=\"399\" src=\"https:\/\/wowtea.eu\/cz\/files\/2021\/04\/about_us_wow_team-768x399.png\" class=\"attachment-medium_large size-medium_large wp-image-101132\" alt=\"|\" loading=\"lazy\" srcset=\"https:\/\/wowtea.eu\/cz\/files\/2021\/04\/about_us_wow_team-768x399.png 768w, https:\/\/wowtea.eu\/cz\/files\/2021\/04\/about_us_wow_team-300x156.png 300w, https:\/\/wowtea.eu\/cz\/files\/2021\/04\/about_us_wow_team-1024x532.png 1024w, https:\/\/wowtea.eu\/cz\/files\/2021\/04\/about_us_wow_team-1536x798.png 1536w, https:\/\/wowtea.eu\/cz\/files\/2021\/04\/about_us_wow_team-2048x1064.png 2048w, https:\/\/wowtea.eu\/cz\/files\/2021\/04\/about_us_wow_team-600x312.png 600w, https:\/\/wowtea.eu\/cz\/files\/2021\/04\/about_us_wow_team-100x52.png 100w\" sizes=\"(max-width: 768px) 100vw, 768px\" title=\"|\">\t\t\t\t\t\t\t\t\t\t\t\t\t\t<\/div>\n\t\t\t\t\t\t<\/div>\n\t\t\t\t<\/div>\n\t\t\t\t<div class=\"elementor-element elementor-element-1cc963c elementor-widget elementor-widget-video\" data-id=\"1cc963c\" data-element_type=\"widget\" data-settings=\"{&quot;youtube_url&quot;:&quot;https:\\\/\\\/www.youtube.com\\\/watch?v=FkOxPwUIr0w&quot;,&quot;modestbranding&quot;:&quot;yes&quot;,&quot;show_image_overlay&quot;:&quot;yes&quot;,&quot;image_overlay&quot;:{&quot;url&quot;:&quot;https:\\\/\\\/wowtea.eu\\\/cz\\\/wp-content\\\/uploads\\\/2020\\\/10\\\/video-thumbnail.jpg&quot;,&quot;id&quot;:73009,&quot;size&quot;:&quot;&quot;},&quot;video_type&quot;:&quot;youtube&quot;,&quot;controls&quot;:&quot;yes&quot;}\" data-widget_type=\"video.default\">\n\t\t\t\t<div class=\"elementor-widget-container\">\n\t\t\t\t\t<div class=\"elementor-wrapper elementor-open-inline\">\n\t\t\t<div class=\"elementor-video\"><\/div>\t\t\t\t<div class=\"elementor-custom-embed-image-overlay\" style=\"background-image: url(https:\/\/wowtea.eu\/cz\/files\/2020\/10\/video-thumbnail.jpg);\">\n\t\t\t\t\t\t\t\t\t\t\t\t\t\t\t\t<div class=\"elementor-custom-embed-play\" role=\"button\" aria-label=\"P\u0159ehr\u00e1t video\" tabindex=\"0\">\n\t\t\t\t\t\t\t<i aria-hidden=\"true\" class=\"eicon-play\"><\/i>\t\t\t\t\t\t\t<span class=\"elementor-screen-only\">P\u0159ehr\u00e1t video<\/span>\n\t\t\t\t\t\t<\/div>\n\t\t\t\t\t\t\t\t\t<\/div>\n\t\t\t\t\t<\/div>\n\t\t\t\t<\/div>\n\t\t\t\t<\/div>\n\t\t\t\t\t\t<\/div>\n\t\t\t\t\t<\/div>\n\t\t<\/div>\n\t\t\t\t\t\t\t\t<\/div>\n\t\t\t\t\t<\/div>\n\t\t<\/section>\n\t\t\t\t<section class=\"elementor-section elementor-top-section elementor-element elementor-element-bebf8f8 elementor-section-boxed elementor-section-height-default elementor-section-height-default\" data-id=\"bebf8f8\" data-element_type=\"section\" data-settings=\"{&quot;background_background&quot;:&quot;classic&quot;}\">\n\t\t\t\t\t\t<div class=\"elementor-container elementor-column-gap-default\">\n\t\t\t\t\t\t\t<div class=\"elementor-row\">\n\t\t\t\t\t<div class=\"elementor-column elementor-col-100 elementor-top-column elementor-element elementor-element-72cc45a\" data-id=\"72cc45a\" data-element_type=\"column\">\n\t\t\t<div class=\"elementor-column-wrap elementor-element-populated\">\n\t\t\t\t\t\t\t<div class=\"elementor-widget-wrap\">\n\t\t\t\t\t\t<div class=\"elementor-element elementor-element-f335344 elementor-widget elementor-widget-custom_title\" data-id=\"f335344\" data-element_type=\"widget\" data-widget_type=\"custom_title.default\">\n\t\t\t\t<div class=\"elementor-widget-container\">\n\t\t\t      <!-- border_title center_border -->\n      \n               <div class=\"custom_title\"  >\n            <h2 class=\"title border_title center \"><span>Vnit\u0159n\u00ed kr\u00e1sa je viditeln\u00e1 i zvenku<\/span> <small style=\"order: -1\">Na\u0161e motto...<\/small><\/h2>\n         <\/div>\n      \n\n   \t\t<\/div>\n\t\t\t\t<\/div>\n\t\t\t\t<div class=\"elementor-element elementor-element-f444cdf elementor-widget elementor-widget-text-editor\" data-id=\"f444cdf\" data-element_type=\"widget\" data-widget_type=\"text-editor.default\">\n\t\t\t\t<div class=\"elementor-widget-container\">\n\t\t\t\t\t\t\t\t<div class=\"elementor-text-editor elementor-clearfix\">\n\t\t\t\t<p>V\u011b\u0159\u00edme, \u017ee pomoc\u00ed sil p\u0159\u00edrody, sportovn\u00ed v\u00e1\u0161n\u00ed, zdrav\u00fdch potravin bez toxin\u016f a na\u0161eho pr\u00e9miov\u00e9ho \u010daje budete vypadat a c\u00edtit se l\u00e9pe! A\u0165 u\u017e m\u00e1te postavu fitness modelky nebo maminky na\u0161e \u010daje V\u00e1m pomohou dos\u00e1hnout Va\u0161e hez\u010d\u00ed a lep\u0161\u00ed j\u00e1! Jsme hrd\u00ed na n\u00e1\u0161 \u010daj a lidi, kte\u0159\u00ed ho vyr\u00e1b\u011bj\u00ed! Pou\u017e\u00edv\u00e1me a kombinujeme pouze vysoce kvalitn\u00ed, pe\u010dliv\u011b vyb\u00edr\u00e1ny, p\u0159\u00edrodn\u00ed slo\u017een\u00ed. Tyto dary p\u0159\u00edrody na hubnut\u00ed \u2013 nejlep\u0161\u00ed v\u00fdrobky na trhu V\u00e1m nab\u00edz\u00edme za p\u0159\u00edznivou cenu! (V\u011b\u0159\u00edme, \u017ee sv\u011bt by byl mnohem lep\u0161\u00ed, pokud bychom pit\u00ed \u010daje v\u011bnovali 15 minut denn\u011b.)<\/p>\t\t\t\t\t<\/div>\n\t\t\t\t\t\t<\/div>\n\t\t\t\t<\/div>\n\t\t\t\t\t\t<\/div>\n\t\t\t\t\t<\/div>\n\t\t<\/div>\n\t\t\t\t\t\t\t\t<\/div>\n\t\t\t\t\t<\/div>\n\t\t<\/section>\n\t\t\t\t<section class=\"elementor-section elementor-top-section elementor-element elementor-element-ee8de64 elementor-section-content-middle elementor-section-boxed elementor-section-height-default elementor-section-height-default\" data-id=\"ee8de64\" data-element_type=\"section\">\n\t\t\t\t\t\t<div class=\"elementor-container elementor-column-gap-default\">\n\t\t\t\t\t\t\t<div class=\"elementor-row\">\n\t\t\t\t\t<div class=\"elementor-column elementor-col-50 elementor-top-column elementor-element elementor-element-eb0af62\" data-id=\"eb0af62\" data-element_type=\"column\">\n\t\t\t<div class=\"elementor-column-wrap elementor-element-populated\">\n\t\t\t\t\t\t\t<div class=\"elementor-widget-wrap\">\n\t\t\t\t\t\t<div class=\"elementor-element elementor-element-3f2abd7 elementor-widget elementor-widget-image\" data-id=\"3f2abd7\" data-element_type=\"widget\" data-widget_type=\"image.default\">\n\t\t\t\t<div class=\"elementor-widget-container\">\n\t\t\t\t\t\t\t\t<div class=\"elementor-image\">\n\t\t\t\t\t\t\t\t\t\t\t\t<img width=\"576\" height=\"478\" src=\"https:\/\/wowtea.eu\/cz\/files\/2020\/10\/about-us-1.jpg\" class=\"attachment-large size-large wp-image-72864\" alt=\"about-us-office\" loading=\"lazy\" srcset=\"https:\/\/wowtea.eu\/cz\/files\/2020\/10\/about-us-1.jpg 576w, https:\/\/wowtea.eu\/cz\/files\/2020\/10\/about-us-1-300x249.jpg 300w, https:\/\/wowtea.eu\/cz\/files\/2020\/10\/about-us-1-100x83.jpg 100w\" sizes=\"(max-width: 576px) 100vw, 576px\" title=\"|\">\t\t\t\t\t\t\t\t\t\t\t\t\t\t<\/div>\n\t\t\t\t\t\t<\/div>\n\t\t\t\t<\/div>\n\t\t\t\t\t\t<\/div>\n\t\t\t\t\t<\/div>\n\t\t<\/div>\n\t\t\t\t<div class=\"elementor-column elementor-col-50 elementor-top-column elementor-element elementor-element-68ffd8d\" data-id=\"68ffd8d\" data-element_type=\"column\">\n\t\t\t<div class=\"elementor-column-wrap elementor-element-populated\">\n\t\t\t\t\t\t\t<div class=\"elementor-widget-wrap\">\n\t\t\t\t\t\t<div class=\"elementor-element elementor-element-918d2f4 elementor-widget elementor-widget-custom_title\" data-id=\"918d2f4\" data-element_type=\"widget\" data-widget_type=\"custom_title.default\">\n\t\t\t\t<div class=\"elementor-widget-container\">\n\t\t\t      <!-- border_title center_border -->\n      \n               <div class=\"custom_title\"  >\n            <h2 class=\"title border_title center \"><span>Vyrobeno v EU<\/span> <\/h2>\n         <\/div>\n      \n\n   \t\t<\/div>\n\t\t\t\t<\/div>\n\t\t\t\t<div class=\"elementor-element elementor-element-bd1fbe2 elementor-widget elementor-widget-text-editor\" data-id=\"bd1fbe2\" data-element_type=\"widget\" data-widget_type=\"text-editor.default\">\n\t\t\t\t<div class=\"elementor-widget-container\">\n\t\t\t\t\t\t\t\t<div class=\"elementor-text-editor elementor-clearfix\">\n\t\t\t\t<p>Jsme na to hrd\u00ed, \u017ee na\u0161e produkty jsou \u010dist\u011b p\u0159\u00edrodn\u00ed a vyroben\u00e9 v Evropsk\u00e9 unii! V\u0161echny na\u0161e WOW produkty jsou vyrobeny a d\u016fkladn\u011b otestovan\u00e9 v Sofii (Bulharsko).<br \/>N\u00e1\u0161 t\u00fdm sest\u00e1v\u00e1 z v\u011bdc\u016f, v\u00fd\u017eivov\u00fdch poradc\u016f, marketingov\u00fdch pracovn\u00edk\u016f a design\u00e9r\u016f, kte\u0159\u00ed neust\u00e1le pracuj\u00ed na tom, aby V\u00e1m poskytli nejlep\u0161\u00ed produkty na management t\u011blesn\u00e9 hmotnosti \u2026 proto\u017ee na vzhledu z\u00e1le\u017e\u00ed!<\/p>\t\t\t\t\t<\/div>\n\t\t\t\t\t\t<\/div>\n\t\t\t\t<\/div>\n\t\t\t\t\t\t<\/div>\n\t\t\t\t\t<\/div>\n\t\t<\/div>\n\t\t\t\t\t\t\t\t<\/div>\n\t\t\t\t\t<\/div>\n\t\t<\/section>\n\t\t\t\t<section class=\"elementor-section elementor-top-section elementor-element elementor-element-35bc089 elementor-section-content-middle elementor-reverse-mobile elementor-section-boxed elementor-section-height-default elementor-section-height-default\" data-id=\"35bc089\" data-element_type=\"section\">\n\t\t\t\t\t\t<div class=\"elementor-container elementor-column-gap-default\">\n\t\t\t\t\t\t\t<div class=\"elementor-row\">\n\t\t\t\t\t<div class=\"elementor-column elementor-col-50 elementor-top-column elementor-element elementor-element-eaac687\" data-id=\"eaac687\" data-element_type=\"column\">\n\t\t\t<div class=\"elementor-column-wrap elementor-element-populated\">\n\t\t\t\t\t\t\t<div class=\"elementor-widget-wrap\">\n\t\t\t\t\t\t<div class=\"elementor-element elementor-element-3bb83e2 elementor-widget elementor-widget-custom_title\" data-id=\"3bb83e2\" data-element_type=\"widget\" data-widget_type=\"custom_title.default\">\n\t\t\t\t<div class=\"elementor-widget-container\">\n\t\t\t      <!-- border_title center_border -->\n      \n               <div class=\"custom_title\"  >\n            <h2 class=\"title border_title center \"><span>Jsme hrd\u00ed\nna na\u0161e \u0159e\u0161en\u00ed.<\/span> <\/h2>\n         <\/div>\n      \n\n   \t\t<\/div>\n\t\t\t\t<\/div>\n\t\t\t\t<div class=\"elementor-element elementor-element-38fac7d elementor-widget elementor-widget-text-editor\" data-id=\"38fac7d\" data-element_type=\"widget\" data-widget_type=\"text-editor.default\">\n\t\t\t\t<div class=\"elementor-widget-container\">\n\t\t\t\t\t\t\t\t<div class=\"elementor-text-editor elementor-clearfix\">\n\t\t\t\t<p>Po 4 letech \u00fasp\u011b\u0161n\u00e9ho p\u016fsoben\u00ed na trhu jsme z\u00edskali d\u016fv\u011bru v\u00edce ne\u017e 150 000 WOW \u017een a priespievali k tomu, aby se c\u00edtili l\u00e9pe!<\/p><p>Od za\u010d\u00e1tku jsme hrd\u00ed na na\u0161e rozhodnut\u00ed! Nikdy nepou\u017e\u00edv\u00e1me p\u0159\u00eddatn\u00e9 l\u00e1tky \u017eivo\u010di\u0161n\u00e9ho p\u016fvodu, v\u0161echny na\u0161e produkty jsou vhodn\u00e9 i pro vegany a co je nejd\u016fle\u017eit\u011bj\u0161\u00ed \u2013 nepou\u017e\u00edv\u00e1me ani syntetick\u00e1 aromata nebo um\u011bl\u00e1 barviva!<\/p>\t\t\t\t\t<\/div>\n\t\t\t\t\t\t<\/div>\n\t\t\t\t<\/div>\n\t\t\t\t\t\t<\/div>\n\t\t\t\t\t<\/div>\n\t\t<\/div>\n\t\t\t\t<div class=\"elementor-column elementor-col-50 elementor-top-column elementor-element elementor-element-1609895\" data-id=\"1609895\" data-element_type=\"column\">\n\t\t\t<div class=\"elementor-column-wrap elementor-element-populated\">\n\t\t\t\t\t\t\t<div class=\"elementor-widget-wrap\">\n\t\t\t\t\t\t<div class=\"elementor-element elementor-element-c4aaf5c elementor-widget elementor-widget-image\" data-id=\"c4aaf5c\" data-element_type=\"widget\" data-widget_type=\"image.default\">\n\t\t\t\t<div class=\"elementor-widget-container\">\n\t\t\t\t\t\t\t\t<div class=\"elementor-image\">\n\t\t\t\t\t\t\t\t\t\t\t\t<img width=\"576\" height=\"478\" src=\"https:\/\/wowtea.eu\/cz\/files\/2021\/01\/about-us-2.jpg\" class=\"attachment-large size-large wp-image-88481\" alt=\"|\" loading=\"lazy\" srcset=\"https:\/\/wowtea.eu\/cz\/files\/2021\/01\/about-us-2.jpg 576w, https:\/\/wowtea.eu\/cz\/files\/2021\/01\/about-us-2-300x249.jpg 300w, https:\/\/wowtea.eu\/cz\/files\/2021\/01\/about-us-2-100x83.jpg 100w\" sizes=\"(max-width: 576px) 100vw, 576px\" title=\"|\">\t\t\t\t\t\t\t\t\t\t\t\t\t\t<\/div>\n\t\t\t\t\t\t<\/div>\n\t\t\t\t<\/div>\n\t\t\t\t\t\t<\/div>\n\t\t\t\t\t<\/div>\n\t\t<\/div>\n\t\t\t\t\t\t\t\t<\/div>\n\t\t\t\t\t<\/div>\n\t\t<\/section>\n\t\t\t\t\t\t\t\t\t<\/div>\n\t\t\t<\/div>\n\t\t\t\t\t<\/div>\n\t\t","protected":false},"excerpt":{"rendered":"<p>Vnit\u0159n\u00ed kr\u00e1sa je viditeln\u00e1 i zvenku Na\u0161e motto&#8230; V\u011b\u0159\u00edme, \u017ee pomoc\u00ed sil p\u0159\u00edrody, sportovn\u00ed v\u00e1\u0161n\u00ed, zdrav\u00fdch potravin bez toxin\u016f a na\u0161eho pr\u00e9miov\u00e9ho \u010daje budete vypadat a c\u00edtit se l\u00e9pe! A\u0165 u\u017e m\u00e1te postavu fitness modelky nebo maminky na\u0161e \u010daje V\u00e1m pomohou dos\u00e1hnout Va\u0161e hez\u010d\u00ed a lep\u0161\u00ed j\u00e1! Jsme hrd\u00ed na n\u00e1\u0161 \u010daj a lidi, kte\u0159\u00ed ho vyr\u00e1b\u011bj\u00ed! Pou\u017e\u00edv\u00e1me a kombinujeme pouze vysoce kvalitn\u00ed, pe\u010dliv\u011b vyb\u00edr\u00e1ny, p\u0159\u00edrodn\u00ed slo\u017een\u00ed. Tyto dary p\u0159\u00edrody na hubnut\u00ed \u2013 nejlep\u0161\u00ed v\u00fdrobky na trhu V\u00e1m nab\u00edz\u00edme za p\u0159\u00edznivou cenu! (V\u011b\u0159\u00edme, \u017ee sv\u011bt by byl mnohem lep\u0161\u00ed, pokud bychom pit\u00ed \u010daje v\u011bnovali 15 minut denn\u011b.) Vyrobeno v EU [&hellip;]<\/p>\n","protected":false},"author":1,"featured_media":0,"parent":0,"menu_order":0,"comment_status":"closed","ping_status":"closed","template":"","meta":{"inline_featured_image":false},"acf":[],"_links":{"self":[{"href":"https:\/\/wowtea.eu\/cz\/wp-json\/wp\/v2\/pages\/404"}],"collection":[{"href":"https:\/\/wowtea.eu\/cz\/wp-json\/wp\/v2\/pages"}],"about":[{"href":"https:\/\/wowtea.eu\/cz\/wp-json\/wp\/v2\/types\/page"}],"author":[{"embeddable":true,"href":"https:\/\/wowtea.eu\/cz\/wp-json\/wp\/v2\/users\/1"}],"replies":[{"embeddable":true,"href":"https:\/\/wowtea.eu\/cz\/wp-json\/wp\/v2\/comments?post=404"}],"version-history":[{"count":1,"href":"https:\/\/wowtea.eu\/cz\/wp-json\/wp\/v2\/pages\/404\/revisions"}],"predecessor-version":[{"id":232774,"href":"https:\/\/wowtea.eu\/cz\/wp-json\/wp\/v2\/pages\/404\/revisions\/232774"}],"wp:attachment":[{"href":"https:\/\/wowtea.eu\/cz\/wp-json\/wp\/v2\/media?parent=404"}],"curies":[{"name":"wp","href":"https:\/\/api.w.org\/{rel}","templated":true}]}}