{"id":239009,"date":"2024-06-07T12:33:59","date_gmt":"2024-06-07T10:33:59","guid":{"rendered":"https:\/\/wowtea.eu\/cz\/?post_type=product&#038;p=239009"},"modified":"2026-04-01T00:19:29","modified_gmt":"2026-03-31T22:19:29","slug":"summer-vibes-bundle","status":"publish","type":"product","link":"https:\/\/wowtea.eu\/cz\/product\/summer-vibes-bundle\/","title":{"rendered":"Summer Vibes Bundle"},"content":{"rendered":"\t\t<div data-elementor-type=\"product-post\" data-elementor-id=\"239009\" class=\"elementor elementor-239009\">\n\t\t\t\t\t\t<div class=\"elementor-inner\">\n\t\t\t\t<div class=\"elementor-section-wrap\">\n\t\t\t\t\t\t\t\t\t<section class=\"elementor-section elementor-top-section elementor-element elementor-element-7c7e536 elementor-section-boxed elementor-section-height-default elementor-section-height-default\" data-id=\"7c7e536\" data-element_type=\"section\">\n\t\t\t\t\t\t<div class=\"elementor-container elementor-column-gap-no\">\n\t\t\t\t\t\t\t<div class=\"elementor-row\">\n\t\t\t\t\t<div class=\"elementor-column elementor-col-100 elementor-top-column elementor-element elementor-element-9715caa\" data-id=\"9715caa\" data-element_type=\"column\">\n\t\t\t<div class=\"elementor-column-wrap elementor-element-populated\">\n\t\t\t\t\t\t\t<div class=\"elementor-widget-wrap\">\n\t\t\t\t\t\t<div class=\"elementor-element elementor-element-ae99a28 elementor-widget elementor-widget-custom_title\" data-id=\"ae99a28\" data-element_type=\"widget\" data-widget_type=\"custom_title.default\">\n\t\t\t\t<div class=\"elementor-widget-container\">\n\t\t\t      <!-- border_title center_border -->\n      \n               <div class=\"custom_title\" style=\"color: #f5be0c\" >\n            <h2 class=\"title border_title center \"><span>Summer Vibes Bundle<\/span> <\/h2>\n         <\/div>\n      \n\n   \t\t<\/div>\n\t\t\t\t<\/div>\n\t\t\t\t<div class=\"elementor-element elementor-element-2927582 elementor-widget elementor-widget-text-editor\" data-id=\"2927582\" data-element_type=\"widget\" data-widget_type=\"text-editor.default\">\n\t\t\t\t<div class=\"elementor-widget-container\">\n\t\t\t\t\t\t\t\t<div class=\"elementor-text-editor elementor-clearfix\">\n\t\t\t\t<p>CO OBSAHUJE BAL\u00cdK?<\/p>\t\t\t\t\t<\/div>\n\t\t\t\t\t\t<\/div>\n\t\t\t\t<\/div>\n\t\t\t\t<div class=\"elementor-element elementor-element-55baefa elementor-widget elementor-widget-pp-info-box-carousel\" data-id=\"55baefa\" data-element_type=\"widget\" data-settings=\"{&quot;equal_height_boxes&quot;:&quot;yes&quot;}\" data-widget_type=\"pp-info-box-carousel.default\">\n\t\t\t\t<div class=\"elementor-widget-container\">\n\t\t\t\t\t<div class=\"swiper-container-wrap pp-info-box-carousel-wrap swiper-container-wrap-dots-outside\">\n\t\t\t<div class=\"pp-info-box pp-info-box-carousel swiper-container swiper-container-55baefa\" data-pagination=\".swiper-pagination-55baefa\" data-arrow-next=\".swiper-button-next-55baefa\" data-arrow-prev=\".swiper-button-prev-55baefa\" data-slider-settings=\"{&quot;direction&quot;:&quot;horizontal&quot;,&quot;effect&quot;:&quot;slide&quot;,&quot;speed&quot;:600,&quot;slidesPerView&quot;:3,&quot;spaceBetween&quot;:35,&quot;grabCursor&quot;:false,&quot;autoHeight&quot;:true,&quot;loop&quot;:true,&quot;autoplay&quot;:{&quot;delay&quot;:999999,&quot;disableOnInteraction&quot;:false},&quot;pagination&quot;:{&quot;el&quot;:&quot;.swiper-pagination-55baefa&quot;,&quot;type&quot;:&quot;bullets&quot;,&quot;clickable&quot;:true},&quot;navigation&quot;:{&quot;nextEl&quot;:&quot;.swiper-button-next-55baefa&quot;,&quot;prevEl&quot;:&quot;.swiper-button-prev-55baefa&quot;},&quot;breakpoints&quot;:{&quot;1025&quot;:{&quot;slidesPerView&quot;:3,&quot;spaceBetween&quot;:35},&quot;768&quot;:{&quot;slidesPerView&quot;:2,&quot;spaceBetween&quot;:10},&quot;320&quot;:{&quot;slidesPerView&quot;:1,&quot;spaceBetween&quot;:25}}}\">\n\t\t\t\t<div class=\"swiper-wrapper\">\n\t\t\t\t\t\t\t\t\t<div class=\"swiper-slide\">\n\t\t\t\t\t\t<div class=\"pp-info-box-content-wrap\">\n\t\t\t\t\t\t\t\t\t\t\t\t\t\t\t\t\t\t\t\t\t\t<div class=\"pp-info-box-icon-wrap\">\n\t\t\t\t\t\t\t\t\t\t\t\t\t\t\t\t\t\t\t\t\t<span class=\"pp-info-box-icon pp-icon\">\n\t\t\t\t\t\t\t\t\t<img src=\"https:\/\/wowtea.eu\/cz\/files\/2024\/05\/WOWTEA-WEB-Summer-editions-Detox-Shop-300x300.png\" alt=\"WOWTEA-WEB-Summer-editions-Detox-Shop\" title=\"|\">\t\t\t\t\t\t\t<\/span>\n\t\t\t\t\t\t\t\t\t\t\t\t\t\t\t\t\t\t\t\t<\/div>\n\t\t\t\t\t\t\t\t\t\t\t\t\t\t<div class=\"pp-info-box-content\">\n\t\t\t\t\t\t\t\t<div class=\"pp-info-box-title-wrap\">\n\t\t\t\t\t\t\t\t\t<div class=\"pp-info-box-title-container\"><h2 class=\"pp-info-box-title\">Summer Tropicana Detox \u010daj<\/h2><\/div>\t\t\t\t\t\t\t\t<\/div>\n\n\t\t\t\t\t\t\t\t\n\t\t\t\t\t\t\t\t\t\t\t\t\t\t\t\t\t<div class=\"pp-info-box-description\">\n\t\t\t\t\t\t\t\t\t\t<ul><br \/>\n    <li><i class=\"fas fa-check\" style=\"color: crimson\"><\/i> <b>Rychle p\u016fsob\u00edc\u00ed summer detox<\/b><\/li><br \/>\n    <li><i class=\"fas fa-check\" style=\"color: crimson\"><\/i> <b>Odstra\u0148uje toxiny a zadr\u017eovanou vodu.<\/b><\/li><br \/>\n    <li><i class=\"fas fa-check\" style=\"color: crimson\"><\/i> <b>Podporuje metabolismus a tr\u00e1ven\u00ed<\/b><\/li><br \/>\n    <li><i class=\"fas fa-check\" style=\"color: crimson\"><\/i> <b>Viditeln\u00fd efekt na letn\u00edm pasu.<\/b><\/li><br \/>\n    <li><i class=\"fas fa-check\" style=\"color: crimson\"><\/i> <b>Osv\u011b\u017euj\u00edc\u00ed tropick\u00e1 citrusov\u00e1 chu\u0165.<\/b><\/li> <br \/>\n  <\/ul>\t\t\t\t\t\t\t\t\t<\/div>\n\t\t\t\t\t\t\t\t\t\t\t\t\t\t\t\t\t\n\t\t\t\t\t\t\t\t\t\t\t\t\t\t\t\t\t\t\t\t\t\t\t<\/div>\n\t\t\t\t\t\t<\/div>\n\t\t\t\t\t<\/div>\n\t\t\t\t\t\t\t\t\t\t<div class=\"swiper-slide\">\n\t\t\t\t\t\t<div class=\"pp-info-box-content-wrap\">\n\t\t\t\t\t\t\t\t\t\t\t\t\t\t\t\t\t\t\t\t\t\t<div class=\"pp-info-box-icon-wrap\">\n\t\t\t\t\t\t\t\t\t\t\t\t\t\t\t\t\t\t\t\t\t<span class=\"pp-info-box-icon pp-icon\">\n\t\t\t\t\t\t\t\t\t<img src=\"https:\/\/wowtea.eu\/cz\/files\/2024\/05\/WOWTEA-WEB-Berry-Collagen-Gallery-01.webp\" alt=\"WOWTEA-WEB-Berry-Collagen-Gallery-01\" title=\"|\">\t\t\t\t\t\t\t<\/span>\n\t\t\t\t\t\t\t\t\t\t\t\t\t\t\t\t\t\t\t\t<\/div>\n\t\t\t\t\t\t\t\t\t\t\t\t\t\t<div class=\"pp-info-box-content\">\n\t\t\t\t\t\t\t\t<div class=\"pp-info-box-title-wrap\">\n\t\t\t\t\t\t\t\t\t<div class=\"pp-info-box-title-container\"><h2 class=\"pp-info-box-title\">Summer Tropicana Collagen<\/h2><\/div>\t\t\t\t\t\t\t\t<\/div>\n\n\t\t\t\t\t\t\t\t\n\t\t\t\t\t\t\t\t\t\t\t\t\t\t\t\t\t<div class=\"pp-info-box-description\">\n\t\t\t\t\t\t\t\t\t\t<ul><br \/>\n  <li><i class=\"fas fa-check\" style=\"color: crimson\"><\/i> <b>Zpev\u0148uje a nap\u00edn\u00e1 poko\u017eku<\/b><\/li><br \/>\n  <li><i class=\"fas fa-check\" style=\"color: crimson\"><\/i> <b>Minimalizuje jemn\u00e9 linky a vr\u00e1sky<br \/>\n<\/b><\/li><br \/>\n  <li><i class=\"fas fa-check\" style=\"color: crimson\"><\/i> <b>Hydratuje a podporuje pru\u017enost poko\u017eky<br \/>\n<\/b><\/li><br \/>\n  <li><i class=\"fas fa-check\" style=\"color: crimson\"><\/i> <b>Del\u0161\u00ed a siln\u011bj\u0161\u00ed nehty a vlasy<br \/>\n<\/b><\/li><br \/>\n  <li><i class=\"fas fa-check\" style=\"color: crimson\"><\/i> <b>Podporuje zdrav\u00ed tr\u00e1vic\u00edho traktu<br \/>\n<\/b><\/li><br \/>\n<\/ul>\t\t\t\t\t\t\t\t\t<\/div>\n\t\t\t\t\t\t\t\t\t\t\t\t\t\t\t\t\t\n\t\t\t\t\t\t\t\t\t\t\t\t\t\t\t\t\t\t\t\t\t\t\t<\/div>\n\t\t\t\t\t\t<\/div>\n\t\t\t\t\t<\/div>\n\t\t\t\t\t\t\t\t\t\t<div class=\"swiper-slide\">\n\t\t\t\t\t\t<div class=\"pp-info-box-content-wrap\">\n\t\t\t\t\t\t\t\t\t\t\t\t\t\t\t\t\t\t\t\t\t\t<div class=\"pp-info-box-icon-wrap\">\n\t\t\t\t\t\t\t\t\t\t\t\t\t\t\t\t\t\t\t\t\t<span class=\"pp-info-box-icon pp-icon\">\n\t\t\t\t\t\t\t\t\t<img src=\"https:\/\/wowtea.eu\/cz\/files\/2021\/06\/bottle-product-image-600x600-yellow-label-1-300x300.jpg\" alt=\"bottle-product-image-600x600-yellow-label-1\" title=\"|\">\t\t\t\t\t\t\t<\/span>\n\t\t\t\t\t\t\t\t\t\t\t\t\t\t\t\t\t\t\t\t<\/div>\n\t\t\t\t\t\t\t\t\t\t\t\t\t\t<div class=\"pp-info-box-content\">\n\t\t\t\t\t\t\t\t<div class=\"pp-info-box-title-wrap\">\n\t\t\t\t\t\t\t\t\t<div class=\"pp-info-box-title-container\"><h2 class=\"pp-info-box-title\">\u017dlut\u00e1 l\u00e1hev<\/h2><\/div>\t\t\t\t\t\t\t\t<\/div>\n\n\t\t\t\t\t\t\t\t\n\t\t\t\t\t\t\t\t\t\t\t\t\t\t\t\t\t<div class=\"pp-info-box-description\">\n\t\t\t\t\t\t\t\t\t\t<ul><br \/>\n  <li><i class=\"fas fa-check\" style=\"color: crimson\"><\/i> <b>Nejlep\u0161\u00ed zp\u016fsob, jak p\u00edt \u010daj<\/b><\/li><br \/>\n  <li><i class=\"fas fa-check\" style=\"color: crimson\"><\/i> <b>Op\u011btovn\u011b pou\u017eiteln\u00fd = eko v\u00fdrobek<br \/>\n<\/b><\/li><br \/>\n  <li><i class=\"fas fa-check\" style=\"color: crimson\"><\/i> <b>Vynikaj\u00edc\u00ed filtrov\u00e1n\u00ed<br \/>\n<\/b><\/li><br \/>\n  <li><i class=\"fas fa-check\" style=\"color: crimson\"><\/i> <b>Snadn\u00e9 pou\u017eit\u00ed<br \/>\n<\/b><\/li><br \/>\n  <li><i class=\"fas fa-check\" style=\"color: crimson\"><\/i> <b>Vysoce kvalitn\u00ed materi\u00e1ly<br \/>\n<\/b><\/li><br \/>\n  <li><i class=\"fas fa-check\" style=\"color: crimson\"><\/i> <b>Stylov\u00e1 a vynikaj\u00edc\u00ed<\/b><\/li><br \/>\n<\/ul>\t\t\t\t\t\t\t\t\t<\/div>\n\t\t\t\t\t\t\t\t\t\t\t\t\t\t\t\t\t\n\t\t\t\t\t\t\t\t\t\t\t\t\t\t\t\t\t\t\t\t\t\t\t<\/div>\n\t\t\t\t\t\t<\/div>\n\t\t\t\t\t<\/div>\n\t\t\t\t\t\t\t\t\t<\/div>\n\t\t\t<\/div>\n\t\t\t\t\t\t<!-- Add Pagination -->\n\t\t\t<div class=\"swiper-pagination swiper-pagination-55baefa\"><\/div>\n\t\t\t\t\t\n\t\t\t\t\t\t\t<!-- Add Arrows -->\n\t\t\t\t<div class=\"swiper-button-prev swiper-button-prev-55baefa\">\n\t\t\t\t\t<i aria-hidden=\"true\" class=\"fas fa-caret-left\"><\/i>\n\t\t\t\t<\/div>\n\t\t\t\t<div class=\"swiper-button-next swiper-button-next-55baefa\">\n\t\t\t\t\t<i aria-hidden=\"true\" class=\"fas fa-caret-right\"><\/i>\n\t\t\t\t<\/div>\n\t\t\t\t\t\t\t\t<\/div>\n\t\t\t\t<\/div>\n\t\t\t\t<\/div>\n\t\t\t\t\t\t<\/div>\n\t\t\t\t\t<\/div>\n\t\t<\/div>\n\t\t\t\t\t\t\t\t<\/div>\n\t\t\t\t\t<\/div>\n\t\t<\/section>\n\t\t\t\t<section class=\"elementor-section elementor-top-section elementor-element elementor-element-5b9f0ae elementor-section-full_width elementor-section-height-default elementor-section-height-default\" data-id=\"5b9f0ae\" data-element_type=\"section\">\n\t\t\t\t\t\t<div class=\"elementor-container elementor-column-gap-default\">\n\t\t\t\t\t\t\t<div class=\"elementor-row\">\n\t\t\t\t\t<div class=\"elementor-column elementor-col-100 elementor-top-column elementor-element elementor-element-29b7765\" data-id=\"29b7765\" data-element_type=\"column\">\n\t\t\t<div class=\"elementor-column-wrap elementor-element-populated\">\n\t\t\t\t\t\t\t<div class=\"elementor-widget-wrap\">\n\t\t\t\t\t\t<div class=\"elementor-element elementor-element-ccfbc77 elementor-widget elementor-widget-template\" data-id=\"ccfbc77\" data-element_type=\"widget\" data-widget_type=\"template.default\">\n\t\t\t\t<div class=\"elementor-widget-container\">\n\t\t\t\t\t<div class=\"elementor-template\">\n\t\t\t\t\t<div data-elementor-type=\"section\" data-elementor-id=\"275224\" class=\"elementor elementor-275224\">\n\t\t\t\t\t<div class=\"elementor-section-wrap\">\n\t\t\t\t\t\t\t\t<section class=\"elementor-section elementor-top-section elementor-element elementor-element-7f5dc33a elementor-section-full_width elementor-section-height-min-height elementor-section-content-middle elementor-section-height-default elementor-section-items-middle\" data-id=\"7f5dc33a\" data-element_type=\"section\" data-settings=\"{&quot;background_background&quot;:&quot;classic&quot;}\">\n\t\t\t\t\t\t<div class=\"elementor-container elementor-column-gap-default\">\n\t\t\t\t\t\t\t<div class=\"elementor-row\">\n\t\t\t\t\t<div class=\"elementor-column elementor-col-100 elementor-top-column elementor-element elementor-element-65d38fd\" data-id=\"65d38fd\" data-element_type=\"column\">\n\t\t\t<div class=\"elementor-column-wrap elementor-element-populated\">\n\t\t\t\t\t\t\t<div class=\"elementor-widget-wrap\">\n\t\t\t\t\t\t<div class=\"elementor-element elementor-element-7f62e9c8 elementor-widget elementor-widget-heading\" data-id=\"7f62e9c8\" data-element_type=\"widget\" data-widget_type=\"heading.default\">\n\t\t\t\t<div class=\"elementor-widget-container\">\n\t\t\t<h2 class=\"elementor-heading-title elementor-size-default\">3 000 000+<\/h2>\t\t<\/div>\n\t\t\t\t<\/div>\n\t\t\t\t<div class=\"elementor-element elementor-element-fe05581 elementor-widget elementor-widget-heading\" data-id=\"fe05581\" data-element_type=\"widget\" data-widget_type=\"heading.default\">\n\t\t\t\t<div class=\"elementor-widget-container\">\n\t\t\t<h2 class=\"elementor-heading-title elementor-size-default\">prodan\u00fdch \u010daj\u016f po cel\u00e9 Evrop\u011b<\/h2>\t\t<\/div>\n\t\t\t\t<\/div>\n\t\t\t\t\t\t<\/div>\n\t\t\t\t\t<\/div>\n\t\t<\/div>\n\t\t\t\t\t\t\t\t<\/div>\n\t\t\t\t\t<\/div>\n\t\t<\/section>\n\t\t\t\t\t\t\t<\/div>\n\t\t\t\t<\/div>\n\t\t\t\t<\/div>\n\t\t\t\t<\/div>\n\t\t\t\t<\/div>\n\t\t\t\t\t\t<\/div>\n\t\t\t\t\t<\/div>\n\t\t<\/div>\n\t\t\t\t\t\t\t\t<\/div>\n\t\t\t\t\t<\/div>\n\t\t<\/section>\n\t\t\t\t<section class=\"elementor-section elementor-top-section elementor-element elementor-element-918f5ae elementor-section-height-min-height elementor-hidden-tablet elementor-hidden-phone elementor-section-full_width elementor-section-height-default elementor-section-items-middle\" data-id=\"918f5ae\" data-element_type=\"section\" data-settings=\"{&quot;background_background&quot;:&quot;classic&quot;}\">\n\t\t\t\t\t\t\t<div class=\"elementor-background-overlay\"><\/div>\n\t\t\t\t\t\t\t<div class=\"elementor-container elementor-column-gap-no\">\n\t\t\t\t\t\t\t<div class=\"elementor-row\">\n\t\t\t\t\t<div class=\"elementor-column elementor-col-50 elementor-top-column elementor-element elementor-element-21c2373\" data-id=\"21c2373\" data-element_type=\"column\" data-settings=\"{&quot;background_background&quot;:&quot;classic&quot;}\">\n\t\t\t<div class=\"elementor-column-wrap\">\n\t\t\t\t\t\t\t<div class=\"elementor-widget-wrap\">\n\t\t\t\t\t\t\t\t<\/div>\n\t\t\t\t\t<\/div>\n\t\t<\/div>\n\t\t\t\t<div class=\"elementor-column elementor-col-50 elementor-top-column elementor-element elementor-element-4509dfe\" data-id=\"4509dfe\" data-element_type=\"column\">\n\t\t\t<div class=\"elementor-column-wrap elementor-element-populated\">\n\t\t\t\t\t\t\t<div class=\"elementor-widget-wrap\">\n\t\t\t\t\t\t<div class=\"elementor-element elementor-element-340e86a elementor-widget elementor-widget-heading\" data-id=\"340e86a\" data-element_type=\"widget\" data-widget_type=\"heading.default\">\n\t\t\t\t<div class=\"elementor-widget-container\">\n\t\t\t<h2 class=\"elementor-heading-title elementor-size-default\">snadn\u00e1 p\u0159\u00edprava<\/h2>\t\t<\/div>\n\t\t\t\t<\/div>\n\t\t\t\t<div class=\"elementor-element elementor-element-456d366 pp-icon-list-traditional pp-icon-left elementor-widget elementor-widget-pp-icon-list\" data-id=\"456d366\" data-element_type=\"widget\" data-widget_type=\"pp-icon-list.default\">\n\t\t\t\t<div class=\"elementor-widget-container\">\n\t\t\t\t\t<div class=\"pp-list-container\">\n\t\t\t<ul class=\"pp-list-items\">\n\t\t\t\t\t\t\t\t\t\t\t\t\t\t\t\t\t\t\t\t\t<li class=\"pp-icon-list-item\">\n\t\t\t\t\t\t\t\t\t\t<span class=\"pp-icon-wrapper\">\n\t\t\t\t<span class=\"pp-icon-list-icon \">1<\/span>\t\t\t<\/span>\n\t\t\t<span class=\"pp-icon-list-text\">5 gram\u016f (1 pol\u00e9vkov\u00e1 l\u017e\u00edce) \u010daje  zalijeme 400-500 ml hork\u00e9 vody.<\/span>\t\t\t\t\t\t<\/li>\n\t\t\t\t\t\t\t\t\t\t\t\t\t\t\t\t\t\t\t\t\t\t\t\t\t\t\t<li class=\"pp-icon-list-item\">\n\t\t\t\t\t\t\t\t\t\t<span class=\"pp-icon-wrapper\">\n\t\t\t\t<span class=\"pp-icon-list-icon \">2<\/span>\t\t\t<\/span>\n\t\t\t<span class=\"pp-icon-list-text\">Louhujeme 5-7  minut<\/span>\t\t\t\t\t\t<\/li>\n\t\t\t\t\t\t\t\t\t\t\t\t\t\t\t\t\t\t\t\t\t\t\t\t\t\t\t<li class=\"pp-icon-list-item\">\n\t\t\t\t\t\t\t\t\t\t<span class=\"pp-icon-wrapper\">\n\t\t\t\t<span class=\"pp-icon-list-icon \">3<\/span>\t\t\t<\/span>\n\t\t\t<span class=\"pp-icon-list-text\">U\u017eijte si jeho chu\u0165<\/span>\t\t\t\t\t\t<\/li>\n\t\t\t\t\t\t\t\t\t\t\t\t\t<\/ul>\n\t\t<\/div>\n\t\t\t\t<\/div>\n\t\t\t\t<\/div>\n\t\t\t\t\t\t<\/div>\n\t\t\t\t\t<\/div>\n\t\t<\/div>\n\t\t\t\t\t\t\t\t<\/div>\n\t\t\t\t\t<\/div>\n\t\t<\/section>\n\t\t\t\t<section class=\"elementor-section elementor-top-section elementor-element elementor-element-9aaffa2 elementor-section-full_width elementor-section-height-min-height elementor-hidden-desktop elementor-hidden-tablet elementor-section-height-default elementor-section-items-middle\" data-id=\"9aaffa2\" data-element_type=\"section\" data-settings=\"{&quot;background_background&quot;:&quot;classic&quot;}\">\n\t\t\t\t\t\t\t<div class=\"elementor-background-overlay\"><\/div>\n\t\t\t\t\t\t\t<div class=\"elementor-container elementor-column-gap-no\">\n\t\t\t\t\t\t\t<div class=\"elementor-row\">\n\t\t\t\t\t<div class=\"elementor-column elementor-col-100 elementor-top-column elementor-element elementor-element-bc95b7d\" data-id=\"bc95b7d\" data-element_type=\"column\">\n\t\t\t<div class=\"elementor-column-wrap elementor-element-populated\">\n\t\t\t\t\t\t\t<div class=\"elementor-widget-wrap\">\n\t\t\t\t\t\t<div class=\"elementor-element elementor-element-21bf360 elementor-widget elementor-widget-image\" data-id=\"21bf360\" data-element_type=\"widget\" data-widget_type=\"image.default\">\n\t\t\t\t<div class=\"elementor-widget-container\">\n\t\t\t\t\t\t\t\t<div class=\"elementor-image\">\n\t\t\t\t\t\t\t\t\t\t\t\t<img width=\"460\" height=\"600\" src=\"https:\/\/wowtea.eu\/cz\/files\/2022\/10\/How-to-prepare-mobile-1.jpg\" class=\"attachment-large size-large wp-image-208662\" alt=\"|\" loading=\"lazy\" srcset=\"https:\/\/wowtea.eu\/cz\/files\/2022\/10\/How-to-prepare-mobile-1.jpg 460w, https:\/\/wowtea.eu\/cz\/files\/2022\/10\/How-to-prepare-mobile-1-230x300.jpg 230w, https:\/\/wowtea.eu\/cz\/files\/2022\/10\/How-to-prepare-mobile-1-77x100.jpg 77w\" sizes=\"(max-width: 460px) 100vw, 460px\" title=\"|\">\t\t\t\t\t\t\t\t\t\t\t\t\t\t<\/div>\n\t\t\t\t\t\t<\/div>\n\t\t\t\t<\/div>\n\t\t\t\t<div class=\"elementor-element elementor-element-0b6d492 elementor-widget elementor-widget-heading\" data-id=\"0b6d492\" data-element_type=\"widget\" data-widget_type=\"heading.default\">\n\t\t\t\t<div class=\"elementor-widget-container\">\n\t\t\t<h2 class=\"elementor-heading-title elementor-size-default\">snadn\u00e1 p\u0159\u00edprava<\/h2>\t\t<\/div>\n\t\t\t\t<\/div>\n\t\t\t\t<div class=\"elementor-element elementor-element-c236ffd pp-icon-list-traditional pp-icon-left elementor-widget elementor-widget-pp-icon-list\" data-id=\"c236ffd\" data-element_type=\"widget\" data-widget_type=\"pp-icon-list.default\">\n\t\t\t\t<div class=\"elementor-widget-container\">\n\t\t\t\t\t<div class=\"pp-list-container\">\n\t\t\t<ul class=\"pp-list-items\">\n\t\t\t\t\t\t\t\t\t\t\t\t\t\t\t\t\t\t\t\t\t<li class=\"pp-icon-list-item\">\n\t\t\t\t\t\t\t\t\t\t<span class=\"pp-icon-wrapper\">\n\t\t\t\t<span class=\"pp-icon-list-icon \">1<\/span>\t\t\t<\/span>\n\t\t\t<span class=\"pp-icon-list-text\">5 gram\u016f (1 pol\u00e9vkov\u00e1 l\u017e\u00edce) \u010daje  zalijeme 400-500 ml hork\u00e9 vody.<\/span>\t\t\t\t\t\t<\/li>\n\t\t\t\t\t\t\t\t\t\t\t\t\t\t\t\t\t\t\t\t\t\t\t\t\t\t\t<li class=\"pp-icon-list-item\">\n\t\t\t\t\t\t\t\t\t\t<span class=\"pp-icon-wrapper\">\n\t\t\t\t<span class=\"pp-icon-list-icon \">2<\/span>\t\t\t<\/span>\n\t\t\t<span class=\"pp-icon-list-text\">Louhujeme 5-7  minut<\/span>\t\t\t\t\t\t<\/li>\n\t\t\t\t\t\t\t\t\t\t\t\t\t\t\t\t\t\t\t\t\t\t\t\t\t\t\t<li class=\"pp-icon-list-item\">\n\t\t\t\t\t\t\t\t\t\t<span class=\"pp-icon-wrapper\">\n\t\t\t\t<span class=\"pp-icon-list-icon \">3<\/span>\t\t\t<\/span>\n\t\t\t<span class=\"pp-icon-list-text\">U\u017eijte si jeho chu\u0165<\/span>\t\t\t\t\t\t<\/li>\n\t\t\t\t\t\t\t\t\t\t\t\t\t<\/ul>\n\t\t<\/div>\n\t\t\t\t<\/div>\n\t\t\t\t<\/div>\n\t\t\t\t\t\t<\/div>\n\t\t\t\t\t<\/div>\n\t\t<\/div>\n\t\t\t\t\t\t\t\t<\/div>\n\t\t\t\t\t<\/div>\n\t\t<\/section>\n\t\t\t\t<section class=\"elementor-section elementor-top-section elementor-element elementor-element-2026aa0 elementor-section-full_width elementor-section-height-default elementor-section-height-default\" data-id=\"2026aa0\" data-element_type=\"section\">\n\t\t\t\t\t\t<div class=\"elementor-container elementor-column-gap-default\">\n\t\t\t\t\t\t\t<div class=\"elementor-row\">\n\t\t\t\t\t<div class=\"elementor-column elementor-col-100 elementor-top-column elementor-element elementor-element-907fbd1\" data-id=\"907fbd1\" data-element_type=\"column\">\n\t\t\t<div class=\"elementor-column-wrap elementor-element-populated\">\n\t\t\t\t\t\t\t<div class=\"elementor-widget-wrap\">\n\t\t\t\t\t\t<div class=\"elementor-element elementor-element-03e55b6 elementor-widget elementor-widget-responsive-image\" data-id=\"03e55b6\" data-element_type=\"widget\" data-widget_type=\"responsive-image.default\">\n\t\t\t\t<div class=\"elementor-widget-container\">\n\t\t\t<div class=\"elementor-image\"><picture><source srcset=\"https:\/\/wowtea.eu\/cz\/files\/2021\/06\/THE-PERFECT-BEACH-DRINK-ummer-detox-D-CZ-1.jpg\" media=\"(min-width: 1025px)\"><source srcset=\"https:\/\/wowtea.eu\/cz\/files\/2021\/06\/THE-PERFECT-BEACH-DRINK-ummer-detox-D-CZ-1.jpg\" media=\"(min-width: 768px)\"><source srcset=\"https:\/\/wowtea.eu\/cz\/files\/2021\/06\/THE-PERFECT-BEACH-DRINK-ummer-detox-M-CZ-1.jpg\" ><img alt=\"|\" title=\"|\" loading=\"lazy\" src=\"https:\/\/wowtea.eu\/cz\/files\/2021\/06\/THE-PERFECT-BEACH-DRINK-ummer-detox-M-CZ-1.jpg\"><\/picture><\/div>        \t\t<\/div>\n\t\t\t\t<\/div>\n\t\t\t\t\t\t<\/div>\n\t\t\t\t\t<\/div>\n\t\t<\/div>\n\t\t\t\t\t\t\t\t<\/div>\n\t\t\t\t\t<\/div>\n\t\t<\/section>\n\t\t\t\t<section class=\"elementor-section elementor-top-section elementor-element elementor-element-83774ea elementor-section-full_width elementor-section-height-default elementor-section-height-default\" data-id=\"83774ea\" data-element_type=\"section\">\n\t\t\t\t\t\t<div class=\"elementor-container elementor-column-gap-default\">\n\t\t\t\t\t\t\t<div class=\"elementor-row\">\n\t\t\t\t\t<div class=\"elementor-column elementor-col-100 elementor-top-column elementor-element elementor-element-c6e594b\" data-id=\"c6e594b\" data-element_type=\"column\">\n\t\t\t<div class=\"elementor-column-wrap elementor-element-populated\">\n\t\t\t\t\t\t\t<div class=\"elementor-widget-wrap\">\n\t\t\t\t\t\t<div class=\"elementor-element elementor-element-f4f7056 elementor-widget elementor-widget-template\" data-id=\"f4f7056\" data-element_type=\"widget\" data-widget_type=\"template.default\">\n\t\t\t\t<div class=\"elementor-widget-container\">\n\t\t\t\t\t<div class=\"elementor-template\">\n\t\t\t\t\t<div data-elementor-type=\"page\" data-elementor-id=\"275181\" class=\"elementor elementor-275181\">\n\t\t\t\t\t\t<div class=\"elementor-inner\">\n\t\t\t\t<div class=\"elementor-section-wrap\">\n\t\t\t\t\t\t\t\t\t<section class=\"elementor-section elementor-top-section elementor-element elementor-element-e339049 elementor-section-boxed elementor-section-height-default elementor-section-height-default\" data-id=\"e339049\" data-element_type=\"section\">\n\t\t\t\t\t\t<div class=\"elementor-container elementor-column-gap-default\">\n\t\t\t\t\t\t\t<div class=\"elementor-row\">\n\t\t\t\t\t<div class=\"elementor-column elementor-col-100 elementor-top-column elementor-element elementor-element-2643586\" data-id=\"2643586\" data-element_type=\"column\">\n\t\t\t<div class=\"elementor-column-wrap elementor-element-populated\">\n\t\t\t\t\t\t\t<div class=\"elementor-widget-wrap\">\n\t\t\t\t\t\t<div class=\"elementor-element elementor-element-c0f3e0e elementor-widget elementor-widget-html\" data-id=\"c0f3e0e\" data-element_type=\"widget\" data-widget_type=\"html.default\">\n\t\t\t\t<div class=\"elementor-widget-container\">\n\t\t\t<!-- TrustBox widget - Carousel -->\r\n<div class=\"trustpilot-widget\" data-locale=\"en-US\" data-template-id=\"53aa8912dec7e10d38f59f36\" data-businessunit-id=\"60029def312cb900013df992\" data-style-height=\"320px\" data-style-width=\"100%\" data-theme=\"light\" data-tags=\"CZ\" data-stars=\"1,2,3,4,5\">\r\n  <a href=\"https:\/\/www.trustpilot.com\/review\/wowtea.eu\" target=\"_blank\" rel=\"noopener\">Trustpilot<\/a>\r\n<\/div>\r\n<!-- End TrustBox widget -->\t\t<\/div>\n\t\t\t\t<\/div>\n\t\t\t\t\t\t<\/div>\n\t\t\t\t\t<\/div>\n\t\t<\/div>\n\t\t\t\t\t\t\t\t<\/div>\n\t\t\t\t\t<\/div>\n\t\t<\/section>\n\t\t\t\t\t\t\t\t\t<\/div>\n\t\t\t<\/div>\n\t\t\t\t\t<\/div>\n\t\t\t\t<\/div>\n\t\t\t\t<\/div>\n\t\t\t\t<\/div>\n\t\t\t\t\t\t<\/div>\n\t\t\t\t\t<\/div>\n\t\t<\/div>\n\t\t\t\t\t\t\t\t<\/div>\n\t\t\t\t\t<\/div>\n\t\t<\/section>\n\t\t\t\t\t\t\t\t\t<\/div>\n\t\t\t<\/div>\n\t\t\t\t\t<\/div>\n\t\t","protected":false},"excerpt":{"rendered":"<ul class=\"check_list\">\n<li>Summer Tropicana Detox \u010daj<\/li>\n<li>Summer Tropicana Collagen<\/li>\n<li>\u017dlut\u00e1 l\u00e1hev<\/li>\n<\/ul>\n","protected":false},"featured_media":238943,"comment_status":"open","ping_status":"closed","template":"","meta":{"inline_featured_image":false},"product_cat":[120,334,363,362,102,133,333],"product_tag":[270],"acf":[],"variations_data":[],"free_delivery":false,"currency_name":"&#75;&#269;","regular_price":"2087","sale_price":"1774.00","price":"1774.00","image":"https:\/\/wowtea.eu\/cz\/files\/2024\/06\/WOWTEA-WEB-Summer-Bundles-Summer-Vibes-bundle.png","_links":{"self":[{"href":"https:\/\/wowtea.eu\/cz\/wp-json\/wp\/v2\/product\/239009"}],"collection":[{"href":"https:\/\/wowtea.eu\/cz\/wp-json\/wp\/v2\/product"}],"about":[{"href":"https:\/\/wowtea.eu\/cz\/wp-json\/wp\/v2\/types\/product"}],"replies":[{"embeddable":true,"href":"https:\/\/wowtea.eu\/cz\/wp-json\/wp\/v2\/comments?post=239009"}],"version-history":[{"count":41,"href":"https:\/\/wowtea.eu\/cz\/wp-json\/wp\/v2\/product\/239009\/revisions"}],"predecessor-version":[{"id":278850,"href":"https:\/\/wowtea.eu\/cz\/wp-json\/wp\/v2\/product\/239009\/revisions\/278850"}],"wp:featuredmedia":[{"embeddable":true,"href":"https:\/\/wowtea.eu\/cz\/wp-json\/wp\/v2\/media\/238943"}],"wp:attachment":[{"href":"https:\/\/wowtea.eu\/cz\/wp-json\/wp\/v2\/media?parent=239009"}],"wp:term":[{"taxonomy":"product_cat","embeddable":true,"href":"https:\/\/wowtea.eu\/cz\/wp-json\/wp\/v2\/product_cat?post=239009"},{"taxonomy":"product_tag","embeddable":true,"href":"https:\/\/wowtea.eu\/cz\/wp-json\/wp\/v2\/product_tag?post=239009"}],"curies":[{"name":"wp","href":"https:\/\/api.w.org\/{rel}","templated":true}]}}