{"id":272878,"date":"2025-06-19T09:51:54","date_gmt":"2025-06-19T07:51:54","guid":{"rendered":"https:\/\/wowtea.eu\/cz\/?post_type=product&#038;p=272878"},"modified":"2026-04-01T00:20:19","modified_gmt":"2026-03-31T22:20:19","slug":"infusion-collection","status":"publish","type":"product","link":"https:\/\/wowtea.eu\/cz\/product\/infusion-collection\/","title":{"rendered":"Infusion Drops Collection"},"content":{"rendered":"\t\t<div data-elementor-type=\"product-post\" data-elementor-id=\"272878\" class=\"elementor elementor-272878\">\n\t\t\t\t\t\t<div class=\"elementor-inner\">\n\t\t\t\t<div class=\"elementor-section-wrap\">\n\t\t\t\t\t\t\t\t\t<section class=\"elementor-section elementor-top-section elementor-element elementor-element-7c7e536 elementor-section-boxed elementor-section-height-default elementor-section-height-default\" data-id=\"7c7e536\" data-element_type=\"section\">\n\t\t\t\t\t\t<div class=\"elementor-container elementor-column-gap-no\">\n\t\t\t\t\t\t\t<div class=\"elementor-row\">\n\t\t\t\t\t<div class=\"elementor-column elementor-col-100 elementor-top-column elementor-element elementor-element-9715caa\" data-id=\"9715caa\" data-element_type=\"column\">\n\t\t\t<div class=\"elementor-column-wrap elementor-element-populated\">\n\t\t\t\t\t\t\t<div class=\"elementor-widget-wrap\">\n\t\t\t\t\t\t<div class=\"elementor-element elementor-element-ae99a28 elementor-widget elementor-widget-custom_title\" data-id=\"ae99a28\" data-element_type=\"widget\" data-widget_type=\"custom_title.default\">\n\t\t\t\t<div class=\"elementor-widget-container\">\n\t\t\t      <!-- border_title center_border -->\n      \n               <div class=\"custom_title\" style=\"color: #FCC504\" >\n            <h2 class=\"title border_title center \"><span>Infusion Drops Collection<\/span> <\/h2>\n         <\/div>\n      \n\n   \t\t<\/div>\n\t\t\t\t<\/div>\n\t\t\t\t<div class=\"elementor-element elementor-element-2927582 elementor-widget elementor-widget-text-editor\" data-id=\"2927582\" data-element_type=\"widget\" data-widget_type=\"text-editor.default\">\n\t\t\t\t<div class=\"elementor-widget-container\">\n\t\t\t\t\t\t\t\t<div class=\"elementor-text-editor elementor-clearfix\">\n\t\t\t\t<p>CO OBSAHUJE BAL\u00cdK?<\/p>\t\t\t\t\t<\/div>\n\t\t\t\t\t\t<\/div>\n\t\t\t\t<\/div>\n\t\t\t\t<div class=\"elementor-element elementor-element-55baefa elementor-widget elementor-widget-pp-info-box-carousel\" data-id=\"55baefa\" data-element_type=\"widget\" data-settings=\"{&quot;equal_height_boxes&quot;:&quot;yes&quot;}\" data-widget_type=\"pp-info-box-carousel.default\">\n\t\t\t\t<div class=\"elementor-widget-container\">\n\t\t\t\t\t<div class=\"swiper-container-wrap pp-info-box-carousel-wrap swiper-container-wrap-dots-outside\">\n\t\t\t<div class=\"pp-info-box pp-info-box-carousel swiper-container swiper-container-55baefa\" data-pagination=\".swiper-pagination-55baefa\" data-arrow-next=\".swiper-button-next-55baefa\" data-arrow-prev=\".swiper-button-prev-55baefa\" data-slider-settings=\"{&quot;direction&quot;:&quot;horizontal&quot;,&quot;effect&quot;:&quot;slide&quot;,&quot;speed&quot;:600,&quot;slidesPerView&quot;:3,&quot;spaceBetween&quot;:35,&quot;grabCursor&quot;:false,&quot;autoHeight&quot;:true,&quot;loop&quot;:true,&quot;autoplay&quot;:{&quot;delay&quot;:999999,&quot;disableOnInteraction&quot;:false},&quot;pagination&quot;:{&quot;el&quot;:&quot;.swiper-pagination-55baefa&quot;,&quot;type&quot;:&quot;bullets&quot;,&quot;clickable&quot;:true},&quot;navigation&quot;:{&quot;nextEl&quot;:&quot;.swiper-button-next-55baefa&quot;,&quot;prevEl&quot;:&quot;.swiper-button-prev-55baefa&quot;},&quot;breakpoints&quot;:{&quot;1025&quot;:{&quot;slidesPerView&quot;:3,&quot;spaceBetween&quot;:35},&quot;768&quot;:{&quot;slidesPerView&quot;:2,&quot;spaceBetween&quot;:10},&quot;320&quot;:{&quot;slidesPerView&quot;:1,&quot;spaceBetween&quot;:25}}}\">\n\t\t\t\t<div class=\"swiper-wrapper\">\n\t\t\t\t\t\t\t\t\t<div class=\"swiper-slide\">\n\t\t\t\t\t\t<div class=\"pp-info-box-content-wrap\">\n\t\t\t\t\t\t\t\t\t\t\t\t\t\t\t\t\t\t\t\t\t\t<div class=\"pp-info-box-icon-wrap\">\n\t\t\t\t\t\t\t\t\t\t\t\t\t\t\t\t\t\t\t\t\t<span class=\"pp-info-box-icon pp-icon\">\n\t\t\t\t\t\t\t\t\t<img src=\"https:\/\/wowtea.eu\/cz\/files\/2025\/06\/Drops-Detox-upsale-x1-1-300x300.png\" alt=\"Drops-Detox-upsale-x1\" title=\"|\">\t\t\t\t\t\t\t<\/span>\n\t\t\t\t\t\t\t\t\t\t\t\t\t\t\t\t\t\t\t\t<\/div>\n\t\t\t\t\t\t\t\t\t\t\t\t\t\t<div class=\"pp-info-box-content\">\n\t\t\t\t\t\t\t\t<div class=\"pp-info-box-title-wrap\">\n\t\t\t\t\t\t\t\t\t<div class=\"pp-info-box-title-container\"><h2 class=\"pp-info-box-title\">Detox Tropicana Infusion Drops<\/h2><\/div>\t\t\t\t\t\t\t\t<\/div>\n\n\t\t\t\t\t\t\t\t\n\t\t\t\t\t\t\t\t\t\t\t\t\t\t\t\t\t<div class=\"pp-info-box-description\">\n\t\t\t\t\t\t\t\t\t\t<span style=\"text-align:left\">  <br \/>\n  <ul style=\"font-size:13px\"><br \/>\n    <li><i class=\"fas fa-check\" style=\"color: crimson\"><\/i> <b>\u010cist\u00edc\u00ed detox<\/b><\/br><\/li><br \/>\n    <li><i class=\"fas fa-check\" style=\"color: crimson\"><\/i> <b>Efekt WaterOut<\/b><\/br><\/li><br \/>\n    <li><i class=\"fas fa-check\" style=\"color: crimson\"><\/i> <b>Sni\u017euje nad\u00fdm\u00e1n\u00ed<\/b><\/br><\/li><br \/>\n    <li><i class=\"fas fa-check\" style=\"color: crimson\"><\/i> <b>Alkalizuj\u00edc\u00ed \u00fa\u010dinek<\/b><br><\/li><br \/>\n    <li><i class=\"fas fa-check\" style=\"color: crimson\"><\/i> <b>\u010cist\u00ed poko\u017eku<\/b><\/br><\/li><br \/>\n  <\/ul><br \/>\n<\/span><br \/>\n\t\t\t\t\t\t\t\t\t<\/div>\n\t\t\t\t\t\t\t\t\t\t\t\t\t\t\t\t\t\n\t\t\t\t\t\t\t\t\t\t\t\t\t\t\t\t\t\t\t\t\t\t\t<\/div>\n\t\t\t\t\t\t<\/div>\n\t\t\t\t\t<\/div>\n\t\t\t\t\t\t\t\t\t\t<div class=\"swiper-slide\">\n\t\t\t\t\t\t<div class=\"pp-info-box-content-wrap\">\n\t\t\t\t\t\t\t\t\t\t\t\t\t\t\t\t\t\t\t\t\t\t<div class=\"pp-info-box-icon-wrap\">\n\t\t\t\t\t\t\t\t\t\t\t\t\t\t\t\t\t\t\t\t\t<span class=\"pp-info-box-icon pp-icon\">\n\t\t\t\t\t\t\t\t\t<img src=\"https:\/\/wowtea.eu\/cz\/files\/2025\/06\/Drops-Slimfit-upsale-x1-1-300x300.png\" alt=\"Drops-Slimfit-upsale-x1\" title=\"|\">\t\t\t\t\t\t\t<\/span>\n\t\t\t\t\t\t\t\t\t\t\t\t\t\t\t\t\t\t\t\t<\/div>\n\t\t\t\t\t\t\t\t\t\t\t\t\t\t<div class=\"pp-info-box-content\">\n\t\t\t\t\t\t\t\t<div class=\"pp-info-box-title-wrap\">\n\t\t\t\t\t\t\t\t\t<div class=\"pp-info-box-title-container\"><h2 class=\"pp-info-box-title\">Slimfit Tropicana Infusion Drops<\/h2><\/div>\t\t\t\t\t\t\t\t<\/div>\n\n\t\t\t\t\t\t\t\t\n\t\t\t\t\t\t\t\t\t\t\t\t\t\t\t\t\t<div class=\"pp-info-box-description\">\n\t\t\t\t\t\t\t\t\t\t<span style=\"text-align:left\">  <br \/>\n  <ul style=\"font-size:13px\"><br \/>\n    <li><i class=\"fas fa-check\" style=\"color: crimson\"><\/i> <b>Podporuje spalov\u00e1n\u00ed kalori\u00ed a tuk\u016f<\/b><\/br><\/li><br \/>\n    <li><i class=\"fas fa-check\" style=\"color: crimson\"><\/i> <b>Odvod\u0148uje organismus<\/b><\/br><\/li><br \/>\n    <li><i class=\"fas fa-check\" style=\"color: crimson\"><\/i> <b>Odstra\u0148uje nad\u00fdm\u00e1n\u00ed v oblasti b\u0159icha<\/b><br><\/li><br \/>\n    <li><i class=\"fas fa-check\" style=\"color: crimson\"><\/i> <b>Sni\u017euje chu\u0165 k j\u00eddlu a p\u0159\u00edjem kalori\u00ed<\/b><\/br><\/li><br \/>\n  <\/ul><br \/>\n<\/span><br \/>\n\t\t\t\t\t\t\t\t\t<\/div>\n\t\t\t\t\t\t\t\t\t\t\t\t\t\t\t\t\t\n\t\t\t\t\t\t\t\t\t\t\t\t\t\t\t\t\t\t\t\t\t\t\t<\/div>\n\t\t\t\t\t\t<\/div>\n\t\t\t\t\t<\/div>\n\t\t\t\t\t\t\t\t\t\t<div class=\"swiper-slide\">\n\t\t\t\t\t\t<div class=\"pp-info-box-content-wrap\">\n\t\t\t\t\t\t\t\t\t\t\t\t\t\t\t\t\t\t\t\t\t\t<div class=\"pp-info-box-icon-wrap\">\n\t\t\t\t\t\t\t\t\t\t\t\t\t\t\t\t\t\t\t\t\t<span class=\"pp-info-box-icon pp-icon\">\n\t\t\t\t\t\t\t\t\t<img src=\"https:\/\/wowtea.eu\/cz\/files\/2025\/06\/Drops-Wellnesst-upsale-x1-300x300.png\" alt=\"Drops-Wellnesst-upsale-x1\" title=\"|\">\t\t\t\t\t\t\t<\/span>\n\t\t\t\t\t\t\t\t\t\t\t\t\t\t\t\t\t\t\t\t<\/div>\n\t\t\t\t\t\t\t\t\t\t\t\t\t\t<div class=\"pp-info-box-content\">\n\t\t\t\t\t\t\t\t<div class=\"pp-info-box-title-wrap\">\n\t\t\t\t\t\t\t\t\t<div class=\"pp-info-box-title-container\"><h2 class=\"pp-info-box-title\">Wellness Tropicana Infusion Drops<\/h2><\/div>\t\t\t\t\t\t\t\t<\/div>\n\n\t\t\t\t\t\t\t\t\n\t\t\t\t\t\t\t\t\t\t\t\t\t\t\t\t\t<div class=\"pp-info-box-description\">\n\t\t\t\t\t\t\t\t\t\t<span style=\"text-align:left\">  <br \/>\n  <ul style=\"font-size:13px\"><br \/>\n    <li><i class=\"fas fa-check\" style=\"color: crimson\"><\/i> <b>Sni\u017euje stres a uklid\u0148uje<\/b><\/br><\/li><br \/>\n    <li><i class=\"fas fa-check\" style=\"color: crimson\"><\/i> <b>Udr\u017euje hormon\u00e1ln\u00ed rovnov\u00e1hu<\/b><\/br><\/li><br \/>\n    <li><i class=\"fas fa-check\" style=\"color: crimson\"><\/i> <b>Posiluje imunitu<\/b><\/br><\/li><br \/>\n    <li><i class=\"fas fa-check\" style=\"color: crimson\"><\/i> <b>Antioxida\u010dn\u00ed \u00fa\u010dinek<\/b><br><\/li><br \/>\n    <li><i class=\"fas fa-check\" style=\"color: crimson\"><\/i> <b>Kapky pro zdrav\u00ed a dlouhov\u011bkost<\/b><\/br><\/li><br \/>\n  <\/ul><br \/>\n<\/span><br \/>\n\t\t\t\t\t\t\t\t\t<\/div>\n\t\t\t\t\t\t\t\t\t\t\t\t\t\t\t\t\t\n\t\t\t\t\t\t\t\t\t\t\t\t\t\t\t\t\t\t\t\t\t\t\t<\/div>\n\t\t\t\t\t\t<\/div>\n\t\t\t\t\t<\/div>\n\t\t\t\t\t\t\t\t\t<\/div>\n\t\t\t<\/div>\n\t\t\t\t\t\t<!-- Add Pagination -->\n\t\t\t<div class=\"swiper-pagination swiper-pagination-55baefa\"><\/div>\n\t\t\t\t\t\n\t\t\t\t\t\t\t<!-- Add Arrows -->\n\t\t\t\t<div class=\"swiper-button-prev swiper-button-prev-55baefa\">\n\t\t\t\t\t<i aria-hidden=\"true\" class=\"fas fa-caret-left\"><\/i>\n\t\t\t\t<\/div>\n\t\t\t\t<div class=\"swiper-button-next swiper-button-next-55baefa\">\n\t\t\t\t\t<i aria-hidden=\"true\" class=\"fas fa-caret-right\"><\/i>\n\t\t\t\t<\/div>\n\t\t\t\t\t\t\t\t<\/div>\n\t\t\t\t<\/div>\n\t\t\t\t<\/div>\n\t\t\t\t\t\t<\/div>\n\t\t\t\t\t<\/div>\n\t\t<\/div>\n\t\t\t\t\t\t\t\t<\/div>\n\t\t\t\t\t<\/div>\n\t\t<\/section>\n\t\t\t\t<section class=\"elementor-section elementor-top-section elementor-element elementor-element-5cc59fb elementor-section-full_width elementor-section-height-min-height elementor-section-height-default elementor-section-items-middle\" data-id=\"5cc59fb\" data-element_type=\"section\" data-settings=\"{&quot;background_background&quot;:&quot;classic&quot;}\">\n\t\t\t\t\t\t<div class=\"elementor-container elementor-column-gap-no\">\n\t\t\t\t\t\t\t<div class=\"elementor-row\">\n\t\t\t\t\t<div class=\"elementor-column elementor-col-100 elementor-top-column elementor-element elementor-element-c9a5c87\" data-id=\"c9a5c87\" data-element_type=\"column\" data-settings=\"{&quot;background_background&quot;:&quot;classic&quot;}\">\n\t\t\t<div class=\"elementor-column-wrap elementor-element-populated\">\n\t\t\t\t\t\t\t<div class=\"elementor-widget-wrap\">\n\t\t\t\t\t\t<div class=\"elementor-element elementor-element-5c3ab31 elementor-widget elementor-widget-template\" data-id=\"5c3ab31\" data-element_type=\"widget\" data-widget_type=\"template.default\">\n\t\t\t\t<div class=\"elementor-widget-container\">\n\t\t\t\t\t<div class=\"elementor-template\">\n\t\t\t\t\t<div data-elementor-type=\"section\" data-elementor-id=\"275224\" class=\"elementor elementor-275224\">\n\t\t\t\t\t<div class=\"elementor-section-wrap\">\n\t\t\t\t\t\t\t\t<section class=\"elementor-section elementor-top-section elementor-element elementor-element-7f5dc33a elementor-section-full_width elementor-section-height-min-height elementor-section-content-middle elementor-section-height-default elementor-section-items-middle\" data-id=\"7f5dc33a\" data-element_type=\"section\" data-settings=\"{&quot;background_background&quot;:&quot;classic&quot;}\">\n\t\t\t\t\t\t<div class=\"elementor-container elementor-column-gap-default\">\n\t\t\t\t\t\t\t<div class=\"elementor-row\">\n\t\t\t\t\t<div class=\"elementor-column elementor-col-100 elementor-top-column elementor-element elementor-element-65d38fd\" data-id=\"65d38fd\" data-element_type=\"column\">\n\t\t\t<div class=\"elementor-column-wrap elementor-element-populated\">\n\t\t\t\t\t\t\t<div class=\"elementor-widget-wrap\">\n\t\t\t\t\t\t<div class=\"elementor-element elementor-element-7f62e9c8 elementor-widget elementor-widget-heading\" data-id=\"7f62e9c8\" data-element_type=\"widget\" data-widget_type=\"heading.default\">\n\t\t\t\t<div class=\"elementor-widget-container\">\n\t\t\t<h2 class=\"elementor-heading-title elementor-size-default\">3 000 000+<\/h2>\t\t<\/div>\n\t\t\t\t<\/div>\n\t\t\t\t<div class=\"elementor-element elementor-element-fe05581 elementor-widget elementor-widget-heading\" data-id=\"fe05581\" data-element_type=\"widget\" data-widget_type=\"heading.default\">\n\t\t\t\t<div class=\"elementor-widget-container\">\n\t\t\t<h2 class=\"elementor-heading-title elementor-size-default\">prodan\u00fdch \u010daj\u016f po cel\u00e9 Evrop\u011b<\/h2>\t\t<\/div>\n\t\t\t\t<\/div>\n\t\t\t\t\t\t<\/div>\n\t\t\t\t\t<\/div>\n\t\t<\/div>\n\t\t\t\t\t\t\t\t<\/div>\n\t\t\t\t\t<\/div>\n\t\t<\/section>\n\t\t\t\t\t\t\t<\/div>\n\t\t\t\t<\/div>\n\t\t\t\t<\/div>\n\t\t\t\t<\/div>\n\t\t\t\t<\/div>\n\t\t\t\t\t\t<\/div>\n\t\t\t\t\t<\/div>\n\t\t<\/div>\n\t\t\t\t\t\t\t\t<\/div>\n\t\t\t\t\t<\/div>\n\t\t<\/section>\n\t\t\t\t<section class=\"elementor-section elementor-top-section elementor-element elementor-element-2026aa0 elementor-section-full_width elementor-section-height-default elementor-section-height-default\" data-id=\"2026aa0\" data-element_type=\"section\">\n\t\t\t\t\t\t<div class=\"elementor-container elementor-column-gap-default\">\n\t\t\t\t\t\t\t<div class=\"elementor-row\">\n\t\t\t\t\t<div class=\"elementor-column elementor-col-100 elementor-top-column elementor-element elementor-element-907fbd1\" data-id=\"907fbd1\" data-element_type=\"column\">\n\t\t\t<div class=\"elementor-column-wrap elementor-element-populated\">\n\t\t\t\t\t\t\t<div class=\"elementor-widget-wrap\">\n\t\t\t\t\t\t<div class=\"elementor-element elementor-element-03e55b6 elementor-widget elementor-widget-responsive-image\" data-id=\"03e55b6\" data-element_type=\"widget\" data-widget_type=\"responsive-image.default\">\n\t\t\t\t<div class=\"elementor-widget-container\">\n\t\t\t<div class=\"elementor-image\"><picture><source srcset=\"https:\/\/wowtea.eu\/cz\/files\/2021\/06\/THE-PERFECT-BEACH-DRINK-ummer-detox-D-CZ-1.jpg\" media=\"(min-width: 1025px)\"><source srcset=\"https:\/\/wowtea.eu\/cz\/files\/2021\/06\/THE-PERFECT-BEACH-DRINK-ummer-detox-D-CZ-1.jpg\" media=\"(min-width: 768px)\"><source srcset=\"https:\/\/wowtea.eu\/cz\/files\/2021\/06\/THE-PERFECT-BEACH-DRINK-ummer-detox-M-CZ-1.jpg\" ><img alt=\"|\" title=\"|\" loading=\"lazy\" src=\"https:\/\/wowtea.eu\/cz\/files\/2021\/06\/THE-PERFECT-BEACH-DRINK-ummer-detox-M-CZ-1.jpg\"><\/picture><\/div>        \t\t<\/div>\n\t\t\t\t<\/div>\n\t\t\t\t\t\t<\/div>\n\t\t\t\t\t<\/div>\n\t\t<\/div>\n\t\t\t\t\t\t\t\t<\/div>\n\t\t\t\t\t<\/div>\n\t\t<\/section>\n\t\t\t\t<section class=\"elementor-section elementor-top-section elementor-element elementor-element-24ddbff elementor-section-boxed elementor-section-height-default elementor-section-height-default\" data-id=\"24ddbff\" data-element_type=\"section\">\n\t\t\t\t\t\t<div class=\"elementor-container elementor-column-gap-default\">\n\t\t\t\t\t\t\t<div class=\"elementor-row\">\n\t\t\t\t\t<div class=\"elementor-column elementor-col-100 elementor-top-column elementor-element elementor-element-91a94bd\" data-id=\"91a94bd\" data-element_type=\"column\">\n\t\t\t<div class=\"elementor-column-wrap elementor-element-populated\">\n\t\t\t\t\t\t\t<div class=\"elementor-widget-wrap\">\n\t\t\t\t\t\t<div class=\"elementor-element elementor-element-803cb06 elementor-widget elementor-widget-html\" data-id=\"803cb06\" data-element_type=\"widget\" data-widget_type=\"html.default\">\n\t\t\t\t<div class=\"elementor-widget-container\">\n\t\t\t<!-- TrustBox widget - Carousel -->\r\n<div class=\"trustpilot-widget\" data-locale=\"en-US\" data-template-id=\"53aa8912dec7e10d38f59f36\" data-businessunit-id=\"60029def312cb900013df992\" data-style-height=\"320px\" data-style-width=\"100%\" data-theme=\"light\" data-tags=\"CZ\" data-stars=\"1,2,3,4,5\">\r\n  <a href=\"https:\/\/www.trustpilot.com\/review\/wowtea.eu\" target=\"_blank\" rel=\"noopener\">Trustpilot<\/a>\r\n<\/div>\r\n<!-- End TrustBox widget -->\t\t<\/div>\n\t\t\t\t<\/div>\n\t\t\t\t\t\t<\/div>\n\t\t\t\t\t<\/div>\n\t\t<\/div>\n\t\t\t\t\t\t\t\t<\/div>\n\t\t\t\t\t<\/div>\n\t\t<\/section>\n\t\t\t\t\t\t\t\t\t<\/div>\n\t\t\t<\/div>\n\t\t\t\t\t<\/div>\n\t\t","protected":false},"excerpt":{"rendered":"<ul class=\"check_list\">\n<li>SlimFit Tropicana Infusi\u043en Drops<\/li>\n<li>Detox Tropicana Infusi\u043en Drops<\/li>\n<li>Wellness Tropicana Infusi\u043en Drops<\/li>\n<\/ul>\n","protected":false},"featured_media":272883,"comment_status":"open","ping_status":"closed","template":"","meta":{"inline_featured_image":false},"product_cat":[411,121,120,102,133,333],"product_tag":[270],"acf":[],"variations_data":[],"free_delivery":false,"currency_name":"&#75;&#269;","regular_price":"1167","sale_price":"934.00","price":"934.00","image":"https:\/\/wowtea.eu\/cz\/files\/2025\/06\/Drops-x3.png","_links":{"self":[{"href":"https:\/\/wowtea.eu\/cz\/wp-json\/wp\/v2\/product\/272878"}],"collection":[{"href":"https:\/\/wowtea.eu\/cz\/wp-json\/wp\/v2\/product"}],"about":[{"href":"https:\/\/wowtea.eu\/cz\/wp-json\/wp\/v2\/types\/product"}],"replies":[{"embeddable":true,"href":"https:\/\/wowtea.eu\/cz\/wp-json\/wp\/v2\/comments?post=272878"}],"version-history":[{"count":10,"href":"https:\/\/wowtea.eu\/cz\/wp-json\/wp\/v2\/product\/272878\/revisions"}],"predecessor-version":[{"id":289321,"href":"https:\/\/wowtea.eu\/cz\/wp-json\/wp\/v2\/product\/272878\/revisions\/289321"}],"wp:featuredmedia":[{"embeddable":true,"href":"https:\/\/wowtea.eu\/cz\/wp-json\/wp\/v2\/media\/272883"}],"wp:attachment":[{"href":"https:\/\/wowtea.eu\/cz\/wp-json\/wp\/v2\/media?parent=272878"}],"wp:term":[{"taxonomy":"product_cat","embeddable":true,"href":"https:\/\/wowtea.eu\/cz\/wp-json\/wp\/v2\/product_cat?post=272878"},{"taxonomy":"product_tag","embeddable":true,"href":"https:\/\/wowtea.eu\/cz\/wp-json\/wp\/v2\/product_tag?post=272878"}],"curies":[{"name":"wp","href":"https:\/\/api.w.org\/{rel}","templated":true}]}}