{"id":72630,"date":"2020-10-06T16:12:45","date_gmt":"2020-10-06T14:12:45","guid":{"rendered":"https:\/\/wowtea.eu\/cz\/?post_type=product&#038;p=72630"},"modified":"2026-04-17T14:28:05","modified_gmt":"2026-04-17T12:28:05","slug":"new-wellness-cart","status":"publish","type":"product","link":"https:\/\/wowtea.eu\/cz\/product\/new-wellness-cart\/","title":{"rendered":"\u010caj Wellness"},"content":{"rendered":"","protected":false},"excerpt":{"rendered":"<div class=\"woocommerce-product-details__short-description\">\n<h4 style=\"margin-bottom: 0px;margin-top: 25px;text-align: left\"><span style=\"color: #d60157\">\u2714<\/span> P\u0159in\u00e1\u0161\u00ed Wellness pro Va\u0161e t\u011blo<\/h4>\n<p style=\"margin-bottom: 4px;padding-left: 18px;text-align: left\">Pom\u00e1h\u00e1 p\u0159i spr\u00e1vn\u00e9m fungov\u00e1n\u00ed vnit\u0159n\u00edch org\u00e1n\u016f a jemn\u011b vyrovn\u00e1v\u00e1 v\u0161echny jejich procesy.<\/p>\n<h4 style=\"margin-bottom: 0px;text-align: left\"><span style=\"color: #d60157\">\u2714 <\/span>Posiluje V\u00e1\u0161 imunitn\u00ed syst\u00e9m<\/h4>\n<p style=\"margin-bottom: 4px;padding-left: 18px;text-align: left\">Prosp\u011b\u0161n\u00fd pro lidi, kte\u0159\u00ed cht\u011bj\u00ed zlep\u0161it sv\u00e9 zdrav\u00ed a s\u00edlu.<\/p>\n<h4 style=\"margin-bottom: 0px;text-align: left\"><span style=\"color: #d60157\">\u2714 <\/span>P\u00e9\u010de o hormony \u0161t\u011bst\u00ed<\/h4>\n<p style=\"margin-bottom: 4px;padding-left: 18px;text-align: left\">Harmonizuje funkci hormon\u016f a zklid\u0148uje mysl p\u0159\u00edrodn\u00edm zp\u016fsobem.<\/p>\n<h4 style=\"margin-bottom: 0px;text-align: left\"><span style=\"color: #d60157\">\u2714 <\/span>Podpora pam\u011bti a soust\u0159ed\u011bn\u00ed<\/h4>\n<p style=\"padding-left: 18px;margin-bottom: 4px;text-align: left\">Zlep\u0161uje koncentraci a pam\u011b\u0165, \u010d\u00edm\u017e usnad\u0148uje u\u010den\u00ed.<\/p>\n<h4 style=\"margin-bottom: 0px;text-align: left\"><span style=\"color: #d60157\">\u2714 <\/span>Zjem\u0148uje a vyhlazuje ple\u0165<\/h4>\n<p style=\"padding-left: 18px;margin-bottom: 25px;text-align: left\">Omlazuje poko\u017eku a zvy\u0161uje tvorbu nov\u00fdch zdrav\u00fdch bun\u011bk.<\/p>\n<p><img loading=\"lazy\" class=\"size-full wp-image-55986 aligncenter mobileonly\" src=\"https:\/\/wowtea.eu\/wp-content\/uploads\/2020\/02\/no-caffeine.jpg\" alt=\"\" width=\"406\" height=\"161\" \/><\/p>\n<\/div>\n","protected":false},"featured_media":94576,"comment_status":"open","ping_status":"closed","template":"","meta":{"inline_featured_image":false},"product_cat":[15],"product_tag":[83],"acf":[],"variations_data":[],"free_delivery":false,"currency_name":"&#75;&#269;","regular_price":"539","sale_price":"","price":"539","image":"https:\/\/wowtea.eu\/cz\/files\/2021\/03\/wellness.png","_links":{"self":[{"href":"https:\/\/wowtea.eu\/cz\/wp-json\/wp\/v2\/product\/72630"}],"collection":[{"href":"https:\/\/wowtea.eu\/cz\/wp-json\/wp\/v2\/product"}],"about":[{"href":"https:\/\/wowtea.eu\/cz\/wp-json\/wp\/v2\/types\/product"}],"replies":[{"embeddable":true,"href":"https:\/\/wowtea.eu\/cz\/wp-json\/wp\/v2\/comments?post=72630"}],"version-history":[{"count":2,"href":"https:\/\/wowtea.eu\/cz\/wp-json\/wp\/v2\/product\/72630\/revisions"}],"predecessor-version":[{"id":156709,"href":"https:\/\/wowtea.eu\/cz\/wp-json\/wp\/v2\/product\/72630\/revisions\/156709"}],"wp:featuredmedia":[{"embeddable":true,"href":"https:\/\/wowtea.eu\/cz\/wp-json\/wp\/v2\/media\/94576"}],"wp:attachment":[{"href":"https:\/\/wowtea.eu\/cz\/wp-json\/wp\/v2\/media?parent=72630"}],"wp:term":[{"taxonomy":"product_cat","embeddable":true,"href":"https:\/\/wowtea.eu\/cz\/wp-json\/wp\/v2\/product_cat?post=72630"},{"taxonomy":"product_tag","embeddable":true,"href":"https:\/\/wowtea.eu\/cz\/wp-json\/wp\/v2\/product_tag?post=72630"}],"curies":[{"name":"wp","href":"https:\/\/api.w.org\/{rel}","templated":true}]}}