{"id":73150,"date":"2020-11-03T10:46:27","date_gmt":"2020-11-03T09:46:27","guid":{"rendered":"https:\/\/wowtea.eu\/cz\/?post_type=product&#038;p=73150"},"modified":"2025-12-26T07:20:13","modified_gmt":"2025-12-26T06:20:13","slug":"food-plan-digital-edition","status":"publish","type":"product","link":"https:\/\/wowtea.eu\/cz\/product\/food-plan-digital-edition\/","title":{"rendered":"21-denn\u00ed j\u00eddeln\u00ed\u010dek \u2013 digital edition"},"content":{"rendered":"","protected":false},"excerpt":{"rendered":"","protected":false},"featured_media":283890,"comment_status":"open","ping_status":"closed","template":"","meta":{"inline_featured_image":false},"product_cat":[277],"product_tag":[],"acf":[],"variations_data":[],"free_delivery":false,"currency_name":"&#75;&#269;","regular_price":"750.00","sale_price":"0","price":"0","image":"https:\/\/wowtea.eu\/cz\/files\/2025\/12\/plans-and-program-20256-cover-product-page-food-plan.png","_links":{"self":[{"href":"https:\/\/wowtea.eu\/cz\/wp-json\/wp\/v2\/product\/73150"}],"collection":[{"href":"https:\/\/wowtea.eu\/cz\/wp-json\/wp\/v2\/product"}],"about":[{"href":"https:\/\/wowtea.eu\/cz\/wp-json\/wp\/v2\/types\/product"}],"replies":[{"embeddable":true,"href":"https:\/\/wowtea.eu\/cz\/wp-json\/wp\/v2\/comments?post=73150"}],"version-history":[{"count":1,"href":"https:\/\/wowtea.eu\/cz\/wp-json\/wp\/v2\/product\/73150\/revisions"}],"predecessor-version":[{"id":138938,"href":"https:\/\/wowtea.eu\/cz\/wp-json\/wp\/v2\/product\/73150\/revisions\/138938"}],"wp:featuredmedia":[{"embeddable":true,"href":"https:\/\/wowtea.eu\/cz\/wp-json\/wp\/v2\/media\/283890"}],"wp:attachment":[{"href":"https:\/\/wowtea.eu\/cz\/wp-json\/wp\/v2\/media?parent=73150"}],"wp:term":[{"taxonomy":"product_cat","embeddable":true,"href":"https:\/\/wowtea.eu\/cz\/wp-json\/wp\/v2\/product_cat?post=73150"},{"taxonomy":"product_tag","embeddable":true,"href":"https:\/\/wowtea.eu\/cz\/wp-json\/wp\/v2\/product_tag?post=73150"}],"curies":[{"name":"wp","href":"https:\/\/api.w.org\/{rel}","templated":true}]}}