{"id":73153,"date":"2020-11-03T10:47:24","date_gmt":"2020-11-03T09:47:24","guid":{"rendered":"https:\/\/wowtea.eu\/cz\/?post_type=product&#038;p=73153"},"modified":"2025-12-26T07:20:28","modified_gmt":"2025-12-26T06:20:28","slug":"home-gym-plan-digital-edition","status":"publish","type":"product","link":"https:\/\/wowtea.eu\/cz\/product\/home-gym-plan-digital-edition\/","title":{"rendered":"Dom\u00e1c\u00ed tr\u00e9ninkov\u00fd plan &#8211; digital edition"},"content":{"rendered":"","protected":false},"excerpt":{"rendered":"","protected":false},"featured_media":283891,"comment_status":"open","ping_status":"closed","template":"","meta":{"inline_featured_image":false},"product_cat":[277],"product_tag":[],"acf":[],"variations_data":[],"free_delivery":false,"currency_name":"&#75;&#269;","regular_price":"750.00","sale_price":"0","price":"0","image":"https:\/\/wowtea.eu\/cz\/files\/2025\/12\/plans-and-program-20256-cover-product-page-workout-program.png","_links":{"self":[{"href":"https:\/\/wowtea.eu\/cz\/wp-json\/wp\/v2\/product\/73153"}],"collection":[{"href":"https:\/\/wowtea.eu\/cz\/wp-json\/wp\/v2\/product"}],"about":[{"href":"https:\/\/wowtea.eu\/cz\/wp-json\/wp\/v2\/types\/product"}],"replies":[{"embeddable":true,"href":"https:\/\/wowtea.eu\/cz\/wp-json\/wp\/v2\/comments?post=73153"}],"version-history":[{"count":2,"href":"https:\/\/wowtea.eu\/cz\/wp-json\/wp\/v2\/product\/73153\/revisions"}],"predecessor-version":[{"id":185371,"href":"https:\/\/wowtea.eu\/cz\/wp-json\/wp\/v2\/product\/73153\/revisions\/185371"}],"wp:featuredmedia":[{"embeddable":true,"href":"https:\/\/wowtea.eu\/cz\/wp-json\/wp\/v2\/media\/283891"}],"wp:attachment":[{"href":"https:\/\/wowtea.eu\/cz\/wp-json\/wp\/v2\/media?parent=73153"}],"wp:term":[{"taxonomy":"product_cat","embeddable":true,"href":"https:\/\/wowtea.eu\/cz\/wp-json\/wp\/v2\/product_cat?post=73153"},{"taxonomy":"product_tag","embeddable":true,"href":"https:\/\/wowtea.eu\/cz\/wp-json\/wp\/v2\/product_tag?post=73153"}],"curies":[{"name":"wp","href":"https:\/\/api.w.org\/{rel}","templated":true}]}}