{"id":107746,"date":"2021-08-16T13:06:02","date_gmt":"2021-08-16T11:06:02","guid":{"rendered":"https:\/\/wowtea.eu\/de\/?page_id=107746"},"modified":"2024-06-28T09:00:32","modified_gmt":"2024-06-28T08:00:32","slug":"zahlung","status":"publish","type":"page","link":"https:\/\/wowtea.eu\/de\/zahlung\/","title":{"rendered":"Zahlung"},"content":{"rendered":"\t\t<div data-elementor-type=\"wp-page\" data-elementor-id=\"107746\" class=\"elementor elementor-107746\">\n\t\t\t\t\t\t<div class=\"elementor-inner\">\n\t\t\t\t<div class=\"elementor-section-wrap\">\n\t\t\t\t\t\t\t\t\t<section class=\"elementor-section elementor-top-section elementor-element elementor-element-ab3e0a4 elementor-section-boxed elementor-section-height-default elementor-section-height-default\" data-id=\"ab3e0a4\" data-element_type=\"section\">\n\t\t\t\t\t\t<div class=\"elementor-container elementor-column-gap-default\">\n\t\t\t\t\t\t\t<div class=\"elementor-row\">\n\t\t\t\t\t<div class=\"elementor-column elementor-col-100 elementor-top-column elementor-element elementor-element-7981626\" data-id=\"7981626\" data-element_type=\"column\">\n\t\t\t<div class=\"elementor-column-wrap elementor-element-populated\">\n\t\t\t\t\t\t\t<div class=\"elementor-widget-wrap\">\n\t\t\t\t\t\t<div class=\"elementor-element elementor-element-22fec37 elementor-widget elementor-widget-heading\" data-id=\"22fec37\" data-element_type=\"widget\" data-widget_type=\"heading.default\">\n\t\t\t\t<div class=\"elementor-widget-container\">\n\t\t\t<h2 class=\"elementor-heading-title elementor-size-default\">Zahlung<\/h2>\t\t<\/div>\n\t\t\t\t<\/div>\n\t\t\t\t\t\t<\/div>\n\t\t\t\t\t<\/div>\n\t\t<\/div>\n\t\t\t\t\t\t\t\t<\/div>\n\t\t\t\t\t<\/div>\n\t\t<\/section>\n\t\t\t\t<section class=\"elementor-section elementor-top-section elementor-element elementor-element-d3559ee elementor-section-boxed elementor-section-height-default elementor-section-height-default\" data-id=\"d3559ee\" data-element_type=\"section\">\n\t\t\t\t\t\t<div class=\"elementor-container elementor-column-gap-default\">\n\t\t\t\t\t\t\t<div class=\"elementor-row\">\n\t\t\t\t\t<div class=\"elementor-column elementor-col-100 elementor-top-column elementor-element elementor-element-dd3a18e\" data-id=\"dd3a18e\" data-element_type=\"column\">\n\t\t\t<div class=\"elementor-column-wrap elementor-element-populated\">\n\t\t\t\t\t\t\t<div class=\"elementor-widget-wrap\">\n\t\t\t\t\t\t<div class=\"elementor-element elementor-element-539ab7e elementor-widget elementor-widget-text-editor\" data-id=\"539ab7e\" data-element_type=\"widget\" data-widget_type=\"text-editor.default\">\n\t\t\t\t<div class=\"elementor-widget-container\">\n\t\t\t\t\t\t\t\t<div class=\"elementor-text-editor elementor-clearfix\">\n\t\t\t\t<p>49. Die Preise f\u00fcr die Waren und Dienstleistungen sind endg\u00fcltig und enthalten die Mehrwertsteuer sowie alle anderen<br \/>Steuern und Geb\u00fchren, die in der geltenden Verfassung vorgesehen sind.\u00a0<\/p><p>50. Der Preis und die Zahlungsweise sind in jeder Bestellung angegeben.<\/p><p>51. Die von WOW Tea angebotenen Zahlungsmethoden sind: PayPal, Credit\/Debit Card, Klarna Pay Later, Sofort, Giropay<\/p><p>52. Der Kunde verpflichtet sich, die Zahlung gem\u00e4\u00df der von ihm gew\u00e4hlten Methode und gem\u00e4\u00df dem bei Abschluss des<br \/>Fernabsatzvertrags Vereinbarten, sowie gem\u00e4\u00df den Bedingungen zwischen dem Kunden und dem jeweiligen<br \/>Zahlungsdienstleister zu leisten.<\/p><p>53. Der Kunde erkl\u00e4rt sich damit einverstanden, dass der Verk\u00e4ufer das Recht hat, eine Vorauszahlung f\u00fcr die mit dem<br \/>Kunden geschlossenen Vertr\u00e4ge \u00fcber den Kauf und Verkauf von Waren und deren Lieferung zu verlangen und zu akzeptieren.<\/p><p>54. Falls WOW Tea keine Zahlung gem\u00e4\u00df der vom Kunden gew\u00e4hlten Methode und innerhalb der vereinbarten Fristen vor der<br \/>Ausf\u00fchrung der Bestellung erh\u00e4lt, gilt die Bestellung als vom Kunden abgelehnt.<\/p>\t\t\t\t\t<\/div>\n\t\t\t\t\t\t<\/div>\n\t\t\t\t<\/div>\n\t\t\t\t\t\t<\/div>\n\t\t\t\t\t<\/div>\n\t\t<\/div>\n\t\t\t\t\t\t\t\t<\/div>\n\t\t\t\t\t<\/div>\n\t\t<\/section>\n\t\t\t\t\t\t\t\t\t<\/div>\n\t\t\t<\/div>\n\t\t\t\t\t<\/div>\n\t\t","protected":false},"excerpt":{"rendered":"<p>Zahlung 49. Die Preise f\u00fcr die Waren und Dienstleistungen sind endg\u00fcltig und enthalten die Mehrwertsteuer sowie alle anderenSteuern und Geb\u00fchren, die in der geltenden Verfassung vorgesehen sind.\u00a0 50. Der Preis und die Zahlungsweise sind in jeder Bestellung angegeben. 51. Die von WOW Tea angebotenen Zahlungsmethoden sind: PayPal, Credit\/Debit Card, Klarna Pay Later, Sofort, Giropay 52. Der Kunde verpflichtet sich, die Zahlung gem\u00e4\u00df der von ihm gew\u00e4hlten Methode und gem\u00e4\u00df dem bei Abschluss desFernabsatzvertrags Vereinbarten, sowie gem\u00e4\u00df den Bedingungen zwischen dem Kunden und dem jeweiligenZahlungsdienstleister zu leisten. 53. Der Kunde erkl\u00e4rt sich damit einverstanden, dass der Verk\u00e4ufer das Recht hat, eine [&hellip;]<\/p>\n","protected":false},"author":24,"featured_media":0,"parent":0,"menu_order":0,"comment_status":"closed","ping_status":"closed","template":"","meta":{"inline_featured_image":false},"acf":[],"_links":{"self":[{"href":"https:\/\/wowtea.eu\/de\/wp-json\/wp\/v2\/pages\/107746"}],"collection":[{"href":"https:\/\/wowtea.eu\/de\/wp-json\/wp\/v2\/pages"}],"about":[{"href":"https:\/\/wowtea.eu\/de\/wp-json\/wp\/v2\/types\/page"}],"author":[{"embeddable":true,"href":"https:\/\/wowtea.eu\/de\/wp-json\/wp\/v2\/users\/24"}],"replies":[{"embeddable":true,"href":"https:\/\/wowtea.eu\/de\/wp-json\/wp\/v2\/comments?post=107746"}],"version-history":[{"count":5,"href":"https:\/\/wowtea.eu\/de\/wp-json\/wp\/v2\/pages\/107746\/revisions"}],"predecessor-version":[{"id":157043,"href":"https:\/\/wowtea.eu\/de\/wp-json\/wp\/v2\/pages\/107746\/revisions\/157043"}],"wp:attachment":[{"href":"https:\/\/wowtea.eu\/de\/wp-json\/wp\/v2\/media?parent=107746"}],"curies":[{"name":"wp","href":"https:\/\/api.w.org\/{rel}","templated":true}]}}