{"id":72630,"date":"2020-10-06T16:12:45","date_gmt":"2020-10-06T15:12:45","guid":{"rendered":"https:\/\/wowtea.eu\/de\/?post_type=product&#038;p=72630"},"modified":"2026-04-17T13:28:15","modified_gmt":"2026-04-17T12:28:15","slug":"new-wellness-cart","status":"publish","type":"product","link":"https:\/\/wowtea.eu\/de\/product\/new-wellness-cart\/","title":{"rendered":"Wellness Tee"},"content":{"rendered":"\t\t<div data-elementor-type=\"product-post\" data-elementor-id=\"72630\" class=\"elementor elementor-72630\">\n\t\t\t\t\t\t<div class=\"elementor-inner\">\n\t\t\t\t<div class=\"elementor-section-wrap\">\n\t\t\t\t\t\t\t\t\t<section class=\"elementor-section elementor-top-section elementor-element elementor-element-c969b3d elementor-section-full_width elementor-section-height-default elementor-section-height-default\" data-id=\"c969b3d\" data-element_type=\"section\">\n\t\t\t\t\t\t<div class=\"elementor-container elementor-column-gap-no\">\n\t\t\t\t\t\t\t<div class=\"elementor-row\">\n\t\t\t\t\t<div class=\"elementor-column elementor-col-100 elementor-top-column elementor-element elementor-element-f0ddf13\" data-id=\"f0ddf13\" data-element_type=\"column\">\n\t\t\t<div class=\"elementor-column-wrap\">\n\t\t\t\t\t\t\t<div class=\"elementor-widget-wrap\">\n\t\t\t\t\t\t\t\t<\/div>\n\t\t\t\t\t<\/div>\n\t\t<\/div>\n\t\t\t\t\t\t\t\t<\/div>\n\t\t\t\t\t<\/div>\n\t\t<\/section>\n\t\t\t\t\t\t\t\t\t<\/div>\n\t\t\t<\/div>\n\t\t\t\t\t<\/div>\n\t\t","protected":false},"excerpt":{"rendered":"<ul class=\"check_list\">\n<li>\n<h4>Unterst\u00fctzt und st\u00e4rkt die Gesundheit<\/h4>\n<p>Er wurde aus einigen der wohltuendsten Kr\u00e4uter der Welt hergestellt, die dem K\u00f6rper helfen, bestm\u00f6glichst zu funktionieren.<\/li>\n<li>\n<h4>St\u00e4rkung des Immunsystem<\/h4>\n<p>Er erh\u00f6ht auf nat\u00fcrliche Weise die Abwehrkr\u00e4fte des K\u00f6rpers gegen die sch\u00e4dlichen \u00e4u\u00dferen Einfl\u00fcsse und erh\u00f6ht unsere Vitalit\u00e4t und Ausdauer.<\/li>\n<li>\n<h4>Balancierung des ganzen K\u00f6rpers<\/h4>\n<p>Er unterst\u00fctzt die Funktion der Organe und balanciert den gesunden Hormonspiegel, was der Verlauf aller internen Prozesse verbessert.<\/li>\n<li>\n<h4>Anti-Stress-Wirkung<\/h4>\n<p>Er reduziert die Auswirkungen vom Alltagsstress und hilft uns, mit den Spannungen umzugehen, sodass unser Geist sich gut ausruhen und sich vollst\u00e4ndig aufladen kann.<\/li>\n<li>\n<h4>Harmonie und Lebenslust jeden Tag<\/h4>\n<p>Er harmonisiert sanft die Emotionen, verbessert unsere Konzentration und unser Ged\u00e4chtnis und erh\u00f6ht unseren Fokus und unsere Produktivit\u00e4t.<\/li>\n<\/ul>\n","protected":false},"featured_media":93563,"comment_status":"open","ping_status":"closed","template":"","meta":{"inline_featured_image":false},"product_cat":[15],"product_tag":[83],"acf":[],"variations_data":[],"free_delivery":false,"currency_name":"&euro;","regular_price":"23.90","sale_price":"","price":"23.90","image":"https:\/\/wowtea.eu\/de\/files\/2021\/03\/wellness.png","_links":{"self":[{"href":"https:\/\/wowtea.eu\/de\/wp-json\/wp\/v2\/product\/72630"}],"collection":[{"href":"https:\/\/wowtea.eu\/de\/wp-json\/wp\/v2\/product"}],"about":[{"href":"https:\/\/wowtea.eu\/de\/wp-json\/wp\/v2\/types\/product"}],"replies":[{"embeddable":true,"href":"https:\/\/wowtea.eu\/de\/wp-json\/wp\/v2\/comments?post=72630"}],"version-history":[{"count":1,"href":"https:\/\/wowtea.eu\/de\/wp-json\/wp\/v2\/product\/72630\/revisions"}],"predecessor-version":[{"id":111473,"href":"https:\/\/wowtea.eu\/de\/wp-json\/wp\/v2\/product\/72630\/revisions\/111473"}],"wp:featuredmedia":[{"embeddable":true,"href":"https:\/\/wowtea.eu\/de\/wp-json\/wp\/v2\/media\/93563"}],"wp:attachment":[{"href":"https:\/\/wowtea.eu\/de\/wp-json\/wp\/v2\/media?parent=72630"}],"wp:term":[{"taxonomy":"product_cat","embeddable":true,"href":"https:\/\/wowtea.eu\/de\/wp-json\/wp\/v2\/product_cat?post=72630"},{"taxonomy":"product_tag","embeddable":true,"href":"https:\/\/wowtea.eu\/de\/wp-json\/wp\/v2\/product_tag?post=72630"}],"curies":[{"name":"wp","href":"https:\/\/api.w.org\/{rel}","templated":true}]}}