{"id":94365,"date":"2021-03-10T16:49:43","date_gmt":"2021-03-10T14:49:43","guid":{"rendered":"https:\/\/wowtea.eu\/de\/?post_type=product&#038;p=94365"},"modified":"2026-03-31T23:18:55","modified_gmt":"2026-03-31T22:18:55","slug":"teeflasche-rosa","status":"publish","type":"product","link":"https:\/\/wowtea.eu\/de\/product\/teeflasche-rosa\/","title":{"rendered":"Teeflasche Rosa"},"content":{"rendered":"\t\t<div data-elementor-type=\"product-post\" data-elementor-id=\"94365\" class=\"elementor elementor-94365\">\n\t\t\t\t\t\t<div class=\"elementor-inner\">\n\t\t\t\t<div class=\"elementor-section-wrap\">\n\t\t\t\t\t\t\t\t\t<section class=\"elementor-section elementor-top-section elementor-element elementor-element-4403515 elementor-section-boxed elementor-section-height-default elementor-section-height-default\" data-id=\"4403515\" data-element_type=\"section\">\n\t\t\t\t\t\t<div class=\"elementor-container elementor-column-gap-no\">\n\t\t\t\t\t\t\t<div class=\"elementor-row\">\n\t\t\t\t\t<div class=\"elementor-column elementor-col-100 elementor-top-column elementor-element elementor-element-bc465e5\" data-id=\"bc465e5\" data-element_type=\"column\">\n\t\t\t<div class=\"elementor-column-wrap\">\n\t\t\t\t\t\t\t<div class=\"elementor-widget-wrap\">\n\t\t\t\t\t\t\t\t<\/div>\n\t\t\t\t\t<\/div>\n\t\t<\/div>\n\t\t\t\t\t\t\t\t<\/div>\n\t\t\t\t\t<\/div>\n\t\t<\/section>\n\t\t\t\t\t\t\t\t\t<\/div>\n\t\t\t<\/div>\n\t\t\t\t\t<\/div>\n\t\t","protected":false},"excerpt":{"rendered":"<ul class=\"check_list\">\n<li>\n<h4>Hochwertiges Borosilikatglas<\/h4>\n<p>Es enth\u00e4lt nicht die Chemikalie Bisphenol A, die f\u00fcr den menschlichen K\u00f6rper sch\u00e4dlich ist.<\/li>\n<li>\n<h4>Hochwertiges Edelstahlsieb<\/h4>\n<p>s kann einfach installiert oder von der Flasche herausgenommen werden<\/li>\n<li>\n<h4>Einzigartiges Design, das zu Ihrer Identit\u00e4t passt.<\/h4>\n<p>Farbauswahl \u2013 SCHWARZ und ROSA.<\/li>\n<\/ul>\n","protected":false},"featured_media":93564,"comment_status":"open","ping_status":"closed","template":"","meta":{"inline_featured_image":false},"product_cat":[15],"product_tag":[83],"acf":[],"variations_data":[],"free_delivery":false,"currency_name":"&euro;","regular_price":"28.60","sale_price":"","price":"28.60","image":"https:\/\/wowtea.eu\/de\/files\/2021\/03\/pink_bottle.png","_links":{"self":[{"href":"https:\/\/wowtea.eu\/de\/wp-json\/wp\/v2\/product\/94365"}],"collection":[{"href":"https:\/\/wowtea.eu\/de\/wp-json\/wp\/v2\/product"}],"about":[{"href":"https:\/\/wowtea.eu\/de\/wp-json\/wp\/v2\/types\/product"}],"replies":[{"embeddable":true,"href":"https:\/\/wowtea.eu\/de\/wp-json\/wp\/v2\/comments?post=94365"}],"version-history":[{"count":3,"href":"https:\/\/wowtea.eu\/de\/wp-json\/wp\/v2\/product\/94365\/revisions"}],"predecessor-version":[{"id":132135,"href":"https:\/\/wowtea.eu\/de\/wp-json\/wp\/v2\/product\/94365\/revisions\/132135"}],"wp:featuredmedia":[{"embeddable":true,"href":"https:\/\/wowtea.eu\/de\/wp-json\/wp\/v2\/media\/93564"}],"wp:attachment":[{"href":"https:\/\/wowtea.eu\/de\/wp-json\/wp\/v2\/media?parent=94365"}],"wp:term":[{"taxonomy":"product_cat","embeddable":true,"href":"https:\/\/wowtea.eu\/de\/wp-json\/wp\/v2\/product_cat?post=94365"},{"taxonomy":"product_tag","embeddable":true,"href":"https:\/\/wowtea.eu\/de\/wp-json\/wp\/v2\/product_tag?post=94365"}],"curies":[{"name":"wp","href":"https:\/\/api.w.org\/{rel}","templated":true}]}}