{"id":404,"date":"2020-07-07T16:02:04","date_gmt":"2020-07-07T13:02:04","guid":{"rendered":"https:\/\/wowtea.eu\/dk\/?page_id=404"},"modified":"2024-04-10T10:47:03","modified_gmt":"2024-04-10T07:47:03","slug":"about-us","status":"publish","type":"page","link":"https:\/\/wowtea.eu\/dk\/about-us\/","title":{"rendered":"Om os"},"content":{"rendered":"\t\t<div data-elementor-type=\"wp-page\" data-elementor-id=\"404\" class=\"elementor elementor-404\">\n\t\t\t\t\t\t<div class=\"elementor-inner\">\n\t\t\t\t<div class=\"elementor-section-wrap\">\n\t\t\t\t\t\t\t\t\t<section class=\"elementor-section elementor-top-section elementor-element elementor-element-d6cf8f3 elementor-section-boxed elementor-section-height-default elementor-section-height-default\" data-id=\"d6cf8f3\" data-element_type=\"section\" data-settings=\"{&quot;background_background&quot;:&quot;classic&quot;}\">\n\t\t\t\t\t\t<div class=\"elementor-container elementor-column-gap-default\">\n\t\t\t\t\t\t\t<div class=\"elementor-row\">\n\t\t\t\t\t<div class=\"elementor-column elementor-col-100 elementor-top-column elementor-element elementor-element-dc62397\" data-id=\"dc62397\" data-element_type=\"column\">\n\t\t\t<div class=\"elementor-column-wrap elementor-element-populated\">\n\t\t\t\t\t\t\t<div class=\"elementor-widget-wrap\">\n\t\t\t\t\t\t<div class=\"elementor-element elementor-element-1cc963c elementor-widget elementor-widget-video\" data-id=\"1cc963c\" data-element_type=\"widget\" data-settings=\"{&quot;youtube_url&quot;:&quot;https:\\\/\\\/www.youtube.com\\\/watch?v=FkOxPwUIr0w&quot;,&quot;modestbranding&quot;:&quot;yes&quot;,&quot;show_image_overlay&quot;:&quot;yes&quot;,&quot;image_overlay&quot;:{&quot;url&quot;:&quot;https:\\\/\\\/wowtea.eu\\\/dk\\\/wp-content\\\/uploads\\\/2020\\\/10\\\/video-thumbnail.jpg&quot;,&quot;id&quot;:73009,&quot;size&quot;:&quot;&quot;},&quot;video_type&quot;:&quot;youtube&quot;,&quot;controls&quot;:&quot;yes&quot;}\" data-widget_type=\"video.default\">\n\t\t\t\t<div class=\"elementor-widget-container\">\n\t\t\t\t\t<div class=\"elementor-wrapper elementor-open-inline\">\n\t\t\t<div class=\"elementor-video\"><\/div>\t\t\t\t<div class=\"elementor-custom-embed-image-overlay\" style=\"background-image: url(https:\/\/wowtea.eu\/dk\/files\/2020\/10\/video-thumbnail.jpg);\">\n\t\t\t\t\t\t\t\t\t\t\t\t\t\t\t\t<div class=\"elementor-custom-embed-play\" role=\"button\" aria-label=\"Afspil video\" tabindex=\"0\">\n\t\t\t\t\t\t\t<i aria-hidden=\"true\" class=\"eicon-play\"><\/i>\t\t\t\t\t\t\t<span class=\"elementor-screen-only\">Afspil video<\/span>\n\t\t\t\t\t\t<\/div>\n\t\t\t\t\t\t\t\t\t<\/div>\n\t\t\t\t\t<\/div>\n\t\t\t\t<\/div>\n\t\t\t\t<\/div>\n\t\t\t\t\t\t<\/div>\n\t\t\t\t\t<\/div>\n\t\t<\/div>\n\t\t\t\t\t\t\t\t<\/div>\n\t\t\t\t\t<\/div>\n\t\t<\/section>\n\t\t\t\t<section class=\"elementor-section elementor-top-section elementor-element elementor-element-bebf8f8 elementor-section-boxed elementor-section-height-default elementor-section-height-default\" data-id=\"bebf8f8\" data-element_type=\"section\" data-settings=\"{&quot;background_background&quot;:&quot;classic&quot;}\">\n\t\t\t\t\t\t<div class=\"elementor-container elementor-column-gap-default\">\n\t\t\t\t\t\t\t<div class=\"elementor-row\">\n\t\t\t\t\t<div class=\"elementor-column elementor-col-100 elementor-top-column elementor-element elementor-element-72cc45a\" data-id=\"72cc45a\" data-element_type=\"column\">\n\t\t\t<div class=\"elementor-column-wrap elementor-element-populated\">\n\t\t\t\t\t\t\t<div class=\"elementor-widget-wrap\">\n\t\t\t\t\t\t<div class=\"elementor-element elementor-element-f335344 elementor-widget elementor-widget-custom_title\" data-id=\"f335344\" data-element_type=\"widget\" data-widget_type=\"custom_title.default\">\n\t\t\t\t<div class=\"elementor-widget-container\">\n\t\t\t      <!-- border_title center_border -->\n      \n               <div class=\"custom_title\"  >\n            <h2 class=\"title border_title center \"><span>Sk\u00f8nhed p\u00e5 indersiden vises p\u00e5 ydersiden<\/span> <small style=\"order: -1\">Vores motto<\/small><\/h2>\n         <\/div>\n      \n\n   \t\t<\/div>\n\t\t\t\t<\/div>\n\t\t\t\t<div class=\"elementor-element elementor-element-f444cdf elementor-widget elementor-widget-text-editor\" data-id=\"f444cdf\" data-element_type=\"widget\" data-widget_type=\"text-editor.default\">\n\t\t\t\t<div class=\"elementor-widget-container\">\n\t\t\t\t\t\t\t\t<div class=\"elementor-text-editor elementor-clearfix\">\n\t\t\t\t<p>Udover b\u00e5de at f\u00e5 dig til at se ud og f\u00f8le dig som dit bedste selv, s\u00e5 tror vi p\u00e5 naturens kraft, lidenskab for sport, rent mad og en giftfri krop med lile smule hj\u00e6lp fra vores premium te-blandinger! Uanset om du har en krop som en fitnessmodel eller hjemmeg\u00e5ende mor, s\u00e5 garanterer vi at vores te vil hj\u00e6lpe dig med at se ud og f\u00f8le dig, som dit allerbedste jeg! Vi er stolte af vores produkter og de mennesker, som fremstiller dem! Vi bruger kun ingredienser som er naturlige og af den h\u00f8jeste kvalitet. Vi kombinerer disse n\u00f8je udvalgte og naturlavede gaver, for at kunne tilbyde dig, de bedste v\u00e6gttabsprodukter p\u00e5 markedet, og s\u00e5 til en overkommelig pris! (Vi tror ogs\u00e5 p\u00e5, at verden ville v\u00e6re et bedre sted, hvis alle brugte 15 minutter om dagen p\u00e5 at drikke en kop te.)<\/p>\t\t\t\t\t<\/div>\n\t\t\t\t\t\t<\/div>\n\t\t\t\t<\/div>\n\t\t\t\t\t\t<\/div>\n\t\t\t\t\t<\/div>\n\t\t<\/div>\n\t\t\t\t\t\t\t\t<\/div>\n\t\t\t\t\t<\/div>\n\t\t<\/section>\n\t\t\t\t<section class=\"elementor-section elementor-top-section elementor-element elementor-element-ee8de64 elementor-section-content-middle elementor-section-boxed elementor-section-height-default elementor-section-height-default\" data-id=\"ee8de64\" data-element_type=\"section\">\n\t\t\t\t\t\t<div class=\"elementor-container elementor-column-gap-default\">\n\t\t\t\t\t\t\t<div class=\"elementor-row\">\n\t\t\t\t\t<div class=\"elementor-column elementor-col-50 elementor-top-column elementor-element elementor-element-eb0af62\" data-id=\"eb0af62\" data-element_type=\"column\">\n\t\t\t<div class=\"elementor-column-wrap elementor-element-populated\">\n\t\t\t\t\t\t\t<div class=\"elementor-widget-wrap\">\n\t\t\t\t\t\t<div class=\"elementor-element elementor-element-3f2abd7 elementor-widget elementor-widget-image\" data-id=\"3f2abd7\" data-element_type=\"widget\" data-widget_type=\"image.default\">\n\t\t\t\t<div class=\"elementor-widget-container\">\n\t\t\t\t\t\t\t\t<div class=\"elementor-image\">\n\t\t\t\t\t\t\t\t\t\t\t\t<img width=\"576\" height=\"478\" src=\"https:\/\/wowtea.eu\/dk\/files\/2020\/10\/about-us-1.jpg\" class=\"attachment-large size-large wp-image-72864\" alt=\"about-us-office\" loading=\"lazy\" srcset=\"https:\/\/wowtea.eu\/dk\/files\/2020\/10\/about-us-1.jpg 576w, https:\/\/wowtea.eu\/dk\/files\/2020\/10\/about-us-1-300x249.jpg 300w\" sizes=\"(max-width: 576px) 100vw, 576px\" title=\"|\">\t\t\t\t\t\t\t\t\t\t\t\t\t\t<\/div>\n\t\t\t\t\t\t<\/div>\n\t\t\t\t<\/div>\n\t\t\t\t\t\t<\/div>\n\t\t\t\t\t<\/div>\n\t\t<\/div>\n\t\t\t\t<div class=\"elementor-column elementor-col-50 elementor-top-column elementor-element elementor-element-68ffd8d\" data-id=\"68ffd8d\" data-element_type=\"column\">\n\t\t\t<div class=\"elementor-column-wrap elementor-element-populated\">\n\t\t\t\t\t\t\t<div class=\"elementor-widget-wrap\">\n\t\t\t\t\t\t<div class=\"elementor-element elementor-element-918d2f4 elementor-widget elementor-widget-custom_title\" data-id=\"918d2f4\" data-element_type=\"widget\" data-widget_type=\"custom_title.default\">\n\t\t\t\t<div class=\"elementor-widget-container\">\n\t\t\t      <!-- border_title center_border -->\n      \n               <div class=\"custom_title\"  >\n            <h2 class=\"title border_title center \"><span> F\u00f8dt og opvokset i Europa.<\/span> <\/h2>\n         <\/div>\n      \n\n   \t\t<\/div>\n\t\t\t\t<\/div>\n\t\t\t\t<div class=\"elementor-element elementor-element-bd1fbe2 elementor-widget elementor-widget-text-editor\" data-id=\"bd1fbe2\" data-element_type=\"widget\" data-widget_type=\"text-editor.default\">\n\t\t\t\t<div class=\"elementor-widget-container\">\n\t\t\t\t\t\t\t\t<div class=\"elementor-text-editor elementor-clearfix\">\n\t\t\t\t<p>Stolt europ\u00e6isk og helt naturligt!<\/p>\n<p>Alle vores premium-produkter er fremstillet i vores hjemby Sofia og testet p\u00e5 vores WOW-piger.\ud83d\ude42<\/p>\n<p>Vores team af forskere, di\u00e6teksperter, marketing- og designspecialister arbejder h\u00e5rdt hver dag for at levere dig de bedst fungerende og flotte v\u00e6gtstyringsprodukter &#8230; Fordi udseende betyder noget!<\/p>\t\t\t\t\t<\/div>\n\t\t\t\t\t\t<\/div>\n\t\t\t\t<\/div>\n\t\t\t\t\t\t<\/div>\n\t\t\t\t\t<\/div>\n\t\t<\/div>\n\t\t\t\t\t\t\t\t<\/div>\n\t\t\t\t\t<\/div>\n\t\t<\/section>\n\t\t\t\t<section class=\"elementor-section elementor-top-section elementor-element elementor-element-35bc089 elementor-section-content-middle elementor-reverse-mobile elementor-section-boxed elementor-section-height-default elementor-section-height-default\" data-id=\"35bc089\" data-element_type=\"section\">\n\t\t\t\t\t\t<div class=\"elementor-container elementor-column-gap-default\">\n\t\t\t\t\t\t\t<div class=\"elementor-row\">\n\t\t\t\t\t<div class=\"elementor-column elementor-col-50 elementor-top-column elementor-element elementor-element-eaac687\" data-id=\"eaac687\" data-element_type=\"column\">\n\t\t\t<div class=\"elementor-column-wrap elementor-element-populated\">\n\t\t\t\t\t\t\t<div class=\"elementor-widget-wrap\">\n\t\t\t\t\t\t<div class=\"elementor-element elementor-element-3bb83e2 elementor-widget elementor-widget-custom_title\" data-id=\"3bb83e2\" data-element_type=\"widget\" data-widget_type=\"custom_title.default\">\n\t\t\t\t<div class=\"elementor-widget-container\">\n\t\t\t      <!-- border_title center_border -->\n      \n               <div class=\"custom_title\"  >\n            <h2 class=\"title border_title center \"><span>For at g\u00f8re dig stolt.<\/span> <\/h2>\n         <\/div>\n      \n\n   \t\t<\/div>\n\t\t\t\t<\/div>\n\t\t\t\t<div class=\"elementor-element elementor-element-38fac7d elementor-widget elementor-widget-text-editor\" data-id=\"38fac7d\" data-element_type=\"widget\" data-widget_type=\"text-editor.default\">\n\t\t\t\t<div class=\"elementor-widget-container\">\n\t\t\t\t\t\t\t\t<div class=\"elementor-text-editor elementor-clearfix\">\n\t\t\t\t<p>I vores mere end 4 \u00e5r p\u00e5 markedet har vi allerede hjulpet mere end 150.000 WOW-piger med at se og f\u00f8le sig bedre!<\/p>\n<p>Fra vores allerf\u00f8rste dag har vi altid taget beslutninger, du kan v\u00e6re stolt af! Vi har aldrig brugt ingredienser fra animalske kilder, alle vores produkter er egnede til veganere, og vigtigst af alt &#8211; vi har aldrig brugt syntetiske dufte eller kunstige farvestoffer!<\/p>\t\t\t\t\t<\/div>\n\t\t\t\t\t\t<\/div>\n\t\t\t\t<\/div>\n\t\t\t\t\t\t<\/div>\n\t\t\t\t\t<\/div>\n\t\t<\/div>\n\t\t\t\t<div class=\"elementor-column elementor-col-50 elementor-top-column elementor-element elementor-element-1609895\" data-id=\"1609895\" data-element_type=\"column\">\n\t\t\t<div class=\"elementor-column-wrap elementor-element-populated\">\n\t\t\t\t\t\t\t<div class=\"elementor-widget-wrap\">\n\t\t\t\t\t\t<div class=\"elementor-element elementor-element-c4aaf5c elementor-widget elementor-widget-image\" data-id=\"c4aaf5c\" data-element_type=\"widget\" data-widget_type=\"image.default\">\n\t\t\t\t<div class=\"elementor-widget-container\">\n\t\t\t\t\t\t\t\t<div class=\"elementor-image\">\n\t\t\t\t\t\t\t\t\t\t\t\t<img width=\"576\" height=\"478\" src=\"https:\/\/wowtea.eu\/dk\/files\/2021\/01\/about-us-2.jpg\" class=\"attachment-large size-large wp-image-91412\" alt=\"|\" loading=\"lazy\" srcset=\"https:\/\/wowtea.eu\/dk\/files\/2021\/01\/about-us-2.jpg 576w, https:\/\/wowtea.eu\/dk\/files\/2021\/01\/about-us-2-300x249.jpg 300w\" sizes=\"(max-width: 576px) 100vw, 576px\" title=\"|\">\t\t\t\t\t\t\t\t\t\t\t\t\t\t<\/div>\n\t\t\t\t\t\t<\/div>\n\t\t\t\t<\/div>\n\t\t\t\t\t\t<\/div>\n\t\t\t\t\t<\/div>\n\t\t<\/div>\n\t\t\t\t\t\t\t\t<\/div>\n\t\t\t\t\t<\/div>\n\t\t<\/section>\n\t\t\t\t\t\t\t\t\t<\/div>\n\t\t\t<\/div>\n\t\t\t\t\t<\/div>\n\t\t","protected":false},"excerpt":{"rendered":"<p>Sk\u00f8nhed p\u00e5 indersiden vises p\u00e5 ydersiden Vores motto Udover b\u00e5de at f\u00e5 dig til at se ud og f\u00f8le dig som dit bedste selv, s\u00e5 tror vi p\u00e5 naturens kraft, lidenskab for sport, rent mad og en giftfri krop med lile smule hj\u00e6lp fra vores premium te-blandinger! Uanset om du har en krop som en fitnessmodel eller hjemmeg\u00e5ende mor, s\u00e5 garanterer vi at vores te vil hj\u00e6lpe dig med at se ud og f\u00f8le dig, som dit allerbedste jeg! Vi er stolte af vores produkter og de mennesker, som fremstiller dem! Vi bruger kun ingredienser som er naturlige og af [&hellip;]<\/p>\n","protected":false},"author":60,"featured_media":0,"parent":0,"menu_order":0,"comment_status":"closed","ping_status":"closed","template":"","meta":{"inline_featured_image":false},"acf":[],"_links":{"self":[{"href":"https:\/\/wowtea.eu\/dk\/wp-json\/wp\/v2\/pages\/404"}],"collection":[{"href":"https:\/\/wowtea.eu\/dk\/wp-json\/wp\/v2\/pages"}],"about":[{"href":"https:\/\/wowtea.eu\/dk\/wp-json\/wp\/v2\/types\/page"}],"author":[{"embeddable":true,"href":"https:\/\/wowtea.eu\/dk\/wp-json\/wp\/v2\/users\/60"}],"replies":[{"embeddable":true,"href":"https:\/\/wowtea.eu\/dk\/wp-json\/wp\/v2\/comments?post=404"}],"version-history":[{"count":1,"href":"https:\/\/wowtea.eu\/dk\/wp-json\/wp\/v2\/pages\/404\/revisions"}],"predecessor-version":[{"id":113861,"href":"https:\/\/wowtea.eu\/dk\/wp-json\/wp\/v2\/pages\/404\/revisions\/113861"}],"wp:attachment":[{"href":"https:\/\/wowtea.eu\/dk\/wp-json\/wp\/v2\/media?parent=404"}],"curies":[{"name":"wp","href":"https:\/\/api.w.org\/{rel}","templated":true}]}}