{"id":103112,"date":"2021-08-17T12:08:30","date_gmt":"2021-08-17T09:08:30","guid":{"rendered":"https:\/\/wowtea.eu\/dk\/product\/super-slim-me-program-booty-goals-band-combo\/"},"modified":"2025-12-01T09:21:02","modified_gmt":"2025-12-01T07:21:02","slug":"super-slim-me-program-booty-goals-band-combo","status":"publish","type":"product","link":"https:\/\/wowtea.eu\/dk\/product\/super-slim-me-program-booty-goals-band-combo\/","title":{"rendered":"Super Slim Me Program + Booty Goals Band Combo"},"content":{"rendered":"<h2>\n<p style=\"text-align: center;color: crimson;font-size: 30px\">WHAT YOU CAN GET IN THE BOX<\/p>\n<\/h2>\n<p>\t\t\t\t\t\t\t\t\t<img src=\"http:\/\/wowtea.eu\/fr\/files\/2020\/08\/slimfit-tea-pp.png\" alt=\"SlimFit product\" title=\"|\">\t\t\t\t\t\t\t<\/p>\n<h2>SlimFit<\/h2>\n<ul style=\"font-size:13px\"><\/p>\n<li> <bAcc\u00e9l\u00e8re la combustion des graisses<\/b><\/li>\n<p><\/p>\n<li> <b>Emp\u00eache l\u2019accumulation de graisse<\/b><\/li>\n<p><\/p>\n<li> <b>\u00c9limine le ballonnement<br \/>\n<\/b><\/li>\n<p><\/p>\n<li> <b>Perte de poids<\/b>\n   <\/li>\n<p><\/p>\n<li>\n       <b>Obtenez votre meilleure forme<\/b>\n   <\/li>\n<p>\n<\/ul>\n<p>\t\t\t\t\t\t\t\t\t<img src=\"https:\/\/wowtea.eu\/cz\/files\/2020\/12\/SlimFIT-Superfood-1-300x300-1.png\" alt=\"|\" title=\"|\">\t\t\t\t\t\t\t<\/p>\n<h2>Slimfit Superfood<\/h2>\n<ul style=\"font-size:13px\"><\/p>\n<li> <b>Apport calorique r\u00e9duit<br \/>\n<\/b><\/br><\/li>\n<p><\/p>\n<li> <b>D\u00e9clenche la perte de poids<\/b><\/br><\/li>\n<p><\/p>\n<li> <b>Nous garde rassasi\u00e9s<\/b><\/br><\/li>\n<p><\/p>\n<li> <b>Fournit des nutriments sains<\/b><\/br><\/li>\n<p><\/p>\n<li> <b>Acc\u00e9l\u00e8re le m\u00e9tabolisme<\/b><\/br><\/li>\n<p>\n  <\/ul>\n<p>\t\t\t\t\t\t\t\t\t<img src=\"https:\/\/wowtea.eu\/at\/files\/2021\/04\/Product-images-combo-600x600-1-300x300-1-1.png\" alt=\"|\" title=\"|\">\t\t\t\t\t\t\t<\/p>\n<h2>Booty Goals Band Combo<\/h2>\n<ul style=\"font-size:13px\"><\/p>\n<li> <b>Comfort maximum<\/b><\/br><\/li>\n<p><\/p>\n<li> <b>Superbe qualit\u00e9<\/b><\/br><\/li>\n<p><\/p>\n<li> <b>Facile \u00e0 utiliser<\/b><\/br><\/li>\n<p><\/p>\n<li> <b>R\u00e9sultats visibles<\/b><\/br><\/li>\n<p>\n<\/ul>\n<p>\n\t\t\t\t\t\t\t\t\t<img src=\"https:\/\/wowtea.eu\/at\/files\/2020\/12\/pink-bottle-png-500-1-Recovered-2.png\" alt=\"|\" title=\"|\">\t\t\t\t\t\t\t<\/p>\n<h2>Bottle<\/h2>\n<ul style=\"font-size:13px\"><\/p>\n<li> <b>Verre borosilicat\u00e9 de haute qualit\u00e9<\/b><\/br><\/li>\n<p><\/p>\n<li> <b>Distributeur en acier inoxydable de haute qualit\u00e9<\/b><\/br><\/li>\n<p><\/p>\n<li> <b>Design unique qui correspond \u00e0 votre identit\u00e9.<br \/>\n.<\/b><\/br><\/li>\n<p>\n<\/ul>\n<p>\n\t\t\t\t\t\t<!-- Add Pagination --><br \/>\n\t\t\t\t\t\t\t<!-- Add Arrows --><br \/>\n\t\t\t\t\t\t\t\t\t\t<img src=\"https:\/\/wowtea.eu\/at\/files\/2021\/04\/Bands_Presnt_2_3_b-1-1.jpg\" title=\"|\" alt=\"|\">\t\t\t\t\t\t\t\t\t\t\t<\/p>\n<h2>15 minutes par jour pour les r\u00e9sultats WOW.<br \/>\n<\/h2>\n<p>Seulement quelques minutes par jour l\u2019exercice avec votre booty goals bande peut avoir un effet incroyable sur vos fesses et cuisses ! Pour vous aider \u00e0 sculpter votre butin br\u00e9silien encore plus rapidement, nous vous enverrons un plan d\u2019entra\u00eenement gratuit de 21 jours avec les exercices ultimes que vous pouvez faire \u00e0 la maison &#8211; ou o\u00f9 vous voulez!<\/p>\n<p>Les mat\u00e9riaux de haute qualit\u00e9 offrent un confort parfait pendant l\u2019exercice. Vous pouvez m\u00eame utiliser le Booty Goals Band avec des shorts &#8211; il ne glisse pas, pincer votre peau ou casser!<\/p>\n<h2>Booty Goals Band est exactement ce dont vous (et vos fesses) ont besoin!<br \/>\n<\/h2>\n<ul>\n<li>\n                  <strong>Comfort maximum :<\/strong><br \/>\n                  <small>Mat\u00e9riaux haut de gamme qui permettent un exercice lisse et confortable<\/small>\n               <\/li>\n<li>\n                  <strong>Superbe qualit\u00e9:<\/strong><br \/>\n                  <small>Contrairement aux \u00e9lastiques, Booty Goals Band est tr\u00e8s durable et ne se casse pas pendant l\u2019utilisation<\/small>\n               <\/li>\n<li>\n                  <strong>Facile \u00e0 utiliser :<\/strong><br \/>\n                  <small>Utilisez-le \u00e0 la maison ou tout simplement l\u2019emmener avec vous et faire de l\u2019exercice n\u2019importe quand et n\u2019importe o\u00f9<\/small>\n               <\/li>\n<li>\n                  <strong>R\u00e9sultats visibles:<\/strong><br \/>\n                  <small>Vous pouvez observer l\u2019effet \u00e9tonnant sur vos fesses, cuisses et taille &#8211; pour seulement quelques minutes par jour<\/small>\n               <\/li>\n<\/ul>\n<p>\t\t\t\t\t\t\t\t\t\t<img src=\"https:\/\/wowtea.eu\/at\/files\/2021\/04\/BANDS_Features_web-combo.jpg\" title=\"|\" alt=\"|\"><br \/>\n\t\t\t\t\t\t\t\t\t\t<img width=\"460\" height=\"600\" src=\"http:\/\/wowtea.eu\/fr\/files\/2021\/05\/BANDS_21-plan-banner-mobile-1.jpg\" alt=\"|\" loading=\"lazy\" srcset=\"http:\/\/wowtea.eu\/fr\/files\/2021\/05\/BANDS_21-plan-banner-mobile-1.jpg 460w, http:\/\/wowtea.eu\/fr\/files\/2021\/05\/BANDS_21-plan-banner-mobile-1-230x300.jpg 230w\" sizes=\"(max-width: 460px) 100vw, 460px\" title=\"|\"><br \/>\n\t\t\t\t\t\t\t\t\t\t<img width=\"980\" height=\"768\" src=\"http:\/\/wowtea.eu\/fr\/files\/2021\/05\/BANDS_21-plan-banner-desktop-1.jpg\" alt=\"|\" loading=\"lazy\" srcset=\"http:\/\/wowtea.eu\/fr\/files\/2021\/05\/BANDS_21-plan-banner-desktop-1.jpg 980w, http:\/\/wowtea.eu\/fr\/files\/2021\/05\/BANDS_21-plan-banner-desktop-1-300x235.jpg 300w, http:\/\/wowtea.eu\/fr\/files\/2021\/05\/BANDS_21-plan-banner-desktop-1-768x602.jpg 768w, http:\/\/wowtea.eu\/fr\/files\/2021\/05\/BANDS_21-plan-banner-desktop-1-600x470.jpg 600w\" sizes=\"(max-width: 980px) 100vw, 980px\" title=\"|\">\t\t\t\t\t\t\t\t\t\t\t<\/p>\n<h2>Plan d\u2019entra\u00eenement gratuit de 21 jours pour un butin juteux &#8211; Programme d\u2019exercice \u00e0 faire \u00e0 la maison<\/h2>\n<h4>E-BOOK<\/h4>\n<p>Le plan d\u2019entra\u00eenement de 21 jours pour un butin juteux est un programme d\u2019exercice num\u00e9rique \u00e0 faire \u00e0 la maison (ou n\u2019importe o\u00f9 vous le souhaitez!) en utilisant le Booty Goals Band. Ce programme d\u2019exercice est sp\u00e9cialement con\u00e7u pour vous aider \u00e0 sculpter des fesses s\u00e9duisants, tonifier vos cuisses et fa\u00e7onner une belle taille &#8211; et tout cela ne prend que 15 minutes par jour pour des r\u00e9sultats visibles et \u00e9tonnants.<\/p>\n<h2>Lorsque vous commandez votre booty goals band set, vous obtenez GRATUITEMENT:<br \/>\n<\/h2>\n<p>\t\t\t\t\t\t\t\t\t\t<img src=\"https:\/\/wowtea.eu\/at\/files\/2021\/04\/products_combo-2-1-1.jpg\" title=\"|\" alt=\"|\">\t\t\t\t\t\t\t\t\t\t\t<\/p>\n<p><img loading=\"lazy\" src=\"https:\/\/bodygoalsclub.com\/wp-content\/uploads\/tik-che_20x20.png\" alt=\"|\" width=\"20\" height=\"21\" title=\"|\"> \u00c9tui chic pour vos bandes &#8211; utiliser dans le confort de votre maison ou apporter vos bandes n\u2019importe o\u00f9 avec vous et ne manquez pas une s\u00e9ance d\u2019entra\u00eenement!<\/p>\n<p><img loading=\"lazy\" src=\"https:\/\/bodygoalsclub.com\/wp-content\/uploads\/tik-che_20x20.png\" alt=\"|\" width=\"20\" height=\"21\" title=\"|\"> Plan d\u2019entra\u00eenement gratuit de 21 jours pour un butin juteux &#8211; Programme d\u2019exercice \u00e0 faire \u00e0 la maison<\/p>\n","protected":false},"excerpt":{"rendered":"<h4 class=\"vc_custom_heading text-u vc_custom_1575298970833 text-u urus_vc_custom_5f7aec27ce380 vc_custom_1575298970833\" style=\"text-align: center;\">Fitnessband<\/h4>\n<div class=\"vc_row wpb_row vc_inner vc_row-fluid\" style=\"text-align: center;\">\n<div class=\"wpb_column vc_column_container vc_col-sm-12\">\n<div class=\"vc_column-inner\">\n<div class=\"wpb_wrapper\">\n<div class=\"wpb_text_column wpb_content_element urus_vc_custom_5f7aec27ce3f9 \">\n<div class=\"wpb_wrapper\">\n<p><span class=\"face\">\u2661\u00a0<\/span><strong style=\"color: #b485b2;\">Booty Goals Band Lvl 1<\/strong><br \/>\n<span class=\"face\">\u2661\u00a0<\/span><strong style=\"color: #b485b2;\">Booty Goals Band Lvl 2<\/strong><\/p>\n<h4>L\u2019entra\u00eenement \u00e0 domicile le plus efficace pour des beaux fesses.<\/h4>\n<p><span class=\"face\">\u2661 <\/span><strong style=\"color: #4c4c4c;\">Sculpter des fesses \u00e0 la br\u00e9silienne<\/strong><br \/>\n<span class=\"face\">\u2661 <\/span><strong style=\"color: #4c4c4c;\">Formez vos cuisses magnifiquement<\/strong><br \/>\n<span class=\"face\">\u2661 <\/span><strong style=\"color: #4c4c4c;\">Obtenez des belles jambes et une silhouette sinueuse<\/strong><\/p>\n<\/div>\n<\/div>\n<\/div>\n<\/div>\n<\/div>\n<\/div>\n<h1 class=\"vc_custom_heading urus_vc_custom_5f7aec27ce471\" style=\"text-align: center; color: #c6558c; font-size: 22px;\">+ E-BOOK Plan d\u2019entra\u00eenement gratuit de 21 jours pour un butin juteux &#8211; Programme d\u2019exercice \u00e0 faire \u00e0 la maison<\/h1>\n<div class=\"vc_row wpb_row vc_inner vc_row-fluid\">\n<div class=\"wpb_column vc_column_container vc_col-sm-12\">\n<div class=\"vc_column-inner\">\n<div class=\"wpb_wrapper\">\n<div class=\"wpb_text_column wpb_content_element urus_vc_custom_5f7aec27ce4ad \">\n<div class=\"wpb_wrapper\">\n<p style=\"text-align: center;\"><span class=\"face\">*<\/span>Ce plan d\u2019entra\u00eenement sera envoy\u00e9 sous forme de fichier pdf \u00e0 votre e-mail apr\u00e8s avoir command\u00e9 votre set booty goals band!<\/p>\n<\/div>\n<\/div>\n<\/div>\n<\/div>\n<\/div>\n<\/div>\n","protected":false},"featured_media":103110,"comment_status":"open","ping_status":"closed","template":"","meta":{"inline_featured_image":false},"product_cat":[143,186],"product_tag":[],"acf":[],"variations_data":[],"free_delivery":false,"currency_name":"kr.","regular_price":"863.00","sale_price":"604.00","price":"604.00","image":"https:\/\/wowtea.eu\/dk\/files\/2021\/08\/Super-Slim-ME-booty-goals-bands-600x600-1-1.jpg","_links":{"self":[{"href":"https:\/\/wowtea.eu\/dk\/wp-json\/wp\/v2\/product\/103112"}],"collection":[{"href":"https:\/\/wowtea.eu\/dk\/wp-json\/wp\/v2\/product"}],"about":[{"href":"https:\/\/wowtea.eu\/dk\/wp-json\/wp\/v2\/types\/product"}],"replies":[{"embeddable":true,"href":"https:\/\/wowtea.eu\/dk\/wp-json\/wp\/v2\/comments?post=103112"}],"version-history":[{"count":1,"href":"https:\/\/wowtea.eu\/dk\/wp-json\/wp\/v2\/product\/103112\/revisions"}],"predecessor-version":[{"id":114125,"href":"https:\/\/wowtea.eu\/dk\/wp-json\/wp\/v2\/product\/103112\/revisions\/114125"}],"wp:featuredmedia":[{"embeddable":true,"href":"https:\/\/wowtea.eu\/dk\/wp-json\/wp\/v2\/media\/103110"}],"wp:attachment":[{"href":"https:\/\/wowtea.eu\/dk\/wp-json\/wp\/v2\/media?parent=103112"}],"wp:term":[{"taxonomy":"product_cat","embeddable":true,"href":"https:\/\/wowtea.eu\/dk\/wp-json\/wp\/v2\/product_cat?post=103112"},{"taxonomy":"product_tag","embeddable":true,"href":"https:\/\/wowtea.eu\/dk\/wp-json\/wp\/v2\/product_tag?post=103112"}],"curies":[{"name":"wp","href":"https:\/\/api.w.org\/{rel}","templated":true}]}}