{"id":72684,"date":"2020-10-12T10:31:32","date_gmt":"2020-10-12T08:31:32","guid":{"rendered":"https:\/\/wowtea.eu\/es\/?page_id=72684"},"modified":"2025-10-15T13:27:16","modified_gmt":"2025-10-15T11:27:16","slug":"privacy-policy","status":"publish","type":"page","link":"https:\/\/wowtea.eu\/es\/privacy-policy\/","title":{"rendered":"Confidencialidad y datos personales"},"content":{"rendered":"\t\t<div data-elementor-type=\"wp-page\" data-elementor-id=\"72684\" class=\"elementor elementor-72684\">\n\t\t\t\t\t\t<div class=\"elementor-inner\">\n\t\t\t\t<div class=\"elementor-section-wrap\">\n\t\t\t\t\t\t\t\t\t<section class=\"elementor-section elementor-top-section elementor-element elementor-element-0748cec elementor-section-full_width elementor-section-height-default elementor-section-height-default\" data-id=\"0748cec\" data-element_type=\"section\">\n\t\t\t\t\t\t<div class=\"elementor-container elementor-column-gap-default\">\n\t\t\t\t\t\t\t<div class=\"elementor-row\">\n\t\t\t\t\t<div class=\"elementor-column elementor-col-100 elementor-top-column elementor-element elementor-element-79fb472\" data-id=\"79fb472\" data-element_type=\"column\">\n\t\t\t<div class=\"elementor-column-wrap elementor-element-populated\">\n\t\t\t\t\t\t\t<div class=\"elementor-widget-wrap\">\n\t\t\t\t\t\t<div class=\"elementor-element elementor-element-447f779 elementor-widget elementor-widget-custom_title\" data-id=\"447f779\" data-element_type=\"widget\" data-widget_type=\"custom_title.default\">\n\t\t\t\t<div class=\"elementor-widget-container\">\n\t\t\t      <!-- border_title center_border -->\n      \n               <div class=\"custom_title\"  >\n            <h2 class=\"title  \"><span>PRINCIPIOS DE PROTECCI\u00d3N DE DATOS PERSONALES<\/span> <\/h2>\n         <\/div>\n      \n\n   \t\t<\/div>\n\t\t\t\t<\/div>\n\t\t\t\t\t\t<\/div>\n\t\t\t\t\t<\/div>\n\t\t<\/div>\n\t\t\t\t\t\t\t\t<\/div>\n\t\t\t\t\t<\/div>\n\t\t<\/section>\n\t\t\t\t<section class=\"elementor-section elementor-top-section elementor-element elementor-element-87f852f elementor-section-boxed elementor-section-height-default elementor-section-height-default\" data-id=\"87f852f\" data-element_type=\"section\">\n\t\t\t\t\t\t<div class=\"elementor-container elementor-column-gap-default\">\n\t\t\t\t\t\t\t<div class=\"elementor-row\">\n\t\t\t\t\t<div class=\"elementor-column elementor-col-100 elementor-top-column elementor-element elementor-element-1b4eccc\" data-id=\"1b4eccc\" data-element_type=\"column\">\n\t\t\t<div class=\"elementor-column-wrap elementor-element-populated\">\n\t\t\t\t\t\t\t<div class=\"elementor-widget-wrap\">\n\t\t\t\t\t\t<div class=\"elementor-element elementor-element-56f693d elementor-widget elementor-widget-text-editor\" data-id=\"56f693d\" data-element_type=\"widget\" data-widget_type=\"text-editor.default\">\n\t\t\t\t<div class=\"elementor-widget-container\">\n\t\t\t\t\t\t\t\t<div class=\"elementor-text-editor elementor-clearfix\">\n\t\t\t\t<p><span data-sheets-value=\"{&quot;1&quot;:2,&quot;2&quot;:&quot;Gesti\u00f3n de datos personales&quot;}\" data-sheets-userformat=\"{&quot;2&quot;:769,&quot;3&quot;:{&quot;1&quot;:0},&quot;11&quot;:4,&quot;12&quot;:0}\">Gesti\u00f3n de datos personales\u00a0<\/span><\/p><p><span data-sheets-value=\"{&quot;1&quot;:2,&quot;2&quot;:&quot;Toda la informaci\u00f3n proporcionada sobre datos personales o recopilada a trav\u00e9s de operaciones en wowtea.eu ser\u00e1 procesada por ATOP Ltd., con sede en Bulgaria, Blvd. Bulgaria 81B, piso 4, oficina 7, Sof\u00eda 1608&quot;}\" data-sheets-userformat=\"{&quot;2&quot;:769,&quot;3&quot;:{&quot;1&quot;:0},&quot;11&quot;:4,&quot;12&quot;:0}\">Toda la informaci\u00f3n proporcionada sobre datos personales o recopilada a trav\u00e9s de operaciones en wowtea.eu ser\u00e1 procesada por ATOP Ltd., con sede en calle Nikola Gabrovski, \u211679, piso 1, Sof\u00eda, 1700, Bulgaria<\/span><\/p><p><span data-sheets-value=\"{&quot;1&quot;:2,&quot;2&quot;:&quot;WOW TEA garantiza la seguridad y confidencialidad de la informaci\u00f3n proporcionada y transmitida a trav\u00e9s de nuestro sistema inform\u00e1tico.&quot;}\" data-sheets-userformat=\"{&quot;2&quot;:769,&quot;3&quot;:{&quot;1&quot;:0},&quot;11&quot;:4,&quot;12&quot;:0}\">WOW TEA garantiza la seguridad y confidencialidad de la informaci\u00f3n proporcionada y transmitida a trav\u00e9s de nuestro sistema inform\u00e1tico.<\/span><\/p><p><span data-sheets-value=\"{&quot;1&quot;:2,&quot;2&quot;:&quot;Los datos y la informaci\u00f3n personal proporcionados por los USUARIOS\/CLIENTES son utilizados por WOW TEA para gestionar pedidos, proporcionar productos y servicios, procesar pagos, comunicarse con USUARIOS\/CLIENTES sobre pedidos, productos, servicios y ofertas promocionales o recomendaciones de productos. Aqu\u00ed hay un inventario de para qu\u00e9 se utilizar\u00e1n los datos:&quot;}\" data-sheets-userformat=\"{&quot;2&quot;:769,&quot;3&quot;:{&quot;1&quot;:0},&quot;11&quot;:4,&quot;12&quot;:0}\">Los datos y la informaci\u00f3n personal proporcionados por los USUARIOS\/CLIENTES son utilizados por WOW TEA para gestionar pedidos, proporcionar productos y servicios, procesar pagos, comunicarse con USUARIOS\/CLIENTES sobre pedidos, productos, servicios y ofertas promocionales o recomendaciones de productos. Aqu\u00ed hay un inventario de para qu\u00e9 se utilizar\u00e1n los datos:<\/span><\/p><p>Nombre: para entrega por MRW Courier Company<br \/>Apellido: para entrega por MRW Courier Company<br \/>N\u00famero de tel\u00e9fono: para entrega por MRW Courier Company<br \/>Direcci\u00f3n: para entrega por MRW Courier Company<br \/>Direcci\u00f3n de correo electr\u00f3nico: contactar con el usuario por problemas de entrega o n\u00famero de tel\u00e9fono incorrecto. Enviar informaci\u00f3n sobre nuevos productos, promociones vigentes y art\u00edculos interesantes. Existe una opci\u00f3n para cancelar la suscripci\u00f3n a esta lista haciendo clic en el bot\u00f3n &#8220;Haga clic aqu\u00ed para dejar de recibir mensajes nuestros&#8221; en el propio correo electr\u00f3nico.<\/p><p>Pol\u00edtica de privacidad para terceros que utilizan datos personales de wowtea.eu<\/p><p><strong>Adyen<\/strong><br \/>https:\/\/www.adyen.com\/privacy-policy<br \/><strong>Mollie<\/strong><br \/>https:\/\/www.mollie.com\/legal\/privacy<br \/><strong>PayPal<\/strong><br \/>https:\/\/www.paypal.com\/us\/legalhub\/paypal\/privacy-full<br \/><strong>ZEN<\/strong><br \/>https:\/\/www.zen.com\/privacy-policy\/<br \/><strong>GLS<\/strong><br \/>https:\/\/gls-group.eu\/GROUP\/en\/privacy-policy\/<br \/><strong>Facebook<\/strong><br \/>https:\/\/www.facebook.com\/privacy\/policies\/cookies\/<br \/><strong>Klaviyo<\/strong><br \/>https:\/\/www.klaviyo.com\/legal\/privacy\/privacy-notice<br \/><strong>Google Analytics<\/strong><br \/>https:\/\/policies.google.com\/technologies\/cookies<br \/><strong>WhatsApp<\/strong><br \/>https:\/\/www.whatsapp.com\/legal\/privacy-policy<br \/><strong>Pinterest<\/strong><br \/>https:\/\/policy.pinterest.com\/en\/privacy-policy<\/p><p><span data-sheets-value=\"{&quot;1&quot;:2,&quot;2&quot;:&quot;Reglamento (UE) 2016\/679 del Parlamento Europeo y del Consejo, de 27 de abril de 2016, relativo a la protecci\u00f3n de las personas f\u00edsicas en lo que respecta al tratamiento de datos personales y a la libre circulaci\u00f3n de estos datos, y por el que se deroga la Directiva 95\/46\/CE :&quot;}\" data-sheets-userformat=\"{&quot;2&quot;:769,&quot;3&quot;:{&quot;1&quot;:0},&quot;11&quot;:4,&quot;12&quot;:0}\">Reglamento (UE) 2016\/679 del Parlamento Europeo y del Consejo, de 27 de abril de 2016, relativo a la protecci\u00f3n de las personas f\u00edsicas en lo que respecta al tratamiento de datos personales y a la libre circulaci\u00f3n de estos datos, y por el que se deroga la Directiva 95\/46\/CE :<\/span><br \/>https:\/\/eur-lex.europa.eu\/eli\/reg\/2016\/679\/oj<\/p><p><strong><span data-sheets-value=\"{&quot;1&quot;:2,&quot;2&quot;:&quot;\u00bfQU\u00c9 HACEMOS CON SU INFORMACI\u00d3N?&quot;}\" data-sheets-userformat=\"{&quot;2&quot;:769,&quot;3&quot;:{&quot;1&quot;:0},&quot;11&quot;:4,&quot;12&quot;:0}\">\u00bfQU\u00c9 HACEMOS CON SU INFORMACI\u00d3N?<\/span><\/strong><\/p><p><span data-sheets-value=\"{&quot;1&quot;:2,&quot;2&quot;:&quot;Cuando compra algo en nuestra tienda, como parte del proceso de compra y venta, recopilamos la informaci\u00f3n personal que nos proporciona, como su nombre, direcci\u00f3n y direcci\u00f3n de correo electr\u00f3nico. Cuando navega por nuestra tienda, tambi\u00e9n recibimos autom\u00e1ticamente la direcci\u00f3n de protocolo de Internet (IP) de su computadora para brindarnos informaci\u00f3n que nos ayude a conocer su navegador y sistema operativo. Marketing por correo electr\u00f3nico (si corresponde): con su permiso, podemos enviarle correos electr\u00f3nicos sobre nuestra tienda, nuevos productos y otras actualizaciones. Marketing de texto y notificaciones: al suscribirse a notificaciones de texto, acepta recibir mensajes de marketing automatizados recurrentes en el n\u00famero de tel\u00e9fono proporcionado. El consentimiento no es una condici\u00f3n de compra. Responda STOP para cancelar la suscripci\u00f3n. AYUDA para obtener ayuda. Es posible que se apliquen tarifas de mensajes y datos. M\u00e1s informaci\u00f3n ver Pol\u00edtica de Privacidad y ToS.&quot;}\" data-sheets-userformat=\"{&quot;2&quot;:769,&quot;3&quot;:{&quot;1&quot;:0},&quot;11&quot;:4,&quot;12&quot;:0}\">Cuando compra algo en nuestra tienda, como parte del proceso de compra y venta, recopilamos la informaci\u00f3n personal que nos proporciona, como su nombre, direcci\u00f3n y direcci\u00f3n de correo electr\u00f3nico. Cuando navega por nuestra tienda, tambi\u00e9n recibimos autom\u00e1ticamente la direcci\u00f3n de protocolo de Internet (IP) de su computadora para brindarnos informaci\u00f3n que nos ayude a conocer su navegador y sistema operativo. Marketing por correo electr\u00f3nico (si corresponde): con su permiso, podemos enviarle correos electr\u00f3nicos sobre nuestra tienda, nuevos productos y otras actualizaciones. Marketing de texto y notificaciones: al suscribirse a notificaciones de texto, acepta recibir mensajes de marketing automatizados recurrentes en el n\u00famero de tel\u00e9fono proporcionado. El consentimiento no es una condici\u00f3n de compra. Responda STOP para cancelar la suscripci\u00f3n. AYUDA para obtener ayuda. Es posible que se apliquen tarifas de mensajes y datos. M\u00e1s informaci\u00f3n ver Pol\u00edtica de Privacidad y ToS.<\/span><\/p><p><strong><span data-sheets-value=\"{&quot;1&quot;:2,&quot;2&quot;:&quot;CONSENTIMIENTO&quot;}\" data-sheets-userformat=\"{&quot;2&quot;:769,&quot;3&quot;:{&quot;1&quot;:0},&quot;11&quot;:4,&quot;12&quot;:0}\">CONSENTIMIENTO<\/span><\/strong><\/p><p><span data-sheets-value=\"{&quot;1&quot;:2,&quot;2&quot;:&quot;\u00bfC\u00f3mo obtienen mi consentimiento? Cuando nos proporciona informaci\u00f3n personal para completar una transacci\u00f3n, verificar su tarjeta de cr\u00e9dito, realizar un pedido, coordinar una entrega o devolver una compra, implicamos que acepta que la recopilemos y la usemos solo por ese motivo espec\u00edfico. Si solicitamos su informaci\u00f3n personal por un motivo secundario, como marketing, le pediremos directamente su consentimiento expreso o le brindaremos la oportunidad de decir que no. \u00bfC\u00f3mo retiro mi consentimiento? Si despu\u00e9s de aceptar cambia de opini\u00f3n, puede retirar su consentimiento para que nos comuniquemos con usted, para continuar con la recopilaci\u00f3n, el uso o la divulgaci\u00f3n de su informaci\u00f3n, en cualquier momento, envi\u00e1ndonos un correo electr\u00f3nico a: customers@wowtea.eu&quot;}\" data-sheets-userformat=\"{&quot;2&quot;:769,&quot;3&quot;:{&quot;1&quot;:0},&quot;11&quot;:4,&quot;12&quot;:0}\">\u00bfC\u00f3mo obtienen mi consentimiento? Cuando nos proporciona informaci\u00f3n personal para completar una transacci\u00f3n, verificar su tarjeta de cr\u00e9dito, realizar un pedido, coordinar una entrega o devolver una compra, implicamos que acepta que la recopilemos y la usemos solo por ese motivo espec\u00edfico. Si solicitamos su informaci\u00f3n personal por un motivo secundario, como marketing, le pediremos directamente su consentimiento expreso o le brindaremos la oportunidad de decir que no. \u00bfC\u00f3mo retiro mi consentimiento? Si despu\u00e9s de aceptar cambia de opini\u00f3n, puede retirar su consentimiento para que nos comuniquemos con usted, para continuar con la recopilaci\u00f3n, el uso o la divulgaci\u00f3n de su informaci\u00f3n, en cualquier momento, envi\u00e1ndonos un correo electr\u00f3nico a:<\/span><br \/>customers@wowtea.eu<\/p><p><strong><span data-sheets-value=\"{&quot;1&quot;:2,&quot;2&quot;:&quot;EDAD DE CONSENTIMIENTO&quot;}\" data-sheets-userformat=\"{&quot;2&quot;:769,&quot;3&quot;:{&quot;1&quot;:0},&quot;11&quot;:4,&quot;12&quot;:0}\">EDAD DE CONSENTIMIENTO<\/span><\/strong><\/p><p><span data-sheets-value=\"{&quot;1&quot;:2,&quot;2&quot;:&quot;Al utilizar este sitio, usted declara que tiene al menos la mayor\u00eda de edad en su estado o provincia de residencia, o que tiene la mayor\u00eda de edad en su estado o provincia de residencia y que nos ha dado su consentimiento para permitir cualquiera de sus dependientes menores para utilizar este sitio.&quot;}\" data-sheets-userformat=\"{&quot;2&quot;:769,&quot;3&quot;:{&quot;1&quot;:0},&quot;11&quot;:4,&quot;12&quot;:0}\">Al utilizar este sitio, usted declara que tiene al menos la mayor\u00eda de edad en su estado o provincia de residencia, o que tiene la mayor\u00eda de edad en su estado o provincia de residencia y que nos ha dado su consentimiento para permitir cualquiera de sus dependientes menores para utilizar este sitio.<\/span><\/p><p><strong>SERVICIOS DE TERCEROS<\/strong><\/p><p><span data-sheets-value=\"{&quot;1&quot;:2,&quot;2&quot;:&quot;En general, los proveedores externos que utilizamos solo recopilar\u00e1n, usar\u00e1n y divulgar\u00e1n su informaci\u00f3n en la medida necesaria para permitirles realizar los servicios que nos brindan. Sin embargo, ciertos proveedores de servicios externos, como pasarelas de pago y otros procesadores de transacciones de pago, tienen sus propias pol\u00edticas de privacidad con respecto a la informaci\u00f3n que debemos proporcionarles para sus transacciones relacionadas con compras. Para estos proveedores, le recomendamos que lea sus pol\u00edticas de privacidad para que pueda comprender la manera en que estos proveedores manejar\u00e1n su informaci\u00f3n personal. En particular, recuerde que ciertos proveedores pueden estar ubicados o tener instalaciones ubicadas en una jurisdicci\u00f3n diferente a la suya o la nuestra. Por lo tanto, si elige continuar con una transacci\u00f3n que involucra los servicios de un proveedor de servicios externo, entonces su informaci\u00f3n puede quedar sujeta a las leyes de la jurisdicci\u00f3n en la que se encuentran ese proveedor de servicios o sus instalaciones.&quot;}\" data-sheets-userformat=\"{&quot;2&quot;:769,&quot;3&quot;:{&quot;1&quot;:0},&quot;11&quot;:4,&quot;12&quot;:0}\">En general, los proveedores externos que utilizamos solo recopilar\u00e1n, usar\u00e1n y divulgar\u00e1n su informaci\u00f3n en la medida necesaria para permitirles realizar los servicios que nos brindan. Sin embargo, ciertos proveedores de servicios externos, como pasarelas de pago y otros procesadores de transacciones de pago, tienen sus propias pol\u00edticas de privacidad con respecto a la informaci\u00f3n que debemos proporcionarles para sus transacciones relacionadas con compras. Para estos proveedores, le recomendamos que lea sus pol\u00edticas de privacidad para que pueda comprender la manera en que estos proveedores manejar\u00e1n su informaci\u00f3n personal. En particular, recuerde que ciertos proveedores pueden estar ubicados o tener instalaciones ubicadas en una jurisdicci\u00f3n diferente a la suya o la nuestra. Por lo tanto, si elige continuar con una transacci\u00f3n que involucra los servicios de un proveedor de servicios externo, entonces su informaci\u00f3n puede quedar sujeta a las leyes de la jurisdicci\u00f3n en la que se encuentran ese proveedor de servicios o sus instalaciones.<\/span><\/p><p><strong><span data-sheets-value=\"{&quot;1&quot;:2,&quot;2&quot;:&quot;CAMBIOS A ESTA POL\u00cdTICA DE PRIVACIDAD&quot;}\" data-sheets-userformat=\"{&quot;2&quot;:769,&quot;3&quot;:{&quot;1&quot;:0},&quot;11&quot;:4,&quot;12&quot;:0}\">CAMBIOS A ESTA POL\u00cdTICA DE PRIVACIDAD<\/span><\/strong><\/p><p><span data-sheets-value=\"{&quot;1&quot;:2,&quot;2&quot;:&quot;Nos reservamos el derecho de modificar esta pol\u00edtica de privacidad en cualquier momento, as\u00ed que rev\u00edsela con frecuencia. Los cambios y aclaraciones entrar\u00e1n en vigor inmediatamente despu\u00e9s de su publicaci\u00f3n en el sitio web. Si realizamos cambios sustanciales a esta pol\u00edtica, le notificaremos aqu\u00ed que se ha actualizado, para que sepa qu\u00e9 informaci\u00f3n recopilamos, c\u00f3mo la usamos y bajo qu\u00e9 circunstancias, si corresponde, usamos y\/o divulgamos.&quot;}\" data-sheets-userformat=\"{&quot;2&quot;:769,&quot;3&quot;:{&quot;1&quot;:0},&quot;11&quot;:4,&quot;12&quot;:0}\">Nos reservamos el derecho de modificar esta pol\u00edtica de privacidad en cualquier momento, as\u00ed que rev\u00edsela con frecuencia. Los cambios y aclaraciones entrar\u00e1n en vigor inmediatamente despu\u00e9s de su publicaci\u00f3n en el sitio web. Si realizamos cambios sustanciales a esta pol\u00edtica, le notificaremos aqu\u00ed que se ha actualizado, para que sepa qu\u00e9 informaci\u00f3n recopilamos, c\u00f3mo la usamos y bajo qu\u00e9 circunstancias, si corresponde, usamos y\/o divulgamos.<\/span><\/p><p><strong><span data-sheets-value=\"{&quot;1&quot;:2,&quot;2&quot;:&quot;PREGUNTAS E INFORMACI\u00d3N DE CONTACTO&quot;}\" data-sheets-userformat=\"{&quot;2&quot;:769,&quot;3&quot;:{&quot;1&quot;:0},&quot;11&quot;:4,&quot;12&quot;:0}\">PREGUNTAS E INFORMACI\u00d3N DE CONTACTO<\/span><\/strong><\/p><p><span data-sheets-value=\"{&quot;1&quot;:2,&quot;2&quot;:&quot;Si desea: acceder, corregir, modificar o eliminar cualquier informaci\u00f3n personal que tengamos sobre usted, registrar una queja o simplemente desea obtener m\u00e1s informaci\u00f3n cont\u00e1ctenos a&quot;}\" data-sheets-userformat=\"{&quot;2&quot;:769,&quot;3&quot;:{&quot;1&quot;:0},&quot;11&quot;:4,&quot;12&quot;:0}\">Si desea: acceder, corregir, modificar o eliminar cualquier informaci\u00f3n personal que tengamos sobre usted, registrar una queja o simplemente desea obtener m\u00e1s informaci\u00f3n cont\u00e1ctenos a<\/span><br \/>customers@wowtea.eu<\/p>\t\t\t\t\t<\/div>\n\t\t\t\t\t\t<\/div>\n\t\t\t\t<\/div>\n\t\t\t\t\t\t<\/div>\n\t\t\t\t\t<\/div>\n\t\t<\/div>\n\t\t\t\t\t\t\t\t<\/div>\n\t\t\t\t\t<\/div>\n\t\t<\/section>\n\t\t\t\t\t\t\t\t\t<\/div>\n\t\t\t<\/div>\n\t\t\t\t\t<\/div>\n\t\t","protected":false},"excerpt":{"rendered":"<p>PRINCIPIOS DE PROTECCI\u00d3N DE DATOS PERSONALES Gesti\u00f3n de datos personales\u00a0 Toda la informaci\u00f3n proporcionada sobre datos personales o recopilada a trav\u00e9s de operaciones en wowtea.eu ser\u00e1 procesada por ATOP Ltd., con sede en calle Nikola Gabrovski, \u211679, piso 1, Sof\u00eda, 1700, Bulgaria WOW TEA garantiza la seguridad y confidencialidad de la informaci\u00f3n proporcionada y transmitida a trav\u00e9s de nuestro sistema inform\u00e1tico. Los datos y la informaci\u00f3n personal proporcionados por los USUARIOS\/CLIENTES son utilizados por WOW TEA para gestionar pedidos, proporcionar productos y servicios, procesar pagos, comunicarse con USUARIOS\/CLIENTES sobre pedidos, productos, servicios y ofertas promocionales o recomendaciones de productos. Aqu\u00ed [&hellip;]<\/p>\n","protected":false},"author":1,"featured_media":0,"parent":0,"menu_order":0,"comment_status":"closed","ping_status":"closed","template":"","meta":{"inline_featured_image":false},"acf":[],"_links":{"self":[{"href":"https:\/\/wowtea.eu\/es\/wp-json\/wp\/v2\/pages\/72684"}],"collection":[{"href":"https:\/\/wowtea.eu\/es\/wp-json\/wp\/v2\/pages"}],"about":[{"href":"https:\/\/wowtea.eu\/es\/wp-json\/wp\/v2\/types\/page"}],"author":[{"embeddable":true,"href":"https:\/\/wowtea.eu\/es\/wp-json\/wp\/v2\/users\/1"}],"replies":[{"embeddable":true,"href":"https:\/\/wowtea.eu\/es\/wp-json\/wp\/v2\/comments?post=72684"}],"version-history":[{"count":25,"href":"https:\/\/wowtea.eu\/es\/wp-json\/wp\/v2\/pages\/72684\/revisions"}],"predecessor-version":[{"id":140114,"href":"https:\/\/wowtea.eu\/es\/wp-json\/wp\/v2\/pages\/72684\/revisions\/140114"}],"wp:attachment":[{"href":"https:\/\/wowtea.eu\/es\/wp-json\/wp\/v2\/media?parent=72684"}],"curies":[{"name":"wp","href":"https:\/\/api.w.org\/{rel}","templated":true}]}}