{"id":98120,"date":"2021-08-16T10:53:49","date_gmt":"2021-08-16T08:53:49","guid":{"rendered":"https:\/\/wowtea.eu\/es\/?page_id=98120"},"modified":"2023-11-17T09:14:16","modified_gmt":"2023-11-17T08:14:16","slug":"payment-information","status":"publish","type":"page","link":"https:\/\/wowtea.eu\/es\/payment-information\/","title":{"rendered":"Informaci\u00f3n del pago"},"content":{"rendered":"\t\t<div data-elementor-type=\"wp-page\" data-elementor-id=\"98120\" class=\"elementor elementor-98120\">\n\t\t\t\t\t\t<div class=\"elementor-inner\">\n\t\t\t\t<div class=\"elementor-section-wrap\">\n\t\t\t\t\t\t\t\t\t<section class=\"elementor-section elementor-top-section elementor-element elementor-element-441faa4 elementor-section-boxed elementor-section-height-default elementor-section-height-default\" data-id=\"441faa4\" data-element_type=\"section\">\n\t\t\t\t\t\t<div class=\"elementor-container elementor-column-gap-default\">\n\t\t\t\t\t\t\t<div class=\"elementor-row\">\n\t\t\t\t\t<div class=\"elementor-column elementor-col-100 elementor-top-column elementor-element elementor-element-42a68f6\" data-id=\"42a68f6\" data-element_type=\"column\">\n\t\t\t<div class=\"elementor-column-wrap elementor-element-populated\">\n\t\t\t\t\t\t\t<div class=\"elementor-widget-wrap\">\n\t\t\t\t\t\t<div class=\"elementor-element elementor-element-6708e72 elementor-widget elementor-widget-heading\" data-id=\"6708e72\" data-element_type=\"widget\" data-widget_type=\"heading.default\">\n\t\t\t\t<div class=\"elementor-widget-container\">\n\t\t\t<h2 class=\"elementor-heading-title elementor-size-default\">Informaci\u00f3n del pago<\/h2>\t\t<\/div>\n\t\t\t\t<\/div>\n\t\t\t\t\t\t<\/div>\n\t\t\t\t\t<\/div>\n\t\t<\/div>\n\t\t\t\t\t\t\t\t<\/div>\n\t\t\t\t\t<\/div>\n\t\t<\/section>\n\t\t\t\t<section class=\"elementor-section elementor-top-section elementor-element elementor-element-3ea8bd4 elementor-section-boxed elementor-section-height-default elementor-section-height-default\" data-id=\"3ea8bd4\" data-element_type=\"section\">\n\t\t\t\t\t\t<div class=\"elementor-container elementor-column-gap-default\">\n\t\t\t\t\t\t\t<div class=\"elementor-row\">\n\t\t\t\t\t<div class=\"elementor-column elementor-col-100 elementor-top-column elementor-element elementor-element-0fb2ff9\" data-id=\"0fb2ff9\" data-element_type=\"column\">\n\t\t\t<div class=\"elementor-column-wrap elementor-element-populated\">\n\t\t\t\t\t\t\t<div class=\"elementor-widget-wrap\">\n\t\t\t\t\t\t<div class=\"elementor-element elementor-element-67b9792 elementor-widget elementor-widget-text-editor\" data-id=\"67b9792\" data-element_type=\"widget\" data-widget_type=\"text-editor.default\">\n\t\t\t\t<div class=\"elementor-widget-container\">\n\t\t\t\t\t\t\t\t<div class=\"elementor-text-editor elementor-clearfix\">\n\t\t\t\t<p>62. Los precios de los bienes y servicios son finales e incluyen el IVA, as\u00ed como todos los dem\u00e1s impuestos y tasas previstos en la legislaci\u00f3n vigente.<br \/>63. El precio y la forma de pago se indican en cada pedido.<br \/>64. Los m\u00e9todos de pago ofrecidos por \u201cWOW Tea\u201d son: contra reembolso, transferencia de dinero a trav\u00e9s de PayPal, tarjeta de cr\u00e9dito\/d\u00e9bito.<br \/>65. El Cliente acepta realizar el pago de acuerdo con el m\u00e9todo seleccionado por \u00e9l y los t\u00e9rminos del contrato de venta a distancia al momento de su celebraci\u00f3n y bajo las condiciones entre el Cliente y el respectivo proveedor de servicios de pago.<br \/>66. El Cliente acepta que el Vendedor tiene derecho a exigir y aceptar un pago por adelantado por los contratos de compra y venta de bienes y su entrega.<br \/>67 . En caso de que \u201cWOW Tea\u201d no reciba el pago seg\u00fan el m\u00e9todo elegido por el Cliente y dentro de los t\u00e9rminos acordados antes de la ejecuci\u00f3n del pedido, se considerar\u00e1 rechazado por el Cliente.<\/p>\t\t\t\t\t<\/div>\n\t\t\t\t\t\t<\/div>\n\t\t\t\t<\/div>\n\t\t\t\t\t\t<\/div>\n\t\t\t\t\t<\/div>\n\t\t<\/div>\n\t\t\t\t\t\t\t\t<\/div>\n\t\t\t\t\t<\/div>\n\t\t<\/section>\n\t\t\t\t\t\t\t\t\t<\/div>\n\t\t\t<\/div>\n\t\t\t\t\t<\/div>\n\t\t","protected":false},"excerpt":{"rendered":"<p>Informaci\u00f3n del pago 62. Los precios de los bienes y servicios son finales e incluyen el IVA, as\u00ed como todos los dem\u00e1s impuestos y tasas previstos en la legislaci\u00f3n vigente.63. El precio y la forma de pago se indican en cada pedido.64. Los m\u00e9todos de pago ofrecidos por \u201cWOW Tea\u201d son: contra reembolso, transferencia de dinero a trav\u00e9s de PayPal, tarjeta de cr\u00e9dito\/d\u00e9bito.65. El Cliente acepta realizar el pago de acuerdo con el m\u00e9todo seleccionado por \u00e9l y los t\u00e9rminos del contrato de venta a distancia al momento de su celebraci\u00f3n y bajo las condiciones entre el Cliente y el [&hellip;]<\/p>\n","protected":false},"author":24,"featured_media":0,"parent":0,"menu_order":0,"comment_status":"closed","ping_status":"closed","template":"","meta":{"inline_featured_image":false},"acf":[],"_links":{"self":[{"href":"https:\/\/wowtea.eu\/es\/wp-json\/wp\/v2\/pages\/98120"}],"collection":[{"href":"https:\/\/wowtea.eu\/es\/wp-json\/wp\/v2\/pages"}],"about":[{"href":"https:\/\/wowtea.eu\/es\/wp-json\/wp\/v2\/types\/page"}],"author":[{"embeddable":true,"href":"https:\/\/wowtea.eu\/es\/wp-json\/wp\/v2\/users\/24"}],"replies":[{"embeddable":true,"href":"https:\/\/wowtea.eu\/es\/wp-json\/wp\/v2\/comments?post=98120"}],"version-history":[{"count":7,"href":"https:\/\/wowtea.eu\/es\/wp-json\/wp\/v2\/pages\/98120\/revisions"}],"predecessor-version":[{"id":122209,"href":"https:\/\/wowtea.eu\/es\/wp-json\/wp\/v2\/pages\/98120\/revisions\/122209"}],"wp:attachment":[{"href":"https:\/\/wowtea.eu\/es\/wp-json\/wp\/v2\/media?parent=98120"}],"curies":[{"name":"wp","href":"https:\/\/api.w.org\/{rel}","templated":true}]}}