{"id":98136,"date":"2021-08-16T10:57:50","date_gmt":"2021-08-16T08:57:50","guid":{"rendered":"https:\/\/wowtea.eu\/es\/?page_id=98136"},"modified":"2025-12-23T12:53:33","modified_gmt":"2025-12-23T11:53:33","slug":"shipping-information","status":"publish","type":"page","link":"https:\/\/wowtea.eu\/es\/shipping-information\/","title":{"rendered":"Informaci\u00f3n de env\u00edo"},"content":{"rendered":"\t\t<div data-elementor-type=\"wp-page\" data-elementor-id=\"98136\" class=\"elementor elementor-98136\">\n\t\t\t\t\t\t<div class=\"elementor-inner\">\n\t\t\t\t<div class=\"elementor-section-wrap\">\n\t\t\t\t\t\t\t\t\t<section class=\"elementor-section elementor-top-section elementor-element elementor-element-d59a112 elementor-section-boxed elementor-section-height-default elementor-section-height-default\" data-id=\"d59a112\" data-element_type=\"section\">\n\t\t\t\t\t\t<div class=\"elementor-container elementor-column-gap-default\">\n\t\t\t\t\t\t\t<div class=\"elementor-row\">\n\t\t\t\t\t<div class=\"elementor-column elementor-col-100 elementor-top-column elementor-element elementor-element-03fa5f2\" data-id=\"03fa5f2\" data-element_type=\"column\">\n\t\t\t<div class=\"elementor-column-wrap elementor-element-populated\">\n\t\t\t\t\t\t\t<div class=\"elementor-widget-wrap\">\n\t\t\t\t\t\t<div class=\"elementor-element elementor-element-180112b elementor-widget elementor-widget-heading\" data-id=\"180112b\" data-element_type=\"widget\" data-widget_type=\"heading.default\">\n\t\t\t\t<div class=\"elementor-widget-container\">\n\t\t\t<h2 class=\"elementor-heading-title elementor-size-default\">Informaci\u00f3n de env\u00edo<\/h2>\t\t<\/div>\n\t\t\t\t<\/div>\n\t\t\t\t\t\t<\/div>\n\t\t\t\t\t<\/div>\n\t\t<\/div>\n\t\t\t\t\t\t\t\t<\/div>\n\t\t\t\t\t<\/div>\n\t\t<\/section>\n\t\t\t\t<section class=\"elementor-section elementor-top-section elementor-element elementor-element-69c3807 elementor-section-boxed elementor-section-height-default elementor-section-height-default\" data-id=\"69c3807\" data-element_type=\"section\">\n\t\t\t\t\t\t<div class=\"elementor-container elementor-column-gap-default\">\n\t\t\t\t\t\t\t<div class=\"elementor-row\">\n\t\t\t\t\t<div class=\"elementor-column elementor-col-100 elementor-top-column elementor-element elementor-element-78edf56\" data-id=\"78edf56\" data-element_type=\"column\">\n\t\t\t<div class=\"elementor-column-wrap elementor-element-populated\">\n\t\t\t\t\t\t\t<div class=\"elementor-widget-wrap\">\n\t\t\t\t\t\t<div class=\"elementor-element elementor-element-c45c063 elementor-widget elementor-widget-text-editor\" data-id=\"c45c063\" data-element_type=\"widget\" data-widget_type=\"text-editor.default\">\n\t\t\t\t<div class=\"elementor-widget-container\">\n\t\t\t\t\t\t\t\t<div class=\"elementor-text-editor elementor-clearfix\">\n\t\t\t\t<p>68. El Vendedor entrega los productos pedidos en l\u00ednea a trav\u00e9s de la empresa de mensajer\u00eda MRW Courier Company en la direcci\u00f3n especificada por el Cliente. ATOP ltd. no se hace responsable si el pedido tiene el estado de \u201centregado\u201d a la empresa de mensajer\u00eda, y el cliente tiene reclamaciones al respecto. En este caso, el cliente deber\u00e1 rellenar una solicitud de que no ha recibido el pedido y entreg\u00e1rselo a ATOP ltd., para que esta pueda iniciar una investigaci\u00f3n con la empresa de mensajer\u00eda.<\/p><p>69. El Vendedor realiza la entrega de bienes \u00fanicamente en el territorio de Espa\u00f1a.<br \/>69.1. Como ATOP LLC es una empresa establecida en la UE y los env\u00edos se realizan desde el territorio de la UE, se podr\u00edan imponer impuestos de aduana en la entrega al cliente fuera de la UE. Sigue siendo responsabilidad del cliente estar informado de los posibles cargos que podr\u00edan imponerse en la aduana.<br \/>*69.2. Dado que los env\u00edos se realizan desde el territorio de la UE, pueden producirse retrasos ocasionales debido a los procedimientos aduaneros. ATOP LLC no ser\u00e1 responsable si el pedido se retrasa en la aduana en la frontera de Espa\u00f1a.<\/p><p>70. Los bienes vendidos van acompa\u00f1ados de los documentos necesarios y del embalaje original.<\/p><p>71. El plazo de entrega es de 1 a 2 d\u00edas h\u00e1biles. Una excepci\u00f3n es el punto 47.<br \/>71.1. ENV\u00cdO PRIORITARIO \u2013 El env\u00edo prioritario garantiza que su pedido ser\u00e1 procesado y cumplido con prioridad antes que el resto de pedidos. Dichos pedidos tambi\u00e9n ser\u00e1n procesados y ejecutados con prioridad en caso de escasez de stock. Esos pedidos tambi\u00e9n son los primeros que se env\u00edan a la empresa de mensajer\u00eda para su entrega. ATOP LLC no se har\u00e1 responsable si la empresa de mensajer\u00eda retrasa el pedido.<\/p><p>72. El coste de env\u00edo es de 5.50 EUR, IVA incluido.<\/p><p>73. La entrega de pedidos de bienes de valor superior a 40 EUR (IVA incluido) es gratuita para el Cliente.<\/p><p>74. Los detalles sobre los plazos de entrega de la mercanc\u00eda son indicativos y el Vendedor no est\u00e1 obligado por ellos a ejecutar la entrega en una fecha espec\u00edfica. El Cliente no tiene derecho a ninguna compensaci\u00f3n en caso de retraso en la entrega.<\/p><p>75. Las entregas se realizan de lunes a viernes de 09.00 a 18.00 horas, excepto festivos oficiales. Puede haber una excepci\u00f3n para asentamientos con horario de servicio especial.<\/p><p>76. El d\u00eda de la entrega, el Cliente recibe un SMS y\/o un correo electr\u00f3nico del mensajero informando que hay un env\u00edo por recibir. Si el Cliente no se encuentra en el d\u00eda y lugar acordado y no hay otra persona que acepte el env\u00edo por \u00e9l, el mensajero deja una nota de que la direcci\u00f3n ha sido visitada junto con los datos de contacto. El env\u00edo se devuelve a la oficina del mensajero para ser recibido cuando lo solicite. Si el Cliente no se pone en contacto con el Vendedor o la empresa de mensajer\u00eda al d\u00eda siguiente, el pedido se considerar\u00e1 cancelado.<\/p><p>77. El Cliente tiene la oportunidad de abrir y examinar el contenido del env\u00edo antes de pagar al mensajero.<\/p><p>78. &#8220;WOW Tea&#8221; o un representante de la empresa de mensajer\u00eda notifica al Cliente por tel\u00e9fono o correo electr\u00f3nico si circunstancias imprevistas impiden la realizaci\u00f3n oportuna de la entrega.<\/p><p>79. El Cliente acepta que la certificaci\u00f3n de la recepci\u00f3n de la mercanc\u00eda podr\u00e1 ser otorgada por una persona, de quien, dadas las circunstancias, se puede inferir que transmitir\u00e1 la informaci\u00f3n al Cliente \u2013 parte en el contrato.<\/p><p>80. El Cliente deber\u00e1 inspeccionar la mercanc\u00eda en el momento de la entrega y su entrega por parte del Vendedor o mensajer\u00eda, y si existen inconsistencias con el pedido, deber\u00e1 notificarlo inmediatamente al Vendedor.<\/p><p>81. El riesgo de p\u00e9rdida o da\u00f1o de los bienes adquiridos pasa al Cliente en el momento en que \u00e9ste o un tercero designado por \u00e9l, distinto de la persona designada por la empresa de mensajer\u00eda \u201cWOW Tea\u201d, acepta los bienes.<br \/>TRANSFERENCIA DE LA<\/p>\t\t\t\t\t<\/div>\n\t\t\t\t\t\t<\/div>\n\t\t\t\t<\/div>\n\t\t\t\t\t\t<\/div>\n\t\t\t\t\t<\/div>\n\t\t<\/div>\n\t\t\t\t\t\t\t\t<\/div>\n\t\t\t\t\t<\/div>\n\t\t<\/section>\n\t\t\t\t\t\t\t\t\t<\/div>\n\t\t\t<\/div>\n\t\t\t\t\t<\/div>\n\t\t","protected":false},"excerpt":{"rendered":"<p>Informaci\u00f3n de env\u00edo 68. El Vendedor entrega los productos pedidos en l\u00ednea a trav\u00e9s de la empresa de mensajer\u00eda MRW Courier Company en la direcci\u00f3n especificada por el Cliente. ATOP ltd. no se hace responsable si el pedido tiene el estado de \u201centregado\u201d a la empresa de mensajer\u00eda, y el cliente tiene reclamaciones al respecto. En este caso, el cliente deber\u00e1 rellenar una solicitud de que no ha recibido el pedido y entreg\u00e1rselo a ATOP ltd., para que esta pueda iniciar una investigaci\u00f3n con la empresa de mensajer\u00eda. 69. El Vendedor realiza la entrega de bienes \u00fanicamente en el territorio [&hellip;]<\/p>\n","protected":false},"author":24,"featured_media":0,"parent":0,"menu_order":0,"comment_status":"closed","ping_status":"closed","template":"","meta":{"inline_featured_image":false},"acf":[],"_links":{"self":[{"href":"https:\/\/wowtea.eu\/es\/wp-json\/wp\/v2\/pages\/98136"}],"collection":[{"href":"https:\/\/wowtea.eu\/es\/wp-json\/wp\/v2\/pages"}],"about":[{"href":"https:\/\/wowtea.eu\/es\/wp-json\/wp\/v2\/types\/page"}],"author":[{"embeddable":true,"href":"https:\/\/wowtea.eu\/es\/wp-json\/wp\/v2\/users\/24"}],"replies":[{"embeddable":true,"href":"https:\/\/wowtea.eu\/es\/wp-json\/wp\/v2\/comments?post=98136"}],"version-history":[{"count":28,"href":"https:\/\/wowtea.eu\/es\/wp-json\/wp\/v2\/pages\/98136\/revisions"}],"predecessor-version":[{"id":142683,"href":"https:\/\/wowtea.eu\/es\/wp-json\/wp\/v2\/pages\/98136\/revisions\/142683"}],"wp:attachment":[{"href":"https:\/\/wowtea.eu\/es\/wp-json\/wp\/v2\/media?parent=98136"}],"curies":[{"name":"wp","href":"https:\/\/api.w.org\/{rel}","templated":true}]}}