{"id":104446,"date":"2021-08-11T17:03:03","date_gmt":"2021-08-11T14:03:03","guid":{"rendered":"https:\/\/wowtea.eu\/fi\/?page_id=104446"},"modified":"2021-08-12T14:16:39","modified_gmt":"2021-08-12T11:16:39","slug":"payment-information","status":"publish","type":"page","link":"https:\/\/wowtea.eu\/fi\/payment-information\/","title":{"rendered":"Payment information"},"content":{"rendered":"\t\t<div data-elementor-type=\"wp-page\" data-elementor-id=\"104446\" class=\"elementor elementor-104446\">\n\t\t\t\t\t\t<div class=\"elementor-inner\">\n\t\t\t\t<div class=\"elementor-section-wrap\">\n\t\t\t\t\t\t\t\t\t<section class=\"elementor-section elementor-top-section elementor-element elementor-element-8b12493 elementor-section-boxed elementor-section-height-default elementor-section-height-default\" data-id=\"8b12493\" data-element_type=\"section\">\n\t\t\t\t\t\t<div class=\"elementor-container elementor-column-gap-default\">\n\t\t\t\t\t\t\t<div class=\"elementor-row\">\n\t\t\t\t\t<div class=\"elementor-column elementor-col-100 elementor-top-column elementor-element elementor-element-b171171\" data-id=\"b171171\" data-element_type=\"column\">\n\t\t\t<div class=\"elementor-column-wrap elementor-element-populated\">\n\t\t\t\t\t\t\t<div class=\"elementor-widget-wrap\">\n\t\t\t\t\t\t<div class=\"elementor-element elementor-element-49823a9 elementor-widget elementor-widget-heading\" data-id=\"49823a9\" data-element_type=\"widget\" data-widget_type=\"heading.default\">\n\t\t\t\t<div class=\"elementor-widget-container\">\n\t\t\t<h2 class=\"elementor-heading-title elementor-size-default\">Lis\u00e4\u00e4 otsikkotekstisi t\u00e4h\u00e4n<\/h2>\t\t<\/div>\n\t\t\t\t<\/div>\n\t\t\t\t\t\t<\/div>\n\t\t\t\t\t<\/div>\n\t\t<\/div>\n\t\t\t\t\t\t\t\t<\/div>\n\t\t\t\t\t<\/div>\n\t\t<\/section>\n\t\t\t\t<section class=\"elementor-section elementor-top-section elementor-element elementor-element-2c170ca elementor-section-boxed elementor-section-height-default elementor-section-height-default\" data-id=\"2c170ca\" data-element_type=\"section\">\n\t\t\t\t\t\t<div class=\"elementor-container elementor-column-gap-default\">\n\t\t\t\t\t\t\t<div class=\"elementor-row\">\n\t\t\t\t\t<div class=\"elementor-column elementor-col-100 elementor-top-column elementor-element elementor-element-cfaf669\" data-id=\"cfaf669\" data-element_type=\"column\">\n\t\t\t<div class=\"elementor-column-wrap elementor-element-populated\">\n\t\t\t\t\t\t\t<div class=\"elementor-widget-wrap\">\n\t\t\t\t\t\t<div class=\"elementor-element elementor-element-2ec5ec9 elementor-widget elementor-widget-text-editor\" data-id=\"2ec5ec9\" data-element_type=\"widget\" data-widget_type=\"text-editor.default\">\n\t\t\t\t<div class=\"elementor-widget-container\">\n\t\t\t\t\t\t\t\t<div class=\"elementor-text-editor elementor-clearfix\">\n\t\t\t\t<p>63. Prices of goods and services are final and include VAT, provided for in the current legislation.<\/p><p>64. Price and method of payment are indicated in each order.<\/p><p>65. Methods of payment, offered by \u201cWOW Tea\u201d are: cash on delivery, money transfer through Debit\/Credit Card, and PayPal.<\/p><p>66. The Customer agrees to perform payment in accordance with the selected by them method and the terms of the Distance sale contract upon its conclusion and under conditions between the Customer and the respective provider of payment services.<\/p><p>67. The Customer agrees that the Seller has the right to demand and accept an advance payment for the contracts for the purchase and sale of goods and their delivery.<\/p><p>68 . In case \u201cWOW Tea\u201d does not receive payment according to the method chosen by the Customer and within the agreed terms before the order is executed, it shall be considered refused by the Customer.<\/p>\t\t\t\t\t<\/div>\n\t\t\t\t\t\t<\/div>\n\t\t\t\t<\/div>\n\t\t\t\t\t\t<\/div>\n\t\t\t\t\t<\/div>\n\t\t<\/div>\n\t\t\t\t\t\t\t\t<\/div>\n\t\t\t\t\t<\/div>\n\t\t<\/section>\n\t\t\t\t\t\t\t\t\t<\/div>\n\t\t\t<\/div>\n\t\t\t\t\t<\/div>\n\t\t","protected":false},"excerpt":{"rendered":"<p>Lis\u00e4\u00e4 otsikkotekstisi t\u00e4h\u00e4n 63. Prices of goods and services are final and include VAT, provided for in the current legislation. 64. Price and method of payment are indicated in each order. 65. Methods of payment, offered by \u201cWOW Tea\u201d are: cash on delivery, money transfer through Debit\/Credit Card, and PayPal. 66. The Customer agrees to perform payment in accordance with the selected by them method and the terms of the Distance sale contract upon its conclusion and under conditions between the Customer and the respective provider of payment services. 67. The Customer agrees that the Seller has the right to [&hellip;]<\/p>\n","protected":false},"author":24,"featured_media":0,"parent":0,"menu_order":0,"comment_status":"closed","ping_status":"closed","template":"","meta":{"inline_featured_image":false},"acf":[],"_links":{"self":[{"href":"https:\/\/wowtea.eu\/fi\/wp-json\/wp\/v2\/pages\/104446"}],"collection":[{"href":"https:\/\/wowtea.eu\/fi\/wp-json\/wp\/v2\/pages"}],"about":[{"href":"https:\/\/wowtea.eu\/fi\/wp-json\/wp\/v2\/types\/page"}],"author":[{"embeddable":true,"href":"https:\/\/wowtea.eu\/fi\/wp-json\/wp\/v2\/users\/24"}],"replies":[{"embeddable":true,"href":"https:\/\/wowtea.eu\/fi\/wp-json\/wp\/v2\/comments?post=104446"}],"version-history":[{"count":0,"href":"https:\/\/wowtea.eu\/fi\/wp-json\/wp\/v2\/pages\/104446\/revisions"}],"wp:attachment":[{"href":"https:\/\/wowtea.eu\/fi\/wp-json\/wp\/v2\/media?parent=104446"}],"curies":[{"name":"wp","href":"https:\/\/api.w.org\/{rel}","templated":true}]}}