{"id":72626,"date":"2020-10-06T15:49:31","date_gmt":"2020-10-06T12:49:31","guid":{"rendered":"https:\/\/wowtea.eu\/fr\/?post_type=product&#038;p=72626"},"modified":"2025-12-01T09:20:42","modified_gmt":"2025-12-01T07:20:42","slug":"black-bottle","status":"publish","type":"product","link":"https:\/\/wowtea.eu\/fr\/product\/black-bottle\/","title":{"rendered":"Bouteille de th\u00e9 ECO de WOW TEA (NOIR)"},"content":{"rendered":"\t\t<div data-elementor-type=\"product-post\" data-elementor-id=\"72626\" class=\"elementor elementor-72626\">\n\t\t\t\t\t\t<div class=\"elementor-inner\">\n\t\t\t\t<div class=\"elementor-section-wrap\">\n\t\t\t\t\t\t\t\t\t<section class=\"elementor-section elementor-top-section elementor-element elementor-element-b42e548 elementor-section-boxed elementor-section-height-default elementor-section-height-default\" data-id=\"b42e548\" data-element_type=\"section\">\n\t\t\t\t\t\t<div class=\"elementor-container elementor-column-gap-no\">\n\t\t\t\t\t\t\t<div class=\"elementor-row\">\n\t\t\t\t\t<div class=\"elementor-column elementor-col-100 elementor-top-column elementor-element elementor-element-7de7249\" data-id=\"7de7249\" data-element_type=\"column\">\n\t\t\t<div class=\"elementor-column-wrap elementor-element-populated\">\n\t\t\t\t\t\t\t<div class=\"elementor-widget-wrap\">\n\t\t\t\t\t\t<div class=\"elementor-element elementor-element-208a9fd elementor-widget elementor-widget-image\" data-id=\"208a9fd\" data-element_type=\"widget\" data-widget_type=\"image.default\">\n\t\t\t\t<div class=\"elementor-widget-container\">\n\t\t\t\t\t\t\t\t<div class=\"elementor-image\">\n\t\t\t\t\t\t\t\t\t\t\t\t<img width=\"1024\" height=\"542\" src=\"https:\/\/wowtea.eu\/fr\/files\/2020\/08\/Banner-NEW-1-1024x542.png\" class=\"attachment-large size-large wp-image-72363\" alt=\"Bottle banner\" loading=\"lazy\" srcset=\"https:\/\/wowtea.eu\/fr\/files\/2020\/08\/Banner-NEW-1-1024x542.png 1024w, https:\/\/wowtea.eu\/fr\/files\/2020\/08\/Banner-NEW-1-300x159.png 300w, https:\/\/wowtea.eu\/fr\/files\/2020\/08\/Banner-NEW-1-768x407.png 768w, https:\/\/wowtea.eu\/fr\/files\/2020\/08\/Banner-NEW-1-600x318.png 600w, https:\/\/wowtea.eu\/fr\/files\/2020\/08\/Banner-NEW-1.png 1144w\" sizes=\"(max-width: 1024px) 100vw, 1024px\" title=\"|\">\t\t\t\t\t\t\t\t\t\t\t\t\t\t<\/div>\n\t\t\t\t\t\t<\/div>\n\t\t\t\t<\/div>\n\t\t\t\t<div class=\"elementor-element elementor-element-e821a56 elementor-widget elementor-widget-text-editor\" data-id=\"e821a56\" data-element_type=\"widget\" data-widget_type=\"text-editor.default\">\n\t\t\t\t<div class=\"elementor-widget-container\">\n\t\t\t\t\t\t\t\t<div class=\"elementor-text-editor elementor-clearfix\">\n\t\t\t\t<h2><span style=\"color: #000000;\">LA NOUVELLE<\/span> BOUTEILLE DE TH\u00c9 ECO DE WOW TEA <span style=\"color: #000000;\">EST ARRIV\u00c9E !<\/span><\/h2>\t\t\t\t\t<\/div>\n\t\t\t\t\t\t<\/div>\n\t\t\t\t<\/div>\n\t\t\t\t\t\t<\/div>\n\t\t\t\t\t<\/div>\n\t\t<\/div>\n\t\t\t\t\t\t\t\t<\/div>\n\t\t\t\t\t<\/div>\n\t\t<\/section>\n\t\t\t\t<section class=\"elementor-section elementor-top-section elementor-element elementor-element-731ec13 elementor-section-full_width elementor-section-height-default elementor-section-height-default\" data-id=\"731ec13\" data-element_type=\"section\" data-settings=\"{&quot;background_background&quot;:&quot;classic&quot;}\">\n\t\t\t\t\t\t<div class=\"elementor-container elementor-column-gap-no\">\n\t\t\t\t\t\t\t<div class=\"elementor-row\">\n\t\t\t\t\t<div class=\"elementor-column elementor-col-50 elementor-top-column elementor-element elementor-element-3d5dbf6 animate_black\" data-id=\"3d5dbf6\" data-element_type=\"column\" data-settings=\"{&quot;background_background&quot;:&quot;classic&quot;}\">\n\t\t\t<div class=\"elementor-column-wrap\">\n\t\t\t\t\t\t\t<div class=\"elementor-widget-wrap\">\n\t\t\t\t\t\t\t\t<\/div>\n\t\t\t\t\t<\/div>\n\t\t<\/div>\n\t\t\t\t<div class=\"elementor-column elementor-col-50 elementor-top-column elementor-element elementor-element-e26ef75 animate_pink\" data-id=\"e26ef75\" data-element_type=\"column\" data-settings=\"{&quot;background_background&quot;:&quot;classic&quot;}\">\n\t\t\t<div class=\"elementor-column-wrap\">\n\t\t\t\t\t\t\t<div class=\"elementor-widget-wrap\">\n\t\t\t\t\t\t\t\t<\/div>\n\t\t\t\t\t<\/div>\n\t\t<\/div>\n\t\t\t\t\t\t\t\t<\/div>\n\t\t\t\t\t<\/div>\n\t\t<\/section>\n\t\t\t\t<section class=\"elementor-section elementor-top-section elementor-element elementor-element-054d73f elementor-section-full_width elementor-section-height-default elementor-section-height-default\" data-id=\"054d73f\" data-element_type=\"section\">\n\t\t\t\t\t\t<div class=\"elementor-container elementor-column-gap-no\">\n\t\t\t\t\t\t\t<div class=\"elementor-row\">\n\t\t\t\t\t<div class=\"elementor-column elementor-col-100 elementor-top-column elementor-element elementor-element-c4c8ffd\" data-id=\"c4c8ffd\" data-element_type=\"column\">\n\t\t\t<div class=\"elementor-column-wrap elementor-element-populated\">\n\t\t\t\t\t\t\t<div class=\"elementor-widget-wrap\">\n\t\t\t\t\t\t<section class=\"elementor-section elementor-inner-section elementor-element elementor-element-b8e834f elementor-section-full_width elementor-hidden-phone elementor-section-height-default elementor-section-height-default\" data-id=\"b8e834f\" data-element_type=\"section\">\n\t\t\t\t\t\t<div class=\"elementor-container elementor-column-gap-no\">\n\t\t\t\t\t\t\t<div class=\"elementor-row\">\n\t\t\t\t\t<div class=\"elementor-column elementor-col-100 elementor-inner-column elementor-element elementor-element-088a28e\" data-id=\"088a28e\" data-element_type=\"column\">\n\t\t\t<div class=\"elementor-column-wrap elementor-element-populated\">\n\t\t\t\t\t\t\t<div class=\"elementor-widget-wrap\">\n\t\t\t\t\t\t<div class=\"elementor-element elementor-element-d54f8ec elementor-widget elementor-widget-image\" data-id=\"d54f8ec\" data-element_type=\"widget\" data-widget_type=\"image.default\">\n\t\t\t\t<div class=\"elementor-widget-container\">\n\t\t\t\t\t\t\t\t<div class=\"elementor-image\">\n\t\t\t\t\t\t\t\t\t\t\t\t<img width=\"1920\" height=\"700\" src=\"https:\/\/wowtea.eu\/fr\/files\/2020\/08\/Banner_Site_food_plan_FR.jpg\" class=\"attachment-full size-full wp-image-74437\" alt=\"Banner_Site_food_plan_FR\" loading=\"lazy\" srcset=\"https:\/\/wowtea.eu\/fr\/files\/2020\/08\/Banner_Site_food_plan_FR.jpg 1920w, https:\/\/wowtea.eu\/fr\/files\/2020\/08\/Banner_Site_food_plan_FR-300x109.jpg 300w, https:\/\/wowtea.eu\/fr\/files\/2020\/08\/Banner_Site_food_plan_FR-1024x373.jpg 1024w, https:\/\/wowtea.eu\/fr\/files\/2020\/08\/Banner_Site_food_plan_FR-768x280.jpg 768w, https:\/\/wowtea.eu\/fr\/files\/2020\/08\/Banner_Site_food_plan_FR-1536x560.jpg 1536w, https:\/\/wowtea.eu\/fr\/files\/2020\/08\/Banner_Site_food_plan_FR-600x219.jpg 600w\" sizes=\"(max-width: 1920px) 100vw, 1920px\" title=\"|\">\t\t\t\t\t\t\t\t\t\t\t\t\t\t<\/div>\n\t\t\t\t\t\t<\/div>\n\t\t\t\t<\/div>\n\t\t\t\t\t\t<\/div>\n\t\t\t\t\t<\/div>\n\t\t<\/div>\n\t\t\t\t\t\t\t\t<\/div>\n\t\t\t\t\t<\/div>\n\t\t<\/section>\n\t\t\t\t<section class=\"elementor-section elementor-inner-section elementor-element elementor-element-521b531 elementor-section-full_width elementor-hidden-desktop elementor-hidden-tablet elementor-section-height-default elementor-section-height-default\" data-id=\"521b531\" data-element_type=\"section\">\n\t\t\t\t\t\t<div class=\"elementor-container elementor-column-gap-no\">\n\t\t\t\t\t\t\t<div class=\"elementor-row\">\n\t\t\t\t\t<div class=\"elementor-column elementor-col-100 elementor-inner-column elementor-element elementor-element-62387fc\" data-id=\"62387fc\" data-element_type=\"column\">\n\t\t\t<div class=\"elementor-column-wrap elementor-element-populated\">\n\t\t\t\t\t\t\t<div class=\"elementor-widget-wrap\">\n\t\t\t\t\t\t<div class=\"elementor-element elementor-element-09df767 elementor-widget elementor-widget-image\" data-id=\"09df767\" data-element_type=\"widget\" data-widget_type=\"image.default\">\n\t\t\t\t<div class=\"elementor-widget-container\">\n\t\t\t\t\t\t\t\t<div class=\"elementor-image\">\n\t\t\t\t\t\t\t\t\t\t\t\t<img width=\"460\" height=\"900\" src=\"https:\/\/wowtea.eu\/fr\/files\/2020\/08\/Mobile_FR.jpg\" class=\"attachment-full size-full wp-image-74438\" alt=\"Mobile_FR\" loading=\"lazy\" srcset=\"https:\/\/wowtea.eu\/fr\/files\/2020\/08\/Mobile_FR.jpg 460w, https:\/\/wowtea.eu\/fr\/files\/2020\/08\/Mobile_FR-153x300.jpg 153w\" sizes=\"(max-width: 460px) 100vw, 460px\" title=\"|\">\t\t\t\t\t\t\t\t\t\t\t\t\t\t<\/div>\n\t\t\t\t\t\t<\/div>\n\t\t\t\t<\/div>\n\t\t\t\t\t\t<\/div>\n\t\t\t\t\t<\/div>\n\t\t<\/div>\n\t\t\t\t\t\t\t\t<\/div>\n\t\t\t\t\t<\/div>\n\t\t<\/section>\n\t\t\t\t\t\t<\/div>\n\t\t\t\t\t<\/div>\n\t\t<\/div>\n\t\t\t\t\t\t\t\t<\/div>\n\t\t\t\t\t<\/div>\n\t\t<\/section>\n\t\t\t\t<section class=\"elementor-section elementor-top-section elementor-element elementor-element-32cdd98 elementor-section-full_width elementor-section-height-default elementor-section-height-default\" data-id=\"32cdd98\" data-element_type=\"section\" data-settings=\"{&quot;background_background&quot;:&quot;classic&quot;}\">\n\t\t\t\t\t\t<div class=\"elementor-container elementor-column-gap-no\">\n\t\t\t\t\t\t\t<div class=\"elementor-row\">\n\t\t\t\t\t<div class=\"elementor-column elementor-col-50 elementor-top-column elementor-element elementor-element-d20c5d4 animate_pink\" data-id=\"d20c5d4\" data-element_type=\"column\" data-settings=\"{&quot;background_background&quot;:&quot;classic&quot;}\">\n\t\t\t<div class=\"elementor-column-wrap\">\n\t\t\t\t\t\t\t<div class=\"elementor-widget-wrap\">\n\t\t\t\t\t\t\t\t<\/div>\n\t\t\t\t\t<\/div>\n\t\t<\/div>\n\t\t\t\t<div class=\"elementor-column elementor-col-50 elementor-top-column elementor-element elementor-element-406f66b animate_black\" data-id=\"406f66b\" data-element_type=\"column\" data-settings=\"{&quot;background_background&quot;:&quot;classic&quot;}\">\n\t\t\t<div class=\"elementor-column-wrap\">\n\t\t\t\t\t\t\t<div class=\"elementor-widget-wrap\">\n\t\t\t\t\t\t\t\t<\/div>\n\t\t\t\t\t<\/div>\n\t\t<\/div>\n\t\t\t\t\t\t\t\t<\/div>\n\t\t\t\t\t<\/div>\n\t\t<\/section>\n\t\t\t\t<section class=\"elementor-section elementor-top-section elementor-element elementor-element-29794b2 elementor-section-boxed elementor-section-height-default elementor-section-height-default\" data-id=\"29794b2\" data-element_type=\"section\">\n\t\t\t\t\t\t<div class=\"elementor-container elementor-column-gap-default\">\n\t\t\t\t\t\t\t<div class=\"elementor-row\">\n\t\t\t\t\t<div class=\"elementor-column elementor-col-100 elementor-top-column elementor-element elementor-element-9a5dca0\" data-id=\"9a5dca0\" data-element_type=\"column\">\n\t\t\t<div class=\"elementor-column-wrap elementor-element-populated\">\n\t\t\t\t\t\t\t<div class=\"elementor-widget-wrap\">\n\t\t\t\t\t\t<div class=\"elementor-element elementor-element-239ba92 elementor-widget elementor-widget-text-editor\" data-id=\"239ba92\" data-element_type=\"widget\" data-widget_type=\"text-editor.default\">\n\t\t\t\t<div class=\"elementor-widget-container\">\n\t\t\t\t\t\t\t\t<div class=\"elementor-text-editor elementor-clearfix\">\n\t\t\t\t<h2><span style=\"color: #000000;\">L&#8217;HARMONIE<\/span> PARFAITE ENTRE L&#8217;HOMME <span style=\"color: #000000;\">ET LA<\/span> NATURE.<\/h2>\t\t\t\t\t<\/div>\n\t\t\t\t\t\t<\/div>\n\t\t\t\t<\/div>\n\t\t\t\t<div class=\"elementor-element elementor-element-9e33a64 elementor-widget elementor-widget-video\" data-id=\"9e33a64\" data-element_type=\"widget\" data-settings=\"{&quot;youtube_url&quot;:&quot;https:\\\/\\\/www.youtube.com\\\/watch?v=w9gSo_0anLk&quot;,&quot;show_image_overlay&quot;:&quot;yes&quot;,&quot;image_overlay&quot;:{&quot;url&quot;:&quot;https:\\\/\\\/wowtea.eu\\\/fr\\\/wp-content\\\/uploads\\\/2020\\\/08\\\/bottle-video-placeholder.jpg&quot;,&quot;id&quot;:72296,&quot;size&quot;:&quot;&quot;},&quot;lazy_load&quot;:&quot;yes&quot;,&quot;video_type&quot;:&quot;youtube&quot;,&quot;controls&quot;:&quot;yes&quot;}\" data-widget_type=\"video.default\">\n\t\t\t\t<div class=\"elementor-widget-container\">\n\t\t\t\t\t<div class=\"elementor-wrapper elementor-open-inline\">\n\t\t\t<div class=\"elementor-video\"><\/div>\t\t\t\t<div class=\"elementor-custom-embed-image-overlay\" style=\"background-image: url(https:\/\/wowtea.eu\/fr\/files\/2020\/08\/bottle-video-placeholder-1024x631.jpg);\">\n\t\t\t\t\t\t\t\t\t\t\t\t\t\t\t\t<div class=\"elementor-custom-embed-play\" role=\"button\" aria-label=\"Lire la vid\u00e9o\" tabindex=\"0\">\n\t\t\t\t\t\t\t<i aria-hidden=\"true\" class=\"eicon-play\"><\/i>\t\t\t\t\t\t\t<span class=\"elementor-screen-only\">Lire la vid\u00e9o<\/span>\n\t\t\t\t\t\t<\/div>\n\t\t\t\t\t\t\t\t\t<\/div>\n\t\t\t\t\t<\/div>\n\t\t\t\t<\/div>\n\t\t\t\t<\/div>\n\t\t\t\t\t\t<\/div>\n\t\t\t\t\t<\/div>\n\t\t<\/div>\n\t\t\t\t\t\t\t\t<\/div>\n\t\t\t\t\t<\/div>\n\t\t<\/section>\n\t\t\t\t<section class=\"elementor-section elementor-top-section elementor-element elementor-element-933d9b4 elementor-section-boxed elementor-section-height-default elementor-section-height-default\" data-id=\"933d9b4\" data-element_type=\"section\" data-settings=\"{&quot;background_background&quot;:&quot;classic&quot;}\">\n\t\t\t\t\t\t<div class=\"elementor-container elementor-column-gap-default\">\n\t\t\t\t\t\t\t<div class=\"elementor-row\">\n\t\t\t\t\t<div class=\"elementor-column elementor-col-100 elementor-top-column elementor-element elementor-element-3931e80\" data-id=\"3931e80\" data-element_type=\"column\">\n\t\t\t<div class=\"elementor-column-wrap elementor-element-populated\">\n\t\t\t\t\t\t\t<div class=\"elementor-widget-wrap\">\n\t\t\t\t\t\t<div class=\"elementor-element elementor-element-a4bf821 elementor-widget elementor-widget-text-editor\" data-id=\"a4bf821\" data-element_type=\"widget\" data-widget_type=\"text-editor.default\">\n\t\t\t\t<div class=\"elementor-widget-container\">\n\t\t\t\t\t\t\t\t<div class=\"elementor-text-editor elementor-clearfix\">\n\t\t\t\t<h2><span style=\"color: #1b1919;\">PROFITEZ<\/span> DE L&#8217;AR\u00d4ME ET DU GO\u00dbT RICHES\u00a0<span style=\"color: #1b1919;\">\u00c0 L&#8217;AIDE DE:<\/span><\/h2>\t\t\t\t\t<\/div>\n\t\t\t\t\t\t<\/div>\n\t\t\t\t<\/div>\n\t\t\t\t<div class=\"elementor-element elementor-element-6d8a09e elementor-widget elementor-widget-image\" data-id=\"6d8a09e\" data-element_type=\"widget\" data-widget_type=\"image.default\">\n\t\t\t\t<div class=\"elementor-widget-container\">\n\t\t\t\t\t\t\t\t<div class=\"elementor-image\">\n\t\t\t\t\t\t\t\t\t\t\t\t<img width=\"501\" height=\"586\" src=\"https:\/\/wowtea.eu\/fr\/files\/2020\/08\/NEW-Bottle-Product-Page-_12-FR.jpg\" class=\"attachment-large size-large wp-image-74430\" alt=\"NEW-Bottle-Product-Page-_12-FR\" loading=\"lazy\" srcset=\"https:\/\/wowtea.eu\/fr\/files\/2020\/08\/NEW-Bottle-Product-Page-_12-FR.jpg 501w, https:\/\/wowtea.eu\/fr\/files\/2020\/08\/NEW-Bottle-Product-Page-_12-FR-256x300.jpg 256w\" sizes=\"(max-width: 501px) 100vw, 501px\" title=\"|\">\t\t\t\t\t\t\t\t\t\t\t\t\t\t<\/div>\n\t\t\t\t\t\t<\/div>\n\t\t\t\t<\/div>\n\t\t\t\t\t\t<\/div>\n\t\t\t\t\t<\/div>\n\t\t<\/div>\n\t\t\t\t\t\t\t\t<\/div>\n\t\t\t\t\t<\/div>\n\t\t<\/section>\n\t\t\t\t<section class=\"elementor-section elementor-top-section elementor-element elementor-element-dd68bac elementor-section-boxed elementor-section-height-default elementor-section-height-default\" data-id=\"dd68bac\" data-element_type=\"section\">\n\t\t\t\t\t\t<div class=\"elementor-container elementor-column-gap-default\">\n\t\t\t\t\t\t\t<div class=\"elementor-row\">\n\t\t\t\t\t<div class=\"elementor-column elementor-col-100 elementor-top-column elementor-element elementor-element-d1d17db\" data-id=\"d1d17db\" data-element_type=\"column\">\n\t\t\t<div class=\"elementor-column-wrap elementor-element-populated\">\n\t\t\t\t\t\t\t<div class=\"elementor-widget-wrap\">\n\t\t\t\t\t\t<div class=\"elementor-element elementor-element-4944c68 elementor-widget elementor-widget-text-editor\" data-id=\"4944c68\" data-element_type=\"widget\" data-widget_type=\"text-editor.default\">\n\t\t\t\t<div class=\"elementor-widget-container\">\n\t\t\t\t\t\t\t\t<div class=\"elementor-text-editor elementor-clearfix\">\n\t\t\t\t<h2>PRATIQUE <span style=\"color: #1b1919;\">ET<\/span> FACILE \u00c0 UTILISER<\/h2>\t\t\t\t\t<\/div>\n\t\t\t\t\t\t<\/div>\n\t\t\t\t<\/div>\n\t\t\t\t\t\t<\/div>\n\t\t\t\t\t<\/div>\n\t\t<\/div>\n\t\t\t\t\t\t\t\t<\/div>\n\t\t\t\t\t<\/div>\n\t\t<\/section>\n\t\t\t\t<section class=\"elementor-section elementor-top-section elementor-element elementor-element-468f8c4 elementor-section-boxed elementor-section-height-default elementor-section-height-default\" data-id=\"468f8c4\" data-element_type=\"section\">\n\t\t\t\t\t\t<div class=\"elementor-container elementor-column-gap-default\">\n\t\t\t\t\t\t\t<div class=\"elementor-row\">\n\t\t\t\t\t<div class=\"elementor-column elementor-col-33 elementor-top-column elementor-element elementor-element-a257d99\" data-id=\"a257d99\" data-element_type=\"column\">\n\t\t\t<div class=\"elementor-column-wrap elementor-element-populated\">\n\t\t\t\t\t\t\t<div class=\"elementor-widget-wrap\">\n\t\t\t\t\t\t<div class=\"elementor-element elementor-element-966fa0e elementor-widget elementor-widget-image\" data-id=\"966fa0e\" data-element_type=\"widget\" data-widget_type=\"image.default\">\n\t\t\t\t<div class=\"elementor-widget-container\">\n\t\t\t\t\t\t\t\t<div class=\"elementor-image\">\n\t\t\t\t\t\t\t\t\t\t\t\t<img width=\"400\" height=\"400\" src=\"https:\/\/wowtea.eu\/fr\/files\/2020\/08\/easy-to-grip.jpg\" class=\"attachment-large size-large wp-image-72299\" alt=\"easy-to-grip\" loading=\"lazy\" srcset=\"https:\/\/wowtea.eu\/fr\/files\/2020\/08\/easy-to-grip.jpg 400w, https:\/\/wowtea.eu\/fr\/files\/2020\/08\/easy-to-grip-300x300.jpg 300w, https:\/\/wowtea.eu\/fr\/files\/2020\/08\/easy-to-grip-150x150.jpg 150w, https:\/\/wowtea.eu\/fr\/files\/2020\/08\/easy-to-grip-100x100.jpg 100w\" sizes=\"(max-width: 400px) 100vw, 400px\" title=\"|\">\t\t\t\t\t\t\t\t\t\t\t\t\t\t<\/div>\n\t\t\t\t\t\t<\/div>\n\t\t\t\t<\/div>\n\t\t\t\t<div class=\"elementor-element elementor-element-7d3a289 elementor-widget elementor-widget-heading\" data-id=\"7d3a289\" data-element_type=\"widget\" data-widget_type=\"heading.default\">\n\t\t\t\t<div class=\"elementor-widget-container\">\n\t\t\t<span class=\"elementor-heading-title elementor-size-default\">Facile \u00e0 tenir<\/span>\t\t<\/div>\n\t\t\t\t<\/div>\n\t\t\t\t\t\t<\/div>\n\t\t\t\t\t<\/div>\n\t\t<\/div>\n\t\t\t\t<div class=\"elementor-column elementor-col-33 elementor-top-column elementor-element elementor-element-886384c\" data-id=\"886384c\" data-element_type=\"column\">\n\t\t\t<div class=\"elementor-column-wrap elementor-element-populated\">\n\t\t\t\t\t\t\t<div class=\"elementor-widget-wrap\">\n\t\t\t\t\t\t<div class=\"elementor-element elementor-element-eeb6623 elementor-widget elementor-widget-image\" data-id=\"eeb6623\" data-element_type=\"widget\" data-widget_type=\"image.default\">\n\t\t\t\t<div class=\"elementor-widget-container\">\n\t\t\t\t\t\t\t\t<div class=\"elementor-image\">\n\t\t\t\t\t\t\t\t\t\t\t\t<img width=\"400\" height=\"400\" src=\"https:\/\/wowtea.eu\/fr\/files\/2020\/08\/high-quality-glass.jpg\" class=\"attachment-large size-large wp-image-72300\" alt=\"high-quality-glass\" loading=\"lazy\" srcset=\"https:\/\/wowtea.eu\/fr\/files\/2020\/08\/high-quality-glass.jpg 400w, https:\/\/wowtea.eu\/fr\/files\/2020\/08\/high-quality-glass-300x300.jpg 300w, https:\/\/wowtea.eu\/fr\/files\/2020\/08\/high-quality-glass-150x150.jpg 150w, https:\/\/wowtea.eu\/fr\/files\/2020\/08\/high-quality-glass-100x100.jpg 100w\" sizes=\"(max-width: 400px) 100vw, 400px\" title=\"|\">\t\t\t\t\t\t\t\t\t\t\t\t\t\t<\/div>\n\t\t\t\t\t\t<\/div>\n\t\t\t\t<\/div>\n\t\t\t\t<div class=\"elementor-element elementor-element-8e523d7 elementor-widget elementor-widget-heading\" data-id=\"8e523d7\" data-element_type=\"widget\" data-widget_type=\"heading.default\">\n\t\t\t\t<div class=\"elementor-widget-container\">\n\t\t\t<span class=\"elementor-heading-title elementor-size-default\">Verre borosilicat\u00e9 de haute qualit\u00e9<\/span>\t\t<\/div>\n\t\t\t\t<\/div>\n\t\t\t\t\t\t<\/div>\n\t\t\t\t\t<\/div>\n\t\t<\/div>\n\t\t\t\t<div class=\"elementor-column elementor-col-33 elementor-top-column elementor-element elementor-element-7f4bd95\" data-id=\"7f4bd95\" data-element_type=\"column\">\n\t\t\t<div class=\"elementor-column-wrap elementor-element-populated\">\n\t\t\t\t\t\t\t<div class=\"elementor-widget-wrap\">\n\t\t\t\t\t\t<div class=\"elementor-element elementor-element-3e97459 elementor-widget elementor-widget-image\" data-id=\"3e97459\" data-element_type=\"widget\" data-widget_type=\"image.default\">\n\t\t\t\t<div class=\"elementor-widget-container\">\n\t\t\t\t\t\t\t\t<div class=\"elementor-image\">\n\t\t\t\t\t\t\t\t\t\t\t\t<img width=\"400\" height=\"400\" src=\"https:\/\/wowtea.eu\/fr\/files\/2020\/08\/easy-to-carry.jpg\" class=\"attachment-large size-large wp-image-72301\" alt=\"easy-to-carry\" loading=\"lazy\" srcset=\"https:\/\/wowtea.eu\/fr\/files\/2020\/08\/easy-to-carry.jpg 400w, https:\/\/wowtea.eu\/fr\/files\/2020\/08\/easy-to-carry-300x300.jpg 300w, https:\/\/wowtea.eu\/fr\/files\/2020\/08\/easy-to-carry-150x150.jpg 150w, https:\/\/wowtea.eu\/fr\/files\/2020\/08\/easy-to-carry-100x100.jpg 100w\" sizes=\"(max-width: 400px) 100vw, 400px\" title=\"|\">\t\t\t\t\t\t\t\t\t\t\t\t\t\t<\/div>\n\t\t\t\t\t\t<\/div>\n\t\t\t\t<\/div>\n\t\t\t\t<div class=\"elementor-element elementor-element-236154c elementor-widget elementor-widget-heading\" data-id=\"236154c\" data-element_type=\"widget\" data-widget_type=\"heading.default\">\n\t\t\t\t<div class=\"elementor-widget-container\">\n\t\t\t<span class=\"elementor-heading-title elementor-size-default\">Confortable \u00e0 emporter<\/span>\t\t<\/div>\n\t\t\t\t<\/div>\n\t\t\t\t\t\t<\/div>\n\t\t\t\t\t<\/div>\n\t\t<\/div>\n\t\t\t\t\t\t\t\t<\/div>\n\t\t\t\t\t<\/div>\n\t\t<\/section>\n\t\t\t\t\t\t\t\t\t<\/div>\n\t\t\t<\/div>\n\t\t\t\t\t<\/div>\n\t\t","protected":false},"excerpt":{"rendered":"<ul class=\"check_list\">\n<li>\n<h4>Verre borosilicat\u00e9 de haute qualit\u00e9<\/h4>\n<p>Ne contient pas de produit chimique nocif pour le corps humain Bisph\u00e9nol A.<\/li>\n<li>\n<h4>Distributeur en acier inoxydable de haute qualit\u00e9<\/h4>\n<p>Peut \u00e9galement \u00eatre retir\u00e9 de la bouteille.<\/li>\n<li>\n<h4>Design unique qui correspond \u00e0 votre identit\u00e9<\/h4>\n<p>Choix de couleurs &#8211; NOIR et ROSE.<\/li>\n<\/ul>\n","protected":false},"featured_media":76213,"comment_status":"open","ping_status":"closed","template":"","meta":{"inline_featured_image":false},"product_cat":[179],"product_tag":[83],"acf":[],"variations_data":[],"free_delivery":false,"currency_name":"&euro;","regular_price":"28.60","sale_price":"19.90","price":"19.90","image":"https:\/\/wowtea.eu\/fr\/files\/2020\/10\/black_bottle.png","_links":{"self":[{"href":"https:\/\/wowtea.eu\/fr\/wp-json\/wp\/v2\/product\/72626"}],"collection":[{"href":"https:\/\/wowtea.eu\/fr\/wp-json\/wp\/v2\/product"}],"about":[{"href":"https:\/\/wowtea.eu\/fr\/wp-json\/wp\/v2\/types\/product"}],"replies":[{"embeddable":true,"href":"https:\/\/wowtea.eu\/fr\/wp-json\/wp\/v2\/comments?post=72626"}],"version-history":[{"count":1,"href":"https:\/\/wowtea.eu\/fr\/wp-json\/wp\/v2\/product\/72626\/revisions"}],"predecessor-version":[{"id":84466,"href":"https:\/\/wowtea.eu\/fr\/wp-json\/wp\/v2\/product\/72626\/revisions\/84466"}],"wp:featuredmedia":[{"embeddable":true,"href":"https:\/\/wowtea.eu\/fr\/wp-json\/wp\/v2\/media\/76213"}],"wp:attachment":[{"href":"https:\/\/wowtea.eu\/fr\/wp-json\/wp\/v2\/media?parent=72626"}],"wp:term":[{"taxonomy":"product_cat","embeddable":true,"href":"https:\/\/wowtea.eu\/fr\/wp-json\/wp\/v2\/product_cat?post=72626"},{"taxonomy":"product_tag","embeddable":true,"href":"https:\/\/wowtea.eu\/fr\/wp-json\/wp\/v2\/product_tag?post=72626"}],"curies":[{"name":"wp","href":"https:\/\/api.w.org\/{rel}","templated":true}]}}