{"id":73153,"date":"2020-11-03T10:47:24","date_gmt":"2020-11-03T08:47:24","guid":{"rendered":"https:\/\/wowtea.eu\/fr\/?post_type=product&#038;p=73153"},"modified":"2024-09-04T13:42:38","modified_gmt":"2024-09-04T10:42:38","slug":"home-gym-plan-digital-edition","status":"publish","type":"product","link":"https:\/\/wowtea.eu\/fr\/product\/home-gym-plan-digital-edition\/","title":{"rendered":"Plan de formation \u00e0 domicile &#8211; \u00e9dition num\u00e9rique"},"content":{"rendered":"","protected":false},"excerpt":{"rendered":"","protected":false},"featured_media":80705,"comment_status":"open","ping_status":"closed","template":"","meta":{"inline_featured_image":false},"product_cat":[180],"product_tag":[],"acf":[],"variations_data":[],"free_delivery":false,"currency_name":"&euro;","regular_price":"34.9","sale_price":"0","price":"0","image":"https:\/\/wowtea.eu\/fr\/files\/2020\/11\/Plans-cover-Traning-2024.png","_links":{"self":[{"href":"https:\/\/wowtea.eu\/fr\/wp-json\/wp\/v2\/product\/73153"}],"collection":[{"href":"https:\/\/wowtea.eu\/fr\/wp-json\/wp\/v2\/product"}],"about":[{"href":"https:\/\/wowtea.eu\/fr\/wp-json\/wp\/v2\/types\/product"}],"replies":[{"embeddable":true,"href":"https:\/\/wowtea.eu\/fr\/wp-json\/wp\/v2\/comments?post=73153"}],"version-history":[{"count":2,"href":"https:\/\/wowtea.eu\/fr\/wp-json\/wp\/v2\/product\/73153\/revisions"}],"predecessor-version":[{"id":83208,"href":"https:\/\/wowtea.eu\/fr\/wp-json\/wp\/v2\/product\/73153\/revisions\/83208"}],"wp:featuredmedia":[{"embeddable":true,"href":"https:\/\/wowtea.eu\/fr\/wp-json\/wp\/v2\/media\/80705"}],"wp:attachment":[{"href":"https:\/\/wowtea.eu\/fr\/wp-json\/wp\/v2\/media?parent=73153"}],"wp:term":[{"taxonomy":"product_cat","embeddable":true,"href":"https:\/\/wowtea.eu\/fr\/wp-json\/wp\/v2\/product_cat?post=73153"},{"taxonomy":"product_tag","embeddable":true,"href":"https:\/\/wowtea.eu\/fr\/wp-json\/wp\/v2\/product_tag?post=73153"}],"curies":[{"name":"wp","href":"https:\/\/api.w.org\/{rel}","templated":true}]}}