{"id":72630,"date":"2020-10-06T16:12:45","date_gmt":"2020-10-06T14:12:45","guid":{"rendered":"https:\/\/wowtea.eu\/hr\/?post_type=product&#038;p=72630"},"modified":"2026-04-01T00:25:36","modified_gmt":"2026-03-31T22:25:36","slug":"new-wellness-cart","status":"publish","type":"product","link":"https:\/\/wowtea.eu\/hr\/product\/new-wellness-cart\/","title":{"rendered":"Wellness \u010daj"},"content":{"rendered":"","protected":false},"excerpt":{"rendered":"<h4 style=\"margin-bottom: 0px;margin-top: 25px;text-align: left\"><span style=\"color: #d60157\">\u2714<\/span> Donosi wellness va\u0161em tijelu<\/h4>\n<p style=\"margin-bottom: 4px;padding-left: 18px;text-align: left\">Poma\u017ee u radu unutarnjih organa i nje\u017eno uravnote\u017euje sve njihove procese.<\/p>\n<h4 style=\"margin-bottom: 0px;text-align: left\"><span style=\"color: #d60157\">\u2714 <\/span>Ja\u010da va\u0161 imunolo\u0161ki sustav<\/h4>\n<p style=\"margin-bottom: 4px;padding-left: 18px;text-align: left\">Koristan za ljude koji \u017eele pobolj\u0161ati svoje zdravlje i snagu.<\/p>\n<h4 style=\"margin-bottom: 0px;text-align: left\"><span style=\"color: #d60157\">\u2714 <\/span>Vodi brigu o sretnim hormonima<\/h4>\n<p style=\"margin-bottom: 4px;padding-left: 18px;text-align: left\">Prirodno uskla\u0111uje hormone zdrave razine, poja\u010davaju\u0107i mir.<\/p>\n<h4 style=\"margin-bottom: 0px;text-align: left\"><span style=\"color: #d60157\">\u2714 <\/span>Poma\u017ee vam da se fokusirate i pamtite bolje<\/h4>\n<p style=\"padding-left: 18px;margin-bottom: 4px;text-align: left\">Pobolj\u0161ava koncentraciju i pam\u0107enje, olak\u0161avaju\u0107i u\u010denje.<\/p>\n<h4 style=\"margin-bottom: 0px;text-align: left\"><span style=\"color: #d60157\">\u2714 <\/span>Ko\u017eu \u010dini blistavom i glatkom<\/h4>\n<p style=\"padding-left: 18px;margin-bottom: 25px;text-align: left\">Pomla\u0111uje ko\u017eu i poja\u010dava proizvodnju novih zdravih stanica.<\/p>\n<p><img loading=\"lazy\" class=\"size-full wp-image-55986 aligncenter mobileonly\" src=\"https:\/\/wowtea.eu\/wp-content\/uploads\/2020\/02\/no-caffeine.jpg\" alt=\"\" width=\"406\" height=\"161\" \/><\/p>\n","protected":false},"featured_media":89112,"comment_status":"open","ping_status":"closed","template":"","meta":{"inline_featured_image":false},"product_cat":[15],"product_tag":[83],"acf":[],"variations_data":[],"free_delivery":false,"currency_name":"&euro;","regular_price":"23.90","sale_price":"","price":"23.90","image":"https:\/\/wowtea.eu\/hr\/files\/2021\/03\/wellness.png","_links":{"self":[{"href":"https:\/\/wowtea.eu\/hr\/wp-json\/wp\/v2\/product\/72630"}],"collection":[{"href":"https:\/\/wowtea.eu\/hr\/wp-json\/wp\/v2\/product"}],"about":[{"href":"https:\/\/wowtea.eu\/hr\/wp-json\/wp\/v2\/types\/product"}],"replies":[{"embeddable":true,"href":"https:\/\/wowtea.eu\/hr\/wp-json\/wp\/v2\/comments?post=72630"}],"version-history":[{"count":2,"href":"https:\/\/wowtea.eu\/hr\/wp-json\/wp\/v2\/product\/72630\/revisions"}],"predecessor-version":[{"id":94122,"href":"https:\/\/wowtea.eu\/hr\/wp-json\/wp\/v2\/product\/72630\/revisions\/94122"}],"wp:featuredmedia":[{"embeddable":true,"href":"https:\/\/wowtea.eu\/hr\/wp-json\/wp\/v2\/media\/89112"}],"wp:attachment":[{"href":"https:\/\/wowtea.eu\/hr\/wp-json\/wp\/v2\/media?parent=72630"}],"wp:term":[{"taxonomy":"product_cat","embeddable":true,"href":"https:\/\/wowtea.eu\/hr\/wp-json\/wp\/v2\/product_cat?post=72630"},{"taxonomy":"product_tag","embeddable":true,"href":"https:\/\/wowtea.eu\/hr\/wp-json\/wp\/v2\/product_tag?post=72630"}],"curies":[{"name":"wp","href":"https:\/\/api.w.org\/{rel}","templated":true}]}}