{"id":117927,"date":"2021-08-16T13:18:35","date_gmt":"2021-08-16T11:18:35","guid":{"rendered":"https:\/\/wowtea.eu\/hu\/?page_id=117927"},"modified":"2023-11-16T13:37:45","modified_gmt":"2023-11-16T12:37:45","slug":"fizetes","status":"publish","type":"page","link":"https:\/\/wowtea.eu\/hu\/fizetes\/","title":{"rendered":"Fizet\u00e9s"},"content":{"rendered":"\t\t<div data-elementor-type=\"wp-page\" data-elementor-id=\"117927\" class=\"elementor elementor-117927\">\n\t\t\t\t\t\t<div class=\"elementor-inner\">\n\t\t\t\t<div class=\"elementor-section-wrap\">\n\t\t\t\t\t\t\t\t\t<section class=\"elementor-section elementor-top-section elementor-element elementor-element-1def571 elementor-section-boxed elementor-section-height-default elementor-section-height-default\" data-id=\"1def571\" data-element_type=\"section\">\n\t\t\t\t\t\t<div class=\"elementor-container elementor-column-gap-default\">\n\t\t\t\t\t\t\t<div class=\"elementor-row\">\n\t\t\t\t\t<div class=\"elementor-column elementor-col-100 elementor-top-column elementor-element elementor-element-b47311e\" data-id=\"b47311e\" data-element_type=\"column\">\n\t\t\t<div class=\"elementor-column-wrap elementor-element-populated\">\n\t\t\t\t\t\t\t<div class=\"elementor-widget-wrap\">\n\t\t\t\t\t\t<div class=\"elementor-element elementor-element-f3bb243 elementor-widget elementor-widget-heading\" data-id=\"f3bb243\" data-element_type=\"widget\" data-widget_type=\"heading.default\">\n\t\t\t\t<div class=\"elementor-widget-container\">\n\t\t\t<h2 class=\"elementor-heading-title elementor-size-default\">Fizet\u00e9s<\/h2>\t\t<\/div>\n\t\t\t\t<\/div>\n\t\t\t\t\t\t<\/div>\n\t\t\t\t\t<\/div>\n\t\t<\/div>\n\t\t\t\t\t\t\t\t<\/div>\n\t\t\t\t\t<\/div>\n\t\t<\/section>\n\t\t\t\t<section class=\"elementor-section elementor-top-section elementor-element elementor-element-cbda3af elementor-section-boxed elementor-section-height-default elementor-section-height-default\" data-id=\"cbda3af\" data-element_type=\"section\">\n\t\t\t\t\t\t<div class=\"elementor-container elementor-column-gap-default\">\n\t\t\t\t\t\t\t<div class=\"elementor-row\">\n\t\t\t\t\t<div class=\"elementor-column elementor-col-100 elementor-top-column elementor-element elementor-element-bd4d236\" data-id=\"bd4d236\" data-element_type=\"column\">\n\t\t\t<div class=\"elementor-column-wrap elementor-element-populated\">\n\t\t\t\t\t\t\t<div class=\"elementor-widget-wrap\">\n\t\t\t\t\t\t<div class=\"elementor-element elementor-element-2616a4b elementor-widget elementor-widget-text-editor\" data-id=\"2616a4b\" data-element_type=\"widget\" data-widget_type=\"text-editor.default\">\n\t\t\t\t<div class=\"elementor-widget-container\">\n\t\t\t\t\t\t\t\t<div class=\"elementor-text-editor elementor-clearfix\">\n\t\t\t\t<p>63. Az \u00e1ruk \u00e9s szolg\u00e1ltat\u00e1sok \u00e1rai v\u00e9glegesek, \u00e9s tartalmazz\u00e1k az \u00c1FA-t, amelyek a jelenlegi jogszab\u00e1lyokban el\u0151\u00edrtak.<\/p><p>64. Az \u00e1r \u00e9s a fizet\u00e9si m\u00f3d minden megrendel\u00e9sben fel van t\u00fcntetve.<\/p><p>65. A \u201cWOW Tea\u201d \u00e1ltal k\u00edn\u00e1lt fizet\u00e9si m\u00f3dok: COD, PayPal, Credit\/Debit Card.<\/p><p>66. Az \u00dcgyf\u00e9l v\u00e1llalja, hogy a fizet\u00e9st az \u00e1ltala v\u00e1lasztott m\u00f3dszer \u00e9s a T\u00e1v\u00e9rt\u00e9kes\u00edt\u00e9si szerz\u0151d\u00e9s felt\u00e9telei szerint hajtja v\u00e9gre annak megk\u00f6t\u00e9sekor, az \u00dcgyf\u00e9l \u00e9s az adott p\u00e9nzforgalmi szolg\u00e1ltat\u00f3 k\u00f6z\u00f6tti felt\u00e9telekkel.<\/p><p>67. Az \u00dcgyf\u00e9l elfogadja, hogy az Elad\u00f3nak joga van el\u0151leget ig\u00e9nyelni az \u00e9rt\u00e9kes\u00edtett term\u00e9kre \u00e9s sz\u00e1ll\u00edt\u00e1sra.<\/p><p>68 . Abban az esetben, ha a \u201cWOW Tea\u201d-hoz nem \u00e9rkezik befizet\u00e9s az \u00dcgyf\u00e9l \u00e1ltal v\u00e1lasztott m\u00f3dszer szerint, a megrendel\u00e9s teljes\u00edt\u00e9se el\u0151tt a meg\u00e1llapod\u00e1s szerinti felt\u00e9telekkel, akkor az \u00dcgyf\u00e9l visszautas\u00edtja a rendel\u00e9s teljes\u00edt\u00e9s\u00e9t.<\/p>\t\t\t\t\t<\/div>\n\t\t\t\t\t\t<\/div>\n\t\t\t\t<\/div>\n\t\t\t\t\t\t<\/div>\n\t\t\t\t\t<\/div>\n\t\t<\/div>\n\t\t\t\t\t\t\t\t<\/div>\n\t\t\t\t\t<\/div>\n\t\t<\/section>\n\t\t\t\t\t\t\t\t\t<\/div>\n\t\t\t<\/div>\n\t\t\t\t\t<\/div>\n\t\t","protected":false},"excerpt":{"rendered":"<p>Fizet\u00e9s 63. Az \u00e1ruk \u00e9s szolg\u00e1ltat\u00e1sok \u00e1rai v\u00e9glegesek, \u00e9s tartalmazz\u00e1k az \u00c1FA-t, amelyek a jelenlegi jogszab\u00e1lyokban el\u0151\u00edrtak. 64. Az \u00e1r \u00e9s a fizet\u00e9si m\u00f3d minden megrendel\u00e9sben fel van t\u00fcntetve. 65. A \u201cWOW Tea\u201d \u00e1ltal k\u00edn\u00e1lt fizet\u00e9si m\u00f3dok: COD, PayPal, Credit\/Debit Card. 66. Az \u00dcgyf\u00e9l v\u00e1llalja, hogy a fizet\u00e9st az \u00e1ltala v\u00e1lasztott m\u00f3dszer \u00e9s a T\u00e1v\u00e9rt\u00e9kes\u00edt\u00e9si szerz\u0151d\u00e9s felt\u00e9telei szerint hajtja v\u00e9gre annak megk\u00f6t\u00e9sekor, az \u00dcgyf\u00e9l \u00e9s az adott p\u00e9nzforgalmi szolg\u00e1ltat\u00f3 k\u00f6z\u00f6tti felt\u00e9telekkel. 67. Az \u00dcgyf\u00e9l elfogadja, hogy az Elad\u00f3nak joga van el\u0151leget ig\u00e9nyelni az \u00e9rt\u00e9kes\u00edtett term\u00e9kre \u00e9s sz\u00e1ll\u00edt\u00e1sra. 68 . Abban az esetben, ha a \u201cWOW Tea\u201d-hoz nem \u00e9rkezik befizet\u00e9s az [&hellip;]<\/p>\n","protected":false},"author":24,"featured_media":0,"parent":0,"menu_order":0,"comment_status":"closed","ping_status":"closed","template":"elementor_header_footer","meta":{"inline_featured_image":false},"acf":[],"_links":{"self":[{"href":"https:\/\/wowtea.eu\/hu\/wp-json\/wp\/v2\/pages\/117927"}],"collection":[{"href":"https:\/\/wowtea.eu\/hu\/wp-json\/wp\/v2\/pages"}],"about":[{"href":"https:\/\/wowtea.eu\/hu\/wp-json\/wp\/v2\/types\/page"}],"author":[{"embeddable":true,"href":"https:\/\/wowtea.eu\/hu\/wp-json\/wp\/v2\/users\/24"}],"replies":[{"embeddable":true,"href":"https:\/\/wowtea.eu\/hu\/wp-json\/wp\/v2\/comments?post=117927"}],"version-history":[{"count":1,"href":"https:\/\/wowtea.eu\/hu\/wp-json\/wp\/v2\/pages\/117927\/revisions"}],"predecessor-version":[{"id":253308,"href":"https:\/\/wowtea.eu\/hu\/wp-json\/wp\/v2\/pages\/117927\/revisions\/253308"}],"wp:attachment":[{"href":"https:\/\/wowtea.eu\/hu\/wp-json\/wp\/v2\/media?parent=117927"}],"curies":[{"name":"wp","href":"https:\/\/api.w.org\/{rel}","templated":true}]}}