{"id":117936,"date":"2021-08-16T13:20:06","date_gmt":"2021-08-16T11:20:06","guid":{"rendered":"https:\/\/wowtea.eu\/hu\/?page_id=117936"},"modified":"2025-09-03T13:46:49","modified_gmt":"2025-09-03T11:46:49","slug":"fizetes-2","status":"publish","type":"page","link":"https:\/\/wowtea.eu\/hu\/fizetes-2\/","title":{"rendered":"Visszak\u00fcld\u00e9si politika"},"content":{"rendered":"\t\t<div data-elementor-type=\"wp-page\" data-elementor-id=\"117936\" class=\"elementor elementor-117936\">\n\t\t\t\t\t\t<div class=\"elementor-inner\">\n\t\t\t\t<div class=\"elementor-section-wrap\">\n\t\t\t\t\t\t\t\t\t<section class=\"elementor-section elementor-top-section elementor-element elementor-element-4d80a8b elementor-section-boxed elementor-section-height-default elementor-section-height-default\" data-id=\"4d80a8b\" data-element_type=\"section\">\n\t\t\t\t\t\t<div class=\"elementor-container elementor-column-gap-default\">\n\t\t\t\t\t\t\t<div class=\"elementor-row\">\n\t\t\t\t\t<div class=\"elementor-column elementor-col-100 elementor-top-column elementor-element elementor-element-86daf65\" data-id=\"86daf65\" data-element_type=\"column\">\n\t\t\t<div class=\"elementor-column-wrap elementor-element-populated\">\n\t\t\t\t\t\t\t<div class=\"elementor-widget-wrap\">\n\t\t\t\t\t\t<div class=\"elementor-element elementor-element-ee0ce71 elementor-widget elementor-widget-heading\" data-id=\"ee0ce71\" data-element_type=\"widget\" data-widget_type=\"heading.default\">\n\t\t\t\t<div class=\"elementor-widget-container\">\n\t\t\t<h2 class=\"elementor-heading-title elementor-size-default\">Visszak\u00fcld\u00e9si politika<\/h2>\t\t<\/div>\n\t\t\t\t<\/div>\n\t\t\t\t\t\t<\/div>\n\t\t\t\t\t<\/div>\n\t\t<\/div>\n\t\t\t\t\t\t\t\t<\/div>\n\t\t\t\t\t<\/div>\n\t\t<\/section>\n\t\t\t\t<section class=\"elementor-section elementor-top-section elementor-element elementor-element-3619976 elementor-section-boxed elementor-section-height-default elementor-section-height-default\" data-id=\"3619976\" data-element_type=\"section\">\n\t\t\t\t\t\t<div class=\"elementor-container elementor-column-gap-default\">\n\t\t\t\t\t\t\t<div class=\"elementor-row\">\n\t\t\t\t\t<div class=\"elementor-column elementor-col-100 elementor-top-column elementor-element elementor-element-a2a75e7\" data-id=\"a2a75e7\" data-element_type=\"column\">\n\t\t\t<div class=\"elementor-column-wrap elementor-element-populated\">\n\t\t\t\t\t\t\t<div class=\"elementor-widget-wrap\">\n\t\t\t\t\t\t<div class=\"elementor-element elementor-element-a1faed5 elementor-widget elementor-widget-text-editor\" data-id=\"a1faed5\" data-element_type=\"widget\" data-widget_type=\"text-editor.default\">\n\t\t\t\t<div class=\"elementor-widget-container\">\n\t\t\t\t\t\t\t\t<div class=\"elementor-text-editor elementor-clearfix\">\n\t\t\t\t<p>49. A t\u00e1v\u00e9rt\u00e9kes\u00edt\u00e9si szerz\u0151d\u00e9s \u00e9rtelm\u00e9ben minden olyan Vev\u0151, aki a Felhaszn\u00e1l\u00f3 min\u0151s\u00e9g\u00e9vel rendelkezik, a term\u00e9ket jogszer\u0171 m\u00f3don visszak\u00fcldheti az \u00e1ru\u00a0 k\u00e9zhezv\u00e9tel\u00e9t\u0151l sz\u00e1m\u00edtott 14 napt\u00e1ri napon an\u00e9lk\u00fcl, hogy objekt\u00edven indokoln\u00e1 azt. A visszak\u00fcld\u00e9s sz\u00e1ll\u00edt\u00e1si k\u00f6lts\u00e9gei az \u00dcgyfelet terhelik. A \u201cWOW Tea\u201d nem veszi vissza azt az \u00e1rut, amelyet a k\u00e9zbes\u00edt\u00e9skor k\u00e9szp\u00e9nzzel fizettek ki.\u00a0<\/p><p>50. A t\u00e1v\u00e9rt\u00e9kes\u00edt\u00e9si szerz\u0151d\u00e9s Vev\u0151 \u00e1ltali felmond\u00e1s\u00e1nak tov\u00e1bbi okai:<\/p><p>50. 1. Hib\u00e1s csomagol\u00e1s \u2013 Az \u00dcgyf\u00e9l k\u00e9rheti az \u00e1ruk cser\u00e9j\u00e9t, ha \u00fagy tal\u00e1lja, hogy s\u00e9r\u00fclt term\u00e9ket kapott. Ebben az esetben a term\u00e9k visszak\u00fcld\u00e9s\u00e9nek k\u00f6lts\u00e9geit az Elad\u00f3 viseli. Ha az \u00dcgyf\u00e9l az \u00e1ru k\u00e9zhezv\u00e9tele ut\u00e1n 24 \u00f3r\u00e1n bel\u00fcl nem veszi fel a kapcsolatot a \u201cWOW Tea\u201d -val \u00edr\u00e1sban vagy telefonon az \u00e9rintett term\u00e9kek k\u00e1rosod\u00e1s\u00e1nak meg\u00e1llap\u00edt\u00e1sa \u00e9rdek\u00e9ben, akkor azt \u00fagy tekintik, hogy j\u00f3 kereskedelmi form\u00e1ban vett\u00e9k \u00e1t. Ebben az esetben a \u201cWOW Tea\u201d nem k\u00f6teles a megfelel\u0151 term\u00e9keket kicser\u00e9lni.<\/p><p>50. 2. \u00d6sszecser\u00e9lt term\u00e9k sz\u00e1ll\u00edt\u00e1skor. Ha az \u00dcgyf\u00e9l \u00fagy tal\u00e1lja, hogy a fut\u00e1r \u00e1ltal sz\u00e1ll\u00edtott term\u00e9k k\u00fcl\u00f6nb\u00f6zik a megrendel\u00e9st\u0151l, visszajuttathatja azt a fut\u00e1rhoz, hogy megkapja a helyes term\u00e9ket. A sz\u00e1ll\u00edt\u00e1si k\u00f6lts\u00e9geket az Elad\u00f3 fedezi.<\/p><p>51. Az \u00dcgyf\u00e9l k\u00f6teles a megv\u00e1s\u00e1rolt \u00e1ruk visszat\u00e9r\u00edt\u00e9s\u00e9re vagy a t\u00e1v\u00e9rt\u00e9kes\u00edt\u00e9si szerz\u0151d\u00e9sb\u0151l val\u00f3 kil\u00e9p\u00e9si sz\u00e1nd\u00e9k\u00e1r\u00f3l \u00e9rtes\u00edteni az Elad\u00f3t, d\u00f6nt\u00e9s\u00e9t egy\u00e9rtelm\u0171en, e-mailben, a megadott hat\u00e1rid\u0151n bel\u00fcli \u00edr\u00e1sbeli kommunik\u00e1ci\u00f3 \u00fatj\u00e1n nyilatkozva. Az el\u00e1ll\u00e1si jog\u00e1nak gyakorl\u00e1sa \u00e9rdek\u00e9ben az \u00dcgyf\u00e9lnek ig\u00e9nybe kell vennie az El\u00e1ll\u00e1si Jog \u0170rlapot. A 14 napos term\u00e9kvisszat\u00e9r\u00edt\u00e9si hat\u00e1rid\u0151 be nem tart\u00e1sa, vagy ha a term\u00e9ket az \u00dcgyf\u00e9l az Elad\u00f3 \u00e9rtes\u00edt\u00e9se n\u00e9lk\u00fcl k\u00fcldi vissza, az ut\u00f3bbi nem k\u00f6teles megt\u00e9r\u00edteni az \u00dcgyf\u00e9l \u00e1ltal befizetett \u00f6sszegeket..<\/p><p>52. Ha probl\u00e9ma mer\u00fcl fel a v\u00e1s\u00e1rolt \u00e1rukkal, az \u00dcgyf\u00e9l kapcsolatba l\u00e9phet az Elad\u00f3val a k\u00f6vetkez\u0151 e-mail c\u00edmen: customers@wowtea.eu.<br \/>A becs\u00fclt v\u00e1laszid\u0151 24-48 \u00f3ra (h\u00e9tv\u00e9g\u00e9k n\u00e9lk\u00fcl).<\/p><p>53. Az \u00e1rukat a \u201cWOW Tea\u201d rakt\u00e1r\u00e1ba kell visszajuttatni: company: Mixpakk Kft. for WOW TEA address: Nagyt\u00e9t\u00e9nyi \u00fat 112, BudafokOne Logisztikai Park L3 Building, 1222 Budapest, Hungary phone: 36304076655 r\u00e9sz\u00e9re azzal a lehet\u0151s\u00e9ggel, hogy fel\u00fclvizsg\u00e1lja \u00e9s megvizsg\u00e1lja a term\u00e9kek \u00e1llapot\u00e1t a visszak\u00fcld\u00e9s felt\u00e9teleinek megfelel\u0151s\u00e9g\u00e9nek meg\u00e1llap\u00edt\u00e1sa \u00e9rdek\u00e9ben<\/p><p>54. Abban az esetben, ha az \u00dcgyf\u00e9l gyakorolja a t\u00e1v\u00e9rt\u00e9kes\u00edt\u00e9si szerz\u0151d\u00e9st\u0151l val\u00f3 el\u00e1ll\u00e1si jog\u00e1t, a \u201cWOW Tea\u201d legk\u00e9s\u0151bb az \u00e1ru a \u201cWOW Tea\u201d rakt\u00e1r\u00e1ba val\u00f3 vissza\u00e9rkez\u00e9s\u00e9t\u0151l \u00e9s \u00e1tv\u00e9tel\u00e9t\u0151l sz\u00e1m\u00edtott 14 napt\u00e1ri napon bel\u00fcl teljes eg\u00e9sz\u00e9ben visszat\u00e9r\u00edti a fizetett \u00f6sszeget. Az \u00e1ru visszak\u00fcld\u00e9s\u00e9nek k\u00f6lts\u00e9geit levonj\u00e1k a befizetett \u00f6sszegb\u0151l, amelyet a Fogyaszt\u00f3 a szerz\u0151d\u00e9snek megfelel\u0151en befizetett, kiv\u00e9ve akkor, ha az \u00dcgyf\u00e9l a saj\u00e1t k\u00f6lts\u00e9g\u00e9n visszak\u00fcldte az \u00e1rut, \u00e9s err\u0151l \u00e9rtes\u00edtette az Elad\u00f3t.<\/p><p>54.1. Ha az \u00fcgyf\u00e9l m\u00e1r nem k\u00edv\u00e1nja fenntartani megrendel\u00e9s\u00e9t, a sz\u00e1ml\u00e1j\u00e1n l\u00e9v\u0151 \u00e1rukat vissza kell k\u00fcldenie az ATOP LLC-nek. Ezut\u00e1n az \u00fcgyf\u00e9lnek meg kell adnia az ATOP LLC sz\u00e1m\u00e1ra a k\u00f6vet\u00e9si sz\u00e1mot. Amikor az ATOP LLC megbizonyosodott arr\u00f3l, hogy az \u00e1rukat visszak\u00fcldt\u00e9k a rakt\u00e1rba, \u00e9s a csomagot nem k\u00e1rosodott, akkor felel\u0151s, hogy 14 napt\u00e1ri napon bel\u00fcl visszat\u00e9r\u00edtse a p\u00e9nzt az \u00fcgyf\u00e9lnek.<\/p><p>55. Az elad\u00f3nak joga van az \u00f6sszeg visszat\u00e9r\u00edt\u00e9s\u00e9t az eladott \u00e1ruk \u00e1tv\u00e9tel\u00e9ig k\u00e9sleltetni, \u00e9s nem felel az \u00e1ruk\u00e9rt, amelyeket nem sz\u00e1ll\u00edtanak a rakt\u00e1r\u00e1ba.<\/p><p>56. Az \u00f6sszeg visszafizet\u00e9s\u00e9t a visszat\u00e9r\u00edt\u00e9si \u0171rlapon megadott sz\u00e1ml\u00e1ra t\u00f6rt\u00e9n\u0151 banki \u00e1tutal\u00e1ssal hajtj\u00e1k v\u00e9gre amely let\u00f6lthet\u0151 <strong><a href=\"https:\/\/wowtea.eu\/wp-content\/uploads\/sites\/30\/2021-Terms%26Conditions\/CZ_EXCHANGE_RIGHT_FORM.docx\">ITT<\/a><\/strong>. Ha a fizet\u00e9s bankk\u00e1rty\u00e1val vagy PayPal-al t\u00f6rt\u00e9nt, akkor visszat\u00e9r\u00edt\u00e9s oda t\u00f6rt\u00e9nik, ahonnan a fizet\u00e9s t\u00f6rt\u00e9nt.<\/p><p>57. Ha az \u00dcgyf\u00e9l gyakorolja a t\u00e1v\u00e9rt\u00e9kes\u00edt\u00e9si szerz\u0151d\u00e9st\u0151l val\u00f3 el\u00e1ll\u00e1si jog\u00e1t, akkor az \u00e1rut indokolatlan k\u00e9sedelem n\u00e9lk\u00fcl \u00e9s legk\u00e9s\u0151bb 14 nappal att\u00f3l a napt\u00f3l sz\u00e1m\u00edtva kell visszajuttatnia a \u201cWOW Tea\u201d -hoz, amikor a felhaszn\u00e1l\u00f3 kijelenti a szerz\u0151d\u00e9st\u0151l val\u00f3 el\u00e1ll\u00e1si d\u00f6nt\u00e9s\u00e9t. A hat\u00e1rid\u0151t akkor tartj\u00e1k betartottnak, ha a felhaszn\u00e1l\u00f3 a 14 napos hat\u00e1rid\u0151 lej\u00e1rta el\u0151tt, \u00edr\u00e1sban beny\u00fajtja a \u201cWOW Tea\u201d sz\u00e1m\u00e1ra a d\u00f6nt\u00e9s\u00e9re vonatkoz\u00f3 inform\u00e1ci\u00f3kat.<\/p><p>58. Az \u00fcvegpalackok \u00e9s az inf\u00fazi\u00f3s szerel\u00e9kek m\u0171szaki meghib\u00e1sod\u00e1s vagy t\u00f6r\u00e9s miatti cser\u00e9je 15 napt\u00e1ri nap, az \u00e1ru \u00dcgyf\u00e9l \u00e1ltali k\u00e9szhezv\u00e9tel\u00e9nek napj\u00e1t\u00f3l sz\u00e1m\u00edtva. Az \u00fcgyf\u00e9l k\u00f6teles bizony\u00edt\u00e9kot (f\u00e9nyk\u00e9pet vagy vide\u00f3t) bemutatni az \u00e1ltala bejelentett m\u0171szaki meghib\u00e1sod\u00e1sr\u00f3l vagy t\u00f6r\u00e9sr\u0151l. Ezen id\u0151szak ut\u00e1n a \u201cWOW Tea\u201d jogosult megtagadni ezen term\u00e9kek visszak\u00fcld\u00e9s\u00e9t vagy cser\u00e9j\u00e9t. 58. A WOW TEA palackok \u00e9s limit\u00e1lt kiad\u00e1s\u00fa poharak mosogat\u00f3g\u00e9pben NEM moshat\u00f3k. Az ATOP Ltd. nem v\u00e1llal felel\u0151ss\u00e9get a term\u00e9kek mosogat\u00f3g\u00e9pben t\u00f6rt\u00e9n\u0151 mos\u00e1s ut\u00e1ni k\u00e1rosod\u00e1s\u00e1\u00e9rt.<\/p><p>59. A t\u00e1v\u00e9rt\u00e9kes\u00edt\u00e9si szerz\u0151d\u00e9st\u0151l val\u00f3 el\u00e1ll\u00e1si jog gyakorl\u00e1sakor az \u00dcgyf\u00e9l k\u00f6teles a sz\u00e1ll\u00edt\u00f3t\u00f3l kapott \u00e1rut, min\u0151s\u00e9g\u00e9t s\u00e9rtetlen\u00fcl \u00e9s biztons\u00e1gban meg\u0151rizni a visszak\u00fcld\u00e9sig.<\/p><p>60. Ha az \u00dcgyf\u00e9l \u00e1ltal megrendelt \u00e9s el\u0151re fizetett \u00e1rukat az Elad\u00f3 nem tudja k\u00e9zbes\u00edteni, ez ut\u00f3bbi err\u0151l t\u00e1j\u00e9koztatja az \u00dcgyfelet \u00e9s az Elad\u00f3 visszat\u00e9r\u00edti a befizetett \u00f6sszeget ezen t\u00e9ny meg\u00e1llap\u00edt\u00e1s\u00e1nak napj\u00e1t\u00f3l sz\u00e1m\u00edtott 14 napon bel\u00fcl, vagy att\u00f3l az id\u0151pontt\u00f3l, amikor az \u00dcgyf\u00e9l kifejezi a szerz\u0151d\u00e9s felmond\u00e1s\u00e1nak sz\u00e1nd\u00e9k\u00e1t.<\/p><p>61. Visszat\u00e9r\u00edt\u00e9s vagy csere felt\u00e9telei<\/p><p>61. 1. Az \u00dcgyf\u00e9lnek e-mailben \u00edr\u00e1sban kell \u00e9rtes\u00edtenie az Elad\u00f3t a kit\u00f6lt\u00f6tt visszak\u00fcld\u00e9si \u0171rlappal. Ha a term\u00e9kekkel kapcsolatos probl\u00e9ma mer\u00fcl fel, a v\u00e1s\u00e1rl\u00f3nak f\u00e9nyk\u00e9peket vagy videofelv\u00e9teleket kell beny\u00fajtania..<\/p><p>61. 2. Minden \u00e1runak azonos \u00e1llapotban kell lennie, mint sz\u00e1ll\u00edt\u00e1skor, s\u00e9r\u00fcl\u00e9s n\u00e9lk\u00fcl, kifog\u00e1stalan kereskedelmi csomagol\u00e1sban \u00e9s hi\u00e1nytalanul. A csomagol\u00e1snak s\u00e9rtetlennek kell lennie, nem t\u00f6r\u00f6tt, megkarcol\u00f3dott vagy s\u00e9r\u00fclt;<\/p><p>61. 3. Ha a term\u00e9k mell\u00e9 aj\u00e1nd\u00e9k is j\u00e1rt, azt is vissza kell k\u00fcldeni;<\/p><p>61.4. A t\u00e1v\u00e9rt\u00e9kes\u00edt\u00e9si szerz\u0151d\u00e9s \u00e9rtelm\u00e9ben b\u00e1rmely olyan \u00dcgyf\u00e9l, aki rendelkezik a Felhaszn\u00e1l\u00f3 min\u0151s\u00e9g\u00e9vel, az \u00e1ru \u00e1tv\u00e9tel\u00e9nek napj\u00e1t\u00f3l sz\u00e1m\u00edtott 14 napt\u00e1ri napon bel\u00fcl visszak\u00fcldheti a term\u00e9ket nem jogs\u00e9rt\u0151 kereskedelmi m\u00f3don, an\u00e9lk\u00fcl, hogy objekt\u00edv indokot adna. A visszak\u00fcld\u00e9s sz\u00e1ll\u00edt\u00e1si k\u00f6lts\u00e9gei az \u00dcgyfelet terhelik. Az ATOP LLC nem fogad el ut\u00e1nv\u00e9ttel fizetett fizet\u00e9si m\u00f3dot.<br \/>61.5. Ha az \u00fcgyf\u00e9l vissza akarja k\u00fcldeni azt a term\u00e9ket, amelyet egy PROMO csomag r\u00e9szek\u00e9nt v\u00e1s\u00e1rolt, a fennmarad\u00f3 term\u00e9kek szok\u00e1sos \u00e1r\u00e1t (vagy a csomag \u00e1r\u00e1t, ha akt\u00edv prom\u00f3ci\u00f3s csomag van ugyanazokkal a term\u00e9kekkel) az \u00fcgyfelet terheli (sz\u00e1ll\u00edt\u00e1s d\u00edjat is hozz\u00e1adunk, ha a rendel\u00e9si \u00e1r alacsonyabb, mint az ingyenes sz\u00e1ll\u00edt\u00e1shoz sz\u00fcks\u00e9ges minimum). A vev\u0151 \u00e1ltal fizetett \u00f6sszeg \u00e9s a m\u00f3dos\u00edtott rendel\u00e9si \u00e1r k\u00fcl\u00f6nbs\u00e9ge a term\u00e9k visszaszolg\u00e1ltat\u00e1s\u00e1t k\u00f6vet\u0151 14 napon bel\u00fcl visszat\u00e9r\u00edt\u00e9sre ker\u00fcl.<\/p><p>62. Ha a term\u00e9ket nyitott \/ haszn\u00e1lt \u00e1llapotban k\u00fcldik vissza, \u00e9s nem lehet \u00fajk\u00e9nt eladni, az Elad\u00f3 fenntartja a jogot, hogy megtagadja az \u00dcgyf\u00e9l \u00e1ltal a megrendel\u00e9skor fizetett \u00f6sszeg visszat\u00e9r\u00edt\u00e9s\u00e9t, valamint a visszat\u00e9r\u00edt\u00e9s sor\u00e1n felmer\u00fcl\u0151 egy\u00e9b k\u00f6lts\u00e9geket.<\/p>\t\t\t\t\t<\/div>\n\t\t\t\t\t\t<\/div>\n\t\t\t\t<\/div>\n\t\t\t\t\t\t<\/div>\n\t\t\t\t\t<\/div>\n\t\t<\/div>\n\t\t\t\t\t\t\t\t<\/div>\n\t\t\t\t\t<\/div>\n\t\t<\/section>\n\t\t\t\t\t\t\t\t\t<\/div>\n\t\t\t<\/div>\n\t\t\t\t\t<\/div>\n\t\t","protected":false},"excerpt":{"rendered":"<p>Visszak\u00fcld\u00e9si politika 49. A t\u00e1v\u00e9rt\u00e9kes\u00edt\u00e9si szerz\u0151d\u00e9s \u00e9rtelm\u00e9ben minden olyan Vev\u0151, aki a Felhaszn\u00e1l\u00f3 min\u0151s\u00e9g\u00e9vel rendelkezik, a term\u00e9ket jogszer\u0171 m\u00f3don visszak\u00fcldheti az \u00e1ru\u00a0 k\u00e9zhezv\u00e9tel\u00e9t\u0151l sz\u00e1m\u00edtott 14 napt\u00e1ri napon an\u00e9lk\u00fcl, hogy objekt\u00edven indokoln\u00e1 azt. A visszak\u00fcld\u00e9s sz\u00e1ll\u00edt\u00e1si k\u00f6lts\u00e9gei az \u00dcgyfelet terhelik. A \u201cWOW Tea\u201d nem veszi vissza azt az \u00e1rut, amelyet a k\u00e9zbes\u00edt\u00e9skor k\u00e9szp\u00e9nzzel fizettek ki.\u00a0 50. A t\u00e1v\u00e9rt\u00e9kes\u00edt\u00e9si szerz\u0151d\u00e9s Vev\u0151 \u00e1ltali felmond\u00e1s\u00e1nak tov\u00e1bbi okai: 50. 1. Hib\u00e1s csomagol\u00e1s \u2013 Az \u00dcgyf\u00e9l k\u00e9rheti az \u00e1ruk cser\u00e9j\u00e9t, ha \u00fagy tal\u00e1lja, hogy s\u00e9r\u00fclt term\u00e9ket kapott. Ebben az esetben a term\u00e9k visszak\u00fcld\u00e9s\u00e9nek k\u00f6lts\u00e9geit az Elad\u00f3 viseli. Ha az \u00dcgyf\u00e9l az \u00e1ru k\u00e9zhezv\u00e9tele ut\u00e1n 24 \u00f3r\u00e1n [&hellip;]<\/p>\n","protected":false},"author":24,"featured_media":0,"parent":0,"menu_order":0,"comment_status":"closed","ping_status":"closed","template":"elementor_header_footer","meta":{"inline_featured_image":false},"acf":[],"_links":{"self":[{"href":"https:\/\/wowtea.eu\/hu\/wp-json\/wp\/v2\/pages\/117936"}],"collection":[{"href":"https:\/\/wowtea.eu\/hu\/wp-json\/wp\/v2\/pages"}],"about":[{"href":"https:\/\/wowtea.eu\/hu\/wp-json\/wp\/v2\/types\/page"}],"author":[{"embeddable":true,"href":"https:\/\/wowtea.eu\/hu\/wp-json\/wp\/v2\/users\/24"}],"replies":[{"embeddable":true,"href":"https:\/\/wowtea.eu\/hu\/wp-json\/wp\/v2\/comments?post=117936"}],"version-history":[{"count":26,"href":"https:\/\/wowtea.eu\/hu\/wp-json\/wp\/v2\/pages\/117936\/revisions"}],"predecessor-version":[{"id":348045,"href":"https:\/\/wowtea.eu\/hu\/wp-json\/wp\/v2\/pages\/117936\/revisions\/348045"}],"wp:attachment":[{"href":"https:\/\/wowtea.eu\/hu\/wp-json\/wp\/v2\/media?parent=117936"}],"curies":[{"name":"wp","href":"https:\/\/api.w.org\/{rel}","templated":true}]}}