{"id":117946,"date":"2021-08-16T13:23:02","date_gmt":"2021-08-16T11:23:02","guid":{"rendered":"https:\/\/wowtea.eu\/hu\/?page_id=117946"},"modified":"2025-12-23T13:11:02","modified_gmt":"2025-12-23T12:11:02","slug":"szallitas","status":"publish","type":"page","link":"https:\/\/wowtea.eu\/hu\/szallitas\/","title":{"rendered":"Sz\u00e1ll\u00edt\u00e1s"},"content":{"rendered":"\t\t<div data-elementor-type=\"wp-page\" data-elementor-id=\"117946\" class=\"elementor elementor-117946\">\n\t\t\t\t\t\t<div class=\"elementor-inner\">\n\t\t\t\t<div class=\"elementor-section-wrap\">\n\t\t\t\t\t\t\t\t\t<section class=\"elementor-section elementor-top-section elementor-element elementor-element-0598e39 elementor-section-boxed elementor-section-height-default elementor-section-height-default\" data-id=\"0598e39\" data-element_type=\"section\">\n\t\t\t\t\t\t<div class=\"elementor-container elementor-column-gap-default\">\n\t\t\t\t\t\t\t<div class=\"elementor-row\">\n\t\t\t\t\t<div class=\"elementor-column elementor-col-100 elementor-top-column elementor-element elementor-element-4106551\" data-id=\"4106551\" data-element_type=\"column\">\n\t\t\t<div class=\"elementor-column-wrap elementor-element-populated\">\n\t\t\t\t\t\t\t<div class=\"elementor-widget-wrap\">\n\t\t\t\t\t\t<div class=\"elementor-element elementor-element-537c0bb elementor-widget elementor-widget-heading\" data-id=\"537c0bb\" data-element_type=\"widget\" data-widget_type=\"heading.default\">\n\t\t\t\t<div class=\"elementor-widget-container\">\n\t\t\t<h2 class=\"elementor-heading-title elementor-size-default\">Sz\u00e1ll\u00edt\u00e1s<\/h2>\t\t<\/div>\n\t\t\t\t<\/div>\n\t\t\t\t\t\t<\/div>\n\t\t\t\t\t<\/div>\n\t\t<\/div>\n\t\t\t\t\t\t\t\t<\/div>\n\t\t\t\t\t<\/div>\n\t\t<\/section>\n\t\t\t\t<section class=\"elementor-section elementor-top-section elementor-element elementor-element-851ebe3 elementor-section-boxed elementor-section-height-default elementor-section-height-default\" data-id=\"851ebe3\" data-element_type=\"section\">\n\t\t\t\t\t\t<div class=\"elementor-container elementor-column-gap-default\">\n\t\t\t\t\t\t\t<div class=\"elementor-row\">\n\t\t\t\t\t<div class=\"elementor-column elementor-col-100 elementor-top-column elementor-element elementor-element-b7fb875\" data-id=\"b7fb875\" data-element_type=\"column\">\n\t\t\t<div class=\"elementor-column-wrap elementor-element-populated\">\n\t\t\t\t\t\t\t<div class=\"elementor-widget-wrap\">\n\t\t\t\t\t\t<div class=\"elementor-element elementor-element-2672221 elementor-widget elementor-widget-text-editor\" data-id=\"2672221\" data-element_type=\"widget\" data-widget_type=\"text-editor.default\">\n\t\t\t\t<div class=\"elementor-widget-container\">\n\t\t\t\t\t\t\t\t<div class=\"elementor-text-editor elementor-clearfix\">\n\t\t\t\t<p>69. Az Elad\u00f3 az online megrendelt \u00e1rut a \u201cFama\u201d fut\u00e1rszolg\u00e1laton kereszt\u00fcl sz\u00e1ll\u00edtja az \u00dcgyf\u00e9l \u00e1ltal megadott c\u00edmre vagy a fut\u00e1rszolg\u00e1lat \u00dcgyf\u00e9lszolg\u00e1lat\u00e1nak \u00e1ltal megadott c\u00edmre.<\/p><p>69.1. Az ATOP Ltd. nem felel\u0151s, ha a megrendel\u00e9s st\u00e1tusza \u201ck\u00e9zbes\u00edtve\u201d a fut\u00e1rc\u00e9g oldal\u00e1n, \u00e9s az \u00fcgyf\u00e9lnek k\u00f6vetel\u00e9sei vannak. Ebben az esetben az \u00fcgyf\u00e9lnek ki kell t\u00f6ltenie egy k\u00e9relmet, hogy nem kapta meg a megrendel\u00e9st, \u00e9s \u00e1t kell adnia az ATOP Ltd.-nek, hogy ez ut\u00f3bbi vizsg\u00e1latot kezdhessen a fut\u00e1rc\u00e9gn\u00e9l.<\/p><p data-prosemirror-content-type=\"node\" data-prosemirror-node-name=\"paragraph\" data-prosemirror-node-block=\"true\" data-pm-slice=\"1 1 []\">69.2. Amennyiben az \u00fcgyf\u00e9l a rendel\u00e9s kisz\u00e1ll\u00edt\u00e1s\u00e1t MPL \u00e1ltali k\u00e9zbes\u00edt\u00e9ssel szeretn\u00e9, akkor a rendel\u00e9s sor\u00e1n ezt a megjegyz\u00e9s rovatban sz\u00fcks\u00e9ges jeleznie illetve t\u00e1j\u00e9koztatni az \u00fcgyf\u00e9lszolg\u00e1latot is a <a href=\"mailto:customers@wowtea.eu\" data-prosemirror-content-type=\"mark\" data-prosemirror-mark-name=\"link\">customers@wowtea.eu<\/a> c\u00edmen.<\/p><p>70. Az Elad\u00f3 az \u00e1ruk kisz\u00e1ll\u00edt\u00e1s\u00e1t csak Magyarorsz\u00e1g ter\u00fclet\u00e9n v\u00e9gzi.<\/p><p>70.1. Mivel az ATOP LLC az EU-ban sz\u00e9khellyel rendelkez\u0151 v\u00e1llalat, \u00e9s a sz\u00e1ll\u00edtm\u00e1nyokat az EU ter\u00fclet\u00e9r\u0151l k\u00fcldik, az EU-n k\u00edv\u00fcli \u00fcgyf\u00e9lnek t\u00f6rt\u00e9n\u0151 sz\u00e1ll\u00edt\u00e1skor v\u00e1mot lehet kivetni. Az \u00fcgyf\u00e9l felel\u0151ss\u00e9ge tov\u00e1bbra is t\u00e1j\u00e9koz\u00f3dni a v\u00e1mok esetleges d\u00edjair\u00f3l.B14.<\/p><p>71. Az eladott term\u00e9keket a sz\u00fcks\u00e9ges dokumentumokkal \u00e9s az eredeti csomagol\u00e1ssal egy\u00fctt sz\u00e1ll\u00edtj\u00e1k.<\/p><p>72. A k\u00e9zbes\u00edt\u00e9s ideje 1 \u00e9s 3 munkanap k\u00f6z\u00f6tt van. Kiv\u00e9tel a 47.pont.<\/p><p>72.1. ELS\u0150BBS\u00c9GI SZ\u00c1LL\u00cdT\u00c1S \u2013 Az els\u0151bbs\u00e9gi sz\u00e1ll\u00edt\u00e1s garant\u00e1lja, hogy megrendel\u00e9s\u00e9t a t\u00f6bbi megrendel\u00e9s el\u0151tt priorit\u00e1ssal dolgozzuk fel \u00e9s teljes\u00edtj\u00fck. Az ilyen megrendel\u00e9seket k\u00e9szlethi\u00e1ny eset\u00e9n is kiemelten kezelj\u00fck \u00e9s teljes\u00edtj\u00fck. Ezek a megrendel\u00e9sek egyben az els\u0151k, amelyeket k\u00e9zbes\u00edt\u00e9s c\u00e9lj\u00e1b\u00f3l \u00e1tadunk a fut\u00e1rc\u00e9g r\u00e9sz\u00e9re. Az ATOP LLC nem tehet\u0151 felel\u0151ss\u00e9, ha a fut\u00e1rc\u00e9g k\u00e9sik a megrendel\u00e9s k\u00e9zbes\u00edt\u00e9s\u00e9vel.<\/p><p>73. A sz\u00e1ll\u00edt\u00e1s k\u00f6lts\u00e9ge 1890 Ft, amely az \u00c1FA-t tartalmazza.<br \/>74 15 000 Ft(\u00c1FA-val egy\u00fctt) feletti v\u00e1s\u00e1rl\u00e1s eset\u00e9n a sz\u00e1ll\u00edt\u00e1s ingyenes az \u00dcgyf\u00e9l sz\u00e1m\u00e1ra.<\/p><p>75. Az \u00e1ruk sz\u00e1ll\u00edt\u00e1si felt\u00e9teleire vonatkoz\u00f3 r\u00e9szletek t\u00e1j\u00e9koztat\u00f3 jelleg\u0171ek, \u00e9s az Elad\u00f3 nem k\u00f6telezhet\u0151 a sz\u00e1ll\u00edt\u00e1s egy meghat\u00e1rozott napon t\u00f6rt\u00e9n\u0151 v\u00e9grehajt\u00e1s\u00e1ra. K\u00e9sedelmes k\u00e9zbes\u00edt\u00e9s eset\u00e9n az \u00dcgyf\u00e9l k\u00e1rtalan\u00edt\u00e1sra nem jogosult.<\/p><p>76. A k\u00e9zbes\u00edt\u00e9seket h\u00e9tf\u0151t\u0151l p\u00e9ntekig 9.00 \u00e9s 18.00 \u00f3ra k\u00f6z\u00f6tt v\u00e9gezz\u00fck, a hivatalos munkasz\u00fcneti napok kiv\u00e9tel\u00e9vel. Kiv\u00e9telt k\u00e9pezhetnek a speci\u00e1lis szolg\u00e1ltat\u00e1si \u00fctemtervvel rendelkez\u0151 telep\u00fcl\u00e9sek.<\/p><p>77. A k\u00e9zbes\u00edt\u00e9s napj\u00e1n az \u00dcgyf\u00e9l SMS-t \u00e9s \/ vagy e-mailt kap a fut\u00e1rt\u00f3l, amelyben jelzi a k\u00e9zbes\u00edt\u00e9s esed\u00e9kess\u00e9g\u00e9t. Ha az \u00dcgyfelet nem tal\u00e1lja meg a meg\u00e1llapod\u00e1s szerinti napon \u00e9s helyen, \u00e9s senki m\u00e1s nem veszi \u00e1t a sz\u00e1ll\u00edtm\u00e1nyt, a fut\u00e1r egy megjegyz\u00e9st hagy, hogy a c\u00edmet felkereste, a kapcsolattart\u00e1si adatokkal egy\u00fctt. A sz\u00e1ll\u00edtm\u00e1nyt a fut\u00e1rszolg\u00e1lat sz\u00e9khely\u00e9re visszaviszik k\u00e9r\u00e9sre. Ha az \u00dcgyf\u00e9l m\u00e1snap nem l\u00e9p kapcsolatba az elad\u00f3val vagy a fut\u00e1rszolg\u00e1lattal, akkor a megrendel\u00e9s visszavontnak tekintend\u0151.<\/p><p>78. Az \u00dcgyf\u00e9lnek lehet\u0151s\u00e9ge van megnyitni \u00e9s megvizsg\u00e1lni a k\u00fcldem\u00e9ny tartalm\u00e1t, miel\u0151tt a fut\u00e1rnak fizetne.<\/p><p>79. A \u201cWOW Tea\u201d vagy a fut\u00e1rszolg\u00e1lat telefonon vagy e-mailben \u00e9rtes\u00edti az \u00dcgyfelet, ha el\u0151re nem l\u00e1that\u00f3 k\u00f6r\u00fclm\u00e9nyek akad\u00e1lyozz\u00e1k a k\u00e9zbes\u00edt\u00e9s id\u0151ben t\u00f6rt\u00e9n\u0151 v\u00e9grehajt\u00e1s\u00e1t.<\/p><p>80. Az \u00dcgyf\u00e9l beleegyezik abba, hogy az \u00e1ruk k\u00e9zbes\u00edt\u00e9s\u00e9vel kapcsolatban a fut\u00e1rszolg\u00e1lat inform\u00e1ci\u00f3t adhat tov\u00e1bb a szerz\u0151d\u00e9ses f\u00e9lnek.<\/p><p>81. Az \u00dcgyf\u00e9lnek ellen\u0151riznie kell az \u00e1rut a k\u00e9zbes\u00edt\u00e9skor \u00e9s annak az Elad\u00f3 vagy a fut\u00e1r \u00e1ltali \u00e1tad\u00e1sakor, \u00e9s ha elt\u00e9r\u00e9s van a megrendel\u00e9sben, halad\u00e9ktalanul \u00e9rtes\u00edtenie kell az Elad\u00f3t.<\/p><p>82. A v\u00e1s\u00e1rolt \u00e1ruk elveszt\u00e9s\u00e9nek vagy k\u00e1rosod\u00e1s\u00e1nak kock\u00e1zata az \u00dcgyf\u00e9lre h\u00e1rul, amikor az ut\u00f3bbi vagy az \u00e1ltala kijel\u00f6lt harmadik f\u00e9l, kiv\u00e9ve a \u201cWOW Tea\u201d Fut\u00e1rszolg\u00e1lat \u00e1ltal kinevezett szem\u00e9lyt, elfogadja az \u00e1rut.<\/p>\t\t\t\t\t<\/div>\n\t\t\t\t\t\t<\/div>\n\t\t\t\t<\/div>\n\t\t\t\t\t\t<\/div>\n\t\t\t\t\t<\/div>\n\t\t<\/div>\n\t\t\t\t\t\t\t\t<\/div>\n\t\t\t\t\t<\/div>\n\t\t<\/section>\n\t\t\t\t\t\t\t\t\t<\/div>\n\t\t\t<\/div>\n\t\t\t\t\t<\/div>\n\t\t","protected":false},"excerpt":{"rendered":"<p>Sz\u00e1ll\u00edt\u00e1s 69. Az Elad\u00f3 az online megrendelt \u00e1rut a \u201cFama\u201d fut\u00e1rszolg\u00e1laton kereszt\u00fcl sz\u00e1ll\u00edtja az \u00dcgyf\u00e9l \u00e1ltal megadott c\u00edmre vagy a fut\u00e1rszolg\u00e1lat \u00dcgyf\u00e9lszolg\u00e1lat\u00e1nak \u00e1ltal megadott c\u00edmre. 69.1. Az ATOP Ltd. nem felel\u0151s, ha a megrendel\u00e9s st\u00e1tusza \u201ck\u00e9zbes\u00edtve\u201d a fut\u00e1rc\u00e9g oldal\u00e1n, \u00e9s az \u00fcgyf\u00e9lnek k\u00f6vetel\u00e9sei vannak. Ebben az esetben az \u00fcgyf\u00e9lnek ki kell t\u00f6ltenie egy k\u00e9relmet, hogy nem kapta meg a megrendel\u00e9st, \u00e9s \u00e1t kell adnia az ATOP Ltd.-nek, hogy ez ut\u00f3bbi vizsg\u00e1latot kezdhessen a fut\u00e1rc\u00e9gn\u00e9l. 69.2. Amennyiben az \u00fcgyf\u00e9l a rendel\u00e9s kisz\u00e1ll\u00edt\u00e1s\u00e1t MPL \u00e1ltali k\u00e9zbes\u00edt\u00e9ssel szeretn\u00e9, akkor a rendel\u00e9s sor\u00e1n ezt a megjegyz\u00e9s rovatban sz\u00fcks\u00e9ges jeleznie illetve t\u00e1j\u00e9koztatni az \u00fcgyf\u00e9lszolg\u00e1latot is [&hellip;]<\/p>\n","protected":false},"author":24,"featured_media":0,"parent":0,"menu_order":0,"comment_status":"closed","ping_status":"closed","template":"elementor_header_footer","meta":{"inline_featured_image":false},"acf":[],"_links":{"self":[{"href":"https:\/\/wowtea.eu\/hu\/wp-json\/wp\/v2\/pages\/117946"}],"collection":[{"href":"https:\/\/wowtea.eu\/hu\/wp-json\/wp\/v2\/pages"}],"about":[{"href":"https:\/\/wowtea.eu\/hu\/wp-json\/wp\/v2\/types\/page"}],"author":[{"embeddable":true,"href":"https:\/\/wowtea.eu\/hu\/wp-json\/wp\/v2\/users\/24"}],"replies":[{"embeddable":true,"href":"https:\/\/wowtea.eu\/hu\/wp-json\/wp\/v2\/comments?post=117946"}],"version-history":[{"count":13,"href":"https:\/\/wowtea.eu\/hu\/wp-json\/wp\/v2\/pages\/117946\/revisions"}],"predecessor-version":[{"id":361087,"href":"https:\/\/wowtea.eu\/hu\/wp-json\/wp\/v2\/pages\/117946\/revisions\/361087"}],"wp:attachment":[{"href":"https:\/\/wowtea.eu\/hu\/wp-json\/wp\/v2\/media?parent=117946"}],"curies":[{"name":"wp","href":"https:\/\/api.w.org\/{rel}","templated":true}]}}