{"id":404,"date":"2020-07-07T16:02:04","date_gmt":"2020-07-07T14:02:04","guid":{"rendered":"https:\/\/wowtea.eu\/hu\/?page_id=404"},"modified":"2025-05-22T08:56:23","modified_gmt":"2025-05-22T06:56:23","slug":"about-us-old","status":"publish","type":"page","link":"https:\/\/wowtea.eu\/hu\/about-us-old\/","title":{"rendered":"R\u00f3lunk"},"content":{"rendered":"\t\t<div data-elementor-type=\"wp-page\" data-elementor-id=\"404\" class=\"elementor elementor-404\">\n\t\t\t\t\t\t<div class=\"elementor-inner\">\n\t\t\t\t<div class=\"elementor-section-wrap\">\n\t\t\t\t\t\t\t\t\t<section class=\"elementor-section elementor-top-section elementor-element elementor-element-d6cf8f3 elementor-section-boxed elementor-section-height-default elementor-section-height-default\" data-id=\"d6cf8f3\" data-element_type=\"section\" data-settings=\"{&quot;background_background&quot;:&quot;classic&quot;}\">\n\t\t\t\t\t\t<div class=\"elementor-container elementor-column-gap-default\">\n\t\t\t\t\t\t\t<div class=\"elementor-row\">\n\t\t\t\t\t<div class=\"elementor-column elementor-col-100 elementor-top-column elementor-element elementor-element-dc62397\" data-id=\"dc62397\" data-element_type=\"column\">\n\t\t\t<div class=\"elementor-column-wrap elementor-element-populated\">\n\t\t\t\t\t\t\t<div class=\"elementor-widget-wrap\">\n\t\t\t\t\t\t<div class=\"elementor-element elementor-element-52fb684 elementor-widget elementor-widget-image\" data-id=\"52fb684\" data-element_type=\"widget\" data-widget_type=\"image.default\">\n\t\t\t\t<div class=\"elementor-widget-container\">\n\t\t\t\t\t\t\t\t<div class=\"elementor-image\">\n\t\t\t\t\t\t\t\t\t\t\t\t<img width=\"768\" height=\"399\" src=\"https:\/\/wowtea.eu\/hu\/files\/2021\/04\/about_us_wow_team-768x399.png\" class=\"attachment-medium_large size-medium_large wp-image-98410\" alt=\"|\" loading=\"lazy\" srcset=\"https:\/\/wowtea.eu\/hu\/files\/2021\/04\/about_us_wow_team-768x399.png 768w, https:\/\/wowtea.eu\/hu\/files\/2021\/04\/about_us_wow_team-300x156.png 300w, https:\/\/wowtea.eu\/hu\/files\/2021\/04\/about_us_wow_team-1024x532.png 1024w, https:\/\/wowtea.eu\/hu\/files\/2021\/04\/about_us_wow_team-1536x798.png 1536w, https:\/\/wowtea.eu\/hu\/files\/2021\/04\/about_us_wow_team-2048x1064.png 2048w, https:\/\/wowtea.eu\/hu\/files\/2021\/04\/about_us_wow_team-600x312.png 600w\" sizes=\"(max-width: 768px) 100vw, 768px\" title=\"|\">\t\t\t\t\t\t\t\t\t\t\t\t\t\t<\/div>\n\t\t\t\t\t\t<\/div>\n\t\t\t\t<\/div>\n\t\t\t\t<div class=\"elementor-element elementor-element-1cc963c elementor-widget elementor-widget-video\" data-id=\"1cc963c\" data-element_type=\"widget\" data-settings=\"{&quot;youtube_url&quot;:&quot;https:\\\/\\\/www.youtube.com\\\/watch?v=FkOxPwUIr0w&quot;,&quot;modestbranding&quot;:&quot;yes&quot;,&quot;show_image_overlay&quot;:&quot;yes&quot;,&quot;image_overlay&quot;:{&quot;url&quot;:&quot;https:\\\/\\\/wowtea.eu\\\/hu\\\/wp-content\\\/uploads\\\/2020\\\/10\\\/video-thumbnail.jpg&quot;,&quot;id&quot;:&quot;73009&quot;,&quot;size&quot;:&quot;&quot;},&quot;video_type&quot;:&quot;youtube&quot;,&quot;controls&quot;:&quot;yes&quot;}\" data-widget_type=\"video.default\">\n\t\t\t\t<div class=\"elementor-widget-container\">\n\t\t\t\t\t<div class=\"elementor-wrapper elementor-open-inline\">\n\t\t\t<div class=\"elementor-video\"><\/div>\t\t\t\t<div class=\"elementor-custom-embed-image-overlay\" style=\"background-image: url(https:\/\/wowtea.eu\/hu\/files\/2020\/10\/video-thumbnail.jpg);\">\n\t\t\t\t\t\t\t\t\t\t\t\t\t\t\t\t<div class=\"elementor-custom-embed-play\" role=\"button\" aria-label=\"Vide\u00f3 lej\u00e1tsz\u00e1sa\" tabindex=\"0\">\n\t\t\t\t\t\t\t<i aria-hidden=\"true\" class=\"eicon-play\"><\/i>\t\t\t\t\t\t\t<span class=\"elementor-screen-only\">Vide\u00f3 lej\u00e1tsz\u00e1sa<\/span>\n\t\t\t\t\t\t<\/div>\n\t\t\t\t\t\t\t\t\t<\/div>\n\t\t\t\t\t<\/div>\n\t\t\t\t<\/div>\n\t\t\t\t<\/div>\n\t\t\t\t\t\t<\/div>\n\t\t\t\t\t<\/div>\n\t\t<\/div>\n\t\t\t\t\t\t\t\t<\/div>\n\t\t\t\t\t<\/div>\n\t\t<\/section>\n\t\t\t\t<section class=\"elementor-section elementor-top-section elementor-element elementor-element-bebf8f8 elementor-section-boxed elementor-section-height-default elementor-section-height-default\" data-id=\"bebf8f8\" data-element_type=\"section\" data-settings=\"{&quot;background_background&quot;:&quot;classic&quot;}\">\n\t\t\t\t\t\t<div class=\"elementor-container elementor-column-gap-default\">\n\t\t\t\t\t\t\t<div class=\"elementor-row\">\n\t\t\t\t\t<div class=\"elementor-column elementor-col-100 elementor-top-column elementor-element elementor-element-72cc45a\" data-id=\"72cc45a\" data-element_type=\"column\">\n\t\t\t<div class=\"elementor-column-wrap elementor-element-populated\">\n\t\t\t\t\t\t\t<div class=\"elementor-widget-wrap\">\n\t\t\t\t\t\t<div class=\"elementor-element elementor-element-f335344 elementor-widget elementor-widget-custom_title\" data-id=\"f335344\" data-element_type=\"widget\" data-widget_type=\"custom_title.default\">\n\t\t\t\t<div class=\"elementor-widget-container\">\n\t\t\t      <!-- border_title center_border -->\n      \n               <div class=\"custom_title\"  >\n            <h2 class=\"title border_title center \"><span>A bels\u0151 sz\u00e9ps\u00e9g k\u00edv\u00fclr\u0151l l\u00e1that\u00f3<\/span> <small style=\"order: -1\">Mott\u00f3nk...<\/small><\/h2>\n         <\/div>\n      \n\n   \t\t<\/div>\n\t\t\t\t<\/div>\n\t\t\t\t<div class=\"elementor-element elementor-element-f444cdf elementor-widget elementor-widget-text-editor\" data-id=\"f444cdf\" data-element_type=\"widget\" data-widget_type=\"text-editor.default\">\n\t\t\t\t<div class=\"elementor-widget-container\">\n\t\t\t\t\t\t\t\t<div class=\"elementor-text-editor elementor-clearfix\">\n\t\t\t\t<p>Hisz\u00fcnk a term\u00e9szet erej\u00e9ben, a sport ir\u00e1nti szenved\u00e9lyben, a tiszta \u00e9lelmiszerekben, a toxinmentes testben, \u00e9s abban, hogy egy kis tea seg\u00edts\u00e9g\u00e9vel a legjobb form\u00e1dban lehetsz \u00e9s legjobban \u00e9rezheted magad. Ak\u00e1r fitneszmodell tested van, ak\u00e1r anyuka vagy otthon, te\u00e1ink seg\u00edtenek abban, hogy a lehet\u0151 legjobban n\u00e9zz ki, \u00e9s hogy abszol\u00fat a legjobban \u00e9rezd magad!<\/p><p>B\u00fcszk\u00e9k vagyunk a term\u00e9keinkre \u00e9s azokra az emberekre, akik elk\u00e9sz\u00edtik \u0151ket! Kiz\u00e1r\u00f3lag kiv\u00e1l\u00f3 min\u0151s\u00e9g\u0171, term\u00e9szetes \u00f6sszetev\u0151ket haszn\u00e1lunk, \u00e9s ezeket a gondosan v\u00e1logatott, term\u00e9szeti kincsekb\u0151l k\u00e9sz\u00fclt aj\u00e1nd\u00e9kokat egyes\u00edtj\u00fck, hogy megfizethet\u0151 \u00e1ron k\u00edn\u00e1ljuk a legjobb s\u00falycs\u00f6kkent\u0151 term\u00e9keket a piacon! (Abban is hisz\u00fcnk, hogy a vil\u00e1g jobb hely lenne, ha naponta mindenki kikapcsolna 15 percre egy cs\u00e9sze finom te\u00e1t kortyolgatva.)<\/p>\t\t\t\t\t<\/div>\n\t\t\t\t\t\t<\/div>\n\t\t\t\t<\/div>\n\t\t\t\t\t\t<\/div>\n\t\t\t\t\t<\/div>\n\t\t<\/div>\n\t\t\t\t\t\t\t\t<\/div>\n\t\t\t\t\t<\/div>\n\t\t<\/section>\n\t\t\t\t<section class=\"elementor-section elementor-top-section elementor-element elementor-element-ee8de64 elementor-section-content-middle elementor-section-boxed elementor-section-height-default elementor-section-height-default\" data-id=\"ee8de64\" data-element_type=\"section\">\n\t\t\t\t\t\t<div class=\"elementor-container elementor-column-gap-default\">\n\t\t\t\t\t\t\t<div class=\"elementor-row\">\n\t\t\t\t\t<div class=\"elementor-column elementor-col-50 elementor-top-column elementor-element elementor-element-eb0af62\" data-id=\"eb0af62\" data-element_type=\"column\">\n\t\t\t<div class=\"elementor-column-wrap elementor-element-populated\">\n\t\t\t\t\t\t\t<div class=\"elementor-widget-wrap\">\n\t\t\t\t\t\t<div class=\"elementor-element elementor-element-3f2abd7 elementor-widget elementor-widget-image\" data-id=\"3f2abd7\" data-element_type=\"widget\" data-widget_type=\"image.default\">\n\t\t\t\t<div class=\"elementor-widget-container\">\n\t\t\t\t\t\t\t\t<div class=\"elementor-image\">\n\t\t\t\t\t\t\t\t\t\t\t\t<img width=\"576\" height=\"478\" src=\"https:\/\/wowtea.eu\/hu\/files\/2020\/10\/about-us-1.jpg\" class=\"attachment-large size-large wp-image-72864\" alt=\"about-us-office\" loading=\"lazy\" srcset=\"https:\/\/wowtea.eu\/hu\/files\/2020\/10\/about-us-1.jpg 576w, https:\/\/wowtea.eu\/hu\/files\/2020\/10\/about-us-1-300x249.jpg 300w\" sizes=\"(max-width: 576px) 100vw, 576px\" title=\"|\">\t\t\t\t\t\t\t\t\t\t\t\t\t\t<\/div>\n\t\t\t\t\t\t<\/div>\n\t\t\t\t<\/div>\n\t\t\t\t\t\t<\/div>\n\t\t\t\t\t<\/div>\n\t\t<\/div>\n\t\t\t\t<div class=\"elementor-column elementor-col-50 elementor-top-column elementor-element elementor-element-68ffd8d\" data-id=\"68ffd8d\" data-element_type=\"column\">\n\t\t\t<div class=\"elementor-column-wrap elementor-element-populated\">\n\t\t\t\t\t\t\t<div class=\"elementor-widget-wrap\">\n\t\t\t\t\t\t<div class=\"elementor-element elementor-element-918d2f4 elementor-widget elementor-widget-custom_title\" data-id=\"918d2f4\" data-element_type=\"widget\" data-widget_type=\"custom_title.default\">\n\t\t\t\t<div class=\"elementor-widget-container\">\n\t\t\t      <!-- border_title center_border -->\n      \n               <div class=\"custom_title\"  >\n            <h2 class=\"title border_title center \"><span>Eur\u00f3p\u00e1ban sz\u00fcletett\n\u00e9s fejlesztett.<\/span> <\/h2>\n         <\/div>\n      \n\n   \t\t<\/div>\n\t\t\t\t<\/div>\n\t\t\t\t<div class=\"elementor-element elementor-element-bd1fbe2 elementor-widget elementor-widget-text-editor\" data-id=\"bd1fbe2\" data-element_type=\"widget\" data-widget_type=\"text-editor.default\">\n\t\t\t\t<div class=\"elementor-widget-container\">\n\t\t\t\t\t\t\t\t<div class=\"elementor-text-editor elementor-clearfix\">\n\t\t\t\t<p>B\u00fcszk\u00e9n eur\u00f3pai \u00e9s teljesen term\u00e9szetes! Minden pr\u00e9mium term\u00e9k\u00fcnket Sz\u00f3fia v\u00e1rosunkban gy\u00e1rtjuk, \u00e9s szigor\u00faan tesztelt\u00fck azokat a WOW l\u00e1nyokon.<\/p><p>Tud\u00f3sokb\u00f3l, \u00e9trend-szak\u00e9rt\u0151kb\u0151l, marketing- \u00e9s tervez\u0151 szakemberekb\u0151l \u00e1ll\u00f3 csapatunk minden nap kem\u00e9nyen dolgozik, hogy a leghat\u00e9konyabb \u00e9s legink\u00e1bb keresett s\u00falykezel\u00e9si term\u00e9keket sz\u00e1ll\u00edts\u00e1k\u2026 Mert a megjelen\u00e9s sz\u00e1m\u00edt!<\/p>\t\t\t\t\t<\/div>\n\t\t\t\t\t\t<\/div>\n\t\t\t\t<\/div>\n\t\t\t\t\t\t<\/div>\n\t\t\t\t\t<\/div>\n\t\t<\/div>\n\t\t\t\t\t\t\t\t<\/div>\n\t\t\t\t\t<\/div>\n\t\t<\/section>\n\t\t\t\t<section class=\"elementor-section elementor-top-section elementor-element elementor-element-35bc089 elementor-section-content-middle elementor-reverse-mobile elementor-section-boxed elementor-section-height-default elementor-section-height-default\" data-id=\"35bc089\" data-element_type=\"section\">\n\t\t\t\t\t\t<div class=\"elementor-container elementor-column-gap-default\">\n\t\t\t\t\t\t\t<div class=\"elementor-row\">\n\t\t\t\t\t<div class=\"elementor-column elementor-col-50 elementor-top-column elementor-element elementor-element-eaac687\" data-id=\"eaac687\" data-element_type=\"column\">\n\t\t\t<div class=\"elementor-column-wrap elementor-element-populated\">\n\t\t\t\t\t\t\t<div class=\"elementor-widget-wrap\">\n\t\t\t\t\t\t<div class=\"elementor-element elementor-element-3bb83e2 elementor-widget elementor-widget-custom_title\" data-id=\"3bb83e2\" data-element_type=\"widget\" data-widget_type=\"custom_title.default\">\n\t\t\t\t<div class=\"elementor-widget-container\">\n\t\t\t      <!-- border_title center_border -->\n      \n               <div class=\"custom_title\"  >\n            <h2 class=\"title border_title center \"><span>B\u00fcszk\u00e9v\u00e9 tesz.<\/span> <\/h2>\n         <\/div>\n      \n\n   \t\t<\/div>\n\t\t\t\t<\/div>\n\t\t\t\t<div class=\"elementor-element elementor-element-38fac7d elementor-widget elementor-widget-text-editor\" data-id=\"38fac7d\" data-element_type=\"widget\" data-widget_type=\"text-editor.default\">\n\t\t\t\t<div class=\"elementor-widget-container\">\n\t\t\t\t\t\t\t\t<div class=\"elementor-text-editor elementor-clearfix\">\n\t\t\t\t<p>M\u00e1r t\u00f6bb mint 4 \u00e9ve vagyunk a piacon, \u00e9s m\u00e1r t\u00f6bb mint 150 000 WOW l\u00e1nynak seg\u00edtett\u00fcnk, hogy jobban \u00e9rezz\u00e9k magukat!<\/p><p>Az els\u0151 napt\u00f3l kezdve mindig olyan d\u00f6nt\u00e9seket hoztunk, amelyekre b\u00fcszke lehetsz! Soha nem haszn\u00e1ltunk \u00e1llati eredet\u0171 \u00f6sszetev\u0151ket, minden term\u00e9k\u00fcnk alkalmas veg\u00e1nok sz\u00e1m\u00e1ra is, \u00e9s ami a legfontosabb \u2013 soha nem haszn\u00e1ltunk szintetikus illatanyagokat vagy mesters\u00e9ges sz\u00ednez\u00e9keket!<\/p>\t\t\t\t\t<\/div>\n\t\t\t\t\t\t<\/div>\n\t\t\t\t<\/div>\n\t\t\t\t\t\t<\/div>\n\t\t\t\t\t<\/div>\n\t\t<\/div>\n\t\t\t\t<div class=\"elementor-column elementor-col-50 elementor-top-column elementor-element elementor-element-1609895\" data-id=\"1609895\" data-element_type=\"column\">\n\t\t\t<div class=\"elementor-column-wrap elementor-element-populated\">\n\t\t\t\t\t\t\t<div class=\"elementor-widget-wrap\">\n\t\t\t\t\t\t<div class=\"elementor-element elementor-element-c4aaf5c elementor-widget elementor-widget-image\" data-id=\"c4aaf5c\" data-element_type=\"widget\" data-widget_type=\"image.default\">\n\t\t\t\t<div class=\"elementor-widget-container\">\n\t\t\t\t\t\t\t\t<div class=\"elementor-image\">\n\t\t\t\t\t\t\t\t\t\t\t\t<img width=\"576\" height=\"478\" src=\"https:\/\/wowtea.eu\/hu\/files\/2020\/12\/about-us-2.jpg\" class=\"attachment-large size-large wp-image-84485\" alt=\"|\" loading=\"lazy\" srcset=\"https:\/\/wowtea.eu\/hu\/files\/2020\/12\/about-us-2.jpg 576w, https:\/\/wowtea.eu\/hu\/files\/2020\/12\/about-us-2-300x249.jpg 300w\" sizes=\"(max-width: 576px) 100vw, 576px\" title=\"|\">\t\t\t\t\t\t\t\t\t\t\t\t\t\t<\/div>\n\t\t\t\t\t\t<\/div>\n\t\t\t\t<\/div>\n\t\t\t\t\t\t<\/div>\n\t\t\t\t\t<\/div>\n\t\t<\/div>\n\t\t\t\t\t\t\t\t<\/div>\n\t\t\t\t\t<\/div>\n\t\t<\/section>\n\t\t\t\t\t\t\t\t\t<\/div>\n\t\t\t<\/div>\n\t\t\t\t\t<\/div>\n\t\t","protected":false},"excerpt":{"rendered":"<p>A bels\u0151 sz\u00e9ps\u00e9g k\u00edv\u00fclr\u0151l l\u00e1that\u00f3 Mott\u00f3nk&#8230; Hisz\u00fcnk a term\u00e9szet erej\u00e9ben, a sport ir\u00e1nti szenved\u00e9lyben, a tiszta \u00e9lelmiszerekben, a toxinmentes testben, \u00e9s abban, hogy egy kis tea seg\u00edts\u00e9g\u00e9vel a legjobb form\u00e1dban lehetsz \u00e9s legjobban \u00e9rezheted magad. Ak\u00e1r fitneszmodell tested van, ak\u00e1r anyuka vagy otthon, te\u00e1ink seg\u00edtenek abban, hogy a lehet\u0151 legjobban n\u00e9zz ki, \u00e9s hogy abszol\u00fat a legjobban \u00e9rezd magad! B\u00fcszk\u00e9k vagyunk a term\u00e9keinkre \u00e9s azokra az emberekre, akik elk\u00e9sz\u00edtik \u0151ket! Kiz\u00e1r\u00f3lag kiv\u00e1l\u00f3 min\u0151s\u00e9g\u0171, term\u00e9szetes \u00f6sszetev\u0151ket haszn\u00e1lunk, \u00e9s ezeket a gondosan v\u00e1logatott, term\u00e9szeti kincsekb\u0151l k\u00e9sz\u00fclt aj\u00e1nd\u00e9kokat egyes\u00edtj\u00fck, hogy megfizethet\u0151 \u00e1ron k\u00edn\u00e1ljuk a legjobb s\u00falycs\u00f6kkent\u0151 term\u00e9keket a piacon! (Abban is hisz\u00fcnk, hogy [&hellip;]<\/p>\n","protected":false},"author":1,"featured_media":0,"parent":0,"menu_order":0,"comment_status":"closed","ping_status":"closed","template":"elementor_header_footer","meta":{"inline_featured_image":false},"acf":[],"_links":{"self":[{"href":"https:\/\/wowtea.eu\/hu\/wp-json\/wp\/v2\/pages\/404"}],"collection":[{"href":"https:\/\/wowtea.eu\/hu\/wp-json\/wp\/v2\/pages"}],"about":[{"href":"https:\/\/wowtea.eu\/hu\/wp-json\/wp\/v2\/types\/page"}],"author":[{"embeddable":true,"href":"https:\/\/wowtea.eu\/hu\/wp-json\/wp\/v2\/users\/1"}],"replies":[{"embeddable":true,"href":"https:\/\/wowtea.eu\/hu\/wp-json\/wp\/v2\/comments?post=404"}],"version-history":[{"count":19,"href":"https:\/\/wowtea.eu\/hu\/wp-json\/wp\/v2\/pages\/404\/revisions"}],"predecessor-version":[{"id":273246,"href":"https:\/\/wowtea.eu\/hu\/wp-json\/wp\/v2\/pages\/404\/revisions\/273246"}],"wp:attachment":[{"href":"https:\/\/wowtea.eu\/hu\/wp-json\/wp\/v2\/media?parent=404"}],"curies":[{"name":"wp","href":"https:\/\/api.w.org\/{rel}","templated":true}]}}