{"id":72626,"date":"2020-10-06T15:49:31","date_gmt":"2020-10-06T13:49:31","guid":{"rendered":"https:\/\/wowtea.eu\/hu\/?post_type=product&#038;p=72626"},"modified":"2026-04-01T00:18:37","modified_gmt":"2026-03-31T22:18:37","slug":"black-bottle-2","status":"publish","type":"product","link":"https:\/\/wowtea.eu\/hu\/product\/black-bottle-2\/","title":{"rendered":"Te\u00e1s \u00fcveg (Fekete)"},"content":{"rendered":"\t\t<div data-elementor-type=\"product-post\" data-elementor-id=\"72626\" class=\"elementor elementor-72626\">\n\t\t\t\t\t\t<div class=\"elementor-inner\">\n\t\t\t\t<div class=\"elementor-section-wrap\">\n\t\t\t\t\t\t\t\t\t<section class=\"elementor-section elementor-top-section elementor-element elementor-element-f5ff1b3 elementor-section-boxed elementor-section-height-default elementor-section-height-default\" data-id=\"f5ff1b3\" data-element_type=\"section\">\n\t\t\t\t\t\t<div class=\"elementor-container elementor-column-gap-no\">\n\t\t\t\t\t\t\t<div class=\"elementor-row\">\n\t\t\t\t\t<div class=\"elementor-column elementor-col-100 elementor-top-column elementor-element elementor-element-51a38d5\" data-id=\"51a38d5\" data-element_type=\"column\">\n\t\t\t<div class=\"elementor-column-wrap elementor-element-populated\">\n\t\t\t\t\t\t\t<div class=\"elementor-widget-wrap\">\n\t\t\t\t\t\t<div class=\"elementor-element elementor-element-8f801e5 elementor-widget elementor-widget-image\" data-id=\"8f801e5\" data-element_type=\"widget\" data-widget_type=\"image.default\">\n\t\t\t\t<div class=\"elementor-widget-container\">\n\t\t\t\t\t\t\t\t<div class=\"elementor-image\">\n\t\t\t\t\t\t\t\t\t\t\t\t<img width=\"1024\" height=\"542\" src=\"https:\/\/wowtea.eu\/hu\/files\/2020\/08\/Banner-NEW-1-1024x542.png\" class=\"attachment-large size-large wp-image-72363\" alt=\"Bottle banner\" loading=\"lazy\" srcset=\"https:\/\/wowtea.eu\/hu\/files\/2020\/08\/Banner-NEW-1-1024x542.png 1024w, https:\/\/wowtea.eu\/hu\/files\/2020\/08\/Banner-NEW-1-300x159.png 300w, https:\/\/wowtea.eu\/hu\/files\/2020\/08\/Banner-NEW-1-768x407.png 768w, https:\/\/wowtea.eu\/hu\/files\/2020\/08\/Banner-NEW-1-600x318.png 600w, https:\/\/wowtea.eu\/hu\/files\/2020\/08\/Banner-NEW-1.png 1144w\" sizes=\"(max-width: 1024px) 100vw, 1024px\" title=\"|\">\t\t\t\t\t\t\t\t\t\t\t\t\t\t<\/div>\n\t\t\t\t\t\t<\/div>\n\t\t\t\t<\/div>\n\t\t\t\t<div class=\"elementor-element elementor-element-53d4c71 elementor-widget elementor-widget-text-editor\" data-id=\"53d4c71\" data-element_type=\"widget\" data-widget_type=\"text-editor.default\">\n\t\t\t\t<div class=\"elementor-widget-container\">\n\t\t\t\t\t\t\t\t<div class=\"elementor-text-editor elementor-clearfix\">\n\t\t\t\t<h2>MEG\u00c9RKEZETT A WOW TEA-HOZ AZ \u00daJ TE\u00c1S \u00dcVEG!<\/h2>\t\t\t\t\t<\/div>\n\t\t\t\t\t\t<\/div>\n\t\t\t\t<\/div>\n\t\t\t\t\t\t<\/div>\n\t\t\t\t\t<\/div>\n\t\t<\/div>\n\t\t\t\t\t\t\t\t<\/div>\n\t\t\t\t\t<\/div>\n\t\t<\/section>\n\t\t\t\t<section class=\"elementor-section elementor-top-section elementor-element elementor-element-2018895 elementor-section-full_width elementor-section-height-default elementor-section-height-default\" data-id=\"2018895\" data-element_type=\"section\" data-settings=\"{&quot;background_background&quot;:&quot;classic&quot;}\">\n\t\t\t\t\t\t<div class=\"elementor-container elementor-column-gap-no\">\n\t\t\t\t\t\t\t<div class=\"elementor-row\">\n\t\t\t\t\t<div class=\"elementor-column elementor-col-50 elementor-top-column elementor-element elementor-element-e92b8a2 animate_black\" data-id=\"e92b8a2\" data-element_type=\"column\" data-settings=\"{&quot;background_background&quot;:&quot;classic&quot;}\">\n\t\t\t<div class=\"elementor-column-wrap\">\n\t\t\t\t\t\t\t<div class=\"elementor-widget-wrap\">\n\t\t\t\t\t\t\t\t<\/div>\n\t\t\t\t\t<\/div>\n\t\t<\/div>\n\t\t\t\t<div class=\"elementor-column elementor-col-50 elementor-top-column elementor-element elementor-element-e6bc945 animate_pink\" data-id=\"e6bc945\" data-element_type=\"column\" data-settings=\"{&quot;background_background&quot;:&quot;classic&quot;}\">\n\t\t\t<div class=\"elementor-column-wrap\">\n\t\t\t\t\t\t\t<div class=\"elementor-widget-wrap\">\n\t\t\t\t\t\t\t\t<\/div>\n\t\t\t\t\t<\/div>\n\t\t<\/div>\n\t\t\t\t\t\t\t\t<\/div>\n\t\t\t\t\t<\/div>\n\t\t<\/section>\n\t\t\t\t<section class=\"elementor-section elementor-top-section elementor-element elementor-element-41a9a18 elementor-section-full_width elementor-section-height-default elementor-section-height-default\" data-id=\"41a9a18\" data-element_type=\"section\">\n\t\t\t\t\t\t<div class=\"elementor-container elementor-column-gap-no\">\n\t\t\t\t\t\t\t<div class=\"elementor-row\">\n\t\t\t\t\t<div class=\"elementor-column elementor-col-100 elementor-top-column elementor-element elementor-element-8f3a641\" data-id=\"8f3a641\" data-element_type=\"column\">\n\t\t\t<div class=\"elementor-column-wrap elementor-element-populated\">\n\t\t\t\t\t\t\t<div class=\"elementor-widget-wrap\">\n\t\t\t\t\t\t<section class=\"elementor-section elementor-inner-section elementor-element elementor-element-9986eca elementor-section-full_width elementor-hidden-phone elementor-section-height-default elementor-section-height-default\" data-id=\"9986eca\" data-element_type=\"section\">\n\t\t\t\t\t\t<div class=\"elementor-container elementor-column-gap-no\">\n\t\t\t\t\t\t\t<div class=\"elementor-row\">\n\t\t\t\t\t<div class=\"elementor-column elementor-col-100 elementor-inner-column elementor-element elementor-element-0332182\" data-id=\"0332182\" data-element_type=\"column\">\n\t\t\t<div class=\"elementor-column-wrap elementor-element-populated\">\n\t\t\t\t\t\t\t<div class=\"elementor-widget-wrap\">\n\t\t\t\t\t\t<div class=\"elementor-element elementor-element-dff5d88 elementor-widget elementor-widget-image\" data-id=\"dff5d88\" data-element_type=\"widget\" data-widget_type=\"image.default\">\n\t\t\t\t<div class=\"elementor-widget-container\">\n\t\t\t\t\t\t\t\t<div class=\"elementor-image\">\n\t\t\t\t\t\t\t\t\t\t\t\t<img width=\"1920\" height=\"700\" src=\"https:\/\/wowtea.eu\/hu\/files\/2020\/08\/Banner_Site_food_plan_HU.jpg\" class=\"attachment-full size-full wp-image-84497\" alt=\"|\" loading=\"lazy\" srcset=\"https:\/\/wowtea.eu\/hu\/files\/2020\/08\/Banner_Site_food_plan_HU.jpg 1920w, https:\/\/wowtea.eu\/hu\/files\/2020\/08\/Banner_Site_food_plan_HU-300x109.jpg 300w, https:\/\/wowtea.eu\/hu\/files\/2020\/08\/Banner_Site_food_plan_HU-1024x373.jpg 1024w, https:\/\/wowtea.eu\/hu\/files\/2020\/08\/Banner_Site_food_plan_HU-768x280.jpg 768w, https:\/\/wowtea.eu\/hu\/files\/2020\/08\/Banner_Site_food_plan_HU-1536x560.jpg 1536w, https:\/\/wowtea.eu\/hu\/files\/2020\/08\/Banner_Site_food_plan_HU-600x219.jpg 600w\" sizes=\"(max-width: 1920px) 100vw, 1920px\" title=\"|\">\t\t\t\t\t\t\t\t\t\t\t\t\t\t<\/div>\n\t\t\t\t\t\t<\/div>\n\t\t\t\t<\/div>\n\t\t\t\t\t\t<\/div>\n\t\t\t\t\t<\/div>\n\t\t<\/div>\n\t\t\t\t\t\t\t\t<\/div>\n\t\t\t\t\t<\/div>\n\t\t<\/section>\n\t\t\t\t<section class=\"elementor-section elementor-inner-section elementor-element elementor-element-c267d23 elementor-section-full_width elementor-hidden-desktop elementor-hidden-tablet elementor-section-height-default elementor-section-height-default\" data-id=\"c267d23\" data-element_type=\"section\">\n\t\t\t\t\t\t<div class=\"elementor-container elementor-column-gap-no\">\n\t\t\t\t\t\t\t<div class=\"elementor-row\">\n\t\t\t\t\t<div class=\"elementor-column elementor-col-100 elementor-inner-column elementor-element elementor-element-1cbff00\" data-id=\"1cbff00\" data-element_type=\"column\">\n\t\t\t<div class=\"elementor-column-wrap elementor-element-populated\">\n\t\t\t\t\t\t\t<div class=\"elementor-widget-wrap\">\n\t\t\t\t\t\t<div class=\"elementor-element elementor-element-b4c7aed elementor-widget elementor-widget-image\" data-id=\"b4c7aed\" data-element_type=\"widget\" data-widget_type=\"image.default\">\n\t\t\t\t<div class=\"elementor-widget-container\">\n\t\t\t\t\t\t\t\t<div class=\"elementor-image\">\n\t\t\t\t\t\t\t\t\t\t\t\t<img width=\"460\" height=\"900\" src=\"https:\/\/wowtea.eu\/hu\/files\/2020\/12\/Mobile_HU.jpg\" class=\"attachment-full size-full wp-image-84665\" alt=\"|\" loading=\"lazy\" srcset=\"https:\/\/wowtea.eu\/hu\/files\/2020\/12\/Mobile_HU.jpg 460w, https:\/\/wowtea.eu\/hu\/files\/2020\/12\/Mobile_HU-153x300.jpg 153w\" sizes=\"(max-width: 460px) 100vw, 460px\" title=\"|\">\t\t\t\t\t\t\t\t\t\t\t\t\t\t<\/div>\n\t\t\t\t\t\t<\/div>\n\t\t\t\t<\/div>\n\t\t\t\t\t\t<\/div>\n\t\t\t\t\t<\/div>\n\t\t<\/div>\n\t\t\t\t\t\t\t\t<\/div>\n\t\t\t\t\t<\/div>\n\t\t<\/section>\n\t\t\t\t\t\t<\/div>\n\t\t\t\t\t<\/div>\n\t\t<\/div>\n\t\t\t\t\t\t\t\t<\/div>\n\t\t\t\t\t<\/div>\n\t\t<\/section>\n\t\t\t\t<section class=\"elementor-section elementor-top-section elementor-element elementor-element-49f0e7a elementor-section-full_width elementor-section-height-default elementor-section-height-default\" data-id=\"49f0e7a\" data-element_type=\"section\" data-settings=\"{&quot;background_background&quot;:&quot;classic&quot;}\">\n\t\t\t\t\t\t<div class=\"elementor-container elementor-column-gap-no\">\n\t\t\t\t\t\t\t<div class=\"elementor-row\">\n\t\t\t\t\t<div class=\"elementor-column elementor-col-50 elementor-top-column elementor-element elementor-element-cbdedd5 animate_pink\" data-id=\"cbdedd5\" data-element_type=\"column\" data-settings=\"{&quot;background_background&quot;:&quot;classic&quot;}\">\n\t\t\t<div class=\"elementor-column-wrap\">\n\t\t\t\t\t\t\t<div class=\"elementor-widget-wrap\">\n\t\t\t\t\t\t\t\t<\/div>\n\t\t\t\t\t<\/div>\n\t\t<\/div>\n\t\t\t\t<div class=\"elementor-column elementor-col-50 elementor-top-column elementor-element elementor-element-46cd1b8 animate_black\" data-id=\"46cd1b8\" data-element_type=\"column\" data-settings=\"{&quot;background_background&quot;:&quot;classic&quot;}\">\n\t\t\t<div class=\"elementor-column-wrap\">\n\t\t\t\t\t\t\t<div class=\"elementor-widget-wrap\">\n\t\t\t\t\t\t\t\t<\/div>\n\t\t\t\t\t<\/div>\n\t\t<\/div>\n\t\t\t\t\t\t\t\t<\/div>\n\t\t\t\t\t<\/div>\n\t\t<\/section>\n\t\t\t\t<section class=\"elementor-section elementor-top-section elementor-element elementor-element-4aa95a0 elementor-section-boxed elementor-section-height-default elementor-section-height-default\" data-id=\"4aa95a0\" data-element_type=\"section\">\n\t\t\t\t\t\t<div class=\"elementor-container elementor-column-gap-default\">\n\t\t\t\t\t\t\t<div class=\"elementor-row\">\n\t\t\t\t\t<div class=\"elementor-column elementor-col-100 elementor-top-column elementor-element elementor-element-81eb418\" data-id=\"81eb418\" data-element_type=\"column\">\n\t\t\t<div class=\"elementor-column-wrap elementor-element-populated\">\n\t\t\t\t\t\t\t<div class=\"elementor-widget-wrap\">\n\t\t\t\t\t\t<div class=\"elementor-element elementor-element-225e09d elementor-widget elementor-widget-text-editor\" data-id=\"225e09d\" data-element_type=\"widget\" data-widget_type=\"text-editor.default\">\n\t\t\t\t<div class=\"elementor-widget-container\">\n\t\t\t\t\t\t\t\t<div class=\"elementor-text-editor elementor-clearfix\">\n\t\t\t\t<h2>MEG\u00c9RKEZETT A WOW TEA-HOZ AZ \u00daJ PR\u00c9MIUM TE\u00c1S \u00dcVEG!<\/h2>\t\t\t\t\t<\/div>\n\t\t\t\t\t\t<\/div>\n\t\t\t\t<\/div>\n\t\t\t\t<div class=\"elementor-element elementor-element-2698f50 elementor-widget elementor-widget-video\" data-id=\"2698f50\" data-element_type=\"widget\" data-settings=\"{&quot;youtube_url&quot;:&quot;https:\\\/\\\/www.youtube.com\\\/watch?v=w9gSo_0anLk&quot;,&quot;show_image_overlay&quot;:&quot;yes&quot;,&quot;image_overlay&quot;:{&quot;url&quot;:&quot;https:\\\/\\\/wowtea.eu\\\/hu\\\/wp-content\\\/uploads\\\/2020\\\/08\\\/bottle-video-placeholder.jpg&quot;,&quot;id&quot;:&quot;72296&quot;,&quot;size&quot;:&quot;&quot;},&quot;lazy_load&quot;:&quot;yes&quot;,&quot;video_type&quot;:&quot;youtube&quot;,&quot;controls&quot;:&quot;yes&quot;}\" data-widget_type=\"video.default\">\n\t\t\t\t<div class=\"elementor-widget-container\">\n\t\t\t\t\t<div class=\"elementor-wrapper elementor-open-inline\">\n\t\t\t<div class=\"elementor-video\"><\/div>\t\t\t\t<div class=\"elementor-custom-embed-image-overlay\" style=\"background-image: url(https:\/\/wowtea.eu\/hu\/files\/2020\/08\/bottle-video-placeholder-1024x631.jpg);\">\n\t\t\t\t\t\t\t\t\t\t\t\t\t\t\t\t<div class=\"elementor-custom-embed-play\" role=\"button\" aria-label=\"Vide\u00f3 lej\u00e1tsz\u00e1sa\" tabindex=\"0\">\n\t\t\t\t\t\t\t<i aria-hidden=\"true\" class=\"eicon-play\"><\/i>\t\t\t\t\t\t\t<span class=\"elementor-screen-only\">Vide\u00f3 lej\u00e1tsz\u00e1sa<\/span>\n\t\t\t\t\t\t<\/div>\n\t\t\t\t\t\t\t\t\t<\/div>\n\t\t\t\t\t<\/div>\n\t\t\t\t<\/div>\n\t\t\t\t<\/div>\n\t\t\t\t\t\t<\/div>\n\t\t\t\t\t<\/div>\n\t\t<\/div>\n\t\t\t\t\t\t\t\t<\/div>\n\t\t\t\t\t<\/div>\n\t\t<\/section>\n\t\t\t\t<section class=\"elementor-section elementor-top-section elementor-element elementor-element-47ab9f2 elementor-section-boxed elementor-section-height-default elementor-section-height-default\" data-id=\"47ab9f2\" data-element_type=\"section\" data-settings=\"{&quot;background_background&quot;:&quot;classic&quot;}\">\n\t\t\t\t\t\t<div class=\"elementor-container elementor-column-gap-default\">\n\t\t\t\t\t\t\t<div class=\"elementor-row\">\n\t\t\t\t\t<div class=\"elementor-column elementor-col-100 elementor-top-column elementor-element elementor-element-6a16a9b\" data-id=\"6a16a9b\" data-element_type=\"column\">\n\t\t\t<div class=\"elementor-column-wrap elementor-element-populated\">\n\t\t\t\t\t\t\t<div class=\"elementor-widget-wrap\">\n\t\t\t\t\t\t<div class=\"elementor-element elementor-element-38bcce2 elementor-widget elementor-widget-text-editor\" data-id=\"38bcce2\" data-element_type=\"widget\" data-widget_type=\"text-editor.default\">\n\t\t\t\t<div class=\"elementor-widget-container\">\n\t\t\t\t\t\t\t\t<div class=\"elementor-text-editor elementor-clearfix\">\n\t\t\t\t<h2>\u00c9LVEZD AZ AROMAGAZDAGS\u00c1GOT \u00c9S K\u00d3STOLD MEG A SEG\u00cdTS\u00c9G\u00c9VEL:<\/h2>\t\t\t\t\t<\/div>\n\t\t\t\t\t\t<\/div>\n\t\t\t\t<\/div>\n\t\t\t\t<div class=\"elementor-element elementor-element-fad1315 elementor-widget elementor-widget-image\" data-id=\"fad1315\" data-element_type=\"widget\" data-widget_type=\"image.default\">\n\t\t\t\t<div class=\"elementor-widget-container\">\n\t\t\t\t\t\t\t\t<div class=\"elementor-image\">\n\t\t\t\t\t\t\t\t\t\t\t\t<img width=\"449\" height=\"586\" src=\"https:\/\/wowtea.eu\/hu\/files\/2020\/08\/NEW-Bottle-Product-Page-_16.jpg\" class=\"attachment-large size-large wp-image-84498\" alt=\"|\" loading=\"lazy\" srcset=\"https:\/\/wowtea.eu\/hu\/files\/2020\/08\/NEW-Bottle-Product-Page-_16.jpg 449w, https:\/\/wowtea.eu\/hu\/files\/2020\/08\/NEW-Bottle-Product-Page-_16-230x300.jpg 230w\" sizes=\"(max-width: 449px) 100vw, 449px\" title=\"|\">\t\t\t\t\t\t\t\t\t\t\t\t\t\t<\/div>\n\t\t\t\t\t\t<\/div>\n\t\t\t\t<\/div>\n\t\t\t\t\t\t<\/div>\n\t\t\t\t\t<\/div>\n\t\t<\/div>\n\t\t\t\t\t\t\t\t<\/div>\n\t\t\t\t\t<\/div>\n\t\t<\/section>\n\t\t\t\t<section class=\"elementor-section elementor-top-section elementor-element elementor-element-fff2e09 elementor-section-boxed elementor-section-height-default elementor-section-height-default\" data-id=\"fff2e09\" data-element_type=\"section\">\n\t\t\t\t\t\t<div class=\"elementor-container elementor-column-gap-default\">\n\t\t\t\t\t\t\t<div class=\"elementor-row\">\n\t\t\t\t\t<div class=\"elementor-column elementor-col-100 elementor-top-column elementor-element elementor-element-c7efc6e\" data-id=\"c7efc6e\" data-element_type=\"column\">\n\t\t\t<div class=\"elementor-column-wrap elementor-element-populated\">\n\t\t\t\t\t\t\t<div class=\"elementor-widget-wrap\">\n\t\t\t\t\t\t<div class=\"elementor-element elementor-element-531b26d elementor-widget elementor-widget-text-editor\" data-id=\"531b26d\" data-element_type=\"widget\" data-widget_type=\"text-editor.default\">\n\t\t\t\t<div class=\"elementor-widget-container\">\n\t\t\t\t\t\t\t\t<div class=\"elementor-text-editor elementor-clearfix\">\n\t\t\t\t<h2><span style=\"color: #1b1919\">K\u00d6NNY\u0170 \u00c9S K\u00c9NYELMES<\/span><\/h2>\t\t\t\t\t<\/div>\n\t\t\t\t\t\t<\/div>\n\t\t\t\t<\/div>\n\t\t\t\t\t\t<\/div>\n\t\t\t\t\t<\/div>\n\t\t<\/div>\n\t\t\t\t\t\t\t\t<\/div>\n\t\t\t\t\t<\/div>\n\t\t<\/section>\n\t\t\t\t<section class=\"elementor-section elementor-top-section elementor-element elementor-element-9ace742 elementor-section-boxed elementor-section-height-default elementor-section-height-default\" data-id=\"9ace742\" data-element_type=\"section\">\n\t\t\t\t\t\t<div class=\"elementor-container elementor-column-gap-default\">\n\t\t\t\t\t\t\t<div class=\"elementor-row\">\n\t\t\t\t\t<div class=\"elementor-column elementor-col-33 elementor-top-column elementor-element elementor-element-af6789d\" data-id=\"af6789d\" data-element_type=\"column\">\n\t\t\t<div class=\"elementor-column-wrap elementor-element-populated\">\n\t\t\t\t\t\t\t<div class=\"elementor-widget-wrap\">\n\t\t\t\t\t\t<div class=\"elementor-element elementor-element-2eda5c3 elementor-widget elementor-widget-image\" data-id=\"2eda5c3\" data-element_type=\"widget\" data-widget_type=\"image.default\">\n\t\t\t\t<div class=\"elementor-widget-container\">\n\t\t\t\t\t\t\t\t<div class=\"elementor-image\">\n\t\t\t\t\t\t\t\t\t\t\t\t<img width=\"400\" height=\"400\" src=\"https:\/\/wowtea.eu\/hu\/files\/2020\/08\/easy-to-grip.jpg\" class=\"attachment-large size-large wp-image-72299\" alt=\"easy-to-grip\" loading=\"lazy\" srcset=\"https:\/\/wowtea.eu\/hu\/files\/2020\/08\/easy-to-grip.jpg 400w, https:\/\/wowtea.eu\/hu\/files\/2020\/08\/easy-to-grip-300x300.jpg 300w, https:\/\/wowtea.eu\/hu\/files\/2020\/08\/easy-to-grip-150x150.jpg 150w, https:\/\/wowtea.eu\/hu\/files\/2020\/08\/easy-to-grip-100x100.jpg 100w\" sizes=\"(max-width: 400px) 100vw, 400px\" title=\"|\">\t\t\t\t\t\t\t\t\t\t\t\t\t\t<\/div>\n\t\t\t\t\t\t<\/div>\n\t\t\t\t<\/div>\n\t\t\t\t<div class=\"elementor-element elementor-element-4f713b9 elementor-widget elementor-widget-heading\" data-id=\"4f713b9\" data-element_type=\"widget\" data-widget_type=\"heading.default\">\n\t\t\t\t<div class=\"elementor-widget-container\">\n\t\t\t<span class=\"elementor-heading-title elementor-size-default\">\u041a\u00f6nny\u0171 megfogni\n<\/span>\t\t<\/div>\n\t\t\t\t<\/div>\n\t\t\t\t\t\t<\/div>\n\t\t\t\t\t<\/div>\n\t\t<\/div>\n\t\t\t\t<div class=\"elementor-column elementor-col-33 elementor-top-column elementor-element elementor-element-0114fec\" data-id=\"0114fec\" data-element_type=\"column\">\n\t\t\t<div class=\"elementor-column-wrap elementor-element-populated\">\n\t\t\t\t\t\t\t<div class=\"elementor-widget-wrap\">\n\t\t\t\t\t\t<div class=\"elementor-element elementor-element-df62612 elementor-widget elementor-widget-image\" data-id=\"df62612\" data-element_type=\"widget\" data-widget_type=\"image.default\">\n\t\t\t\t<div class=\"elementor-widget-container\">\n\t\t\t\t\t\t\t\t<div class=\"elementor-image\">\n\t\t\t\t\t\t\t\t\t\t\t\t<img width=\"400\" height=\"400\" src=\"https:\/\/wowtea.eu\/hu\/files\/2020\/08\/high-quality-glass.jpg\" class=\"attachment-large size-large wp-image-72300\" alt=\"high-quality-glass\" loading=\"lazy\" srcset=\"https:\/\/wowtea.eu\/hu\/files\/2020\/08\/high-quality-glass.jpg 400w, https:\/\/wowtea.eu\/hu\/files\/2020\/08\/high-quality-glass-300x300.jpg 300w, https:\/\/wowtea.eu\/hu\/files\/2020\/08\/high-quality-glass-150x150.jpg 150w, https:\/\/wowtea.eu\/hu\/files\/2020\/08\/high-quality-glass-100x100.jpg 100w\" sizes=\"(max-width: 400px) 100vw, 400px\" title=\"|\">\t\t\t\t\t\t\t\t\t\t\t\t\t\t<\/div>\n\t\t\t\t\t\t<\/div>\n\t\t\t\t<\/div>\n\t\t\t\t<div class=\"elementor-element elementor-element-31bcedd elementor-widget elementor-widget-heading\" data-id=\"31bcedd\" data-element_type=\"widget\" data-widget_type=\"heading.default\">\n\t\t\t\t<div class=\"elementor-widget-container\">\n\t\t\t<span class=\"elementor-heading-title elementor-size-default\">Magas min\u0151s\u00e9g\u0171 b\u00f3rszilik\u00e1t \u00fcveg<\/span>\t\t<\/div>\n\t\t\t\t<\/div>\n\t\t\t\t\t\t<\/div>\n\t\t\t\t\t<\/div>\n\t\t<\/div>\n\t\t\t\t<div class=\"elementor-column elementor-col-33 elementor-top-column elementor-element elementor-element-13569ff\" data-id=\"13569ff\" data-element_type=\"column\">\n\t\t\t<div class=\"elementor-column-wrap elementor-element-populated\">\n\t\t\t\t\t\t\t<div class=\"elementor-widget-wrap\">\n\t\t\t\t\t\t<div class=\"elementor-element elementor-element-711a1ca elementor-widget elementor-widget-image\" data-id=\"711a1ca\" data-element_type=\"widget\" data-widget_type=\"image.default\">\n\t\t\t\t<div class=\"elementor-widget-container\">\n\t\t\t\t\t\t\t\t<div class=\"elementor-image\">\n\t\t\t\t\t\t\t\t\t\t\t\t<img width=\"400\" height=\"400\" src=\"https:\/\/wowtea.eu\/hu\/files\/2020\/08\/easy-to-carry.jpg\" class=\"attachment-large size-large wp-image-72301\" alt=\"easy-to-carry\" loading=\"lazy\" srcset=\"https:\/\/wowtea.eu\/hu\/files\/2020\/08\/easy-to-carry.jpg 400w, https:\/\/wowtea.eu\/hu\/files\/2020\/08\/easy-to-carry-300x300.jpg 300w, https:\/\/wowtea.eu\/hu\/files\/2020\/08\/easy-to-carry-150x150.jpg 150w, https:\/\/wowtea.eu\/hu\/files\/2020\/08\/easy-to-carry-100x100.jpg 100w\" sizes=\"(max-width: 400px) 100vw, 400px\" title=\"|\">\t\t\t\t\t\t\t\t\t\t\t\t\t\t<\/div>\n\t\t\t\t\t\t<\/div>\n\t\t\t\t<\/div>\n\t\t\t\t<div class=\"elementor-element elementor-element-8d39b3d elementor-widget elementor-widget-heading\" data-id=\"8d39b3d\" data-element_type=\"widget\" data-widget_type=\"heading.default\">\n\t\t\t\t<div class=\"elementor-widget-container\">\n\t\t\t<span class=\"elementor-heading-title elementor-size-default\">K\u00f6nny\u0171 vinni<\/span>\t\t<\/div>\n\t\t\t\t<\/div>\n\t\t\t\t\t\t<\/div>\n\t\t\t\t\t<\/div>\n\t\t<\/div>\n\t\t\t\t\t\t\t\t<\/div>\n\t\t\t\t\t<\/div>\n\t\t<\/section>\n\t\t\t\t\t\t\t\t\t<\/div>\n\t\t\t<\/div>\n\t\t\t\t\t<\/div>\n\t\t","protected":false},"excerpt":{"rendered":"<p>Eleg\u00e1ns kan\u00e1l szett, teasz\u0171r\u0151 \u00e9s eleg\u00e1ns t\u00e1l. Tedd m\u00e9g \u00e9lvezetesebb\u00e9 az \u00e9lm\u00e9nyt.<\/p>\n<p>\u00c9lvezd az aromagazdags\u00e1got \u00e9s k\u00f3stold meg a \uf04a seg\u00edts\u00e9g\u00e9vel.<\/p>\n<p><span style=\"color: #d60057\"><strong>&#8211; Rendk\u00edv\u00fcl finom sz\u0171r\u0151<\/strong><\/span><br \/>\nSpeci\u00e1lisan magas min\u0151s\u00e9g\u0171 te\u00e1kra tervezve, megel\u0151zi, hogy a teaf\u0171 a te\u00e1ba ker\u00fclj\u00f6n, de minden f\u0151z\u00e9sn\u00e9l m\u00e9g intenz\u00edvebb az arom\u00e1ja.<br \/>\n<span style=\"color: #d60057\"><strong>-Magas min\u0151s\u00e9g\u0171 kivitelez\u00e9s<\/strong><\/span><br \/>\nA bronz bevonat\u00fa rozsdamentes ac\u00e9l biztos\u00edtja, hogy a sz\u0171r\u0151 nem v\u00e1ltoztatja meg a tea \u00edz\u00e9t, m\u00e9g t\u00f6bb \u00e9ves haszn\u00e1lat ut\u00e1n sem.<br \/>\n<span style=\"color: #d60057\"><strong>-K\u00f6nny\u0171 \u00e9s k\u00e9nyelmes<\/strong><\/span><br \/>\nTegy\u00e9l k\u00e9t te\u00e1skan\u00e1l teaf\u00fcvet a sz\u0171r\u0151be, forr\u00e1zd le \u00e9s hagyd \u00e1llni 10 percig. Vedd ki \u00e9s tedd a mini cs\u00e9szealjba, a term\u00e9k r\u00e9sze.<\/p>\n","protected":false},"featured_media":92769,"comment_status":"open","ping_status":"closed","template":"","meta":{"inline_featured_image":false},"product_cat":[15],"product_tag":[83],"acf":[],"variations_data":[],"free_delivery":false,"currency_name":"&#70;&#116;","regular_price":"9990","sale_price":"","price":"9990","image":"https:\/\/wowtea.eu\/hu\/files\/2021\/03\/black_bottle.png","_links":{"self":[{"href":"https:\/\/wowtea.eu\/hu\/wp-json\/wp\/v2\/product\/72626"}],"collection":[{"href":"https:\/\/wowtea.eu\/hu\/wp-json\/wp\/v2\/product"}],"about":[{"href":"https:\/\/wowtea.eu\/hu\/wp-json\/wp\/v2\/types\/product"}],"replies":[{"embeddable":true,"href":"https:\/\/wowtea.eu\/hu\/wp-json\/wp\/v2\/comments?post=72626"}],"version-history":[{"count":2,"href":"https:\/\/wowtea.eu\/hu\/wp-json\/wp\/v2\/product\/72626\/revisions"}],"predecessor-version":[{"id":278711,"href":"https:\/\/wowtea.eu\/hu\/wp-json\/wp\/v2\/product\/72626\/revisions\/278711"}],"wp:featuredmedia":[{"embeddable":true,"href":"https:\/\/wowtea.eu\/hu\/wp-json\/wp\/v2\/media\/92769"}],"wp:attachment":[{"href":"https:\/\/wowtea.eu\/hu\/wp-json\/wp\/v2\/media?parent=72626"}],"wp:term":[{"taxonomy":"product_cat","embeddable":true,"href":"https:\/\/wowtea.eu\/hu\/wp-json\/wp\/v2\/product_cat?post=72626"},{"taxonomy":"product_tag","embeddable":true,"href":"https:\/\/wowtea.eu\/hu\/wp-json\/wp\/v2\/product_tag?post=72626"}],"curies":[{"name":"wp","href":"https:\/\/api.w.org\/{rel}","templated":true}]}}