{"id":85518,"date":"2021-01-15T10:14:27","date_gmt":"2021-01-15T09:14:27","guid":{"rendered":"https:\/\/wowtea.eu\/hu\/?post_type=product&#038;p=85518"},"modified":"2024-08-01T13:44:04","modified_gmt":"2024-08-01T11:44:04","slug":"ultimate-booty-workouts-digital-edition","status":"publish","type":"product","link":"https:\/\/wowtea.eu\/hu\/product\/ultimate-booty-workouts-digital-edition\/","title":{"rendered":"Ingyenes edz\u00e9sterv a form\u00e1s popsi\u00e9rt \u2013 digital edition"},"content":{"rendered":"","protected":false},"excerpt":{"rendered":"","protected":false},"featured_media":85519,"comment_status":"open","ping_status":"closed","template":"","meta":{"inline_featured_image":false},"product_cat":[308],"product_tag":[],"acf":[],"variations_data":[],"free_delivery":false,"currency_name":"&#70;&#116;","regular_price":"12500","sale_price":"0","price":"0","image":"https:\/\/wowtea.eu\/hu\/files\/2021\/01\/booty-bands-cart-1-1.jpg","_links":{"self":[{"href":"https:\/\/wowtea.eu\/hu\/wp-json\/wp\/v2\/product\/85518"}],"collection":[{"href":"https:\/\/wowtea.eu\/hu\/wp-json\/wp\/v2\/product"}],"about":[{"href":"https:\/\/wowtea.eu\/hu\/wp-json\/wp\/v2\/types\/product"}],"replies":[{"embeddable":true,"href":"https:\/\/wowtea.eu\/hu\/wp-json\/wp\/v2\/comments?post=85518"}],"version-history":[{"count":2,"href":"https:\/\/wowtea.eu\/hu\/wp-json\/wp\/v2\/product\/85518\/revisions"}],"predecessor-version":[{"id":210621,"href":"https:\/\/wowtea.eu\/hu\/wp-json\/wp\/v2\/product\/85518\/revisions\/210621"}],"wp:featuredmedia":[{"embeddable":true,"href":"https:\/\/wowtea.eu\/hu\/wp-json\/wp\/v2\/media\/85519"}],"wp:attachment":[{"href":"https:\/\/wowtea.eu\/hu\/wp-json\/wp\/v2\/media?parent=85518"}],"wp:term":[{"taxonomy":"product_cat","embeddable":true,"href":"https:\/\/wowtea.eu\/hu\/wp-json\/wp\/v2\/product_cat?post=85518"},{"taxonomy":"product_tag","embeddable":true,"href":"https:\/\/wowtea.eu\/hu\/wp-json\/wp\/v2\/product_tag?post=85518"}],"curies":[{"name":"wp","href":"https:\/\/api.w.org\/{rel}","templated":true}]}}