{"id":108377,"date":"2021-08-16T14:57:59","date_gmt":"2021-08-16T12:57:59","guid":{"rendered":"https:\/\/wowtea.eu\/it\/?page_id=108377"},"modified":"2025-12-23T12:46:55","modified_gmt":"2025-12-23T11:46:55","slug":"consegna","status":"publish","type":"page","link":"https:\/\/wowtea.eu\/it\/consegna\/","title":{"rendered":"Consegna"},"content":{"rendered":"\t\t<div data-elementor-type=\"wp-page\" data-elementor-id=\"108377\" class=\"elementor elementor-108377\">\n\t\t\t\t\t\t<div class=\"elementor-inner\">\n\t\t\t\t<div class=\"elementor-section-wrap\">\n\t\t\t\t\t\t\t\t\t<section class=\"elementor-section elementor-top-section elementor-element elementor-element-99e6bb4 elementor-section-boxed elementor-section-height-default elementor-section-height-default\" data-id=\"99e6bb4\" data-element_type=\"section\">\n\t\t\t\t\t\t<div class=\"elementor-container elementor-column-gap-default\">\n\t\t\t\t\t\t\t<div class=\"elementor-row\">\n\t\t\t\t\t<div class=\"elementor-column elementor-col-100 elementor-top-column elementor-element elementor-element-5c349d0\" data-id=\"5c349d0\" data-element_type=\"column\">\n\t\t\t<div class=\"elementor-column-wrap elementor-element-populated\">\n\t\t\t\t\t\t\t<div class=\"elementor-widget-wrap\">\n\t\t\t\t\t\t<div class=\"elementor-element elementor-element-9b442f0 elementor-widget elementor-widget-heading\" data-id=\"9b442f0\" data-element_type=\"widget\" data-widget_type=\"heading.default\">\n\t\t\t\t<div class=\"elementor-widget-container\">\n\t\t\t<h2 class=\"elementor-heading-title elementor-size-default\">Consegna<\/h2>\t\t<\/div>\n\t\t\t\t<\/div>\n\t\t\t\t\t\t<\/div>\n\t\t\t\t\t<\/div>\n\t\t<\/div>\n\t\t\t\t\t\t\t\t<\/div>\n\t\t\t\t\t<\/div>\n\t\t<\/section>\n\t\t\t\t<section class=\"elementor-section elementor-top-section elementor-element elementor-element-f9db316 elementor-section-boxed elementor-section-height-default elementor-section-height-default\" data-id=\"f9db316\" data-element_type=\"section\">\n\t\t\t\t\t\t<div class=\"elementor-container elementor-column-gap-default\">\n\t\t\t\t\t\t\t<div class=\"elementor-row\">\n\t\t\t\t\t<div class=\"elementor-column elementor-col-100 elementor-top-column elementor-element elementor-element-09709cc\" data-id=\"09709cc\" data-element_type=\"column\">\n\t\t\t<div class=\"elementor-column-wrap elementor-element-populated\">\n\t\t\t\t\t\t\t<div class=\"elementor-widget-wrap\">\n\t\t\t\t\t\t<div class=\"elementor-element elementor-element-1d969f0 elementor-widget elementor-widget-text-editor\" data-id=\"1d969f0\" data-element_type=\"widget\" data-widget_type=\"text-editor.default\">\n\t\t\t\t<div class=\"elementor-widget-container\">\n\t\t\t\t\t\t\t\t<div class=\"elementor-text-editor elementor-clearfix\">\n\t\t\t\t<p>69. Il venditore consegna la merce online ordinata tramite la societ\u00e0 di corriere GLS. Non \u00e8 responsabile se un ordine ha lo stato; consegnato; nella societ\u00e0 corriere e il cliente ha rivendicazioni su di esso. In tal caso, il cliente deve compilare una domanda di non aver ricevuto; ordine e inviarla ad ATOP ltd. affinch\u00e9;ultima avvii; indagine con la societ\u00e0 del corriere.<\/p><p>70. Il venditore effettua la consegna delle merci solo sul territorio della Repubblica d\u2019Italia.<br \/>70.1. Poich\u00e9 ATOP LLC \u00e8 una societ\u00e0 con sedenell\u2019UE e le spedizioni vengono inviate dal territorio dell\u2019UE, potrebbero essere imposte tasse specifiche al momento della consegna al cliente al di fuori dell\u2019UE. Resta responsabilit\u00e0 del cliente essere informato delle eventuali spese che potrebbero essere imposte alla dogana.<\/p><p>71. Le merci vendute sono accompagnate dai documenti necessari e con l\u2019imballaggio originale.<\/p><p>72. Il tempo di consegna \u00e8 compreso tra 1 e 3 giorni lavorativi. L\u2019eccezione \u00e8 il paragrafo 47.<\/p><p>72.1. Garantisce che il tuo ordine verr\u00e0 elaborato ed evaso con priorit\u00e0 prima del resto degli ordini. Tali ordini saranno anche elaborati ed evasi con priorit\u00e0 in caso di carenza di scorte. Questi ordini sono anche i primi adessere gestiti dal corriere per la consegna. ATOP LLC non sar\u00e0 ritenuta responsabile se il corriere ha ritardato la consegna dell\u2019ordine.<\/p><p>73. L\u2019importo per la consegna \u00e8 di 6.5 euro con IVA.*Eccezione fanno le isole minori, per le quali il costo della spedizione e\u2019 comunque 10 euro (senza Sardegna e Sicilia)<\/p><p>74. La fornitura di ordini contenenti prodotti per un valore superiore a 40 euro. (IVA inclusa) \u00e8 gratuito per il cliente. ** Eccezione fanno gli ordini del punto 73<\/p><p>75. I dettagli relativi ai termini per la consegna delle merci sono orientativi e il venditore non \u00e8 vincolato da essi per la consegna di una data specifica. Il Cliente non ha diritto ad alcun compenso in caso di consegna ritardata.<\/p><p>76. consegne vengono effettuate dal luned\u00ec al venerd\u00ec tra le 09.00 e le ore 18.00, ad eccezione dei giorni festivi. Eccezione pu\u00f2 essere fatta per i luoghi abitati con un programma di assistenza speciale.<\/p><p>77. Il giorno della consegna il cliente riceve un SMS e\/o un\u2019e-mail dal corriere che c\u2019\u00e8 una spedizione da ricevere. Se il cliente non viene reperito il giorno ed al luogo indicati, e non c\u2019\u00e8 nessun\u2019altra persona ad accettare la spedizione per lui \/ lei, Il corriere lascia una nota di aver visitato l\u2019indirizzo e dettagli per essere ricontattato. La spedizione viene recapitata all\u2019ufficio del corriere in attesa di richiesta. Se il giorno successivo il cliente non contatta il venditore o la societ\u00e0 di corriere, l\u2019ordine viene considerato nullo.<\/p><p>78. Il cliente ha la possibilit\u00e0 di aprire e ispezionare il contenuto della spedizione prima di pagare il corriere.<\/p><p>79. WOW Tea o un rappresentante del corriere devono informare il cliente per telefono o e-mail se si verificano circostanze impreviste che impediscono l\u2019esecuzione tempestiva della consegna.<\/p><p>80. Il cliente concorda sul fatto che l\u2019autenticazione per i beni ricevuti pu\u00f2 essere effettuata da una persona che, a seconda delle circostanze, si pu\u00f2 dedurre che trasmetter\u00e0 le informazioni al cliente \u2013 parte al contratto.<\/p><p>81. Il cliente puo\u2019controllare la merce al momento della consegna e del recapito da parte del venditore o del corriere e, in caso di discrepanze con l\u2019ordine, informare immediatamente il venditore.<\/p><p>82. Il rischio di perdita o danni alla merce acquistata passa sul cliente nel momento in cui il accettano la merce il cliente o un terzo da lui designato, diverso da quello scelto dalla WOW Tea azienda per i servizi di corriere.<\/p>\t\t\t\t\t<\/div>\n\t\t\t\t\t\t<\/div>\n\t\t\t\t<\/div>\n\t\t\t\t\t\t<\/div>\n\t\t\t\t\t<\/div>\n\t\t<\/div>\n\t\t\t\t\t\t\t\t<\/div>\n\t\t\t\t\t<\/div>\n\t\t<\/section>\n\t\t\t\t\t\t\t\t\t<\/div>\n\t\t\t<\/div>\n\t\t\t\t\t<\/div>\n\t\t","protected":false},"excerpt":{"rendered":"<p>Consegna 69. Il venditore consegna la merce online ordinata tramite la societ\u00e0 di corriere GLS. Non \u00e8 responsabile se un ordine ha lo stato; consegnato; nella societ\u00e0 corriere e il cliente ha rivendicazioni su di esso. In tal caso, il cliente deve compilare una domanda di non aver ricevuto; ordine e inviarla ad ATOP ltd. affinch\u00e9;ultima avvii; indagine con la societ\u00e0 del corriere. 70. Il venditore effettua la consegna delle merci solo sul territorio della Repubblica d\u2019Italia.70.1. Poich\u00e9 ATOP LLC \u00e8 una societ\u00e0 con sedenell\u2019UE e le spedizioni vengono inviate dal territorio dell\u2019UE, potrebbero essere imposte tasse specifiche al momento [&hellip;]<\/p>\n","protected":false},"author":24,"featured_media":0,"parent":0,"menu_order":0,"comment_status":"closed","ping_status":"closed","template":"","meta":{"inline_featured_image":false},"acf":[],"_links":{"self":[{"href":"https:\/\/wowtea.eu\/it\/wp-json\/wp\/v2\/pages\/108377"}],"collection":[{"href":"https:\/\/wowtea.eu\/it\/wp-json\/wp\/v2\/pages"}],"about":[{"href":"https:\/\/wowtea.eu\/it\/wp-json\/wp\/v2\/types\/page"}],"author":[{"embeddable":true,"href":"https:\/\/wowtea.eu\/it\/wp-json\/wp\/v2\/users\/24"}],"replies":[{"embeddable":true,"href":"https:\/\/wowtea.eu\/it\/wp-json\/wp\/v2\/comments?post=108377"}],"version-history":[{"count":10,"href":"https:\/\/wowtea.eu\/it\/wp-json\/wp\/v2\/pages\/108377\/revisions"}],"predecessor-version":[{"id":167412,"href":"https:\/\/wowtea.eu\/it\/wp-json\/wp\/v2\/pages\/108377\/revisions\/167412"}],"wp:attachment":[{"href":"https:\/\/wowtea.eu\/it\/wp-json\/wp\/v2\/media?parent=108377"}],"curies":[{"name":"wp","href":"https:\/\/api.w.org\/{rel}","templated":true}]}}