{"id":127065,"date":"2025-06-19T14:23:11","date_gmt":"2025-06-19T11:23:11","guid":{"rendered":"https:\/\/wowtea.eu\/lt\/?post_type=product&#038;p=127065"},"modified":"2026-04-01T01:26:48","modified_gmt":"2026-03-31T22:26:48","slug":"infusion-collection","status":"publish","type":"product","link":"https:\/\/wowtea.eu\/lt\/product\/infusion-collection\/","title":{"rendered":"Infusion Drops Collection"},"content":{"rendered":"\t\t<div data-elementor-type=\"product-post\" data-elementor-id=\"127065\" class=\"elementor elementor-127065\">\n\t\t\t\t\t\t<div class=\"elementor-inner\">\n\t\t\t\t<div class=\"elementor-section-wrap\">\n\t\t\t\t\t\t\t\t\t<section class=\"elementor-section elementor-top-section elementor-element elementor-element-09899db elementor-section-boxed elementor-section-height-default elementor-section-height-default\" data-id=\"09899db\" data-element_type=\"section\">\n\t\t\t\t\t\t<div class=\"elementor-container elementor-column-gap-no\">\n\t\t\t\t\t\t\t<div class=\"elementor-row\">\n\t\t\t\t\t<div class=\"elementor-column elementor-col-100 elementor-top-column elementor-element elementor-element-884c91a\" data-id=\"884c91a\" data-element_type=\"column\">\n\t\t\t<div class=\"elementor-column-wrap elementor-element-populated\">\n\t\t\t\t\t\t\t<div class=\"elementor-widget-wrap\">\n\t\t\t\t\t\t<div class=\"elementor-element elementor-element-6691b1c elementor-widget elementor-widget-custom_title\" data-id=\"6691b1c\" data-element_type=\"widget\" data-widget_type=\"custom_title.default\">\n\t\t\t\t<div class=\"elementor-widget-container\">\n\t\t\t      <!-- border_title center_border -->\n      \n               <div class=\"custom_title\" style=\"color: #FCC504\" >\n            <h2 class=\"title border_title center \"><span>Infusion Drops Collection<\/span> <\/h2>\n         <\/div>\n      \n\n   \t\t<\/div>\n\t\t\t\t<\/div>\n\t\t\t\t<div class=\"elementor-element elementor-element-22ccdd9 elementor-widget elementor-widget-text-editor\" data-id=\"22ccdd9\" data-element_type=\"widget\" data-widget_type=\"text-editor.default\">\n\t\t\t\t<div class=\"elementor-widget-container\">\n\t\t\t\t\t\t\t\t<div class=\"elementor-text-editor elementor-clearfix\">\n\t\t\t\t<p>K\u0105 galite gauti d\u0117\u017eut\u0117je<\/p>\t\t\t\t\t<\/div>\n\t\t\t\t\t\t<\/div>\n\t\t\t\t<\/div>\n\t\t\t\t<div class=\"elementor-element elementor-element-7fc17e7 elementor-widget elementor-widget-pp-info-box-carousel\" data-id=\"7fc17e7\" data-element_type=\"widget\" data-settings=\"{&quot;equal_height_boxes&quot;:&quot;yes&quot;}\" data-widget_type=\"pp-info-box-carousel.default\">\n\t\t\t\t<div class=\"elementor-widget-container\">\n\t\t\t\t\t<div class=\"swiper-container-wrap pp-info-box-carousel-wrap swiper-container-wrap-dots-outside\">\n\t\t\t<div class=\"pp-info-box pp-info-box-carousel swiper-container swiper-container-7fc17e7\" data-pagination=\".swiper-pagination-7fc17e7\" data-arrow-next=\".swiper-button-next-7fc17e7\" data-arrow-prev=\".swiper-button-prev-7fc17e7\" data-slider-settings=\"{&quot;direction&quot;:&quot;horizontal&quot;,&quot;effect&quot;:&quot;slide&quot;,&quot;speed&quot;:600,&quot;slidesPerView&quot;:3,&quot;spaceBetween&quot;:35,&quot;grabCursor&quot;:false,&quot;autoHeight&quot;:true,&quot;loop&quot;:true,&quot;autoplay&quot;:{&quot;delay&quot;:999999,&quot;disableOnInteraction&quot;:false},&quot;pagination&quot;:{&quot;el&quot;:&quot;.swiper-pagination-7fc17e7&quot;,&quot;type&quot;:&quot;bullets&quot;,&quot;clickable&quot;:true},&quot;navigation&quot;:{&quot;nextEl&quot;:&quot;.swiper-button-next-7fc17e7&quot;,&quot;prevEl&quot;:&quot;.swiper-button-prev-7fc17e7&quot;},&quot;breakpoints&quot;:{&quot;1025&quot;:{&quot;slidesPerView&quot;:3,&quot;spaceBetween&quot;:35},&quot;768&quot;:{&quot;slidesPerView&quot;:2,&quot;spaceBetween&quot;:10},&quot;320&quot;:{&quot;slidesPerView&quot;:1,&quot;spaceBetween&quot;:10}}}\">\n\t\t\t\t<div class=\"swiper-wrapper\">\n\t\t\t\t\t\t\t\t\t<div class=\"swiper-slide\">\n\t\t\t\t\t\t<div class=\"pp-info-box-content-wrap\">\n\t\t\t\t\t\t\t\t\t\t\t\t\t\t\t\t\t\t\t\t\t\t<div class=\"pp-info-box-icon-wrap\">\n\t\t\t\t\t\t\t\t\t\t\t\t\t\t\t\t\t\t\t\t\t<span class=\"pp-info-box-icon pp-icon\">\n\t\t\t\t\t\t\t\t\t<img src=\"https:\/\/wowtea.eu\/lt\/files\/2025\/06\/Drops-Detox-upsale-x1-300x300.png\" alt=\"Drops-Detox-upsale-x1\" title=\"|\">\t\t\t\t\t\t\t<\/span>\n\t\t\t\t\t\t\t\t\t\t\t\t\t\t\t\t\t\t\t\t<\/div>\n\t\t\t\t\t\t\t\t\t\t\t\t\t\t<div class=\"pp-info-box-content\">\n\t\t\t\t\t\t\t\t<div class=\"pp-info-box-title-wrap\">\n\t\t\t\t\t\t\t\t\t<div class=\"pp-info-box-title-container\"><h2 class=\"pp-info-box-title\">Detox Tropicana Infusion Drops<\/h2><\/div>\t\t\t\t\t\t\t\t<\/div>\n\n\t\t\t\t\t\t\t\t\n\t\t\t\t\t\t\t\t\t\t\t\t\t\t\t\t\t<div class=\"pp-info-box-description\">\n\t\t\t\t\t\t\t\t\t\t<span style=\"text-align:left\">  <br \/>\n  <ul style=\"font-size:13px\"><br \/>\n    <li><i class=\"fas fa-check\" style=\"color: crimson\"><\/i> <b>Valymo detoksas<\/b><\/br><\/li><br \/>\n    <li><i class=\"fas fa-check\" style=\"color: crimson\"><\/i> <b>WaterOut efektas<\/b><\/br><\/li><br \/>\n    <li><i class=\"fas fa-check\" style=\"color: crimson\"><\/i> <b>Suma\u017eina pilvo p\u016btim\u0105<\/b><\/br><\/li><br \/>\n    <li><i class=\"fas fa-check\" style=\"color: crimson\"><\/i> <b>\u0160arminantis poveikis<\/b><\/br><\/li><br \/>\n    <li><i class=\"fas fa-check\" style=\"color: crimson\"><\/i> <b>I\u0161valo od\u0105<\/b><\/br><\/li><br \/>\n  <\/ul><br \/>\n<\/span><br \/>\n\t\t\t\t\t\t\t\t\t<\/div>\n\t\t\t\t\t\t\t\t\t\t\t\t\t\t\t\t\t\n\t\t\t\t\t\t\t\t\t\t\t\t\t\t\t\t\t\t\t\t\t\t\t<\/div>\n\t\t\t\t\t\t<\/div>\n\t\t\t\t\t<\/div>\n\t\t\t\t\t\t\t\t\t\t<div class=\"swiper-slide\">\n\t\t\t\t\t\t<div class=\"pp-info-box-content-wrap\">\n\t\t\t\t\t\t\t\t\t\t\t\t\t\t\t\t\t\t\t\t\t\t<div class=\"pp-info-box-icon-wrap\">\n\t\t\t\t\t\t\t\t\t\t\t\t\t\t\t\t\t\t\t\t\t<span class=\"pp-info-box-icon pp-icon\">\n\t\t\t\t\t\t\t\t\t<img src=\"https:\/\/wowtea.eu\/lt\/files\/2025\/06\/Drops-Slimfit-upsale-x1-300x300.png\" alt=\"Drops-Slimfit-upsale-x1\" title=\"|\">\t\t\t\t\t\t\t<\/span>\n\t\t\t\t\t\t\t\t\t\t\t\t\t\t\t\t\t\t\t\t<\/div>\n\t\t\t\t\t\t\t\t\t\t\t\t\t\t<div class=\"pp-info-box-content\">\n\t\t\t\t\t\t\t\t<div class=\"pp-info-box-title-wrap\">\n\t\t\t\t\t\t\t\t\t<div class=\"pp-info-box-title-container\"><h2 class=\"pp-info-box-title\">Slimfit Tropicana Infusion Drops<\/h2><\/div>\t\t\t\t\t\t\t\t<\/div>\n\n\t\t\t\t\t\t\t\t\n\t\t\t\t\t\t\t\t\t\t\t\t\t\t\t\t\t<div class=\"pp-info-box-description\">\n\t\t\t\t\t\t\t\t\t\t<span style=\"text-align:left\">  <br \/>\n  <ul style=\"font-size:13px\"><br \/>\n    <li><i class=\"fas fa-check\" style=\"color: crimson\"><\/i> <b>Suaktyvina med\u017eiag\u0173 apykait\u0105<\/b><\/br><\/li><br \/>\n    <li><i class=\"fas fa-check\" style=\"color: crimson\"><\/i> <b>Aktyvina riebal\u0173 deginim\u0105<\/b><\/br><\/li><br \/>\n    <li><i class=\"fas fa-check\" style=\"color: crimson\"><\/i> <b>WaterOut efektas<\/b><\/br><\/li><br \/>\n    <li><i class=\"fas fa-check\" style=\"color: crimson\"><\/i> <b>Pa\u0161alina pilvo p\u016btim\u0105<\/b><\/br><\/li><br \/>\n    <li><i class=\"fas fa-check\" style=\"color: crimson\"><\/i> <b>Suma\u017eina apetit\u0105 ir kalorij\u0173 suvartojim\u0105<\/b><\/br><\/li><br \/>\n  <\/ul><br \/>\n<\/span><br \/>\n\t\t\t\t\t\t\t\t\t<\/div>\n\t\t\t\t\t\t\t\t\t\t\t\t\t\t\t\t\t\n\t\t\t\t\t\t\t\t\t\t\t\t\t\t\t\t\t\t\t\t\t\t\t<\/div>\n\t\t\t\t\t\t<\/div>\n\t\t\t\t\t<\/div>\n\t\t\t\t\t\t\t\t\t\t<div class=\"swiper-slide\">\n\t\t\t\t\t\t<div class=\"pp-info-box-content-wrap\">\n\t\t\t\t\t\t\t\t\t\t\t\t\t\t\t\t\t\t\t\t\t\t<div class=\"pp-info-box-icon-wrap\">\n\t\t\t\t\t\t\t\t\t\t\t\t\t\t\t\t\t\t\t\t\t<span class=\"pp-info-box-icon pp-icon\">\n\t\t\t\t\t\t\t\t\t<img src=\"https:\/\/wowtea.eu\/lt\/files\/2025\/06\/Drops-Wellnesst-upsale-x1-300x300.png\" alt=\"Drops-Wellnesst-upsale-x1\" title=\"|\">\t\t\t\t\t\t\t<\/span>\n\t\t\t\t\t\t\t\t\t\t\t\t\t\t\t\t\t\t\t\t<\/div>\n\t\t\t\t\t\t\t\t\t\t\t\t\t\t<div class=\"pp-info-box-content\">\n\t\t\t\t\t\t\t\t<div class=\"pp-info-box-title-wrap\">\n\t\t\t\t\t\t\t\t\t<div class=\"pp-info-box-title-container\"><h2 class=\"pp-info-box-title\">Wellness Tropicana Infusion Drops<\/h2><\/div>\t\t\t\t\t\t\t\t<\/div>\n\n\t\t\t\t\t\t\t\t\n\t\t\t\t\t\t\t\t\t\t\t\t\t\t\t\t\t<div class=\"pp-info-box-description\">\n\t\t\t\t\t\t\t\t\t\t<span style=\"text-align:left\">  <br \/>\n  <ul style=\"font-size:13px\"><br \/>\n    <li><i class=\"fas fa-check\" style=\"color: crimson\"><\/i> <b>Ma\u017eina stres\u0105 ir ramina<\/b><\/br><\/li><br \/>\n    <li><i class=\"fas fa-check\" style=\"color: crimson\"><\/i> <b>Palaiko hormon\u0173 pusiausvyr\u0105<\/b><\/br><\/li><br \/>\n    <li><i class=\"fas fa-check\" style=\"color: crimson\"><\/i> <b>Stiprina imunitet\u0105<\/b><\/br><\/li><br \/>\n    <li><i class=\"fas fa-check\" style=\"color: crimson\"><\/i> <b>Antioksidacinis poveikis<\/b><\/br><\/li><br \/>\n    <li><i class=\"fas fa-check\" style=\"color: crimson\"><\/i> <b>Sveikatos ir ilgaam\u017ei\u0161kumo la\u0161eliai<\/b><\/br><\/li><br \/>\n  <\/ul><br \/>\n<\/span><br \/>\n\t\t\t\t\t\t\t\t\t<\/div>\n\t\t\t\t\t\t\t\t\t\t\t\t\t\t\t\t\t\n\t\t\t\t\t\t\t\t\t\t\t\t\t\t\t\t\t\t\t\t\t\t\t<\/div>\n\t\t\t\t\t\t<\/div>\n\t\t\t\t\t<\/div>\n\t\t\t\t\t\t\t\t\t<\/div>\n\t\t\t<\/div>\n\t\t\t\t\t\t<!-- Add Pagination -->\n\t\t\t<div class=\"swiper-pagination swiper-pagination-7fc17e7\"><\/div>\n\t\t\t\t\t\n\t\t\t\t\t\t\t<!-- Add Arrows -->\n\t\t\t\t<div class=\"swiper-button-prev swiper-button-prev-7fc17e7\">\n\t\t\t\t\t<i aria-hidden=\"true\" class=\"fas fa-caret-left\"><\/i>\n\t\t\t\t<\/div>\n\t\t\t\t<div class=\"swiper-button-next swiper-button-next-7fc17e7\">\n\t\t\t\t\t<i aria-hidden=\"true\" class=\"fas fa-caret-right\"><\/i>\n\t\t\t\t<\/div>\n\t\t\t\t\t\t\t\t<\/div>\n\t\t\t\t<\/div>\n\t\t\t\t<\/div>\n\t\t\t\t\t\t<\/div>\n\t\t\t\t\t<\/div>\n\t\t<\/div>\n\t\t\t\t\t\t\t\t<\/div>\n\t\t\t\t\t<\/div>\n\t\t<\/section>\n\t\t\t\t<section class=\"elementor-section elementor-top-section elementor-element elementor-element-43cd143 elementor-section-full_width elementor-section-height-min-height elementor-section-height-default elementor-section-items-middle\" data-id=\"43cd143\" data-element_type=\"section\" data-settings=\"{&quot;background_background&quot;:&quot;classic&quot;}\">\n\t\t\t\t\t\t<div class=\"elementor-container elementor-column-gap-no\">\n\t\t\t\t\t\t\t<div class=\"elementor-row\">\n\t\t\t\t\t<div class=\"elementor-column elementor-col-100 elementor-top-column elementor-element elementor-element-6f8fade\" data-id=\"6f8fade\" data-element_type=\"column\" data-settings=\"{&quot;background_background&quot;:&quot;classic&quot;}\">\n\t\t\t<div class=\"elementor-column-wrap elementor-element-populated\">\n\t\t\t\t\t\t\t<div class=\"elementor-widget-wrap\">\n\t\t\t\t\t\t<div class=\"elementor-element elementor-element-b4351a3 elementor-widget elementor-widget-template\" data-id=\"b4351a3\" data-element_type=\"widget\" data-widget_type=\"template.default\">\n\t\t\t\t<div class=\"elementor-widget-container\">\n\t\t\t\t\t<div class=\"elementor-template\">\n\t\t\t\t\t<div data-elementor-type=\"section\" data-elementor-id=\"127667\" class=\"elementor elementor-127667\">\n\t\t\t\t\t<div class=\"elementor-section-wrap\">\n\t\t\t\t\t\t\t\t<section class=\"elementor-section elementor-top-section elementor-element elementor-element-4f7fdbbb elementor-section-full_width elementor-section-height-min-height elementor-section-content-middle elementor-section-height-default elementor-section-items-middle\" data-id=\"4f7fdbbb\" data-element_type=\"section\" data-settings=\"{&quot;background_background&quot;:&quot;classic&quot;}\">\n\t\t\t\t\t\t<div class=\"elementor-container elementor-column-gap-default\">\n\t\t\t\t\t\t\t<div class=\"elementor-row\">\n\t\t\t\t\t<div class=\"elementor-column elementor-col-100 elementor-top-column elementor-element elementor-element-7122f22e\" data-id=\"7122f22e\" data-element_type=\"column\">\n\t\t\t<div class=\"elementor-column-wrap elementor-element-populated\">\n\t\t\t\t\t\t\t<div class=\"elementor-widget-wrap\">\n\t\t\t\t\t\t<div class=\"elementor-element elementor-element-49597cea elementor-widget elementor-widget-heading\" data-id=\"49597cea\" data-element_type=\"widget\" data-widget_type=\"heading.default\">\n\t\t\t\t<div class=\"elementor-widget-container\">\n\t\t\t<h2 class=\"elementor-heading-title elementor-size-default\">3 000 000+<\/h2>\t\t<\/div>\n\t\t\t\t<\/div>\n\t\t\t\t<div class=\"elementor-element elementor-element-47de61bd elementor-widget elementor-widget-heading\" data-id=\"47de61bd\" data-element_type=\"widget\" data-widget_type=\"heading.default\">\n\t\t\t\t<div class=\"elementor-widget-container\">\n\t\t\t<h2 class=\"elementor-heading-title elementor-size-default\">parduot\u0173 arbat\u0173 visoje Europoje<\/h2>\t\t<\/div>\n\t\t\t\t<\/div>\n\t\t\t\t\t\t<\/div>\n\t\t\t\t\t<\/div>\n\t\t<\/div>\n\t\t\t\t\t\t\t\t<\/div>\n\t\t\t\t\t<\/div>\n\t\t<\/section>\n\t\t\t\t\t\t\t<\/div>\n\t\t\t\t<\/div>\n\t\t\t\t<\/div>\n\t\t\t\t<\/div>\n\t\t\t\t<\/div>\n\t\t\t\t\t\t<\/div>\n\t\t\t\t\t<\/div>\n\t\t<\/div>\n\t\t\t\t\t\t\t\t<\/div>\n\t\t\t\t\t<\/div>\n\t\t<\/section>\n\t\t\t\t<section class=\"elementor-section elementor-top-section elementor-element elementor-element-5140360 elementor-section-full_width elementor-section-height-default elementor-section-height-default\" data-id=\"5140360\" data-element_type=\"section\">\n\t\t\t\t\t\t<div class=\"elementor-container elementor-column-gap-default\">\n\t\t\t\t\t\t\t<div class=\"elementor-row\">\n\t\t\t\t\t<div class=\"elementor-column elementor-col-100 elementor-top-column elementor-element elementor-element-5e7b4b0\" data-id=\"5e7b4b0\" data-element_type=\"column\">\n\t\t\t<div class=\"elementor-column-wrap elementor-element-populated\">\n\t\t\t\t\t\t\t<div class=\"elementor-widget-wrap\">\n\t\t\t\t\t\t<div class=\"elementor-element elementor-element-c506fd9 elementor-widget elementor-widget-responsive-image\" data-id=\"c506fd9\" data-element_type=\"widget\" data-widget_type=\"responsive-image.default\">\n\t\t\t\t<div class=\"elementor-widget-container\">\n\t\t\t<div class=\"elementor-image\"><picture><source srcset=\"https:\/\/wowtea.eu\/lt\/files\/2021\/06\/THE-PERFECT-BEACH-DRINK-summer-detox-D-LT-1-2.jpg\" media=\"(min-width: 1025px)\"><source srcset=\"https:\/\/wowtea.eu\/lt\/files\/2021\/06\/THE-PERFECT-BEACH-DRINK-summer-detox-D-LT-1-2.jpg\" media=\"(min-width: 768px)\"><source srcset=\"https:\/\/wowtea.eu\/lt\/files\/2021\/06\/THE-PERFECT-BEACH-DRINK-summer-dextop-M-LT-1-2.jpg\" ><img alt=\"|\" title=\"|\" loading=\"lazy\" src=\"https:\/\/wowtea.eu\/lt\/files\/2021\/06\/THE-PERFECT-BEACH-DRINK-summer-dextop-M-LT-1-2.jpg\"><\/picture><\/div>        \t\t<\/div>\n\t\t\t\t<\/div>\n\t\t\t\t\t\t<\/div>\n\t\t\t\t\t<\/div>\n\t\t<\/div>\n\t\t\t\t\t\t\t\t<\/div>\n\t\t\t\t\t<\/div>\n\t\t<\/section>\n\t\t\t\t<section class=\"elementor-section elementor-top-section elementor-element elementor-element-033ed71 elementor-section-boxed elementor-section-height-default elementor-section-height-default\" data-id=\"033ed71\" data-element_type=\"section\">\n\t\t\t\t\t\t<div class=\"elementor-container elementor-column-gap-default\">\n\t\t\t\t\t\t\t<div class=\"elementor-row\">\n\t\t\t\t\t<div class=\"elementor-column elementor-col-100 elementor-top-column elementor-element elementor-element-53aa7a9\" data-id=\"53aa7a9\" data-element_type=\"column\">\n\t\t\t<div class=\"elementor-column-wrap elementor-element-populated\">\n\t\t\t\t\t\t\t<div class=\"elementor-widget-wrap\">\n\t\t\t\t\t\t<div class=\"elementor-element elementor-element-df4a1d1 elementor-widget elementor-widget-html\" data-id=\"df4a1d1\" data-element_type=\"widget\" data-widget_type=\"html.default\">\n\t\t\t\t<div class=\"elementor-widget-container\">\n\t\t\t<!-- TrustBox widget - Carousel -->\r\n<div class=\"trustpilot-widget\" data-locale=\"en-US\" data-template-id=\"53aa8912dec7e10d38f59f36\" data-businessunit-id=\"60029def312cb900013df992\" data-style-height=\"320px\" data-style-width=\"100%\" data-theme=\"light\" data-tags=\"EN\" data-stars=\"1,2,3,4,5\">\r\n  <a href=\"https:\/\/www.trustpilot.com\/review\/wowtea.eu\" target=\"_blank\" rel=\"noopener\">Trustpilot<\/a>\r\n<\/div>\r\n<!-- End TrustBox widget -->\t\t<\/div>\n\t\t\t\t<\/div>\n\t\t\t\t\t\t<\/div>\n\t\t\t\t\t<\/div>\n\t\t<\/div>\n\t\t\t\t\t\t\t\t<\/div>\n\t\t\t\t\t<\/div>\n\t\t<\/section>\n\t\t\t\t\t\t\t\t\t<\/div>\n\t\t\t<\/div>\n\t\t\t\t\t<\/div>\n\t\t","protected":false},"excerpt":{"rendered":"<ul class=\"check_list\">\n<li>SlimFit Tropicana Infusi\u043en Drops<\/li>\n<li>Detox Tropicana Infusi\u043en Drops<\/li>\n<li>Wellness Tropicana Infusi\u043en Drops<\/li>\n<\/ul>\n","protected":false},"featured_media":127071,"comment_status":"open","ping_status":"closed","template":"","meta":{"inline_featured_image":false},"product_cat":[105,107,171,314,386],"product_tag":[],"acf":[],"variations_data":[],"free_delivery":false,"currency_name":"&euro;","regular_price":"50.7","sale_price":"40.6","price":"40.6","image":"https:\/\/wowtea.eu\/lt\/files\/2025\/06\/Drops-x3.png","_links":{"self":[{"href":"https:\/\/wowtea.eu\/lt\/wp-json\/wp\/v2\/product\/127065"}],"collection":[{"href":"https:\/\/wowtea.eu\/lt\/wp-json\/wp\/v2\/product"}],"about":[{"href":"https:\/\/wowtea.eu\/lt\/wp-json\/wp\/v2\/types\/product"}],"replies":[{"embeddable":true,"href":"https:\/\/wowtea.eu\/lt\/wp-json\/wp\/v2\/comments?post=127065"}],"version-history":[{"count":11,"href":"https:\/\/wowtea.eu\/lt\/wp-json\/wp\/v2\/product\/127065\/revisions"}],"predecessor-version":[{"id":132314,"href":"https:\/\/wowtea.eu\/lt\/wp-json\/wp\/v2\/product\/127065\/revisions\/132314"}],"wp:featuredmedia":[{"embeddable":true,"href":"https:\/\/wowtea.eu\/lt\/wp-json\/wp\/v2\/media\/127071"}],"wp:attachment":[{"href":"https:\/\/wowtea.eu\/lt\/wp-json\/wp\/v2\/media?parent=127065"}],"wp:term":[{"taxonomy":"product_cat","embeddable":true,"href":"https:\/\/wowtea.eu\/lt\/wp-json\/wp\/v2\/product_cat?post=127065"},{"taxonomy":"product_tag","embeddable":true,"href":"https:\/\/wowtea.eu\/lt\/wp-json\/wp\/v2\/product_tag?post=127065"}],"curies":[{"name":"wp","href":"https:\/\/api.w.org\/{rel}","templated":true}]}}