{"id":103703,"date":"2021-08-12T15:40:48","date_gmt":"2021-08-12T12:40:48","guid":{"rendered":"https:\/\/wowtea.eu\/no\/?page_id=103703"},"modified":"2021-10-22T14:38:16","modified_gmt":"2021-10-22T11:38:16","slug":"payment-information","status":"publish","type":"page","link":"https:\/\/wowtea.eu\/no\/payment-information\/","title":{"rendered":"Payment information"},"content":{"rendered":"\t\t<div data-elementor-type=\"wp-page\" data-elementor-id=\"103703\" class=\"elementor elementor-103703\">\n\t\t\t\t\t\t<div class=\"elementor-inner\">\n\t\t\t\t<div class=\"elementor-section-wrap\">\n\t\t\t\t\t\t\t\t\t<section class=\"elementor-section elementor-top-section elementor-element elementor-element-c797b69 elementor-section-boxed elementor-section-height-default elementor-section-height-default\" data-id=\"c797b69\" data-element_type=\"section\">\n\t\t\t\t\t\t<div class=\"elementor-container elementor-column-gap-default\">\n\t\t\t\t\t\t\t<div class=\"elementor-row\">\n\t\t\t\t\t<div class=\"elementor-column elementor-col-100 elementor-top-column elementor-element elementor-element-0bd6474\" data-id=\"0bd6474\" data-element_type=\"column\">\n\t\t\t<div class=\"elementor-column-wrap elementor-element-populated\">\n\t\t\t\t\t\t\t<div class=\"elementor-widget-wrap\">\n\t\t\t\t\t\t<div class=\"elementor-element elementor-element-af808b9 elementor-widget elementor-widget-heading\" data-id=\"af808b9\" data-element_type=\"widget\" data-widget_type=\"heading.default\">\n\t\t\t\t<div class=\"elementor-widget-container\">\n\t\t\t<h2 class=\"elementor-heading-title elementor-size-default\">Betalingsinformasjon<\/h2>\t\t<\/div>\n\t\t\t\t<\/div>\n\t\t\t\t\t\t<\/div>\n\t\t\t\t\t<\/div>\n\t\t<\/div>\n\t\t\t\t\t\t\t\t<\/div>\n\t\t\t\t\t<\/div>\n\t\t<\/section>\n\t\t\t\t<section class=\"elementor-section elementor-top-section elementor-element elementor-element-65263a9 elementor-section-boxed elementor-section-height-default elementor-section-height-default\" data-id=\"65263a9\" data-element_type=\"section\">\n\t\t\t\t\t\t<div class=\"elementor-container elementor-column-gap-default\">\n\t\t\t\t\t\t\t<div class=\"elementor-row\">\n\t\t\t\t\t<div class=\"elementor-column elementor-col-100 elementor-top-column elementor-element elementor-element-0272f08\" data-id=\"0272f08\" data-element_type=\"column\">\n\t\t\t<div class=\"elementor-column-wrap elementor-element-populated\">\n\t\t\t\t\t\t\t<div class=\"elementor-widget-wrap\">\n\t\t\t\t\t\t<div class=\"elementor-element elementor-element-22acc20 elementor-widget elementor-widget-text-editor\" data-id=\"22acc20\" data-element_type=\"widget\" data-widget_type=\"text-editor.default\">\n\t\t\t\t<div class=\"elementor-widget-container\">\n\t\t\t\t\t\t\t\t<div class=\"elementor-text-editor elementor-clearfix\">\n\t\t\t\t<div>63. Prisene p\u00e5 varer og tjenester er satt og inkluderer moms, gjeldende lovgivning.<\/div><div>\u00a0<\/div><div>64. Pris og betalingsm\u00e5te er angitt i hver ordre.<\/div><div>\u00a0<\/div><div>65. Betalingsm\u00e5ter som tilbys av \u201cWOW Tea\u201d er: kontanter ved levering, pengeoverf\u00f8ring via PayPal,<\/div><div>kreditt-\/debetkort<\/div><div>\u00a0<\/div><div>66. Kunden samtykker i \u00e5 utf\u00f8re betaling i samsvar med den valgte metoden og vilk\u00e5rene i distanse<\/div><div>salgskontrakten n\u00e5r den inng\u00e5s og p\u00e5 betingelser mellom kunden og den respektive leverand\u00f8ren av<\/div><div>betalingstjenester.<\/div><div>\u00a0<\/div><div>67. Kunden samtykker i at selger har rett til \u00e5 kreve og godta forskuddsbetaling for kontraktene for kj\u00f8p<\/div><div>og salg av varer og levering av dem.<\/div><div>\u00a0<\/div><div>68. I tilfelle \u201cWOW Tea\u201d ikke mottar betaling i henhold til metoden valgt av kunden og innenfor de<\/div><div>avtalte vilk\u00e5rene f\u00f8r bestillingen blir utf\u00f8rt, skal det anses som avsl\u00e5tt av kunden.<\/div>\t\t\t\t\t<\/div>\n\t\t\t\t\t\t<\/div>\n\t\t\t\t<\/div>\n\t\t\t\t\t\t<\/div>\n\t\t\t\t\t<\/div>\n\t\t<\/div>\n\t\t\t\t\t\t\t\t<\/div>\n\t\t\t\t\t<\/div>\n\t\t<\/section>\n\t\t\t\t\t\t\t\t\t<\/div>\n\t\t\t<\/div>\n\t\t\t\t\t<\/div>\n\t\t","protected":false},"excerpt":{"rendered":"<p>Betalingsinformasjon 63. Prisene p\u00e5 varer og tjenester er satt og inkluderer moms, gjeldende lovgivning.\u00a064. Pris og betalingsm\u00e5te er angitt i hver ordre.\u00a065. Betalingsm\u00e5ter som tilbys av \u201cWOW Tea\u201d er: kontanter ved levering, pengeoverf\u00f8ring via PayPal,kreditt-\/debetkort\u00a066. Kunden samtykker i \u00e5 utf\u00f8re betaling i samsvar med den valgte metoden og vilk\u00e5rene i distansesalgskontrakten n\u00e5r den inng\u00e5s og p\u00e5 betingelser mellom kunden og den respektive leverand\u00f8ren avbetalingstjenester.\u00a067. Kunden samtykker i at selger har rett til \u00e5 kreve og godta forskuddsbetaling for kontraktene for kj\u00f8pog salg av varer og levering av dem.\u00a068. I tilfelle \u201cWOW Tea\u201d ikke mottar betaling i henhold til metoden valgt [&hellip;]<\/p>\n","protected":false},"author":24,"featured_media":0,"parent":0,"menu_order":0,"comment_status":"closed","ping_status":"closed","template":"","meta":{"inline_featured_image":false},"acf":[],"_links":{"self":[{"href":"https:\/\/wowtea.eu\/no\/wp-json\/wp\/v2\/pages\/103703"}],"collection":[{"href":"https:\/\/wowtea.eu\/no\/wp-json\/wp\/v2\/pages"}],"about":[{"href":"https:\/\/wowtea.eu\/no\/wp-json\/wp\/v2\/types\/page"}],"author":[{"embeddable":true,"href":"https:\/\/wowtea.eu\/no\/wp-json\/wp\/v2\/users\/24"}],"replies":[{"embeddable":true,"href":"https:\/\/wowtea.eu\/no\/wp-json\/wp\/v2\/comments?post=103703"}],"version-history":[{"count":4,"href":"https:\/\/wowtea.eu\/no\/wp-json\/wp\/v2\/pages\/103703\/revisions"}],"predecessor-version":[{"id":104893,"href":"https:\/\/wowtea.eu\/no\/wp-json\/wp\/v2\/pages\/103703\/revisions\/104893"}],"wp:attachment":[{"href":"https:\/\/wowtea.eu\/no\/wp-json\/wp\/v2\/media?parent=103703"}],"curies":[{"name":"wp","href":"https:\/\/api.w.org\/{rel}","templated":true}]}}