{"id":103719,"date":"2021-08-12T15:44:52","date_gmt":"2021-08-12T12:44:52","guid":{"rendered":"https:\/\/wowtea.eu\/no\/?page_id=103719"},"modified":"2021-10-22T14:36:23","modified_gmt":"2021-10-22T11:36:23","slug":"shipping-information","status":"publish","type":"page","link":"https:\/\/wowtea.eu\/no\/shipping-information\/","title":{"rendered":"Shipping information"},"content":{"rendered":"\t\t<div data-elementor-type=\"wp-page\" data-elementor-id=\"103719\" class=\"elementor elementor-103719\">\n\t\t\t\t\t\t<div class=\"elementor-inner\">\n\t\t\t\t<div class=\"elementor-section-wrap\">\n\t\t\t\t\t\t\t\t\t<section class=\"elementor-section elementor-top-section elementor-element elementor-element-da2c9b2 elementor-section-boxed elementor-section-height-default elementor-section-height-default\" data-id=\"da2c9b2\" data-element_type=\"section\">\n\t\t\t\t\t\t<div class=\"elementor-container elementor-column-gap-default\">\n\t\t\t\t\t\t\t<div class=\"elementor-row\">\n\t\t\t\t\t<div class=\"elementor-column elementor-col-100 elementor-top-column elementor-element elementor-element-967d2c2\" data-id=\"967d2c2\" data-element_type=\"column\">\n\t\t\t<div class=\"elementor-column-wrap elementor-element-populated\">\n\t\t\t\t\t\t\t<div class=\"elementor-widget-wrap\">\n\t\t\t\t\t\t<div class=\"elementor-element elementor-element-97b454b elementor-widget elementor-widget-heading\" data-id=\"97b454b\" data-element_type=\"widget\" data-widget_type=\"heading.default\">\n\t\t\t\t<div class=\"elementor-widget-container\">\n\t\t\t<h2 class=\"elementor-heading-title elementor-size-default\">Shipping information<\/h2>\t\t<\/div>\n\t\t\t\t<\/div>\n\t\t\t\t\t\t<\/div>\n\t\t\t\t\t<\/div>\n\t\t<\/div>\n\t\t\t\t\t\t\t\t<\/div>\n\t\t\t\t\t<\/div>\n\t\t<\/section>\n\t\t\t\t<section class=\"elementor-section elementor-top-section elementor-element elementor-element-1cec3ec elementor-section-boxed elementor-section-height-default elementor-section-height-default\" data-id=\"1cec3ec\" data-element_type=\"section\">\n\t\t\t\t\t\t<div class=\"elementor-container elementor-column-gap-default\">\n\t\t\t\t\t\t\t<div class=\"elementor-row\">\n\t\t\t\t\t<div class=\"elementor-column elementor-col-100 elementor-top-column elementor-element elementor-element-ec9f79a\" data-id=\"ec9f79a\" data-element_type=\"column\">\n\t\t\t<div class=\"elementor-column-wrap elementor-element-populated\">\n\t\t\t\t\t\t\t<div class=\"elementor-widget-wrap\">\n\t\t\t\t\t\t<div class=\"elementor-element elementor-element-6e190f4 elementor-widget elementor-widget-text-editor\" data-id=\"6e190f4\" data-element_type=\"widget\" data-widget_type=\"text-editor.default\">\n\t\t\t\t<div class=\"elementor-widget-container\">\n\t\t\t\t\t\t\t\t<div class=\"elementor-text-editor elementor-clearfix\">\n\t\t\t\t69. Selger leverer online bestilte varer gjennom budfirmaet DHL p\u00e5 adressen spesifisert av<\/div>\n<div>Kunden.ATOP Ltd. Det er ikke ansvarlig hvis ordren har statusen &#8220;levert&#8221; til budfirmaet, og kunden<\/div>\n<div>har krav p\u00e5 det. I dette tilfellet m\u00e5 kunden fylle ut en s\u00f8knad om at han ikke har mottatt bestillingen og<\/div>\n<div>overlevere den til ATOP ltd., Slik at sistnevnte kan starte en unders\u00f8kelse med budfirmaet.<\/div>\n<div>70. Selger utf\u00f8rer levering av varer kun p\u00e5 Norges territorium.<\/div>\n<div>70.1. Ettersom ATOP LLC er etablert i EU og forsendelser sendes fra EUs territorium, kan tilpassede<\/div>\n<div>skatter p\u00e5legges ved levering til klienten utenfor EU. Det er fortsatt kundens ansvar \u00e5 bli informert om<\/div>\n<div>de mulige kostnadene som kan p\u00e5legges toll.<\/div>\n<div>71. De solgte varene ledsages av n\u00f8dvendige dokumenter og originalemballasje.<\/div>\n<div>72. Leveringstiden er mellom 3 og 6 virkedager. Et unntak er punkt 47.<\/div>\n<div>72.1. PRIORITERT FRAKT &#8211; Den prioriterte frakten garanterer at bestillingen din blir behandlet og<\/div>\n<div>oppfylt med prioritet f\u00f8r resten av bestillingene. Slike bestillinger vil ogs\u00e5 bli behandlet og oppfylt med<\/div>\n<div>prioritet i tilfelle lagermangel. Disse ordrene er ogs\u00e5 de f\u00f8rste som blir h\u00e5ndtert til budfirmaet for<\/div>\n<div>levering. ATOP LLC vil ikke bli holdt ansvarlig hvis budfirmaet forsinket bestillingen.<\/div>\n<div>73. Leveringskostnad er 50 kr inkl.<\/div>\n<div>74. Levering av bestillinger for varer av verdi over 400 kr (moms inkludert) er gratis for Kunden.<\/div>\n<div>75. Detaljene om leveringsbetingelsene for varene er veiledende, og selgeren er ikke bundet av dem til<\/div>\n<div>\u00e5 utf\u00f8re leveransen p\u00e5 en bestemt dato. Kunden har ikke rett til erstatning ved forsinket levering.<\/div>\n<div>76. Leveransene gjennomf\u00f8res fra mandag til fredag mellom kl. 09.00 og 18.00, med unntak av<\/div>\n<div>offisielle helligdager. Det kan v\u00e6re et unntak for utligninger med spesiell serviceplan.<\/div>\n<div>77. P\u00e5 leveringsdagen mottar Kunden en SMS og\/eller en e-post fra budet om at det er en forsendelse<\/div>\n<div>som skal mottas. Hvis Kunden ikke blir funnet p\u00e5 avtalt dag og sted, og det ikke er noen annen person<\/div>\n<div>som godtar forsendelsen for dem, legger kureren igjen en beskjed om at adressen er bes\u00f8kt sammen<\/div>\n<div>med kontaktinformasjon. Sendingen returneres til kurerens kontor for \u00e5 bli mottatt p\u00e5 foresp\u00f8rsel. Hvis<\/div>\n<div>Kunden ikke kontakter Selger eller budfirmaet neste dag, anses bestillingen som kansellert.<\/div>\n<div>78. Kunden har mulighet til \u00e5 \u00e5pne og unders\u00f8ke innholdet i forsendelsen f\u00f8r de betaler til budet.<\/div>\n<div>79. &#8220;WOW Tea&#8221; eller en representant for budfirmaet varsler kunden via telefon eller e-post hvis<\/div>\n<div>uforutsette omstendigheter forhindrer rettidig implementering av leveransen.<\/div>\n<div>80. Kunden samtykker i at sertifisering av varene som er mottatt, kan henrettes av en person, for hvem<\/div>\n<div>det under omstendighetene kan antas at de vil videreformidle informasjonen til kunden &#8211; part i<\/div>\n<div>kontrakten.<\/div>\n<div>81. Kunden m\u00e5 inspisere varene p\u00e5 leveringstidspunktet og overlevering av selger eller bud, og hvis det<\/div>\n<div>er uoverensstemmelser med bestillingen, m\u00e5 han varsle selgeren umiddelbart.<\/div>\n<div>82. Risikoen for tap eller skade p\u00e5 de kj\u00f8pte varene overg\u00e5r til kunden i det \u00f8yeblikket sistnevnte eller<\/div>\n<div>en tredjepart utpekt av dem, andre enn personen som er oppnevnt av &#8220;WOW Tea&#8221; Budfirma, godtar\nvarene.\t\t\t\t\t<\/div>\n\t\t\t\t\t\t<\/div>\n\t\t\t\t<\/div>\n\t\t\t\t\t\t<\/div>\n\t\t\t\t\t<\/div>\n\t\t<\/div>\n\t\t\t\t\t\t\t\t<\/div>\n\t\t\t\t\t<\/div>\n\t\t<\/section>\n\t\t\t\t\t\t\t\t\t<\/div>\n\t\t\t<\/div>\n\t\t\t\t\t<\/div>\n\t\t","protected":false},"excerpt":{"rendered":"<p>Shipping information 69. Selger leverer online bestilte varer gjennom budfirmaet DHL p\u00e5 adressen spesifisert av Kunden.ATOP Ltd. Det er ikke ansvarlig hvis ordren har statusen &#8220;levert&#8221; til budfirmaet, og kunden har krav p\u00e5 det. I dette tilfellet m\u00e5 kunden fylle ut en s\u00f8knad om at han ikke har mottatt bestillingen og overlevere den til ATOP ltd., Slik at sistnevnte kan starte en unders\u00f8kelse med budfirmaet. 70. Selger utf\u00f8rer levering av varer kun p\u00e5 Norges territorium. 70.1. Ettersom ATOP LLC er etablert i EU og forsendelser sendes fra EUs territorium, kan tilpassede skatter p\u00e5legges ved levering til klienten utenfor EU. Det [&hellip;]<\/p>\n","protected":false},"author":24,"featured_media":0,"parent":0,"menu_order":0,"comment_status":"closed","ping_status":"closed","template":"","meta":{"inline_featured_image":false},"acf":[],"_links":{"self":[{"href":"https:\/\/wowtea.eu\/no\/wp-json\/wp\/v2\/pages\/103719"}],"collection":[{"href":"https:\/\/wowtea.eu\/no\/wp-json\/wp\/v2\/pages"}],"about":[{"href":"https:\/\/wowtea.eu\/no\/wp-json\/wp\/v2\/types\/page"}],"author":[{"embeddable":true,"href":"https:\/\/wowtea.eu\/no\/wp-json\/wp\/v2\/users\/24"}],"replies":[{"embeddable":true,"href":"https:\/\/wowtea.eu\/no\/wp-json\/wp\/v2\/comments?post=103719"}],"version-history":[{"count":4,"href":"https:\/\/wowtea.eu\/no\/wp-json\/wp\/v2\/pages\/103719\/revisions"}],"predecessor-version":[{"id":104889,"href":"https:\/\/wowtea.eu\/no\/wp-json\/wp\/v2\/pages\/103719\/revisions\/104889"}],"wp:attachment":[{"href":"https:\/\/wowtea.eu\/no\/wp-json\/wp\/v2\/media?parent=103719"}],"curies":[{"name":"wp","href":"https:\/\/api.w.org\/{rel}","templated":true}]}}