{"id":404,"date":"2020-07-07T16:02:04","date_gmt":"2020-07-07T13:02:04","guid":{"rendered":"https:\/\/wowtea.eu\/no\/?page_id=404"},"modified":"2024-04-10T09:43:24","modified_gmt":"2024-04-10T07:43:24","slug":"about-us","status":"publish","type":"page","link":"https:\/\/wowtea.eu\/no\/about-us\/","title":{"rendered":"\u0417\u0430 \u043d\u0430\u0441"},"content":{"rendered":"\t\t<div data-elementor-type=\"wp-page\" data-elementor-id=\"404\" class=\"elementor elementor-404\">\n\t\t\t\t\t\t<div class=\"elementor-inner\">\n\t\t\t\t<div class=\"elementor-section-wrap\">\n\t\t\t\t\t\t\t\t\t<section class=\"elementor-section elementor-top-section elementor-element elementor-element-d6cf8f3 elementor-section-boxed elementor-section-height-default elementor-section-height-default\" data-id=\"d6cf8f3\" data-element_type=\"section\" data-settings=\"{&quot;background_background&quot;:&quot;classic&quot;}\">\n\t\t\t\t\t\t<div class=\"elementor-container elementor-column-gap-default\">\n\t\t\t\t\t\t\t<div class=\"elementor-row\">\n\t\t\t\t\t<div class=\"elementor-column elementor-col-100 elementor-top-column elementor-element elementor-element-dc62397\" data-id=\"dc62397\" data-element_type=\"column\">\n\t\t\t<div class=\"elementor-column-wrap elementor-element-populated\">\n\t\t\t\t\t\t\t<div class=\"elementor-widget-wrap\">\n\t\t\t\t\t\t<div class=\"elementor-element elementor-element-52fb684 elementor-widget elementor-widget-image\" data-id=\"52fb684\" data-element_type=\"widget\" data-widget_type=\"image.default\">\n\t\t\t\t<div class=\"elementor-widget-container\">\n\t\t\t\t\t\t\t\t<div class=\"elementor-image\">\n\t\t\t\t\t\t\t\t\t\t\t\t<img width=\"1000\" height=\"519\" src=\"https:\/\/wowtea.eu\/no\/files\/2021\/04\/WOW-signature.png\" class=\"attachment-full size-full wp-image-100729\" alt=\"|\" loading=\"lazy\" srcset=\"https:\/\/wowtea.eu\/no\/files\/2021\/04\/WOW-signature.png 1000w, https:\/\/wowtea.eu\/no\/files\/2021\/04\/WOW-signature-300x156.png 300w, https:\/\/wowtea.eu\/no\/files\/2021\/04\/WOW-signature-768x399.png 768w, https:\/\/wowtea.eu\/no\/files\/2021\/04\/WOW-signature-600x311.png 600w\" sizes=\"(max-width: 1000px) 100vw, 1000px\" title=\"|\">\t\t\t\t\t\t\t\t\t\t\t\t\t\t<\/div>\n\t\t\t\t\t\t<\/div>\n\t\t\t\t<\/div>\n\t\t\t\t<div class=\"elementor-element elementor-element-1cc963c elementor-widget elementor-widget-video\" data-id=\"1cc963c\" data-element_type=\"widget\" data-settings=\"{&quot;youtube_url&quot;:&quot;https:\\\/\\\/www.youtube.com\\\/watch?v=FkOxPwUIr0w&quot;,&quot;modestbranding&quot;:&quot;yes&quot;,&quot;show_image_overlay&quot;:&quot;yes&quot;,&quot;image_overlay&quot;:{&quot;url&quot;:&quot;https:\\\/\\\/wowtea.eu\\\/no\\\/wp-content\\\/uploads\\\/2020\\\/10\\\/video-thumbnail.jpg&quot;,&quot;id&quot;:73009,&quot;size&quot;:&quot;&quot;},&quot;video_type&quot;:&quot;youtube&quot;,&quot;controls&quot;:&quot;yes&quot;}\" data-widget_type=\"video.default\">\n\t\t\t\t<div class=\"elementor-widget-container\">\n\t\t\t\t\t<div class=\"elementor-wrapper elementor-open-inline\">\n\t\t\t<div class=\"elementor-video\"><\/div>\t\t\t\t<div class=\"elementor-custom-embed-image-overlay\" style=\"background-image: url(https:\/\/wowtea.eu\/no\/files\/2020\/10\/video-thumbnail.jpg);\">\n\t\t\t\t\t\t\t\t\t\t\t\t\t\t\t\t<div class=\"elementor-custom-embed-play\" role=\"button\" aria-label=\"Start video\" tabindex=\"0\">\n\t\t\t\t\t\t\t<i aria-hidden=\"true\" class=\"eicon-play\"><\/i>\t\t\t\t\t\t\t<span class=\"elementor-screen-only\">Start video<\/span>\n\t\t\t\t\t\t<\/div>\n\t\t\t\t\t\t\t\t\t<\/div>\n\t\t\t\t\t<\/div>\n\t\t\t\t<\/div>\n\t\t\t\t<\/div>\n\t\t\t\t\t\t<\/div>\n\t\t\t\t\t<\/div>\n\t\t<\/div>\n\t\t\t\t\t\t\t\t<\/div>\n\t\t\t\t\t<\/div>\n\t\t<\/section>\n\t\t\t\t<section class=\"elementor-section elementor-top-section elementor-element elementor-element-bebf8f8 elementor-section-boxed elementor-section-height-default elementor-section-height-default\" data-id=\"bebf8f8\" data-element_type=\"section\" data-settings=\"{&quot;background_background&quot;:&quot;classic&quot;}\">\n\t\t\t\t\t\t<div class=\"elementor-container elementor-column-gap-default\">\n\t\t\t\t\t\t\t<div class=\"elementor-row\">\n\t\t\t\t\t<div class=\"elementor-column elementor-col-100 elementor-top-column elementor-element elementor-element-72cc45a\" data-id=\"72cc45a\" data-element_type=\"column\">\n\t\t\t<div class=\"elementor-column-wrap elementor-element-populated\">\n\t\t\t\t\t\t\t<div class=\"elementor-widget-wrap\">\n\t\t\t\t\t\t<div class=\"elementor-element elementor-element-f335344 elementor-widget elementor-widget-custom_title\" data-id=\"f335344\" data-element_type=\"widget\" data-widget_type=\"custom_title.default\">\n\t\t\t\t<div class=\"elementor-widget-container\">\n\t\t\t      <!-- border_title center_border -->\n      \n               <div class=\"custom_title\"  >\n            <h2 class=\"title border_title center \"><span>Skj\u00f8nnhet p\u00e5 innsiden viser p\u00e5 utsiden<\/span> <small style=\"order: -1\">V\u00e5rt motto<\/small><\/h2>\n         <\/div>\n      \n\n   \t\t<\/div>\n\t\t\t\t<\/div>\n\t\t\t\t<div class=\"elementor-element elementor-element-f444cdf elementor-widget elementor-widget-text-editor\" data-id=\"f444cdf\" data-element_type=\"widget\" data-widget_type=\"text-editor.default\">\n\t\t\t\t<div class=\"elementor-widget-container\">\n\t\t\t\t\t\t\t\t<div class=\"elementor-text-editor elementor-clearfix\">\n\t\t\t\t<p>I tillegg til \u00e5 f\u00e5 deg til \u00e5 se og f\u00f8le deg som ditt beste selv, tror vi p\u00e5 naturens kraft, lidenskap for sport, ren mat, en giftfri kropp med litt hjelp av v\u00e5re premium te-blandinger!<\/p><p>Enten du har kroppen av en treningsmodell eller en hjemmev\u00e6rende mamma, vil teene v\u00e5re hjelpe deg med \u00e5 se og f\u00f8le deg absolutt best! Vi er stolte av produktene v\u00e5re og menneskene som lager dem! Vi bruker bare naturlige ingredienser av h\u00f8y kvalitet, og vi kombinerer disse n\u00f8ye utvalgte, naturlagde produktene for \u00e5 tilby deg de beste vekttapsproduktene p\u00e5 markedet til en overkommelig pris! (Vi tror ogs\u00e5 at verden ville v\u00e6re et bedre sted hvis alle brukte 15 minutter om dagen p\u00e5 \u00e5 drikke en kopp te.)<\/p>\t\t\t\t\t<\/div>\n\t\t\t\t\t\t<\/div>\n\t\t\t\t<\/div>\n\t\t\t\t\t\t<\/div>\n\t\t\t\t\t<\/div>\n\t\t<\/div>\n\t\t\t\t\t\t\t\t<\/div>\n\t\t\t\t\t<\/div>\n\t\t<\/section>\n\t\t\t\t<section class=\"elementor-section elementor-top-section elementor-element elementor-element-ee8de64 elementor-section-content-middle elementor-hidden-desktop elementor-hidden-tablet elementor-hidden-phone elementor-section-boxed elementor-section-height-default elementor-section-height-default\" data-id=\"ee8de64\" data-element_type=\"section\">\n\t\t\t\t\t\t<div class=\"elementor-container elementor-column-gap-default\">\n\t\t\t\t\t\t\t<div class=\"elementor-row\">\n\t\t\t\t\t<div class=\"elementor-column elementor-col-50 elementor-top-column elementor-element elementor-element-eb0af62\" data-id=\"eb0af62\" data-element_type=\"column\">\n\t\t\t<div class=\"elementor-column-wrap elementor-element-populated\">\n\t\t\t\t\t\t\t<div class=\"elementor-widget-wrap\">\n\t\t\t\t\t\t<div class=\"elementor-element elementor-element-3f2abd7 elementor-widget elementor-widget-image\" data-id=\"3f2abd7\" data-element_type=\"widget\" data-widget_type=\"image.default\">\n\t\t\t\t<div class=\"elementor-widget-container\">\n\t\t\t\t\t\t\t\t<div class=\"elementor-image\">\n\t\t\t\t\t\t\t\t\t\t\t\t<img width=\"576\" height=\"478\" src=\"https:\/\/wowtea.eu\/no\/files\/2020\/10\/about-us-1.jpg\" class=\"attachment-large size-large wp-image-72864\" alt=\"about-us-office\" loading=\"lazy\" srcset=\"https:\/\/wowtea.eu\/no\/files\/2020\/10\/about-us-1.jpg 576w, https:\/\/wowtea.eu\/no\/files\/2020\/10\/about-us-1-300x249.jpg 300w\" sizes=\"(max-width: 576px) 100vw, 576px\" title=\"|\">\t\t\t\t\t\t\t\t\t\t\t\t\t\t<\/div>\n\t\t\t\t\t\t<\/div>\n\t\t\t\t<\/div>\n\t\t\t\t\t\t<\/div>\n\t\t\t\t\t<\/div>\n\t\t<\/div>\n\t\t\t\t<div class=\"elementor-column elementor-col-50 elementor-top-column elementor-element elementor-element-68ffd8d\" data-id=\"68ffd8d\" data-element_type=\"column\">\n\t\t\t<div class=\"elementor-column-wrap elementor-element-populated\">\n\t\t\t\t\t\t\t<div class=\"elementor-widget-wrap\">\n\t\t\t\t\t\t<div class=\"elementor-element elementor-element-918d2f4 elementor-widget elementor-widget-custom_title\" data-id=\"918d2f4\" data-element_type=\"widget\" data-widget_type=\"custom_title.default\">\n\t\t\t\t<div class=\"elementor-widget-container\">\n\t\t\t      <!-- border_title center_border -->\n      \n               <div class=\"custom_title\"  >\n            <h2 class=\"title border_title center \"><span>\u0421\u044a\u0437\u0434\u0430\u0434\u0435\u043d\u0438 \u0432 \u0411\u044a\u043b\u0433\u0430\u0440\u0438\u044f<\/span> <\/h2>\n         <\/div>\n      \n\n   \t\t<\/div>\n\t\t\t\t<\/div>\n\t\t\t\t<div class=\"elementor-element elementor-element-bd1fbe2 elementor-widget elementor-widget-text-editor\" data-id=\"bd1fbe2\" data-element_type=\"widget\" data-widget_type=\"text-editor.default\">\n\t\t\t\t<div class=\"elementor-widget-container\">\n\t\t\t\t\t\t\t\t<div class=\"elementor-text-editor elementor-clearfix\">\n\t\t\t\t<p>\u041d\u0438\u0435 \u0441\u043c\u0435 \u043c\u043b\u0430\u0434\u0438, \u0430\u043c\u0431\u0438\u0446\u0438\u043e\u0437\u043d\u0438 \u0438 \u0441\u043f\u043b\u043e\u0442\u0435\u043d\u0438 \u043a\u0430\u0442\u043e \u0435\u043a\u0438\u043f!<\/p><p>\u0412\u0441\u0438\u0447\u043a\u0438 \u043d\u0430\u0448\u0438 \u043f\u044a\u0440\u0432\u043e\u043a\u043b\u0430\u0441\u043d\u0438 \u043f\u0440\u043e\u0434\u0443\u043a\u0442\u0438 \u0441\u0430 \u043f\u0440\u043e\u0438\u0437\u0432\u0435\u0434\u0435\u043d\u0438 \u0432 \u0411\u044a\u043b\u0433\u0430\u0440\u0438\u044f \u0438 \u043c\u043d\u043e\u0433\u043e\u043a\u0440\u0430\u0442\u043d\u043e \u0442\u0435\u0441\u0442\u0432\u0430\u043d\u0438 \u043e\u0442 WOW \u043c\u043e\u043c\u0438\u0447\u0435\u0442\u0430\u0442\u0430 \u0432 \u0446\u044f\u043b\u0430 \u0415\u0432\u0440\u043e\u043f\u0430 \ud83d\ude42<\/p><p>\u041d\u0430\u0448\u0438\u044f\u0442 \u0435\u043a\u0438\u043f \u043e\u0442 \u0441\u043f\u0435\u0446\u0438\u0430\u043b\u0438\u0441\u0442\u0438 \u043f\u043e \u0445\u0440\u0430\u043d\u0435\u043d\u0435, \u043c\u0430\u0440\u043a\u0435\u0442\u0438\u043d\u0433 \u0438 \u0434\u0438\u0437\u0430\u0439\u043d, \u0440\u0430\u0431\u043e\u0442\u0438 \u0443\u0441\u0438\u043b\u0435\u043d\u043e \u0432\u0441\u0435\u043a\u0438 \u0434\u0435\u043d, \u0437\u0430 \u0434\u0430 \u0442\u0438 \u043e\u0441\u0438\u0433\u0443\u0440\u0438 \u043d\u0430\u0439-\u0434\u043e\u0431\u0440\u0435 \u0440\u0430\u0431\u043e\u0442\u0435\u0449\u0438\u0442\u0435 \u043f\u0440\u043e\u0434\u0443\u043a\u0442\u0438 \u0437\u0430 \u0440\u0435\u0433\u0443\u043b\u0438\u0440\u0430\u043d\u0435 \u043d\u0430 \u0442\u0435\u0433\u043b\u043e\u0442\u043e.<\/p>\t\t\t\t\t<\/div>\n\t\t\t\t\t\t<\/div>\n\t\t\t\t<\/div>\n\t\t\t\t\t\t<\/div>\n\t\t\t\t\t<\/div>\n\t\t<\/div>\n\t\t\t\t\t\t\t\t<\/div>\n\t\t\t\t\t<\/div>\n\t\t<\/section>\n\t\t\t\t<section class=\"elementor-section elementor-top-section elementor-element elementor-element-35bc089 elementor-section-content-middle elementor-reverse-mobile elementor-hidden-desktop elementor-hidden-tablet elementor-hidden-phone elementor-section-boxed elementor-section-height-default elementor-section-height-default\" data-id=\"35bc089\" data-element_type=\"section\">\n\t\t\t\t\t\t<div class=\"elementor-container elementor-column-gap-default\">\n\t\t\t\t\t\t\t<div class=\"elementor-row\">\n\t\t\t\t\t<div class=\"elementor-column elementor-col-50 elementor-top-column elementor-element elementor-element-eaac687\" data-id=\"eaac687\" data-element_type=\"column\">\n\t\t\t<div class=\"elementor-column-wrap elementor-element-populated\">\n\t\t\t\t\t\t\t<div class=\"elementor-widget-wrap\">\n\t\t\t\t\t\t<div class=\"elementor-element elementor-element-3bb83e2 elementor-widget elementor-widget-custom_title\" data-id=\"3bb83e2\" data-element_type=\"widget\" data-widget_type=\"custom_title.default\">\n\t\t\t\t<div class=\"elementor-widget-container\">\n\t\t\t      <!-- border_title center_border -->\n      \n               <div class=\"custom_title\"  >\n            <h2 class=\"title border_title center \"><span>\u041f\u0440\u0430\u0432\u0438\u043c \u0432\u0438 \u0433\u043e\u0440\u0434\u0438.<\/span> <\/h2>\n         <\/div>\n      \n\n   \t\t<\/div>\n\t\t\t\t<\/div>\n\t\t\t\t<div class=\"elementor-element elementor-element-38fac7d elementor-widget elementor-widget-text-editor\" data-id=\"38fac7d\" data-element_type=\"widget\" data-widget_type=\"text-editor.default\">\n\t\t\t\t<div class=\"elementor-widget-container\">\n\t\t\t\t\t\t\t\t<div class=\"elementor-text-editor elementor-clearfix\">\n\t\t\t\t<p>\u0417\u0430 \u043f\u043e\u0432\u0435\u0447\u0435 \u043e\u0442 5 \u0433\u043e\u0434\u0438\u043d\u0438 \u043d\u0430 \u043f\u0430\u0437\u0430\u0440\u0430 \u043f\u043e\u043c\u043e\u0433\u043d\u0430\u0445\u043c\u0435 \u043d\u0430 \u043d\u0430\u0434 150 000 WOW \u043c\u043e\u043c\u0438\u0447\u0435\u0442\u0430 \u0434\u0430 \u0438\u0437\u0433\u043b\u0435\u0436\u0434\u0430\u0442 \u0438 \u0434\u0430 \u0441\u0435 \u0447\u0443\u0432\u0441\u0442\u0432\u0430\u0442 \u043f\u043e-\u0434\u043e\u0431\u0440\u0435!<\/p><p>\u041e\u0449\u0435 \u043e\u0442 \u043f\u044a\u0440\u0432\u0438\u044f \u0434\u0435\u043d \u0432\u0437\u0438\u043c\u0430\u043c\u0435 \u0440\u0435\u0448\u0435\u043d\u0438\u044f, \u0441 \u043a\u043e\u0438\u0442\u043e \u043c\u043e\u0436\u0435\u043c \u0434\u0430 \u0441\u0435 \u0433\u043e\u0440\u0434\u0435\u0435\u043c! \u041d\u0438\u043a\u043e\u0433\u0430 \u043d\u0435 \u0441\u043c\u0435 \u0438\u0437\u043f\u043e\u043b\u0437\u0432\u0430\u043b\u0438 \u043f\u0440\u043e\u0434\u0443\u043a\u0442\u0438 \u043e\u0442 \u0436\u0438\u0432\u043e\u0442\u0438\u043d\u0441\u043a\u0438 \u043f\u0440\u043e\u0438\u0437\u0445\u043e\u0434, \u0432\u0441\u0438\u0447\u043a\u0438 \u0442\u0435 \u0441\u0430 \u043f\u043e\u0434\u0445\u043e\u0434\u044f\u0449\u0438 \u0437\u0430 \u0432\u0435\u0433\u0430\u043d\u0438 \u0438 \u043d\u0430\u0439-\u0432\u0430\u0436\u043d\u043e\u0442\u043e \u2013 \u043d\u0438\u043a\u043e\u0433\u0430 \u043d\u0435 \u0441\u043c\u0435 \u0438\u0437\u043f\u043e\u043b\u0437\u0432\u0430\u043b\u0438 \u0441\u0438\u043d\u0442\u0435\u0442\u0438\u0447\u043d\u0438 \u0430\u0440\u043e\u043c\u0430\u0442\u0438 \u0438\u043b\u0438 \u0438\u0437\u043a\u0443\u0441\u0442\u0432\u0435\u043d\u0438 \u043e\u0446\u0432\u0435\u0442\u0438\u0442\u0435\u043b\u0438!<\/p>\t\t\t\t\t<\/div>\n\t\t\t\t\t\t<\/div>\n\t\t\t\t<\/div>\n\t\t\t\t\t\t<\/div>\n\t\t\t\t\t<\/div>\n\t\t<\/div>\n\t\t\t\t<div class=\"elementor-column elementor-col-50 elementor-top-column elementor-element elementor-element-1609895\" data-id=\"1609895\" data-element_type=\"column\">\n\t\t\t<div class=\"elementor-column-wrap elementor-element-populated\">\n\t\t\t\t\t\t\t<div class=\"elementor-widget-wrap\">\n\t\t\t\t\t\t<div class=\"elementor-element elementor-element-c4aaf5c elementor-widget elementor-widget-image\" data-id=\"c4aaf5c\" data-element_type=\"widget\" data-widget_type=\"image.default\">\n\t\t\t\t<div class=\"elementor-widget-container\">\n\t\t\t\t\t\t\t\t<div class=\"elementor-image\">\n\t\t\t\t\t\t\t\t\t\t\t\t<img width=\"576\" height=\"478\" src=\"https:\/\/wowtea.eu\/no\/files\/2021\/01\/about-us-2.jpg\" class=\"attachment-large size-large wp-image-91412\" alt=\"|\" loading=\"lazy\" srcset=\"https:\/\/wowtea.eu\/no\/files\/2021\/01\/about-us-2.jpg 576w, https:\/\/wowtea.eu\/no\/files\/2021\/01\/about-us-2-300x249.jpg 300w\" sizes=\"(max-width: 576px) 100vw, 576px\" title=\"|\">\t\t\t\t\t\t\t\t\t\t\t\t\t\t<\/div>\n\t\t\t\t\t\t<\/div>\n\t\t\t\t<\/div>\n\t\t\t\t\t\t<\/div>\n\t\t\t\t\t<\/div>\n\t\t<\/div>\n\t\t\t\t\t\t\t\t<\/div>\n\t\t\t\t\t<\/div>\n\t\t<\/section>\n\t\t\t\t\t\t\t\t\t<\/div>\n\t\t\t<\/div>\n\t\t\t\t\t<\/div>\n\t\t","protected":false},"excerpt":{"rendered":"<p>Skj\u00f8nnhet p\u00e5 innsiden viser p\u00e5 utsiden V\u00e5rt motto I tillegg til \u00e5 f\u00e5 deg til \u00e5 se og f\u00f8le deg som ditt beste selv, tror vi p\u00e5 naturens kraft, lidenskap for sport, ren mat, en giftfri kropp med litt hjelp av v\u00e5re premium te-blandinger! Enten du har kroppen av en treningsmodell eller en hjemmev\u00e6rende mamma, vil teene v\u00e5re hjelpe deg med \u00e5 se og f\u00f8le deg absolutt best! Vi er stolte av produktene v\u00e5re og menneskene som lager dem! Vi bruker bare naturlige ingredienser av h\u00f8y kvalitet, og vi kombinerer disse n\u00f8ye utvalgte, naturlagde produktene for \u00e5 tilby deg de [&hellip;]<\/p>\n","protected":false},"author":60,"featured_media":0,"parent":0,"menu_order":0,"comment_status":"closed","ping_status":"closed","template":"","meta":{"inline_featured_image":false},"acf":[],"_links":{"self":[{"href":"https:\/\/wowtea.eu\/no\/wp-json\/wp\/v2\/pages\/404"}],"collection":[{"href":"https:\/\/wowtea.eu\/no\/wp-json\/wp\/v2\/pages"}],"about":[{"href":"https:\/\/wowtea.eu\/no\/wp-json\/wp\/v2\/types\/page"}],"author":[{"embeddable":true,"href":"https:\/\/wowtea.eu\/no\/wp-json\/wp\/v2\/users\/60"}],"replies":[{"embeddable":true,"href":"https:\/\/wowtea.eu\/no\/wp-json\/wp\/v2\/comments?post=404"}],"version-history":[{"count":1,"href":"https:\/\/wowtea.eu\/no\/wp-json\/wp\/v2\/pages\/404\/revisions"}],"predecessor-version":[{"id":117365,"href":"https:\/\/wowtea.eu\/no\/wp-json\/wp\/v2\/pages\/404\/revisions\/117365"}],"wp:attachment":[{"href":"https:\/\/wowtea.eu\/no\/wp-json\/wp\/v2\/media?parent=404"}],"curies":[{"name":"wp","href":"https:\/\/api.w.org\/{rel}","templated":true}]}}