{"id":72684,"date":"2020-10-12T10:31:32","date_gmt":"2020-10-12T08:31:32","guid":{"rendered":"https:\/\/wowtea.eu\/pl\/?page_id=72684"},"modified":"2025-10-15T12:56:25","modified_gmt":"2025-10-15T10:56:25","slug":"privacy-cookie-policies","status":"publish","type":"page","link":"https:\/\/wowtea.eu\/pl\/privacy-cookie-policies\/","title":{"rendered":"Informativa sulla privacy"},"content":{"rendered":"\t\t<div data-elementor-type=\"wp-page\" data-elementor-id=\"72684\" class=\"elementor elementor-72684\">\n\t\t\t\t\t\t<div class=\"elementor-inner\">\n\t\t\t\t<div class=\"elementor-section-wrap\">\n\t\t\t\t\t\t\t\t\t<section class=\"elementor-section elementor-top-section elementor-element elementor-element-0748cec elementor-section-full_width elementor-section-height-default elementor-section-height-default\" data-id=\"0748cec\" data-element_type=\"section\">\n\t\t\t\t\t\t<div class=\"elementor-container elementor-column-gap-default\">\n\t\t\t\t\t\t\t<div class=\"elementor-row\">\n\t\t\t\t\t<div class=\"elementor-column elementor-col-100 elementor-top-column elementor-element elementor-element-79fb472\" data-id=\"79fb472\" data-element_type=\"column\">\n\t\t\t<div class=\"elementor-column-wrap elementor-element-populated\">\n\t\t\t\t\t\t\t<div class=\"elementor-widget-wrap\">\n\t\t\t\t\t\t<div class=\"elementor-element elementor-element-447f779 elementor-widget elementor-widget-custom_title\" data-id=\"447f779\" data-element_type=\"widget\" data-widget_type=\"custom_title.default\">\n\t\t\t\t<div class=\"elementor-widget-container\">\n\t\t\t      <!-- border_title center_border -->\n      \n               <div class=\"custom_title\"  >\n            <h2 class=\"title  \"><span>Polityka prywatno\u015bci<\/span> <\/h2>\n         <\/div>\n      \n\n   \t\t<\/div>\n\t\t\t\t<\/div>\n\t\t\t\t\t\t<\/div>\n\t\t\t\t\t<\/div>\n\t\t<\/div>\n\t\t\t\t\t\t\t\t<\/div>\n\t\t\t\t\t<\/div>\n\t\t<\/section>\n\t\t\t\t<section class=\"elementor-section elementor-top-section elementor-element elementor-element-87f852f elementor-section-boxed elementor-section-height-default elementor-section-height-default\" data-id=\"87f852f\" data-element_type=\"section\">\n\t\t\t\t\t\t<div class=\"elementor-container elementor-column-gap-default\">\n\t\t\t\t\t\t\t<div class=\"elementor-row\">\n\t\t\t\t\t<div class=\"elementor-column elementor-col-100 elementor-top-column elementor-element elementor-element-1b4eccc\" data-id=\"1b4eccc\" data-element_type=\"column\">\n\t\t\t<div class=\"elementor-column-wrap elementor-element-populated\">\n\t\t\t\t\t\t\t<div class=\"elementor-widget-wrap\">\n\t\t\t\t\t\t<div class=\"elementor-element elementor-element-56f693d elementor-widget elementor-widget-text-editor\" data-id=\"56f693d\" data-element_type=\"widget\" data-widget_type=\"text-editor.default\">\n\t\t\t\t<div class=\"elementor-widget-container\">\n\t\t\t\t\t\t\t\t<div class=\"elementor-text-editor elementor-clearfix\">\n\t\t\t\t<p><span data-sheets-value=\"{&quot;1&quot;:2,&quot;2&quot;:&quot;Zarz\u0105dzanie danymi osobowymi&quot;}\" data-sheets-userformat=\"{&quot;2&quot;:15233,&quot;3&quot;:{&quot;1&quot;:0},&quot;10&quot;:2,&quot;11&quot;:4,&quot;12&quot;:0,&quot;14&quot;:{&quot;1&quot;:2,&quot;2&quot;:0},&quot;15&quot;:&quot;Arial, sans-serif&quot;,&quot;16&quot;:11}\">Zarz\u0105dzanie danymi osobowymi\u00a0<\/span><\/p><p><span data-sheets-value=\"{&quot;1&quot;:2,&quot;2&quot;:&quot;Wszelkie informacje przekazane na temat danych osobowych lub zebrane w ramach operacji na wowtea.co.uk b\u0119d\u0105 przetwarzane przez ATOP Ltd. z siedzib\u0105 w Bu\u0142garii, Blvd. Bu\u0142garia 81B, fl. 4, biuro 7, Sofia 1608&quot;}\" data-sheets-userformat=\"{&quot;2&quot;:15233,&quot;3&quot;:{&quot;1&quot;:0},&quot;10&quot;:2,&quot;11&quot;:4,&quot;12&quot;:0,&quot;14&quot;:{&quot;1&quot;:2,&quot;2&quot;:0},&quot;15&quot;:&quot;Arial, sans-serif&quot;,&quot;16&quot;:11}\">Wszelkie informacje przekazane na temat danych osobowych lub zebrane w ramach operacji na wowtea.co.uk b\u0119d\u0105 przetwarzane przez ATOP Ltd. z siedzib\u0105 w 79 Nikola Gabrovski Str., Fl. 1, Sofia 1700, Bulgaria<\/span><\/p><p><span data-sheets-value=\"{&quot;1&quot;:2,&quot;2&quot;:&quot;WOW TEA gwarantuje bezpiecze\u0144stwo i poufno\u015b\u0107 informacji przekazywanych i przesy\u0142anych za po\u015brednictwem naszego systemu informatycznego.&quot;}\" data-sheets-userformat=\"{&quot;2&quot;:15233,&quot;3&quot;:{&quot;1&quot;:0},&quot;10&quot;:2,&quot;11&quot;:4,&quot;12&quot;:0,&quot;14&quot;:{&quot;1&quot;:2,&quot;2&quot;:0},&quot;15&quot;:&quot;Arial, sans-serif&quot;,&quot;16&quot;:11}\">WOW TEA gwarantuje bezpiecze\u0144stwo i poufno\u015b\u0107 informacji przekazywanych i przesy\u0142anych za po\u015brednictwem naszego systemu informatycznego.<\/span><\/p><p><span data-sheets-value=\"{&quot;1&quot;:2,&quot;2&quot;:&quot;Dane i informacje osobowe przekazane przez U\u017bYTKOWNIK\u00d3W\/KLIENT\u00d3W wykorzystywane s\u0105 przez WOW TEA w celu zarz\u0105dzania zam\u00f3wieniami, dostarczania produkt\u00f3w i us\u0142ug, przetwarzania p\u0142atno\u015bci, komunikacji z U\u017bYTKOWNIKAMI\/KLIENTAMI w sprawie zam\u00f3wie\u0144, produkt\u00f3w, us\u0142ug i ofert promocyjnych lub rekomendacji produkt\u00f3w. Oto wykaz tego, do czego dane b\u0119d\u0105 wykorzystywane:&quot;}\" data-sheets-userformat=\"{&quot;2&quot;:15233,&quot;3&quot;:{&quot;1&quot;:0},&quot;10&quot;:2,&quot;11&quot;:4,&quot;12&quot;:0,&quot;14&quot;:{&quot;1&quot;:2,&quot;2&quot;:0},&quot;15&quot;:&quot;Arial, sans-serif&quot;,&quot;16&quot;:11}\">Dane i informacje osobowe przekazane przez U\u017bYTKOWNIK\u00d3W\/KLIENT\u00d3W wykorzystywane s\u0105 przez WOW TEA w celu zarz\u0105dzania zam\u00f3wieniami, dostarczania produkt\u00f3w i us\u0142ug, przetwarzania p\u0142atno\u015bci, komunikacji z U\u017bYTKOWNIKAMI\/KLIENTAMI w sprawie zam\u00f3wie\u0144, produkt\u00f3w, us\u0142ug i ofert promocyjnych lub rekomendacji produkt\u00f3w. Oto wykaz tego, do czego dane b\u0119d\u0105 wykorzystywane:<\/span><\/p><p>Nazwa: do dor\u0119czenia za po\u015brednictwem DPD i InPost<br \/>Nazwisko: dostawa za po\u015brednictwem DPD i InPost<br \/>Numer telefonu: dostawa za po\u015brednictwem DPD i InPost<br \/>Adres: dostawa za po\u015brednictwem DPD i InPost<br \/>Adres e-mail: kontakt z u\u017cytkownikiem w przypadku problem\u00f3w z dostaw\u0105 lub nieprawid\u0142owego numeru telefonu. Wysy\u0142anie informacji o nowo\u015bciach, aktualnych promocjach i ciekawych artyku\u0142ach. Istnieje mo\u017cliwo\u015b\u0107 wypisania si\u0119 z listy subskrybent\u00f3w poprzez klikni\u0119cie przycisku \u201eKliknij tutaj, aby przesta\u0107 otrzymywa\u0107 od nas wiadomo\u015bci\u201d znajduj\u0105cego si\u0119 w samej wiadomo\u015bci e-mail.<br \/>Polityka prywatno\u015bci dla podmiot\u00f3w trzecich korzystaj\u0105cych z danych osobowych pochodz\u0105cych z wowtea.eu\/pl<\/p><p><strong>Adyen<\/strong><br \/>https:\/\/www.adyen.com\/privacy-policy<br \/><strong>Mollie<\/strong><br \/>https:\/\/www.mollie.com\/legal\/privacy<br \/><strong>PayPal<\/strong><br \/>https:\/\/www.paypal.com\/us\/legalhub\/paypal\/privacy-full<br \/><strong>ZEN<\/strong><br \/>https:\/\/www.zen.com\/privacy-policy\/<br \/><strong>InPost<\/strong><br \/>https:\/\/inpost.pl\/polityka-prywatnosci<br \/><strong>Facebook<\/strong><br \/>https:\/\/www.facebook.com\/privacy\/policies\/cookies\/<br \/><strong>Klaviyo<\/strong><br \/>https:\/\/www.klaviyo.com\/legal\/privacy\/privacy-notice<br \/><strong>Google Analytics<\/strong><br \/>https:\/\/policies.google.com\/technologies\/cookies<br \/><strong>WhatsApp <\/strong><br \/>https:\/\/www.whatsapp.com\/legal\/privacy-policy<br \/><strong>Pinterest<\/strong><br \/>https:\/\/policy.pinterest.com\/en\/privacy-policy<\/p><p><span data-sheets-value=\"{&quot;1&quot;:2,&quot;2&quot;:&quot;Rozporz\u0105dzenie Parlamentu Europejskiego i Rady (UE) 2016\/679 z dnia 27 kwietnia 2016 r. w sprawie ochrony os\u00f3b fizycznych w zwi\u0105zku z przetwarzaniem danych osobowych i w sprawie swobodnego przep\u0142ywu takich danych oraz uchylenia dyrektywy 95\/46\/WE :&quot;}\" data-sheets-userformat=\"{&quot;2&quot;:15233,&quot;3&quot;:{&quot;1&quot;:0},&quot;10&quot;:2,&quot;11&quot;:4,&quot;12&quot;:0,&quot;14&quot;:{&quot;1&quot;:2,&quot;2&quot;:0},&quot;15&quot;:&quot;Arial, sans-serif&quot;,&quot;16&quot;:11}\">Rozporz\u0105dzenie Parlamentu Europejskiego i Rady (UE) 2016\/679 z dnia 27 kwietnia 2016 r. w sprawie ochrony os\u00f3b fizycznych w zwi\u0105zku z przetwarzaniem danych osobowych i w sprawie swobodnego przep\u0142ywu takich danych oraz uchylenia dyrektywy 95\/46\/WE <\/span>:<br \/>https:\/\/eur-lex.europa.eu\/eli\/reg\/2016\/679\/oj<\/p><p><strong><span data-sheets-value=\"{&quot;1&quot;:2,&quot;2&quot;:&quot;CO ROBIMY Z TWOIMI DANYMI?&quot;}\" data-sheets-userformat=\"{&quot;2&quot;:15233,&quot;3&quot;:{&quot;1&quot;:0},&quot;10&quot;:2,&quot;11&quot;:4,&quot;12&quot;:0,&quot;14&quot;:{&quot;1&quot;:2,&quot;2&quot;:0},&quot;15&quot;:&quot;Calibri, sans-serif&quot;,&quot;16&quot;:11}\">CO ROBIMY Z TWOIMI DANYMI?<\/span><\/strong><\/p><p><span data-sheets-value=\"{&quot;1&quot;:2,&quot;2&quot;:&quot;Kiedy kupujesz co\u015b w naszym sklepie, w ramach procesu kupna i sprzeda\u017cy, zbieramy dane osobowe, kt\u00f3re nam przekazujesz, takie jak imi\u0119 i nazwisko, adres i adres e-mail. Gdy przegl\u0105dasz nasz sklep, automatycznie otrzymujemy r\u00f3wnie\u017c adres protoko\u0142u internetowego (IP) Twojego komputera, aby dostarczy\u0107 nam informacji, kt\u00f3re pomagaj\u0105 nam pozna\u0107 Twoj\u0105 przegl\u0105dark\u0119 i system operacyjny. Marketing e-mailowy (je\u015bli dotyczy): Za Twoj\u0105 zgod\u0105 mo\u017cemy wysy\u0142a\u0107 Ci e-maile o naszym sklepie, nowych produktach i innych aktualizacjach. Marketing tekstowy i powiadomienia: Subskrybuj\u0105c powiadomienia tekstowe, wyra\u017casz zgod\u0119 na otrzymywanie cyklicznych, automatycznych wiadomo\u015bci marketingowych na podany numer telefonu. Zgoda nie jest warunkiem zakupu. Odpowiedz STOP, aby anulowa\u0107 subskrypcj\u0119. POMOC by otrzyma\u0107 pomoc. Mog\u0105 obowi\u0105zywa\u0107 stawki za wiadomo\u015bci i dane. Wi\u0119cej informacji zobacz Polityk\u0119 prywatno\u015bci i Regulamin.&quot;}\" data-sheets-userformat=\"{&quot;2&quot;:15105,&quot;3&quot;:{&quot;1&quot;:0},&quot;11&quot;:4,&quot;12&quot;:0,&quot;14&quot;:{&quot;1&quot;:2,&quot;2&quot;:0},&quot;15&quot;:&quot;Arial, sans-serif&quot;,&quot;16&quot;:11}\">Kiedy kupujesz co\u015b w naszym sklepie, w ramach procesu kupna i sprzeda\u017cy, zbieramy dane osobowe, kt\u00f3re nam przekazujesz, takie jak imi\u0119 i nazwisko, adres i adres e-mail. Gdy przegl\u0105dasz nasz sklep, automatycznie otrzymujemy r\u00f3wnie\u017c adres protoko\u0142u internetowego (IP) Twojego komputera, aby dostarczy\u0107 nam informacji, kt\u00f3re pomagaj\u0105 nam pozna\u0107 Twoj\u0105 przegl\u0105dark\u0119 i system operacyjny. Marketing e-mailowy (je\u015bli dotyczy): Za Twoj\u0105 zgod\u0105 mo\u017cemy wysy\u0142a\u0107 Ci e-maile o naszym sklepie, nowych produktach i innych aktualizacjach. Marketing tekstowy i powiadomienia: Subskrybuj\u0105c powiadomienia tekstowe, wyra\u017casz zgod\u0119 na otrzymywanie cyklicznych, automatycznych wiadomo\u015bci marketingowych na podany numer telefonu. Zgoda nie jest warunkiem zakupu. Odpowiedz STOP, aby anulowa\u0107 subskrypcj\u0119. POMOC by otrzyma\u0107 pomoc. Mog\u0105 obowi\u0105zywa\u0107 stawki za wiadomo\u015bci i dane. Wi\u0119cej informacji zobacz Polityk\u0119 prywatno\u015bci i Regulamin.<\/span><\/p><p><strong><span data-sheets-value=\"{&quot;1&quot;:2,&quot;2&quot;:&quot;ZGODA&quot;}\" data-sheets-userformat=\"{&quot;2&quot;:15233,&quot;3&quot;:{&quot;1&quot;:0},&quot;10&quot;:2,&quot;11&quot;:4,&quot;12&quot;:0,&quot;14&quot;:{&quot;1&quot;:2,&quot;2&quot;:0},&quot;15&quot;:&quot;Arial, sans-serif&quot;,&quot;16&quot;:11}\">ZGODA<\/span><\/strong><\/p><p><span data-sheets-value=\"{&quot;1&quot;:2,&quot;2&quot;:&quot;Jak uzyskiwana jest zgoda? Kiedy przekazujesz nam dane osobowe w celu sfinalizowania transakcji, weryfikacji karty kredytowej, z\u0142o\u017cenia zam\u00f3wienia, zorganizowania dostawy lub zwrotu zakupu, oznacza to, \u017ce wyra\u017casz zgod\u0119 na ich gromadzenie i wykorzystywanie wy\u0142\u0105cznie w tym konkretnym celu. Je\u015bli poprosimy Ci\u0119 o podanie danych osobowych z drugorz\u0119dnego powodu, np. marketingowego, poprosimy Ci\u0119 bezpo\u015brednio o wyra\u017cenie zgody lub umo\u017cliwimy Ci odmow\u0119. Jak wycofa\u0107 zgod\u0119? Je\u015bli po wyra\u017ceniu zgody zmienisz zdanie, mo\u017cesz w dowolnym momencie wycofa\u0107 swoj\u0105 zgod\u0119 na kontaktowanie si\u0119 z Tob\u0105 w celu dalszego gromadzenia, wykorzystywania lub ujawniania Twoich danych, wysy\u0142aj\u0105c wiadomo\u015b\u0107 na adres: customers@wowtea.eu&quot;}\" data-sheets-userformat=\"{&quot;2&quot;:15105,&quot;3&quot;:{&quot;1&quot;:0},&quot;11&quot;:4,&quot;12&quot;:0,&quot;14&quot;:{&quot;1&quot;:2,&quot;2&quot;:0},&quot;15&quot;:&quot;Arial, sans-serif&quot;,&quot;16&quot;:11}\">Jak uzyskiwana jest zgoda? Kiedy przekazujesz nam dane osobowe w celu sfinalizowania transakcji, weryfikacji karty kredytowej, z\u0142o\u017cenia zam\u00f3wienia, zorganizowania dostawy lub zwrotu zakupu, oznacza to, \u017ce wyra\u017casz zgod\u0119 na ich gromadzenie i wykorzystywanie wy\u0142\u0105cznie w tym konkretnym celu. Je\u015bli poprosimy Ci\u0119 o podanie danych osobowych z drugorz\u0119dnego powodu, np. marketingowego, poprosimy Ci\u0119 bezpo\u015brednio o wyra\u017cenie zgody lub umo\u017cliwimy Ci odmow\u0119. Jak wycofa\u0107 zgod\u0119? Je\u015bli po wyra\u017ceniu zgody zmienisz zdanie, mo\u017cesz w dowolnym momencie wycofa\u0107 swoj\u0105 zgod\u0119 na kontaktowanie si\u0119 z Tob\u0105 w celu dalszego gromadzenia, wykorzystywania lub ujawniania Twoich danych, wysy\u0142aj\u0105c wiadomo\u015b\u0107 na adres: customers@wowtea.eu<\/span><\/p><p><strong><span data-sheets-value=\"{&quot;1&quot;:2,&quot;2&quot;:&quot;PE\u0141NOLETNO\u015a\u0106&quot;}\" data-sheets-userformat=\"{&quot;2&quot;:15233,&quot;3&quot;:{&quot;1&quot;:0},&quot;10&quot;:2,&quot;11&quot;:4,&quot;12&quot;:0,&quot;14&quot;:{&quot;1&quot;:2,&quot;2&quot;:0},&quot;15&quot;:&quot;Arial, sans-serif&quot;,&quot;16&quot;:11}\">PE\u0141NOLETNO\u015a\u0106<\/span><\/strong><\/p><p><span data-sheets-value=\"{&quot;1&quot;:2,&quot;2&quot;:&quot;Korzystaj\u0105c z tej witryny, o\u015bwiadczasz, \u017ce jeste\u015b co najmniej pe\u0142noletni w swoim kraju lub miejscu zamieszkania lub \u017ce jeste\u015b pe\u0142noletni w swoim kraju lub miejscu zamieszkania i wyrazi\u0142e\u015b zgod\u0119 swoim nieletnim osobom na utrzymaniu do korzystania z tej witryny.&quot;}\" data-sheets-userformat=\"{&quot;2&quot;:15233,&quot;3&quot;:{&quot;1&quot;:0},&quot;10&quot;:2,&quot;11&quot;:4,&quot;12&quot;:0,&quot;14&quot;:{&quot;1&quot;:2,&quot;2&quot;:0},&quot;15&quot;:&quot;Arial, sans-serif&quot;,&quot;16&quot;:11}\">Korzystaj\u0105c z tej witryny, o\u015bwiadczasz, \u017ce jeste\u015b co najmniej pe\u0142noletni w swoim kraju lub miejscu zamieszkania lub \u017ce jeste\u015b pe\u0142noletni w swoim kraju lub miejscu zamieszkania i wyrazi\u0142e\u015b zgod\u0119 swoim nieletnim osobom na utrzymaniu do korzystania z tej witryny.<\/span><\/p><p><strong><span data-sheets-value=\"{&quot;1&quot;:2,&quot;2&quot;:&quot;US\u0141UGI STRON TRZECICH&quot;}\" data-sheets-userformat=\"{&quot;2&quot;:15233,&quot;3&quot;:{&quot;1&quot;:0},&quot;10&quot;:2,&quot;11&quot;:4,&quot;12&quot;:0,&quot;14&quot;:{&quot;1&quot;:2,&quot;2&quot;:0},&quot;15&quot;:&quot;Arial, sans-serif&quot;,&quot;16&quot;:11}\">US\u0141UGI STRON TRZECICH<\/span><\/strong><\/p><p><span data-sheets-value=\"{&quot;1&quot;:2,&quot;2&quot;:&quot;Og\u00f3lnie rzecz bior\u0105c, dostawcy zewn\u0119trzni, z kt\u00f3rych korzystamy, b\u0119d\u0105 gromadzi\u0107, wykorzystywa\u0107 i ujawnia\u0107 Twoje dane wy\u0142\u0105cznie w zakresie niezb\u0119dnym do umo\u017cliwienia im \u015bwiadczenia us\u0142ug, kt\u00f3re nam \u015bwiadcz\u0105. Jednak\u017ce niekt\u00f3rzy zewn\u0119trzni dostawcy us\u0142ug, tacy jak bramki p\u0142atnicze i inne podmioty przetwarzaj\u0105ce transakcje p\u0142atnicze, maj\u0105 w\u0142asne zasady ochrony prywatno\u015bci w odniesieniu do informacji, kt\u00f3re jeste\u015bmy im zobowi\u0105zani przekazywa\u0107 w zwi\u0105zku z transakcjami zwi\u0105zanymi z zakupami. W przypadku tych dostawc\u00f3w zalecamy zapoznanie si\u0119 z ich polityk\u0105 prywatno\u015bci, aby zrozumie\u0107, w jaki spos\u00f3b Twoje dane osobowe b\u0119d\u0105 przetwarzane przez tych dostawc\u00f3w. W szczeg\u00f3lno\u015bci nale\u017cy pami\u0119ta\u0107, \u017ce niekt\u00f3rzy dostawcy mog\u0105 mie\u0107 siedzib\u0119 lub mie\u0107 obiekty znajduj\u0105ce si\u0119 w innej jurysdykcji ni\u017c Ty lub my. Je\u015bli wi\u0119c zdecydujesz si\u0119 na transakcj\u0119 obejmuj\u0105c\u0105 us\u0142ugi zewn\u0119trznego us\u0142ugodawcy, Twoje dane mog\u0105 podlega\u0107 prawu miejsca, w kt\u00f3rym znajduje si\u0119 ten us\u0142ugodawca lub jego obiekty.&quot;}\" data-sheets-userformat=\"{&quot;2&quot;:15105,&quot;3&quot;:{&quot;1&quot;:0},&quot;11&quot;:4,&quot;12&quot;:0,&quot;14&quot;:{&quot;1&quot;:2,&quot;2&quot;:0},&quot;15&quot;:&quot;Arial, sans-serif&quot;,&quot;16&quot;:11}\">Og\u00f3lnie rzecz bior\u0105c, dostawcy zewn\u0119trzni, z kt\u00f3rych korzystamy, b\u0119d\u0105 gromadzi\u0107, wykorzystywa\u0107 i ujawnia\u0107 Twoje dane wy\u0142\u0105cznie w zakresie niezb\u0119dnym do umo\u017cliwienia im \u015bwiadczenia us\u0142ug, kt\u00f3re nam \u015bwiadcz\u0105. Jednak\u017ce niekt\u00f3rzy zewn\u0119trzni dostawcy us\u0142ug, tacy jak bramki p\u0142atnicze i inne podmioty przetwarzaj\u0105ce transakcje p\u0142atnicze, maj\u0105 w\u0142asne zasady ochrony prywatno\u015bci w odniesieniu do informacji, kt\u00f3re jeste\u015bmy im zobowi\u0105zani przekazywa\u0107 w zwi\u0105zku z transakcjami zwi\u0105zanymi z zakupami. W przypadku tych dostawc\u00f3w zalecamy zapoznanie si\u0119 z ich polityk\u0105 prywatno\u015bci, aby zrozumie\u0107, w jaki spos\u00f3b Twoje dane osobowe b\u0119d\u0105 przetwarzane przez tych dostawc\u00f3w. W szczeg\u00f3lno\u015bci nale\u017cy pami\u0119ta\u0107, \u017ce niekt\u00f3rzy dostawcy mog\u0105 mie\u0107 siedzib\u0119 lub mie\u0107 obiekty znajduj\u0105ce si\u0119 w innej jurysdykcji ni\u017c Ty lub my. Je\u015bli wi\u0119c zdecydujesz si\u0119 na transakcj\u0119 obejmuj\u0105c\u0105 us\u0142ugi zewn\u0119trznego us\u0142ugodawcy, Twoje dane mog\u0105 podlega\u0107 prawu miejsca, w kt\u00f3rym znajduje si\u0119 ten us\u0142ugodawca lub jego obiekty.<\/span><\/p><p><strong><span data-sheets-value=\"{&quot;1&quot;:2,&quot;2&quot;:&quot;ZMIANY W NINIEJSZEJ POLITYCE PRYWATNO\u015aCI&quot;}\" data-sheets-userformat=\"{&quot;2&quot;:15233,&quot;3&quot;:{&quot;1&quot;:0},&quot;10&quot;:2,&quot;11&quot;:4,&quot;12&quot;:0,&quot;14&quot;:{&quot;1&quot;:2,&quot;2&quot;:0},&quot;15&quot;:&quot;Arial, sans-serif&quot;,&quot;16&quot;:11}\">ZMIANY W NINIEJSZEJ POLITYCE PRYWATNO\u015aCI<\/span><\/strong><\/p><p><span data-sheets-value=\"{&quot;1&quot;:2,&quot;2&quot;:&quot;Zastrzegamy sobie prawo do zmiany niniejszej polityki prywatno\u015bci w dowolnym momencie, dlatego prosimy o cz\u0119ste jej przegl\u0105danie. Zmiany i wyja\u015bnienia wchodz\u0105 w \u017cycie niezw\u0142ocznie po ich opublikowaniu na stronie internetowej. Je\u015bli dokonamy istotnych zmian w niniejszej polityce, powiadomimy Ci\u0119 tutaj, \u017ce zosta\u0142a ona zaktualizowana, aby\u015b wiedzia\u0142, jakie informacje gromadzimy, w jaki spos\u00f3b je wykorzystujemy oraz w jakich okoliczno\u015bciach, je\u015bli w og\u00f3le, wykorzystujemy i\/lub je ujawniamy.&quot;}\" data-sheets-userformat=\"{&quot;2&quot;:15233,&quot;3&quot;:{&quot;1&quot;:0},&quot;10&quot;:2,&quot;11&quot;:4,&quot;12&quot;:0,&quot;14&quot;:{&quot;1&quot;:2,&quot;2&quot;:0},&quot;15&quot;:&quot;Arial, sans-serif&quot;,&quot;16&quot;:11}\">Zastrzegamy sobie prawo do zmiany niniejszej polityki prywatno\u015bci w dowolnym momencie, dlatego prosimy o cz\u0119ste jej przegl\u0105danie. Zmiany i wyja\u015bnienia wchodz\u0105 w \u017cycie niezw\u0142ocznie po ich opublikowaniu na stronie internetowej. Je\u015bli dokonamy istotnych zmian w niniejszej polityce, powiadomimy Ci\u0119 tutaj, \u017ce zosta\u0142a ona zaktualizowana, aby\u015b wiedzia\u0142, jakie informacje gromadzimy, w jaki spos\u00f3b je wykorzystujemy oraz w jakich okoliczno\u015bciach, je\u015bli w og\u00f3le, wykorzystujemy i\/lub je ujawniamy.<\/span><\/p><p><strong><span data-sheets-value=\"{&quot;1&quot;:2,&quot;2&quot;:&quot;PYTANIA I INFORMACJE KONTAKTOWE&quot;}\" data-sheets-userformat=\"{&quot;2&quot;:15233,&quot;3&quot;:{&quot;1&quot;:0},&quot;10&quot;:2,&quot;11&quot;:4,&quot;12&quot;:0,&quot;14&quot;:{&quot;1&quot;:2,&quot;2&quot;:0},&quot;15&quot;:&quot;Arial, sans-serif&quot;,&quot;16&quot;:11}\">PYTANIA I INFORMACJE KONTAKTOWE<\/span><\/strong><\/p><p><span data-sheets-value=\"{&quot;1&quot;:2,&quot;2&quot;:&quot;Je\u015bli chcesz: uzyska\u0107 dost\u0119p, poprawi\u0107, zmieni\u0107 lub usun\u0105\u0107 jakiekolwiek dane osobowe, kt\u00f3re posiadamy na Tw\u00f3j temat, zarejestrowa\u0107 skarg\u0119 lub po prostu chcesz uzyska\u0107 wi\u0119cej informacji, skontaktuj si\u0119 z nami pod adresem&quot;}\" data-sheets-userformat=\"{&quot;2&quot;:15233,&quot;3&quot;:{&quot;1&quot;:0},&quot;10&quot;:2,&quot;11&quot;:4,&quot;12&quot;:0,&quot;14&quot;:{&quot;1&quot;:2,&quot;2&quot;:0},&quot;15&quot;:&quot;Arial, sans-serif&quot;,&quot;16&quot;:11}\">Je\u015bli chcesz: uzyska\u0107 dost\u0119p, poprawi\u0107, zmieni\u0107 lub usun\u0105\u0107 jakiekolwiek dane osobowe, kt\u00f3re posiadamy na Tw\u00f3j temat, zarejestrowa\u0107 skarg\u0119 lub po prostu chcesz uzyska\u0107 wi\u0119cej informacji, skontaktuj si\u0119 z nami pod adresem<\/span><br \/>customers@wowtea.eu<\/p>\t\t\t\t\t<\/div>\n\t\t\t\t\t\t<\/div>\n\t\t\t\t<\/div>\n\t\t\t\t\t\t<\/div>\n\t\t\t\t\t<\/div>\n\t\t<\/div>\n\t\t\t\t\t\t\t\t<\/div>\n\t\t\t\t\t<\/div>\n\t\t<\/section>\n\t\t\t\t\t\t\t\t\t<\/div>\n\t\t\t<\/div>\n\t\t\t\t\t<\/div>\n\t\t","protected":false},"excerpt":{"rendered":"<p>Polityka prywatno\u015bci Zarz\u0105dzanie danymi osobowymi\u00a0 Wszelkie informacje przekazane na temat danych osobowych lub zebrane w ramach operacji na wowtea.co.uk b\u0119d\u0105 przetwarzane przez ATOP Ltd. z siedzib\u0105 w 79 Nikola Gabrovski Str., Fl. 1, Sofia 1700, Bulgaria WOW TEA gwarantuje bezpiecze\u0144stwo i poufno\u015b\u0107 informacji przekazywanych i przesy\u0142anych za po\u015brednictwem naszego systemu informatycznego. Dane i informacje osobowe przekazane przez U\u017bYTKOWNIK\u00d3W\/KLIENT\u00d3W wykorzystywane s\u0105 przez WOW TEA w celu zarz\u0105dzania zam\u00f3wieniami, dostarczania produkt\u00f3w i us\u0142ug, przetwarzania p\u0142atno\u015bci, komunikacji z U\u017bYTKOWNIKAMI\/KLIENTAMI w sprawie zam\u00f3wie\u0144, produkt\u00f3w, us\u0142ug i ofert promocyjnych lub rekomendacji produkt\u00f3w. Oto wykaz tego, do czego dane b\u0119d\u0105 wykorzystywane: Nazwa: do dor\u0119czenia za po\u015brednictwem [&hellip;]<\/p>\n","protected":false},"author":1,"featured_media":0,"parent":0,"menu_order":0,"comment_status":"closed","ping_status":"closed","template":"","meta":{"inline_featured_image":false},"acf":[],"_links":{"self":[{"href":"https:\/\/wowtea.eu\/pl\/wp-json\/wp\/v2\/pages\/72684"}],"collection":[{"href":"https:\/\/wowtea.eu\/pl\/wp-json\/wp\/v2\/pages"}],"about":[{"href":"https:\/\/wowtea.eu\/pl\/wp-json\/wp\/v2\/types\/page"}],"author":[{"embeddable":true,"href":"https:\/\/wowtea.eu\/pl\/wp-json\/wp\/v2\/users\/1"}],"replies":[{"embeddable":true,"href":"https:\/\/wowtea.eu\/pl\/wp-json\/wp\/v2\/comments?post=72684"}],"version-history":[{"count":22,"href":"https:\/\/wowtea.eu\/pl\/wp-json\/wp\/v2\/pages\/72684\/revisions"}],"predecessor-version":[{"id":173012,"href":"https:\/\/wowtea.eu\/pl\/wp-json\/wp\/v2\/pages\/72684\/revisions\/173012"}],"wp:attachment":[{"href":"https:\/\/wowtea.eu\/pl\/wp-json\/wp\/v2\/media?parent=72684"}],"curies":[{"name":"wp","href":"https:\/\/api.w.org\/{rel}","templated":true}]}}