{"id":89470,"date":"2021-08-16T09:58:18","date_gmt":"2021-08-16T07:58:18","guid":{"rendered":"https:\/\/wowtea.eu\/pl\/?page_id=89470"},"modified":"2023-10-12T10:48:35","modified_gmt":"2023-10-12T08:48:35","slug":"payment-information","status":"publish","type":"page","link":"https:\/\/wowtea.eu\/pl\/payment-information\/","title":{"rendered":"Metody p\u0142atno\u015bci"},"content":{"rendered":"\t\t<div data-elementor-type=\"wp-page\" data-elementor-id=\"89470\" class=\"elementor elementor-89470\">\n\t\t\t\t\t\t<div class=\"elementor-inner\">\n\t\t\t\t<div class=\"elementor-section-wrap\">\n\t\t\t\t\t\t\t\t\t<section class=\"elementor-section elementor-top-section elementor-element elementor-element-4e68e37 elementor-section-boxed elementor-section-height-default elementor-section-height-default\" data-id=\"4e68e37\" data-element_type=\"section\">\n\t\t\t\t\t\t<div class=\"elementor-container elementor-column-gap-default\">\n\t\t\t\t\t\t\t<div class=\"elementor-row\">\n\t\t\t\t\t<div class=\"elementor-column elementor-col-100 elementor-top-column elementor-element elementor-element-95b8db6\" data-id=\"95b8db6\" data-element_type=\"column\">\n\t\t\t<div class=\"elementor-column-wrap elementor-element-populated\">\n\t\t\t\t\t\t\t<div class=\"elementor-widget-wrap\">\n\t\t\t\t\t\t<div class=\"elementor-element elementor-element-e388b43 elementor-widget elementor-widget-heading\" data-id=\"e388b43\" data-element_type=\"widget\" data-widget_type=\"heading.default\">\n\t\t\t\t<div class=\"elementor-widget-container\">\n\t\t\t<h2 class=\"elementor-heading-title elementor-size-default\">Metody p\u0142atno\u015bci<\/h2>\t\t<\/div>\n\t\t\t\t<\/div>\n\t\t\t\t\t\t<\/div>\n\t\t\t\t\t<\/div>\n\t\t<\/div>\n\t\t\t\t\t\t\t\t<\/div>\n\t\t\t\t\t<\/div>\n\t\t<\/section>\n\t\t\t\t<section class=\"elementor-section elementor-top-section elementor-element elementor-element-a964298 elementor-section-boxed elementor-section-height-default elementor-section-height-default\" data-id=\"a964298\" data-element_type=\"section\">\n\t\t\t\t\t\t<div class=\"elementor-container elementor-column-gap-default\">\n\t\t\t\t\t\t\t<div class=\"elementor-row\">\n\t\t\t\t\t<div class=\"elementor-column elementor-col-100 elementor-top-column elementor-element elementor-element-793e8ff\" data-id=\"793e8ff\" data-element_type=\"column\">\n\t\t\t<div class=\"elementor-column-wrap elementor-element-populated\">\n\t\t\t\t\t\t\t<div class=\"elementor-widget-wrap\">\n\t\t\t\t\t\t<div class=\"elementor-element elementor-element-aebebdf elementor-widget elementor-widget-text-editor\" data-id=\"aebebdf\" data-element_type=\"widget\" data-widget_type=\"text-editor.default\">\n\t\t\t\t<div class=\"elementor-widget-container\">\n\t\t\t\t\t\t\t\t<div class=\"elementor-text-editor elementor-clearfix\">\n\t\t\t\t<p>63. Ceny towar\u00f3w i us\u0142ug s\u0105 ostateczne i zawieraj\u0105 podatek VAT, a tak\u017ce wszelkie inne podatki i op\u0142aty przewidziane w obowi\u0105zuj\u0105cych przepisach.<\/p><p>64. Cena i spos\u00f3b p\u0142atno\u015bci s\u0105 wskazane w ka\u017cdym zam\u00f3wieniu.<\/p><p>65. Metody p\u0142atno\u015bci oferowane przez &#8220;WOW Tea&#8221; to: p\u0142atno\u015b\u0107 za pobraniem, przelew za po\u015brednictwem PayPal, karta kredytowa\/debetowa.<\/p><p>66. Klient zgadza si\u0119 dokona\u0107 p\u0142atno\u015bci zgodnie z wybran\u0105 przez siebie metod\u0105 i warunkami umowy sprzeda\u017cy na odleg\u0142o\u015b\u0107 po jej zawarciu i na warunkach mi\u0119dzy Klientem a odpowiednim dostawc\u0105 us\u0142ug p\u0142atniczych.<\/p><p>67. Klient zgadza si\u0119, \u017ce Sprzedawca ma prawo \u017c\u0105da\u0107 i przyjmowa\u0107 zaliczki na poczet um\u00f3w kupna-sprzeda\u017cy towar\u00f3w i ich dostawy.<\/p><p>68 . W przypadku, gdy &#8220;WOW Tea&#8221; nie otrzyma p\u0142atno\u015bci zgodnie ze sposobem wybranym przez Klienta i w uzgodnionych terminach przed realizacj\u0105 zam\u00f3wienia, zostanie ono uznane za odrzucone przez Klienta.<\/p>\t\t\t\t\t<\/div>\n\t\t\t\t\t\t<\/div>\n\t\t\t\t<\/div>\n\t\t\t\t\t\t<\/div>\n\t\t\t\t\t<\/div>\n\t\t<\/div>\n\t\t\t\t\t\t\t\t<\/div>\n\t\t\t\t\t<\/div>\n\t\t<\/section>\n\t\t\t\t\t\t\t\t\t<\/div>\n\t\t\t<\/div>\n\t\t\t\t\t<\/div>\n\t\t","protected":false},"excerpt":{"rendered":"<p>Metody p\u0142atno\u015bci 63. Ceny towar\u00f3w i us\u0142ug s\u0105 ostateczne i zawieraj\u0105 podatek VAT, a tak\u017ce wszelkie inne podatki i op\u0142aty przewidziane w obowi\u0105zuj\u0105cych przepisach. 64. Cena i spos\u00f3b p\u0142atno\u015bci s\u0105 wskazane w ka\u017cdym zam\u00f3wieniu. 65. Metody p\u0142atno\u015bci oferowane przez &#8220;WOW Tea&#8221; to: p\u0142atno\u015b\u0107 za pobraniem, przelew za po\u015brednictwem PayPal, karta kredytowa\/debetowa. 66. Klient zgadza si\u0119 dokona\u0107 p\u0142atno\u015bci zgodnie z wybran\u0105 przez siebie metod\u0105 i warunkami umowy sprzeda\u017cy na odleg\u0142o\u015b\u0107 po jej zawarciu i na warunkach mi\u0119dzy Klientem a odpowiednim dostawc\u0105 us\u0142ug p\u0142atniczych. 67. Klient zgadza si\u0119, \u017ce Sprzedawca ma prawo \u017c\u0105da\u0107 i przyjmowa\u0107 zaliczki na poczet um\u00f3w kupna-sprzeda\u017cy towar\u00f3w i [&hellip;]<\/p>\n","protected":false},"author":24,"featured_media":0,"parent":0,"menu_order":0,"comment_status":"closed","ping_status":"closed","template":"","meta":{"inline_featured_image":false},"acf":[],"_links":{"self":[{"href":"https:\/\/wowtea.eu\/pl\/wp-json\/wp\/v2\/pages\/89470"}],"collection":[{"href":"https:\/\/wowtea.eu\/pl\/wp-json\/wp\/v2\/pages"}],"about":[{"href":"https:\/\/wowtea.eu\/pl\/wp-json\/wp\/v2\/types\/page"}],"author":[{"embeddable":true,"href":"https:\/\/wowtea.eu\/pl\/wp-json\/wp\/v2\/users\/24"}],"replies":[{"embeddable":true,"href":"https:\/\/wowtea.eu\/pl\/wp-json\/wp\/v2\/comments?post=89470"}],"version-history":[{"count":10,"href":"https:\/\/wowtea.eu\/pl\/wp-json\/wp\/v2\/pages\/89470\/revisions"}],"predecessor-version":[{"id":127904,"href":"https:\/\/wowtea.eu\/pl\/wp-json\/wp\/v2\/pages\/89470\/revisions\/127904"}],"wp:attachment":[{"href":"https:\/\/wowtea.eu\/pl\/wp-json\/wp\/v2\/media?parent=89470"}],"curies":[{"name":"wp","href":"https:\/\/api.w.org\/{rel}","templated":true}]}}