{"id":89486,"date":"2021-08-16T10:03:15","date_gmt":"2021-08-16T08:03:15","guid":{"rendered":"https:\/\/wowtea.eu\/pl\/?page_id=89486"},"modified":"2025-12-23T12:41:14","modified_gmt":"2025-12-23T11:41:14","slug":"shipping-information","status":"publish","type":"page","link":"https:\/\/wowtea.eu\/pl\/shipping-information\/","title":{"rendered":"Spos\u00f3b dostawy"},"content":{"rendered":"\t\t<div data-elementor-type=\"wp-page\" data-elementor-id=\"89486\" class=\"elementor elementor-89486\">\n\t\t\t\t\t\t<div class=\"elementor-inner\">\n\t\t\t\t<div class=\"elementor-section-wrap\">\n\t\t\t\t\t\t\t\t\t<section class=\"elementor-section elementor-top-section elementor-element elementor-element-a4e23cc elementor-section-boxed elementor-section-height-default elementor-section-height-default\" data-id=\"a4e23cc\" data-element_type=\"section\">\n\t\t\t\t\t\t<div class=\"elementor-container elementor-column-gap-default\">\n\t\t\t\t\t\t\t<div class=\"elementor-row\">\n\t\t\t\t\t<div class=\"elementor-column elementor-col-100 elementor-top-column elementor-element elementor-element-423a874\" data-id=\"423a874\" data-element_type=\"column\">\n\t\t\t<div class=\"elementor-column-wrap elementor-element-populated\">\n\t\t\t\t\t\t\t<div class=\"elementor-widget-wrap\">\n\t\t\t\t\t\t<div class=\"elementor-element elementor-element-9445572 elementor-widget elementor-widget-heading\" data-id=\"9445572\" data-element_type=\"widget\" data-widget_type=\"heading.default\">\n\t\t\t\t<div class=\"elementor-widget-container\">\n\t\t\t<h2 class=\"elementor-heading-title elementor-size-default\">Spos\u00f3b dostawy<\/h2>\t\t<\/div>\n\t\t\t\t<\/div>\n\t\t\t\t\t\t<\/div>\n\t\t\t\t\t<\/div>\n\t\t<\/div>\n\t\t\t\t\t\t\t\t<\/div>\n\t\t\t\t\t<\/div>\n\t\t<\/section>\n\t\t\t\t<section class=\"elementor-section elementor-top-section elementor-element elementor-element-12f5dfd elementor-section-boxed elementor-section-height-default elementor-section-height-default\" data-id=\"12f5dfd\" data-element_type=\"section\">\n\t\t\t\t\t\t<div class=\"elementor-container elementor-column-gap-default\">\n\t\t\t\t\t\t\t<div class=\"elementor-row\">\n\t\t\t\t\t<div class=\"elementor-column elementor-col-100 elementor-top-column elementor-element elementor-element-26a4995\" data-id=\"26a4995\" data-element_type=\"column\">\n\t\t\t<div class=\"elementor-column-wrap elementor-element-populated\">\n\t\t\t\t\t\t\t<div class=\"elementor-widget-wrap\">\n\t\t\t\t\t\t<div class=\"elementor-element elementor-element-c643aef elementor-widget elementor-widget-text-editor\" data-id=\"c643aef\" data-element_type=\"widget\" data-widget_type=\"text-editor.default\">\n\t\t\t\t<div class=\"elementor-widget-container\">\n\t\t\t\t\t\t\t\t<div class=\"elementor-text-editor elementor-clearfix\">\n\t\t\t\t<p>69. Sprzedawca dostarcza zam\u00f3wione towary online za po\u015brednictwem firm kurierskich DPD i InPost na adres wskazany przez Klienta.ATOP ltd. Nie ponosi odpowiedzialno\u015bci, je\u015bli zam\u00f3wienie ma status &#8220;dostarczone&#8221; do firmy kurierskiej, a klient ma roszczenia dotycz\u0105ce tego. W takim przypadku klient musi wype\u0142ni\u0107 wniosek, \u017ce nie otrzyma\u0142 zam\u00f3wienia i przekaza\u0107 go ATOP Ltd., Aby ten ostatni m\u00f3g\u0142 rozpocz\u0105\u0107 dochodzenie z firm\u0105 kuriersk\u0105.<\/p><p>70. Sprzedaj\u0105cy realizuje dostaw\u0119 towar\u00f3w wy\u0142\u0105cznie na terytorium Polski.<\/p><p>70.1. Poniewa\u017c ATOP LLC jest sp\u00f3\u0142k\u0105 z siedzib\u0105 w UE i przesy\u0142ki s\u0105 wysy\u0142ane z terytorium UE, podatki celne mog\u0105 zosta\u0107 na\u0142o\u017cone przy dostawie do klienta spoza UE. Odpowiedzialno\u015b\u0107 za poinformowanie klienta o ewentualnych op\u0142atach celnych spoczywa na kliencie.<\/p><p>*70.2. Poniewa\u017c przesy\u0142ki s\u0105 wysy\u0142ane z terytorium UE, mog\u0105 wyst\u0105pi\u0107 sporadyczne op\u00f3\u017anienia z powodu procedur celnych. ATOP LLC nie ponosi odpowiedzialno\u015bci za op\u00f3\u017anienia w odprawie celnej na granicy Wielkiej Brytanii.<\/p><p>71. Sprzedawanym towarom towarzysz\u0105 niezb\u0119dne dokumenty i oryginalne opakowanie.<\/p><p>72. Czas dostawy wynosi od 1 do 2 dni roboczych. Wyj\u0105tek stanowi punkt 47.<\/p><p>72.1. WYSY\u0141KA PRIORYTETOWA &#8211; Wysy\u0142ka priorytetowa gwarantuje, \u017ce zam\u00f3wienie zostanie przetworzone i zrealizowane priorytetowo przed pozosta\u0142ymi zam\u00f3wieniami. Takie zam\u00f3wienia b\u0119d\u0105 r\u00f3wnie\u017c przetwarzane i realizowane priorytetowo w przypadku brak\u00f3w magazynowych. Zam\u00f3wienia te s\u0105 r\u00f3wnie\u017c jako pierwsze przekazywane firmie kurierskiej w celu dostawy. ATOP LLC nie ponosi odpowiedzialno\u015bci za op\u00f3\u017anienie realizacji zam\u00f3wienia przez firm\u0119 kuriersk\u0105.<\/p><p>73. Koszt dostawy wynosi 21.00 PLN z VAT.<\/p><p>74. Bezp\u0142atna dostawa dla klienta jest dostepna dla zam\u00f3wie\u0144 na produkty o warto\u015bci powy\u017cej 150 PLN (z VAT).<\/p><p>75. Szczeg\u00f3\u0142y dotycz\u0105ce warunk\u00f3w dostawy towar\u00f3w maj\u0105 charakter orientacyjny i Sprzedawca nie jest nimi zobowi\u0105zany do realizacji dostawy w okre\u015blonym terminie. Klientowi nie przys\u0142uguje \u017cadne odszkodowanie w przypadku op\u00f3\u017anienia dostawy.<\/p><p>76. Dostawy s\u0105 realizowane od poniedzia\u0142ku do pi\u0105tku w godzinach od 09:00 do 18:00, z wyj\u0105tkiem dni ustawowo wolnych od pracy. Mo\u017ce istnie\u0107 wyj\u0105tek dla rozlicze\u0144 ze specjalnym harmonogramem us\u0142ug.<\/p><p>77. W dniu dor\u0119czenia przesy\u0142ki, Klient otrzymuje od kuriera wiadomo\u015b\u0107 SMS i\/lub e-mail z informacj\u0105, \u017ce przesy\u0142ka jest do odbioru. W przypadku nie zastania Klienta w um\u00f3wionym dniu i miejscu oraz braku innej osoby, kt\u00f3ra mog\u0142aby odebra\u0107 przesy\u0142k\u0119 w jego imieniu, kurier pozostawia adnotacj\u0119, \u017ce adres zosta\u0142 odwiedzony wraz z danymi kontaktowymi. Przesy\u0142ka jest zwracana do biura kuriera do odbioru na \u017cyczenie Klienta. Je\u017celi Klient nie skontaktuje si\u0119 ze Sprzedawc\u0105 lub firm\u0105 kuriersk\u0105 nast\u0119pnego dnia, zam\u00f3wienie uznaje si\u0119 za anulowane.<\/p><p>78. Klient ma mo\u017cliwo\u015b\u0107 otwarcia i sprawdzenia zawarto\u015bci przesy\u0142ki przed dokonaniem p\u0142atno\u015bci kurierowi.<\/p><p>79. &#8220;WOW Tea&#8221; lub przedstawiciel firmy kurierskiej zawiadamia Klienta telefonicznie lub mailowo o zaistnieniu nieprzewidzianych okoliczno\u015bci uniemo\u017cliwiaj\u0105cych terminow\u0105 realizacj\u0119 dostawy.<\/p><p>80. Klient zgadza si\u0119, \u017ce po\u015bwiadczenie odbioru towaru mo\u017ce by\u0107 dokonane przez osob\u0119, co do kt\u00f3rej w danych okoliczno\u015bciach mo\u017cna wnioskowa\u0107, \u017ce przeka\u017ce informacj\u0119 Klientowi &#8211; stronie umowy.<\/p><p>81. Klient jest zobowi\u0105zany do sprawdzenia towaru w momencie dostawy i jego przekazania przez Sprzedawc\u0119 lub kuriera, a w przypadku jakichkolwiek niezgodno\u015bci z zam\u00f3wieniem, musi niezw\u0142ocznie powiadomi\u0107 o tym Sprzedawc\u0119.<\/p><p>82. Ryzyko utraty lub uszkodzenia zakupionego towaru przechodzi na Klienta z chwil\u0105 przyj\u0119cia towaru przez niego lub wskazan\u0105 przez niego osob\u0119 trzeci\u0105, inn\u0105 ni\u017c osoba wyznaczona przez Firm\u0119 Kuriersk\u0105 &#8220;WOW Tea&#8221;.<\/p>\t\t\t\t\t<\/div>\n\t\t\t\t\t\t<\/div>\n\t\t\t\t<\/div>\n\t\t\t\t\t\t<\/div>\n\t\t\t\t\t<\/div>\n\t\t<\/div>\n\t\t\t\t\t\t\t\t<\/div>\n\t\t\t\t\t<\/div>\n\t\t<\/section>\n\t\t\t\t\t\t\t\t\t<\/div>\n\t\t\t<\/div>\n\t\t\t\t\t<\/div>\n\t\t","protected":false},"excerpt":{"rendered":"<p>Spos\u00f3b dostawy 69. Sprzedawca dostarcza zam\u00f3wione towary online za po\u015brednictwem firm kurierskich DPD i InPost na adres wskazany przez Klienta.ATOP ltd. Nie ponosi odpowiedzialno\u015bci, je\u015bli zam\u00f3wienie ma status &#8220;dostarczone&#8221; do firmy kurierskiej, a klient ma roszczenia dotycz\u0105ce tego. W takim przypadku klient musi wype\u0142ni\u0107 wniosek, \u017ce nie otrzyma\u0142 zam\u00f3wienia i przekaza\u0107 go ATOP Ltd., Aby ten ostatni m\u00f3g\u0142 rozpocz\u0105\u0107 dochodzenie z firm\u0105 kuriersk\u0105. 70. Sprzedaj\u0105cy realizuje dostaw\u0119 towar\u00f3w wy\u0142\u0105cznie na terytorium Polski. 70.1. Poniewa\u017c ATOP LLC jest sp\u00f3\u0142k\u0105 z siedzib\u0105 w UE i przesy\u0142ki s\u0105 wysy\u0142ane z terytorium UE, podatki celne mog\u0105 zosta\u0107 na\u0142o\u017cone przy dostawie do klienta spoza UE. [&hellip;]<\/p>\n","protected":false},"author":24,"featured_media":0,"parent":0,"menu_order":0,"comment_status":"closed","ping_status":"closed","template":"","meta":{"inline_featured_image":false},"acf":[],"_links":{"self":[{"href":"https:\/\/wowtea.eu\/pl\/wp-json\/wp\/v2\/pages\/89486"}],"collection":[{"href":"https:\/\/wowtea.eu\/pl\/wp-json\/wp\/v2\/pages"}],"about":[{"href":"https:\/\/wowtea.eu\/pl\/wp-json\/wp\/v2\/types\/page"}],"author":[{"embeddable":true,"href":"https:\/\/wowtea.eu\/pl\/wp-json\/wp\/v2\/users\/24"}],"replies":[{"embeddable":true,"href":"https:\/\/wowtea.eu\/pl\/wp-json\/wp\/v2\/comments?post=89486"}],"version-history":[{"count":14,"href":"https:\/\/wowtea.eu\/pl\/wp-json\/wp\/v2\/pages\/89486\/revisions"}],"predecessor-version":[{"id":176845,"href":"https:\/\/wowtea.eu\/pl\/wp-json\/wp\/v2\/pages\/89486\/revisions\/176845"}],"wp:attachment":[{"href":"https:\/\/wowtea.eu\/pl\/wp-json\/wp\/v2\/media?parent=89486"}],"curies":[{"name":"wp","href":"https:\/\/api.w.org\/{rel}","templated":true}]}}