{"id":176330,"date":"2025-12-09T15:22:45","date_gmt":"2025-12-09T14:22:45","guid":{"rendered":"https:\/\/wowtea.eu\/pl\/?post_type=product&#038;p=176330"},"modified":"2026-04-02T12:38:37","modified_gmt":"2026-04-02T10:38:37","slug":"cocoa-infusion-drops-collection","status":"publish","type":"product","link":"https:\/\/wowtea.eu\/pl\/product\/cocoa-infusion-drops-collection\/","title":{"rendered":"Cocoa Infusion Drops Collection"},"content":{"rendered":"\t\t<div data-elementor-type=\"product-post\" data-elementor-id=\"176330\" class=\"elementor elementor-176330\">\n\t\t\t\t\t\t<div class=\"elementor-inner\">\n\t\t\t\t<div class=\"elementor-section-wrap\">\n\t\t\t\t\t\t\t\t\t<section class=\"elementor-section elementor-top-section elementor-element elementor-element-2350164 elementor-section-boxed elementor-section-height-default elementor-section-height-default\" data-id=\"2350164\" data-element_type=\"section\">\n\t\t\t\t\t\t<div class=\"elementor-container elementor-column-gap-no\">\n\t\t\t\t\t\t\t<div class=\"elementor-row\">\n\t\t\t\t\t<div class=\"elementor-column elementor-col-100 elementor-top-column elementor-element elementor-element-4ae720e\" data-id=\"4ae720e\" data-element_type=\"column\">\n\t\t\t<div class=\"elementor-column-wrap elementor-element-populated\">\n\t\t\t\t\t\t\t<div class=\"elementor-widget-wrap\">\n\t\t\t\t\t\t<div class=\"elementor-element elementor-element-4c65184 elementor-widget elementor-widget-custom_title\" data-id=\"4c65184\" data-element_type=\"widget\" data-widget_type=\"custom_title.default\">\n\t\t\t\t<div class=\"elementor-widget-container\">\n\t\t\t      <!-- border_title center_border -->\n      \n               <div class=\"custom_title\" style=\"color: #D36C20\" >\n            <h2 class=\"title border_title center \"><span>Cocoa Infusion Drops Collection<\/span> <\/h2>\n         <\/div>\n      \n\n   \t\t<\/div>\n\t\t\t\t<\/div>\n\t\t\t\t<div class=\"elementor-element elementor-element-6ee9b4d elementor-widget elementor-widget-text-editor\" data-id=\"6ee9b4d\" data-element_type=\"widget\" data-widget_type=\"text-editor.default\">\n\t\t\t\t<div class=\"elementor-widget-container\">\n\t\t\t\t\t\t\t\t<div class=\"elementor-text-editor elementor-clearfix\">\n\t\t\t\t<p>CO DOSTAJESZ W PACZCE?<\/p>\t\t\t\t\t<\/div>\n\t\t\t\t\t\t<\/div>\n\t\t\t\t<\/div>\n\t\t\t\t<div class=\"elementor-element elementor-element-1b42b85 elementor-widget elementor-widget-pp-info-box-carousel\" data-id=\"1b42b85\" data-element_type=\"widget\" data-settings=\"{&quot;equal_height_boxes&quot;:&quot;yes&quot;}\" data-widget_type=\"pp-info-box-carousel.default\">\n\t\t\t\t<div class=\"elementor-widget-container\">\n\t\t\t\t\t<div class=\"swiper-container-wrap pp-info-box-carousel-wrap swiper-container-wrap-dots-outside\">\n\t\t\t<div class=\"pp-info-box pp-info-box-carousel swiper-container swiper-container-1b42b85\" data-pagination=\".swiper-pagination-1b42b85\" data-arrow-next=\".swiper-button-next-1b42b85\" data-arrow-prev=\".swiper-button-prev-1b42b85\" data-slider-settings=\"{&quot;direction&quot;:&quot;horizontal&quot;,&quot;effect&quot;:&quot;slide&quot;,&quot;speed&quot;:600,&quot;slidesPerView&quot;:3,&quot;spaceBetween&quot;:35,&quot;grabCursor&quot;:false,&quot;autoHeight&quot;:true,&quot;loop&quot;:true,&quot;autoplay&quot;:{&quot;delay&quot;:999999,&quot;disableOnInteraction&quot;:false},&quot;pagination&quot;:{&quot;el&quot;:&quot;.swiper-pagination-1b42b85&quot;,&quot;type&quot;:&quot;bullets&quot;,&quot;clickable&quot;:true},&quot;navigation&quot;:{&quot;nextEl&quot;:&quot;.swiper-button-next-1b42b85&quot;,&quot;prevEl&quot;:&quot;.swiper-button-prev-1b42b85&quot;},&quot;breakpoints&quot;:{&quot;1025&quot;:{&quot;slidesPerView&quot;:3,&quot;spaceBetween&quot;:35},&quot;768&quot;:{&quot;slidesPerView&quot;:2,&quot;spaceBetween&quot;:10},&quot;320&quot;:{&quot;slidesPerView&quot;:1,&quot;spaceBetween&quot;:25}}}\">\n\t\t\t\t<div class=\"swiper-wrapper\">\n\t\t\t\t\t\t\t\t\t<div class=\"swiper-slide\">\n\t\t\t\t\t\t<div class=\"pp-info-box-content-wrap\">\n\t\t\t\t\t\t\t\t\t\t\t\t\t\t\t\t\t\t\t\t\t\t<div class=\"pp-info-box-icon-wrap\">\n\t\t\t\t\t\t\t\t\t\t\t\t\t\t\t\t\t\t\t\t\t<span class=\"pp-info-box-icon pp-icon\">\n\t\t\t\t\t\t\t\t\t<img src=\"https:\/\/wowtea.eu\/pl\/files\/2025\/12\/WOWTEA-Detox-Cocoa-Gallery--300x300.png\" alt=\"WOWTEA-Detox-Cocoa-Gallery-.png\" title=\"|\">\t\t\t\t\t\t\t<\/span>\n\t\t\t\t\t\t\t\t\t\t\t\t\t\t\t\t\t\t\t\t<\/div>\n\t\t\t\t\t\t\t\t\t\t\t\t\t\t<div class=\"pp-info-box-content\">\n\t\t\t\t\t\t\t\t<div class=\"pp-info-box-title-wrap\">\n\t\t\t\t\t\t\t\t\t<div class=\"pp-info-box-title-container\"><h2 class=\"pp-info-box-title\">Cocoa Detox Infusi\u043en Drops<\/h2><\/div>\t\t\t\t\t\t\t\t<\/div>\n\n\t\t\t\t\t\t\t\t\n\t\t\t\t\t\t\t\t\t\t\t\t\t\t\t\t\t<div class=\"pp-info-box-description\">\n\t\t\t\t\t\t\t\t\t\t<span style=\"text-align:left\"><br \/>\n  <ul style=\"font-size:13px\"><br \/>\n    <li><i class=\"fas fa-check\" style=\"color: crimson\"><\/i> <b>Wielopoziomowa detoksykacja: w\u0105troba, limfa, uk\u0142ad pokarmowy<\/b><\/li><br \/>\n    <li><i class=\"fas fa-check\" style=\"color: crimson\"><\/i> <b>Os\u0142ona antyoksydacyjna<\/b><\/li><br \/>\n    <li><i class=\"fas fa-check\" style=\"color: crimson\"><\/i> <b>Efekt \u201eWater-Out\u201d i mniejsze obrz\u0119ki<\/b><\/li><br \/>\n    <li><i class=\"fas fa-check\" style=\"color: crimson\"><\/i> <b>Poprawia trawienie i \u0142agodzi \u017co\u0142\u0105dek<\/b><\/li><br \/>\n    <li><i class=\"fas fa-check\" style=\"color: crimson\"><\/i> <b>\u0141atwe i wygodne przygotowanie o wysokim st\u0119\u017ceniu<\/b><\/li><br \/>\n  <\/ul><br \/>\n<\/span>\t\t\t\t\t\t\t\t\t<\/div>\n\t\t\t\t\t\t\t\t\t\t\t\t\t\t\t\t\t\n\t\t\t\t\t\t\t\t\t\t\t\t\t\t\t\t\t\t\t\t\t\t\t<\/div>\n\t\t\t\t\t\t<\/div>\n\t\t\t\t\t<\/div>\n\t\t\t\t\t\t\t\t\t\t<div class=\"swiper-slide\">\n\t\t\t\t\t\t<div class=\"pp-info-box-content-wrap\">\n\t\t\t\t\t\t\t\t\t\t\t\t\t\t\t\t\t\t\t\t\t\t<div class=\"pp-info-box-icon-wrap\">\n\t\t\t\t\t\t\t\t\t\t\t\t\t\t\t\t\t\t\t\t\t<span class=\"pp-info-box-icon pp-icon\">\n\t\t\t\t\t\t\t\t\t<img src=\"https:\/\/wowtea.eu\/pl\/files\/2025\/12\/wowtea-web-ID-cocoa-Slimfit-1-300x300.png\" alt=\"wowtea-web-ID-cocoa-Slimfit.png\" title=\"|\">\t\t\t\t\t\t\t<\/span>\n\t\t\t\t\t\t\t\t\t\t\t\t\t\t\t\t\t\t\t\t<\/div>\n\t\t\t\t\t\t\t\t\t\t\t\t\t\t<div class=\"pp-info-box-content\">\n\t\t\t\t\t\t\t\t<div class=\"pp-info-box-title-wrap\">\n\t\t\t\t\t\t\t\t\t<div class=\"pp-info-box-title-container\"><h2 class=\"pp-info-box-title\">Cocoa SlimFit Infusi\u043en Drops<\/h2><\/div>\t\t\t\t\t\t\t\t<\/div>\n\n\t\t\t\t\t\t\t\t\n\t\t\t\t\t\t\t\t\t\t\t\t\t\t\t\t\t<div class=\"pp-info-box-description\">\n\t\t\t\t\t\t\t\t\t\t<span style=\"text-align:left\"><br \/>\n  <ul style=\"font-size:13px\"><br \/>\n    <li><i class=\"fas fa-check\" style=\"color: crimson\"><\/i> <b>Stymuluje metabolizm<\/b><\/li><br \/>\n    <li><i class=\"fas fa-check\" style=\"color: crimson\"><\/i> <b>Aktywuje spalanie t\u0142uszczu<\/b><\/li><br \/>\n    <li><i class=\"fas fa-check\" style=\"color: crimson\"><\/i> <b>Reguluje poziom cukru we krwi i insuliny<\/b><\/li><br \/>\n    <li><i class=\"fas fa-check\" style=\"color: crimson\"><\/i> <b>Aktywuje termogenez\u0119 i lipoliz\u0119<\/b><\/li><br \/>\n    <li><i class=\"fas fa-check\" style=\"color: crimson\"><\/i> <b>T\u0142umi i zmniejsza apetyt<\/b><\/li><br \/>\n  <\/ul><br \/>\n<\/span>\t\t\t\t\t\t\t\t\t<\/div>\n\t\t\t\t\t\t\t\t\t\t\t\t\t\t\t\t\t\n\t\t\t\t\t\t\t\t\t\t\t\t\t\t\t\t\t\t\t\t\t\t\t<\/div>\n\t\t\t\t\t\t<\/div>\n\t\t\t\t\t<\/div>\n\t\t\t\t\t\t\t\t\t\t<div class=\"swiper-slide\">\n\t\t\t\t\t\t<div class=\"pp-info-box-content-wrap\">\n\t\t\t\t\t\t\t\t\t\t\t\t\t\t\t\t\t\t\t\t\t\t<div class=\"pp-info-box-icon-wrap\">\n\t\t\t\t\t\t\t\t\t\t\t\t\t\t\t\t\t\t\t\t\t<span class=\"pp-info-box-icon pp-icon\">\n\t\t\t\t\t\t\t\t\t<img src=\"https:\/\/wowtea.eu\/pl\/files\/2025\/12\/wowtea-web-ID-cocoa-wellness-2-300x300.png\" alt=\"wowtea-web-ID-cocoa-wellness.png\" title=\"|\">\t\t\t\t\t\t\t<\/span>\n\t\t\t\t\t\t\t\t\t\t\t\t\t\t\t\t\t\t\t\t<\/div>\n\t\t\t\t\t\t\t\t\t\t\t\t\t\t<div class=\"pp-info-box-content\">\n\t\t\t\t\t\t\t\t<div class=\"pp-info-box-title-wrap\">\n\t\t\t\t\t\t\t\t\t<div class=\"pp-info-box-title-container\"><h2 class=\"pp-info-box-title\">Cocoa Wellness Infusi\u043en Drops<\/h2><\/div>\t\t\t\t\t\t\t\t<\/div>\n\n\t\t\t\t\t\t\t\t\n\t\t\t\t\t\t\t\t\t\t\t\t\t\t\t\t\t<div class=\"pp-info-box-description\">\n\t\t\t\t\t\t\t\t\t\t<span style=\"text-align:left\"><br \/>\n  <ul style=\"font-size:13px\"><br \/>\n    <li><i class=\"fas fa-check\" style=\"color: crimson\"><\/i> <b>Zmniejsza stres i napi\u0119cie<\/b><\/li><br \/>\n    <li><i class=\"fas fa-check\" style=\"color: crimson\"><\/i> <b>Poprawia nastr\u00f3j i samopoczucie emocjonalne<\/b><\/li><br \/>\n    <li><i class=\"fas fa-check\" style=\"color: crimson\"><\/i> <b>Wspomaga skupienie i koncentracj\u0119<\/b><\/li><br \/>\n    <li><i class=\"fas fa-check\" style=\"color: crimson\"><\/i> <b>Wspomaga regeneracj\u0119 i sen<\/b><\/li><br \/>\n    <li><i class=\"fas fa-check\" style=\"color: crimson\"><\/i> <b>Naturalna ochrona i og\u00f3lne dobre samopoczucie<\/b><\/li><br \/>\n  <\/ul><br \/>\n<\/span>\t\t\t\t\t\t\t\t\t<\/div>\n\t\t\t\t\t\t\t\t\t\t\t\t\t\t\t\t\t\n\t\t\t\t\t\t\t\t\t\t\t\t\t\t\t\t\t\t\t\t\t\t\t<\/div>\n\t\t\t\t\t\t<\/div>\n\t\t\t\t\t<\/div>\n\t\t\t\t\t\t\t\t\t<\/div>\n\t\t\t<\/div>\n\t\t\t\t\t\t<!-- Add Pagination -->\n\t\t\t<div class=\"swiper-pagination swiper-pagination-1b42b85\"><\/div>\n\t\t\t\t\t\n\t\t\t\t\t\t\t<!-- Add Arrows -->\n\t\t\t\t<div class=\"swiper-button-prev swiper-button-prev-1b42b85\">\n\t\t\t\t\t<i aria-hidden=\"true\" class=\"fas fa-caret-left\"><\/i>\n\t\t\t\t<\/div>\n\t\t\t\t<div class=\"swiper-button-next swiper-button-next-1b42b85\">\n\t\t\t\t\t<i aria-hidden=\"true\" class=\"fas fa-caret-right\"><\/i>\n\t\t\t\t<\/div>\n\t\t\t\t\t\t\t\t<\/div>\n\t\t\t\t<\/div>\n\t\t\t\t<\/div>\n\t\t\t\t\t\t<\/div>\n\t\t\t\t\t<\/div>\n\t\t<\/div>\n\t\t\t\t\t\t\t\t<\/div>\n\t\t\t\t\t<\/div>\n\t\t<\/section>\n\t\t\t\t<section class=\"elementor-section elementor-top-section elementor-element elementor-element-6a59519 elementor-section-full_width elementor-section-height-default elementor-section-height-default\" data-id=\"6a59519\" data-element_type=\"section\">\n\t\t\t\t\t\t<div class=\"elementor-container elementor-column-gap-default\">\n\t\t\t\t\t\t\t<div class=\"elementor-row\">\n\t\t\t\t\t<div class=\"elementor-column elementor-col-100 elementor-top-column elementor-element elementor-element-24c2101\" data-id=\"24c2101\" data-element_type=\"column\">\n\t\t\t<div class=\"elementor-column-wrap elementor-element-populated\">\n\t\t\t\t\t\t\t<div class=\"elementor-widget-wrap\">\n\t\t\t\t\t\t<div class=\"elementor-element elementor-element-99359da elementor-widget elementor-widget-template\" data-id=\"99359da\" data-element_type=\"widget\" data-widget_type=\"template.default\">\n\t\t\t\t<div class=\"elementor-widget-container\">\n\t\t\t\t\t<div class=\"elementor-template\">\n\t\t\t\t\t<div data-elementor-type=\"section\" data-elementor-id=\"174465\" class=\"elementor elementor-174465\">\n\t\t\t\t\t<div class=\"elementor-section-wrap\">\n\t\t\t\t\t\t\t\t<section class=\"elementor-section elementor-top-section elementor-element elementor-element-62a02ed elementor-section-full_width elementor-section-height-min-height elementor-section-content-middle elementor-section-height-default elementor-section-items-middle\" data-id=\"62a02ed\" data-element_type=\"section\" data-settings=\"{&quot;background_background&quot;:&quot;classic&quot;}\">\n\t\t\t\t\t\t<div class=\"elementor-container elementor-column-gap-default\">\n\t\t\t\t\t\t\t<div class=\"elementor-row\">\n\t\t\t\t\t<div class=\"elementor-column elementor-col-100 elementor-top-column elementor-element elementor-element-6d9a3e65\" data-id=\"6d9a3e65\" data-element_type=\"column\">\n\t\t\t<div class=\"elementor-column-wrap elementor-element-populated\">\n\t\t\t\t\t\t\t<div class=\"elementor-widget-wrap\">\n\t\t\t\t\t\t<div class=\"elementor-element elementor-element-60f468cc elementor-widget elementor-widget-heading\" data-id=\"60f468cc\" data-element_type=\"widget\" data-widget_type=\"heading.default\">\n\t\t\t\t<div class=\"elementor-widget-container\">\n\t\t\t<h2 class=\"elementor-heading-title elementor-size-default\">3 000 000+<\/h2>\t\t<\/div>\n\t\t\t\t<\/div>\n\t\t\t\t<div class=\"elementor-element elementor-element-74f26048 elementor-widget elementor-widget-heading\" data-id=\"74f26048\" data-element_type=\"widget\" data-widget_type=\"heading.default\">\n\t\t\t\t<div class=\"elementor-widget-container\">\n\t\t\t<h2 class=\"elementor-heading-title elementor-size-default\">sprzedanych herbat w ca\u0142ej Europie<\/h2>\t\t<\/div>\n\t\t\t\t<\/div>\n\t\t\t\t\t\t<\/div>\n\t\t\t\t\t<\/div>\n\t\t<\/div>\n\t\t\t\t\t\t\t\t<\/div>\n\t\t\t\t\t<\/div>\n\t\t<\/section>\n\t\t\t\t\t\t\t<\/div>\n\t\t\t\t<\/div>\n\t\t\t\t<\/div>\n\t\t\t\t<\/div>\n\t\t\t\t<\/div>\n\t\t\t\t\t\t<\/div>\n\t\t\t\t\t<\/div>\n\t\t<\/div>\n\t\t\t\t\t\t\t\t<\/div>\n\t\t\t\t\t<\/div>\n\t\t<\/section>\n\t\t\t\t<section class=\"elementor-section elementor-top-section elementor-element elementor-element-8c86bba elementor-section-full_width elementor-section-height-default elementor-section-height-default\" data-id=\"8c86bba\" data-element_type=\"section\">\n\t\t\t\t\t\t<div class=\"elementor-container elementor-column-gap-default\">\n\t\t\t\t\t\t\t<div class=\"elementor-row\">\n\t\t\t\t\t<div class=\"elementor-column elementor-col-100 elementor-top-column elementor-element elementor-element-b22c43f\" data-id=\"b22c43f\" data-element_type=\"column\">\n\t\t\t<div class=\"elementor-column-wrap elementor-element-populated\">\n\t\t\t\t\t\t\t<div class=\"elementor-widget-wrap\">\n\t\t\t\t\t\t<div class=\"elementor-element elementor-element-2502703 elementor-widget elementor-widget-template\" data-id=\"2502703\" data-element_type=\"widget\" data-widget_type=\"template.default\">\n\t\t\t\t<div class=\"elementor-widget-container\">\n\t\t\t\t\t<div class=\"elementor-template\">\n\t\t\t\t\t<div data-elementor-type=\"section\" data-elementor-id=\"171082\" class=\"elementor elementor-171082\">\n\t\t\t\t\t<div class=\"elementor-section-wrap\">\n\t\t\t\t\t\t\t\t<section class=\"elementor-section elementor-top-section elementor-element elementor-element-d160b4e elementor-section-content-middle elementor-section-boxed elementor-section-height-default elementor-section-height-default\" data-id=\"d160b4e\" data-element_type=\"section\">\n\t\t\t\t\t\t<div class=\"elementor-container elementor-column-gap-no\">\n\t\t\t\t\t\t\t<div class=\"elementor-row\">\n\t\t\t\t\t<div class=\"elementor-column elementor-col-50 elementor-top-column elementor-element elementor-element-c953bad\" data-id=\"c953bad\" data-element_type=\"column\">\n\t\t\t<div class=\"elementor-column-wrap elementor-element-populated\">\n\t\t\t\t\t\t\t<div class=\"elementor-widget-wrap\">\n\t\t\t\t\t\t<div class=\"elementor-element elementor-element-d13b899 elementor-widget elementor-widget-text-editor\" data-id=\"d13b899\" data-element_type=\"widget\" data-widget_type=\"text-editor.default\">\n\t\t\t\t<div class=\"elementor-widget-container\">\n\t\t\t\t\t\t\t\t<div class=\"elementor-text-editor elementor-clearfix\">\n\t\t\t\t<p>W przypadku pyta\u0144, zawsze mo\u017cesz si\u0119 z nami skontaktowa\u0107.<\/p>\t\t\t\t\t<\/div>\n\t\t\t\t\t\t<\/div>\n\t\t\t\t<\/div>\n\t\t\t\t<div class=\"elementor-element elementor-element-d8ac5f8 elementor-shape-rounded elementor-grid-0 e-grid-align-center elementor-widget elementor-widget-social-icons\" data-id=\"d8ac5f8\" data-element_type=\"widget\" data-widget_type=\"social-icons.default\">\n\t\t\t\t<div class=\"elementor-widget-container\">\n\t\t\t\t\t<div class=\"elementor-social-icons-wrapper elementor-grid\">\n\t\t\t\t\t\t\t<span class=\"elementor-grid-item\">\n\t\t\t\t\t<a class=\"elementor-icon elementor-social-icon elementor-social-icon-facebook elementor-animation-shrink elementor-repeater-item-fd8c06f\" href=\"https:\/\/www.facebook.com\/wowteapolska\" target=\"_blank\" rel=\"nofollow noopener\">\n\t\t\t\t\t\t<span class=\"elementor-screen-only\">Facebook<\/span>\n\t\t\t\t\t\t<i class=\"fab fa-facebook\"><\/i>\t\t\t\t\t<\/a>\n\t\t\t\t<\/span>\n\t\t\t\t\t\t\t<span class=\"elementor-grid-item\">\n\t\t\t\t\t<a class=\"elementor-icon elementor-social-icon elementor-social-icon-instagram elementor-animation-shrink elementor-repeater-item-d0e60b6\" href=\"https:\/\/www.instagram.com\/wowteapolska\/\" target=\"_blank\" rel=\"nofollow noopener\">\n\t\t\t\t\t\t<span class=\"elementor-screen-only\">Instagram<\/span>\n\t\t\t\t\t\t<i class=\"fab fa-instagram\"><\/i>\t\t\t\t\t<\/a>\n\t\t\t\t<\/span>\n\t\t\t\t\t\t\t<span class=\"elementor-grid-item\">\n\t\t\t\t\t<a class=\"elementor-icon elementor-social-icon elementor-social-icon-envelope elementor-animation-shrink elementor-repeater-item-d35abff\" href=\"https:\/\/wowtea.eu\/pl\/contact\/\" target=\"_blank\">\n\t\t\t\t\t\t<span class=\"elementor-screen-only\">Envelope<\/span>\n\t\t\t\t\t\t<i class=\"fas fa-envelope\"><\/i>\t\t\t\t\t<\/a>\n\t\t\t\t<\/span>\n\t\t\t\t\t<\/div>\n\t\t\t\t<\/div>\n\t\t\t\t<\/div>\n\t\t\t\t\t\t<\/div>\n\t\t\t\t\t<\/div>\n\t\t<\/div>\n\t\t\t\t<div class=\"elementor-column elementor-col-50 elementor-top-column elementor-element elementor-element-ed8b89c\" data-id=\"ed8b89c\" data-element_type=\"column\">\n\t\t\t<div class=\"elementor-column-wrap elementor-element-populated\">\n\t\t\t\t\t\t\t<div class=\"elementor-widget-wrap\">\n\t\t\t\t\t\t<div class=\"elementor-element elementor-element-087a7e7 elementor-widget elementor-widget-image\" data-id=\"087a7e7\" data-element_type=\"widget\" data-widget_type=\"image.default\">\n\t\t\t\t<div class=\"elementor-widget-container\">\n\t\t\t\t\t\t\t\t<div class=\"elementor-image\">\n\t\t\t\t\t\t\t\t\t\t\t\t<img src=\"https:\/\/wowtea.eu\/wp-content\/uploads\/2021\/04\/wowtea-logo-1.svg\" title=\"|\" alt=\"|\" loading=\"lazy\">\t\t\t\t\t\t\t\t\t\t\t\t\t\t<\/div>\n\t\t\t\t\t\t<\/div>\n\t\t\t\t<\/div>\n\t\t\t\t\t\t<\/div>\n\t\t\t\t\t<\/div>\n\t\t<\/div>\n\t\t\t\t\t\t\t\t<\/div>\n\t\t\t\t\t<\/div>\n\t\t<\/section>\n\t\t\t\t\t\t\t<\/div>\n\t\t\t\t<\/div>\n\t\t\t\t<\/div>\n\t\t\t\t<\/div>\n\t\t\t\t<\/div>\n\t\t\t\t\t\t<\/div>\n\t\t\t\t\t<\/div>\n\t\t<\/div>\n\t\t\t\t\t\t\t\t<\/div>\n\t\t\t\t\t<\/div>\n\t\t<\/section>\n\t\t\t\t<section class=\"elementor-section elementor-top-section elementor-element elementor-element-9330acd elementor-section-boxed elementor-section-height-default elementor-section-height-default\" data-id=\"9330acd\" data-element_type=\"section\">\n\t\t\t\t\t\t<div class=\"elementor-container elementor-column-gap-default\">\n\t\t\t\t\t\t\t<div class=\"elementor-row\">\n\t\t\t\t\t<div class=\"elementor-column elementor-col-100 elementor-top-column elementor-element elementor-element-70b55c9\" data-id=\"70b55c9\" data-element_type=\"column\">\n\t\t\t<div class=\"elementor-column-wrap elementor-element-populated\">\n\t\t\t\t\t\t\t<div class=\"elementor-widget-wrap\">\n\t\t\t\t\t\t<div class=\"elementor-element elementor-element-fe3d171 elementor-widget elementor-widget-template\" data-id=\"fe3d171\" data-element_type=\"widget\" data-widget_type=\"template.default\">\n\t\t\t\t<div class=\"elementor-widget-container\">\n\t\t\t\t\t<div class=\"elementor-template\">\n\t\t\t\t\t<div data-elementor-type=\"section\" data-elementor-id=\"169703\" class=\"elementor elementor-169703\">\n\t\t\t\t\t<div class=\"elementor-section-wrap\">\n\t\t\t\t\t\t\t\t<section class=\"elementor-section elementor-top-section elementor-element elementor-element-935c2f2 elementor-section-full_width elementor-section-height-default elementor-section-height-default\" data-id=\"935c2f2\" data-element_type=\"section\">\n\t\t\t\t\t\t<div class=\"elementor-container elementor-column-gap-default\">\n\t\t\t\t\t\t\t<div class=\"elementor-row\">\n\t\t\t\t\t<div class=\"elementor-column elementor-col-100 elementor-top-column elementor-element elementor-element-928ba07\" data-id=\"928ba07\" data-element_type=\"column\">\n\t\t\t<div class=\"elementor-column-wrap elementor-element-populated\">\n\t\t\t\t\t\t\t<div class=\"elementor-widget-wrap\">\n\t\t\t\t\t\t<div class=\"elementor-element elementor-element-a4374d4 elementor-widget elementor-widget-html\" data-id=\"a4374d4\" data-element_type=\"widget\" data-widget_type=\"html.default\">\n\t\t\t\t<div class=\"elementor-widget-container\">\n\t\t\t<!-- TrustBox widget - Carousel -->\r\n<div class=\"trustpilot-widget\" data-locale=\"pl-PL\" data-template-id=\"53aa8912dec7e10d38f59f36\" data-businessunit-id=\"60029def312cb900013df992\" data-style-height=\"320px\" data-style-width=\"100%\" data-theme=\"light\" data-tags=\"PL\" data-stars=\"1,2,3,4,5\">\r\n  <a href=\"https:\/\/pl.trustpilot.com\/review\/wowtea.eu\" target=\"_blank\" rel=\"noopener\">Trustpilot<\/a>\r\n<\/div>\r\n<!-- End TrustBox widget -->\t\t<\/div>\n\t\t\t\t<\/div>\n\t\t\t\t\t\t<\/div>\n\t\t\t\t\t<\/div>\n\t\t<\/div>\n\t\t\t\t\t\t\t\t<\/div>\n\t\t\t\t\t<\/div>\n\t\t<\/section>\n\t\t\t\t\t\t\t<\/div>\n\t\t\t\t<\/div>\n\t\t\t\t<\/div>\n\t\t\t\t<\/div>\n\t\t\t\t<\/div>\n\t\t\t\t\t\t<\/div>\n\t\t\t\t\t<\/div>\n\t\t<\/div>\n\t\t\t\t\t\t\t\t<\/div>\n\t\t\t\t\t<\/div>\n\t\t<\/section>\n\t\t\t\t\t\t\t\t\t<\/div>\n\t\t\t<\/div>\n\t\t\t\t\t<\/div>\n\t\t","protected":false},"excerpt":{"rendered":"<ul class=\"check_list\">\n<li>Cocoa Detox Infusion Drops<\/li>\n<li>\n<p data-prosemirror-content-type=\"node\" data-prosemirror-node-name=\"paragraph\" data-prosemirror-node-block=\"true\" data-pm-slice=\"1 1 []\">Cocoa SlimFit Infusion Drops<\/p>\n<\/li>\n<li>\n<p data-prosemirror-content-type=\"node\" data-prosemirror-node-name=\"paragraph\" data-prosemirror-node-block=\"true\" data-pm-slice=\"1 1 []\">Cocoa Wellness Infusion Drops<\/p>\n<\/li>\n<\/ul>\n","protected":false},"featured_media":176331,"comment_status":"open","ping_status":"closed","template":"","meta":{"inline_featured_image":false},"product_cat":[429,472,327,186,106,471,333],"product_tag":[],"acf":[],"variations_data":[],"free_delivery":false,"currency_name":"&#122;&#322;","regular_price":"207","sale_price":"176.00","price":"176.00","image":"https:\/\/wowtea.eu\/pl\/files\/2025\/12\/wowtea-web-ID-cocoa-3-types-drops.png","_links":{"self":[{"href":"https:\/\/wowtea.eu\/pl\/wp-json\/wp\/v2\/product\/176330"}],"collection":[{"href":"https:\/\/wowtea.eu\/pl\/wp-json\/wp\/v2\/product"}],"about":[{"href":"https:\/\/wowtea.eu\/pl\/wp-json\/wp\/v2\/types\/product"}],"replies":[{"embeddable":true,"href":"https:\/\/wowtea.eu\/pl\/wp-json\/wp\/v2\/comments?post=176330"}],"version-history":[{"count":4,"href":"https:\/\/wowtea.eu\/pl\/wp-json\/wp\/v2\/product\/176330\/revisions"}],"predecessor-version":[{"id":176335,"href":"https:\/\/wowtea.eu\/pl\/wp-json\/wp\/v2\/product\/176330\/revisions\/176335"}],"wp:featuredmedia":[{"embeddable":true,"href":"https:\/\/wowtea.eu\/pl\/wp-json\/wp\/v2\/media\/176331"}],"wp:attachment":[{"href":"https:\/\/wowtea.eu\/pl\/wp-json\/wp\/v2\/media?parent=176330"}],"wp:term":[{"taxonomy":"product_cat","embeddable":true,"href":"https:\/\/wowtea.eu\/pl\/wp-json\/wp\/v2\/product_cat?post=176330"},{"taxonomy":"product_tag","embeddable":true,"href":"https:\/\/wowtea.eu\/pl\/wp-json\/wp\/v2\/product_tag?post=176330"}],"curies":[{"name":"wp","href":"https:\/\/api.w.org\/{rel}","templated":true}]}}