{"id":72626,"date":"2020-10-06T15:49:31","date_gmt":"2020-10-06T13:49:31","guid":{"rendered":"https:\/\/wowtea.eu\/pl\/?post_type=product&#038;p=72626"},"modified":"2026-04-01T00:21:40","modified_gmt":"2026-03-31T22:21:40","slug":"black-bottle","status":"publish","type":"product","link":"https:\/\/wowtea.eu\/pl\/product\/black-bottle\/","title":{"rendered":"Butelka na herbat\u0119 (Czarny)"},"content":{"rendered":"\t\t<div data-elementor-type=\"product-post\" data-elementor-id=\"72626\" class=\"elementor elementor-72626\">\n\t\t\t\t\t\t<div class=\"elementor-inner\">\n\t\t\t\t<div class=\"elementor-section-wrap\">\n\t\t\t\t\t\t\t\t\t<section class=\"elementor-section elementor-top-section elementor-element elementor-element-4403515 elementor-section-boxed elementor-section-height-default elementor-section-height-default\" data-id=\"4403515\" data-element_type=\"section\">\n\t\t\t\t\t\t<div class=\"elementor-container elementor-column-gap-no\">\n\t\t\t\t\t\t\t<div class=\"elementor-row\">\n\t\t\t\t\t<div class=\"elementor-column elementor-col-100 elementor-top-column elementor-element elementor-element-bc465e5\" data-id=\"bc465e5\" data-element_type=\"column\">\n\t\t\t<div class=\"elementor-column-wrap elementor-element-populated\">\n\t\t\t\t\t\t\t<div class=\"elementor-widget-wrap\">\n\t\t\t\t\t\t<div class=\"elementor-element elementor-element-217be83 elementor-widget elementor-widget-image\" data-id=\"217be83\" data-element_type=\"widget\" data-widget_type=\"image.default\">\n\t\t\t\t<div class=\"elementor-widget-container\">\n\t\t\t\t\t\t\t\t<div class=\"elementor-image\">\n\t\t\t\t\t\t\t\t\t\t\t\t<img width=\"1024\" height=\"542\" src=\"https:\/\/wowtea.eu\/pl\/files\/2020\/08\/Banner-NEW-1-1024x542.png\" class=\"attachment-large size-large wp-image-72363\" alt=\"Bottle banner\" loading=\"lazy\" srcset=\"https:\/\/wowtea.eu\/pl\/files\/2020\/08\/Banner-NEW-1-1024x542.png 1024w, https:\/\/wowtea.eu\/pl\/files\/2020\/08\/Banner-NEW-1-300x159.png 300w, https:\/\/wowtea.eu\/pl\/files\/2020\/08\/Banner-NEW-1-768x407.png 768w, https:\/\/wowtea.eu\/pl\/files\/2020\/08\/Banner-NEW-1-600x318.png 600w, https:\/\/wowtea.eu\/pl\/files\/2020\/08\/Banner-NEW-1.png 1144w\" sizes=\"(max-width: 1024px) 100vw, 1024px\" title=\"|\">\t\t\t\t\t\t\t\t\t\t\t\t\t\t<\/div>\n\t\t\t\t\t\t<\/div>\n\t\t\t\t<\/div>\n\t\t\t\t<div class=\"elementor-element elementor-element-7cff59e elementor-widget elementor-widget-text-editor\" data-id=\"7cff59e\" data-element_type=\"widget\" data-widget_type=\"text-editor.default\">\n\t\t\t\t<div class=\"elementor-widget-container\">\n\t\t\t\t\t\t\t\t<div class=\"elementor-text-editor elementor-clearfix\">\n\t\t\t\t<h2><span style=\"color: #000000\">Nowa butelka <\/span>herbaty premium WOW TEA <span style=\"color: #000000\">ju\u017c jest!<\/span><\/h2>\t\t\t\t\t<\/div>\n\t\t\t\t\t\t<\/div>\n\t\t\t\t<\/div>\n\t\t\t\t\t\t<\/div>\n\t\t\t\t\t<\/div>\n\t\t<\/div>\n\t\t\t\t\t\t\t\t<\/div>\n\t\t\t\t\t<\/div>\n\t\t<\/section>\n\t\t\t\t<section class=\"elementor-section elementor-top-section elementor-element elementor-element-731ec13 elementor-section-full_width elementor-section-height-default elementor-section-height-default\" data-id=\"731ec13\" data-element_type=\"section\" data-settings=\"{&quot;background_background&quot;:&quot;classic&quot;}\">\n\t\t\t\t\t\t<div class=\"elementor-container elementor-column-gap-no\">\n\t\t\t\t\t\t\t<div class=\"elementor-row\">\n\t\t\t\t\t<div class=\"elementor-column elementor-col-50 elementor-top-column elementor-element elementor-element-3d5dbf6 animate_black\" data-id=\"3d5dbf6\" data-element_type=\"column\" data-settings=\"{&quot;background_background&quot;:&quot;classic&quot;}\">\n\t\t\t<div class=\"elementor-column-wrap\">\n\t\t\t\t\t\t\t<div class=\"elementor-widget-wrap\">\n\t\t\t\t\t\t\t\t<\/div>\n\t\t\t\t\t<\/div>\n\t\t<\/div>\n\t\t\t\t<div class=\"elementor-column elementor-col-50 elementor-top-column elementor-element elementor-element-e26ef75 animate_pink\" data-id=\"e26ef75\" data-element_type=\"column\" data-settings=\"{&quot;background_background&quot;:&quot;classic&quot;}\">\n\t\t\t<div class=\"elementor-column-wrap\">\n\t\t\t\t\t\t\t<div class=\"elementor-widget-wrap\">\n\t\t\t\t\t\t\t\t<\/div>\n\t\t\t\t\t<\/div>\n\t\t<\/div>\n\t\t\t\t\t\t\t\t<\/div>\n\t\t\t\t\t<\/div>\n\t\t<\/section>\n\t\t\t\t<section class=\"elementor-section elementor-top-section elementor-element elementor-element-14f8aba elementor-section-full_width elementor-section-height-default elementor-section-height-default\" data-id=\"14f8aba\" data-element_type=\"section\">\n\t\t\t\t\t\t<div class=\"elementor-container elementor-column-gap-no\">\n\t\t\t\t\t\t\t<div class=\"elementor-row\">\n\t\t\t\t\t<div class=\"elementor-column elementor-col-100 elementor-top-column elementor-element elementor-element-66864d8\" data-id=\"66864d8\" data-element_type=\"column\">\n\t\t\t<div class=\"elementor-column-wrap elementor-element-populated\">\n\t\t\t\t\t\t\t<div class=\"elementor-widget-wrap\">\n\t\t\t\t\t\t<section class=\"elementor-section elementor-inner-section elementor-element elementor-element-507cd64 elementor-section-full_width elementor-hidden-phone elementor-section-height-default elementor-section-height-default\" data-id=\"507cd64\" data-element_type=\"section\">\n\t\t\t\t\t\t<div class=\"elementor-container elementor-column-gap-no\">\n\t\t\t\t\t\t\t<div class=\"elementor-row\">\n\t\t\t\t\t<div class=\"elementor-column elementor-col-100 elementor-inner-column elementor-element elementor-element-548990c\" data-id=\"548990c\" data-element_type=\"column\">\n\t\t\t<div class=\"elementor-column-wrap elementor-element-populated\">\n\t\t\t\t\t\t\t<div class=\"elementor-widget-wrap\">\n\t\t\t\t\t\t<div class=\"elementor-element elementor-element-0778940 elementor-widget elementor-widget-image\" data-id=\"0778940\" data-element_type=\"widget\" data-widget_type=\"image.default\">\n\t\t\t\t<div class=\"elementor-widget-container\">\n\t\t\t\t\t\t\t\t<div class=\"elementor-image\">\n\t\t\t\t\t\t\t\t\t\t\t\t<img width=\"1920\" height=\"700\" src=\"https:\/\/wowtea.eu\/pl\/files\/2020\/08\/Banner_Site_02_PO.jpg\" class=\"attachment-full size-full wp-image-84946\" alt=\"|\" loading=\"lazy\" srcset=\"https:\/\/wowtea.eu\/pl\/files\/2020\/08\/Banner_Site_02_PO.jpg 1920w, https:\/\/wowtea.eu\/pl\/files\/2020\/08\/Banner_Site_02_PO-300x109.jpg 300w, https:\/\/wowtea.eu\/pl\/files\/2020\/08\/Banner_Site_02_PO-1024x373.jpg 1024w, https:\/\/wowtea.eu\/pl\/files\/2020\/08\/Banner_Site_02_PO-768x280.jpg 768w, https:\/\/wowtea.eu\/pl\/files\/2020\/08\/Banner_Site_02_PO-1536x560.jpg 1536w, https:\/\/wowtea.eu\/pl\/files\/2020\/08\/Banner_Site_02_PO-600x219.jpg 600w\" sizes=\"(max-width: 1920px) 100vw, 1920px\" title=\"|\">\t\t\t\t\t\t\t\t\t\t\t\t\t\t<\/div>\n\t\t\t\t\t\t<\/div>\n\t\t\t\t<\/div>\n\t\t\t\t\t\t<\/div>\n\t\t\t\t\t<\/div>\n\t\t<\/div>\n\t\t\t\t\t\t\t\t<\/div>\n\t\t\t\t\t<\/div>\n\t\t<\/section>\n\t\t\t\t<section class=\"elementor-section elementor-inner-section elementor-element elementor-element-9c33b19 elementor-section-full_width elementor-hidden-desktop elementor-hidden-tablet elementor-section-height-default elementor-section-height-default\" data-id=\"9c33b19\" data-element_type=\"section\">\n\t\t\t\t\t\t<div class=\"elementor-container elementor-column-gap-no\">\n\t\t\t\t\t\t\t<div class=\"elementor-row\">\n\t\t\t\t\t<div class=\"elementor-column elementor-col-100 elementor-inner-column elementor-element elementor-element-edcbd4e\" data-id=\"edcbd4e\" data-element_type=\"column\">\n\t\t\t<div class=\"elementor-column-wrap elementor-element-populated\">\n\t\t\t\t\t\t\t<div class=\"elementor-widget-wrap\">\n\t\t\t\t\t\t<div class=\"elementor-element elementor-element-77c22a0 elementor-widget elementor-widget-image\" data-id=\"77c22a0\" data-element_type=\"widget\" data-widget_type=\"image.default\">\n\t\t\t\t<div class=\"elementor-widget-container\">\n\t\t\t\t\t\t\t\t<div class=\"elementor-image\">\n\t\t\t\t\t\t\t\t\t\t\t\t<img width=\"460\" height=\"900\" src=\"https:\/\/wowtea.eu\/pl\/files\/2020\/08\/Banner_Site_02-mobile_PO.jpg\" class=\"attachment-full size-full wp-image-84951\" alt=\"|\" loading=\"lazy\" srcset=\"https:\/\/wowtea.eu\/pl\/files\/2020\/08\/Banner_Site_02-mobile_PO.jpg 460w, https:\/\/wowtea.eu\/pl\/files\/2020\/08\/Banner_Site_02-mobile_PO-153x300.jpg 153w\" sizes=\"(max-width: 460px) 100vw, 460px\" title=\"|\">\t\t\t\t\t\t\t\t\t\t\t\t\t\t<\/div>\n\t\t\t\t\t\t<\/div>\n\t\t\t\t<\/div>\n\t\t\t\t\t\t<\/div>\n\t\t\t\t\t<\/div>\n\t\t<\/div>\n\t\t\t\t\t\t\t\t<\/div>\n\t\t\t\t\t<\/div>\n\t\t<\/section>\n\t\t\t\t\t\t<\/div>\n\t\t\t\t\t<\/div>\n\t\t<\/div>\n\t\t\t\t\t\t\t\t<\/div>\n\t\t\t\t\t<\/div>\n\t\t<\/section>\n\t\t\t\t<section class=\"elementor-section elementor-top-section elementor-element elementor-element-32cdd98 elementor-section-full_width elementor-section-height-default elementor-section-height-default\" data-id=\"32cdd98\" data-element_type=\"section\" data-settings=\"{&quot;background_background&quot;:&quot;classic&quot;}\">\n\t\t\t\t\t\t<div class=\"elementor-container elementor-column-gap-no\">\n\t\t\t\t\t\t\t<div class=\"elementor-row\">\n\t\t\t\t\t<div class=\"elementor-column elementor-col-50 elementor-top-column elementor-element elementor-element-d20c5d4 animate_pink\" data-id=\"d20c5d4\" data-element_type=\"column\" data-settings=\"{&quot;background_background&quot;:&quot;classic&quot;}\">\n\t\t\t<div class=\"elementor-column-wrap\">\n\t\t\t\t\t\t\t<div class=\"elementor-widget-wrap\">\n\t\t\t\t\t\t\t\t<\/div>\n\t\t\t\t\t<\/div>\n\t\t<\/div>\n\t\t\t\t<div class=\"elementor-column elementor-col-50 elementor-top-column elementor-element elementor-element-406f66b animate_black\" data-id=\"406f66b\" data-element_type=\"column\" data-settings=\"{&quot;background_background&quot;:&quot;classic&quot;}\">\n\t\t\t<div class=\"elementor-column-wrap\">\n\t\t\t\t\t\t\t<div class=\"elementor-widget-wrap\">\n\t\t\t\t\t\t\t\t<\/div>\n\t\t\t\t\t<\/div>\n\t\t<\/div>\n\t\t\t\t\t\t\t\t<\/div>\n\t\t\t\t\t<\/div>\n\t\t<\/section>\n\t\t\t\t<section class=\"elementor-section elementor-top-section elementor-element elementor-element-3cde8b0 elementor-section-boxed elementor-section-height-default elementor-section-height-default\" data-id=\"3cde8b0\" data-element_type=\"section\">\n\t\t\t\t\t\t<div class=\"elementor-container elementor-column-gap-default\">\n\t\t\t\t\t\t\t<div class=\"elementor-row\">\n\t\t\t\t\t<div class=\"elementor-column elementor-col-100 elementor-top-column elementor-element elementor-element-16de745\" data-id=\"16de745\" data-element_type=\"column\">\n\t\t\t<div class=\"elementor-column-wrap elementor-element-populated\">\n\t\t\t\t\t\t\t<div class=\"elementor-widget-wrap\">\n\t\t\t\t\t\t<div class=\"elementor-element elementor-element-f9d3b1a elementor-widget elementor-widget-text-editor\" data-id=\"f9d3b1a\" data-element_type=\"widget\" data-widget_type=\"text-editor.default\">\n\t\t\t\t<div class=\"elementor-widget-container\">\n\t\t\t\t\t\t\t\t<div class=\"elementor-text-editor elementor-clearfix\">\n\t\t\t\t<h2><span style=\"color: #000000\">Idealna<\/span> harmonia <span style=\"color: #000000\">mi\u0119dzy<\/span> cz\u0142owiekiem a natur\u0105.<\/h2>\t\t\t\t\t<\/div>\n\t\t\t\t\t\t<\/div>\n\t\t\t\t<\/div>\n\t\t\t\t<div class=\"elementor-element elementor-element-d0b3e4d elementor-widget elementor-widget-video\" data-id=\"d0b3e4d\" data-element_type=\"widget\" data-settings=\"{&quot;youtube_url&quot;:&quot;https:\\\/\\\/www.youtube.com\\\/watch?v=w9gSo_0anLk&quot;,&quot;show_image_overlay&quot;:&quot;yes&quot;,&quot;image_overlay&quot;:{&quot;url&quot;:&quot;https:\\\/\\\/wowtea.eu\\\/pl\\\/wp-content\\\/uploads\\\/2020\\\/08\\\/bottle-video-placeholder.jpg&quot;,&quot;id&quot;:&quot;72296&quot;,&quot;size&quot;:&quot;&quot;},&quot;lazy_load&quot;:&quot;yes&quot;,&quot;video_type&quot;:&quot;youtube&quot;,&quot;controls&quot;:&quot;yes&quot;}\" data-widget_type=\"video.default\">\n\t\t\t\t<div class=\"elementor-widget-container\">\n\t\t\t\t\t<div class=\"elementor-wrapper elementor-open-inline\">\n\t\t\t<div class=\"elementor-video\"><\/div>\t\t\t\t<div class=\"elementor-custom-embed-image-overlay\" style=\"background-image: url(https:\/\/wowtea.eu\/pl\/files\/2020\/08\/bottle-video-placeholder-1024x631.jpg);\">\n\t\t\t\t\t\t\t\t\t\t\t\t\t\t\t\t<div class=\"elementor-custom-embed-play\" role=\"button\" aria-label=\"Odtw\u00f3rz wideo\" tabindex=\"0\">\n\t\t\t\t\t\t\t<i aria-hidden=\"true\" class=\"eicon-play\"><\/i>\t\t\t\t\t\t\t<span class=\"elementor-screen-only\">Odtw\u00f3rz wideo<\/span>\n\t\t\t\t\t\t<\/div>\n\t\t\t\t\t\t\t\t\t<\/div>\n\t\t\t\t\t<\/div>\n\t\t\t\t<\/div>\n\t\t\t\t<\/div>\n\t\t\t\t\t\t<\/div>\n\t\t\t\t\t<\/div>\n\t\t<\/div>\n\t\t\t\t\t\t\t\t<\/div>\n\t\t\t\t\t<\/div>\n\t\t<\/section>\n\t\t\t\t<section class=\"elementor-section elementor-top-section elementor-element elementor-element-8d3c65a elementor-section-boxed elementor-section-height-default elementor-section-height-default\" data-id=\"8d3c65a\" data-element_type=\"section\" data-settings=\"{&quot;background_background&quot;:&quot;classic&quot;}\">\n\t\t\t\t\t\t<div class=\"elementor-container elementor-column-gap-default\">\n\t\t\t\t\t\t\t<div class=\"elementor-row\">\n\t\t\t\t\t<div class=\"elementor-column elementor-col-100 elementor-top-column elementor-element elementor-element-381a750\" data-id=\"381a750\" data-element_type=\"column\">\n\t\t\t<div class=\"elementor-column-wrap elementor-element-populated\">\n\t\t\t\t\t\t\t<div class=\"elementor-widget-wrap\">\n\t\t\t\t\t\t<div class=\"elementor-element elementor-element-358125b elementor-widget elementor-widget-text-editor\" data-id=\"358125b\" data-element_type=\"widget\" data-widget_type=\"text-editor.default\">\n\t\t\t\t<div class=\"elementor-widget-container\">\n\t\t\t\t\t\t\t\t<div class=\"elementor-text-editor elementor-clearfix\">\n\t\t\t\t<h2><span style=\"color: #000000\">Ciesz si\u0119<\/span> bogatym aromatem i smakiem <span style=\"color: #000000\">za pomoc\u0105:<\/span><\/h2>\t\t\t\t\t<\/div>\n\t\t\t\t\t\t<\/div>\n\t\t\t\t<\/div>\n\t\t\t\t<div class=\"elementor-element elementor-element-37e51d0 elementor-widget elementor-widget-image\" data-id=\"37e51d0\" data-element_type=\"widget\" data-widget_type=\"image.default\">\n\t\t\t\t<div class=\"elementor-widget-container\">\n\t\t\t\t\t\t\t\t<div class=\"elementor-image\">\n\t\t\t\t\t\t\t\t\t\t\t\t<img width=\"533\" height=\"586\" src=\"https:\/\/wowtea.eu\/pl\/files\/2020\/08\/NEW-Bottle-Product-Page-_16.jpg\" class=\"attachment-large size-large wp-image-84817\" alt=\"|\" loading=\"lazy\" srcset=\"https:\/\/wowtea.eu\/pl\/files\/2020\/08\/NEW-Bottle-Product-Page-_16.jpg 533w, https:\/\/wowtea.eu\/pl\/files\/2020\/08\/NEW-Bottle-Product-Page-_16-273x300.jpg 273w\" sizes=\"(max-width: 533px) 100vw, 533px\" title=\"|\">\t\t\t\t\t\t\t\t\t\t\t\t\t\t<\/div>\n\t\t\t\t\t\t<\/div>\n\t\t\t\t<\/div>\n\t\t\t\t\t\t<\/div>\n\t\t\t\t\t<\/div>\n\t\t<\/div>\n\t\t\t\t\t\t\t\t<\/div>\n\t\t\t\t\t<\/div>\n\t\t<\/section>\n\t\t\t\t<section class=\"elementor-section elementor-top-section elementor-element elementor-element-6a2cf94 elementor-section-boxed elementor-section-height-default elementor-section-height-default\" data-id=\"6a2cf94\" data-element_type=\"section\">\n\t\t\t\t\t\t<div class=\"elementor-container elementor-column-gap-default\">\n\t\t\t\t\t\t\t<div class=\"elementor-row\">\n\t\t\t\t\t<div class=\"elementor-column elementor-col-100 elementor-top-column elementor-element elementor-element-a7f5208\" data-id=\"a7f5208\" data-element_type=\"column\">\n\t\t\t<div class=\"elementor-column-wrap elementor-element-populated\">\n\t\t\t\t\t\t\t<div class=\"elementor-widget-wrap\">\n\t\t\t\t\t\t<div class=\"elementor-element elementor-element-9a859dd elementor-widget elementor-widget-text-editor\" data-id=\"9a859dd\" data-element_type=\"widget\" data-widget_type=\"text-editor.default\">\n\t\t\t\t<div class=\"elementor-widget-container\">\n\t\t\t\t\t\t\t\t<div class=\"elementor-text-editor elementor-clearfix\">\n\t\t\t\t<h1><strong>Wygodnie <span style=\"color: #000000\">i<\/span> \u0142atwo<\/strong><\/h1>\t\t\t\t\t<\/div>\n\t\t\t\t\t\t<\/div>\n\t\t\t\t<\/div>\n\t\t\t\t\t\t<\/div>\n\t\t\t\t\t<\/div>\n\t\t<\/div>\n\t\t\t\t\t\t\t\t<\/div>\n\t\t\t\t\t<\/div>\n\t\t<\/section>\n\t\t\t\t<section class=\"elementor-section elementor-top-section elementor-element elementor-element-0df8a70 elementor-section-boxed elementor-section-height-default elementor-section-height-default\" data-id=\"0df8a70\" data-element_type=\"section\">\n\t\t\t\t\t\t<div class=\"elementor-container elementor-column-gap-default\">\n\t\t\t\t\t\t\t<div class=\"elementor-row\">\n\t\t\t\t\t<div class=\"elementor-column elementor-col-33 elementor-top-column elementor-element elementor-element-bf643f4\" data-id=\"bf643f4\" data-element_type=\"column\">\n\t\t\t<div class=\"elementor-column-wrap elementor-element-populated\">\n\t\t\t\t\t\t\t<div class=\"elementor-widget-wrap\">\n\t\t\t\t\t\t<div class=\"elementor-element elementor-element-18f3897 elementor-widget elementor-widget-image\" data-id=\"18f3897\" data-element_type=\"widget\" data-widget_type=\"image.default\">\n\t\t\t\t<div class=\"elementor-widget-container\">\n\t\t\t\t\t\t\t\t<div class=\"elementor-image\">\n\t\t\t\t\t\t\t\t\t\t\t\t<img width=\"400\" height=\"400\" src=\"https:\/\/wowtea.eu\/pl\/files\/2020\/08\/easy-to-grip.jpg\" class=\"attachment-large size-large wp-image-72299\" alt=\"easy-to-grip\" loading=\"lazy\" srcset=\"https:\/\/wowtea.eu\/pl\/files\/2020\/08\/easy-to-grip.jpg 400w, https:\/\/wowtea.eu\/pl\/files\/2020\/08\/easy-to-grip-300x300.jpg 300w, https:\/\/wowtea.eu\/pl\/files\/2020\/08\/easy-to-grip-150x150.jpg 150w, https:\/\/wowtea.eu\/pl\/files\/2020\/08\/easy-to-grip-100x100.jpg 100w\" sizes=\"(max-width: 400px) 100vw, 400px\" title=\"|\">\t\t\t\t\t\t\t\t\t\t\t\t\t\t<\/div>\n\t\t\t\t\t\t<\/div>\n\t\t\t\t<\/div>\n\t\t\t\t<div class=\"elementor-element elementor-element-d5d2c2f elementor-widget elementor-widget-heading\" data-id=\"d5d2c2f\" data-element_type=\"widget\" data-widget_type=\"heading.default\">\n\t\t\t\t<div class=\"elementor-widget-container\">\n\t\t\t<span class=\"elementor-heading-title elementor-size-default\">Wygodny do chwytania<\/span>\t\t<\/div>\n\t\t\t\t<\/div>\n\t\t\t\t\t\t<\/div>\n\t\t\t\t\t<\/div>\n\t\t<\/div>\n\t\t\t\t<div class=\"elementor-column elementor-col-33 elementor-top-column elementor-element elementor-element-0988e57\" data-id=\"0988e57\" data-element_type=\"column\">\n\t\t\t<div class=\"elementor-column-wrap elementor-element-populated\">\n\t\t\t\t\t\t\t<div class=\"elementor-widget-wrap\">\n\t\t\t\t\t\t<div class=\"elementor-element elementor-element-357cc8b elementor-widget elementor-widget-image\" data-id=\"357cc8b\" data-element_type=\"widget\" data-widget_type=\"image.default\">\n\t\t\t\t<div class=\"elementor-widget-container\">\n\t\t\t\t\t\t\t\t<div class=\"elementor-image\">\n\t\t\t\t\t\t\t\t\t\t\t\t<img width=\"400\" height=\"400\" src=\"https:\/\/wowtea.eu\/pl\/files\/2020\/08\/high-quality-glass.jpg\" class=\"attachment-large size-large wp-image-72300\" alt=\"high-quality-glass\" loading=\"lazy\" srcset=\"https:\/\/wowtea.eu\/pl\/files\/2020\/08\/high-quality-glass.jpg 400w, https:\/\/wowtea.eu\/pl\/files\/2020\/08\/high-quality-glass-300x300.jpg 300w, https:\/\/wowtea.eu\/pl\/files\/2020\/08\/high-quality-glass-150x150.jpg 150w, https:\/\/wowtea.eu\/pl\/files\/2020\/08\/high-quality-glass-100x100.jpg 100w\" sizes=\"(max-width: 400px) 100vw, 400px\" title=\"|\">\t\t\t\t\t\t\t\t\t\t\t\t\t\t<\/div>\n\t\t\t\t\t\t<\/div>\n\t\t\t\t<\/div>\n\t\t\t\t<div class=\"elementor-element elementor-element-72a1d32 elementor-widget elementor-widget-heading\" data-id=\"72a1d32\" data-element_type=\"widget\" data-widget_type=\"heading.default\">\n\t\t\t\t<div class=\"elementor-widget-container\">\n\t\t\t<span class=\"elementor-heading-title elementor-size-default\">Wysokiej jako\u015bci szk\u0142o borokrzemowe<\/span>\t\t<\/div>\n\t\t\t\t<\/div>\n\t\t\t\t\t\t<\/div>\n\t\t\t\t\t<\/div>\n\t\t<\/div>\n\t\t\t\t<div class=\"elementor-column elementor-col-33 elementor-top-column elementor-element elementor-element-8ada347\" data-id=\"8ada347\" data-element_type=\"column\">\n\t\t\t<div class=\"elementor-column-wrap elementor-element-populated\">\n\t\t\t\t\t\t\t<div class=\"elementor-widget-wrap\">\n\t\t\t\t\t\t<div class=\"elementor-element elementor-element-86a4660 elementor-widget elementor-widget-image\" data-id=\"86a4660\" data-element_type=\"widget\" data-widget_type=\"image.default\">\n\t\t\t\t<div class=\"elementor-widget-container\">\n\t\t\t\t\t\t\t\t<div class=\"elementor-image\">\n\t\t\t\t\t\t\t\t\t\t\t\t<img width=\"400\" height=\"400\" src=\"https:\/\/wowtea.eu\/pl\/files\/2020\/08\/easy-to-carry.jpg\" class=\"attachment-large size-large wp-image-72301\" alt=\"easy-to-carry\" loading=\"lazy\" srcset=\"https:\/\/wowtea.eu\/pl\/files\/2020\/08\/easy-to-carry.jpg 400w, https:\/\/wowtea.eu\/pl\/files\/2020\/08\/easy-to-carry-300x300.jpg 300w, https:\/\/wowtea.eu\/pl\/files\/2020\/08\/easy-to-carry-150x150.jpg 150w, https:\/\/wowtea.eu\/pl\/files\/2020\/08\/easy-to-carry-100x100.jpg 100w\" sizes=\"(max-width: 400px) 100vw, 400px\" title=\"|\">\t\t\t\t\t\t\t\t\t\t\t\t\t\t<\/div>\n\t\t\t\t\t\t<\/div>\n\t\t\t\t<\/div>\n\t\t\t\t<div class=\"elementor-element elementor-element-f134b11 elementor-widget elementor-widget-heading\" data-id=\"f134b11\" data-element_type=\"widget\" data-widget_type=\"heading.default\">\n\t\t\t\t<div class=\"elementor-widget-container\">\n\t\t\t<span class=\"elementor-heading-title elementor-size-default\">Wygodny do noszenia<\/span>\t\t<\/div>\n\t\t\t\t<\/div>\n\t\t\t\t\t\t<\/div>\n\t\t\t\t\t<\/div>\n\t\t<\/div>\n\t\t\t\t\t\t\t\t<\/div>\n\t\t\t\t\t<\/div>\n\t\t<\/section>\n\t\t\t\t\t\t\t\t\t<\/div>\n\t\t\t<\/div>\n\t\t\t\t\t<\/div>\n\t\t","protected":false},"excerpt":{"rendered":"<ul class=\"check_list\">\n<li>\n<h4>Wysokiej jako\u015bci szk\u0142o borokrzemowe<\/h4>\n<p>Nie zawiera szkodliwych dla ludzkiego organizmu substancji chemicznych Bisfenol A.<\/li>\n<li>\n<h4>Wysokiej jako\u015bci dozownik ze stali nierdzewnej<\/h4>\n<p>Mo\u017cna go zakr\u0119ci\u0107 albo usun\u0105\u0107 z butelki.<\/li>\n<li>\n<h4>Unikalny design, kt\u00f3ry pasuje do Twojej to\u017csamo\u015bci.<\/h4>\n<p>Wyb\u00f3r kolor\u00f3w \u2013 CZARNY i R\u00d3\u017bOWY.<\/li>\n<\/ul>\n","protected":false},"featured_media":86054,"comment_status":"open","ping_status":"closed","template":"","meta":{"inline_featured_image":false},"product_cat":[15],"product_tag":[83],"acf":[],"variations_data":[],"free_delivery":false,"currency_name":"&#122;&#322;","regular_price":"99","sale_price":"","price":"99","image":"https:\/\/wowtea.eu\/pl\/files\/2021\/03\/black_bottle.png","_links":{"self":[{"href":"https:\/\/wowtea.eu\/pl\/wp-json\/wp\/v2\/product\/72626"}],"collection":[{"href":"https:\/\/wowtea.eu\/pl\/wp-json\/wp\/v2\/product"}],"about":[{"href":"https:\/\/wowtea.eu\/pl\/wp-json\/wp\/v2\/types\/product"}],"replies":[{"embeddable":true,"href":"https:\/\/wowtea.eu\/pl\/wp-json\/wp\/v2\/comments?post=72626"}],"version-history":[{"count":2,"href":"https:\/\/wowtea.eu\/pl\/wp-json\/wp\/v2\/product\/72626\/revisions"}],"predecessor-version":[{"id":96119,"href":"https:\/\/wowtea.eu\/pl\/wp-json\/wp\/v2\/product\/72626\/revisions\/96119"}],"wp:featuredmedia":[{"embeddable":true,"href":"https:\/\/wowtea.eu\/pl\/wp-json\/wp\/v2\/media\/86054"}],"wp:attachment":[{"href":"https:\/\/wowtea.eu\/pl\/wp-json\/wp\/v2\/media?parent=72626"}],"wp:term":[{"taxonomy":"product_cat","embeddable":true,"href":"https:\/\/wowtea.eu\/pl\/wp-json\/wp\/v2\/product_cat?post=72626"},{"taxonomy":"product_tag","embeddable":true,"href":"https:\/\/wowtea.eu\/pl\/wp-json\/wp\/v2\/product_tag?post=72626"}],"curies":[{"name":"wp","href":"https:\/\/api.w.org\/{rel}","templated":true}]}}