{"id":72626,"date":"2020-10-06T15:49:31","date_gmt":"2020-10-06T12:49:31","guid":{"rendered":"https:\/\/wowtea.eu\/pt\/?post_type=product&#038;p=72626"},"modified":"2026-03-31T23:22:46","modified_gmt":"2026-03-31T22:22:46","slug":"black-bottle","status":"publish","type":"product","link":"https:\/\/wowtea.eu\/pt\/product\/black-bottle\/","title":{"rendered":"Garrafa para o ch\u00e1 (Preto)"},"content":{"rendered":"\t\t<div data-elementor-type=\"product-post\" data-elementor-id=\"72626\" class=\"elementor elementor-72626\">\n\t\t\t\t\t\t<div class=\"elementor-inner\">\n\t\t\t\t<div class=\"elementor-section-wrap\">\n\t\t\t\t\t\t\t\t\t<section class=\"elementor-section elementor-top-section elementor-element elementor-element-4403515 elementor-section-boxed elementor-section-height-default elementor-section-height-default\" data-id=\"4403515\" data-element_type=\"section\">\n\t\t\t\t\t\t<div class=\"elementor-container elementor-column-gap-no\">\n\t\t\t\t\t\t\t<div class=\"elementor-row\">\n\t\t\t\t\t<div class=\"elementor-column elementor-col-100 elementor-top-column elementor-element elementor-element-bc465e5\" data-id=\"bc465e5\" data-element_type=\"column\">\n\t\t\t<div class=\"elementor-column-wrap\">\n\t\t\t\t\t\t\t<div class=\"elementor-widget-wrap\">\n\t\t\t\t\t\t\t\t<\/div>\n\t\t\t\t\t<\/div>\n\t\t<\/div>\n\t\t\t\t\t\t\t\t<\/div>\n\t\t\t\t\t<\/div>\n\t\t<\/section>\n\t\t\t\t\t\t\t\t\t<\/div>\n\t\t\t<\/div>\n\t\t\t\t\t<\/div>\n\t\t","protected":false},"excerpt":{"rendered":"<ul class=\"check_list\">\n<li>\n<h4>Vidro Borosilicato de alta qualidade.<\/h4>\n<p>N\u00e3o cont\u00e9m o qu\u00edmico prejudicial \u00e0 sa\u00fade \u2013 Bisphenol A.<\/li>\n<li>\n<h4>\u00a0Dispensador de a\u00e7o inoxid\u00e1vel de alta qualidade.<\/h4>\n<p>Que pode ser retirado facilmente da garrafa.<\/li>\n<li>\n<h4>Design \u00fanico que se adequa \u00e0 tua identidade.<\/h4>\n<p>Escolha de cores \u2013 PRETO e ROSA.<\/li>\n<\/ul>\n","protected":false},"featured_media":93271,"comment_status":"open","ping_status":"closed","template":"","meta":{"inline_featured_image":false},"product_cat":[15],"product_tag":[83],"acf":[],"variations_data":[],"free_delivery":false,"currency_name":"&euro;","regular_price":"26.30","sale_price":"","price":"26.30","image":"https:\/\/wowtea.eu\/pt\/files\/2021\/03\/black_bottle.png","_links":{"self":[{"href":"https:\/\/wowtea.eu\/pt\/wp-json\/wp\/v2\/product\/72626"}],"collection":[{"href":"https:\/\/wowtea.eu\/pt\/wp-json\/wp\/v2\/product"}],"about":[{"href":"https:\/\/wowtea.eu\/pt\/wp-json\/wp\/v2\/types\/product"}],"replies":[{"embeddable":true,"href":"https:\/\/wowtea.eu\/pt\/wp-json\/wp\/v2\/comments?post=72626"}],"version-history":[{"count":1,"href":"https:\/\/wowtea.eu\/pt\/wp-json\/wp\/v2\/product\/72626\/revisions"}],"predecessor-version":[{"id":159530,"href":"https:\/\/wowtea.eu\/pt\/wp-json\/wp\/v2\/product\/72626\/revisions\/159530"}],"wp:featuredmedia":[{"embeddable":true,"href":"https:\/\/wowtea.eu\/pt\/wp-json\/wp\/v2\/media\/93271"}],"wp:attachment":[{"href":"https:\/\/wowtea.eu\/pt\/wp-json\/wp\/v2\/media?parent=72626"}],"wp:term":[{"taxonomy":"product_cat","embeddable":true,"href":"https:\/\/wowtea.eu\/pt\/wp-json\/wp\/v2\/product_cat?post=72626"},{"taxonomy":"product_tag","embeddable":true,"href":"https:\/\/wowtea.eu\/pt\/wp-json\/wp\/v2\/product_tag?post=72626"}],"curies":[{"name":"wp","href":"https:\/\/api.w.org\/{rel}","templated":true}]}}