{"id":72630,"date":"2020-10-06T16:12:45","date_gmt":"2020-10-06T15:12:45","guid":{"rendered":"https:\/\/wowtea.eu\/pt\/?post_type=product&#038;p=72630"},"modified":"2026-03-31T23:22:24","modified_gmt":"2026-03-31T22:22:24","slug":"new-wellness-cart","status":"publish","type":"product","link":"https:\/\/wowtea.eu\/pt\/product\/new-wellness-cart\/","title":{"rendered":"Ch\u00e1 Wellness"},"content":{"rendered":"\t\t<div data-elementor-type=\"product-post\" data-elementor-id=\"72630\" class=\"elementor elementor-72630\">\n\t\t\t\t\t\t<div class=\"elementor-inner\">\n\t\t\t\t<div class=\"elementor-section-wrap\">\n\t\t\t\t\t\t\t\t\t<section class=\"elementor-section elementor-top-section elementor-element elementor-element-c969b3d elementor-section-full_width elementor-section-height-default elementor-section-height-default\" data-id=\"c969b3d\" data-element_type=\"section\">\n\t\t\t\t\t\t<div class=\"elementor-container elementor-column-gap-no\">\n\t\t\t\t\t\t\t<div class=\"elementor-row\">\n\t\t\t\t\t<div class=\"elementor-column elementor-col-100 elementor-top-column elementor-element elementor-element-41068f5\" data-id=\"41068f5\" data-element_type=\"column\">\n\t\t\t<div class=\"elementor-column-wrap\">\n\t\t\t\t\t\t\t<div class=\"elementor-widget-wrap\">\n\t\t\t\t\t\t\t\t<\/div>\n\t\t\t\t\t<\/div>\n\t\t<\/div>\n\t\t\t\t\t\t\t\t<\/div>\n\t\t\t\t\t<\/div>\n\t\t<\/section>\n\t\t\t\t\t\t\t\t\t<\/div>\n\t\t\t<\/div>\n\t\t\t\t\t<\/div>\n\t\t","protected":false},"excerpt":{"rendered":"<ul class=\"check_list\">\n<li>\n<h4>Traz harmonia e sa\u00fade ao corpo<\/h4>\n<p>Auxilia o trabalho dos \u00f3rg\u00e3os internos e equilibra todos os seus processos.<\/li>\n<li>\n<h4>Fortalece o sistema imunol\u00f3gico<\/h4>\n<p>Ben\u00e9fico para as pessoas que desejam melhorar a sua sa\u00fade e for\u00e7a.<\/li>\n<li>\n<h4>Cuida dos Horm\u00f4nios Felizes<\/h4>\n<p>Naturalmente harmoniza os n\u00edveis saud\u00e1veis \u200b\u200bde horm\u00f4nios, aumentando a sensa\u00e7\u00e3o de calma e paz.<\/li>\n<li>\n<h4>Ajuda a concentrar-se e a melhor a mem\u00f3ria<\/h4>\n<p>Melhora a concentra\u00e7\u00e3o e a mem\u00f3ria, facilitando o aprendizagem.<\/li>\n<li>\n<h4>Torna a pele radiante e suave<\/h4>\n<p>Rejuvenesce a pele e aumenta a produ\u00e7\u00e3o de novas c\u00e9lulas saud\u00e1veis.<\/li>\n<\/ul>\n","protected":false},"featured_media":92829,"comment_status":"open","ping_status":"closed","template":"","meta":{"inline_featured_image":false},"product_cat":[15],"product_tag":[83],"acf":[],"variations_data":[],"free_delivery":false,"currency_name":"&euro;","regular_price":"23.90","sale_price":"","price":"23.90","image":"https:\/\/wowtea.eu\/pt\/files\/2021\/03\/wellness.png","_links":{"self":[{"href":"https:\/\/wowtea.eu\/pt\/wp-json\/wp\/v2\/product\/72630"}],"collection":[{"href":"https:\/\/wowtea.eu\/pt\/wp-json\/wp\/v2\/product"}],"about":[{"href":"https:\/\/wowtea.eu\/pt\/wp-json\/wp\/v2\/types\/product"}],"replies":[{"embeddable":true,"href":"https:\/\/wowtea.eu\/pt\/wp-json\/wp\/v2\/comments?post=72630"}],"version-history":[{"count":1,"href":"https:\/\/wowtea.eu\/pt\/wp-json\/wp\/v2\/product\/72630\/revisions"}],"predecessor-version":[{"id":116122,"href":"https:\/\/wowtea.eu\/pt\/wp-json\/wp\/v2\/product\/72630\/revisions\/116122"}],"wp:featuredmedia":[{"embeddable":true,"href":"https:\/\/wowtea.eu\/pt\/wp-json\/wp\/v2\/media\/92829"}],"wp:attachment":[{"href":"https:\/\/wowtea.eu\/pt\/wp-json\/wp\/v2\/media?parent=72630"}],"wp:term":[{"taxonomy":"product_cat","embeddable":true,"href":"https:\/\/wowtea.eu\/pt\/wp-json\/wp\/v2\/product_cat?post=72630"},{"taxonomy":"product_tag","embeddable":true,"href":"https:\/\/wowtea.eu\/pt\/wp-json\/wp\/v2\/product_tag?post=72630"}],"curies":[{"name":"wp","href":"https:\/\/api.w.org\/{rel}","templated":true}]}}