{"id":72630,"date":"2020-10-06T16:12:45","date_gmt":"2020-10-06T13:12:45","guid":{"rendered":"https:\/\/wowtea.eu\/ro\/?post_type=product&#038;p=72630"},"modified":"2026-04-17T15:31:50","modified_gmt":"2026-04-17T12:31:50","slug":"new-wellness-cart","status":"publish","type":"product","link":"https:\/\/wowtea.eu\/ro\/product\/new-wellness-cart\/","title":{"rendered":"Wellness Tea"},"content":{"rendered":"","protected":false},"excerpt":{"rendered":"<ul class=\"check_list\">\n<li>\n<h4>Aduce armonie \u0219i s\u0103n\u0103tate organismului<\/h4>\n<p>Sus\u021bine activitatea organelor \u0219i echilibreaz\u0103 procesele din organism<\/li>\n<li>\n<h4>\u00cent\u0103re\u0219te imunitatea<\/h4>\n<p>Are un efect benefic asupra oamenilor care doresc s\u0103-\u0219i consolideze s\u0103n\u0103tatea \u0219i rezisten\u021ba<\/li>\n<li>\n<h4>Echilibreaz\u0103 hormonii fericirii<\/h4>\n<p>Normalizeaz\u0103 natural nivelurile s\u0103n\u0103toase de hormoni, cre\u00e2nd o senza\u021bie de calm<\/li>\n<li>\n<h4>\u00cembun\u0103t\u0103\u021be\u0219te concentrarea \u0219i ajut\u0103 la memorare<\/h4>\n<p>\u00cembun\u0103t\u0103\u021be\u0219te concentrarea \u0219i memoria, facilit\u00e2nd re\u021binerea \u0219i absorb\u021bia informa\u021biilor noi<\/li>\n<li>\n<h4>Face pielea neted\u0103 \u0219i radiant\u0103<\/h4>\n<p>\u00centinere\u0219te vizual pielea \u0219i stimuleaz\u0103 crearea noilor celule s\u0103n\u0103toase<\/li>\n<\/ul>\n","protected":false},"featured_media":90332,"comment_status":"open","ping_status":"closed","template":"","meta":{"inline_featured_image":false},"product_cat":[15,171],"product_tag":[83],"acf":[],"variations_data":[],"free_delivery":false,"currency_name":"lei","regular_price":"86.00","sale_price":"","price":"86.00","image":"https:\/\/wowtea.eu\/ro\/files\/2021\/03\/wellness.png","_links":{"self":[{"href":"https:\/\/wowtea.eu\/ro\/wp-json\/wp\/v2\/product\/72630"}],"collection":[{"href":"https:\/\/wowtea.eu\/ro\/wp-json\/wp\/v2\/product"}],"about":[{"href":"https:\/\/wowtea.eu\/ro\/wp-json\/wp\/v2\/types\/product"}],"replies":[{"embeddable":true,"href":"https:\/\/wowtea.eu\/ro\/wp-json\/wp\/v2\/comments?post=72630"}],"version-history":[{"count":1,"href":"https:\/\/wowtea.eu\/ro\/wp-json\/wp\/v2\/product\/72630\/revisions"}],"predecessor-version":[{"id":102228,"href":"https:\/\/wowtea.eu\/ro\/wp-json\/wp\/v2\/product\/72630\/revisions\/102228"}],"wp:featuredmedia":[{"embeddable":true,"href":"https:\/\/wowtea.eu\/ro\/wp-json\/wp\/v2\/media\/90332"}],"wp:attachment":[{"href":"https:\/\/wowtea.eu\/ro\/wp-json\/wp\/v2\/media?parent=72630"}],"wp:term":[{"taxonomy":"product_cat","embeddable":true,"href":"https:\/\/wowtea.eu\/ro\/wp-json\/wp\/v2\/product_cat?post=72630"},{"taxonomy":"product_tag","embeddable":true,"href":"https:\/\/wowtea.eu\/ro\/wp-json\/wp\/v2\/product_tag?post=72630"}],"curies":[{"name":"wp","href":"https:\/\/api.w.org\/{rel}","templated":true}]}}