{"id":151207,"date":"2022-04-26T11:12:00","date_gmt":"2022-04-26T09:12:00","guid":{"rendered":"https:\/\/wowtea.eu\/rs\/?post_type=product&#038;p=151207"},"modified":"2022-09-28T16:07:17","modified_gmt":"2022-09-28T14:07:17","slug":"love-your-summer-body","status":"publish","type":"product","link":"https:\/\/wowtea.eu\/rs\/product\/love-your-summer-body\/","title":{"rendered":"Love Your Summer Body"},"content":{"rendered":"\t\t<div data-elementor-type=\"product-post\" data-elementor-id=\"151207\" class=\"elementor elementor-151207\">\n\t\t\t\t\t\t<div class=\"elementor-inner\">\n\t\t\t\t<div class=\"elementor-section-wrap\">\n\t\t\t\t\t\t\t\t\t<section class=\"elementor-section elementor-top-section elementor-element elementor-element-14f8aba elementor-section-full_width elementor-section-height-default elementor-section-height-default\" data-id=\"14f8aba\" data-element_type=\"section\">\n\t\t\t\t\t\t<div class=\"elementor-container elementor-column-gap-no\">\n\t\t\t\t\t\t\t<div class=\"elementor-row\">\n\t\t\t\t\t<div class=\"elementor-column elementor-col-100 elementor-top-column elementor-element elementor-element-66864d8\" data-id=\"66864d8\" data-element_type=\"column\">\n\t\t\t<div class=\"elementor-column-wrap elementor-element-populated\">\n\t\t\t\t\t\t\t<div class=\"elementor-widget-wrap\">\n\t\t\t\t\t\t<section class=\"elementor-section elementor-inner-section elementor-element elementor-element-507cd64 elementor-section-full_width elementor-hidden-phone elementor-section-height-default elementor-section-height-default\" data-id=\"507cd64\" data-element_type=\"section\">\n\t\t\t\t\t\t<div class=\"elementor-container elementor-column-gap-no\">\n\t\t\t\t\t\t\t<div class=\"elementor-row\">\n\t\t\t\t\t<div class=\"elementor-column elementor-col-100 elementor-inner-column elementor-element elementor-element-548990c\" data-id=\"548990c\" data-element_type=\"column\">\n\t\t\t<div class=\"elementor-column-wrap elementor-element-populated\">\n\t\t\t\t\t\t\t<div class=\"elementor-widget-wrap\">\n\t\t\t\t\t\t<div class=\"elementor-element elementor-element-0778940 elementor-widget elementor-widget-image\" data-id=\"0778940\" data-element_type=\"widget\" data-widget_type=\"image.default\">\n\t\t\t\t<div class=\"elementor-widget-container\">\n\t\t\t\t\t\t\t\t<div class=\"elementor-image\">\n\t\t\t\t\t\t\t\t\t\t\t\t<img width=\"1920\" height=\"1150\" src=\"https:\/\/wowtea.eu\/rs\/files\/2021\/06\/THE-PERFECT-BEACH-DRINK-Summer-detox-D-RS.jpg\" class=\"attachment-full size-full wp-image-159301\" alt=\"|\" loading=\"lazy\" srcset=\"https:\/\/wowtea.eu\/rs\/files\/2021\/06\/THE-PERFECT-BEACH-DRINK-Summer-detox-D-RS.jpg 1920w, https:\/\/wowtea.eu\/rs\/files\/2021\/06\/THE-PERFECT-BEACH-DRINK-Summer-detox-D-RS-300x180.jpg 300w, https:\/\/wowtea.eu\/rs\/files\/2021\/06\/THE-PERFECT-BEACH-DRINK-Summer-detox-D-RS-1024x613.jpg 1024w, https:\/\/wowtea.eu\/rs\/files\/2021\/06\/THE-PERFECT-BEACH-DRINK-Summer-detox-D-RS-768x460.jpg 768w, https:\/\/wowtea.eu\/rs\/files\/2021\/06\/THE-PERFECT-BEACH-DRINK-Summer-detox-D-RS-1536x920.jpg 1536w, https:\/\/wowtea.eu\/rs\/files\/2021\/06\/THE-PERFECT-BEACH-DRINK-Summer-detox-D-RS-100x60.jpg 100w, https:\/\/wowtea.eu\/rs\/files\/2021\/06\/THE-PERFECT-BEACH-DRINK-Summer-detox-D-RS-600x359.jpg 600w\" sizes=\"(max-width: 1920px) 100vw, 1920px\" title=\"|\">\t\t\t\t\t\t\t\t\t\t\t\t\t\t<\/div>\n\t\t\t\t\t\t<\/div>\n\t\t\t\t<\/div>\n\t\t\t\t\t\t<\/div>\n\t\t\t\t\t<\/div>\n\t\t<\/div>\n\t\t\t\t\t\t\t\t<\/div>\n\t\t\t\t\t<\/div>\n\t\t<\/section>\n\t\t\t\t<section class=\"elementor-section elementor-inner-section elementor-element elementor-element-9c33b19 elementor-section-full_width elementor-hidden-desktop elementor-hidden-tablet elementor-section-height-default elementor-section-height-default\" data-id=\"9c33b19\" data-element_type=\"section\">\n\t\t\t\t\t\t<div class=\"elementor-container elementor-column-gap-no\">\n\t\t\t\t\t\t\t<div class=\"elementor-row\">\n\t\t\t\t\t<div class=\"elementor-column elementor-col-100 elementor-inner-column elementor-element elementor-element-edcbd4e\" data-id=\"edcbd4e\" data-element_type=\"column\">\n\t\t\t<div class=\"elementor-column-wrap elementor-element-populated\">\n\t\t\t\t\t\t\t<div class=\"elementor-widget-wrap\">\n\t\t\t\t\t\t<div class=\"elementor-element elementor-element-77c22a0 elementor-widget elementor-widget-image\" data-id=\"77c22a0\" data-element_type=\"widget\" data-widget_type=\"image.default\">\n\t\t\t\t<div class=\"elementor-widget-container\">\n\t\t\t\t\t\t\t\t<div class=\"elementor-image\">\n\t\t\t\t\t\t\t\t\t\t\t\t<img width=\"460\" height=\"750\" src=\"https:\/\/wowtea.eu\/rs\/files\/2021\/06\/THE-PERFECT-BEACH-DRINK-Summer-detox-M-RS.jpg\" class=\"attachment-full size-full wp-image-159302\" alt=\"|\" loading=\"lazy\" srcset=\"https:\/\/wowtea.eu\/rs\/files\/2021\/06\/THE-PERFECT-BEACH-DRINK-Summer-detox-M-RS.jpg 460w, https:\/\/wowtea.eu\/rs\/files\/2021\/06\/THE-PERFECT-BEACH-DRINK-Summer-detox-M-RS-184x300.jpg 184w, https:\/\/wowtea.eu\/rs\/files\/2021\/06\/THE-PERFECT-BEACH-DRINK-Summer-detox-M-RS-61x100.jpg 61w\" sizes=\"(max-width: 460px) 100vw, 460px\" title=\"|\">\t\t\t\t\t\t\t\t\t\t\t\t\t\t<\/div>\n\t\t\t\t\t\t<\/div>\n\t\t\t\t<\/div>\n\t\t\t\t\t\t<\/div>\n\t\t\t\t\t<\/div>\n\t\t<\/div>\n\t\t\t\t\t\t\t\t<\/div>\n\t\t\t\t\t<\/div>\n\t\t<\/section>\n\t\t\t\t\t\t<\/div>\n\t\t\t\t\t<\/div>\n\t\t<\/div>\n\t\t\t\t\t\t\t\t<\/div>\n\t\t\t\t\t<\/div>\n\t\t<\/section>\n\t\t\t\t<section class=\"elementor-section elementor-top-section elementor-element elementor-element-4a81fb42 elementor-section-boxed elementor-section-height-default elementor-section-height-default\" data-id=\"4a81fb42\" data-element_type=\"section\" data-settings=\"{&quot;background_background&quot;:&quot;classic&quot;}\">\n\t\t\t\t\t\t<div class=\"elementor-container elementor-column-gap-default\">\n\t\t\t\t\t\t\t<div class=\"elementor-row\">\n\t\t\t\t\t<div class=\"elementor-column elementor-col-100 elementor-top-column elementor-element elementor-element-69180a14\" data-id=\"69180a14\" data-element_type=\"column\" data-settings=\"{&quot;background_background&quot;:&quot;classic&quot;}\">\n\t\t\t<div class=\"elementor-column-wrap elementor-element-populated\">\n\t\t\t\t\t\t\t<div class=\"elementor-widget-wrap\">\n\t\t\t\t\t\t<div class=\"elementor-element elementor-element-747daf53 elementor-widget elementor-widget-heading\" data-id=\"747daf53\" data-element_type=\"widget\" data-widget_type=\"heading.default\">\n\t\t\t\t<div class=\"elementor-widget-container\">\n\t\t\t<h2 class=\"elementor-heading-title elementor-size-default\"><p style=\"text-align: center;color: crimson;font-size: 40px\">\u0160TA MO\u017dE\u0160 DA DOBIJE\u0160 U KUTIJI<span style=\"font-size: 28px\"><\/span><\/p><\/h2>\t\t<\/div>\n\t\t\t\t<\/div>\n\t\t\t\t<div class=\"elementor-element elementor-element-3c6fc7c0 elementor-widget elementor-widget-pp-info-box-carousel\" data-id=\"3c6fc7c0\" data-element_type=\"widget\" data-settings=\"{&quot;equal_height_boxes&quot;:&quot;yes&quot;}\" data-widget_type=\"pp-info-box-carousel.default\">\n\t\t\t\t<div class=\"elementor-widget-container\">\n\t\t\t\t\t<div class=\"swiper-container-wrap pp-info-box-carousel-wrap swiper-container-wrap-dots-outside\">\n\t\t\t<div class=\"pp-info-box pp-info-box-carousel swiper-container swiper-container-3c6fc7c0\" data-pagination=\".swiper-pagination-3c6fc7c0\" data-arrow-next=\".swiper-button-next-3c6fc7c0\" data-arrow-prev=\".swiper-button-prev-3c6fc7c0\" data-slider-settings=\"{&quot;direction&quot;:&quot;horizontal&quot;,&quot;effect&quot;:&quot;slide&quot;,&quot;speed&quot;:600,&quot;slidesPerView&quot;:2,&quot;spaceBetween&quot;:15,&quot;grabCursor&quot;:false,&quot;autoHeight&quot;:true,&quot;loop&quot;:true,&quot;autoplay&quot;:{&quot;delay&quot;:999999,&quot;disableOnInteraction&quot;:false},&quot;pagination&quot;:{&quot;el&quot;:&quot;.swiper-pagination-3c6fc7c0&quot;,&quot;type&quot;:&quot;bullets&quot;,&quot;clickable&quot;:true},&quot;navigation&quot;:{&quot;nextEl&quot;:&quot;.swiper-button-next-3c6fc7c0&quot;,&quot;prevEl&quot;:&quot;.swiper-button-prev-3c6fc7c0&quot;},&quot;breakpoints&quot;:{&quot;1025&quot;:{&quot;slidesPerView&quot;:2,&quot;spaceBetween&quot;:15},&quot;768&quot;:{&quot;slidesPerView&quot;:2,&quot;spaceBetween&quot;:10},&quot;320&quot;:{&quot;slidesPerView&quot;:1,&quot;spaceBetween&quot;:10}}}\">\n\t\t\t\t<div class=\"swiper-wrapper\">\n\t\t\t\t\t\t\t\t\t<div class=\"swiper-slide\">\n\t\t\t\t\t\t<div class=\"pp-info-box-content-wrap\">\n\t\t\t\t\t\t\t\t\t\t\t\t\t\t\t\t\t\t\t\t\t\t<div class=\"pp-info-box-icon-wrap\">\n\t\t\t\t\t\t\t\t\t\t\t\t\t\t\t\t\t\t\t\t\t<span class=\"pp-info-box-icon pp-icon\">\n\t\t\t\t\t\t\t\t\t<img src=\"https:\/\/wowtea.eu\/rs\/files\/2021\/06\/Product-Images-Summer-Slimfit-1.png\" alt=\"Product-Images-Summer-Slimfit\" title=\"|\">\t\t\t\t\t\t\t<\/span>\n\t\t\t\t\t\t\t\t\t\t\t\t\t\t\t\t\t\t\t\t<\/div>\n\t\t\t\t\t\t\t\t\t\t\t\t\t\t<div class=\"pp-info-box-content\">\n\t\t\t\t\t\t\t\t<div class=\"pp-info-box-title-wrap\">\n\t\t\t\t\t\t\t\t\t<div class=\"pp-info-box-title-container\"><h2 class=\"pp-info-box-title\">Summer SlimFit<\/h2><\/div>\t\t\t\t\t\t\t\t<\/div>\n\n\t\t\t\t\t\t\t\t\n\t\t\t\t\t\t\t\t\t\t\t\t\t\t\t\t\t<div class=\"pp-info-box-description\">\n\t\t\t\t\t\t\t\t\t\t  <ul style=\"font-size:13px\"><br \/>\n    <li><i class=\"fas fa-check\" style=\"color: crimson\"><\/i> <b>Do\u0111ite u bolju formu br\u017ee<\/b><\/br><\/li><br \/>\n    <li><i class=\"fas fa-check\" style=\"color: crimson\"><\/i> <b>Pun ukus manga i kokosa<\/b><\/br><\/li><br \/>\n    <li><i class=\"fas fa-check\" style=\"color: crimson\"><\/i> <b>Rapidno ubrzava metabolizam<\/b><\/br><\/li><br \/>\n    <li><i class=\"fas fa-check\" style=\"color: crimson\"><\/i> <b>Pobolj\u0161ano dejstvo sagorevanja masti<\/b>&lt;\/br<\/li><br \/>\n    <li><br \/>\n<i class=\"fas fa-check\" style=\"color: crimson\"><\/i> <b>Efekat smanjenja apetita<\/b><\/br><\/li><br \/>\n   <li><br \/>\n<i class=\"fas fa-check\" style=\"color: crimson\"><\/i> <b>Elimini\u0161e nadimanje stomaka<\/b><\/br><\/li><br \/>\n  <\/ul>\t\t\t\t\t\t\t\t\t<\/div>\n\t\t\t\t\t\t\t\t\t\t\t\t\t\t\t\t\t\n\t\t\t\t\t\t\t\t\t\t\t\t\t\t\t\t\t\t\t\t\t\t\t<\/div>\n\t\t\t\t\t\t<\/div>\n\t\t\t\t\t<\/div>\n\t\t\t\t\t\t\t\t\t\t<div class=\"swiper-slide\">\n\t\t\t\t\t\t<div class=\"pp-info-box-content-wrap\">\n\t\t\t\t\t\t\t\t\t\t\t\t\t\t\t\t\t\t\t\t\t\t<div class=\"pp-info-box-icon-wrap\">\n\t\t\t\t\t\t\t\t\t\t\t\t\t\t\t\t\t\t\t\t\t<span class=\"pp-info-box-icon pp-icon\">\n\t\t\t\t\t\t\t\t\t<img src=\"https:\/\/wowtea.eu\/rs\/files\/2021\/06\/Product-Images-Summer-Detox-1-1.png\" alt=\"Product-Images-Summer-Detox (1)\" title=\"|\">\t\t\t\t\t\t\t<\/span>\n\t\t\t\t\t\t\t\t\t\t\t\t\t\t\t\t\t\t\t\t<\/div>\n\t\t\t\t\t\t\t\t\t\t\t\t\t\t<div class=\"pp-info-box-content\">\n\t\t\t\t\t\t\t\t<div class=\"pp-info-box-title-wrap\">\n\t\t\t\t\t\t\t\t\t<div class=\"pp-info-box-title-container\"><h2 class=\"pp-info-box-title\">Summer Detox<\/h2><\/div>\t\t\t\t\t\t\t\t<\/div>\n\n\t\t\t\t\t\t\t\t\n\t\t\t\t\t\t\t\t\t\t\t\t\t\t\t\t\t<div class=\"pp-info-box-description\">\n\t\t\t\t\t\t\t\t\t\t  <ul style=\"font-size:13px\"><br \/>\n    <li><i class=\"fas fa-check\" style=\"color: crimson\"><\/i> <b>Brza letnja detoksikacija<\/b><\/br><\/li><br \/>\n    <li><i class=\"fas fa-check\" style=\"color: crimson\"><\/i> <b>Egzoti\u010dan ukus citrusa<\/b><\/br><\/li><br \/>\n    <li><i class=\"fas fa-check\" style=\"color: crimson\"><\/i> <b>Prepun antioksidanata<\/b><\/br><\/li><br \/>\n    <li><i class=\"fas fa-check\" style=\"color: crimson\"><\/i> <b>Vidljiv efekat protiv nadimanja<\/b><\/br><\/li><br \/>\n    <li><i class=\"fas fa-check\" style=\"color: crimson\"><\/i> <b>Sna\u017eno alkaliziraju\u0107e dejstvo<\/b><\/br><\/li><br \/>\n    <li><i class=\"fas fa-check\" style=\"color: crimson\"><\/i> <b>Prilago\u0111ava metabolizam<\/b><\/br><\/li><br \/>\n    <\/ul>\t\t\t\t\t\t\t\t\t<\/div>\n\t\t\t\t\t\t\t\t\t\t\t\t\t\t\t\t\t\n\t\t\t\t\t\t\t\t\t\t\t\t\t\t\t\t\t\t\t\t\t\t\t<\/div>\n\t\t\t\t\t\t<\/div>\n\t\t\t\t\t<\/div>\n\t\t\t\t\t\t\t\t\t\t<div class=\"swiper-slide\">\n\t\t\t\t\t\t<div class=\"pp-info-box-content-wrap\">\n\t\t\t\t\t\t\t\t\t\t\t\t\t\t\t\t\t\t\t\t\t\t<div class=\"pp-info-box-icon-wrap\">\n\t\t\t\t\t\t\t\t\t\t\t\t\t\t\t\t\t\t\t\t\t<span class=\"pp-info-box-icon pp-icon\">\n\t\t\t\t\t\t\t\t\t<img src=\"https:\/\/wowtea.eu\/rs\/files\/2021\/06\/Product-Images-Summer-Wellness-2.png\" alt=\"Product-Images-Summer-Wellness\" title=\"|\">\t\t\t\t\t\t\t<\/span>\n\t\t\t\t\t\t\t\t\t\t\t\t\t\t\t\t\t\t\t\t<\/div>\n\t\t\t\t\t\t\t\t\t\t\t\t\t\t<div class=\"pp-info-box-content\">\n\t\t\t\t\t\t\t\t<div class=\"pp-info-box-title-wrap\">\n\t\t\t\t\t\t\t\t\t<div class=\"pp-info-box-title-container\"><h2 class=\"pp-info-box-title\">Summer Wellness<\/h2><\/div>\t\t\t\t\t\t\t\t<\/div>\n\n\t\t\t\t\t\t\t\t\n\t\t\t\t\t\t\t\t\t\t\t\t\t\t\t\t\t<div class=\"pp-info-box-description\">\n\t\t\t\t\t\t\t\t\t\t  <ul style=\"font-size:13px\"><br \/>\n    <li><i class=\"fas fa-check\" style=\"color: crimson\"><\/i> <b>Pobolj\u0161ava i \u0161titi zdravlje<\/b><\/br><\/li><br \/>\n    <li><i class=\"fas fa-check\" style=\"color: crimson\"><\/i> <b>Izuzetan ukus breskve i manga<\/b><\/br><\/li><br \/>\n    <li><i class=\"fas fa-check\" style=\"color: crimson\"><\/i> <b>Prirodno poja\u010dava imunitet<\/b><\/br><\/li><br \/>\n    <li><i class=\"fas fa-check\" style=\"color: crimson\"><\/i> <b>Oboga\u0107en ajurvedskim biljkama<\/b><\/br><\/li><br \/>\n    <li><i class=\"fas fa-check\" style=\"color: crimson\"><\/i> <b>Sna\u017ean anti-stres efekat<\/b><\/br><\/li><br \/>\n <li><i class=\"fas fa-check\" style=\"color: crimson\"><\/i> <b>Balansira sve procese u telu<\/b><\/br><\/li><br \/>\n  <\/ul>\t\t\t\t\t\t\t\t\t<\/div>\n\t\t\t\t\t\t\t\t\t\t\t\t\t\t\t\t\t\n\t\t\t\t\t\t\t\t\t\t\t\t\t\t\t\t\t\t\t\t\t\t\t<\/div>\n\t\t\t\t\t\t<\/div>\n\t\t\t\t\t<\/div>\n\t\t\t\t\t\t\t\t\t<\/div>\n\t\t\t<\/div>\n\t\t\t\t\t\t<!-- Add Pagination -->\n\t\t\t<div class=\"swiper-pagination swiper-pagination-3c6fc7c0\"><\/div>\n\t\t\t\t\t\n\t\t\t\t\t\t\t<!-- Add Arrows -->\n\t\t\t\t<div class=\"swiper-button-prev swiper-button-prev-3c6fc7c0\">\n\t\t\t\t\t<i aria-hidden=\"true\" class=\"fas fa-chevron-left\"><\/i>\n\t\t\t\t<\/div>\n\t\t\t\t<div class=\"swiper-button-next swiper-button-next-3c6fc7c0\">\n\t\t\t\t\t<i aria-hidden=\"true\" class=\"fas fa-chevron-right\"><\/i>\n\t\t\t\t<\/div>\n\t\t\t\t\t\t\t\t<\/div>\n\t\t\t\t<\/div>\n\t\t\t\t<\/div>\n\t\t\t\t\t\t<\/div>\n\t\t\t\t\t<\/div>\n\t\t<\/div>\n\t\t\t\t\t\t\t\t<\/div>\n\t\t\t\t\t<\/div>\n\t\t<\/section>\n\t\t\t\t<section class=\"elementor-section elementor-top-section elementor-element elementor-element-caee93e elementor-section-boxed elementor-section-height-default elementor-section-height-default\" data-id=\"caee93e\" data-element_type=\"section\">\n\t\t\t\t\t\t<div class=\"elementor-container elementor-column-gap-default\">\n\t\t\t\t\t\t\t<div class=\"elementor-row\">\n\t\t\t\t\t<div class=\"elementor-column elementor-col-100 elementor-top-column elementor-element elementor-element-e1a0556\" data-id=\"e1a0556\" data-element_type=\"column\">\n\t\t\t<div class=\"elementor-column-wrap elementor-element-populated\">\n\t\t\t\t\t\t\t<div class=\"elementor-widget-wrap\">\n\t\t\t\t\t\t<div class=\"elementor-element elementor-element-367fe63 elementor-widget elementor-widget-html\" data-id=\"367fe63\" data-element_type=\"widget\" data-widget_type=\"html.default\">\n\t\t\t\t<div class=\"elementor-widget-container\">\n\t\t\t<!-- TrustBox widget - Carousel -->\r\n<div class=\"trustpilot-widget\" data-locale=\"en-US\" data-template-id=\"53aa8912dec7e10d38f59f36\" data-businessunit-id=\"60029def312cb900013df992\" data-style-height=\"320px\" data-style-width=\"100%\" data-theme=\"light\" data-tags=\"EN\" data-stars=\"1,2,3,4,5\">\r\n  <a href=\"https:\/\/www.trustpilot.com\/review\/wowtea.eu\" target=\"_blank\" rel=\"noopener\">Trustpilot<\/a>\r\n<\/div>\r\n<!-- End TrustBox widget -->\t\t<\/div>\n\t\t\t\t<\/div>\n\t\t\t\t\t\t<\/div>\n\t\t\t\t\t<\/div>\n\t\t<\/div>\n\t\t\t\t\t\t\t\t<\/div>\n\t\t\t\t\t<\/div>\n\t\t<\/section>\n\t\t\t\t\t\t\t\t\t<\/div>\n\t\t\t<\/div>\n\t\t\t\t\t<\/div>\n\t\t","protected":false},"excerpt":{"rendered":"<p>Do\u0111i br\u017ee u formu uz novi Letnji SlimFit ukus egzoti\u010dnog manga i mirisnog kokosa.<\/p>\n<ul style=\"margin: 20px 0px\">\n<li><strong>\u263c Zapo\u010dni detoksikaciju i alkalizaciju <\/strong>s prvim gutljajem na\u0161eg Letnjeg Detoksa koji dolazi sa sve\u017eim ukusom citrusa i dodatnim antioksidansa!<\/li>\n<li><strong>\u263c Poja\u010daj svoj imunitet i vitalnost <\/strong>najukusnijim ajurvedskim receptom, oboga\u0107enim ekstra zdravim biljem i ukusom so\u010dnog manga i slatke breskve!<\/li>\n<li><strong>\u263c <\/strong>U\u017eivaj u svom letnjem \u010daju u ekolo\u0161ki prihvatljivoj boci ograni\u010denog izdanja!<\/li>\n<\/ul>\n<p>Oseti efekat uz svaki ukusni gutljaj!<\/p>\n","protected":false},"featured_media":161416,"comment_status":"open","ping_status":"closed","template":"","meta":{"inline_featured_image":false},"product_cat":[107],"product_tag":[],"acf":[],"variations_data":{"151208":{"id":151208,"name":"Summer Detox \u010caj+ Summer Slimfit \u010caj+ Crni boca","slug":"summer-detox-summer-slimfit-2","date_created":{"date":"2022-04-26 08:12:00.000000","timezone_type":1,"timezone":"+00:00"},"date_modified":{"date":"2022-08-18 10:55:22.000000","timezone_type":1,"timezone":"+00:00"},"status":"publish","featured":false,"catalog_visibility":"visible","description":"","short_description":"","sku":"WOW-P-SETSSTBTB","price":"4648","regular_price":"6197","sale_price":"4648","date_on_sale_from":null,"date_on_sale_to":null,"total_sales":"0","tax_status":"taxable","tax_class":"parent","manage_stock":false,"stock_quantity":null,"stock_status":"instock","backorders":"no","low_stock_amount":"","sold_individually":false,"weight":"","length":"","width":"","height":"","upsell_ids":[],"cross_sell_ids":[],"parent_id":151207,"reviews_allowed":false,"purchase_note":"","attributes":{"pa_summer-products":"summer-detox-caj-summer-slimfit-caj-crni-boca"},"default_attributes":[],"menu_order":1,"post_password":"","virtual":false,"downloadable":false,"category_ids":[],"tag_ids":[],"shipping_class_id":0,"downloads":[],"image_id":161416,"gallery_image_ids":[],"download_limit":-1,"download_expiry":-1,"rating_counts":[],"average_rating":0,"review_count":0,"attribute_summary":"Summer products: Summer Detox \u010caj+ Summer Slimfit \u010caj+ Crni boca","meta_data":[{"id":2311813,"key":"yst_prominent_words_version","value":"1"},{"id":2311814,"key":"_gtin","value":""},{"id":2311815,"key":"_variable_text_field_1","value":""},{"id":2311816,"key":"_variable_text_field_2","value":""},{"id":2311817,"key":"_variable_text_field_3","value":""},{"id":2311818,"key":"fstr-p-sub","value":""},{"id":2311920,"key":"_v_label_field","value":""},{"id":2659158,"key":"_sold_variation_individually","value":"no"}],"price_html":"<del aria-hidden=\"true\"><span class=\"woocommerce-Price-amount amount\"><bdi>6197.00&nbsp;<span class=\"woocommerce-Price-currencySymbol\">RSD<\/span><\/bdi><\/span><\/del> <ins><span class=\"woocommerce-Price-amount amount\"><bdi>4648.00&nbsp;<span class=\"woocommerce-Price-currencySymbol\">RSD<\/span><\/bdi><\/span><\/ins>","image":"<img width=\"600\" height=\"600\" src=\"https:\/\/wowtea.eu\/rs\/files\/2022\/04\/summer-wowtea-x2bottle-600x600-1-600x600.png\" class=\"attachment-woocommerce_thumbnail size-woocommerce_thumbnail\" alt=\"\" loading=\"lazy\" srcset=\"https:\/\/wowtea.eu\/rs\/files\/2022\/04\/summer-wowtea-x2bottle-600x600-1.png 600w, https:\/\/wowtea.eu\/rs\/files\/2022\/04\/summer-wowtea-x2bottle-600x600-1-300x300.png 300w, https:\/\/wowtea.eu\/rs\/files\/2022\/04\/summer-wowtea-x2bottle-600x600-1-150x150.png 150w, https:\/\/wowtea.eu\/rs\/files\/2022\/04\/summer-wowtea-x2bottle-600x600-1-100x100.png 100w, https:\/\/wowtea.eu\/rs\/files\/2022\/04\/summer-wowtea-x2bottle-600x600-1-45x45.png 45w\" sizes=\"(max-width: 600px) 100vw, 600px\" \/>","free_delivery":"Besplatna dostava"},"151209":{"id":151209,"name":"Summer Detox \u010caj+ Summer Wellness \u010caj+ Crni boca","slug":"summer-detox-summer-wellness-2","date_created":{"date":"2022-04-26 08:12:00.000000","timezone_type":1,"timezone":"+00:00"},"date_modified":{"date":"2022-08-18 10:55:23.000000","timezone_type":1,"timezone":"+00:00"},"status":"publish","featured":false,"catalog_visibility":"visible","description":"","short_description":"","sku":"WOW-P-SETSWTBTB","price":"4648","regular_price":"6197","sale_price":"4648","date_on_sale_from":null,"date_on_sale_to":null,"total_sales":"0","tax_status":"taxable","tax_class":"parent","manage_stock":false,"stock_quantity":null,"stock_status":"instock","backorders":"no","low_stock_amount":"","sold_individually":false,"weight":"","length":"","width":"","height":"","upsell_ids":[],"cross_sell_ids":[],"parent_id":151207,"reviews_allowed":false,"purchase_note":"","attributes":{"pa_summer-products":"summer-detox-caj-summer-wellness-caj-crni-boca"},"default_attributes":[],"menu_order":2,"post_password":"","virtual":false,"downloadable":false,"category_ids":[],"tag_ids":[],"shipping_class_id":0,"downloads":[],"image_id":161415,"gallery_image_ids":[],"download_limit":-1,"download_expiry":-1,"rating_counts":[],"average_rating":0,"review_count":0,"attribute_summary":"Summer products: Summer Detox \u010caj+ Summer Wellness \u010caj+ Crni boca","meta_data":[{"id":2311841,"key":"_gtin","value":""},{"id":2311842,"key":"_variable_text_field_1","value":""},{"id":2311843,"key":"_variable_text_field_2","value":""},{"id":2311844,"key":"_variable_text_field_3","value":""},{"id":2311845,"key":"fstr-p-sub","value":""},{"id":2311921,"key":"_v_label_field","value":""},{"id":2659159,"key":"_sold_variation_individually","value":"no"}],"price_html":"<del aria-hidden=\"true\"><span class=\"woocommerce-Price-amount amount\"><bdi>6197.00&nbsp;<span class=\"woocommerce-Price-currencySymbol\">RSD<\/span><\/bdi><\/span><\/del> <ins><span class=\"woocommerce-Price-amount amount\"><bdi>4648.00&nbsp;<span class=\"woocommerce-Price-currencySymbol\">RSD<\/span><\/bdi><\/span><\/ins>","image":"<img width=\"600\" height=\"600\" src=\"https:\/\/wowtea.eu\/rs\/files\/2022\/04\/summer-wowtea-x2bottle-600x600-2-600x600.png\" class=\"attachment-woocommerce_thumbnail size-woocommerce_thumbnail\" alt=\"\" loading=\"lazy\" srcset=\"https:\/\/wowtea.eu\/rs\/files\/2022\/04\/summer-wowtea-x2bottle-600x600-2.png 600w, https:\/\/wowtea.eu\/rs\/files\/2022\/04\/summer-wowtea-x2bottle-600x600-2-300x300.png 300w, https:\/\/wowtea.eu\/rs\/files\/2022\/04\/summer-wowtea-x2bottle-600x600-2-150x150.png 150w, https:\/\/wowtea.eu\/rs\/files\/2022\/04\/summer-wowtea-x2bottle-600x600-2-100x100.png 100w, https:\/\/wowtea.eu\/rs\/files\/2022\/04\/summer-wowtea-x2bottle-600x600-2-45x45.png 45w\" sizes=\"(max-width: 600px) 100vw, 600px\" \/>","free_delivery":"Besplatna dostava"},"151210":{"id":151210,"name":"Summer SlimFit \u010caj+ Summer Wellness \u010caj+ Crni boca","slug":"summer-wellness-summer-slimfit-2","date_created":{"date":"2022-04-26 08:12:00.000000","timezone_type":1,"timezone":"+00:00"},"date_modified":{"date":"2022-08-18 10:55:23.000000","timezone_type":1,"timezone":"+00:00"},"status":"publish","featured":false,"catalog_visibility":"visible","description":"","short_description":"","sku":"WOW-P-SSTSWTBTB","price":"4648","regular_price":"6197","sale_price":"4648","date_on_sale_from":null,"date_on_sale_to":null,"total_sales":"0","tax_status":"taxable","tax_class":"parent","manage_stock":false,"stock_quantity":null,"stock_status":"instock","backorders":"no","low_stock_amount":"","sold_individually":false,"weight":"","length":"","width":"","height":"","upsell_ids":[],"cross_sell_ids":[],"parent_id":151207,"reviews_allowed":false,"purchase_note":"","attributes":{"pa_summer-products":"summer-slimfit-caj-summer-wellness-caj-crni-boca"},"default_attributes":[],"menu_order":3,"post_password":"","virtual":false,"downloadable":false,"category_ids":[],"tag_ids":[],"shipping_class_id":0,"downloads":[],"image_id":161417,"gallery_image_ids":[],"download_limit":-1,"download_expiry":-1,"rating_counts":[],"average_rating":0,"review_count":0,"attribute_summary":"Summer products: Summer SlimFit \u010caj+ Summer Wellness \u010caj+ Crni boca","meta_data":[{"id":2311868,"key":"_gtin","value":""},{"id":2311869,"key":"_variable_text_field_1","value":""},{"id":2311870,"key":"_variable_text_field_2","value":""},{"id":2311871,"key":"_variable_text_field_3","value":""},{"id":2311872,"key":"fstr-p-sub","value":""},{"id":2311922,"key":"_v_label_field","value":""},{"id":2659160,"key":"_sold_variation_individually","value":"no"}],"price_html":"<del aria-hidden=\"true\"><span class=\"woocommerce-Price-amount amount\"><bdi>6197.00&nbsp;<span class=\"woocommerce-Price-currencySymbol\">RSD<\/span><\/bdi><\/span><\/del> <ins><span class=\"woocommerce-Price-amount amount\"><bdi>4648.00&nbsp;<span class=\"woocommerce-Price-currencySymbol\">RSD<\/span><\/bdi><\/span><\/ins>","image":"<img width=\"600\" height=\"600\" src=\"https:\/\/wowtea.eu\/rs\/files\/2022\/04\/summer-wowtea-x2bottle-600x600-3-600x600.png\" class=\"attachment-woocommerce_thumbnail size-woocommerce_thumbnail\" alt=\"\" loading=\"lazy\" srcset=\"https:\/\/wowtea.eu\/rs\/files\/2022\/04\/summer-wowtea-x2bottle-600x600-3.png 600w, https:\/\/wowtea.eu\/rs\/files\/2022\/04\/summer-wowtea-x2bottle-600x600-3-300x300.png 300w, https:\/\/wowtea.eu\/rs\/files\/2022\/04\/summer-wowtea-x2bottle-600x600-3-150x150.png 150w, https:\/\/wowtea.eu\/rs\/files\/2022\/04\/summer-wowtea-x2bottle-600x600-3-100x100.png 100w, https:\/\/wowtea.eu\/rs\/files\/2022\/04\/summer-wowtea-x2bottle-600x600-3-45x45.png 45w\" sizes=\"(max-width: 600px) 100vw, 600px\" \/>","free_delivery":"Besplatna dostava"}},"free_delivery":false,"currency_name":"&#1088;&#1089;&#1076;","regular_price":"","sale_price":"","price":"4648","image":"https:\/\/wowtea.eu\/rs\/files\/2022\/04\/summer-wowtea-x2bottle-600x600-1.png","_links":{"self":[{"href":"https:\/\/wowtea.eu\/rs\/wp-json\/wp\/v2\/product\/151207"}],"collection":[{"href":"https:\/\/wowtea.eu\/rs\/wp-json\/wp\/v2\/product"}],"about":[{"href":"https:\/\/wowtea.eu\/rs\/wp-json\/wp\/v2\/types\/product"}],"replies":[{"embeddable":true,"href":"https:\/\/wowtea.eu\/rs\/wp-json\/wp\/v2\/comments?post=151207"}],"version-history":[{"count":23,"href":"https:\/\/wowtea.eu\/rs\/wp-json\/wp\/v2\/product\/151207\/revisions"}],"predecessor-version":[{"id":161540,"href":"https:\/\/wowtea.eu\/rs\/wp-json\/wp\/v2\/product\/151207\/revisions\/161540"}],"wp:featuredmedia":[{"embeddable":true,"href":"https:\/\/wowtea.eu\/rs\/wp-json\/wp\/v2\/media\/161416"}],"wp:attachment":[{"href":"https:\/\/wowtea.eu\/rs\/wp-json\/wp\/v2\/media?parent=151207"}],"wp:term":[{"taxonomy":"product_cat","embeddable":true,"href":"https:\/\/wowtea.eu\/rs\/wp-json\/wp\/v2\/product_cat?post=151207"},{"taxonomy":"product_tag","embeddable":true,"href":"https:\/\/wowtea.eu\/rs\/wp-json\/wp\/v2\/product_tag?post=151207"}],"curies":[{"name":"wp","href":"https:\/\/api.w.org\/{rel}","templated":true}]}}