{"id":404,"date":"2020-07-07T16:02:04","date_gmt":"2020-07-07T13:02:04","guid":{"rendered":"https:\/\/wowtea.eu\/se\/?page_id=404"},"modified":"2024-04-10T10:05:38","modified_gmt":"2024-04-10T08:05:38","slug":"about-us","status":"publish","type":"page","link":"https:\/\/wowtea.eu\/se\/about-us\/","title":{"rendered":"Om oss"},"content":{"rendered":"\t\t<div data-elementor-type=\"wp-page\" data-elementor-id=\"404\" class=\"elementor elementor-404\">\n\t\t\t\t\t\t<div class=\"elementor-inner\">\n\t\t\t\t<div class=\"elementor-section-wrap\">\n\t\t\t\t\t\t\t\t\t<section class=\"elementor-section elementor-top-section elementor-element elementor-element-d6cf8f3 elementor-section-boxed elementor-section-height-default elementor-section-height-default\" data-id=\"d6cf8f3\" data-element_type=\"section\" data-settings=\"{&quot;background_background&quot;:&quot;classic&quot;}\">\n\t\t\t\t\t\t<div class=\"elementor-container elementor-column-gap-default\">\n\t\t\t\t\t\t\t<div class=\"elementor-row\">\n\t\t\t\t\t<div class=\"elementor-column elementor-col-100 elementor-top-column elementor-element elementor-element-dc62397\" data-id=\"dc62397\" data-element_type=\"column\">\n\t\t\t<div class=\"elementor-column-wrap elementor-element-populated\">\n\t\t\t\t\t\t\t<div class=\"elementor-widget-wrap\">\n\t\t\t\t\t\t<div class=\"elementor-element elementor-element-52fb684 elementor-widget elementor-widget-image\" data-id=\"52fb684\" data-element_type=\"widget\" data-widget_type=\"image.default\">\n\t\t\t\t<div class=\"elementor-widget-container\">\n\t\t\t\t\t\t\t\t<div class=\"elementor-image\">\n\t\t\t\t\t\t\t\t\t\t\t\t<img width=\"768\" height=\"399\" src=\"https:\/\/wowtea.eu\/se\/files\/2021\/04\/about_us_wow_team-768x399.png\" class=\"attachment-medium_large size-medium_large wp-image-101350\" alt=\"|\" loading=\"lazy\" srcset=\"https:\/\/wowtea.eu\/se\/files\/2021\/04\/about_us_wow_team-768x399.png 768w, https:\/\/wowtea.eu\/se\/files\/2021\/04\/about_us_wow_team-300x156.png 300w, https:\/\/wowtea.eu\/se\/files\/2021\/04\/about_us_wow_team-1024x532.png 1024w, https:\/\/wowtea.eu\/se\/files\/2021\/04\/about_us_wow_team-1536x798.png 1536w, https:\/\/wowtea.eu\/se\/files\/2021\/04\/about_us_wow_team-2048x1064.png 2048w, https:\/\/wowtea.eu\/se\/files\/2021\/04\/about_us_wow_team-600x312.png 600w\" sizes=\"(max-width: 768px) 100vw, 768px\" title=\"|\">\t\t\t\t\t\t\t\t\t\t\t\t\t\t<\/div>\n\t\t\t\t\t\t<\/div>\n\t\t\t\t<\/div>\n\t\t\t\t<div class=\"elementor-element elementor-element-1cc963c elementor-widget elementor-widget-video\" data-id=\"1cc963c\" data-element_type=\"widget\" data-settings=\"{&quot;youtube_url&quot;:&quot;https:\\\/\\\/www.youtube.com\\\/watch?v=FkOxPwUIr0w&quot;,&quot;modestbranding&quot;:&quot;yes&quot;,&quot;show_image_overlay&quot;:&quot;yes&quot;,&quot;image_overlay&quot;:{&quot;url&quot;:&quot;https:\\\/\\\/wowtea.eu\\\/se\\\/wp-content\\\/uploads\\\/2020\\\/10\\\/video-thumbnail.jpg&quot;,&quot;id&quot;:73009,&quot;size&quot;:&quot;&quot;},&quot;video_type&quot;:&quot;youtube&quot;,&quot;controls&quot;:&quot;yes&quot;}\" data-widget_type=\"video.default\">\n\t\t\t\t<div class=\"elementor-widget-container\">\n\t\t\t\t\t<div class=\"elementor-wrapper elementor-open-inline\">\n\t\t\t<div class=\"elementor-video\"><\/div>\t\t\t\t<div class=\"elementor-custom-embed-image-overlay\" style=\"background-image: url(https:\/\/wowtea.eu\/se\/files\/2020\/10\/video-thumbnail.jpg);\">\n\t\t\t\t\t\t\t\t\t\t\t\t\t\t\t\t<div class=\"elementor-custom-embed-play\" role=\"button\" aria-label=\"Spela videoklipp\" tabindex=\"0\">\n\t\t\t\t\t\t\t<i aria-hidden=\"true\" class=\"eicon-play\"><\/i>\t\t\t\t\t\t\t<span class=\"elementor-screen-only\">Spela videoklipp<\/span>\n\t\t\t\t\t\t<\/div>\n\t\t\t\t\t\t\t\t\t<\/div>\n\t\t\t\t\t<\/div>\n\t\t\t\t<\/div>\n\t\t\t\t<\/div>\n\t\t\t\t\t\t<\/div>\n\t\t\t\t\t<\/div>\n\t\t<\/div>\n\t\t\t\t\t\t\t\t<\/div>\n\t\t\t\t\t<\/div>\n\t\t<\/section>\n\t\t\t\t<section class=\"elementor-section elementor-top-section elementor-element elementor-element-bebf8f8 elementor-section-boxed elementor-section-height-default elementor-section-height-default\" data-id=\"bebf8f8\" data-element_type=\"section\" data-settings=\"{&quot;background_background&quot;:&quot;classic&quot;}\">\n\t\t\t\t\t\t<div class=\"elementor-container elementor-column-gap-default\">\n\t\t\t\t\t\t\t<div class=\"elementor-row\">\n\t\t\t\t\t<div class=\"elementor-column elementor-col-100 elementor-top-column elementor-element elementor-element-72cc45a\" data-id=\"72cc45a\" data-element_type=\"column\">\n\t\t\t<div class=\"elementor-column-wrap elementor-element-populated\">\n\t\t\t\t\t\t\t<div class=\"elementor-widget-wrap\">\n\t\t\t\t\t\t<div class=\"elementor-element elementor-element-f335344 elementor-widget elementor-widget-custom_title\" data-id=\"f335344\" data-element_type=\"widget\" data-widget_type=\"custom_title.default\">\n\t\t\t\t<div class=\"elementor-widget-container\">\n\t\t\t      <!-- border_title center_border -->\n      \n               <div class=\"custom_title\"  >\n            <h2 class=\"title border_title center \"><span>Sk\u00f6nhet p\u00e5 insidan visar sig p\u00e5 utsidan<\/span> <small style=\"order: -1\">V\u00e5rt motto... <\/small><\/h2>\n         <\/div>\n      \n\n   \t\t<\/div>\n\t\t\t\t<\/div>\n\t\t\t\t<div class=\"elementor-element elementor-element-f444cdf elementor-widget elementor-widget-text-editor\" data-id=\"f444cdf\" data-element_type=\"widget\" data-widget_type=\"text-editor.default\">\n\t\t\t\t<div class=\"elementor-widget-container\">\n\t\t\t\t\t\t\t\t<div class=\"elementor-text-editor elementor-clearfix\">\n\t\t\t\t<p>F\u00f6rutom att f\u00e5 dig att se ut och k\u00e4nna dig som ditt b\u00e4sta jag tror vi p\u00e5 naturens kraft, passion f\u00f6r sport, ren mat, en giftfri kropp med lite hj\u00e4lp av v\u00e5ra premium teblandningar! Oavsett om du har en kropp som en modell eller en hemmamamma, v\u00e5ra te hj\u00e4lper dig att se och k\u00e4nna ditt absolut b\u00e4sta! Vi \u00e4r stolta \u00f6ver v\u00e5ra produkter och de m\u00e4nniskor som tillverkar dem! Vi anv\u00e4nder bara naturliga ingredienser av h\u00f6g kvalitet och vi kombinerar dessa noga utvalda, naturgjorda g\u00e5vor f\u00f6r att erbjuda dig de b\u00e4sta viktminskningsprodukterna p\u00e5 marknaden till ett \u00f6verkomligt pris! (Vi tror ocks\u00e5 att v\u00e4rlden skulle vara en b\u00e4ttre plats om alla tillbringade 15 minuter om dagen med att dricka en kopp te.)<\/p>\t\t\t\t\t<\/div>\n\t\t\t\t\t\t<\/div>\n\t\t\t\t<\/div>\n\t\t\t\t\t\t<\/div>\n\t\t\t\t\t<\/div>\n\t\t<\/div>\n\t\t\t\t\t\t\t\t<\/div>\n\t\t\t\t\t<\/div>\n\t\t<\/section>\n\t\t\t\t<section class=\"elementor-section elementor-top-section elementor-element elementor-element-ee8de64 elementor-section-content-middle elementor-section-boxed elementor-section-height-default elementor-section-height-default\" data-id=\"ee8de64\" data-element_type=\"section\">\n\t\t\t\t\t\t<div class=\"elementor-container elementor-column-gap-default\">\n\t\t\t\t\t\t\t<div class=\"elementor-row\">\n\t\t\t\t\t<div class=\"elementor-column elementor-col-50 elementor-top-column elementor-element elementor-element-eb0af62\" data-id=\"eb0af62\" data-element_type=\"column\">\n\t\t\t<div class=\"elementor-column-wrap elementor-element-populated\">\n\t\t\t\t\t\t\t<div class=\"elementor-widget-wrap\">\n\t\t\t\t\t\t<div class=\"elementor-element elementor-element-3f2abd7 elementor-widget elementor-widget-image\" data-id=\"3f2abd7\" data-element_type=\"widget\" data-widget_type=\"image.default\">\n\t\t\t\t<div class=\"elementor-widget-container\">\n\t\t\t\t\t\t\t\t<div class=\"elementor-image\">\n\t\t\t\t\t\t\t\t\t\t\t\t<img width=\"576\" height=\"478\" src=\"https:\/\/wowtea.eu\/se\/files\/2020\/10\/about-us-1.jpg\" class=\"attachment-large size-large wp-image-72864\" alt=\"about-us-office\" loading=\"lazy\" srcset=\"https:\/\/wowtea.eu\/se\/files\/2020\/10\/about-us-1.jpg 576w, https:\/\/wowtea.eu\/se\/files\/2020\/10\/about-us-1-300x249.jpg 300w\" sizes=\"(max-width: 576px) 100vw, 576px\" title=\"|\">\t\t\t\t\t\t\t\t\t\t\t\t\t\t<\/div>\n\t\t\t\t\t\t<\/div>\n\t\t\t\t<\/div>\n\t\t\t\t\t\t<\/div>\n\t\t\t\t\t<\/div>\n\t\t<\/div>\n\t\t\t\t<div class=\"elementor-column elementor-col-50 elementor-top-column elementor-element elementor-element-68ffd8d\" data-id=\"68ffd8d\" data-element_type=\"column\">\n\t\t\t<div class=\"elementor-column-wrap elementor-element-populated\">\n\t\t\t\t\t\t\t<div class=\"elementor-widget-wrap\">\n\t\t\t\t\t\t<div class=\"elementor-element elementor-element-918d2f4 elementor-widget elementor-widget-custom_title\" data-id=\"918d2f4\" data-element_type=\"widget\" data-widget_type=\"custom_title.default\">\n\t\t\t\t<div class=\"elementor-widget-container\">\n\t\t\t      <!-- border_title center_border -->\n      \n               <div class=\"custom_title\"  >\n            <h2 class=\"title border_title center \"><span>Fabricat \u00een UE<\/span> <\/h2>\n         <\/div>\n      \n\n   \t\t<\/div>\n\t\t\t\t<\/div>\n\t\t\t\t<div class=\"elementor-element elementor-element-bd1fbe2 elementor-widget elementor-widget-text-editor\" data-id=\"bd1fbe2\" data-element_type=\"widget\" data-widget_type=\"text-editor.default\">\n\t\t\t\t<div class=\"elementor-widget-container\">\n\t\t\t\t\t\t\t\t<div class=\"elementor-text-editor elementor-clearfix\">\n\t\t\t\t<p>Suntem m\u00e2ndri c\u0103 produsele noastre sunt 100% naturale! Fabricate \u00een Uniunea European\u0103, \u00een Sofia (Bulgaria), produsele noastre au fost testate pe fetele noastre WOW.<\/p><p>Echipa noastr\u0103 este format\u0103 din oameni de \u0219tiin\u021b\u0103, nutri\u021bioni\u0219ti, speciali\u0219ti pe marketing \u0219i design care lucreaz\u0103 \u00een mod constant pentru a v\u0103 oferi cele mai bune produse pentru corpul dumneavoastr\u0103&#8230; pentru c\u0103 conteaz\u0103!<\/p>\t\t\t\t\t<\/div>\n\t\t\t\t\t\t<\/div>\n\t\t\t\t<\/div>\n\t\t\t\t\t\t<\/div>\n\t\t\t\t\t<\/div>\n\t\t<\/div>\n\t\t\t\t\t\t\t\t<\/div>\n\t\t\t\t\t<\/div>\n\t\t<\/section>\n\t\t\t\t<section class=\"elementor-section elementor-top-section elementor-element elementor-element-35bc089 elementor-section-content-middle elementor-reverse-mobile elementor-section-boxed elementor-section-height-default elementor-section-height-default\" data-id=\"35bc089\" data-element_type=\"section\">\n\t\t\t\t\t\t<div class=\"elementor-container elementor-column-gap-default\">\n\t\t\t\t\t\t\t<div class=\"elementor-row\">\n\t\t\t\t\t<div class=\"elementor-column elementor-col-50 elementor-top-column elementor-element elementor-element-eaac687\" data-id=\"eaac687\" data-element_type=\"column\">\n\t\t\t<div class=\"elementor-column-wrap elementor-element-populated\">\n\t\t\t\t\t\t\t<div class=\"elementor-widget-wrap\">\n\t\t\t\t\t\t<div class=\"elementor-element elementor-element-3bb83e2 elementor-widget elementor-widget-custom_title\" data-id=\"3bb83e2\" data-element_type=\"widget\" data-widget_type=\"custom_title.default\">\n\t\t\t\t<div class=\"elementor-widget-container\">\n\t\t\t      <!-- border_title center_border -->\n      \n               <div class=\"custom_title\"  >\n            <h2 class=\"title border_title center \"><span>Suntem m\u00e2ndri!<\/span> <\/h2>\n         <\/div>\n      \n\n   \t\t<\/div>\n\t\t\t\t<\/div>\n\t\t\t\t<div class=\"elementor-element elementor-element-38fac7d elementor-widget elementor-widget-text-editor\" data-id=\"38fac7d\" data-element_type=\"widget\" data-widget_type=\"text-editor.default\">\n\t\t\t\t<div class=\"elementor-widget-container\">\n\t\t\t\t\t\t\t\t<div class=\"elementor-text-editor elementor-clearfix\">\n\t\t\t\t<p>Timp de mai mult de 4 ani pe pia\u021b\u0103, am ajutat peste 150 000 de fete WOW s\u0103-\u0219i ating\u0103 obiectivele!<\/p><p>\u00cenc\u0103 din prima noastr\u0103 zi, am luat cele mai potrivite decizii pentru tine! Nu folosim niciodat\u0103 ingridien\u021bi din surse animale, toate produsele noastre sunt potrivite pentru vegani, si cel mai important &#8211; nu am folosit niciodat\u0103 parfumuri sintetice sau coloran\u021bi artificiali!<\/p>\t\t\t\t\t<\/div>\n\t\t\t\t\t\t<\/div>\n\t\t\t\t<\/div>\n\t\t\t\t\t\t<\/div>\n\t\t\t\t\t<\/div>\n\t\t<\/div>\n\t\t\t\t<div class=\"elementor-column elementor-col-50 elementor-top-column elementor-element elementor-element-1609895\" data-id=\"1609895\" data-element_type=\"column\">\n\t\t\t<div class=\"elementor-column-wrap elementor-element-populated\">\n\t\t\t\t\t\t\t<div class=\"elementor-widget-wrap\">\n\t\t\t\t\t\t<div class=\"elementor-element elementor-element-c4aaf5c elementor-widget elementor-widget-image\" data-id=\"c4aaf5c\" data-element_type=\"widget\" data-widget_type=\"image.default\">\n\t\t\t\t<div class=\"elementor-widget-container\">\n\t\t\t\t\t\t\t\t<div class=\"elementor-image\">\n\t\t\t\t\t\t\t\t\t\t\t\t<img width=\"576\" height=\"478\" src=\"https:\/\/wowtea.eu\/se\/files\/2021\/01\/about-us-2.jpg\" class=\"attachment-large size-large wp-image-91412\" alt=\"|\" loading=\"lazy\" srcset=\"https:\/\/wowtea.eu\/se\/files\/2021\/01\/about-us-2.jpg 576w, https:\/\/wowtea.eu\/se\/files\/2021\/01\/about-us-2-300x249.jpg 300w\" sizes=\"(max-width: 576px) 100vw, 576px\" title=\"|\">\t\t\t\t\t\t\t\t\t\t\t\t\t\t<\/div>\n\t\t\t\t\t\t<\/div>\n\t\t\t\t<\/div>\n\t\t\t\t\t\t<\/div>\n\t\t\t\t\t<\/div>\n\t\t<\/div>\n\t\t\t\t\t\t\t\t<\/div>\n\t\t\t\t\t<\/div>\n\t\t<\/section>\n\t\t\t\t\t\t\t\t\t<\/div>\n\t\t\t<\/div>\n\t\t\t\t\t<\/div>\n\t\t","protected":false},"excerpt":{"rendered":"<p>Sk\u00f6nhet p\u00e5 insidan visar sig p\u00e5 utsidan V\u00e5rt motto&#8230; F\u00f6rutom att f\u00e5 dig att se ut och k\u00e4nna dig som ditt b\u00e4sta jag tror vi p\u00e5 naturens kraft, passion f\u00f6r sport, ren mat, en giftfri kropp med lite hj\u00e4lp av v\u00e5ra premium teblandningar! Oavsett om du har en kropp som en modell eller en hemmamamma, v\u00e5ra te hj\u00e4lper dig att se och k\u00e4nna ditt absolut b\u00e4sta! Vi \u00e4r stolta \u00f6ver v\u00e5ra produkter och de m\u00e4nniskor som tillverkar dem! Vi anv\u00e4nder bara naturliga ingredienser av h\u00f6g kvalitet och vi kombinerar dessa noga utvalda, naturgjorda g\u00e5vor f\u00f6r att erbjuda dig de b\u00e4sta [&hellip;]<\/p>\n","protected":false},"author":60,"featured_media":0,"parent":0,"menu_order":0,"comment_status":"closed","ping_status":"closed","template":"","meta":{"inline_featured_image":false},"acf":[],"_links":{"self":[{"href":"https:\/\/wowtea.eu\/se\/wp-json\/wp\/v2\/pages\/404"}],"collection":[{"href":"https:\/\/wowtea.eu\/se\/wp-json\/wp\/v2\/pages"}],"about":[{"href":"https:\/\/wowtea.eu\/se\/wp-json\/wp\/v2\/types\/page"}],"author":[{"embeddable":true,"href":"https:\/\/wowtea.eu\/se\/wp-json\/wp\/v2\/users\/60"}],"replies":[{"embeddable":true,"href":"https:\/\/wowtea.eu\/se\/wp-json\/wp\/v2\/comments?post=404"}],"version-history":[{"count":1,"href":"https:\/\/wowtea.eu\/se\/wp-json\/wp\/v2\/pages\/404\/revisions"}],"predecessor-version":[{"id":111996,"href":"https:\/\/wowtea.eu\/se\/wp-json\/wp\/v2\/pages\/404\/revisions\/111996"}],"wp:attachment":[{"href":"https:\/\/wowtea.eu\/se\/wp-json\/wp\/v2\/media?parent=404"}],"curies":[{"name":"wp","href":"https:\/\/api.w.org\/{rel}","templated":true}]}}