{"id":72626,"date":"2020-10-06T15:49:31","date_gmt":"2020-10-06T12:49:31","guid":{"rendered":"https:\/\/wowtea.eu\/se\/?post_type=product&#038;p=72626"},"modified":"2025-12-01T08:37:24","modified_gmt":"2025-12-01T07:37:24","slug":"black-bottle","status":"publish","type":"product","link":"https:\/\/wowtea.eu\/se\/product\/black-bottle\/","title":{"rendered":"Flaska (Svart)"},"content":{"rendered":"\t\t<div data-elementor-type=\"product-post\" data-elementor-id=\"72626\" class=\"elementor elementor-72626\">\n\t\t\t\t\t\t<div class=\"elementor-inner\">\n\t\t\t\t<div class=\"elementor-section-wrap\">\n\t\t\t\t\t\t\t\t\t<section class=\"elementor-section elementor-top-section elementor-element elementor-element-4403515 elementor-section-boxed elementor-section-height-default elementor-section-height-default\" data-id=\"4403515\" data-element_type=\"section\">\n\t\t\t\t\t\t<div class=\"elementor-container elementor-column-gap-no\">\n\t\t\t\t\t\t\t<div class=\"elementor-row\">\n\t\t\t\t\t<div class=\"elementor-column elementor-col-100 elementor-top-column elementor-element elementor-element-bc465e5\" data-id=\"bc465e5\" data-element_type=\"column\">\n\t\t\t<div class=\"elementor-column-wrap elementor-element-populated\">\n\t\t\t\t\t\t\t<div class=\"elementor-widget-wrap\">\n\t\t\t\t\t\t<div class=\"elementor-element elementor-element-217be83 elementor-widget elementor-widget-image\" data-id=\"217be83\" data-element_type=\"widget\" data-widget_type=\"image.default\">\n\t\t\t\t<div class=\"elementor-widget-container\">\n\t\t\t\t\t\t\t\t<div class=\"elementor-image\">\n\t\t\t\t\t\t\t\t\t\t\t\t<img width=\"1024\" height=\"542\" src=\"https:\/\/wowtea.eu\/se\/files\/2020\/08\/Banner-NEW-1-1024x542.png\" class=\"attachment-large size-large wp-image-72363\" alt=\"Bottle banner\" loading=\"lazy\" srcset=\"https:\/\/wowtea.eu\/se\/files\/2020\/08\/Banner-NEW-1-1024x542.png 1024w, https:\/\/wowtea.eu\/se\/files\/2020\/08\/Banner-NEW-1-300x159.png 300w, https:\/\/wowtea.eu\/se\/files\/2020\/08\/Banner-NEW-1-768x407.png 768w, https:\/\/wowtea.eu\/se\/files\/2020\/08\/Banner-NEW-1-600x318.png 600w, https:\/\/wowtea.eu\/se\/files\/2020\/08\/Banner-NEW-1.png 1144w\" sizes=\"(max-width: 1024px) 100vw, 1024px\" title=\"|\">\t\t\t\t\t\t\t\t\t\t\t\t\t\t<\/div>\n\t\t\t\t\t\t<\/div>\n\t\t\t\t<\/div>\n\t\t\t\t<div class=\"elementor-element elementor-element-7cff59e elementor-widget elementor-widget-text-editor\" data-id=\"7cff59e\" data-element_type=\"widget\" data-widget_type=\"text-editor.default\">\n\t\t\t\t<div class=\"elementor-widget-container\">\n\t\t\t\t\t\t\t\t<div class=\"elementor-text-editor elementor-clearfix\">\n\t\t\t\t<h2><span style=\"color: #1b1919;\">\u041d\u041e\u0412\u0410\u0422\u0410<\/span> \u041f\u0420\u0415\u041c\u0418\u0423\u041c \u0411\u0423\u0422\u0418\u041b\u041a\u0410 \u0417\u0410 \u0427\u0410\u0419 <br \/>WOW TEA\u00a0<span style=\"color: #1b1919;\">\u0415 \u0412\u0415\u0427\u0415 \u0422\u0423\u041a!<\/span><\/h2>\t\t\t\t\t<\/div>\n\t\t\t\t\t\t<\/div>\n\t\t\t\t<\/div>\n\t\t\t\t\t\t<\/div>\n\t\t\t\t\t<\/div>\n\t\t<\/div>\n\t\t\t\t\t\t\t\t<\/div>\n\t\t\t\t\t<\/div>\n\t\t<\/section>\n\t\t\t\t<section class=\"elementor-section elementor-top-section elementor-element elementor-element-731ec13 elementor-section-full_width elementor-section-height-default elementor-section-height-default\" data-id=\"731ec13\" data-element_type=\"section\" data-settings=\"{&quot;background_background&quot;:&quot;classic&quot;}\">\n\t\t\t\t\t\t<div class=\"elementor-container elementor-column-gap-no\">\n\t\t\t\t\t\t\t<div class=\"elementor-row\">\n\t\t\t\t\t<div class=\"elementor-column elementor-col-50 elementor-top-column elementor-element elementor-element-3d5dbf6 animate_black\" data-id=\"3d5dbf6\" data-element_type=\"column\" data-settings=\"{&quot;background_background&quot;:&quot;classic&quot;}\">\n\t\t\t<div class=\"elementor-column-wrap\">\n\t\t\t\t\t\t\t<div class=\"elementor-widget-wrap\">\n\t\t\t\t\t\t\t\t<\/div>\n\t\t\t\t\t<\/div>\n\t\t<\/div>\n\t\t\t\t<div class=\"elementor-column elementor-col-50 elementor-top-column elementor-element elementor-element-e26ef75 animate_pink\" data-id=\"e26ef75\" data-element_type=\"column\" data-settings=\"{&quot;background_background&quot;:&quot;classic&quot;}\">\n\t\t\t<div class=\"elementor-column-wrap\">\n\t\t\t\t\t\t\t<div class=\"elementor-widget-wrap\">\n\t\t\t\t\t\t\t\t<\/div>\n\t\t\t\t\t<\/div>\n\t\t<\/div>\n\t\t\t\t\t\t\t\t<\/div>\n\t\t\t\t\t<\/div>\n\t\t<\/section>\n\t\t\t\t<section class=\"elementor-section elementor-top-section elementor-element elementor-element-14f8aba elementor-section-full_width elementor-section-height-default elementor-section-height-default\" data-id=\"14f8aba\" data-element_type=\"section\">\n\t\t\t\t\t\t<div class=\"elementor-container elementor-column-gap-no\">\n\t\t\t\t\t\t\t<div class=\"elementor-row\">\n\t\t\t\t\t<div class=\"elementor-column elementor-col-100 elementor-top-column elementor-element elementor-element-66864d8\" data-id=\"66864d8\" data-element_type=\"column\">\n\t\t\t<div class=\"elementor-column-wrap elementor-element-populated\">\n\t\t\t\t\t\t\t<div class=\"elementor-widget-wrap\">\n\t\t\t\t\t\t<section class=\"elementor-section elementor-inner-section elementor-element elementor-element-507cd64 elementor-section-full_width elementor-hidden-phone elementor-section-height-default elementor-section-height-default\" data-id=\"507cd64\" data-element_type=\"section\">\n\t\t\t\t\t\t<div class=\"elementor-container elementor-column-gap-no\">\n\t\t\t\t\t\t\t<div class=\"elementor-row\">\n\t\t\t\t\t<div class=\"elementor-column elementor-col-100 elementor-inner-column elementor-element elementor-element-548990c\" data-id=\"548990c\" data-element_type=\"column\">\n\t\t\t<div class=\"elementor-column-wrap elementor-element-populated\">\n\t\t\t\t\t\t\t<div class=\"elementor-widget-wrap\">\n\t\t\t\t\t\t<div class=\"elementor-element elementor-element-0778940 elementor-widget elementor-widget-image\" data-id=\"0778940\" data-element_type=\"widget\" data-widget_type=\"image.default\">\n\t\t\t\t<div class=\"elementor-widget-container\">\n\t\t\t\t\t\t\t\t<div class=\"elementor-image\">\n\t\t\t\t\t\t\t\t\t\t\t\t<img width=\"1920\" height=\"700\" src=\"https:\/\/wowtea.eu\/se\/files\/2020\/08\/Banner_Site_food_plan_BG.jpg\" class=\"attachment-full size-full wp-image-72143\" alt=\"BG_food-plan-desktop\" loading=\"lazy\" srcset=\"https:\/\/wowtea.eu\/se\/files\/2020\/08\/Banner_Site_food_plan_BG.jpg 1920w, https:\/\/wowtea.eu\/se\/files\/2020\/08\/Banner_Site_food_plan_BG-300x109.jpg 300w, https:\/\/wowtea.eu\/se\/files\/2020\/08\/Banner_Site_food_plan_BG-1024x373.jpg 1024w, https:\/\/wowtea.eu\/se\/files\/2020\/08\/Banner_Site_food_plan_BG-768x280.jpg 768w, https:\/\/wowtea.eu\/se\/files\/2020\/08\/Banner_Site_food_plan_BG-1536x560.jpg 1536w, https:\/\/wowtea.eu\/se\/files\/2020\/08\/Banner_Site_food_plan_BG-600x219.jpg 600w\" sizes=\"(max-width: 1920px) 100vw, 1920px\" title=\"|\">\t\t\t\t\t\t\t\t\t\t\t\t\t\t<\/div>\n\t\t\t\t\t\t<\/div>\n\t\t\t\t<\/div>\n\t\t\t\t\t\t<\/div>\n\t\t\t\t\t<\/div>\n\t\t<\/div>\n\t\t\t\t\t\t\t\t<\/div>\n\t\t\t\t\t<\/div>\n\t\t<\/section>\n\t\t\t\t<section class=\"elementor-section elementor-inner-section elementor-element elementor-element-9c33b19 elementor-section-full_width elementor-hidden-desktop elementor-hidden-tablet elementor-section-height-default elementor-section-height-default\" data-id=\"9c33b19\" data-element_type=\"section\">\n\t\t\t\t\t\t<div class=\"elementor-container elementor-column-gap-no\">\n\t\t\t\t\t\t\t<div class=\"elementor-row\">\n\t\t\t\t\t<div class=\"elementor-column elementor-col-100 elementor-inner-column elementor-element elementor-element-edcbd4e\" data-id=\"edcbd4e\" data-element_type=\"column\">\n\t\t\t<div class=\"elementor-column-wrap elementor-element-populated\">\n\t\t\t\t\t\t\t<div class=\"elementor-widget-wrap\">\n\t\t\t\t\t\t<div class=\"elementor-element elementor-element-77c22a0 elementor-widget elementor-widget-image\" data-id=\"77c22a0\" data-element_type=\"widget\" data-widget_type=\"image.default\">\n\t\t\t\t<div class=\"elementor-widget-container\">\n\t\t\t\t\t\t\t\t<div class=\"elementor-image\">\n\t\t\t\t\t\t\t\t\t\t\t\t<img width=\"460\" height=\"900\" src=\"https:\/\/wowtea.eu\/se\/files\/2020\/08\/Mobile_BG.jpg\" class=\"attachment-full size-full wp-image-72154\" alt=\"|\" loading=\"lazy\" srcset=\"https:\/\/wowtea.eu\/se\/files\/2020\/08\/Mobile_BG.jpg 460w, https:\/\/wowtea.eu\/se\/files\/2020\/08\/Mobile_BG-153x300.jpg 153w\" sizes=\"(max-width: 460px) 100vw, 460px\" title=\"|\">\t\t\t\t\t\t\t\t\t\t\t\t\t\t<\/div>\n\t\t\t\t\t\t<\/div>\n\t\t\t\t<\/div>\n\t\t\t\t\t\t<\/div>\n\t\t\t\t\t<\/div>\n\t\t<\/div>\n\t\t\t\t\t\t\t\t<\/div>\n\t\t\t\t\t<\/div>\n\t\t<\/section>\n\t\t\t\t\t\t<\/div>\n\t\t\t\t\t<\/div>\n\t\t<\/div>\n\t\t\t\t\t\t\t\t<\/div>\n\t\t\t\t\t<\/div>\n\t\t<\/section>\n\t\t\t\t<section class=\"elementor-section elementor-top-section elementor-element elementor-element-32cdd98 elementor-section-full_width elementor-section-height-default elementor-section-height-default\" data-id=\"32cdd98\" data-element_type=\"section\" data-settings=\"{&quot;background_background&quot;:&quot;classic&quot;}\">\n\t\t\t\t\t\t<div class=\"elementor-container elementor-column-gap-no\">\n\t\t\t\t\t\t\t<div class=\"elementor-row\">\n\t\t\t\t\t<div class=\"elementor-column elementor-col-50 elementor-top-column elementor-element elementor-element-d20c5d4 animate_pink\" data-id=\"d20c5d4\" data-element_type=\"column\" data-settings=\"{&quot;background_background&quot;:&quot;classic&quot;}\">\n\t\t\t<div class=\"elementor-column-wrap\">\n\t\t\t\t\t\t\t<div class=\"elementor-widget-wrap\">\n\t\t\t\t\t\t\t\t<\/div>\n\t\t\t\t\t<\/div>\n\t\t<\/div>\n\t\t\t\t<div class=\"elementor-column elementor-col-50 elementor-top-column elementor-element elementor-element-406f66b animate_black\" data-id=\"406f66b\" data-element_type=\"column\" data-settings=\"{&quot;background_background&quot;:&quot;classic&quot;}\">\n\t\t\t<div class=\"elementor-column-wrap\">\n\t\t\t\t\t\t\t<div class=\"elementor-widget-wrap\">\n\t\t\t\t\t\t\t\t<\/div>\n\t\t\t\t\t<\/div>\n\t\t<\/div>\n\t\t\t\t\t\t\t\t<\/div>\n\t\t\t\t\t<\/div>\n\t\t<\/section>\n\t\t\t\t<section class=\"elementor-section elementor-top-section elementor-element elementor-element-3cde8b0 elementor-section-boxed elementor-section-height-default elementor-section-height-default\" data-id=\"3cde8b0\" data-element_type=\"section\">\n\t\t\t\t\t\t<div class=\"elementor-container elementor-column-gap-default\">\n\t\t\t\t\t\t\t<div class=\"elementor-row\">\n\t\t\t\t\t<div class=\"elementor-column elementor-col-100 elementor-top-column elementor-element elementor-element-16de745\" data-id=\"16de745\" data-element_type=\"column\">\n\t\t\t<div class=\"elementor-column-wrap elementor-element-populated\">\n\t\t\t\t\t\t\t<div class=\"elementor-widget-wrap\">\n\t\t\t\t\t\t<div class=\"elementor-element elementor-element-f9d3b1a elementor-widget elementor-widget-text-editor\" data-id=\"f9d3b1a\" data-element_type=\"widget\" data-widget_type=\"text-editor.default\">\n\t\t\t\t<div class=\"elementor-widget-container\">\n\t\t\t\t\t\t\t\t<div class=\"elementor-text-editor elementor-clearfix\">\n\t\t\t\t<h2><span style=\"color: #1b1919;\">\u041f\u0415\u0420\u0424\u0415\u041a\u0422\u041d\u0410\u0422\u0410<\/span> \u0425\u0410\u0420\u041c\u041e\u041d\u0418\u042f \u041c\u0415\u0416\u0414\u0423<br \/>\u0427\u041e\u0412\u0415\u041a\u0410 <span style=\"color: #1b1919;\">\u0418<\/span> \u041f\u0420\u0418\u0420\u041e\u0414\u0410\u0422\u0410<\/h2>\t\t\t\t\t<\/div>\n\t\t\t\t\t\t<\/div>\n\t\t\t\t<\/div>\n\t\t\t\t<div class=\"elementor-element elementor-element-d0b3e4d elementor-widget elementor-widget-video\" data-id=\"d0b3e4d\" data-element_type=\"widget\" data-settings=\"{&quot;youtube_url&quot;:&quot;https:\\\/\\\/www.youtube.com\\\/watch?v=w9gSo_0anLk&quot;,&quot;show_image_overlay&quot;:&quot;yes&quot;,&quot;image_overlay&quot;:{&quot;url&quot;:&quot;https:\\\/\\\/wowtea.eu\\\/se\\\/wp-content\\\/uploads\\\/2020\\\/08\\\/bottle-video-placeholder.jpg&quot;,&quot;id&quot;:72296,&quot;size&quot;:&quot;&quot;},&quot;lazy_load&quot;:&quot;yes&quot;,&quot;video_type&quot;:&quot;youtube&quot;,&quot;controls&quot;:&quot;yes&quot;}\" data-widget_type=\"video.default\">\n\t\t\t\t<div class=\"elementor-widget-container\">\n\t\t\t\t\t<div class=\"elementor-wrapper elementor-open-inline\">\n\t\t\t<div class=\"elementor-video\"><\/div>\t\t\t\t<div class=\"elementor-custom-embed-image-overlay\" style=\"background-image: url(https:\/\/wowtea.eu\/se\/files\/2020\/08\/bottle-video-placeholder-1024x631.jpg);\">\n\t\t\t\t\t\t\t\t\t\t\t\t\t\t\t\t<div class=\"elementor-custom-embed-play\" role=\"button\" aria-label=\"Spela videoklipp\" tabindex=\"0\">\n\t\t\t\t\t\t\t<i aria-hidden=\"true\" class=\"eicon-play\"><\/i>\t\t\t\t\t\t\t<span class=\"elementor-screen-only\">Spela videoklipp<\/span>\n\t\t\t\t\t\t<\/div>\n\t\t\t\t\t\t\t\t\t<\/div>\n\t\t\t\t\t<\/div>\n\t\t\t\t<\/div>\n\t\t\t\t<\/div>\n\t\t\t\t\t\t<\/div>\n\t\t\t\t\t<\/div>\n\t\t<\/div>\n\t\t\t\t\t\t\t\t<\/div>\n\t\t\t\t\t<\/div>\n\t\t<\/section>\n\t\t\t\t<section class=\"elementor-section elementor-top-section elementor-element elementor-element-8d3c65a elementor-section-boxed elementor-section-height-default elementor-section-height-default\" data-id=\"8d3c65a\" data-element_type=\"section\" data-settings=\"{&quot;background_background&quot;:&quot;classic&quot;}\">\n\t\t\t\t\t\t<div class=\"elementor-container elementor-column-gap-default\">\n\t\t\t\t\t\t\t<div class=\"elementor-row\">\n\t\t\t\t\t<div class=\"elementor-column elementor-col-100 elementor-top-column elementor-element elementor-element-381a750\" data-id=\"381a750\" data-element_type=\"column\">\n\t\t\t<div class=\"elementor-column-wrap elementor-element-populated\">\n\t\t\t\t\t\t\t<div class=\"elementor-widget-wrap\">\n\t\t\t\t\t\t<div class=\"elementor-element elementor-element-358125b elementor-widget elementor-widget-text-editor\" data-id=\"358125b\" data-element_type=\"widget\" data-widget_type=\"text-editor.default\">\n\t\t\t\t<div class=\"elementor-widget-container\">\n\t\t\t\t\t\t\t\t<div class=\"elementor-text-editor elementor-clearfix\">\n\t\t\t\t<h2><span style=\"color: #1b1919;\">\u041d\u0410\u0421\u041b\u0410\u0414\u0418 \u0421\u0415 \u041d\u0410<\/span> \u041d\u0410\u0421\u0418\u0422\u0415\u041d\u0418\u042f<br \/>\u0410\u0420\u041e\u041c\u0410\u0422 \u0418 \u0412\u041a\u0423\u0421\u00a0<span style=\"color: #1b1919;\">\u0421 \u041f\u041e\u041c\u041e\u0429\u0410 \u041d\u0410:<\/span><\/h2>\t\t\t\t\t<\/div>\n\t\t\t\t\t\t<\/div>\n\t\t\t\t<\/div>\n\t\t\t\t<div class=\"elementor-element elementor-element-37e51d0 elementor-widget elementor-widget-image\" data-id=\"37e51d0\" data-element_type=\"widget\" data-widget_type=\"image.default\">\n\t\t\t\t<div class=\"elementor-widget-container\">\n\t\t\t\t\t\t\t\t<div class=\"elementor-image\">\n\t\t\t\t\t\t\t\t\t\t\t\t<img width=\"501\" height=\"586\" src=\"https:\/\/wowtea.eu\/se\/files\/2020\/08\/NEW-Bottle-Product-Page-_12.jpg\" class=\"attachment-large size-large wp-image-72298\" alt=\"NEW-Bottle-Product-Page-_12\" loading=\"lazy\" srcset=\"https:\/\/wowtea.eu\/se\/files\/2020\/08\/NEW-Bottle-Product-Page-_12.jpg 501w, https:\/\/wowtea.eu\/se\/files\/2020\/08\/NEW-Bottle-Product-Page-_12-256x300.jpg 256w\" sizes=\"(max-width: 501px) 100vw, 501px\" title=\"|\">\t\t\t\t\t\t\t\t\t\t\t\t\t\t<\/div>\n\t\t\t\t\t\t<\/div>\n\t\t\t\t<\/div>\n\t\t\t\t\t\t<\/div>\n\t\t\t\t\t<\/div>\n\t\t<\/div>\n\t\t\t\t\t\t\t\t<\/div>\n\t\t\t\t\t<\/div>\n\t\t<\/section>\n\t\t\t\t<section class=\"elementor-section elementor-top-section elementor-element elementor-element-6a2cf94 elementor-section-boxed elementor-section-height-default elementor-section-height-default\" data-id=\"6a2cf94\" data-element_type=\"section\">\n\t\t\t\t\t\t<div class=\"elementor-container elementor-column-gap-default\">\n\t\t\t\t\t\t\t<div class=\"elementor-row\">\n\t\t\t\t\t<div class=\"elementor-column elementor-col-100 elementor-top-column elementor-element elementor-element-a7f5208\" data-id=\"a7f5208\" data-element_type=\"column\">\n\t\t\t<div class=\"elementor-column-wrap elementor-element-populated\">\n\t\t\t\t\t\t\t<div class=\"elementor-widget-wrap\">\n\t\t\t\t\t\t<div class=\"elementor-element elementor-element-9a859dd elementor-widget elementor-widget-text-editor\" data-id=\"9a859dd\" data-element_type=\"widget\" data-widget_type=\"text-editor.default\">\n\t\t\t\t<div class=\"elementor-widget-container\">\n\t\t\t\t\t\t\t\t<div class=\"elementor-text-editor elementor-clearfix\">\n\t\t\t\t<h2>\u041b\u0415\u0421\u041d\u041e <span style=\"color: #1b1919;\">\u0418<\/span> \u0423\u0414\u041e\u0411\u041d\u041e<\/h2>\t\t\t\t\t<\/div>\n\t\t\t\t\t\t<\/div>\n\t\t\t\t<\/div>\n\t\t\t\t\t\t<\/div>\n\t\t\t\t\t<\/div>\n\t\t<\/div>\n\t\t\t\t\t\t\t\t<\/div>\n\t\t\t\t\t<\/div>\n\t\t<\/section>\n\t\t\t\t<section class=\"elementor-section elementor-top-section elementor-element elementor-element-0df8a70 elementor-section-boxed elementor-section-height-default elementor-section-height-default\" data-id=\"0df8a70\" data-element_type=\"section\">\n\t\t\t\t\t\t<div class=\"elementor-container elementor-column-gap-default\">\n\t\t\t\t\t\t\t<div class=\"elementor-row\">\n\t\t\t\t\t<div class=\"elementor-column elementor-col-33 elementor-top-column elementor-element elementor-element-bf643f4\" data-id=\"bf643f4\" data-element_type=\"column\">\n\t\t\t<div class=\"elementor-column-wrap elementor-element-populated\">\n\t\t\t\t\t\t\t<div class=\"elementor-widget-wrap\">\n\t\t\t\t\t\t<div class=\"elementor-element elementor-element-18f3897 elementor-widget elementor-widget-image\" data-id=\"18f3897\" data-element_type=\"widget\" data-widget_type=\"image.default\">\n\t\t\t\t<div class=\"elementor-widget-container\">\n\t\t\t\t\t\t\t\t<div class=\"elementor-image\">\n\t\t\t\t\t\t\t\t\t\t\t\t<img width=\"400\" height=\"400\" src=\"https:\/\/wowtea.eu\/se\/files\/2020\/08\/easy-to-grip.jpg\" class=\"attachment-large size-large wp-image-72299\" alt=\"easy-to-grip\" loading=\"lazy\" srcset=\"https:\/\/wowtea.eu\/se\/files\/2020\/08\/easy-to-grip.jpg 400w, https:\/\/wowtea.eu\/se\/files\/2020\/08\/easy-to-grip-300x300.jpg 300w, https:\/\/wowtea.eu\/se\/files\/2020\/08\/easy-to-grip-150x150.jpg 150w, https:\/\/wowtea.eu\/se\/files\/2020\/08\/easy-to-grip-100x100.jpg 100w\" sizes=\"(max-width: 400px) 100vw, 400px\" title=\"|\">\t\t\t\t\t\t\t\t\t\t\t\t\t\t<\/div>\n\t\t\t\t\t\t<\/div>\n\t\t\t\t<\/div>\n\t\t\t\t<div class=\"elementor-element elementor-element-d5d2c2f elementor-widget elementor-widget-heading\" data-id=\"d5d2c2f\" data-element_type=\"widget\" data-widget_type=\"heading.default\">\n\t\t\t\t<div class=\"elementor-widget-container\">\n\t\t\t<span class=\"elementor-heading-title elementor-size-default\">\u0423\u0434\u043e\u0431\u043d\u0430 \u0437\u0430 \u0445\u0432\u0430\u0449\u0430\u043d\u0435<\/span>\t\t<\/div>\n\t\t\t\t<\/div>\n\t\t\t\t\t\t<\/div>\n\t\t\t\t\t<\/div>\n\t\t<\/div>\n\t\t\t\t<div class=\"elementor-column elementor-col-33 elementor-top-column elementor-element elementor-element-0988e57\" data-id=\"0988e57\" data-element_type=\"column\">\n\t\t\t<div class=\"elementor-column-wrap elementor-element-populated\">\n\t\t\t\t\t\t\t<div class=\"elementor-widget-wrap\">\n\t\t\t\t\t\t<div class=\"elementor-element elementor-element-357cc8b elementor-widget elementor-widget-image\" data-id=\"357cc8b\" data-element_type=\"widget\" data-widget_type=\"image.default\">\n\t\t\t\t<div class=\"elementor-widget-container\">\n\t\t\t\t\t\t\t\t<div class=\"elementor-image\">\n\t\t\t\t\t\t\t\t\t\t\t\t<img width=\"400\" height=\"400\" src=\"https:\/\/wowtea.eu\/se\/files\/2020\/08\/high-quality-glass.jpg\" class=\"attachment-large size-large wp-image-72300\" alt=\"high-quality-glass\" loading=\"lazy\" srcset=\"https:\/\/wowtea.eu\/se\/files\/2020\/08\/high-quality-glass.jpg 400w, https:\/\/wowtea.eu\/se\/files\/2020\/08\/high-quality-glass-300x300.jpg 300w, https:\/\/wowtea.eu\/se\/files\/2020\/08\/high-quality-glass-150x150.jpg 150w, https:\/\/wowtea.eu\/se\/files\/2020\/08\/high-quality-glass-100x100.jpg 100w\" sizes=\"(max-width: 400px) 100vw, 400px\" title=\"|\">\t\t\t\t\t\t\t\t\t\t\t\t\t\t<\/div>\n\t\t\t\t\t\t<\/div>\n\t\t\t\t<\/div>\n\t\t\t\t<div class=\"elementor-element elementor-element-72a1d32 elementor-widget elementor-widget-heading\" data-id=\"72a1d32\" data-element_type=\"widget\" data-widget_type=\"heading.default\">\n\t\t\t\t<div class=\"elementor-widget-container\">\n\t\t\t<span class=\"elementor-heading-title elementor-size-default\">\u0412\u0438\u0441\u043e\u043a\u043e\u043a\u0430\u0447\u0435\u0441\u0442\u0432\u0435\u043d\u043e \u0431\u043e\u0440\u043e\u0441\u0438\u043b\u0438\u043a\u0430\u0442\u043d\u043e \u0441\u0442\u044a\u043a\u043b\u043e<\/span>\t\t<\/div>\n\t\t\t\t<\/div>\n\t\t\t\t\t\t<\/div>\n\t\t\t\t\t<\/div>\n\t\t<\/div>\n\t\t\t\t<div class=\"elementor-column elementor-col-33 elementor-top-column elementor-element elementor-element-8ada347\" data-id=\"8ada347\" data-element_type=\"column\">\n\t\t\t<div class=\"elementor-column-wrap elementor-element-populated\">\n\t\t\t\t\t\t\t<div class=\"elementor-widget-wrap\">\n\t\t\t\t\t\t<div class=\"elementor-element elementor-element-86a4660 elementor-widget elementor-widget-image\" data-id=\"86a4660\" data-element_type=\"widget\" data-widget_type=\"image.default\">\n\t\t\t\t<div class=\"elementor-widget-container\">\n\t\t\t\t\t\t\t\t<div class=\"elementor-image\">\n\t\t\t\t\t\t\t\t\t\t\t\t<img width=\"400\" height=\"400\" src=\"https:\/\/wowtea.eu\/se\/files\/2020\/08\/easy-to-carry.jpg\" class=\"attachment-large size-large wp-image-72301\" alt=\"easy-to-carry\" loading=\"lazy\" srcset=\"https:\/\/wowtea.eu\/se\/files\/2020\/08\/easy-to-carry.jpg 400w, https:\/\/wowtea.eu\/se\/files\/2020\/08\/easy-to-carry-300x300.jpg 300w, https:\/\/wowtea.eu\/se\/files\/2020\/08\/easy-to-carry-150x150.jpg 150w, https:\/\/wowtea.eu\/se\/files\/2020\/08\/easy-to-carry-100x100.jpg 100w\" sizes=\"(max-width: 400px) 100vw, 400px\" title=\"|\">\t\t\t\t\t\t\t\t\t\t\t\t\t\t<\/div>\n\t\t\t\t\t\t<\/div>\n\t\t\t\t<\/div>\n\t\t\t\t<div class=\"elementor-element elementor-element-f134b11 elementor-widget elementor-widget-heading\" data-id=\"f134b11\" data-element_type=\"widget\" data-widget_type=\"heading.default\">\n\t\t\t\t<div class=\"elementor-widget-container\">\n\t\t\t<span class=\"elementor-heading-title elementor-size-default\">\u0423\u0434\u043e\u0431\u043d\u0430 \u0437\u0430 \u043d\u043e\u0441\u0435\u043d\u0435<\/span>\t\t<\/div>\n\t\t\t\t<\/div>\n\t\t\t\t\t\t<\/div>\n\t\t\t\t\t<\/div>\n\t\t<\/div>\n\t\t\t\t\t\t\t\t<\/div>\n\t\t\t\t\t<\/div>\n\t\t<\/section>\n\t\t\t\t\t\t\t\t\t<\/div>\n\t\t\t<\/div>\n\t\t\t\t\t<\/div>\n\t\t","protected":false},"excerpt":{"rendered":"<ul class=\"check_list\">\n<li>\n<h4>H\u00f6gkvalitativt borosilikatglas<\/h4>\n<p>Inneh\u00e5ller inte v\u00e4rde f\u00f6r kemikalien Bisfenol A.<\/li>\n<li>\n<h4>H\u00f6gkvalitativ dispenser av rostfritt st\u00e5l<\/h4>\n<p>Den kan placeras och tas ut ur flaskan.<\/li>\n<li>\n<h4>Unik design som passar din identitet.<\/h4>\n<p>Val av f\u00e4rger &#8211; SVART och ROSA.<\/li>\n<\/ul>\n","protected":false},"featured_media":101621,"comment_status":"open","ping_status":"closed","template":"","meta":{"inline_featured_image":false},"product_cat":[15],"product_tag":[83],"acf":[],"variations_data":[],"free_delivery":false,"currency_name":"&#107;&#114;","regular_price":"321.00","sale_price":"","price":"321.00","image":"https:\/\/wowtea.eu\/se\/files\/2021\/04\/black_bottle.png","_links":{"self":[{"href":"https:\/\/wowtea.eu\/se\/wp-json\/wp\/v2\/product\/72626"}],"collection":[{"href":"https:\/\/wowtea.eu\/se\/wp-json\/wp\/v2\/product"}],"about":[{"href":"https:\/\/wowtea.eu\/se\/wp-json\/wp\/v2\/types\/product"}],"replies":[{"embeddable":true,"href":"https:\/\/wowtea.eu\/se\/wp-json\/wp\/v2\/comments?post=72626"}],"version-history":[{"count":0,"href":"https:\/\/wowtea.eu\/se\/wp-json\/wp\/v2\/product\/72626\/revisions"}],"wp:featuredmedia":[{"embeddable":true,"href":"https:\/\/wowtea.eu\/se\/wp-json\/wp\/v2\/media\/101621"}],"wp:attachment":[{"href":"https:\/\/wowtea.eu\/se\/wp-json\/wp\/v2\/media?parent=72626"}],"wp:term":[{"taxonomy":"product_cat","embeddable":true,"href":"https:\/\/wowtea.eu\/se\/wp-json\/wp\/v2\/product_cat?post=72626"},{"taxonomy":"product_tag","embeddable":true,"href":"https:\/\/wowtea.eu\/se\/wp-json\/wp\/v2\/product_tag?post=72626"}],"curies":[{"name":"wp","href":"https:\/\/api.w.org\/{rel}","templated":true}]}}