{"id":94795,"date":"2021-08-16T10:23:49","date_gmt":"2021-08-16T08:23:49","guid":{"rendered":"https:\/\/wowtea.eu\/sk\/?page_id=94795"},"modified":"2021-08-16T10:31:45","modified_gmt":"2021-08-16T08:31:45","slug":"platba","status":"publish","type":"page","link":"https:\/\/wowtea.eu\/sk\/platba\/","title":{"rendered":"Platba"},"content":{"rendered":"\t\t<div data-elementor-type=\"wp-page\" data-elementor-id=\"94795\" class=\"elementor elementor-94795\">\n\t\t\t\t\t\t<div class=\"elementor-inner\">\n\t\t\t\t<div class=\"elementor-section-wrap\">\n\t\t\t\t\t\t\t\t\t<section class=\"elementor-section elementor-top-section elementor-element elementor-element-08edc80 elementor-section-boxed elementor-section-height-default elementor-section-height-default\" data-id=\"08edc80\" data-element_type=\"section\">\n\t\t\t\t\t\t<div class=\"elementor-container elementor-column-gap-default\">\n\t\t\t\t\t\t\t<div class=\"elementor-row\">\n\t\t\t\t\t<div class=\"elementor-column elementor-col-100 elementor-top-column elementor-element elementor-element-6227fda\" data-id=\"6227fda\" data-element_type=\"column\">\n\t\t\t<div class=\"elementor-column-wrap elementor-element-populated\">\n\t\t\t\t\t\t\t<div class=\"elementor-widget-wrap\">\n\t\t\t\t\t\t<div class=\"elementor-element elementor-element-3c60e7c elementor-widget elementor-widget-heading\" data-id=\"3c60e7c\" data-element_type=\"widget\" data-widget_type=\"heading.default\">\n\t\t\t\t<div class=\"elementor-widget-container\">\n\t\t\t<h2 class=\"elementor-heading-title elementor-size-default\">PLATBA<\/h2>\t\t<\/div>\n\t\t\t\t<\/div>\n\t\t\t\t\t\t<\/div>\n\t\t\t\t\t<\/div>\n\t\t<\/div>\n\t\t\t\t\t\t\t\t<\/div>\n\t\t\t\t\t<\/div>\n\t\t<\/section>\n\t\t\t\t<section class=\"elementor-section elementor-top-section elementor-element elementor-element-4171d00 elementor-section-boxed elementor-section-height-default elementor-section-height-default\" data-id=\"4171d00\" data-element_type=\"section\">\n\t\t\t\t\t\t<div class=\"elementor-container elementor-column-gap-default\">\n\t\t\t\t\t\t\t<div class=\"elementor-row\">\n\t\t\t\t\t<div class=\"elementor-column elementor-col-100 elementor-top-column elementor-element elementor-element-08e02bd\" data-id=\"08e02bd\" data-element_type=\"column\">\n\t\t\t<div class=\"elementor-column-wrap elementor-element-populated\">\n\t\t\t\t\t\t\t<div class=\"elementor-widget-wrap\">\n\t\t\t\t\t\t<div class=\"elementor-element elementor-element-c30fe8d elementor-widget elementor-widget-text-editor\" data-id=\"c30fe8d\" data-element_type=\"widget\" data-widget_type=\"text-editor.default\">\n\t\t\t\t<div class=\"elementor-widget-container\">\n\t\t\t\t\t\t\t\t<div class=\"elementor-text-editor elementor-clearfix\">\n\t\t\t\t<p>63. Ceny tovaru a slu\u017eieb s\u00fa kone\u010dn\u00e9 a zah\u0155\u0148aj\u00fa DPH, stanoven\u00e9 v s\u00fa\u010dasnej legislat\u00edve.<\/p><p>64. Cena a sp\u00f4sob platby s\u00fa uveden\u00e9 pri ka\u017edej objedn\u00e1vke.<\/p><p>65. Sp\u00f4soby platby, ktor\u00e9 pon\u00faka \u201eWOW Tea\u201c s\u00fa: COD, PayPal, Credit\/Debit Card.<\/p><p>66. Z\u00e1kazn\u00edk s\u00fahlas\u00ed s platbou vybran\u00fdm sp\u00f4sobom, podmienkami zmluvy na dia\u013eku pri jej uzavret\u00ed a podmienkami pr\u00edslu\u0161n\u00e9ho poskytovate\u013ea platobn\u00fdch slu\u017eieb.<\/p><p>67. Z\u00e1kazn\u00edk s\u00fahlas\u00ed s t\u00fdm, \u017ee pred\u00e1vaj\u00faci m\u00e1 pr\u00e1vo po\u017eiada\u0165 a akceptova\u0165 platbu vopred pod\u013ea k\u00fapnej zmluvy za tovar a jeho dodanie.<\/p><p>68. V pr\u00edpade, ak \u201cWOW Tea\u201c nedostane platbu pred splnen\u00edm objedn\u00e1vky pod\u013ea sp\u00f4sobu, ktor\u00fd si zvolil z\u00e1kazn\u00edk a dohodnut\u00fdch podmienok, objedn\u00e1vka sa pova\u017euje za odmietnut\u00fa z\u00e1kazn\u00edkom.<\/p>\t\t\t\t\t<\/div>\n\t\t\t\t\t\t<\/div>\n\t\t\t\t<\/div>\n\t\t\t\t\t\t<\/div>\n\t\t\t\t\t<\/div>\n\t\t<\/div>\n\t\t\t\t\t\t\t\t<\/div>\n\t\t\t\t\t<\/div>\n\t\t<\/section>\n\t\t\t\t\t\t\t\t\t<\/div>\n\t\t\t<\/div>\n\t\t\t\t\t<\/div>\n\t\t","protected":false},"excerpt":{"rendered":"<p>PLATBA 63. Ceny tovaru a slu\u017eieb s\u00fa kone\u010dn\u00e9 a zah\u0155\u0148aj\u00fa DPH, stanoven\u00e9 v s\u00fa\u010dasnej legislat\u00edve. 64. Cena a sp\u00f4sob platby s\u00fa uveden\u00e9 pri ka\u017edej objedn\u00e1vke. 65. Sp\u00f4soby platby, ktor\u00e9 pon\u00faka \u201eWOW Tea\u201c s\u00fa: COD, PayPal, Credit\/Debit Card. 66. Z\u00e1kazn\u00edk s\u00fahlas\u00ed s platbou vybran\u00fdm sp\u00f4sobom, podmienkami zmluvy na dia\u013eku pri jej uzavret\u00ed a podmienkami pr\u00edslu\u0161n\u00e9ho poskytovate\u013ea platobn\u00fdch slu\u017eieb. 67. Z\u00e1kazn\u00edk s\u00fahlas\u00ed s t\u00fdm, \u017ee pred\u00e1vaj\u00faci m\u00e1 pr\u00e1vo po\u017eiada\u0165 a akceptova\u0165 platbu vopred pod\u013ea k\u00fapnej zmluvy za tovar a jeho dodanie. 68. V pr\u00edpade, ak \u201cWOW Tea\u201c nedostane platbu pred splnen\u00edm objedn\u00e1vky pod\u013ea sp\u00f4sobu, ktor\u00fd si zvolil z\u00e1kazn\u00edk a dohodnut\u00fdch podmienok, objedn\u00e1vka [&hellip;]<\/p>\n","protected":false},"author":24,"featured_media":0,"parent":0,"menu_order":0,"comment_status":"closed","ping_status":"closed","template":"","meta":{"inline_featured_image":false},"acf":[],"_links":{"self":[{"href":"https:\/\/wowtea.eu\/sk\/wp-json\/wp\/v2\/pages\/94795"}],"collection":[{"href":"https:\/\/wowtea.eu\/sk\/wp-json\/wp\/v2\/pages"}],"about":[{"href":"https:\/\/wowtea.eu\/sk\/wp-json\/wp\/v2\/types\/page"}],"author":[{"embeddable":true,"href":"https:\/\/wowtea.eu\/sk\/wp-json\/wp\/v2\/users\/24"}],"replies":[{"embeddable":true,"href":"https:\/\/wowtea.eu\/sk\/wp-json\/wp\/v2\/comments?post=94795"}],"version-history":[{"count":0,"href":"https:\/\/wowtea.eu\/sk\/wp-json\/wp\/v2\/pages\/94795\/revisions"}],"wp:attachment":[{"href":"https:\/\/wowtea.eu\/sk\/wp-json\/wp\/v2\/media?parent=94795"}],"curies":[{"name":"wp","href":"https:\/\/api.w.org\/{rel}","templated":true}]}}