{"id":94811,"date":"2021-08-16T10:28:45","date_gmt":"2021-08-16T08:28:45","guid":{"rendered":"https:\/\/wowtea.eu\/sk\/?page_id=94811"},"modified":"2025-12-23T12:45:38","modified_gmt":"2025-12-23T11:45:38","slug":"doprava","status":"publish","type":"page","link":"https:\/\/wowtea.eu\/sk\/doprava\/","title":{"rendered":"Doprava"},"content":{"rendered":"\t\t<div data-elementor-type=\"wp-page\" data-elementor-id=\"94811\" class=\"elementor elementor-94811\">\n\t\t\t\t\t\t<div class=\"elementor-inner\">\n\t\t\t\t<div class=\"elementor-section-wrap\">\n\t\t\t\t\t\t\t\t\t<section class=\"elementor-section elementor-top-section elementor-element elementor-element-1be5294 elementor-section-boxed elementor-section-height-default elementor-section-height-default\" data-id=\"1be5294\" data-element_type=\"section\">\n\t\t\t\t\t\t<div class=\"elementor-container elementor-column-gap-default\">\n\t\t\t\t\t\t\t<div class=\"elementor-row\">\n\t\t\t\t\t<div class=\"elementor-column elementor-col-100 elementor-top-column elementor-element elementor-element-bc01194\" data-id=\"bc01194\" data-element_type=\"column\">\n\t\t\t<div class=\"elementor-column-wrap elementor-element-populated\">\n\t\t\t\t\t\t\t<div class=\"elementor-widget-wrap\">\n\t\t\t\t\t\t<div class=\"elementor-element elementor-element-824a1e7 elementor-widget elementor-widget-heading\" data-id=\"824a1e7\" data-element_type=\"widget\" data-widget_type=\"heading.default\">\n\t\t\t\t<div class=\"elementor-widget-container\">\n\t\t\t<h2 class=\"elementor-heading-title elementor-size-default\">DOPRAVA<\/h2>\t\t<\/div>\n\t\t\t\t<\/div>\n\t\t\t\t\t\t<\/div>\n\t\t\t\t\t<\/div>\n\t\t<\/div>\n\t\t\t\t\t\t\t\t<\/div>\n\t\t\t\t\t<\/div>\n\t\t<\/section>\n\t\t\t\t<section class=\"elementor-section elementor-top-section elementor-element elementor-element-c368090 elementor-section-boxed elementor-section-height-default elementor-section-height-default\" data-id=\"c368090\" data-element_type=\"section\">\n\t\t\t\t\t\t<div class=\"elementor-container elementor-column-gap-default\">\n\t\t\t\t\t\t\t<div class=\"elementor-row\">\n\t\t\t\t\t<div class=\"elementor-column elementor-col-100 elementor-top-column elementor-element elementor-element-bfe0ee5\" data-id=\"bfe0ee5\" data-element_type=\"column\">\n\t\t\t<div class=\"elementor-column-wrap elementor-element-populated\">\n\t\t\t\t\t\t\t<div class=\"elementor-widget-wrap\">\n\t\t\t\t\t\t<div class=\"elementor-element elementor-element-d21e007 elementor-widget elementor-widget-text-editor\" data-id=\"d21e007\" data-element_type=\"widget\" data-widget_type=\"text-editor.default\">\n\t\t\t\t<div class=\"elementor-widget-container\">\n\t\t\t\t\t\t\t\t<div class=\"elementor-text-editor elementor-clearfix\">\n\t\t\t\t<p>69. Pred\u00e1vaj\u00faci doru\u010duje tovar objednan\u00fd online prostredn\u00edctvom kuri\u00e9rskej spolo\u010dnosti \u201cSK post; Geis; Remax SK; GLS SK;\u201c na adresu uveden\u00fa z\u00e1kazn\u00edkom alebo na adresu uveden\u00fa kuri\u00e9rskou spolo\u010dnos\u0165ou.<\/p><p>69.1. ATOP ltd. Nie je zodpovedn\u00e1, ak u\u017e m\u00e1 objedn\u00e1vka status \u201edoru\u010den\u00e1\u201c v syst\u00e9me kuri\u00e9rskej spolo\u010dnosti a z\u00e1kazn\u00edk chce reklamova\u0165 objedn\u00e1vku. V takom pr\u00edpade z\u00e1kazn\u00edk mus\u00ed vyplni\u0165 \u017eiados\u0165 o nedoru\u010denej objedn\u00e1vke a preposla\u0165 ju spolo\u010dnosti ATOP ltd., aby spolo\u010dnos\u0165 mohla za\u010da\u0165 vy\u0161etrovanie u kuri\u00e9rskej spolo\u010dnosti.<\/p><p>70. Pred\u00e1vaj\u00faci vykon\u00e1va doru\u010dovanie tovaru iba na \u00fazem\u00ed Slovenskej republiky.<\/p><p>70.1. Ke\u010f\u017ee ATOP LLC je spolo\u010dnos\u0165 so s\u00eddlom v E\u00da a z\u00e1sielky sa odosielaj\u00fa z \u00fazemia E\u00da, pri dodan\u00ed kupuj\u00facemu mimo E\u00da m\u00f4\u017ee by\u0165 na z\u00e1sielky uvalen\u00e9 clo. Je kupuj\u00faceho zodpovednos\u0165ou aby sa informoval o mo\u017en\u00fdch coln\u00fdch poplatkoch, ktor\u00e9 by mohli by\u0165 uvalen\u00e9 na z\u00e1sielku.<\/p><p>71. K predan\u00e9mu tovaru s\u00fa prilo\u017een\u00e9 potrebn\u00e9 dokumenty v origin\u00e1lnom balen\u00ed.<\/p><p>72. Doba doru\u010denia je 1 a\u017e 3 pracovn\u00e9 dni. V\u00fdnimkou je bod 47.<\/p><p>72.1. PREDNOSTN\u00c9 DORU\u010cENIE \u2013 Prednostn\u00e9 doru\u010denie zaru\u010duje, \u017ee va\u0161a objedn\u00e1vka bude spracovan\u00e1 a splnen\u00e1 prednostne pred ostatn\u00fdmi objedn\u00e1vkami. Tak\u00e9to objedn\u00e1vky bud\u00fa tie\u017e spracovan\u00e9 a splnen\u00e9 prednostne v pr\u00edpade nedostatku z\u00e1sob. Tieto objedn\u00e1vky s\u00fa tie\u017e prv\u00e9, ktor\u00e9 sa doru\u010dia do kuri\u00e9rskej spolo\u010dnosti na doru\u010denie. Spolo\u010dnos\u0165 ATOP LLC nebude zodpovedn\u00e1, ak sa kuri\u00e9rska spolo\u010dnos\u0165 oneskor\u00ed s objedn\u00e1vkou.<\/p><p>73. Cena dopravy je 5.50 EUR s DPH.<\/p><p>74. Doprava je zdarma pre objedn\u00e1vky nad 40 EUR (s DPH).<\/p><p>75. Podrobnosti t\u00fdkaj\u00face sa dodac\u00edch podmienok tovaru s\u00fa informat\u00edvne a pred\u00e1vaj\u00faci nie je zaviazan\u00fd vykona\u0165 doru\u010denie v konkr\u00e9tny de\u0148. Z\u00e1kazn\u00edk nem\u00e1 n\u00e1rok na n\u00e1hradu v pr\u00edpade oneskoren\u00e9ho doru\u010denia.<\/p><p>76. Doru\u010dovanie sa uskuto\u010d\u0148uje od pondelka do piatka medzi 9.00 a 18.00 hod., s v\u00fdnimkou \u0161t\u00e1tnych sviatkov. V\u00fdnimkou m\u00f4\u017eu by\u0165 osady so \u0161peci\u00e1lnym \u010dasov\u00fdm pl\u00e1nom slu\u017eieb.<\/p><p>77. V de\u0148 doru\u010denia z\u00e1kazn\u00edk dostane SMS a\/alebo e-mail od kuri\u00e9ra s inform\u00e1ciou, \u017ee z\u00e1sielka bude doru\u010den\u00e1. Ak sa z\u00e1kazn\u00edk nenach\u00e1dza na adrese v dohodnut\u00fd de\u0148 a nem\u00e1 \u017eiadnu in\u00fa osobu, ktor\u00e1 by z\u00e1sielku prijala, kuri\u00e9r zanech\u00e1 ozn\u00e1menie o z\u00e1sielke, spolu s kontaktn\u00fdmi \u00fadajmi. Z\u00e1sielka sa vracia do kuri\u00e9rskej kancel\u00e1rie, aby bola doru\u010den\u00e1 na po\u017eiadanie. Ak z\u00e1kazn\u00edk nekontaktuje pred\u00e1vaj\u00faceho alebo kuri\u00e9rsk\u00fa spolo\u010dnos\u0165 nasleduj\u00faci de\u0148, objedn\u00e1vka sa pova\u017euje za zru\u0161en\u00fa.<\/p><p>78. Pred platbou kuri\u00e9rovi, z\u00e1kazn\u00edk m\u00e1 mo\u017enos\u0165 otvori\u0165 a skontrolova\u0165 obsah z\u00e1sielky.<\/p><p>79. \u201eWOW Tea\u201c alebo z\u00e1stupca kuri\u00e9rskej spolo\u010dnosti upozorn\u00ed z\u00e1kazn\u00edka telefonicky alebo e-mailom, ak nepredv\u00eddan\u00e9 okolnosti br\u00e1nia v\u010dasnej realiz\u00e1cii doru\u010denia.<\/p><p>80. Z\u00e1kazn\u00edk s\u00fahlas\u00ed s t\u00fdm, \u017ee potvrdenie o prijat\u00ed tovaru m\u00f4\u017ee odovzda\u0165 tretia osoba zmluvnej strane.<\/p><p>81. Z\u00e1kazn\u00edk je povinn\u00fd skontrolova\u0165 tovar v \u010dase doru\u010denia a jeho odovzdania pred\u00e1vaj\u00facim alebo kuri\u00e9rom, a v pr\u00edpade akejko\u013evek nezrovnalosti mus\u00ed o tom bezodkladne informova\u0165 pred\u00e1vaj\u00faceho.<\/p><p>82. Riziko straty alebo po\u0161kodenia zak\u00fapen\u00e9ho tovaru prech\u00e1dza na z\u00e1kazn\u00edka v momente, ke\u010f prevezme tovar od tretej strany (kuri\u00e9rskej spolo\u010dnosti), alebo od \u201eWOW Tea\u201c.<\/p>\t\t\t\t\t<\/div>\n\t\t\t\t\t\t<\/div>\n\t\t\t\t<\/div>\n\t\t\t\t\t\t<\/div>\n\t\t\t\t\t<\/div>\n\t\t<\/div>\n\t\t\t\t\t\t\t\t<\/div>\n\t\t\t\t\t<\/div>\n\t\t<\/section>\n\t\t\t\t\t\t\t\t\t<\/div>\n\t\t\t<\/div>\n\t\t\t\t\t<\/div>\n\t\t","protected":false},"excerpt":{"rendered":"<p>DOPRAVA 69. Pred\u00e1vaj\u00faci doru\u010duje tovar objednan\u00fd online prostredn\u00edctvom kuri\u00e9rskej spolo\u010dnosti \u201cSK post; Geis; Remax SK; GLS SK;\u201c na adresu uveden\u00fa z\u00e1kazn\u00edkom alebo na adresu uveden\u00fa kuri\u00e9rskou spolo\u010dnos\u0165ou. 69.1. ATOP ltd. Nie je zodpovedn\u00e1, ak u\u017e m\u00e1 objedn\u00e1vka status \u201edoru\u010den\u00e1\u201c v syst\u00e9me kuri\u00e9rskej spolo\u010dnosti a z\u00e1kazn\u00edk chce reklamova\u0165 objedn\u00e1vku. V takom pr\u00edpade z\u00e1kazn\u00edk mus\u00ed vyplni\u0165 \u017eiados\u0165 o nedoru\u010denej objedn\u00e1vke a preposla\u0165 ju spolo\u010dnosti ATOP ltd., aby spolo\u010dnos\u0165 mohla za\u010da\u0165 vy\u0161etrovanie u kuri\u00e9rskej spolo\u010dnosti. 70. Pred\u00e1vaj\u00faci vykon\u00e1va doru\u010dovanie tovaru iba na \u00fazem\u00ed Slovenskej republiky. 70.1. Ke\u010f\u017ee ATOP LLC je spolo\u010dnos\u0165 so s\u00eddlom v E\u00da a z\u00e1sielky sa odosielaj\u00fa z \u00fazemia E\u00da, pri [&hellip;]<\/p>\n","protected":false},"author":24,"featured_media":0,"parent":0,"menu_order":0,"comment_status":"closed","ping_status":"closed","template":"","meta":{"inline_featured_image":false},"acf":[],"_links":{"self":[{"href":"https:\/\/wowtea.eu\/sk\/wp-json\/wp\/v2\/pages\/94811"}],"collection":[{"href":"https:\/\/wowtea.eu\/sk\/wp-json\/wp\/v2\/pages"}],"about":[{"href":"https:\/\/wowtea.eu\/sk\/wp-json\/wp\/v2\/types\/page"}],"author":[{"embeddable":true,"href":"https:\/\/wowtea.eu\/sk\/wp-json\/wp\/v2\/users\/24"}],"replies":[{"embeddable":true,"href":"https:\/\/wowtea.eu\/sk\/wp-json\/wp\/v2\/comments?post=94811"}],"version-history":[{"count":10,"href":"https:\/\/wowtea.eu\/sk\/wp-json\/wp\/v2\/pages\/94811\/revisions"}],"predecessor-version":[{"id":141926,"href":"https:\/\/wowtea.eu\/sk\/wp-json\/wp\/v2\/pages\/94811\/revisions\/141926"}],"wp:attachment":[{"href":"https:\/\/wowtea.eu\/sk\/wp-json\/wp\/v2\/media?parent=94811"}],"curies":[{"name":"wp","href":"https:\/\/api.w.org\/{rel}","templated":true}]}}