{"id":141598,"date":"2025-12-09T17:43:30","date_gmt":"2025-12-09T16:43:30","guid":{"rendered":"https:\/\/wowtea.eu\/sk\/?post_type=product&#038;p=141598"},"modified":"2026-04-02T12:54:22","modified_gmt":"2026-04-02T10:54:22","slug":"cocoa-infusion-drops-collection","status":"publish","type":"product","link":"https:\/\/wowtea.eu\/sk\/product\/cocoa-infusion-drops-collection\/","title":{"rendered":"Cocoa Infusion Drops Collection"},"content":{"rendered":"\t\t<div data-elementor-type=\"product-post\" data-elementor-id=\"141598\" class=\"elementor elementor-141598\">\n\t\t\t\t\t\t<div class=\"elementor-inner\">\n\t\t\t\t<div class=\"elementor-section-wrap\">\n\t\t\t\t\t\t\t\t\t<section class=\"elementor-section elementor-top-section elementor-element elementor-element-848f749 elementor-section-boxed elementor-section-height-default elementor-section-height-default\" data-id=\"848f749\" data-element_type=\"section\">\n\t\t\t\t\t\t<div class=\"elementor-container elementor-column-gap-no\">\n\t\t\t\t\t\t\t<div class=\"elementor-row\">\n\t\t\t\t\t<div class=\"elementor-column elementor-col-100 elementor-top-column elementor-element elementor-element-933d466\" data-id=\"933d466\" data-element_type=\"column\">\n\t\t\t<div class=\"elementor-column-wrap elementor-element-populated\">\n\t\t\t\t\t\t\t<div class=\"elementor-widget-wrap\">\n\t\t\t\t\t\t<div class=\"elementor-element elementor-element-c9fae3b elementor-widget elementor-widget-custom_title\" data-id=\"c9fae3b\" data-element_type=\"widget\" data-widget_type=\"custom_title.default\">\n\t\t\t\t<div class=\"elementor-widget-container\">\n\t\t\t      <!-- border_title center_border -->\n      \n               <div class=\"custom_title\" style=\"color: #D36C20\" >\n            <h2 class=\"title border_title center \"><span>Cocoa Infusion Drops Collection<\/span> <\/h2>\n         <\/div>\n      \n\n   \t\t<\/div>\n\t\t\t\t<\/div>\n\t\t\t\t<div class=\"elementor-element elementor-element-62af9e7 elementor-widget elementor-widget-text-editor\" data-id=\"62af9e7\" data-element_type=\"widget\" data-widget_type=\"text-editor.default\">\n\t\t\t\t<div class=\"elementor-widget-container\">\n\t\t\t\t\t\t\t\t<div class=\"elementor-text-editor elementor-clearfix\">\n\t\t\t\t<p>\u010co obsahuje krabica?<\/p>\t\t\t\t\t<\/div>\n\t\t\t\t\t\t<\/div>\n\t\t\t\t<\/div>\n\t\t\t\t<div class=\"elementor-element elementor-element-3a87ccc elementor-widget elementor-widget-pp-info-box-carousel\" data-id=\"3a87ccc\" data-element_type=\"widget\" data-settings=\"{&quot;equal_height_boxes&quot;:&quot;yes&quot;}\" data-widget_type=\"pp-info-box-carousel.default\">\n\t\t\t\t<div class=\"elementor-widget-container\">\n\t\t\t\t\t<div class=\"swiper-container-wrap pp-info-box-carousel-wrap swiper-container-wrap-dots-outside\">\n\t\t\t<div class=\"pp-info-box pp-info-box-carousel swiper-container swiper-container-3a87ccc\" data-pagination=\".swiper-pagination-3a87ccc\" data-arrow-next=\".swiper-button-next-3a87ccc\" data-arrow-prev=\".swiper-button-prev-3a87ccc\" data-slider-settings=\"{&quot;direction&quot;:&quot;horizontal&quot;,&quot;effect&quot;:&quot;slide&quot;,&quot;speed&quot;:600,&quot;slidesPerView&quot;:3,&quot;spaceBetween&quot;:35,&quot;grabCursor&quot;:false,&quot;autoHeight&quot;:true,&quot;loop&quot;:true,&quot;autoplay&quot;:{&quot;delay&quot;:999999,&quot;disableOnInteraction&quot;:false},&quot;pagination&quot;:{&quot;el&quot;:&quot;.swiper-pagination-3a87ccc&quot;,&quot;type&quot;:&quot;bullets&quot;,&quot;clickable&quot;:true},&quot;navigation&quot;:{&quot;nextEl&quot;:&quot;.swiper-button-next-3a87ccc&quot;,&quot;prevEl&quot;:&quot;.swiper-button-prev-3a87ccc&quot;},&quot;breakpoints&quot;:{&quot;1025&quot;:{&quot;slidesPerView&quot;:3,&quot;spaceBetween&quot;:35},&quot;768&quot;:{&quot;slidesPerView&quot;:2,&quot;spaceBetween&quot;:10},&quot;320&quot;:{&quot;slidesPerView&quot;:1,&quot;spaceBetween&quot;:25}}}\">\n\t\t\t\t<div class=\"swiper-wrapper\">\n\t\t\t\t\t\t\t\t\t<div class=\"swiper-slide\">\n\t\t\t\t\t\t<div class=\"pp-info-box-content-wrap\">\n\t\t\t\t\t\t\t\t\t\t\t\t\t\t\t\t\t\t\t\t\t\t<div class=\"pp-info-box-icon-wrap\">\n\t\t\t\t\t\t\t\t\t\t\t\t\t\t\t\t\t\t\t\t\t<span class=\"pp-info-box-icon pp-icon\">\n\t\t\t\t\t\t\t\t\t<img src=\"https:\/\/wowtea.eu\/sk\/files\/2025\/12\/wowtea-web-ID-cocoa-detox-1-300x300.png\" alt=\"wowtea-web-ID-cocoa-detox.png\" title=\"|\">\t\t\t\t\t\t\t<\/span>\n\t\t\t\t\t\t\t\t\t\t\t\t\t\t\t\t\t\t\t\t<\/div>\n\t\t\t\t\t\t\t\t\t\t\t\t\t\t<div class=\"pp-info-box-content\">\n\t\t\t\t\t\t\t\t<div class=\"pp-info-box-title-wrap\">\n\t\t\t\t\t\t\t\t\t<div class=\"pp-info-box-title-container\"><h2 class=\"pp-info-box-title\">Cocoa Detox Infusion Drops<\/h2><\/div>\t\t\t\t\t\t\t\t<\/div>\n\n\t\t\t\t\t\t\t\t\n\t\t\t\t\t\t\t\t\t\t\t\t\t\t\t\t\t<div class=\"pp-info-box-description\">\n\t\t\t\t\t\t\t\t\t\t<span style=\"text-align:left\">  <br \/>\n  <ul style=\"font-size:13px\"><br \/>\n    <li><i class=\"fas fa-check\" style=\"color: crimson\"><\/i> <b>Viac\u00farov\u0148ov\u00e1 detoxik\u00e1cia: pe\u010de\u0148, lymfatick\u00fd syst\u00e9m, tr\u00e1viaci syst\u00e9m<\/b><br \/><\/li><br \/>\n    <li><i class=\"fas fa-check\" style=\"color: crimson\"><\/i> <b>Antioxidantn\u00fd \u0161t\u00edt<\/b><br \/><\/li><br \/>\n    <li><i class=\"fas fa-check\" style=\"color: crimson\"><\/i> <b>\u201eWater-Out\u201c efekt a menej naf\u00faknutia<\/b><br \/><\/li><br \/>\n    <li><i class=\"fas fa-check\" style=\"color: crimson\"><\/i> <b>Zlep\u0161uje tr\u00e1venie a upokojuje \u017eal\u00fadok<\/b><br \/><\/li><br \/>\n    <li><i class=\"fas fa-check\" style=\"color: crimson\"><\/i> <b>\u013dahk\u00e1 a pohodln\u00e1 pr\u00edprava s vysokou koncentr\u00e1ciou<\/b><br \/><\/li><br \/>\n  <\/ul><br \/>\n<\/span><br \/>\n\t\t\t\t\t\t\t\t\t<\/div>\n\t\t\t\t\t\t\t\t\t\t\t\t\t\t\t\t\t\n\t\t\t\t\t\t\t\t\t\t\t\t\t\t\t\t\t\t\t\t\t\t\t<\/div>\n\t\t\t\t\t\t<\/div>\n\t\t\t\t\t<\/div>\n\t\t\t\t\t\t\t\t\t\t<div class=\"swiper-slide\">\n\t\t\t\t\t\t<div class=\"pp-info-box-content-wrap\">\n\t\t\t\t\t\t\t\t\t\t\t\t\t\t\t\t\t\t\t\t\t\t<div class=\"pp-info-box-icon-wrap\">\n\t\t\t\t\t\t\t\t\t\t\t\t\t\t\t\t\t\t\t\t\t<span class=\"pp-info-box-icon pp-icon\">\n\t\t\t\t\t\t\t\t\t<img src=\"https:\/\/wowtea.eu\/sk\/files\/2025\/12\/wowtea-web-ID-cocoa-Slimfit-300x300.png\" alt=\"wowtea-web-ID-cocoa-Slimfit\" title=\"|\">\t\t\t\t\t\t\t<\/span>\n\t\t\t\t\t\t\t\t\t\t\t\t\t\t\t\t\t\t\t\t<\/div>\n\t\t\t\t\t\t\t\t\t\t\t\t\t\t<div class=\"pp-info-box-content\">\n\t\t\t\t\t\t\t\t<div class=\"pp-info-box-title-wrap\">\n\t\t\t\t\t\t\t\t\t<div class=\"pp-info-box-title-container\"><h2 class=\"pp-info-box-title\">Cocoa SlimFIt Infusion Drops<\/h2><\/div>\t\t\t\t\t\t\t\t<\/div>\n\n\t\t\t\t\t\t\t\t\n\t\t\t\t\t\t\t\t\t\t\t\t\t\t\t\t\t<div class=\"pp-info-box-description\">\n\t\t\t\t\t\t\t\t\t\t<span style=\"text-align:left\">  <br \/>\n  <ul style=\"font-size:13px\"><br \/>\n    <li><i class=\"fas fa-check\" style=\"color: crimson\"><\/i> <b>Stimuluje metabolizmus<\/b><br \/><\/li><br \/>\n    <li><i class=\"fas fa-check\" style=\"color: crimson\"><\/i> <b>Aktivuje spa\u013eovanie tukov<\/b><br \/><\/li><br \/>\n    <li><i class=\"fas fa-check\" style=\"color: crimson\"><\/i> <b>Reguluje hladinu cukru v krvi a inzul\u00ednu<\/b><br \/><\/li><br \/>\n    <li><i class=\"fas fa-check\" style=\"color: crimson\"><\/i> <b>Aktivuje termogen\u00e9zu a lipol\u00fdzu<\/b><br \/><\/li><br \/>\n    <li><i class=\"fas fa-check\" style=\"color: crimson\"><\/i> <b>Potla\u010duje a zni\u017euje chu\u0165 do jedla<\/b><br \/><\/li><br \/>\n  <\/ul><br \/>\n<\/span><br \/>\n\t\t\t\t\t\t\t\t\t<\/div>\n\t\t\t\t\t\t\t\t\t\t\t\t\t\t\t\t\t\n\t\t\t\t\t\t\t\t\t\t\t\t\t\t\t\t\t\t\t\t\t\t\t<\/div>\n\t\t\t\t\t\t<\/div>\n\t\t\t\t\t<\/div>\n\t\t\t\t\t\t\t\t\t\t<div class=\"swiper-slide\">\n\t\t\t\t\t\t<div class=\"pp-info-box-content-wrap\">\n\t\t\t\t\t\t\t\t\t\t\t\t\t\t\t\t\t\t\t\t\t\t<div class=\"pp-info-box-icon-wrap\">\n\t\t\t\t\t\t\t\t\t\t\t\t\t\t\t\t\t\t\t\t\t<span class=\"pp-info-box-icon pp-icon\">\n\t\t\t\t\t\t\t\t\t<img src=\"https:\/\/wowtea.eu\/sk\/files\/2025\/12\/wowtea-web-ID-cocoa-wellness-300x300.png\" alt=\"wowtea-web-ID-cocoa-wellness\" title=\"|\">\t\t\t\t\t\t\t<\/span>\n\t\t\t\t\t\t\t\t\t\t\t\t\t\t\t\t\t\t\t\t<\/div>\n\t\t\t\t\t\t\t\t\t\t\t\t\t\t<div class=\"pp-info-box-content\">\n\t\t\t\t\t\t\t\t<div class=\"pp-info-box-title-wrap\">\n\t\t\t\t\t\t\t\t\t<div class=\"pp-info-box-title-container\"><h2 class=\"pp-info-box-title\">Cocoa Wellness Infusion Drops<\/h2><\/div>\t\t\t\t\t\t\t\t<\/div>\n\n\t\t\t\t\t\t\t\t\n\t\t\t\t\t\t\t\t\t\t\t\t\t\t\t\t\t<div class=\"pp-info-box-description\">\n\t\t\t\t\t\t\t\t\t\t<span style=\"text-align:left\">  <br \/>\n  <ul style=\"font-size:13px\"><br \/>\n    <li><i class=\"fas fa-check\" style=\"color: crimson\"><\/i> <b>Zni\u017euje stres a nap\u00e4tie<\/b><br \/><\/li><br \/>\n    <li><i class=\"fas fa-check\" style=\"color: crimson\"><\/i> <b>Zlep\u0161uje n\u00e1ladu a emocion\u00e1lnu pohodu<\/b><br \/><\/li><br \/>\n    <li><i class=\"fas fa-check\" style=\"color: crimson\"><\/i> <b>Podporuje s\u00fastredenie a koncentr\u00e1ciu<\/b><br \/><\/li><br \/>\n    <li><i class=\"fas fa-check\" style=\"color: crimson\"><\/i> <b>Podporuje regener\u00e1ciu a sp\u00e1nok<\/b><br \/><\/li><br \/>\n    <li><i class=\"fas fa-check\" style=\"color: crimson\"><\/i> <b>Prirodzen\u00e1 ochrana a celkov\u00e9 zdravie<\/b><br \/><\/li><br \/>\n  <\/ul><br \/>\n<\/span><br \/>\n\t\t\t\t\t\t\t\t\t<\/div>\n\t\t\t\t\t\t\t\t\t\t\t\t\t\t\t\t\t\n\t\t\t\t\t\t\t\t\t\t\t\t\t\t\t\t\t\t\t\t\t\t\t<\/div>\n\t\t\t\t\t\t<\/div>\n\t\t\t\t\t<\/div>\n\t\t\t\t\t\t\t\t\t<\/div>\n\t\t\t<\/div>\n\t\t\t\t\t\t<!-- Add Pagination -->\n\t\t\t<div class=\"swiper-pagination swiper-pagination-3a87ccc\"><\/div>\n\t\t\t\t\t\n\t\t\t\t\t\t\t<!-- Add Arrows -->\n\t\t\t\t<div class=\"swiper-button-prev swiper-button-prev-3a87ccc\">\n\t\t\t\t\t<i aria-hidden=\"true\" class=\"fas fa-caret-left\"><\/i>\n\t\t\t\t<\/div>\n\t\t\t\t<div class=\"swiper-button-next swiper-button-next-3a87ccc\">\n\t\t\t\t\t<i aria-hidden=\"true\" class=\"fas fa-caret-right\"><\/i>\n\t\t\t\t<\/div>\n\t\t\t\t\t\t\t\t<\/div>\n\t\t\t\t<\/div>\n\t\t\t\t<\/div>\n\t\t\t\t\t\t<\/div>\n\t\t\t\t\t<\/div>\n\t\t<\/div>\n\t\t\t\t\t\t\t\t<\/div>\n\t\t\t\t\t<\/div>\n\t\t<\/section>\n\t\t\t\t<section class=\"elementor-section elementor-top-section elementor-element elementor-element-cd182e5 elementor-section-full_width elementor-section-height-default elementor-section-height-default\" data-id=\"cd182e5\" data-element_type=\"section\">\n\t\t\t\t\t\t<div class=\"elementor-container elementor-column-gap-default\">\n\t\t\t\t\t\t\t<div class=\"elementor-row\">\n\t\t\t\t\t<div class=\"elementor-column elementor-col-100 elementor-top-column elementor-element elementor-element-3163643\" data-id=\"3163643\" data-element_type=\"column\">\n\t\t\t<div class=\"elementor-column-wrap elementor-element-populated\">\n\t\t\t\t\t\t\t<div class=\"elementor-widget-wrap\">\n\t\t\t\t\t\t<div class=\"elementor-element elementor-element-0f5acdb elementor-widget elementor-widget-template\" data-id=\"0f5acdb\" data-element_type=\"widget\" data-widget_type=\"template.default\">\n\t\t\t\t<div class=\"elementor-widget-container\">\n\t\t\t\t\t<div class=\"elementor-template\">\n\t\t\t\t\t<div data-elementor-type=\"section\" data-elementor-id=\"140462\" class=\"elementor elementor-140462\">\n\t\t\t\t\t<div class=\"elementor-section-wrap\">\n\t\t\t\t\t\t\t\t<section class=\"elementor-section elementor-top-section elementor-element elementor-element-43bb5cfb elementor-section-full_width elementor-section-height-min-height elementor-section-content-middle elementor-section-height-default elementor-section-items-middle\" data-id=\"43bb5cfb\" data-element_type=\"section\" data-settings=\"{&quot;background_background&quot;:&quot;classic&quot;}\">\n\t\t\t\t\t\t<div class=\"elementor-container elementor-column-gap-default\">\n\t\t\t\t\t\t\t<div class=\"elementor-row\">\n\t\t\t\t\t<div class=\"elementor-column elementor-col-100 elementor-top-column elementor-element elementor-element-3688ddf\" data-id=\"3688ddf\" data-element_type=\"column\">\n\t\t\t<div class=\"elementor-column-wrap elementor-element-populated\">\n\t\t\t\t\t\t\t<div class=\"elementor-widget-wrap\">\n\t\t\t\t\t\t<div class=\"elementor-element elementor-element-13930a89 elementor-widget elementor-widget-heading\" data-id=\"13930a89\" data-element_type=\"widget\" data-widget_type=\"heading.default\">\n\t\t\t\t<div class=\"elementor-widget-container\">\n\t\t\t<h2 class=\"elementor-heading-title elementor-size-default\">3 000 000+<\/h2>\t\t<\/div>\n\t\t\t\t<\/div>\n\t\t\t\t<div class=\"elementor-element elementor-element-3e1f1c88 elementor-widget elementor-widget-heading\" data-id=\"3e1f1c88\" data-element_type=\"widget\" data-widget_type=\"heading.default\">\n\t\t\t\t<div class=\"elementor-widget-container\">\n\t\t\t<h2 class=\"elementor-heading-title elementor-size-default\">predan\u00fdch \u010dajov v celej Eur\u00f3pe<\/h2>\t\t<\/div>\n\t\t\t\t<\/div>\n\t\t\t\t\t\t<\/div>\n\t\t\t\t\t<\/div>\n\t\t<\/div>\n\t\t\t\t\t\t\t\t<\/div>\n\t\t\t\t\t<\/div>\n\t\t<\/section>\n\t\t\t\t\t\t\t<\/div>\n\t\t\t\t<\/div>\n\t\t\t\t<\/div>\n\t\t\t\t<\/div>\n\t\t\t\t<\/div>\n\t\t\t\t\t\t<\/div>\n\t\t\t\t\t<\/div>\n\t\t<\/div>\n\t\t\t\t\t\t\t\t<\/div>\n\t\t\t\t\t<\/div>\n\t\t<\/section>\n\t\t\t\t<section class=\"elementor-section elementor-top-section elementor-element elementor-element-4be0a79 elementor-section-full_width elementor-section-height-default elementor-section-height-default\" data-id=\"4be0a79\" data-element_type=\"section\">\n\t\t\t\t\t\t<div class=\"elementor-container elementor-column-gap-default\">\n\t\t\t\t\t\t\t<div class=\"elementor-row\">\n\t\t\t\t\t<div class=\"elementor-column elementor-col-100 elementor-top-column elementor-element elementor-element-d07794c\" data-id=\"d07794c\" data-element_type=\"column\">\n\t\t\t<div class=\"elementor-column-wrap elementor-element-populated\">\n\t\t\t\t\t\t\t<div class=\"elementor-widget-wrap\">\n\t\t\t\t\t\t<div class=\"elementor-element elementor-element-e50f0af elementor-widget elementor-widget-template\" data-id=\"e50f0af\" data-element_type=\"widget\" data-widget_type=\"template.default\">\n\t\t\t\t<div class=\"elementor-widget-container\">\n\t\t\t\t\t<div class=\"elementor-template\">\n\t\t\t\t\t<div data-elementor-type=\"section\" data-elementor-id=\"137806\" class=\"elementor elementor-137806\">\n\t\t\t\t\t<div class=\"elementor-section-wrap\">\n\t\t\t\t\t\t\t\t<section class=\"elementor-section elementor-top-section elementor-element elementor-element-913c645 elementor-section-content-middle elementor-section-boxed elementor-section-height-default elementor-section-height-default\" data-id=\"913c645\" data-element_type=\"section\">\n\t\t\t\t\t\t<div class=\"elementor-container elementor-column-gap-no\">\n\t\t\t\t\t\t\t<div class=\"elementor-row\">\n\t\t\t\t\t<div class=\"elementor-column elementor-col-50 elementor-top-column elementor-element elementor-element-a17d16f\" data-id=\"a17d16f\" data-element_type=\"column\">\n\t\t\t<div class=\"elementor-column-wrap elementor-element-populated\">\n\t\t\t\t\t\t\t<div class=\"elementor-widget-wrap\">\n\t\t\t\t\t\t<div class=\"elementor-element elementor-element-904f8d4 elementor-widget elementor-widget-text-editor\" data-id=\"904f8d4\" data-element_type=\"widget\" data-widget_type=\"text-editor.default\">\n\t\t\t\t<div class=\"elementor-widget-container\">\n\t\t\t\t\t\t\t\t<div class=\"elementor-text-editor elementor-clearfix\">\n\t\t\t\t<p>V pr\u00edpade ak\u00fdchko\u013evek ot\u00e1zok n\u00e1s nev\u00e1hajte kontaktova\u0165.<\/p>\t\t\t\t\t<\/div>\n\t\t\t\t\t\t<\/div>\n\t\t\t\t<\/div>\n\t\t\t\t<div class=\"elementor-element elementor-element-bb76af1 elementor-shape-rounded elementor-grid-0 e-grid-align-center elementor-widget elementor-widget-social-icons\" data-id=\"bb76af1\" data-element_type=\"widget\" data-widget_type=\"social-icons.default\">\n\t\t\t\t<div class=\"elementor-widget-container\">\n\t\t\t\t\t<div class=\"elementor-social-icons-wrapper elementor-grid\">\n\t\t\t\t\t\t\t<span class=\"elementor-grid-item\">\n\t\t\t\t\t<a class=\"elementor-icon elementor-social-icon elementor-social-icon-facebook elementor-animation-shrink elementor-repeater-item-fd8c06f\" href=\"https:\/\/www.facebook.com\/wowteaslovensko\/\" target=\"_blank\" rel=\"nofollow noopener\">\n\t\t\t\t\t\t<span class=\"elementor-screen-only\">Facebook<\/span>\n\t\t\t\t\t\t<i class=\"fab fa-facebook\"><\/i>\t\t\t\t\t<\/a>\n\t\t\t\t<\/span>\n\t\t\t\t\t\t\t<span class=\"elementor-grid-item\">\n\t\t\t\t\t<a class=\"elementor-icon elementor-social-icon elementor-social-icon-instagram elementor-animation-shrink elementor-repeater-item-d0e60b6\" href=\"https:\/\/www.instagram.com\/wowteaslovakia\/\" target=\"_blank\" rel=\"nofollow noopener\">\n\t\t\t\t\t\t<span class=\"elementor-screen-only\">Instagram<\/span>\n\t\t\t\t\t\t<i class=\"fab fa-instagram\"><\/i>\t\t\t\t\t<\/a>\n\t\t\t\t<\/span>\n\t\t\t\t\t\t\t<span class=\"elementor-grid-item\">\n\t\t\t\t\t<a class=\"elementor-icon elementor-social-icon elementor-social-icon-envelope elementor-animation-shrink elementor-repeater-item-d35abff\" href=\"https:\/\/wowtea.eu\/sk\/contact\/\" target=\"_blank\">\n\t\t\t\t\t\t<span class=\"elementor-screen-only\">Envelope<\/span>\n\t\t\t\t\t\t<i class=\"fas fa-envelope\"><\/i>\t\t\t\t\t<\/a>\n\t\t\t\t<\/span>\n\t\t\t\t\t<\/div>\n\t\t\t\t<\/div>\n\t\t\t\t<\/div>\n\t\t\t\t\t\t<\/div>\n\t\t\t\t\t<\/div>\n\t\t<\/div>\n\t\t\t\t<div class=\"elementor-column elementor-col-50 elementor-top-column elementor-element elementor-element-0a11d04\" data-id=\"0a11d04\" data-element_type=\"column\">\n\t\t\t<div class=\"elementor-column-wrap elementor-element-populated\">\n\t\t\t\t\t\t\t<div class=\"elementor-widget-wrap\">\n\t\t\t\t\t\t<div class=\"elementor-element elementor-element-65426fa elementor-widget elementor-widget-image\" data-id=\"65426fa\" data-element_type=\"widget\" data-widget_type=\"image.default\">\n\t\t\t\t<div class=\"elementor-widget-container\">\n\t\t\t\t\t\t\t\t<div class=\"elementor-image\">\n\t\t\t\t\t\t\t\t\t\t\t\t<img src=\"https:\/\/wowtea.eu\/wp-content\/uploads\/2021\/04\/wowtea-logo-1.svg\" title=\"|\" alt=\"|\" loading=\"lazy\">\t\t\t\t\t\t\t\t\t\t\t\t\t\t<\/div>\n\t\t\t\t\t\t<\/div>\n\t\t\t\t<\/div>\n\t\t\t\t\t\t<\/div>\n\t\t\t\t\t<\/div>\n\t\t<\/div>\n\t\t\t\t\t\t\t\t<\/div>\n\t\t\t\t\t<\/div>\n\t\t<\/section>\n\t\t\t\t\t\t\t<\/div>\n\t\t\t\t<\/div>\n\t\t\t\t<\/div>\n\t\t\t\t<\/div>\n\t\t\t\t<\/div>\n\t\t\t\t\t\t<\/div>\n\t\t\t\t\t<\/div>\n\t\t<\/div>\n\t\t\t\t\t\t\t\t<\/div>\n\t\t\t\t\t<\/div>\n\t\t<\/section>\n\t\t\t\t<section class=\"elementor-section elementor-top-section elementor-element elementor-element-b518d78 elementor-section-full_width elementor-section-height-default elementor-section-height-default\" data-id=\"b518d78\" data-element_type=\"section\">\n\t\t\t\t\t\t<div class=\"elementor-container elementor-column-gap-default\">\n\t\t\t\t\t\t\t<div class=\"elementor-row\">\n\t\t\t\t\t<div class=\"elementor-column elementor-col-100 elementor-top-column elementor-element elementor-element-8720583\" data-id=\"8720583\" data-element_type=\"column\">\n\t\t\t<div class=\"elementor-column-wrap elementor-element-populated\">\n\t\t\t\t\t\t\t<div class=\"elementor-widget-wrap\">\n\t\t\t\t\t\t<div class=\"elementor-element elementor-element-6e5854b elementor-widget elementor-widget-template\" data-id=\"6e5854b\" data-element_type=\"widget\" data-widget_type=\"template.default\">\n\t\t\t\t<div class=\"elementor-widget-container\">\n\t\t\t\t\t<div class=\"elementor-template\">\n\t\t\t\t\t<div data-elementor-type=\"section\" data-elementor-id=\"136968\" class=\"elementor elementor-136968\">\n\t\t\t\t\t<div class=\"elementor-section-wrap\">\n\t\t\t\t\t\t\t\t<section class=\"elementor-section elementor-top-section elementor-element elementor-element-5982993 elementor-section-boxed elementor-section-height-default elementor-section-height-default\" data-id=\"5982993\" data-element_type=\"section\">\n\t\t\t\t\t\t<div class=\"elementor-container elementor-column-gap-default\">\n\t\t\t\t\t\t\t<div class=\"elementor-row\">\n\t\t\t\t\t<div class=\"elementor-column elementor-col-100 elementor-top-column elementor-element elementor-element-4db9f59\" data-id=\"4db9f59\" data-element_type=\"column\">\n\t\t\t<div class=\"elementor-column-wrap elementor-element-populated\">\n\t\t\t\t\t\t\t<div class=\"elementor-widget-wrap\">\n\t\t\t\t\t\t<div class=\"elementor-element elementor-element-1d6be81 elementor-widget elementor-widget-html\" data-id=\"1d6be81\" data-element_type=\"widget\" data-widget_type=\"html.default\">\n\t\t\t\t<div class=\"elementor-widget-container\">\n\t\t\t<!-- TrustBox widget - Carousel -->\r\n<div class=\"trustpilot-widget\" data-locale=\"en-US\" data-template-id=\"53aa8912dec7e10d38f59f36\" data-businessunit-id=\"60029def312cb900013df992\" data-style-height=\"320px\" data-style-width=\"100%\" data-theme=\"light\" data-tags=\"SK\" data-stars=\"1,2,3,4,5\">\r\n  <a href=\"https:\/\/www.trustpilot.com\/review\/wowtea.eu\" target=\"_blank\" rel=\"noopener\">Trustpilot<\/a>\r\n<\/div>\r\n<!-- End TrustBox widget -->\t\t<\/div>\n\t\t\t\t<\/div>\n\t\t\t\t\t\t<\/div>\n\t\t\t\t\t<\/div>\n\t\t<\/div>\n\t\t\t\t\t\t\t\t<\/div>\n\t\t\t\t\t<\/div>\n\t\t<\/section>\n\t\t\t\t\t\t\t<\/div>\n\t\t\t\t<\/div>\n\t\t\t\t<\/div>\n\t\t\t\t<\/div>\n\t\t\t\t<\/div>\n\t\t\t\t\t\t<\/div>\n\t\t\t\t\t<\/div>\n\t\t<\/div>\n\t\t\t\t\t\t\t\t<\/div>\n\t\t\t\t\t<\/div>\n\t\t<\/section>\n\t\t\t\t\t\t\t\t\t<\/div>\n\t\t\t<\/div>\n\t\t\t\t\t<\/div>\n\t\t","protected":false},"excerpt":{"rendered":"<ul class=\"check_list\">\n<li>Cocoa Detox Infusion Drops<\/li>\n<li>Cocoa SlimFit Infusion Drops<\/li>\n<li>Cocoa Wellness Infusion Drops<\/li>\n<\/ul>\n","protected":false},"featured_media":141601,"comment_status":"open","ping_status":"closed","template":"","meta":{"inline_featured_image":false},"product_cat":[184,453,321,106,412,322,452,337],"product_tag":[],"acf":[],"variations_data":[],"free_delivery":false,"currency_name":"&euro;","regular_price":"56.70","sale_price":"48.10","price":"48.10","image":"https:\/\/wowtea.eu\/sk\/files\/2025\/12\/wowtea-web-ID-cocoa-3-types-drops.png","_links":{"self":[{"href":"https:\/\/wowtea.eu\/sk\/wp-json\/wp\/v2\/product\/141598"}],"collection":[{"href":"https:\/\/wowtea.eu\/sk\/wp-json\/wp\/v2\/product"}],"about":[{"href":"https:\/\/wowtea.eu\/sk\/wp-json\/wp\/v2\/types\/product"}],"replies":[{"embeddable":true,"href":"https:\/\/wowtea.eu\/sk\/wp-json\/wp\/v2\/comments?post=141598"}],"version-history":[{"count":5,"href":"https:\/\/wowtea.eu\/sk\/wp-json\/wp\/v2\/product\/141598\/revisions"}],"predecessor-version":[{"id":141677,"href":"https:\/\/wowtea.eu\/sk\/wp-json\/wp\/v2\/product\/141598\/revisions\/141677"}],"wp:featuredmedia":[{"embeddable":true,"href":"https:\/\/wowtea.eu\/sk\/wp-json\/wp\/v2\/media\/141601"}],"wp:attachment":[{"href":"https:\/\/wowtea.eu\/sk\/wp-json\/wp\/v2\/media?parent=141598"}],"wp:term":[{"taxonomy":"product_cat","embeddable":true,"href":"https:\/\/wowtea.eu\/sk\/wp-json\/wp\/v2\/product_cat?post=141598"},{"taxonomy":"product_tag","embeddable":true,"href":"https:\/\/wowtea.eu\/sk\/wp-json\/wp\/v2\/product_tag?post=141598"}],"curies":[{"name":"wp","href":"https:\/\/api.w.org\/{rel}","templated":true}]}}