{"id":72626,"date":"2020-10-06T15:49:31","date_gmt":"2020-10-06T12:49:31","guid":{"rendered":"https:\/\/wowtea.eu\/sk\/?post_type=product&#038;p=72626"},"modified":"2026-04-01T00:22:07","modified_gmt":"2026-03-31T22:22:07","slug":"black-bottle","status":"publish","type":"product","link":"https:\/\/wowtea.eu\/sk\/product\/black-bottle\/","title":{"rendered":"\u010cajov\u00e1 f\u013ea\u0161a (\u010dierna)"},"content":{"rendered":"\t\t<div data-elementor-type=\"product-post\" data-elementor-id=\"72626\" class=\"elementor elementor-72626\">\n\t\t\t\t\t\t<div class=\"elementor-inner\">\n\t\t\t\t<div class=\"elementor-section-wrap\">\n\t\t\t\t\t\t\t\t\t<section class=\"elementor-section elementor-top-section elementor-element elementor-element-4403515 elementor-section-boxed elementor-section-height-default elementor-section-height-default\" data-id=\"4403515\" data-element_type=\"section\">\n\t\t\t\t\t\t<div class=\"elementor-container elementor-column-gap-no\">\n\t\t\t\t\t\t\t<div class=\"elementor-row\">\n\t\t\t\t\t<div class=\"elementor-column elementor-col-100 elementor-top-column elementor-element elementor-element-bc465e5\" data-id=\"bc465e5\" data-element_type=\"column\">\n\t\t\t<div class=\"elementor-column-wrap elementor-element-populated\">\n\t\t\t\t\t\t\t<div class=\"elementor-widget-wrap\">\n\t\t\t\t\t\t<div class=\"elementor-element elementor-element-217be83 elementor-widget elementor-widget-image\" data-id=\"217be83\" data-element_type=\"widget\" data-widget_type=\"image.default\">\n\t\t\t\t<div class=\"elementor-widget-container\">\n\t\t\t\t\t\t\t\t<div class=\"elementor-image\">\n\t\t\t\t\t\t\t\t\t\t\t\t<img width=\"1024\" height=\"542\" src=\"https:\/\/wowtea.eu\/sk\/files\/2020\/08\/Banner-NEW-1-1024x542.png\" class=\"attachment-large size-large wp-image-72363\" alt=\"Bottle banner\" loading=\"lazy\" srcset=\"https:\/\/wowtea.eu\/sk\/files\/2020\/08\/Banner-NEW-1-1024x542.png 1024w, https:\/\/wowtea.eu\/sk\/files\/2020\/08\/Banner-NEW-1-300x159.png 300w, https:\/\/wowtea.eu\/sk\/files\/2020\/08\/Banner-NEW-1-768x407.png 768w, https:\/\/wowtea.eu\/sk\/files\/2020\/08\/Banner-NEW-1-600x318.png 600w, https:\/\/wowtea.eu\/sk\/files\/2020\/08\/Banner-NEW-1.png 1144w\" sizes=\"(max-width: 1024px) 100vw, 1024px\" title=\"|\">\t\t\t\t\t\t\t\t\t\t\t\t\t\t<\/div>\n\t\t\t\t\t\t<\/div>\n\t\t\t\t<\/div>\n\t\t\t\t\t\t<\/div>\n\t\t\t\t\t<\/div>\n\t\t<\/div>\n\t\t\t\t\t\t\t\t<\/div>\n\t\t\t\t\t<\/div>\n\t\t<\/section>\n\t\t\t\t<section class=\"elementor-section elementor-top-section elementor-element elementor-element-e17f954 elementor-section-boxed elementor-section-height-default elementor-section-height-default\" data-id=\"e17f954\" data-element_type=\"section\">\n\t\t\t\t\t\t<div class=\"elementor-container elementor-column-gap-default\">\n\t\t\t\t\t\t\t<div class=\"elementor-row\">\n\t\t\t\t\t<div class=\"elementor-column elementor-col-100 elementor-top-column elementor-element elementor-element-3a3c7d8\" data-id=\"3a3c7d8\" data-element_type=\"column\">\n\t\t\t<div class=\"elementor-column-wrap elementor-element-populated\">\n\t\t\t\t\t\t\t<div class=\"elementor-widget-wrap\">\n\t\t\t\t\t\t<div class=\"elementor-element elementor-element-598c46f elementor-widget elementor-widget-image\" data-id=\"598c46f\" data-element_type=\"widget\" data-widget_type=\"image.default\">\n\t\t\t\t<div class=\"elementor-widget-container\">\n\t\t\t\t\t\t\t\t<div class=\"elementor-image\">\n\t\t\t\t\t\t\t\t\t\t\t\t<img width=\"931\" height=\"180\" src=\"https:\/\/wowtea.eu\/sk\/files\/2020\/08\/NEW-Bottle-Product-Page-SK-_04.jpg\" class=\"attachment-large size-large wp-image-84856\" alt=\"|\" loading=\"lazy\" srcset=\"https:\/\/wowtea.eu\/sk\/files\/2020\/08\/NEW-Bottle-Product-Page-SK-_04.jpg 931w, https:\/\/wowtea.eu\/sk\/files\/2020\/08\/NEW-Bottle-Product-Page-SK-_04-300x58.jpg 300w, https:\/\/wowtea.eu\/sk\/files\/2020\/08\/NEW-Bottle-Product-Page-SK-_04-768x148.jpg 768w, https:\/\/wowtea.eu\/sk\/files\/2020\/08\/NEW-Bottle-Product-Page-SK-_04-600x116.jpg 600w\" sizes=\"(max-width: 931px) 100vw, 931px\" title=\"|\">\t\t\t\t\t\t\t\t\t\t\t\t\t\t<\/div>\n\t\t\t\t\t\t<\/div>\n\t\t\t\t<\/div>\n\t\t\t\t\t\t<\/div>\n\t\t\t\t\t<\/div>\n\t\t<\/div>\n\t\t\t\t\t\t\t\t<\/div>\n\t\t\t\t\t<\/div>\n\t\t<\/section>\n\t\t\t\t<section class=\"elementor-section elementor-top-section elementor-element elementor-element-731ec13 elementor-section-full_width elementor-section-height-default elementor-section-height-default\" data-id=\"731ec13\" data-element_type=\"section\" data-settings=\"{&quot;background_background&quot;:&quot;classic&quot;}\">\n\t\t\t\t\t\t<div class=\"elementor-container elementor-column-gap-no\">\n\t\t\t\t\t\t\t<div class=\"elementor-row\">\n\t\t\t\t\t<div class=\"elementor-column elementor-col-50 elementor-top-column elementor-element elementor-element-3d5dbf6 animate_black\" data-id=\"3d5dbf6\" data-element_type=\"column\" data-settings=\"{&quot;background_background&quot;:&quot;classic&quot;}\">\n\t\t\t<div class=\"elementor-column-wrap\">\n\t\t\t\t\t\t\t<div class=\"elementor-widget-wrap\">\n\t\t\t\t\t\t\t\t<\/div>\n\t\t\t\t\t<\/div>\n\t\t<\/div>\n\t\t\t\t<div class=\"elementor-column elementor-col-50 elementor-top-column elementor-element elementor-element-e26ef75 animate_pink\" data-id=\"e26ef75\" data-element_type=\"column\" data-settings=\"{&quot;background_background&quot;:&quot;classic&quot;}\">\n\t\t\t<div class=\"elementor-column-wrap\">\n\t\t\t\t\t\t\t<div class=\"elementor-widget-wrap\">\n\t\t\t\t\t\t\t\t<\/div>\n\t\t\t\t\t<\/div>\n\t\t<\/div>\n\t\t\t\t\t\t\t\t<\/div>\n\t\t\t\t\t<\/div>\n\t\t<\/section>\n\t\t\t\t<section class=\"elementor-section elementor-top-section elementor-element elementor-element-db677f0 elementor-section-boxed elementor-section-height-default elementor-section-height-default\" data-id=\"db677f0\" data-element_type=\"section\">\n\t\t\t\t\t\t<div class=\"elementor-container elementor-column-gap-default\">\n\t\t\t\t\t\t\t<div class=\"elementor-row\">\n\t\t\t\t\t<div class=\"elementor-column elementor-col-100 elementor-top-column elementor-element elementor-element-f817514\" data-id=\"f817514\" data-element_type=\"column\">\n\t\t\t<div class=\"elementor-column-wrap elementor-element-populated\">\n\t\t\t\t\t\t\t<div class=\"elementor-widget-wrap\">\n\t\t\t\t\t\t<div class=\"elementor-element elementor-element-da0e0f4 elementor-widget elementor-widget-image\" data-id=\"da0e0f4\" data-element_type=\"widget\" data-widget_type=\"image.default\">\n\t\t\t\t<div class=\"elementor-widget-container\">\n\t\t\t\t\t\t\t\t<div class=\"elementor-image\">\n\t\t\t\t\t\t\t\t\t\t\t\t<img width=\"931\" height=\"190\" src=\"https:\/\/wowtea.eu\/sk\/files\/2020\/08\/NEW-Bottle-Product-Page-SK-_07.jpg\" class=\"attachment-large size-large wp-image-84855\" alt=\"|\" loading=\"lazy\" srcset=\"https:\/\/wowtea.eu\/sk\/files\/2020\/08\/NEW-Bottle-Product-Page-SK-_07.jpg 931w, https:\/\/wowtea.eu\/sk\/files\/2020\/08\/NEW-Bottle-Product-Page-SK-_07-300x61.jpg 300w, https:\/\/wowtea.eu\/sk\/files\/2020\/08\/NEW-Bottle-Product-Page-SK-_07-768x157.jpg 768w, https:\/\/wowtea.eu\/sk\/files\/2020\/08\/NEW-Bottle-Product-Page-SK-_07-600x122.jpg 600w\" sizes=\"(max-width: 931px) 100vw, 931px\" title=\"|\">\t\t\t\t\t\t\t\t\t\t\t\t\t\t<\/div>\n\t\t\t\t\t\t<\/div>\n\t\t\t\t<\/div>\n\t\t\t\t\t\t<\/div>\n\t\t\t\t\t<\/div>\n\t\t<\/div>\n\t\t\t\t\t\t\t\t<\/div>\n\t\t\t\t\t<\/div>\n\t\t<\/section>\n\t\t\t\t<section class=\"elementor-section elementor-top-section elementor-element elementor-element-3cde8b0 elementor-section-boxed elementor-section-height-default elementor-section-height-default\" data-id=\"3cde8b0\" data-element_type=\"section\">\n\t\t\t\t\t\t<div class=\"elementor-container elementor-column-gap-default\">\n\t\t\t\t\t\t\t<div class=\"elementor-row\">\n\t\t\t\t\t<div class=\"elementor-column elementor-col-100 elementor-top-column elementor-element elementor-element-16de745\" data-id=\"16de745\" data-element_type=\"column\">\n\t\t\t<div class=\"elementor-column-wrap elementor-element-populated\">\n\t\t\t\t\t\t\t<div class=\"elementor-widget-wrap\">\n\t\t\t\t\t\t<div class=\"elementor-element elementor-element-d0b3e4d elementor-widget elementor-widget-video\" data-id=\"d0b3e4d\" data-element_type=\"widget\" data-settings=\"{&quot;youtube_url&quot;:&quot;https:\\\/\\\/www.youtube.com\\\/watch?v=w9gSo_0anLk&quot;,&quot;show_image_overlay&quot;:&quot;yes&quot;,&quot;image_overlay&quot;:{&quot;url&quot;:&quot;https:\\\/\\\/wowtea.eu\\\/sk\\\/wp-content\\\/uploads\\\/2020\\\/08\\\/bottle-video-placeholder.jpg&quot;,&quot;id&quot;:&quot;72296&quot;,&quot;size&quot;:&quot;&quot;},&quot;lazy_load&quot;:&quot;yes&quot;,&quot;video_type&quot;:&quot;youtube&quot;,&quot;controls&quot;:&quot;yes&quot;}\" data-widget_type=\"video.default\">\n\t\t\t\t<div class=\"elementor-widget-container\">\n\t\t\t\t\t<div class=\"elementor-wrapper elementor-open-inline\">\n\t\t\t<div class=\"elementor-video\"><\/div>\t\t\t\t<div class=\"elementor-custom-embed-image-overlay\" style=\"background-image: url(https:\/\/wowtea.eu\/sk\/files\/2020\/08\/bottle-video-placeholder-1024x631.jpg);\">\n\t\t\t\t\t\t\t\t\t\t\t\t\t\t\t\t<div class=\"elementor-custom-embed-play\" role=\"button\" aria-label=\"Prehra\u0165 video\" tabindex=\"0\">\n\t\t\t\t\t\t\t<i aria-hidden=\"true\" class=\"eicon-play\"><\/i>\t\t\t\t\t\t\t<span class=\"elementor-screen-only\">Prehra\u0165 video<\/span>\n\t\t\t\t\t\t<\/div>\n\t\t\t\t\t\t\t\t\t<\/div>\n\t\t\t\t\t<\/div>\n\t\t\t\t<\/div>\n\t\t\t\t<\/div>\n\t\t\t\t\t\t<\/div>\n\t\t\t\t\t<\/div>\n\t\t<\/div>\n\t\t\t\t\t\t\t\t<\/div>\n\t\t\t\t\t<\/div>\n\t\t<\/section>\n\t\t\t\t<section class=\"elementor-section elementor-top-section elementor-element elementor-element-8d3c65a elementor-section-boxed elementor-section-height-default elementor-section-height-default\" data-id=\"8d3c65a\" data-element_type=\"section\" data-settings=\"{&quot;background_background&quot;:&quot;classic&quot;}\">\n\t\t\t\t\t\t<div class=\"elementor-container elementor-column-gap-default\">\n\t\t\t\t\t\t\t<div class=\"elementor-row\">\n\t\t\t\t\t<div class=\"elementor-column elementor-col-100 elementor-top-column elementor-element elementor-element-381a750\" data-id=\"381a750\" data-element_type=\"column\">\n\t\t\t<div class=\"elementor-column-wrap elementor-element-populated\">\n\t\t\t\t\t\t\t<div class=\"elementor-widget-wrap\">\n\t\t\t\t\t\t<div class=\"elementor-element elementor-element-77f9e7c elementor-widget elementor-widget-image\" data-id=\"77f9e7c\" data-element_type=\"widget\" data-widget_type=\"image.default\">\n\t\t\t\t<div class=\"elementor-widget-container\">\n\t\t\t\t\t\t\t\t<div class=\"elementor-image\">\n\t\t\t\t\t\t\t\t\t\t\t\t<img width=\"931\" height=\"177\" src=\"https:\/\/wowtea.eu\/sk\/files\/2020\/08\/NEW-Bottle-Product-Page-SK-_09.jpg\" class=\"attachment-large size-large wp-image-84857\" alt=\"|\" loading=\"lazy\" srcset=\"https:\/\/wowtea.eu\/sk\/files\/2020\/08\/NEW-Bottle-Product-Page-SK-_09.jpg 931w, https:\/\/wowtea.eu\/sk\/files\/2020\/08\/NEW-Bottle-Product-Page-SK-_09-300x57.jpg 300w, https:\/\/wowtea.eu\/sk\/files\/2020\/08\/NEW-Bottle-Product-Page-SK-_09-768x146.jpg 768w, https:\/\/wowtea.eu\/sk\/files\/2020\/08\/NEW-Bottle-Product-Page-SK-_09-600x114.jpg 600w\" sizes=\"(max-width: 931px) 100vw, 931px\" title=\"|\">\t\t\t\t\t\t\t\t\t\t\t\t\t\t<\/div>\n\t\t\t\t\t\t<\/div>\n\t\t\t\t<\/div>\n\t\t\t\t<div class=\"elementor-element elementor-element-37e51d0 elementor-widget elementor-widget-image\" data-id=\"37e51d0\" data-element_type=\"widget\" data-widget_type=\"image.default\">\n\t\t\t\t<div class=\"elementor-widget-container\">\n\t\t\t\t\t\t\t\t<div class=\"elementor-image\">\n\t\t\t\t\t\t\t\t\t\t\t\t<img width=\"501\" height=\"586\" src=\"https:\/\/wowtea.eu\/sk\/files\/2020\/08\/NEW-Bottle-Product-Page-SK-1_12.jpg\" class=\"attachment-large size-large wp-image-84858\" alt=\"|\" loading=\"lazy\" srcset=\"https:\/\/wowtea.eu\/sk\/files\/2020\/08\/NEW-Bottle-Product-Page-SK-1_12.jpg 501w, https:\/\/wowtea.eu\/sk\/files\/2020\/08\/NEW-Bottle-Product-Page-SK-1_12-256x300.jpg 256w\" sizes=\"(max-width: 501px) 100vw, 501px\" title=\"|\">\t\t\t\t\t\t\t\t\t\t\t\t\t\t<\/div>\n\t\t\t\t\t\t<\/div>\n\t\t\t\t<\/div>\n\t\t\t\t\t\t<\/div>\n\t\t\t\t\t<\/div>\n\t\t<\/div>\n\t\t\t\t\t\t\t\t<\/div>\n\t\t\t\t\t<\/div>\n\t\t<\/section>\n\t\t\t\t<section class=\"elementor-section elementor-top-section elementor-element elementor-element-6a2cf94 elementor-section-boxed elementor-section-height-default elementor-section-height-default\" data-id=\"6a2cf94\" data-element_type=\"section\">\n\t\t\t\t\t\t<div class=\"elementor-container elementor-column-gap-default\">\n\t\t\t\t\t\t\t<div class=\"elementor-row\">\n\t\t\t\t\t<div class=\"elementor-column elementor-col-100 elementor-top-column elementor-element elementor-element-a7f5208\" data-id=\"a7f5208\" data-element_type=\"column\">\n\t\t\t<div class=\"elementor-column-wrap elementor-element-populated\">\n\t\t\t\t\t\t\t<div class=\"elementor-widget-wrap\">\n\t\t\t\t\t\t<div class=\"elementor-element elementor-element-27494aa elementor-widget elementor-widget-image\" data-id=\"27494aa\" data-element_type=\"widget\" data-widget_type=\"image.default\">\n\t\t\t\t<div class=\"elementor-widget-container\">\n\t\t\t\t\t\t\t\t<div class=\"elementor-image\">\n\t\t\t\t\t\t\t\t\t\t\t\t<img width=\"730\" height=\"99\" src=\"https:\/\/wowtea.eu\/sk\/files\/2020\/08\/NEW-Bottle-Product-Page-SK-_16.jpg\" class=\"attachment-large size-large wp-image-84859\" alt=\"|\" loading=\"lazy\" srcset=\"https:\/\/wowtea.eu\/sk\/files\/2020\/08\/NEW-Bottle-Product-Page-SK-_16.jpg 730w, https:\/\/wowtea.eu\/sk\/files\/2020\/08\/NEW-Bottle-Product-Page-SK-_16-300x41.jpg 300w, https:\/\/wowtea.eu\/sk\/files\/2020\/08\/NEW-Bottle-Product-Page-SK-_16-600x81.jpg 600w\" sizes=\"(max-width: 730px) 100vw, 730px\" title=\"|\">\t\t\t\t\t\t\t\t\t\t\t\t\t\t<\/div>\n\t\t\t\t\t\t<\/div>\n\t\t\t\t<\/div>\n\t\t\t\t\t\t<\/div>\n\t\t\t\t\t<\/div>\n\t\t<\/div>\n\t\t\t\t\t\t\t\t<\/div>\n\t\t\t\t\t<\/div>\n\t\t<\/section>\n\t\t\t\t<section class=\"elementor-section elementor-top-section elementor-element elementor-element-0df8a70 elementor-section-boxed elementor-section-height-default elementor-section-height-default\" data-id=\"0df8a70\" data-element_type=\"section\">\n\t\t\t\t\t\t<div class=\"elementor-container elementor-column-gap-default\">\n\t\t\t\t\t\t\t<div class=\"elementor-row\">\n\t\t\t\t\t<div class=\"elementor-column elementor-col-33 elementor-top-column elementor-element elementor-element-bf643f4\" data-id=\"bf643f4\" data-element_type=\"column\">\n\t\t\t<div class=\"elementor-column-wrap elementor-element-populated\">\n\t\t\t\t\t\t\t<div class=\"elementor-widget-wrap\">\n\t\t\t\t\t\t<div class=\"elementor-element elementor-element-18f3897 elementor-widget elementor-widget-image\" data-id=\"18f3897\" data-element_type=\"widget\" data-widget_type=\"image.default\">\n\t\t\t\t<div class=\"elementor-widget-container\">\n\t\t\t\t\t\t\t\t<div class=\"elementor-image\">\n\t\t\t\t\t\t\t\t\t\t\t\t<img width=\"400\" height=\"400\" src=\"https:\/\/wowtea.eu\/sk\/files\/2020\/08\/easy-to-grip.jpg\" class=\"attachment-large size-large wp-image-72299\" alt=\"easy-to-grip\" loading=\"lazy\" srcset=\"https:\/\/wowtea.eu\/sk\/files\/2020\/08\/easy-to-grip.jpg 400w, https:\/\/wowtea.eu\/sk\/files\/2020\/08\/easy-to-grip-300x300.jpg 300w, https:\/\/wowtea.eu\/sk\/files\/2020\/08\/easy-to-grip-150x150.jpg 150w, https:\/\/wowtea.eu\/sk\/files\/2020\/08\/easy-to-grip-100x100.jpg 100w\" sizes=\"(max-width: 400px) 100vw, 400px\" title=\"|\">\t\t\t\t\t\t\t\t\t\t\t\t\t\t<\/div>\n\t\t\t\t\t\t<\/div>\n\t\t\t\t<\/div>\n\t\t\t\t<div class=\"elementor-element elementor-element-d5d2c2f elementor-widget elementor-widget-heading\" data-id=\"d5d2c2f\" data-element_type=\"widget\" data-widget_type=\"heading.default\">\n\t\t\t\t<div class=\"elementor-widget-container\">\n\t\t\t<span class=\"elementor-heading-title elementor-size-default\">\u013eahk\u00e9 uchopenie<\/span>\t\t<\/div>\n\t\t\t\t<\/div>\n\t\t\t\t\t\t<\/div>\n\t\t\t\t\t<\/div>\n\t\t<\/div>\n\t\t\t\t<div class=\"elementor-column elementor-col-33 elementor-top-column elementor-element elementor-element-0988e57\" data-id=\"0988e57\" data-element_type=\"column\">\n\t\t\t<div class=\"elementor-column-wrap elementor-element-populated\">\n\t\t\t\t\t\t\t<div class=\"elementor-widget-wrap\">\n\t\t\t\t\t\t<div class=\"elementor-element elementor-element-357cc8b elementor-widget elementor-widget-image\" data-id=\"357cc8b\" data-element_type=\"widget\" data-widget_type=\"image.default\">\n\t\t\t\t<div class=\"elementor-widget-container\">\n\t\t\t\t\t\t\t\t<div class=\"elementor-image\">\n\t\t\t\t\t\t\t\t\t\t\t\t<img width=\"400\" height=\"400\" src=\"https:\/\/wowtea.eu\/sk\/files\/2020\/08\/high-quality-glass.jpg\" class=\"attachment-large size-large wp-image-72300\" alt=\"high-quality-glass\" loading=\"lazy\" srcset=\"https:\/\/wowtea.eu\/sk\/files\/2020\/08\/high-quality-glass.jpg 400w, https:\/\/wowtea.eu\/sk\/files\/2020\/08\/high-quality-glass-300x300.jpg 300w, https:\/\/wowtea.eu\/sk\/files\/2020\/08\/high-quality-glass-150x150.jpg 150w, https:\/\/wowtea.eu\/sk\/files\/2020\/08\/high-quality-glass-100x100.jpg 100w\" sizes=\"(max-width: 400px) 100vw, 400px\" title=\"|\">\t\t\t\t\t\t\t\t\t\t\t\t\t\t<\/div>\n\t\t\t\t\t\t<\/div>\n\t\t\t\t<\/div>\n\t\t\t\t<div class=\"elementor-element elementor-element-72a1d32 elementor-widget elementor-widget-heading\" data-id=\"72a1d32\" data-element_type=\"widget\" data-widget_type=\"heading.default\">\n\t\t\t\t<div class=\"elementor-widget-container\">\n\t\t\t<span class=\"elementor-heading-title elementor-size-default\">Vysokokvalitn\u00e9 borosilik\u00e1tov\u00e9 sklo<\/span>\t\t<\/div>\n\t\t\t\t<\/div>\n\t\t\t\t\t\t<\/div>\n\t\t\t\t\t<\/div>\n\t\t<\/div>\n\t\t\t\t<div class=\"elementor-column elementor-col-33 elementor-top-column elementor-element elementor-element-8ada347\" data-id=\"8ada347\" data-element_type=\"column\">\n\t\t\t<div class=\"elementor-column-wrap elementor-element-populated\">\n\t\t\t\t\t\t\t<div class=\"elementor-widget-wrap\">\n\t\t\t\t\t\t<div class=\"elementor-element elementor-element-86a4660 elementor-widget elementor-widget-image\" data-id=\"86a4660\" data-element_type=\"widget\" data-widget_type=\"image.default\">\n\t\t\t\t<div class=\"elementor-widget-container\">\n\t\t\t\t\t\t\t\t<div class=\"elementor-image\">\n\t\t\t\t\t\t\t\t\t\t\t\t<img width=\"400\" height=\"400\" src=\"https:\/\/wowtea.eu\/sk\/files\/2020\/08\/easy-to-carry.jpg\" class=\"attachment-large size-large wp-image-72301\" alt=\"easy-to-carry\" loading=\"lazy\" srcset=\"https:\/\/wowtea.eu\/sk\/files\/2020\/08\/easy-to-carry.jpg 400w, https:\/\/wowtea.eu\/sk\/files\/2020\/08\/easy-to-carry-300x300.jpg 300w, https:\/\/wowtea.eu\/sk\/files\/2020\/08\/easy-to-carry-150x150.jpg 150w, https:\/\/wowtea.eu\/sk\/files\/2020\/08\/easy-to-carry-100x100.jpg 100w\" sizes=\"(max-width: 400px) 100vw, 400px\" title=\"|\">\t\t\t\t\t\t\t\t\t\t\t\t\t\t<\/div>\n\t\t\t\t\t\t<\/div>\n\t\t\t\t<\/div>\n\t\t\t\t<div class=\"elementor-element elementor-element-f134b11 elementor-widget elementor-widget-heading\" data-id=\"f134b11\" data-element_type=\"widget\" data-widget_type=\"heading.default\">\n\t\t\t\t<div class=\"elementor-widget-container\">\n\t\t\t<span class=\"elementor-heading-title elementor-size-default\">\u013eahk\u00e1 prenosnos\u0165<\/span>\t\t<\/div>\n\t\t\t\t<\/div>\n\t\t\t\t\t\t<\/div>\n\t\t\t\t\t<\/div>\n\t\t<\/div>\n\t\t\t\t\t\t\t\t<\/div>\n\t\t\t\t\t<\/div>\n\t\t<\/section>\n\t\t\t\t\t\t\t\t\t<\/div>\n\t\t\t<\/div>\n\t\t\t\t\t<\/div>\n\t\t","protected":false},"excerpt":{"rendered":"<ul class=\"check_list\">\n<li>\n<h4>Vysokokvalitn\u00e9 borosilik\u00e1tov\u00e9 sklo<\/h4>\n<p>Neobsahuje \u017eiadne zdraviu \u0161kodliv\u00e9 chemik\u00e1lie. Bisfenol A.<\/li>\n<li>\n<h4>Vysokokvalitn\u00fd d\u00e1vkova\u010d z nehrdzavej\u00facej ocele.<\/h4>\n<p>Vyberate\u013en\u00fd.<\/li>\n<li>\n<h4>Unik\u00e1tny dizajn, ktor\u00fd v\u00e1m pristane.<\/h4>\n<p>V\u00fdber farieb \u2013 \u010cIERNA a RU\u017dOV\u00c1.<\/li>\n<\/ul>\n","protected":false},"featured_media":87302,"comment_status":"open","ping_status":"closed","template":"","meta":{"inline_featured_image":false},"product_cat":[15],"product_tag":[83],"acf":[],"variations_data":[],"free_delivery":false,"currency_name":"&euro;","regular_price":"26.30","sale_price":"","price":"26.30","image":"https:\/\/wowtea.eu\/sk\/files\/2021\/03\/black_bottle.png","_links":{"self":[{"href":"https:\/\/wowtea.eu\/sk\/wp-json\/wp\/v2\/product\/72626"}],"collection":[{"href":"https:\/\/wowtea.eu\/sk\/wp-json\/wp\/v2\/product"}],"about":[{"href":"https:\/\/wowtea.eu\/sk\/wp-json\/wp\/v2\/types\/product"}],"replies":[{"embeddable":true,"href":"https:\/\/wowtea.eu\/sk\/wp-json\/wp\/v2\/comments?post=72626"}],"version-history":[{"count":1,"href":"https:\/\/wowtea.eu\/sk\/wp-json\/wp\/v2\/product\/72626\/revisions"}],"predecessor-version":[{"id":96843,"href":"https:\/\/wowtea.eu\/sk\/wp-json\/wp\/v2\/product\/72626\/revisions\/96843"}],"wp:featuredmedia":[{"embeddable":true,"href":"https:\/\/wowtea.eu\/sk\/wp-json\/wp\/v2\/media\/87302"}],"wp:attachment":[{"href":"https:\/\/wowtea.eu\/sk\/wp-json\/wp\/v2\/media?parent=72626"}],"wp:term":[{"taxonomy":"product_cat","embeddable":true,"href":"https:\/\/wowtea.eu\/sk\/wp-json\/wp\/v2\/product_cat?post=72626"},{"taxonomy":"product_tag","embeddable":true,"href":"https:\/\/wowtea.eu\/sk\/wp-json\/wp\/v2\/product_tag?post=72626"}],"curies":[{"name":"wp","href":"https:\/\/api.w.org\/{rel}","templated":true}]}}